





{"id":27494,"date":"2017-08-21T17:10:35","date_gmt":"2017-08-21T15:10:35","guid":{"rendered":"https:\/\/repliquemangacine.fr\/?post_type=product&#038;p=27494"},"modified":"2026-04-26T22:56:23","modified_gmt":"2026-04-26T20:56:23","slug":"henry-rifle-usa-civil-war-1860","status":"publish","type":"product","link":"https:\/\/repliquemangacine.fr\/en\/repliques-carabine-winchester-western\/fusil-henry-guerre-civile-usa-1860\/","title":{"rendered":"Henry rifle 1860 Civil War USA"},"content":{"rendered":"<h2>Henry 1860 rifle - Denix<\/h2>\n<p>To begin with, the <strong>Henry 1860 rifle<\/strong> is a Winchester rifle with its origins in the Volcanic repeating models of the 1850s.<\/p>\n<p>In 1861, Henry perfected breech loading, incorporating a 15-round magazine. He thus created the first barrelless repeating rifle, which would bear his name, the famous Henry rifle. It was an immediate success with cowboys and gold-diggers. In 1862, the first Henry models rolled off the production line.<\/p>\n<p>Widely used during the American Civil War and the Indian Wars. For Civil War soldiers, owning a Henry rifle was a source of great pride, even to the point of buying it with their own money.<\/p>\n<p>Finally, Hollywood has often put her on screen, including one of the most famous westerns.<\/p>\n<h2>Your Henry 1860 rifle at the best price.<\/h2>\n<p>We offer a wide selection of western gun reproductions.<\/p>\n<p>First and foremost,<\/p>\n<ul>\n<li>Visit <a href=\"https:\/\/repliquemangacine.fr\/en\/kolser-gun\/winchester-laiton-98cm-kolser\/\">Winchester rifle<\/a> with Kolser bullet ejection.<\/li>\n<li>There is also the <a href=\"https:\/\/repliquemangacine.fr\/en\/winchester-western-country-rifle\/ponds-leg-denix\/\">Mare's Leg<\/a> by Josh Randall.<\/li>\n<li>As well as the pistol rifle <a href=\"https:\/\/repliquemangacine.fr\/en\/winchester-western-country-rifle\/coach-gun-double-canons-coupe-usa-1868\/\">Coach Gun<\/a> short barrel.<\/li>\n<li>And many more to discover in our online store!<\/li>\n<\/ul>\n<p>That's why here are some great gift ideas for all Western fans.<\/p>\n<p>In conclusion, you can use the <strong>Henry 1860 rifle<\/strong> for your western performances. But above all, this reproduction is a collector's and decorative weapon.<\/p>\n<p>R\u00e9plique Manga Cin\u00e9 is a French family-owned company and official distributor <a href=\"https:\/\/www.denix.fr\/\" target=\"_blank\" rel=\"noopener noreferrer\">Denix<\/a>.<\/p>\n<h2>How are Denix replica weapons made?<\/h2>\n<p>Used in historical re-enactments, films, TV series and by collectors. Denix gun reproductions, made from high-quality materials. Carefully crafted and assembled to create realistic collector's weapons.<\/p>\n<ul>\n<li>The metals are in a metal alloy known as Zamac, whose basic composition is zinc in 95%.<\/li>\n<li>The plastic parts of the replicas are made of molded ABS, offering high resistance.<\/li>\n<li>Wood chosen for its beauty and durability, such as mahogany, olive or walnut, will give your butts and barrels an elegant, authentic appearance.<\/li>\n<\/ul>\n<p>Please note that all Denix reproductions are identical to the originals, like your <strong>Henry 1860 rifle<\/strong>.<\/p>","protected":false},"excerpt":{"rendered":"<p>Henry calibre 44 model 1860 rifle<\/p>\n<ul>\n<li>Solid wood stock.<\/li>\n<li>Octagonal barrel in zamac.<\/li>\n<li>Metal underguard lever.<\/li>\n<li>Gilded metal breech box.<\/li>\n<li>Guns and strikes.<\/li>\n<li>Unfit for shooting.<\/li>\n<li>No authorization required. Free sale and possession.<\/li>\n<li>Dimensions: 111 cm - Weight: 2780 g<\/li>\n<\/ul>","protected":false},"featured_media":27495,"template":"","meta":[],"product_brand":[896],"product_cat":[34,86,39,102,28,101,27],"product_tag":[],"class_list":{"0":"post-27494","1":"product","2":"type-product","3":"status-publish","4":"has-post-thumbnail","6":"product_brand-replique-manga-cine","7":"product_cat-armes-westerns","8":"product_cat-repliques-carabine-winchester-western","9":"product_cat-carabine-winchester","10":"product_cat-denix","11":"product_cat-repliques-darmes","12":"product_cat-soldes","13":"product_cat-armes-et-accessoires-western","15":"first","16":"instock","17":"sale","18":"taxable","19":"shipping-taxable","20":"purchasable","21":"product-type-simple"},"yoast_head":"<!-- This site is optimized with the Yoast SEO plugin v27.5 - https:\/\/yoast.com\/product\/yoast-seo-wordpress\/ -->\n<title>Fusil Henry 1860 - Vente Winchester Denix - R\u00e9plique Manga Cin\u00e9<\/title>\n<meta name=\"description\" content=\"Offrez-vous ! Ce Fusil Henry 1860 sign\u00e9 Denix au meilleur prix - Canon octogonal en acier - Crosse en bois - M\u00e9canisme fonctionnel - Longueur : 111 cm\" \/>\n<meta name=\"robots\" content=\"index, follow, max-snippet:-1, max-image-preview:large, max-video-preview:-1\" \/>\n<link rel=\"canonical\" href=\"https:\/\/repliquemangacine.fr\/en\/denix\/henry-rifle-usa-civil-war-1860\/\" \/>\n<meta property=\"og:locale\" content=\"en_US\" \/>\n<meta property=\"og:type\" content=\"article\" \/>\n<meta property=\"og:title\" content=\"Fusil Henry 1860 - Vente Winchester Denix - R\u00e9plique Manga Cin\u00e9\" \/>\n<meta property=\"og:description\" content=\"Offrez-vous ! Ce Fusil Henry 1860 sign\u00e9 Denix au meilleur prix - Canon octogonal en acier - Crosse en bois - M\u00e9canisme fonctionnel - Longueur : 111 cm\" \/>\n<meta property=\"og:url\" content=\"https:\/\/repliquemangacine.fr\/en\/denix\/henry-rifle-usa-civil-war-1860\/\" \/>\n<meta property=\"og:site_name\" content=\"R\u00e9plique Manga Cin\u00e9\" \/>\n<meta property=\"article:publisher\" content=\"https:\/\/www.facebook.com\/RepliqueMangaCine\" \/>\n<meta property=\"article:modified_time\" content=\"2026-04-26T20:56:23+00:00\" \/>\n<meta property=\"og:image\" content=\"https:\/\/repliquemangacine.fr\/wp-content\/uploads\/2023\/10\/2282-Fusil-Henry-Guerre-civile-USA-1860.jpg\" \/>\n\t<meta property=\"og:image:width\" content=\"600\" \/>\n\t<meta property=\"og:image:height\" content=\"600\" \/>\n\t<meta property=\"og:image:type\" content=\"image\/jpeg\" \/>\n<meta name=\"twitter:card\" content=\"summary_large_image\" \/>\n<meta name=\"twitter:label1\" content=\"Est. reading time\" \/>\n\t<meta name=\"twitter:data1\" content=\"2 minutes\" \/>\n<script type=\"application\/ld+json\" class=\"yoast-schema-graph\">{\"@context\":\"https:\\\/\\\/schema.org\",\"@graph\":[{\"@type\":\"WebPage\",\"@id\":\"https:\\\/\\\/repliquemangacine.fr\\\/denix\\\/fusil-henry-guerre-civile-usa-1860\\\/\",\"url\":\"https:\\\/\\\/repliquemangacine.fr\\\/denix\\\/fusil-henry-guerre-civile-usa-1860\\\/\",\"name\":\"Fusil Henry 1860 - Vente Winchester Denix - R\u00e9plique Manga Cin\u00e9\",\"isPartOf\":{\"@id\":\"https:\\\/\\\/repliquemangacine.fr\\\/#website\"},\"primaryImageOfPage\":{\"@id\":\"https:\\\/\\\/repliquemangacine.fr\\\/denix\\\/fusil-henry-guerre-civile-usa-1860\\\/#primaryimage\"},\"image\":{\"@id\":\"https:\\\/\\\/repliquemangacine.fr\\\/denix\\\/fusil-henry-guerre-civile-usa-1860\\\/#primaryimage\"},\"thumbnailUrl\":\"https:\\\/\\\/repliquemangacine.fr\\\/wp-content\\\/uploads\\\/2023\\\/10\\\/2282-Fusil-Henry-Guerre-civile-USA-1860.jpg\",\"datePublished\":\"2017-08-21T15:10:35+00:00\",\"dateModified\":\"2026-04-26T20:56:23+00:00\",\"description\":\"Offrez-vous ! Ce Fusil Henry 1860 sign\u00e9 Denix au meilleur prix - Canon octogonal en acier - Crosse en bois - M\u00e9canisme fonctionnel - Longueur : 111 cm\",\"breadcrumb\":{\"@id\":\"https:\\\/\\\/repliquemangacine.fr\\\/denix\\\/fusil-henry-guerre-civile-usa-1860\\\/#breadcrumb\"},\"inLanguage\":\"en-US\",\"potentialAction\":[{\"@type\":\"ReadAction\",\"target\":[\"https:\\\/\\\/repliquemangacine.fr\\\/denix\\\/fusil-henry-guerre-civile-usa-1860\\\/\"]}]},{\"@type\":\"ImageObject\",\"inLanguage\":\"en-US\",\"@id\":\"https:\\\/\\\/repliquemangacine.fr\\\/denix\\\/fusil-henry-guerre-civile-usa-1860\\\/#primaryimage\",\"url\":\"https:\\\/\\\/repliquemangacine.fr\\\/wp-content\\\/uploads\\\/2023\\\/10\\\/2282-Fusil-Henry-Guerre-civile-USA-1860.jpg\",\"contentUrl\":\"https:\\\/\\\/repliquemangacine.fr\\\/wp-content\\\/uploads\\\/2023\\\/10\\\/2282-Fusil-Henry-Guerre-civile-USA-1860.jpg\",\"width\":600,\"height\":600,\"caption\":\"Fusil Henry 1860\"},{\"@type\":\"BreadcrumbList\",\"@id\":\"https:\\\/\\\/repliquemangacine.fr\\\/denix\\\/fusil-henry-guerre-civile-usa-1860\\\/#breadcrumb\",\"itemListElement\":[{\"@type\":\"ListItem\",\"position\":1,\"name\":\"Accueil\",\"item\":\"https:\\\/\\\/repliquemangacine.fr\\\/\"},{\"@type\":\"ListItem\",\"position\":2,\"name\":\"Produits\",\"item\":\"https:\\\/\\\/repliquemangacine.fr\\\/boutique\\\/\"},{\"@type\":\"ListItem\",\"position\":3,\"name\":\"Fusil Henry 1860 Guerre civile USA\"}]},{\"@type\":\"WebSite\",\"@id\":\"https:\\\/\\\/repliquemangacine.fr\\\/#website\",\"url\":\"https:\\\/\\\/repliquemangacine.fr\\\/\",\"name\":\"R\u00e9plique Manga Cin\u00e9\",\"description\":\"\",\"publisher\":{\"@id\":\"https:\\\/\\\/repliquemangacine.fr\\\/#organization\"},\"potentialAction\":[{\"@type\":\"SearchAction\",\"target\":{\"@type\":\"EntryPoint\",\"urlTemplate\":\"https:\\\/\\\/repliquemangacine.fr\\\/?s={search_term_string}\"},\"query-input\":{\"@type\":\"PropertyValueSpecification\",\"valueRequired\":true,\"valueName\":\"search_term_string\"}}],\"inLanguage\":\"en-US\"},{\"@type\":\"Organization\",\"@id\":\"https:\\\/\\\/repliquemangacine.fr\\\/#organization\",\"name\":\"R\u00e9plique Manga Cin\u00e9\",\"url\":\"https:\\\/\\\/repliquemangacine.fr\\\/\",\"logo\":{\"@type\":\"ImageObject\",\"inLanguage\":\"en-US\",\"@id\":\"https:\\\/\\\/repliquemangacine.fr\\\/#\\\/schema\\\/logo\\\/image\\\/\",\"url\":\"https:\\\/\\\/repliquemangacine.fr\\\/wp-content\\\/uploads\\\/2023\\\/10\\\/RMC-500250.png\",\"contentUrl\":\"https:\\\/\\\/repliquemangacine.fr\\\/wp-content\\\/uploads\\\/2023\\\/10\\\/RMC-500250.png\",\"width\":500,\"height\":250,\"caption\":\"R\u00e9plique Manga Cin\u00e9\"},\"image\":{\"@id\":\"https:\\\/\\\/repliquemangacine.fr\\\/#\\\/schema\\\/logo\\\/image\\\/\"},\"sameAs\":[\"https:\\\/\\\/www.facebook.com\\\/RepliqueMangaCine\",\"https:\\\/\\\/www.instagram.com\\\/repliquemangacine.fr\\\/\"]}]}<\/script>\n<!-- \/ Yoast SEO plugin. -->","yoast_head_json":{"title":"Henry 1860 rifle - Winchester Denix sale - R\u00e9plique Manga Cin\u00e9","description":"Treat yourself! This Henry 1860 rifle by Denix at the best price - Octagonal steel barrel - Wooden stock - Functional mechanism - Length: 111 cm","robots":{"index":"index","follow":"follow","max-snippet":"max-snippet:-1","max-image-preview":"max-image-preview:large","max-video-preview":"max-video-preview:-1"},"canonical":"https:\/\/repliquemangacine.fr\/en\/denix\/henry-rifle-usa-civil-war-1860\/","og_locale":"en_US","og_type":"article","og_title":"Fusil Henry 1860 - Vente Winchester Denix - R\u00e9plique Manga Cin\u00e9","og_description":"Offrez-vous ! Ce Fusil Henry 1860 sign\u00e9 Denix au meilleur prix - Canon octogonal en acier - Crosse en bois - M\u00e9canisme fonctionnel - Longueur : 111 cm","og_url":"https:\/\/repliquemangacine.fr\/en\/denix\/henry-rifle-usa-civil-war-1860\/","og_site_name":"R\u00e9plique Manga Cin\u00e9","article_publisher":"https:\/\/www.facebook.com\/RepliqueMangaCine","article_modified_time":"2026-04-26T20:56:23+00:00","og_image":[{"width":600,"height":600,"url":"https:\/\/repliquemangacine.fr\/wp-content\/uploads\/2023\/10\/2282-Fusil-Henry-Guerre-civile-USA-1860.jpg","type":"image\/jpeg"}],"twitter_card":"summary_large_image","twitter_misc":{"Est. reading time":"2 minutes"},"schema":{"@context":"https:\/\/schema.org","@graph":[{"@type":"WebPage","@id":"https:\/\/repliquemangacine.fr\/denix\/fusil-henry-guerre-civile-usa-1860\/","url":"https:\/\/repliquemangacine.fr\/denix\/fusil-henry-guerre-civile-usa-1860\/","name":"Henry 1860 rifle - Winchester Denix sale - R\u00e9plique Manga Cin\u00e9","isPartOf":{"@id":"https:\/\/repliquemangacine.fr\/#website"},"primaryImageOfPage":{"@id":"https:\/\/repliquemangacine.fr\/denix\/fusil-henry-guerre-civile-usa-1860\/#primaryimage"},"image":{"@id":"https:\/\/repliquemangacine.fr\/denix\/fusil-henry-guerre-civile-usa-1860\/#primaryimage"},"thumbnailUrl":"https:\/\/repliquemangacine.fr\/wp-content\/uploads\/2023\/10\/2282-Fusil-Henry-Guerre-civile-USA-1860.jpg","datePublished":"2017-08-21T15:10:35+00:00","dateModified":"2026-04-26T20:56:23+00:00","description":"Treat yourself! This Henry 1860 rifle by Denix at the best price - Octagonal steel barrel - Wooden stock - Functional mechanism - Length: 111 cm","breadcrumb":{"@id":"https:\/\/repliquemangacine.fr\/denix\/fusil-henry-guerre-civile-usa-1860\/#breadcrumb"},"inLanguage":"en-US","potentialAction":[{"@type":"ReadAction","target":["https:\/\/repliquemangacine.fr\/denix\/fusil-henry-guerre-civile-usa-1860\/"]}]},{"@type":"ImageObject","inLanguage":"en-US","@id":"https:\/\/repliquemangacine.fr\/denix\/fusil-henry-guerre-civile-usa-1860\/#primaryimage","url":"https:\/\/repliquemangacine.fr\/wp-content\/uploads\/2023\/10\/2282-Fusil-Henry-Guerre-civile-USA-1860.jpg","contentUrl":"https:\/\/repliquemangacine.fr\/wp-content\/uploads\/2023\/10\/2282-Fusil-Henry-Guerre-civile-USA-1860.jpg","width":600,"height":600,"caption":"Fusil Henry 1860"},{"@type":"BreadcrumbList","@id":"https:\/\/repliquemangacine.fr\/denix\/fusil-henry-guerre-civile-usa-1860\/#breadcrumb","itemListElement":[{"@type":"ListItem","position":1,"name":"Accueil","item":"https:\/\/repliquemangacine.fr\/"},{"@type":"ListItem","position":2,"name":"Produits","item":"https:\/\/repliquemangacine.fr\/boutique\/"},{"@type":"ListItem","position":3,"name":"Fusil Henry 1860 Guerre civile USA"}]},{"@type":"WebSite","@id":"https:\/\/repliquemangacine.fr\/#website","url":"https:\/\/repliquemangacine.fr\/","name":"R\u00e9plique Manga Cin\u00e9","description":"","publisher":{"@id":"https:\/\/repliquemangacine.fr\/#organization"},"potentialAction":[{"@type":"SearchAction","target":{"@type":"EntryPoint","urlTemplate":"https:\/\/repliquemangacine.fr\/?s={search_term_string}"},"query-input":{"@type":"PropertyValueSpecification","valueRequired":true,"valueName":"search_term_string"}}],"inLanguage":"en-US"},{"@type":"Organization","@id":"https:\/\/repliquemangacine.fr\/#organization","name":"R\u00e9plique Manga Cin\u00e9","url":"https:\/\/repliquemangacine.fr\/","logo":{"@type":"ImageObject","inLanguage":"en-US","@id":"https:\/\/repliquemangacine.fr\/#\/schema\/logo\/image\/","url":"https:\/\/repliquemangacine.fr\/wp-content\/uploads\/2023\/10\/RMC-500250.png","contentUrl":"https:\/\/repliquemangacine.fr\/wp-content\/uploads\/2023\/10\/RMC-500250.png","width":500,"height":250,"caption":"R\u00e9plique Manga Cin\u00e9"},"image":{"@id":"https:\/\/repliquemangacine.fr\/#\/schema\/logo\/image\/"},"sameAs":["https:\/\/www.facebook.com\/RepliqueMangaCine","https:\/\/www.instagram.com\/repliquemangacine.fr\/"]}]}},"_links":{"self":[{"href":"https:\/\/repliquemangacine.fr\/en\/wp-json\/wp\/v2\/product\/27494","targetHints":{"allow":["GET"]}}],"collection":[{"href":"https:\/\/repliquemangacine.fr\/en\/wp-json\/wp\/v2\/product"}],"about":[{"href":"https:\/\/repliquemangacine.fr\/en\/wp-json\/wp\/v2\/types\/product"}],"wp:featuredmedia":[{"embeddable":true,"href":"https:\/\/repliquemangacine.fr\/en\/wp-json\/wp\/v2\/media\/27495"}],"wp:attachment":[{"href":"https:\/\/repliquemangacine.fr\/en\/wp-json\/wp\/v2\/media?parent=27494"}],"wp:term":[{"taxonomy":"product_brand","embeddable":true,"href":"https:\/\/repliquemangacine.fr\/en\/wp-json\/wp\/v2\/product_brand?post=27494"},{"taxonomy":"product_cat","embeddable":true,"href":"https:\/\/repliquemangacine.fr\/en\/wp-json\/wp\/v2\/product_cat?post=27494"},{"taxonomy":"product_tag","embeddable":true,"href":"https:\/\/repliquemangacine.fr\/en\/wp-json\/wp\/v2\/product_tag?post=27494"}],"curies":[{"name":"wp","href":"https:\/\/api.w.org\/{rel}","templated":true}]}}