





{"id":27445,"date":"2017-08-02T15:38:44","date_gmt":"2017-08-02T13:38:44","guid":{"rendered":"https:\/\/repliquemangacine.fr\/?post_type=product&#038;p=27445"},"modified":"2025-09-23T18:01:56","modified_gmt":"2025-09-23T16:01:56","slug":"black-jules-cesar-sword","status":"publish","type":"product","link":"https:\/\/repliquemangacine.fr\/en\/epees-glaives-antique\/glaive-jules-cesar-noir\/","title":{"rendered":"Julius Caesar black sword"},"content":{"rendered":"<h2>Julius Caesar black sword<\/h2>\n<p>To begin with, the <strong>Julius Caesar Glaive<\/strong>called \"gladius\", he gave his name to the \"gladiatores\", literally meaning \"armed with a sword\".<\/p>\n<p>When you think of the Roman world, one word inevitably springs to mind - Julius Caesar. Clearly, this word means no small thing - on the contrary. Julius Caesar was a great Roman conqueror, and it's mainly for this reason that he's so well known.<\/p>\n<p><a href=\"https:\/\/www.histoire-pour-tous.fr\/biographies\/2969-la-biographie-de-jules-cesar-101-44-av-jc.html\" target=\"_blank\" rel=\"noopener noreferrer\">Julius Caesar<\/a>Roman Emperor, he defeated Vercingetorix and conquered Gaul. Known for his many quotations, the most famous being: I came, I saw and I conquered (Vini vidi vici).<\/p>\n<p>When conquering Gaul or Italy, the emperor led his armies with swords in fist.<\/p>\n<h2>Your Julius Caesar Glaive at the best price.<\/h2>\n<p>We offer a wide selection of swords and helmets from the Antique period.<\/p>\n<p>First and foremost,<\/p>\n<ul>\n<li>Visit <a href=\"https:\/\/repliquemangacine.fr\/en\/antique-sword-swords\/fulham-roman-sword\/\">Fulham Roman sword<\/a> with brass plates on the scabbard.<\/li>\n<li>There is also a replica of the<a href=\"https:\/\/repliquemangacine.fr\/en\/antique-sword-swords\/feltwell-sword\/\">Fetwell's sword<\/a>found in a Roman villa in 1961.<\/li>\n<li>As well as the <a href=\"https:\/\/repliquemangacine.fr\/en\/antique-sword-swords\/glaive-romain-noir\/\">Gladiator Glaive<\/a> inspired by the film.<\/li>\n<li>And many more to discover in our online store!<\/li>\n<\/ul>\n<p>That's why we've come up with some superb gift ideas for all those who love antiquity.<\/p>\n<p>In conclusion, you can use this <strong>Julius Caesar Glaive<\/strong> for your historical re-enactments or themed evenings. But above all, it's a collector's item and a decoration.<\/p>\n<h2>How to maintain the blade of your antique sword?<\/h2>\n<p>Collector's and decorative swords are made and assembled in a simplified way. As their use is decorative, they lack the safety features required of a Japanese sword intended for training.<\/p>\n<p>However, your <strong>Julius Caesar Glaive<\/strong> to a steel blade that needs to be cared for to avoid damage over time. In fact, when you display your katana, your friends will be curious to see and touch the blade. This is where you need to be careful, as the acidity of your fingers is very harmful to steel, whatever its quality.<\/p>\n<p>However, if this does happen, don't panic - all you need is a cloth dampened with a little oil and a wipe of fingerprints. By doing so, you'll keep your sword looking its best for a very long time.<\/p>","protected":false},"excerpt":{"rendered":"<p>Inspired by the original, the Roman sword of Julius Caesars.<\/p>\n<ul>\n<li>Blade in aged steel with grooves.<\/li>\n<li>Engraved metal hilt, grip and pommel.<\/li>\n<li>Black imitation leather sheath.<\/li>\n<li>Decorative metal plaques with Roman scene and Julius Caesar.<\/li>\n<li>Total length: 74 cm - Weight: 2545 grs<\/li>\n<\/ul>","protected":false},"featured_media":27446,"template":"","meta":[],"product_brand":[896],"product_cat":[31,25,73],"product_tag":[],"class_list":{"0":"post-27445","1":"product","2":"type-product","3":"status-publish","4":"has-post-thumbnail","6":"product_brand-replique-manga-cine","7":"product_cat-armes-antiques","8":"product_cat-armes-historiques","9":"product_cat-epees-glaives-antique","11":"first","12":"instock","13":"taxable","14":"shipping-taxable","15":"purchasable","16":"product-type-simple"},"yoast_head":"<!-- This site is optimized with the Yoast SEO plugin v27.5 - https:\/\/yoast.com\/product\/yoast-seo-wordpress\/ -->\n<title>Glaive Jules C\u00e9sar - Vente \u00e9p\u00e9e et Antique - R\u00e9plique Manga Cin\u00e9<\/title>\n<meta name=\"description\" content=\"Offrez-vous ce Glaive Jules C\u00e9sar noir au meilleur prix - Lame en acier - Fourreau similicuir d\u00e9cor\u00e9 - Longueur totale : 74 cm - Fabriqu\u00e9 par Denix\" \/>\n<meta name=\"robots\" content=\"index, follow, max-snippet:-1, max-image-preview:large, max-video-preview:-1\" \/>\n<link rel=\"canonical\" href=\"https:\/\/repliquemangacine.fr\/en\/antique-sword-swords\/black-jules-cesar-sword\/\" \/>\n<meta property=\"og:locale\" content=\"en_US\" \/>\n<meta property=\"og:type\" content=\"article\" \/>\n<meta property=\"og:title\" content=\"Glaive Jules C\u00e9sar - Vente \u00e9p\u00e9e et Antique - R\u00e9plique Manga Cin\u00e9\" \/>\n<meta property=\"og:description\" content=\"Offrez-vous ce Glaive Jules C\u00e9sar noir au meilleur prix - Lame en acier - Fourreau similicuir d\u00e9cor\u00e9 - Longueur totale : 74 cm - Fabriqu\u00e9 par Denix\" \/>\n<meta property=\"og:url\" content=\"https:\/\/repliquemangacine.fr\/en\/antique-sword-swords\/black-jules-cesar-sword\/\" \/>\n<meta property=\"og:site_name\" content=\"R\u00e9plique Manga Cin\u00e9\" \/>\n<meta property=\"article:publisher\" content=\"https:\/\/www.facebook.com\/RepliqueMangaCine\" \/>\n<meta property=\"article:modified_time\" content=\"2025-09-23T16:01:56+00:00\" \/>\n<meta property=\"og:image\" content=\"https:\/\/repliquemangacine.fr\/wp-content\/uploads\/2023\/10\/2239-Glaive-Romain-Epee-Jules-Cesar-Noire.jpg\" \/>\n\t<meta property=\"og:image:width\" content=\"600\" \/>\n\t<meta property=\"og:image:height\" content=\"600\" \/>\n\t<meta property=\"og:image:type\" content=\"image\/jpeg\" \/>\n<meta name=\"twitter:card\" content=\"summary_large_image\" \/>\n<meta name=\"twitter:label1\" content=\"Est. reading time\" \/>\n\t<meta name=\"twitter:data1\" content=\"2 minutes\" \/>\n<script type=\"application\/ld+json\" class=\"yoast-schema-graph\">{\"@context\":\"https:\\\/\\\/schema.org\",\"@graph\":[{\"@type\":\"WebPage\",\"@id\":\"https:\\\/\\\/repliquemangacine.fr\\\/epees-glaives-antique\\\/glaive-jules-cesar-noir\\\/\",\"url\":\"https:\\\/\\\/repliquemangacine.fr\\\/epees-glaives-antique\\\/glaive-jules-cesar-noir\\\/\",\"name\":\"Glaive Jules C\u00e9sar - Vente \u00e9p\u00e9e et Antique - R\u00e9plique Manga Cin\u00e9\",\"isPartOf\":{\"@id\":\"https:\\\/\\\/repliquemangacine.fr\\\/#website\"},\"primaryImageOfPage\":{\"@id\":\"https:\\\/\\\/repliquemangacine.fr\\\/epees-glaives-antique\\\/glaive-jules-cesar-noir\\\/#primaryimage\"},\"image\":{\"@id\":\"https:\\\/\\\/repliquemangacine.fr\\\/epees-glaives-antique\\\/glaive-jules-cesar-noir\\\/#primaryimage\"},\"thumbnailUrl\":\"https:\\\/\\\/repliquemangacine.fr\\\/wp-content\\\/uploads\\\/2023\\\/10\\\/2239-Glaive-Romain-Epee-Jules-Cesar-Noire.jpg\",\"datePublished\":\"2017-08-02T13:38:44+00:00\",\"dateModified\":\"2025-09-23T16:01:56+00:00\",\"description\":\"Offrez-vous ce Glaive Jules C\u00e9sar noir au meilleur prix - Lame en acier - Fourreau similicuir d\u00e9cor\u00e9 - Longueur totale : 74 cm - Fabriqu\u00e9 par Denix\",\"breadcrumb\":{\"@id\":\"https:\\\/\\\/repliquemangacine.fr\\\/epees-glaives-antique\\\/glaive-jules-cesar-noir\\\/#breadcrumb\"},\"inLanguage\":\"en-US\",\"potentialAction\":[{\"@type\":\"ReadAction\",\"target\":[\"https:\\\/\\\/repliquemangacine.fr\\\/epees-glaives-antique\\\/glaive-jules-cesar-noir\\\/\"]}]},{\"@type\":\"ImageObject\",\"inLanguage\":\"en-US\",\"@id\":\"https:\\\/\\\/repliquemangacine.fr\\\/epees-glaives-antique\\\/glaive-jules-cesar-noir\\\/#primaryimage\",\"url\":\"https:\\\/\\\/repliquemangacine.fr\\\/wp-content\\\/uploads\\\/2023\\\/10\\\/2239-Glaive-Romain-Epee-Jules-Cesar-Noire.jpg\",\"contentUrl\":\"https:\\\/\\\/repliquemangacine.fr\\\/wp-content\\\/uploads\\\/2023\\\/10\\\/2239-Glaive-Romain-Epee-Jules-Cesar-Noire.jpg\",\"width\":600,\"height\":600,\"caption\":\"Glaive Romain- Ep\u00e9e Jules Cesar Noire\"},{\"@type\":\"BreadcrumbList\",\"@id\":\"https:\\\/\\\/repliquemangacine.fr\\\/epees-glaives-antique\\\/glaive-jules-cesar-noir\\\/#breadcrumb\",\"itemListElement\":[{\"@type\":\"ListItem\",\"position\":1,\"name\":\"Accueil\",\"item\":\"https:\\\/\\\/repliquemangacine.fr\\\/\"},{\"@type\":\"ListItem\",\"position\":2,\"name\":\"Produits\",\"item\":\"https:\\\/\\\/repliquemangacine.fr\\\/boutique\\\/\"},{\"@type\":\"ListItem\",\"position\":3,\"name\":\"Glaive Jules C\u00e9sar noir\"}]},{\"@type\":\"WebSite\",\"@id\":\"https:\\\/\\\/repliquemangacine.fr\\\/#website\",\"url\":\"https:\\\/\\\/repliquemangacine.fr\\\/\",\"name\":\"R\u00e9plique Manga Cin\u00e9\",\"description\":\"\",\"publisher\":{\"@id\":\"https:\\\/\\\/repliquemangacine.fr\\\/#organization\"},\"potentialAction\":[{\"@type\":\"SearchAction\",\"target\":{\"@type\":\"EntryPoint\",\"urlTemplate\":\"https:\\\/\\\/repliquemangacine.fr\\\/?s={search_term_string}\"},\"query-input\":{\"@type\":\"PropertyValueSpecification\",\"valueRequired\":true,\"valueName\":\"search_term_string\"}}],\"inLanguage\":\"en-US\"},{\"@type\":\"Organization\",\"@id\":\"https:\\\/\\\/repliquemangacine.fr\\\/#organization\",\"name\":\"R\u00e9plique Manga Cin\u00e9\",\"url\":\"https:\\\/\\\/repliquemangacine.fr\\\/\",\"logo\":{\"@type\":\"ImageObject\",\"inLanguage\":\"en-US\",\"@id\":\"https:\\\/\\\/repliquemangacine.fr\\\/#\\\/schema\\\/logo\\\/image\\\/\",\"url\":\"https:\\\/\\\/repliquemangacine.fr\\\/wp-content\\\/uploads\\\/2023\\\/10\\\/RMC-500250.png\",\"contentUrl\":\"https:\\\/\\\/repliquemangacine.fr\\\/wp-content\\\/uploads\\\/2023\\\/10\\\/RMC-500250.png\",\"width\":500,\"height\":250,\"caption\":\"R\u00e9plique Manga Cin\u00e9\"},\"image\":{\"@id\":\"https:\\\/\\\/repliquemangacine.fr\\\/#\\\/schema\\\/logo\\\/image\\\/\"},\"sameAs\":[\"https:\\\/\\\/www.facebook.com\\\/RepliqueMangaCine\",\"https:\\\/\\\/www.instagram.com\\\/repliquemangacine.fr\\\/\"]}]}<\/script>\n<!-- \/ Yoast SEO plugin. -->","yoast_head_json":{"title":"Julius Caesar Glaive - Sword and Antique Sale - R\u00e9plique Manga Cin\u00e9","description":"Treat yourself to this black Julius Caesar Glaive at the best price - Steel blade - Decorated imitation leather sheath - Total length: 74 cm - Made by Denix","robots":{"index":"index","follow":"follow","max-snippet":"max-snippet:-1","max-image-preview":"max-image-preview:large","max-video-preview":"max-video-preview:-1"},"canonical":"https:\/\/repliquemangacine.fr\/en\/antique-sword-swords\/black-jules-cesar-sword\/","og_locale":"en_US","og_type":"article","og_title":"Glaive Jules C\u00e9sar - Vente \u00e9p\u00e9e et Antique - R\u00e9plique Manga Cin\u00e9","og_description":"Offrez-vous ce Glaive Jules C\u00e9sar noir au meilleur prix - Lame en acier - Fourreau similicuir d\u00e9cor\u00e9 - Longueur totale : 74 cm - Fabriqu\u00e9 par Denix","og_url":"https:\/\/repliquemangacine.fr\/en\/antique-sword-swords\/black-jules-cesar-sword\/","og_site_name":"R\u00e9plique Manga Cin\u00e9","article_publisher":"https:\/\/www.facebook.com\/RepliqueMangaCine","article_modified_time":"2025-09-23T16:01:56+00:00","og_image":[{"width":600,"height":600,"url":"https:\/\/repliquemangacine.fr\/wp-content\/uploads\/2023\/10\/2239-Glaive-Romain-Epee-Jules-Cesar-Noire.jpg","type":"image\/jpeg"}],"twitter_card":"summary_large_image","twitter_misc":{"Est. reading time":"2 minutes"},"schema":{"@context":"https:\/\/schema.org","@graph":[{"@type":"WebPage","@id":"https:\/\/repliquemangacine.fr\/epees-glaives-antique\/glaive-jules-cesar-noir\/","url":"https:\/\/repliquemangacine.fr\/epees-glaives-antique\/glaive-jules-cesar-noir\/","name":"Julius Caesar Glaive - Sword and Antique Sale - R\u00e9plique Manga Cin\u00e9","isPartOf":{"@id":"https:\/\/repliquemangacine.fr\/#website"},"primaryImageOfPage":{"@id":"https:\/\/repliquemangacine.fr\/epees-glaives-antique\/glaive-jules-cesar-noir\/#primaryimage"},"image":{"@id":"https:\/\/repliquemangacine.fr\/epees-glaives-antique\/glaive-jules-cesar-noir\/#primaryimage"},"thumbnailUrl":"https:\/\/repliquemangacine.fr\/wp-content\/uploads\/2023\/10\/2239-Glaive-Romain-Epee-Jules-Cesar-Noire.jpg","datePublished":"2017-08-02T13:38:44+00:00","dateModified":"2025-09-23T16:01:56+00:00","description":"Treat yourself to this black Julius Caesar Glaive at the best price - Steel blade - Decorated imitation leather sheath - Total length: 74 cm - Made by Denix","breadcrumb":{"@id":"https:\/\/repliquemangacine.fr\/epees-glaives-antique\/glaive-jules-cesar-noir\/#breadcrumb"},"inLanguage":"en-US","potentialAction":[{"@type":"ReadAction","target":["https:\/\/repliquemangacine.fr\/epees-glaives-antique\/glaive-jules-cesar-noir\/"]}]},{"@type":"ImageObject","inLanguage":"en-US","@id":"https:\/\/repliquemangacine.fr\/epees-glaives-antique\/glaive-jules-cesar-noir\/#primaryimage","url":"https:\/\/repliquemangacine.fr\/wp-content\/uploads\/2023\/10\/2239-Glaive-Romain-Epee-Jules-Cesar-Noire.jpg","contentUrl":"https:\/\/repliquemangacine.fr\/wp-content\/uploads\/2023\/10\/2239-Glaive-Romain-Epee-Jules-Cesar-Noire.jpg","width":600,"height":600,"caption":"Glaive Romain- Ep\u00e9e Jules Cesar Noire"},{"@type":"BreadcrumbList","@id":"https:\/\/repliquemangacine.fr\/epees-glaives-antique\/glaive-jules-cesar-noir\/#breadcrumb","itemListElement":[{"@type":"ListItem","position":1,"name":"Accueil","item":"https:\/\/repliquemangacine.fr\/"},{"@type":"ListItem","position":2,"name":"Produits","item":"https:\/\/repliquemangacine.fr\/boutique\/"},{"@type":"ListItem","position":3,"name":"Glaive Jules C\u00e9sar noir"}]},{"@type":"WebSite","@id":"https:\/\/repliquemangacine.fr\/#website","url":"https:\/\/repliquemangacine.fr\/","name":"R\u00e9plique Manga Cin\u00e9","description":"","publisher":{"@id":"https:\/\/repliquemangacine.fr\/#organization"},"potentialAction":[{"@type":"SearchAction","target":{"@type":"EntryPoint","urlTemplate":"https:\/\/repliquemangacine.fr\/?s={search_term_string}"},"query-input":{"@type":"PropertyValueSpecification","valueRequired":true,"valueName":"search_term_string"}}],"inLanguage":"en-US"},{"@type":"Organization","@id":"https:\/\/repliquemangacine.fr\/#organization","name":"R\u00e9plique Manga Cin\u00e9","url":"https:\/\/repliquemangacine.fr\/","logo":{"@type":"ImageObject","inLanguage":"en-US","@id":"https:\/\/repliquemangacine.fr\/#\/schema\/logo\/image\/","url":"https:\/\/repliquemangacine.fr\/wp-content\/uploads\/2023\/10\/RMC-500250.png","contentUrl":"https:\/\/repliquemangacine.fr\/wp-content\/uploads\/2023\/10\/RMC-500250.png","width":500,"height":250,"caption":"R\u00e9plique Manga Cin\u00e9"},"image":{"@id":"https:\/\/repliquemangacine.fr\/#\/schema\/logo\/image\/"},"sameAs":["https:\/\/www.facebook.com\/RepliqueMangaCine","https:\/\/www.instagram.com\/repliquemangacine.fr\/"]}]}},"_links":{"self":[{"href":"https:\/\/repliquemangacine.fr\/en\/wp-json\/wp\/v2\/product\/27445","targetHints":{"allow":["GET"]}}],"collection":[{"href":"https:\/\/repliquemangacine.fr\/en\/wp-json\/wp\/v2\/product"}],"about":[{"href":"https:\/\/repliquemangacine.fr\/en\/wp-json\/wp\/v2\/types\/product"}],"wp:featuredmedia":[{"embeddable":true,"href":"https:\/\/repliquemangacine.fr\/en\/wp-json\/wp\/v2\/media\/27446"}],"wp:attachment":[{"href":"https:\/\/repliquemangacine.fr\/en\/wp-json\/wp\/v2\/media?parent=27445"}],"wp:term":[{"taxonomy":"product_brand","embeddable":true,"href":"https:\/\/repliquemangacine.fr\/en\/wp-json\/wp\/v2\/product_brand?post=27445"},{"taxonomy":"product_cat","embeddable":true,"href":"https:\/\/repliquemangacine.fr\/en\/wp-json\/wp\/v2\/product_cat?post=27445"},{"taxonomy":"product_tag","embeddable":true,"href":"https:\/\/repliquemangacine.fr\/en\/wp-json\/wp\/v2\/product_tag?post=27445"}],"curies":[{"name":"wp","href":"https:\/\/api.w.org\/{rel}","templated":true}]}}