





{"id":27430,"date":"2017-07-22T15:05:20","date_gmt":"2017-07-22T13:05:20","guid":{"rendered":"https:\/\/repliquemangacine.fr\/?post_type=product&#038;p=27430"},"modified":"2026-03-20T17:56:21","modified_gmt":"2026-03-20T16:56:21","slug":"pirate-purse-with-coin","status":"publish","type":"product","link":"https:\/\/repliquemangacine.fr\/en\/sabre-dabordage-de-pirate\/bourse-de-pirate-avec-monnaie\/","title":{"rendered":"Pirate purse with coins"},"content":{"rendered":"<h2>Replica of the Pirate's Purse.<\/h2>\n<p>The Pirate's Purse is an essential accessory for your costume.<\/p>\n<p>The pirates who plagued the Caribbean Sea were sometimes mistakenly referred to as buccaneers. Pirates are distinguished from privateers, who are civilians waging war on the sea with the authorization of their government, according to the laws of war, with a status equivalent to that of the military.<\/p>\n<p>Contrary to the image spread by cinematic fictions, because of their very way of life, few pirates ate their fill or became rich; most died young in battle.<\/p>\n<p>The practice of piracy has been predominantly male, but there have also been female pirates. Famous names such as Mary Read and Anne Bonny are known to have sailed with the pirate Jack Rackham.<\/p>\n<h3>We offer a wide selection of replicas from the Piracy period.<\/h3>\n<p>First and foremost,<\/p>\n<ul>\n<li>The reproduction of <a href=\"https:\/\/repliquemangacine.fr\/en\/assassins-creed\/pirate-axe-gun-18th-century\/\">Pirates Axe Gun<\/a>. The Gun Axe is featured in Assassin's Creed Unity: Dead Kings<\/li>\n<li>There is also the<a href=\"https:\/\/repliquemangacine.fr\/en\/pirate-weapons\/pirate-boarding-saber-saber-pot-spoon\/\"> sabre pot spoon<\/a> from the 16th century. This boarding sword was used by the French navy.<\/li>\n<li>As well as the <a href=\"https:\/\/repliquemangacine.fr\/en\/pirate-weapons\/pirate-saber-buccaneer-saber\/\">Flibustier boarding sword<\/a> is a bladed weapon used in the navy.<\/li>\n<li>And many more besides.<\/li>\n<\/ul>\n<p>That's why this is a great gift idea for all pirate fans.<\/p>\n<h3>You can use the Pirate's Purse for Cosplay parades or theme parties.<\/h3>\n<p>Above all, this sword is a collector's item and a decorative piece.<\/p>\n<p>R\u00e9plique Manga Cin\u00e9 is a French family business, official distributor of the brand <a href=\"https:\/\/www.denix.fr\/fr\/catalogue\/colonial-et-pirate-1492-s-xviii\/maroquinerie\/715\/\">Denix<\/a>.<\/p>\n<p>Please note that all our replicas are collector's items and decorations. You can use them for historical re-enactments, cosplay parades or interior decoration. Consequently, it is not possible to go into public places with these replicas.<\/p>","protected":false},"excerpt":{"rendered":"<p>You had to think of it! Denix surprises us again with this little pirate purse<\/p>\n<ul>\n<li>All-leather with pirate logo.<\/li>\n<li>You'll find it inside:<\/li>\n<li>- 2 escudos coins (duplicate) - 2 escudos coins stamped in Seville - 2 silver 8 coins - 2 escudos 100 coins<\/li>\n<li>A must for your masquerade costume and cosplays.<\/li>\n<\/ul>","protected":false},"featured_media":27431,"template":"","meta":[],"product_brand":[896],"product_cat":[49,25,115],"product_tag":[],"class_list":{"0":"post-27430","1":"product","2":"type-product","3":"status-publish","4":"has-post-thumbnail","6":"product_brand-replique-manga-cine","7":"product_cat-armes-de-pirates","8":"product_cat-armes-historiques","9":"product_cat-sabre-dabordage-de-pirate","11":"first","12":"instock","13":"taxable","14":"shipping-taxable","15":"purchasable","16":"product-type-simple"},"yoast_head":"<!-- This site is optimized with the Yoast SEO plugin v27.5 - https:\/\/yoast.com\/product\/yoast-seo-wordpress\/ -->\n<title>Bourse de pirate avec pi\u00e8ce - Accessoire d\u00e9guisement pirate -RMC<\/title>\n<meta name=\"description\" content=\"Denix nous propose cette Bourse de pirate en cuir avec 8 pi\u00e8ces escudos \u00e0 l&#039;int\u00e9rieur. C&#039;est l&#039;accessoire indispensable pour votre d\u00e9guisements.\" \/>\n<meta name=\"robots\" content=\"index, follow, max-snippet:-1, max-image-preview:large, max-video-preview:-1\" \/>\n<link rel=\"canonical\" href=\"https:\/\/repliquemangacine.fr\/en\/pirate-sword-2\/pirate-purse-with-coin\/\" \/>\n<meta property=\"og:locale\" content=\"en_US\" \/>\n<meta property=\"og:type\" content=\"article\" \/>\n<meta property=\"og:title\" content=\"Bourse de pirate avec pi\u00e8ce - Accessoire d\u00e9guisement pirate -RMC\" \/>\n<meta property=\"og:description\" content=\"Denix nous propose cette Bourse de pirate en cuir avec 8 pi\u00e8ces escudos \u00e0 l&#039;int\u00e9rieur. C&#039;est l&#039;accessoire indispensable pour votre d\u00e9guisements.\" \/>\n<meta property=\"og:url\" content=\"https:\/\/repliquemangacine.fr\/en\/pirate-sword-2\/pirate-purse-with-coin\/\" \/>\n<meta property=\"og:site_name\" content=\"R\u00e9plique Manga Cin\u00e9\" \/>\n<meta property=\"article:publisher\" content=\"https:\/\/www.facebook.com\/RepliqueMangaCine\" \/>\n<meta property=\"article:modified_time\" content=\"2026-03-20T16:56:21+00:00\" \/>\n<meta property=\"og:image\" content=\"https:\/\/repliquemangacine.fr\/wp-content\/uploads\/2023\/10\/2225-Bourse-de-pirates-avec-monnaie.jpg\" \/>\n\t<meta property=\"og:image:width\" content=\"600\" \/>\n\t<meta property=\"og:image:height\" content=\"600\" \/>\n\t<meta property=\"og:image:type\" content=\"image\/jpeg\" \/>\n<meta name=\"twitter:card\" content=\"summary_large_image\" \/>\n<meta name=\"twitter:label1\" content=\"Est. reading time\" \/>\n\t<meta name=\"twitter:data1\" content=\"2 minutes\" \/>\n<script type=\"application\/ld+json\" class=\"yoast-schema-graph\">{\"@context\":\"https:\\\/\\\/schema.org\",\"@graph\":[{\"@type\":\"WebPage\",\"@id\":\"https:\\\/\\\/repliquemangacine.fr\\\/sabre-dabordage-de-pirate\\\/bourse-de-pirate-avec-monnaie\\\/\",\"url\":\"https:\\\/\\\/repliquemangacine.fr\\\/sabre-dabordage-de-pirate\\\/bourse-de-pirate-avec-monnaie\\\/\",\"name\":\"Bourse de pirate avec pi\u00e8ce - Accessoire d\u00e9guisement pirate -RMC\",\"isPartOf\":{\"@id\":\"https:\\\/\\\/repliquemangacine.fr\\\/#website\"},\"primaryImageOfPage\":{\"@id\":\"https:\\\/\\\/repliquemangacine.fr\\\/sabre-dabordage-de-pirate\\\/bourse-de-pirate-avec-monnaie\\\/#primaryimage\"},\"image\":{\"@id\":\"https:\\\/\\\/repliquemangacine.fr\\\/sabre-dabordage-de-pirate\\\/bourse-de-pirate-avec-monnaie\\\/#primaryimage\"},\"thumbnailUrl\":\"https:\\\/\\\/repliquemangacine.fr\\\/wp-content\\\/uploads\\\/2023\\\/10\\\/2225-Bourse-de-pirates-avec-monnaie.jpg\",\"datePublished\":\"2017-07-22T13:05:20+00:00\",\"dateModified\":\"2026-03-20T16:56:21+00:00\",\"description\":\"Denix nous propose cette Bourse de pirate en cuir avec 8 pi\u00e8ces escudos \u00e0 l'int\u00e9rieur. C'est l'accessoire indispensable pour votre d\u00e9guisements.\",\"breadcrumb\":{\"@id\":\"https:\\\/\\\/repliquemangacine.fr\\\/sabre-dabordage-de-pirate\\\/bourse-de-pirate-avec-monnaie\\\/#breadcrumb\"},\"inLanguage\":\"en-US\",\"potentialAction\":[{\"@type\":\"ReadAction\",\"target\":[\"https:\\\/\\\/repliquemangacine.fr\\\/sabre-dabordage-de-pirate\\\/bourse-de-pirate-avec-monnaie\\\/\"]}]},{\"@type\":\"ImageObject\",\"inLanguage\":\"en-US\",\"@id\":\"https:\\\/\\\/repliquemangacine.fr\\\/sabre-dabordage-de-pirate\\\/bourse-de-pirate-avec-monnaie\\\/#primaryimage\",\"url\":\"https:\\\/\\\/repliquemangacine.fr\\\/wp-content\\\/uploads\\\/2023\\\/10\\\/2225-Bourse-de-pirates-avec-monnaie.jpg\",\"contentUrl\":\"https:\\\/\\\/repliquemangacine.fr\\\/wp-content\\\/uploads\\\/2023\\\/10\\\/2225-Bourse-de-pirates-avec-monnaie.jpg\",\"width\":600,\"height\":600,\"caption\":\"Bourse de pirates avec monnaie\"},{\"@type\":\"BreadcrumbList\",\"@id\":\"https:\\\/\\\/repliquemangacine.fr\\\/sabre-dabordage-de-pirate\\\/bourse-de-pirate-avec-monnaie\\\/#breadcrumb\",\"itemListElement\":[{\"@type\":\"ListItem\",\"position\":1,\"name\":\"Accueil\",\"item\":\"https:\\\/\\\/repliquemangacine.fr\\\/\"},{\"@type\":\"ListItem\",\"position\":2,\"name\":\"Produits\",\"item\":\"https:\\\/\\\/repliquemangacine.fr\\\/boutique\\\/\"},{\"@type\":\"ListItem\",\"position\":3,\"name\":\"Bourse de pirates avec monnaie\"}]},{\"@type\":\"WebSite\",\"@id\":\"https:\\\/\\\/repliquemangacine.fr\\\/#website\",\"url\":\"https:\\\/\\\/repliquemangacine.fr\\\/\",\"name\":\"R\u00e9plique Manga Cin\u00e9\",\"description\":\"\",\"publisher\":{\"@id\":\"https:\\\/\\\/repliquemangacine.fr\\\/#organization\"},\"potentialAction\":[{\"@type\":\"SearchAction\",\"target\":{\"@type\":\"EntryPoint\",\"urlTemplate\":\"https:\\\/\\\/repliquemangacine.fr\\\/?s={search_term_string}\"},\"query-input\":{\"@type\":\"PropertyValueSpecification\",\"valueRequired\":true,\"valueName\":\"search_term_string\"}}],\"inLanguage\":\"en-US\"},{\"@type\":\"Organization\",\"@id\":\"https:\\\/\\\/repliquemangacine.fr\\\/#organization\",\"name\":\"R\u00e9plique Manga Cin\u00e9\",\"url\":\"https:\\\/\\\/repliquemangacine.fr\\\/\",\"logo\":{\"@type\":\"ImageObject\",\"inLanguage\":\"en-US\",\"@id\":\"https:\\\/\\\/repliquemangacine.fr\\\/#\\\/schema\\\/logo\\\/image\\\/\",\"url\":\"https:\\\/\\\/repliquemangacine.fr\\\/wp-content\\\/uploads\\\/2023\\\/10\\\/RMC-500250.png\",\"contentUrl\":\"https:\\\/\\\/repliquemangacine.fr\\\/wp-content\\\/uploads\\\/2023\\\/10\\\/RMC-500250.png\",\"width\":500,\"height\":250,\"caption\":\"R\u00e9plique Manga Cin\u00e9\"},\"image\":{\"@id\":\"https:\\\/\\\/repliquemangacine.fr\\\/#\\\/schema\\\/logo\\\/image\\\/\"},\"sameAs\":[\"https:\\\/\\\/www.facebook.com\\\/RepliqueMangaCine\",\"https:\\\/\\\/www.instagram.com\\\/repliquemangacine.fr\\\/\"]}]}<\/script>\n<!-- \/ Yoast SEO plugin. -->","yoast_head_json":{"title":"Pirate purse with coin - Pirate costume accessory -RMC","description":"Denix offers this leather pirate purse with 8 escudo coins inside. An essential accessory for your disguise.","robots":{"index":"index","follow":"follow","max-snippet":"max-snippet:-1","max-image-preview":"max-image-preview:large","max-video-preview":"max-video-preview:-1"},"canonical":"https:\/\/repliquemangacine.fr\/en\/pirate-sword-2\/pirate-purse-with-coin\/","og_locale":"en_US","og_type":"article","og_title":"Bourse de pirate avec pi\u00e8ce - Accessoire d\u00e9guisement pirate -RMC","og_description":"Denix nous propose cette Bourse de pirate en cuir avec 8 pi\u00e8ces escudos \u00e0 l'int\u00e9rieur. C'est l'accessoire indispensable pour votre d\u00e9guisements.","og_url":"https:\/\/repliquemangacine.fr\/en\/pirate-sword-2\/pirate-purse-with-coin\/","og_site_name":"R\u00e9plique Manga Cin\u00e9","article_publisher":"https:\/\/www.facebook.com\/RepliqueMangaCine","article_modified_time":"2026-03-20T16:56:21+00:00","og_image":[{"width":600,"height":600,"url":"https:\/\/repliquemangacine.fr\/wp-content\/uploads\/2023\/10\/2225-Bourse-de-pirates-avec-monnaie.jpg","type":"image\/jpeg"}],"twitter_card":"summary_large_image","twitter_misc":{"Est. reading time":"2 minutes"},"schema":{"@context":"https:\/\/schema.org","@graph":[{"@type":"WebPage","@id":"https:\/\/repliquemangacine.fr\/sabre-dabordage-de-pirate\/bourse-de-pirate-avec-monnaie\/","url":"https:\/\/repliquemangacine.fr\/sabre-dabordage-de-pirate\/bourse-de-pirate-avec-monnaie\/","name":"Pirate purse with coin - Pirate costume accessory -RMC","isPartOf":{"@id":"https:\/\/repliquemangacine.fr\/#website"},"primaryImageOfPage":{"@id":"https:\/\/repliquemangacine.fr\/sabre-dabordage-de-pirate\/bourse-de-pirate-avec-monnaie\/#primaryimage"},"image":{"@id":"https:\/\/repliquemangacine.fr\/sabre-dabordage-de-pirate\/bourse-de-pirate-avec-monnaie\/#primaryimage"},"thumbnailUrl":"https:\/\/repliquemangacine.fr\/wp-content\/uploads\/2023\/10\/2225-Bourse-de-pirates-avec-monnaie.jpg","datePublished":"2017-07-22T13:05:20+00:00","dateModified":"2026-03-20T16:56:21+00:00","description":"Denix offers this leather pirate purse with 8 escudo coins inside. An essential accessory for your disguise.","breadcrumb":{"@id":"https:\/\/repliquemangacine.fr\/sabre-dabordage-de-pirate\/bourse-de-pirate-avec-monnaie\/#breadcrumb"},"inLanguage":"en-US","potentialAction":[{"@type":"ReadAction","target":["https:\/\/repliquemangacine.fr\/sabre-dabordage-de-pirate\/bourse-de-pirate-avec-monnaie\/"]}]},{"@type":"ImageObject","inLanguage":"en-US","@id":"https:\/\/repliquemangacine.fr\/sabre-dabordage-de-pirate\/bourse-de-pirate-avec-monnaie\/#primaryimage","url":"https:\/\/repliquemangacine.fr\/wp-content\/uploads\/2023\/10\/2225-Bourse-de-pirates-avec-monnaie.jpg","contentUrl":"https:\/\/repliquemangacine.fr\/wp-content\/uploads\/2023\/10\/2225-Bourse-de-pirates-avec-monnaie.jpg","width":600,"height":600,"caption":"Bourse de pirates avec monnaie"},{"@type":"BreadcrumbList","@id":"https:\/\/repliquemangacine.fr\/sabre-dabordage-de-pirate\/bourse-de-pirate-avec-monnaie\/#breadcrumb","itemListElement":[{"@type":"ListItem","position":1,"name":"Accueil","item":"https:\/\/repliquemangacine.fr\/"},{"@type":"ListItem","position":2,"name":"Produits","item":"https:\/\/repliquemangacine.fr\/boutique\/"},{"@type":"ListItem","position":3,"name":"Bourse de pirates avec monnaie"}]},{"@type":"WebSite","@id":"https:\/\/repliquemangacine.fr\/#website","url":"https:\/\/repliquemangacine.fr\/","name":"R\u00e9plique Manga Cin\u00e9","description":"","publisher":{"@id":"https:\/\/repliquemangacine.fr\/#organization"},"potentialAction":[{"@type":"SearchAction","target":{"@type":"EntryPoint","urlTemplate":"https:\/\/repliquemangacine.fr\/?s={search_term_string}"},"query-input":{"@type":"PropertyValueSpecification","valueRequired":true,"valueName":"search_term_string"}}],"inLanguage":"en-US"},{"@type":"Organization","@id":"https:\/\/repliquemangacine.fr\/#organization","name":"R\u00e9plique Manga Cin\u00e9","url":"https:\/\/repliquemangacine.fr\/","logo":{"@type":"ImageObject","inLanguage":"en-US","@id":"https:\/\/repliquemangacine.fr\/#\/schema\/logo\/image\/","url":"https:\/\/repliquemangacine.fr\/wp-content\/uploads\/2023\/10\/RMC-500250.png","contentUrl":"https:\/\/repliquemangacine.fr\/wp-content\/uploads\/2023\/10\/RMC-500250.png","width":500,"height":250,"caption":"R\u00e9plique Manga Cin\u00e9"},"image":{"@id":"https:\/\/repliquemangacine.fr\/#\/schema\/logo\/image\/"},"sameAs":["https:\/\/www.facebook.com\/RepliqueMangaCine","https:\/\/www.instagram.com\/repliquemangacine.fr\/"]}]}},"_links":{"self":[{"href":"https:\/\/repliquemangacine.fr\/en\/wp-json\/wp\/v2\/product\/27430","targetHints":{"allow":["GET"]}}],"collection":[{"href":"https:\/\/repliquemangacine.fr\/en\/wp-json\/wp\/v2\/product"}],"about":[{"href":"https:\/\/repliquemangacine.fr\/en\/wp-json\/wp\/v2\/types\/product"}],"wp:featuredmedia":[{"embeddable":true,"href":"https:\/\/repliquemangacine.fr\/en\/wp-json\/wp\/v2\/media\/27431"}],"wp:attachment":[{"href":"https:\/\/repliquemangacine.fr\/en\/wp-json\/wp\/v2\/media?parent=27430"}],"wp:term":[{"taxonomy":"product_brand","embeddable":true,"href":"https:\/\/repliquemangacine.fr\/en\/wp-json\/wp\/v2\/product_brand?post=27430"},{"taxonomy":"product_cat","embeddable":true,"href":"https:\/\/repliquemangacine.fr\/en\/wp-json\/wp\/v2\/product_cat?post=27430"},{"taxonomy":"product_tag","embeddable":true,"href":"https:\/\/repliquemangacine.fr\/en\/wp-json\/wp\/v2\/product_tag?post=27430"}],"curies":[{"name":"wp","href":"https:\/\/api.w.org\/{rel}","templated":true}]}}