





{"id":27425,"date":"2017-07-22T14:50:24","date_gmt":"2017-07-22T12:50:24","guid":{"rendered":"https:\/\/repliquemangacine.fr\/?post_type=product&#038;p=27425"},"modified":"2026-03-20T17:56:21","modified_gmt":"2026-03-20T16:56:21","slug":"spanish-100-escudo-coin-felipe-iv-1637","status":"publish","type":"product","link":"https:\/\/repliquemangacine.fr\/en\/sabre-dabordage-de-pirate\/piece-de-100-escudos-espagnol-felipe-iv-1637\/","title":{"rendered":"100 Escudos coin"},"content":{"rendered":"<h2>Replica of the Denix 100 Escudos Coin<\/h2>\n<p>The 100 Escudos Coin is an essential accessory for your costume. Invented during the reign of Philip IV in 1637.<\/p>\n<p>This Spanish 100 gold escudo coin, issued in 1609 during the reign of Felipe III, was also issued during the reigns of Felipe IV and Carlos II, and weighs 359 grams of gold. During the reign of Isabel II it was denominated 100 reales cent.<\/p>\n<p>Pirates tried (and often succeeded) to steal precious cargoes of gold, silver and other products from the New World, which presented an ideal business for its abundance of islands where pirates could find places of refuge. This gold currency was a favorite of freebooters.<\/p>\n<p>The pirates who plagued the Caribbean Sea were sometimes mistakenly referred to as buccaneers. Pirates are distinguished from privateers, who are civilians waging war on the sea with the authorization of their government, according to the laws of war, with a status equivalent to that of the military.<\/p>\n<p>Contrary to the image spread by cinematic fictions, because of their very way of life, few pirates ate their fill or became rich; most died young in battle.<\/p>\n<p>The practice of piracy has been predominantly male, but there have also been female pirates. Famous names such as Mary Read and Anne Bonny are known to have sailed with the pirate Jack Rackham.<\/p>\n<h3>We offer a wide selection of replicas from the Piracy period.<\/h3>\n<p>First and foremost,<\/p>\n<ul>\n<li>Visit <a href=\"https:\/\/repliquemangacine.fr\/en\/pirate-weapons\/pirate-saber-buccaneer-saber\/\">Flibustier boarding sword<\/a> is a bladed weapon used in the navy.<\/li>\n<li>There is also the <a href=\"https:\/\/repliquemangacine.fr\/en\/assassins-creed\/pirate-axe-gun-18th-century\/\">Pirates Axe Gun<\/a>. The Gun Axe is featured in Assassin's Creed Unity: Dead Kings<\/li>\n<li>As well as the <a href=\"https:\/\/repliquemangacine.fr\/en\/pirate-weapons\/18th-century-pirate-blunderbuss\/\">pirate's blunderbuss<\/a> from the 18th century, also known as espingole or mousqueton.<\/li>\n<li>And many more besides.<\/li>\n<\/ul>\n<p>That's why this is a great gift idea for all pirate fans.<\/p>\n<h3>You can use the 100 Escudo Coin to decorate your theme parties.<\/h3>\n<p>First and foremost, this is a collector's and decorative piece.<\/p>\n<p>R\u00e9plique Manga Cin\u00e9 is a French family business and official distributor of <a href=\"https:\/\/www.denix.fr\/fr\/catalogue\/colonial-et-pirate-1492-s-xviii\/pieces-de-monnaie\/73\/\">Denix<\/a><\/p>","protected":false},"excerpt":{"rendered":"<p>Set of 5 pieces of 100 escudos<\/p>\n<p>Here's an original idea from Denix to offer replicas of Spanish coins.<\/p>\n<ul>\n<li>This 100 Escudos de 1637 coin is made entirely of metal with an impressive detail finish.<\/li>\n<li>Engraved on both sides.<\/li>\n<li>The reverse features a four-lobed cross and the inscription Rex Hispaniarum 1637.<\/li>\n<li>On the front, the shield with the inscription Philippe IV.<\/li>\n<li>Diameter: 4cm<\/li>\n<\/ul>","protected":false},"featured_media":27426,"template":"","meta":[],"product_brand":[896],"product_cat":[49,25,115],"product_tag":[],"class_list":{"0":"post-27425","1":"product","2":"type-product","3":"status-publish","4":"has-post-thumbnail","6":"product_brand-replique-manga-cine","7":"product_cat-armes-de-pirates","8":"product_cat-armes-historiques","9":"product_cat-sabre-dabordage-de-pirate","11":"first","12":"instock","13":"taxable","14":"shipping-taxable","15":"purchasable","16":"product-type-simple"},"yoast_head":"<!-- This site is optimized with the Yoast SEO plugin v27.4 - https:\/\/yoast.com\/product\/yoast-seo-wordpress\/ -->\n<title>Pi\u00e8ce de 100 Escudos 1637 - Pi\u00e8ce pirate - R\u00e9plique Manga Cin\u00e9<\/title>\n<meta name=\"description\" content=\"Agrandissez votre collection avec cette superbe r\u00e9plique de Pi\u00e8ce de 100 Escudos sign\u00e9 Denix. Tout en m\u00e9tal grav\u00e9e. Livraison 24\/48h - Paiement S\u00e9curis\u00e9\" \/>\n<meta name=\"robots\" content=\"index, follow, max-snippet:-1, max-image-preview:large, max-video-preview:-1\" \/>\n<link rel=\"canonical\" href=\"https:\/\/repliquemangacine.fr\/en\/pirate-sword-2\/spanish-100-escudo-coin-felipe-iv-1637\/\" \/>\n<meta property=\"og:locale\" content=\"en_US\" \/>\n<meta property=\"og:type\" content=\"article\" \/>\n<meta property=\"og:title\" content=\"Pi\u00e8ce de 100 Escudos 1637 - Pi\u00e8ce pirate - R\u00e9plique Manga Cin\u00e9\" \/>\n<meta property=\"og:description\" content=\"Agrandissez votre collection avec cette superbe r\u00e9plique de Pi\u00e8ce de 100 Escudos sign\u00e9 Denix. Tout en m\u00e9tal grav\u00e9e. Livraison 24\/48h - Paiement S\u00e9curis\u00e9\" \/>\n<meta property=\"og:url\" content=\"https:\/\/repliquemangacine.fr\/en\/pirate-sword-2\/spanish-100-escudo-coin-felipe-iv-1637\/\" \/>\n<meta property=\"og:site_name\" content=\"R\u00e9plique Manga Cin\u00e9\" \/>\n<meta property=\"article:publisher\" content=\"https:\/\/www.facebook.com\/RepliqueMangaCine\" \/>\n<meta property=\"article:modified_time\" content=\"2026-03-20T16:56:21+00:00\" \/>\n<meta property=\"og:image\" content=\"https:\/\/repliquemangacine.fr\/wp-content\/uploads\/2023\/10\/2222-Replique-piece-100-escudos-Espagnol-Felipe-IV-1637.jpg\" \/>\n\t<meta property=\"og:image:width\" content=\"600\" \/>\n\t<meta property=\"og:image:height\" content=\"600\" \/>\n\t<meta property=\"og:image:type\" content=\"image\/jpeg\" \/>\n<meta name=\"twitter:card\" content=\"summary_large_image\" \/>\n<meta name=\"twitter:label1\" content=\"Est. reading time\" \/>\n\t<meta name=\"twitter:data1\" content=\"3 minutes\" \/>\n<script type=\"application\/ld+json\" class=\"yoast-schema-graph\">{\"@context\":\"https:\\\/\\\/schema.org\",\"@graph\":[{\"@type\":\"WebPage\",\"@id\":\"https:\\\/\\\/repliquemangacine.fr\\\/sabre-dabordage-de-pirate\\\/piece-de-100-escudos-espagnol-felipe-iv-1637\\\/\",\"url\":\"https:\\\/\\\/repliquemangacine.fr\\\/sabre-dabordage-de-pirate\\\/piece-de-100-escudos-espagnol-felipe-iv-1637\\\/\",\"name\":\"Pi\u00e8ce de 100 Escudos 1637 - Pi\u00e8ce pirate - R\u00e9plique Manga Cin\u00e9\",\"isPartOf\":{\"@id\":\"https:\\\/\\\/repliquemangacine.fr\\\/#website\"},\"primaryImageOfPage\":{\"@id\":\"https:\\\/\\\/repliquemangacine.fr\\\/sabre-dabordage-de-pirate\\\/piece-de-100-escudos-espagnol-felipe-iv-1637\\\/#primaryimage\"},\"image\":{\"@id\":\"https:\\\/\\\/repliquemangacine.fr\\\/sabre-dabordage-de-pirate\\\/piece-de-100-escudos-espagnol-felipe-iv-1637\\\/#primaryimage\"},\"thumbnailUrl\":\"https:\\\/\\\/repliquemangacine.fr\\\/wp-content\\\/uploads\\\/2023\\\/10\\\/2222-Replique-piece-100-escudos-Espagnol-Felipe-IV-1637.jpg\",\"datePublished\":\"2017-07-22T12:50:24+00:00\",\"dateModified\":\"2026-03-20T16:56:21+00:00\",\"description\":\"Agrandissez votre collection avec cette superbe r\u00e9plique de Pi\u00e8ce de 100 Escudos sign\u00e9 Denix. Tout en m\u00e9tal grav\u00e9e. Livraison 24\\\/48h - Paiement S\u00e9curis\u00e9\",\"breadcrumb\":{\"@id\":\"https:\\\/\\\/repliquemangacine.fr\\\/sabre-dabordage-de-pirate\\\/piece-de-100-escudos-espagnol-felipe-iv-1637\\\/#breadcrumb\"},\"inLanguage\":\"en-US\",\"potentialAction\":[{\"@type\":\"ReadAction\",\"target\":[\"https:\\\/\\\/repliquemangacine.fr\\\/sabre-dabordage-de-pirate\\\/piece-de-100-escudos-espagnol-felipe-iv-1637\\\/\"]}]},{\"@type\":\"ImageObject\",\"inLanguage\":\"en-US\",\"@id\":\"https:\\\/\\\/repliquemangacine.fr\\\/sabre-dabordage-de-pirate\\\/piece-de-100-escudos-espagnol-felipe-iv-1637\\\/#primaryimage\",\"url\":\"https:\\\/\\\/repliquemangacine.fr\\\/wp-content\\\/uploads\\\/2023\\\/10\\\/2222-Replique-piece-100-escudos-Espagnol-Felipe-IV-1637.jpg\",\"contentUrl\":\"https:\\\/\\\/repliquemangacine.fr\\\/wp-content\\\/uploads\\\/2023\\\/10\\\/2222-Replique-piece-100-escudos-Espagnol-Felipe-IV-1637.jpg\",\"width\":600,\"height\":600,\"caption\":\"Pi\u00e8ce de 100 Escudos Espagnol Felipe IV, 1637\"},{\"@type\":\"BreadcrumbList\",\"@id\":\"https:\\\/\\\/repliquemangacine.fr\\\/sabre-dabordage-de-pirate\\\/piece-de-100-escudos-espagnol-felipe-iv-1637\\\/#breadcrumb\",\"itemListElement\":[{\"@type\":\"ListItem\",\"position\":1,\"name\":\"Accueil\",\"item\":\"https:\\\/\\\/repliquemangacine.fr\\\/\"},{\"@type\":\"ListItem\",\"position\":2,\"name\":\"Produits\",\"item\":\"https:\\\/\\\/repliquemangacine.fr\\\/boutique\\\/\"},{\"@type\":\"ListItem\",\"position\":3,\"name\":\"Pi\u00e8ce de 100 Escudos\"}]},{\"@type\":\"WebSite\",\"@id\":\"https:\\\/\\\/repliquemangacine.fr\\\/#website\",\"url\":\"https:\\\/\\\/repliquemangacine.fr\\\/\",\"name\":\"R\u00e9plique Manga Cin\u00e9\",\"description\":\"\",\"publisher\":{\"@id\":\"https:\\\/\\\/repliquemangacine.fr\\\/#organization\"},\"potentialAction\":[{\"@type\":\"SearchAction\",\"target\":{\"@type\":\"EntryPoint\",\"urlTemplate\":\"https:\\\/\\\/repliquemangacine.fr\\\/?s={search_term_string}\"},\"query-input\":{\"@type\":\"PropertyValueSpecification\",\"valueRequired\":true,\"valueName\":\"search_term_string\"}}],\"inLanguage\":\"en-US\"},{\"@type\":\"Organization\",\"@id\":\"https:\\\/\\\/repliquemangacine.fr\\\/#organization\",\"name\":\"R\u00e9plique Manga Cin\u00e9\",\"url\":\"https:\\\/\\\/repliquemangacine.fr\\\/\",\"logo\":{\"@type\":\"ImageObject\",\"inLanguage\":\"en-US\",\"@id\":\"https:\\\/\\\/repliquemangacine.fr\\\/#\\\/schema\\\/logo\\\/image\\\/\",\"url\":\"https:\\\/\\\/repliquemangacine.fr\\\/wp-content\\\/uploads\\\/2023\\\/10\\\/RMC-500250.png\",\"contentUrl\":\"https:\\\/\\\/repliquemangacine.fr\\\/wp-content\\\/uploads\\\/2023\\\/10\\\/RMC-500250.png\",\"width\":500,\"height\":250,\"caption\":\"R\u00e9plique Manga Cin\u00e9\"},\"image\":{\"@id\":\"https:\\\/\\\/repliquemangacine.fr\\\/#\\\/schema\\\/logo\\\/image\\\/\"},\"sameAs\":[\"https:\\\/\\\/www.facebook.com\\\/RepliqueMangaCine\",\"https:\\\/\\\/www.instagram.com\\\/repliquemangacine.fr\\\/\"]}]}<\/script>\n<!-- \/ Yoast SEO plugin. -->","yoast_head_json":{"title":"100 Escudos 1637 coin - Pirate coin - R\u00e9plique Manga Cin\u00e9","description":"Expand your collection with this superb 100 Escudos Coin replica by Denix. All metal, engraved. 24\/48h delivery - Secure payment","robots":{"index":"index","follow":"follow","max-snippet":"max-snippet:-1","max-image-preview":"max-image-preview:large","max-video-preview":"max-video-preview:-1"},"canonical":"https:\/\/repliquemangacine.fr\/en\/pirate-sword-2\/spanish-100-escudo-coin-felipe-iv-1637\/","og_locale":"en_US","og_type":"article","og_title":"Pi\u00e8ce de 100 Escudos 1637 - Pi\u00e8ce pirate - R\u00e9plique Manga Cin\u00e9","og_description":"Agrandissez votre collection avec cette superbe r\u00e9plique de Pi\u00e8ce de 100 Escudos sign\u00e9 Denix. Tout en m\u00e9tal grav\u00e9e. Livraison 24\/48h - Paiement S\u00e9curis\u00e9","og_url":"https:\/\/repliquemangacine.fr\/en\/pirate-sword-2\/spanish-100-escudo-coin-felipe-iv-1637\/","og_site_name":"R\u00e9plique Manga Cin\u00e9","article_publisher":"https:\/\/www.facebook.com\/RepliqueMangaCine","article_modified_time":"2026-03-20T16:56:21+00:00","og_image":[{"width":600,"height":600,"url":"https:\/\/repliquemangacine.fr\/wp-content\/uploads\/2023\/10\/2222-Replique-piece-100-escudos-Espagnol-Felipe-IV-1637.jpg","type":"image\/jpeg"}],"twitter_card":"summary_large_image","twitter_misc":{"Est. reading time":"3 minutes"},"schema":{"@context":"https:\/\/schema.org","@graph":[{"@type":"WebPage","@id":"https:\/\/repliquemangacine.fr\/sabre-dabordage-de-pirate\/piece-de-100-escudos-espagnol-felipe-iv-1637\/","url":"https:\/\/repliquemangacine.fr\/sabre-dabordage-de-pirate\/piece-de-100-escudos-espagnol-felipe-iv-1637\/","name":"100 Escudos 1637 coin - Pirate coin - R\u00e9plique Manga Cin\u00e9","isPartOf":{"@id":"https:\/\/repliquemangacine.fr\/#website"},"primaryImageOfPage":{"@id":"https:\/\/repliquemangacine.fr\/sabre-dabordage-de-pirate\/piece-de-100-escudos-espagnol-felipe-iv-1637\/#primaryimage"},"image":{"@id":"https:\/\/repliquemangacine.fr\/sabre-dabordage-de-pirate\/piece-de-100-escudos-espagnol-felipe-iv-1637\/#primaryimage"},"thumbnailUrl":"https:\/\/repliquemangacine.fr\/wp-content\/uploads\/2023\/10\/2222-Replique-piece-100-escudos-Espagnol-Felipe-IV-1637.jpg","datePublished":"2017-07-22T12:50:24+00:00","dateModified":"2026-03-20T16:56:21+00:00","description":"Expand your collection with this superb 100 Escudos Coin replica by Denix. All metal, engraved. 24\/48h delivery - Secure payment","breadcrumb":{"@id":"https:\/\/repliquemangacine.fr\/sabre-dabordage-de-pirate\/piece-de-100-escudos-espagnol-felipe-iv-1637\/#breadcrumb"},"inLanguage":"en-US","potentialAction":[{"@type":"ReadAction","target":["https:\/\/repliquemangacine.fr\/sabre-dabordage-de-pirate\/piece-de-100-escudos-espagnol-felipe-iv-1637\/"]}]},{"@type":"ImageObject","inLanguage":"en-US","@id":"https:\/\/repliquemangacine.fr\/sabre-dabordage-de-pirate\/piece-de-100-escudos-espagnol-felipe-iv-1637\/#primaryimage","url":"https:\/\/repliquemangacine.fr\/wp-content\/uploads\/2023\/10\/2222-Replique-piece-100-escudos-Espagnol-Felipe-IV-1637.jpg","contentUrl":"https:\/\/repliquemangacine.fr\/wp-content\/uploads\/2023\/10\/2222-Replique-piece-100-escudos-Espagnol-Felipe-IV-1637.jpg","width":600,"height":600,"caption":"Pi\u00e8ce de 100 Escudos Espagnol Felipe IV, 1637"},{"@type":"BreadcrumbList","@id":"https:\/\/repliquemangacine.fr\/sabre-dabordage-de-pirate\/piece-de-100-escudos-espagnol-felipe-iv-1637\/#breadcrumb","itemListElement":[{"@type":"ListItem","position":1,"name":"Accueil","item":"https:\/\/repliquemangacine.fr\/"},{"@type":"ListItem","position":2,"name":"Produits","item":"https:\/\/repliquemangacine.fr\/boutique\/"},{"@type":"ListItem","position":3,"name":"Pi\u00e8ce de 100 Escudos"}]},{"@type":"WebSite","@id":"https:\/\/repliquemangacine.fr\/#website","url":"https:\/\/repliquemangacine.fr\/","name":"R\u00e9plique Manga Cin\u00e9","description":"","publisher":{"@id":"https:\/\/repliquemangacine.fr\/#organization"},"potentialAction":[{"@type":"SearchAction","target":{"@type":"EntryPoint","urlTemplate":"https:\/\/repliquemangacine.fr\/?s={search_term_string}"},"query-input":{"@type":"PropertyValueSpecification","valueRequired":true,"valueName":"search_term_string"}}],"inLanguage":"en-US"},{"@type":"Organization","@id":"https:\/\/repliquemangacine.fr\/#organization","name":"R\u00e9plique Manga Cin\u00e9","url":"https:\/\/repliquemangacine.fr\/","logo":{"@type":"ImageObject","inLanguage":"en-US","@id":"https:\/\/repliquemangacine.fr\/#\/schema\/logo\/image\/","url":"https:\/\/repliquemangacine.fr\/wp-content\/uploads\/2023\/10\/RMC-500250.png","contentUrl":"https:\/\/repliquemangacine.fr\/wp-content\/uploads\/2023\/10\/RMC-500250.png","width":500,"height":250,"caption":"R\u00e9plique Manga Cin\u00e9"},"image":{"@id":"https:\/\/repliquemangacine.fr\/#\/schema\/logo\/image\/"},"sameAs":["https:\/\/www.facebook.com\/RepliqueMangaCine","https:\/\/www.instagram.com\/repliquemangacine.fr\/"]}]}},"_links":{"self":[{"href":"https:\/\/repliquemangacine.fr\/en\/wp-json\/wp\/v2\/product\/27425","targetHints":{"allow":["GET"]}}],"collection":[{"href":"https:\/\/repliquemangacine.fr\/en\/wp-json\/wp\/v2\/product"}],"about":[{"href":"https:\/\/repliquemangacine.fr\/en\/wp-json\/wp\/v2\/types\/product"}],"wp:featuredmedia":[{"embeddable":true,"href":"https:\/\/repliquemangacine.fr\/en\/wp-json\/wp\/v2\/media\/27426"}],"wp:attachment":[{"href":"https:\/\/repliquemangacine.fr\/en\/wp-json\/wp\/v2\/media?parent=27425"}],"wp:term":[{"taxonomy":"product_brand","embeddable":true,"href":"https:\/\/repliquemangacine.fr\/en\/wp-json\/wp\/v2\/product_brand?post=27425"},{"taxonomy":"product_cat","embeddable":true,"href":"https:\/\/repliquemangacine.fr\/en\/wp-json\/wp\/v2\/product_cat?post=27425"},{"taxonomy":"product_tag","embeddable":true,"href":"https:\/\/repliquemangacine.fr\/en\/wp-json\/wp\/v2\/product_tag?post=27425"}],"curies":[{"name":"wp","href":"https:\/\/api.w.org\/{rel}","templated":true}]}}