





{"id":27422,"date":"2017-07-22T13:51:12","date_gmt":"2017-07-22T11:51:12","guid":{"rendered":"https:\/\/repliquemangacine.fr\/?post_type=product&#038;p=27422"},"modified":"2026-04-15T13:05:42","modified_gmt":"2026-04-15T11:05:42","slug":"gold-lining-piece-2-5cm-felipe-ii-1556-1598","status":"publish","type":"product","link":"https:\/\/repliquemangacine.fr\/en\/sabre-dabordage-de-pirate\/piece-doublon-dor-2-5cm-felipe-ii-1556-1598\/","title":{"rendered":"Gold Lining Coin 2.5cm"},"content":{"rendered":"<h2>Replica of the Doublon d'Or Coin 2.5cm<\/h2>\n<p>The Pi\u00e8ce Doublon d'Or 2.5cm is an essential accessory for your costume. Invented in Seville during the reign of Felipe II between 1556-1598. In Spain, doubloons were legal coins until the mid-19th century.<\/p>\n<p>The doublon (also called excellent) was a Spanish gold coin that equaled two shields or 32 reales, and weighed 6.77 grams. The term \u201cdoublon\u201d was first used to describe excellent gold, perhaps because it was worth two ducats or the double portrait of the Catholic Monarchs Ferdinand and Isabella.<\/p>\n<p>Pirates tried (and often succeeded) to steal precious cargoes of gold, silver and other products from the New World, which presented an ideal business for its abundance of islands where pirates could find places of refuge. This gold currency was a favorite of freebooters.<\/p>\n<p>The pirates who plagued the Caribbean Sea were sometimes mistakenly referred to as buccaneers. Pirates are distinguished from privateers, who are civilians waging war on the sea with the authorization of their government, according to the laws of war, with a status equivalent to that of the military.<\/p>\n<p>Contrary to the image spread by cinematic fictions, because of their very way of life, few pirates ate their fill or became rich; most died young in battle.<\/p>\n<p>The practice of piracy has been predominantly male, but there have also been female pirates. Famous names such as Mary Read and Anne Bonny are known to have sailed with the pirate Jack Rackham.<\/p>\n<h3>We offer a wide selection of replicas from the Piracy period.<\/h3>\n<p>First and foremost,<\/p>\n<ul>\n<li>Visit <a href=\"https:\/\/repliquemangacine.fr\/en\/pirate-weapons\/pirate-boarding-saber-saber-pot-spoon\/\">Boarding sword<\/a> dite cuill\u00e8re \u00e0 pot is a bladed weapon used in the navy.<\/li>\n<li>There is also the <a href=\"https:\/\/repliquemangacine.fr\/en\/assassins-creed\/edward-kenway-italian-flintlock-pistol-assassin-s-creed-iv\/\">Pirates gun<\/a> of Edward Kenway in Assassin's Creed Black flag<\/li>\n<li>As well as the <a href=\"https:\/\/repliquemangacine.fr\/en\/pirate-weapons\/pirate-purse-with-coin\/\">pirate's purse<\/a> leather, to fill it with its linings<\/li>\n<li>And many more besides.<\/li>\n<\/ul>\n<p>That's why this is a great gift idea for all pirate fans.<\/p>\n<h3>You can use the 2.5cm Gold Double Coin for your theme parties.<\/h3>\n<p>First and foremost, this is a collector's and decorative piece.<\/p>\n<p>R\u00e9plique Manga Cin\u00e9 is a French family business and official distributor of <a href=\"https:\/\/www.denix.fr\/fr\/catalogue\/colonial-et-pirate-1492-s-xviii\/pieces-de-monnaie\/70\/\">Denix<\/a><\/p>","protected":false},"excerpt":{"rendered":"<p>Set of 5 gold coins.<\/p>\n<p>Here's an original idea from Denix to offer replicas of Spanish coins.<\/p>\n<ul>\n<li>This 2 Escudos (Doublon) coin is made entirely of gold-plated metal with an impressive detail finish.<\/li>\n<li>Engraved on both sides.<\/li>\n<li>The reverse features a four-lobed cross and lions.<\/li>\n<li>Diameter: 2.5cm - Weight: 6grs<\/li>\n<\/ul>","protected":false},"featured_media":27423,"template":"","meta":[],"product_brand":[896],"product_cat":[49,25,115],"product_tag":[],"class_list":{"0":"post-27422","1":"product","2":"type-product","3":"status-publish","4":"has-post-thumbnail","6":"product_brand-replique-manga-cine","7":"product_cat-armes-de-pirates","8":"product_cat-armes-historiques","9":"product_cat-sabre-dabordage-de-pirate","11":"first","12":"instock","13":"taxable","14":"shipping-taxable","15":"purchasable","16":"product-type-simple"},"yoast_head":"<!-- This site is optimized with the Yoast SEO plugin v27.5 - https:\/\/yoast.com\/product\/yoast-seo-wordpress\/ -->\n<title>Pi\u00e8ce Doublon d&#039;Or 2.5cm<\/title>\n<meta name=\"description\" content=\"Partez \u00e0 la d\u00e9couverte du tr\u00e9sor avec cette superbe r\u00e9plique de Pi\u00e8ce Doublon d&#039;Or 2.5cm sign\u00e9 Denix. Tout en m\u00e9tal dor\u00e9 avec gravures. Envoi en 24\/48h\" \/>\n<meta name=\"robots\" content=\"index, follow, max-snippet:-1, max-image-preview:large, max-video-preview:-1\" \/>\n<link rel=\"canonical\" href=\"https:\/\/repliquemangacine.fr\/en\/pirate-sword-2\/gold-lining-piece-2-5cm-felipe-ii-1556-1598\/\" \/>\n<meta property=\"og:locale\" content=\"en_US\" \/>\n<meta property=\"og:type\" content=\"article\" \/>\n<meta property=\"og:title\" content=\"Pi\u00e8ce Doublon d&#039;Or 2.5cm\" \/>\n<meta property=\"og:description\" content=\"Partez \u00e0 la d\u00e9couverte du tr\u00e9sor avec cette superbe r\u00e9plique de Pi\u00e8ce Doublon d&#039;Or 2.5cm sign\u00e9 Denix. Tout en m\u00e9tal dor\u00e9 avec gravures. Envoi en 24\/48h\" \/>\n<meta property=\"og:url\" content=\"https:\/\/repliquemangacine.fr\/en\/pirate-sword-2\/gold-lining-piece-2-5cm-felipe-ii-1556-1598\/\" \/>\n<meta property=\"og:site_name\" content=\"R\u00e9plique Manga Cin\u00e9\" \/>\n<meta property=\"article:publisher\" content=\"https:\/\/www.facebook.com\/RepliqueMangaCine\" \/>\n<meta property=\"article:modified_time\" content=\"2026-04-15T11:05:42+00:00\" \/>\n<meta property=\"og:image\" content=\"https:\/\/repliquemangacine.fr\/wp-content\/uploads\/2023\/10\/2219-Piece-de-2-escudos-Doublon-dor-Felipe-II-1556-1598.jpg\" \/>\n\t<meta property=\"og:image:width\" content=\"600\" \/>\n\t<meta property=\"og:image:height\" content=\"600\" \/>\n\t<meta property=\"og:image:type\" content=\"image\/jpeg\" \/>\n<meta name=\"twitter:card\" content=\"summary_large_image\" \/>\n<meta name=\"twitter:label1\" content=\"Est. reading time\" \/>\n\t<meta name=\"twitter:data1\" content=\"2 minutes\" \/>\n<script type=\"application\/ld+json\" class=\"yoast-schema-graph\">{\"@context\":\"https:\\\/\\\/schema.org\",\"@graph\":[{\"@type\":\"WebPage\",\"@id\":\"https:\\\/\\\/repliquemangacine.fr\\\/sabre-dabordage-de-pirate\\\/piece-doublon-dor-2-5cm-felipe-ii-1556-1598\\\/\",\"url\":\"https:\\\/\\\/repliquemangacine.fr\\\/sabre-dabordage-de-pirate\\\/piece-doublon-dor-2-5cm-felipe-ii-1556-1598\\\/\",\"name\":\"Pi\u00e8ce Doublon d'Or 2.5cm\",\"isPartOf\":{\"@id\":\"https:\\\/\\\/repliquemangacine.fr\\\/#website\"},\"primaryImageOfPage\":{\"@id\":\"https:\\\/\\\/repliquemangacine.fr\\\/sabre-dabordage-de-pirate\\\/piece-doublon-dor-2-5cm-felipe-ii-1556-1598\\\/#primaryimage\"},\"image\":{\"@id\":\"https:\\\/\\\/repliquemangacine.fr\\\/sabre-dabordage-de-pirate\\\/piece-doublon-dor-2-5cm-felipe-ii-1556-1598\\\/#primaryimage\"},\"thumbnailUrl\":\"https:\\\/\\\/repliquemangacine.fr\\\/wp-content\\\/uploads\\\/2023\\\/10\\\/2219-Piece-de-2-escudos-Doublon-dor-Felipe-II-1556-1598.jpg\",\"datePublished\":\"2017-07-22T11:51:12+00:00\",\"dateModified\":\"2026-04-15T11:05:42+00:00\",\"description\":\"Partez \u00e0 la d\u00e9couverte du tr\u00e9sor avec cette superbe r\u00e9plique de Pi\u00e8ce Doublon d'Or 2.5cm sign\u00e9 Denix. Tout en m\u00e9tal dor\u00e9 avec gravures. Envoi en 24\\\/48h\",\"breadcrumb\":{\"@id\":\"https:\\\/\\\/repliquemangacine.fr\\\/sabre-dabordage-de-pirate\\\/piece-doublon-dor-2-5cm-felipe-ii-1556-1598\\\/#breadcrumb\"},\"inLanguage\":\"en-US\",\"potentialAction\":[{\"@type\":\"ReadAction\",\"target\":[\"https:\\\/\\\/repliquemangacine.fr\\\/sabre-dabordage-de-pirate\\\/piece-doublon-dor-2-5cm-felipe-ii-1556-1598\\\/\"]}]},{\"@type\":\"ImageObject\",\"inLanguage\":\"en-US\",\"@id\":\"https:\\\/\\\/repliquemangacine.fr\\\/sabre-dabordage-de-pirate\\\/piece-doublon-dor-2-5cm-felipe-ii-1556-1598\\\/#primaryimage\",\"url\":\"https:\\\/\\\/repliquemangacine.fr\\\/wp-content\\\/uploads\\\/2023\\\/10\\\/2219-Piece-de-2-escudos-Doublon-dor-Felipe-II-1556-1598.jpg\",\"contentUrl\":\"https:\\\/\\\/repliquemangacine.fr\\\/wp-content\\\/uploads\\\/2023\\\/10\\\/2219-Piece-de-2-escudos-Doublon-dor-Felipe-II-1556-1598.jpg\",\"width\":600,\"height\":600,\"caption\":\"Pi\u00e8ce Doublon d'Or 2.5cm espagnole\"},{\"@type\":\"BreadcrumbList\",\"@id\":\"https:\\\/\\\/repliquemangacine.fr\\\/sabre-dabordage-de-pirate\\\/piece-doublon-dor-2-5cm-felipe-ii-1556-1598\\\/#breadcrumb\",\"itemListElement\":[{\"@type\":\"ListItem\",\"position\":1,\"name\":\"Accueil\",\"item\":\"https:\\\/\\\/repliquemangacine.fr\\\/\"},{\"@type\":\"ListItem\",\"position\":2,\"name\":\"Produits\",\"item\":\"https:\\\/\\\/repliquemangacine.fr\\\/boutique\\\/\"},{\"@type\":\"ListItem\",\"position\":3,\"name\":\"Pi\u00e8ce Doublon d&#8217;Or 2.5cm\"}]},{\"@type\":\"WebSite\",\"@id\":\"https:\\\/\\\/repliquemangacine.fr\\\/#website\",\"url\":\"https:\\\/\\\/repliquemangacine.fr\\\/\",\"name\":\"R\u00e9plique Manga Cin\u00e9\",\"description\":\"\",\"publisher\":{\"@id\":\"https:\\\/\\\/repliquemangacine.fr\\\/#organization\"},\"potentialAction\":[{\"@type\":\"SearchAction\",\"target\":{\"@type\":\"EntryPoint\",\"urlTemplate\":\"https:\\\/\\\/repliquemangacine.fr\\\/?s={search_term_string}\"},\"query-input\":{\"@type\":\"PropertyValueSpecification\",\"valueRequired\":true,\"valueName\":\"search_term_string\"}}],\"inLanguage\":\"en-US\"},{\"@type\":\"Organization\",\"@id\":\"https:\\\/\\\/repliquemangacine.fr\\\/#organization\",\"name\":\"R\u00e9plique Manga Cin\u00e9\",\"url\":\"https:\\\/\\\/repliquemangacine.fr\\\/\",\"logo\":{\"@type\":\"ImageObject\",\"inLanguage\":\"en-US\",\"@id\":\"https:\\\/\\\/repliquemangacine.fr\\\/#\\\/schema\\\/logo\\\/image\\\/\",\"url\":\"https:\\\/\\\/repliquemangacine.fr\\\/wp-content\\\/uploads\\\/2023\\\/10\\\/RMC-500250.png\",\"contentUrl\":\"https:\\\/\\\/repliquemangacine.fr\\\/wp-content\\\/uploads\\\/2023\\\/10\\\/RMC-500250.png\",\"width\":500,\"height\":250,\"caption\":\"R\u00e9plique Manga Cin\u00e9\"},\"image\":{\"@id\":\"https:\\\/\\\/repliquemangacine.fr\\\/#\\\/schema\\\/logo\\\/image\\\/\"},\"sameAs\":[\"https:\\\/\\\/www.facebook.com\\\/RepliqueMangaCine\",\"https:\\\/\\\/www.instagram.com\\\/repliquemangacine.fr\\\/\"]}]}<\/script>\n<!-- \/ Yoast SEO plugin. -->","yoast_head_json":{"title":"Gold Lining Coin 2.5cm","description":"Set off on a treasure hunt with this superb 2.5cm replica Pi\u00e8ce Doublon d'Or by Denix. All in gilded metal with engravings. Delivery in 24\/48h","robots":{"index":"index","follow":"follow","max-snippet":"max-snippet:-1","max-image-preview":"max-image-preview:large","max-video-preview":"max-video-preview:-1"},"canonical":"https:\/\/repliquemangacine.fr\/en\/pirate-sword-2\/gold-lining-piece-2-5cm-felipe-ii-1556-1598\/","og_locale":"en_US","og_type":"article","og_title":"Pi\u00e8ce Doublon d'Or 2.5cm","og_description":"Partez \u00e0 la d\u00e9couverte du tr\u00e9sor avec cette superbe r\u00e9plique de Pi\u00e8ce Doublon d'Or 2.5cm sign\u00e9 Denix. Tout en m\u00e9tal dor\u00e9 avec gravures. Envoi en 24\/48h","og_url":"https:\/\/repliquemangacine.fr\/en\/pirate-sword-2\/gold-lining-piece-2-5cm-felipe-ii-1556-1598\/","og_site_name":"R\u00e9plique Manga Cin\u00e9","article_publisher":"https:\/\/www.facebook.com\/RepliqueMangaCine","article_modified_time":"2026-04-15T11:05:42+00:00","og_image":[{"width":600,"height":600,"url":"https:\/\/repliquemangacine.fr\/wp-content\/uploads\/2023\/10\/2219-Piece-de-2-escudos-Doublon-dor-Felipe-II-1556-1598.jpg","type":"image\/jpeg"}],"twitter_card":"summary_large_image","twitter_misc":{"Est. reading time":"2 minutes"},"schema":{"@context":"https:\/\/schema.org","@graph":[{"@type":"WebPage","@id":"https:\/\/repliquemangacine.fr\/sabre-dabordage-de-pirate\/piece-doublon-dor-2-5cm-felipe-ii-1556-1598\/","url":"https:\/\/repliquemangacine.fr\/sabre-dabordage-de-pirate\/piece-doublon-dor-2-5cm-felipe-ii-1556-1598\/","name":"Gold Lining Coin 2.5cm","isPartOf":{"@id":"https:\/\/repliquemangacine.fr\/#website"},"primaryImageOfPage":{"@id":"https:\/\/repliquemangacine.fr\/sabre-dabordage-de-pirate\/piece-doublon-dor-2-5cm-felipe-ii-1556-1598\/#primaryimage"},"image":{"@id":"https:\/\/repliquemangacine.fr\/sabre-dabordage-de-pirate\/piece-doublon-dor-2-5cm-felipe-ii-1556-1598\/#primaryimage"},"thumbnailUrl":"https:\/\/repliquemangacine.fr\/wp-content\/uploads\/2023\/10\/2219-Piece-de-2-escudos-Doublon-dor-Felipe-II-1556-1598.jpg","datePublished":"2017-07-22T11:51:12+00:00","dateModified":"2026-04-15T11:05:42+00:00","description":"Set off on a treasure hunt with this superb 2.5cm replica Pi\u00e8ce Doublon d'Or by Denix. All in gilded metal with engravings. Delivery in 24\/48h","breadcrumb":{"@id":"https:\/\/repliquemangacine.fr\/sabre-dabordage-de-pirate\/piece-doublon-dor-2-5cm-felipe-ii-1556-1598\/#breadcrumb"},"inLanguage":"en-US","potentialAction":[{"@type":"ReadAction","target":["https:\/\/repliquemangacine.fr\/sabre-dabordage-de-pirate\/piece-doublon-dor-2-5cm-felipe-ii-1556-1598\/"]}]},{"@type":"ImageObject","inLanguage":"en-US","@id":"https:\/\/repliquemangacine.fr\/sabre-dabordage-de-pirate\/piece-doublon-dor-2-5cm-felipe-ii-1556-1598\/#primaryimage","url":"https:\/\/repliquemangacine.fr\/wp-content\/uploads\/2023\/10\/2219-Piece-de-2-escudos-Doublon-dor-Felipe-II-1556-1598.jpg","contentUrl":"https:\/\/repliquemangacine.fr\/wp-content\/uploads\/2023\/10\/2219-Piece-de-2-escudos-Doublon-dor-Felipe-II-1556-1598.jpg","width":600,"height":600,"caption":"Pi\u00e8ce Doublon d'Or 2.5cm espagnole"},{"@type":"BreadcrumbList","@id":"https:\/\/repliquemangacine.fr\/sabre-dabordage-de-pirate\/piece-doublon-dor-2-5cm-felipe-ii-1556-1598\/#breadcrumb","itemListElement":[{"@type":"ListItem","position":1,"name":"Accueil","item":"https:\/\/repliquemangacine.fr\/"},{"@type":"ListItem","position":2,"name":"Produits","item":"https:\/\/repliquemangacine.fr\/boutique\/"},{"@type":"ListItem","position":3,"name":"Pi\u00e8ce Doublon d&#8217;Or 2.5cm"}]},{"@type":"WebSite","@id":"https:\/\/repliquemangacine.fr\/#website","url":"https:\/\/repliquemangacine.fr\/","name":"R\u00e9plique Manga Cin\u00e9","description":"","publisher":{"@id":"https:\/\/repliquemangacine.fr\/#organization"},"potentialAction":[{"@type":"SearchAction","target":{"@type":"EntryPoint","urlTemplate":"https:\/\/repliquemangacine.fr\/?s={search_term_string}"},"query-input":{"@type":"PropertyValueSpecification","valueRequired":true,"valueName":"search_term_string"}}],"inLanguage":"en-US"},{"@type":"Organization","@id":"https:\/\/repliquemangacine.fr\/#organization","name":"R\u00e9plique Manga Cin\u00e9","url":"https:\/\/repliquemangacine.fr\/","logo":{"@type":"ImageObject","inLanguage":"en-US","@id":"https:\/\/repliquemangacine.fr\/#\/schema\/logo\/image\/","url":"https:\/\/repliquemangacine.fr\/wp-content\/uploads\/2023\/10\/RMC-500250.png","contentUrl":"https:\/\/repliquemangacine.fr\/wp-content\/uploads\/2023\/10\/RMC-500250.png","width":500,"height":250,"caption":"R\u00e9plique Manga Cin\u00e9"},"image":{"@id":"https:\/\/repliquemangacine.fr\/#\/schema\/logo\/image\/"},"sameAs":["https:\/\/www.facebook.com\/RepliqueMangaCine","https:\/\/www.instagram.com\/repliquemangacine.fr\/"]}]}},"_links":{"self":[{"href":"https:\/\/repliquemangacine.fr\/en\/wp-json\/wp\/v2\/product\/27422","targetHints":{"allow":["GET"]}}],"collection":[{"href":"https:\/\/repliquemangacine.fr\/en\/wp-json\/wp\/v2\/product"}],"about":[{"href":"https:\/\/repliquemangacine.fr\/en\/wp-json\/wp\/v2\/types\/product"}],"wp:featuredmedia":[{"embeddable":true,"href":"https:\/\/repliquemangacine.fr\/en\/wp-json\/wp\/v2\/media\/27423"}],"wp:attachment":[{"href":"https:\/\/repliquemangacine.fr\/en\/wp-json\/wp\/v2\/media?parent=27422"}],"wp:term":[{"taxonomy":"product_brand","embeddable":true,"href":"https:\/\/repliquemangacine.fr\/en\/wp-json\/wp\/v2\/product_brand?post=27422"},{"taxonomy":"product_cat","embeddable":true,"href":"https:\/\/repliquemangacine.fr\/en\/wp-json\/wp\/v2\/product_cat?post=27422"},{"taxonomy":"product_tag","embeddable":true,"href":"https:\/\/repliquemangacine.fr\/en\/wp-json\/wp\/v2\/product_tag?post=27422"}],"curies":[{"name":"wp","href":"https:\/\/api.w.org\/{rel}","templated":true}]}}