





{"id":27412,"date":"2017-07-22T10:52:33","date_gmt":"2017-07-22T08:52:33","guid":{"rendered":"https:\/\/repliquemangacine.fr\/?post_type=product&#038;p=27412"},"modified":"2026-03-20T17:56:21","modified_gmt":"2026-03-20T16:56:21","slug":"piece-of-8-reales-felipe-iv-1635-2","status":"publish","type":"product","link":"https:\/\/repliquemangacine.fr\/en\/sabre-dabordage-de-pirate\/piece-de-8-reales-felipe-iv-1635-2\/","title":{"rendered":"8 Reales coin"},"content":{"rendered":"<h2>Replica of the Denix 8 Reales Coin<\/h2>\n<p>The Pi\u00e8ce de 8 Reales, an essential accessory for your disguise. Invented during the reign of Philip IV in 1635.<\/p>\n<p>Reales de 8 had a face value of 8 reales in Spain. Coins were often physically cut into eight pieces, or sometimes into four quarters to make a smaller change.<\/p>\n<p>The value is calculated according to the weight in precious metal. The coin of eight traveled widely in the coffers of Spanish ships for several hundred years, and became the common booty of pirates. A coin of eight was worth 8 silver reals (8 times 1 real).<\/p>\n<p>Pirates tried (and often succeeded) to steal precious cargoes of gold, silver and other products from the New World, which presented an ideal business for its abundance of islands where pirates could find places of refuge. This gold currency was a favorite of freebooters.<\/p>\n<p>The pirates who plagued the Caribbean Sea were sometimes mistakenly referred to as buccaneers. Pirates are distinguished from privateers, who are civilians waging war on the sea with the authorization of their government, according to the laws of war, with a status equivalent to that of the military.<\/p>\n<p>Contrary to the image spread by cinematic fictions, because of their very way of life, few pirates ate their fill or became rich; most died young in battle.<\/p>\n<p>The practice of piracy has been predominantly male, but there have also been female pirates. Famous names such as Mary Read and Anne Bonny are known to have sailed with the pirate Jack Rackham.<\/p>\n<h3>We offer a wide selection of replicas from the Piracy period.<\/h3>\n<p>First and foremost,<\/p>\n<ul>\n<li>Visit <a href=\"https:\/\/repliquemangacine.fr\/en\/pirate-weapons\/pirate-cutlass-dagger-or-small-pirate-sword\/\">Pirate cutlass<\/a> also known as a petit sabre.<\/li>\n<li>There's also the Pirates Axe Gun. The <a href=\"https:\/\/repliquemangacine.fr\/en\/assassins-creed\/pirate-axe-gun-18th-century\/\">Gun Axe<\/a> in Assassin's Creed Unity: Dead Kings<\/li>\n<li>As well as the <a href=\"https:\/\/repliquemangacine.fr\/en\/assassins-creed\/edward-keway-flintlock-pistol-replica-manga-cine\/\">Pirates gun by Edward Kenway<\/a> in Assassin's Creed Black flag<\/li>\n<li>And many more besides.<\/li>\n<\/ul>\n<p>That's why this is a great gift idea for all pirate fans.<\/p>\n<h3>You can use the 8 Reales Coin for your theme parties.<\/h3>\n<p>First and foremost, this is a collector's and decorative piece.<\/p>\n<p>R\u00e9plique Manga Cin\u00e9 is a French family business and official distributor of <a href=\"https:\/\/www.denix.fr\/fr\/catalogue\/colonial-et-pirate-1492-s-xviii\/pieces-de-monnaie\/72\/\">Denix<\/a><\/p>","protected":false},"excerpt":{"rendered":"<p>Set of 5 pieces of 8<\/p>\n<p>Here's an original idea from the manufacturer Denix to offer us replicas of Spanish coins. This coin dates from the time of King Philip IV of Spain, in 1635.<\/p>\n<ul>\n<li>Made entirely of silver-plated metal with impressive detailing.<\/li>\n<li>Engraved on both sides.<\/li>\n<li>The front features two lions, two towers and the year.<\/li>\n<li>On the reverse, a crown with the king's name, the number 8, escutcheons.<\/li>\n<li>This piece is a marvel for collectors.<\/li>\n<li>Diameter: 3.5cm<\/li>\n<\/ul>","protected":false},"featured_media":27413,"template":"","meta":[],"product_brand":[896],"product_cat":[49,25,115],"product_tag":[],"class_list":{"0":"post-27412","1":"product","2":"type-product","3":"status-publish","4":"has-post-thumbnail","6":"product_brand-replique-manga-cine","7":"product_cat-armes-de-pirates","8":"product_cat-armes-historiques","9":"product_cat-sabre-dabordage-de-pirate","11":"first","12":"instock","13":"taxable","14":"shipping-taxable","15":"purchasable","16":"product-type-simple"},"yoast_head":"<!-- This site is optimized with the Yoast SEO plugin v27.5 - https:\/\/yoast.com\/product\/yoast-seo-wordpress\/ -->\n<title>Pi\u00e8ce de 8 Reales Felipe IV 1635 - R\u00e9plique manga cin\u00e9<\/title>\n<meta name=\"description\" content=\"Denix propose cette r\u00e9plique de Pi\u00e8ce de 8 Reales, monnaie pr\u00e9f\u00e9r\u00e9e des pirates, tout en m\u00e9tal argent\u00e9 avec de sublime gravures. Envoi 24\/48H\" \/>\n<meta name=\"robots\" content=\"index, follow, max-snippet:-1, max-image-preview:large, max-video-preview:-1\" \/>\n<link rel=\"canonical\" href=\"https:\/\/repliquemangacine.fr\/en\/pirate-sword-2\/piece-of-8-reales-felipe-iv-1635-2\/\" \/>\n<meta property=\"og:locale\" content=\"en_US\" \/>\n<meta property=\"og:type\" content=\"article\" \/>\n<meta property=\"og:title\" content=\"Pi\u00e8ce de 8 Reales Felipe IV 1635 - R\u00e9plique manga cin\u00e9\" \/>\n<meta property=\"og:description\" content=\"Denix propose cette r\u00e9plique de Pi\u00e8ce de 8 Reales, monnaie pr\u00e9f\u00e9r\u00e9e des pirates, tout en m\u00e9tal argent\u00e9 avec de sublime gravures. Envoi 24\/48H\" \/>\n<meta property=\"og:url\" content=\"https:\/\/repliquemangacine.fr\/en\/pirate-sword-2\/piece-of-8-reales-felipe-iv-1635-2\/\" \/>\n<meta property=\"og:site_name\" content=\"R\u00e9plique Manga Cin\u00e9\" \/>\n<meta property=\"article:publisher\" content=\"https:\/\/www.facebook.com\/RepliqueMangaCine\" \/>\n<meta property=\"article:modified_time\" content=\"2026-03-20T16:56:21+00:00\" \/>\n<meta property=\"og:image\" content=\"https:\/\/repliquemangacine.fr\/wp-content\/uploads\/2023\/10\/piece-espagnole-denix-.jpg\" \/>\n\t<meta property=\"og:image:width\" content=\"800\" \/>\n\t<meta property=\"og:image:height\" content=\"800\" \/>\n\t<meta property=\"og:image:type\" content=\"image\/jpeg\" \/>\n<meta name=\"twitter:card\" content=\"summary_large_image\" \/>\n<meta name=\"twitter:label1\" content=\"Est. reading time\" \/>\n\t<meta name=\"twitter:data1\" content=\"3 minutes\" \/>\n<script type=\"application\/ld+json\" class=\"yoast-schema-graph\">{\"@context\":\"https:\\\/\\\/schema.org\",\"@graph\":[{\"@type\":\"WebPage\",\"@id\":\"https:\\\/\\\/repliquemangacine.fr\\\/sabre-dabordage-de-pirate\\\/piece-de-8-reales-felipe-iv-1635-2\\\/\",\"url\":\"https:\\\/\\\/repliquemangacine.fr\\\/sabre-dabordage-de-pirate\\\/piece-de-8-reales-felipe-iv-1635-2\\\/\",\"name\":\"Pi\u00e8ce de 8 Reales Felipe IV 1635 - R\u00e9plique manga cin\u00e9\",\"isPartOf\":{\"@id\":\"https:\\\/\\\/repliquemangacine.fr\\\/#website\"},\"primaryImageOfPage\":{\"@id\":\"https:\\\/\\\/repliquemangacine.fr\\\/sabre-dabordage-de-pirate\\\/piece-de-8-reales-felipe-iv-1635-2\\\/#primaryimage\"},\"image\":{\"@id\":\"https:\\\/\\\/repliquemangacine.fr\\\/sabre-dabordage-de-pirate\\\/piece-de-8-reales-felipe-iv-1635-2\\\/#primaryimage\"},\"thumbnailUrl\":\"https:\\\/\\\/repliquemangacine.fr\\\/wp-content\\\/uploads\\\/2023\\\/10\\\/piece-espagnole-denix-.jpg\",\"datePublished\":\"2017-07-22T08:52:33+00:00\",\"dateModified\":\"2026-03-20T16:56:21+00:00\",\"description\":\"Denix propose cette r\u00e9plique de Pi\u00e8ce de 8 Reales, monnaie pr\u00e9f\u00e9r\u00e9e des pirates, tout en m\u00e9tal argent\u00e9 avec de sublime gravures. Envoi 24\\\/48H\",\"breadcrumb\":{\"@id\":\"https:\\\/\\\/repliquemangacine.fr\\\/sabre-dabordage-de-pirate\\\/piece-de-8-reales-felipe-iv-1635-2\\\/#breadcrumb\"},\"inLanguage\":\"en-US\",\"potentialAction\":[{\"@type\":\"ReadAction\",\"target\":[\"https:\\\/\\\/repliquemangacine.fr\\\/sabre-dabordage-de-pirate\\\/piece-de-8-reales-felipe-iv-1635-2\\\/\"]}]},{\"@type\":\"ImageObject\",\"inLanguage\":\"en-US\",\"@id\":\"https:\\\/\\\/repliquemangacine.fr\\\/sabre-dabordage-de-pirate\\\/piece-de-8-reales-felipe-iv-1635-2\\\/#primaryimage\",\"url\":\"https:\\\/\\\/repliquemangacine.fr\\\/wp-content\\\/uploads\\\/2023\\\/10\\\/piece-espagnole-denix-.jpg\",\"contentUrl\":\"https:\\\/\\\/repliquemangacine.fr\\\/wp-content\\\/uploads\\\/2023\\\/10\\\/piece-espagnole-denix-.jpg\",\"width\":800,\"height\":800,\"caption\":\"Pi\u00e8ce Espagnole de 8 Felipe IV 1635\"},{\"@type\":\"BreadcrumbList\",\"@id\":\"https:\\\/\\\/repliquemangacine.fr\\\/sabre-dabordage-de-pirate\\\/piece-de-8-reales-felipe-iv-1635-2\\\/#breadcrumb\",\"itemListElement\":[{\"@type\":\"ListItem\",\"position\":1,\"name\":\"Accueil\",\"item\":\"https:\\\/\\\/repliquemangacine.fr\\\/\"},{\"@type\":\"ListItem\",\"position\":2,\"name\":\"Produits\",\"item\":\"https:\\\/\\\/repliquemangacine.fr\\\/boutique\\\/\"},{\"@type\":\"ListItem\",\"position\":3,\"name\":\"Pi\u00e8ce de 8 Reales\"}]},{\"@type\":\"WebSite\",\"@id\":\"https:\\\/\\\/repliquemangacine.fr\\\/#website\",\"url\":\"https:\\\/\\\/repliquemangacine.fr\\\/\",\"name\":\"R\u00e9plique Manga Cin\u00e9\",\"description\":\"\",\"publisher\":{\"@id\":\"https:\\\/\\\/repliquemangacine.fr\\\/#organization\"},\"potentialAction\":[{\"@type\":\"SearchAction\",\"target\":{\"@type\":\"EntryPoint\",\"urlTemplate\":\"https:\\\/\\\/repliquemangacine.fr\\\/?s={search_term_string}\"},\"query-input\":{\"@type\":\"PropertyValueSpecification\",\"valueRequired\":true,\"valueName\":\"search_term_string\"}}],\"inLanguage\":\"en-US\"},{\"@type\":\"Organization\",\"@id\":\"https:\\\/\\\/repliquemangacine.fr\\\/#organization\",\"name\":\"R\u00e9plique Manga Cin\u00e9\",\"url\":\"https:\\\/\\\/repliquemangacine.fr\\\/\",\"logo\":{\"@type\":\"ImageObject\",\"inLanguage\":\"en-US\",\"@id\":\"https:\\\/\\\/repliquemangacine.fr\\\/#\\\/schema\\\/logo\\\/image\\\/\",\"url\":\"https:\\\/\\\/repliquemangacine.fr\\\/wp-content\\\/uploads\\\/2023\\\/10\\\/RMC-500250.png\",\"contentUrl\":\"https:\\\/\\\/repliquemangacine.fr\\\/wp-content\\\/uploads\\\/2023\\\/10\\\/RMC-500250.png\",\"width\":500,\"height\":250,\"caption\":\"R\u00e9plique Manga Cin\u00e9\"},\"image\":{\"@id\":\"https:\\\/\\\/repliquemangacine.fr\\\/#\\\/schema\\\/logo\\\/image\\\/\"},\"sameAs\":[\"https:\\\/\\\/www.facebook.com\\\/RepliqueMangaCine\",\"https:\\\/\\\/www.instagram.com\\\/repliquemangacine.fr\\\/\"]}]}<\/script>\n<!-- \/ Yoast SEO plugin. -->","yoast_head_json":{"title":"8 Reales Felipe IV 1635 coin - Manga movie replica","description":"Denix offers this replica of the 8 Reales coin, a pirate's favorite, all in silver-plated metal with sublime engravings. Delivery 24\/48H","robots":{"index":"index","follow":"follow","max-snippet":"max-snippet:-1","max-image-preview":"max-image-preview:large","max-video-preview":"max-video-preview:-1"},"canonical":"https:\/\/repliquemangacine.fr\/en\/pirate-sword-2\/piece-of-8-reales-felipe-iv-1635-2\/","og_locale":"en_US","og_type":"article","og_title":"Pi\u00e8ce de 8 Reales Felipe IV 1635 - R\u00e9plique manga cin\u00e9","og_description":"Denix propose cette r\u00e9plique de Pi\u00e8ce de 8 Reales, monnaie pr\u00e9f\u00e9r\u00e9e des pirates, tout en m\u00e9tal argent\u00e9 avec de sublime gravures. Envoi 24\/48H","og_url":"https:\/\/repliquemangacine.fr\/en\/pirate-sword-2\/piece-of-8-reales-felipe-iv-1635-2\/","og_site_name":"R\u00e9plique Manga Cin\u00e9","article_publisher":"https:\/\/www.facebook.com\/RepliqueMangaCine","article_modified_time":"2026-03-20T16:56:21+00:00","og_image":[{"width":800,"height":800,"url":"https:\/\/repliquemangacine.fr\/wp-content\/uploads\/2023\/10\/piece-espagnole-denix-.jpg","type":"image\/jpeg"}],"twitter_card":"summary_large_image","twitter_misc":{"Est. reading time":"3 minutes"},"schema":{"@context":"https:\/\/schema.org","@graph":[{"@type":"WebPage","@id":"https:\/\/repliquemangacine.fr\/sabre-dabordage-de-pirate\/piece-de-8-reales-felipe-iv-1635-2\/","url":"https:\/\/repliquemangacine.fr\/sabre-dabordage-de-pirate\/piece-de-8-reales-felipe-iv-1635-2\/","name":"8 Reales Felipe IV 1635 coin - Manga movie replica","isPartOf":{"@id":"https:\/\/repliquemangacine.fr\/#website"},"primaryImageOfPage":{"@id":"https:\/\/repliquemangacine.fr\/sabre-dabordage-de-pirate\/piece-de-8-reales-felipe-iv-1635-2\/#primaryimage"},"image":{"@id":"https:\/\/repliquemangacine.fr\/sabre-dabordage-de-pirate\/piece-de-8-reales-felipe-iv-1635-2\/#primaryimage"},"thumbnailUrl":"https:\/\/repliquemangacine.fr\/wp-content\/uploads\/2023\/10\/piece-espagnole-denix-.jpg","datePublished":"2017-07-22T08:52:33+00:00","dateModified":"2026-03-20T16:56:21+00:00","description":"Denix offers this replica of the 8 Reales coin, a pirate's favorite, all in silver-plated metal with sublime engravings. Delivery 24\/48H","breadcrumb":{"@id":"https:\/\/repliquemangacine.fr\/sabre-dabordage-de-pirate\/piece-de-8-reales-felipe-iv-1635-2\/#breadcrumb"},"inLanguage":"en-US","potentialAction":[{"@type":"ReadAction","target":["https:\/\/repliquemangacine.fr\/sabre-dabordage-de-pirate\/piece-de-8-reales-felipe-iv-1635-2\/"]}]},{"@type":"ImageObject","inLanguage":"en-US","@id":"https:\/\/repliquemangacine.fr\/sabre-dabordage-de-pirate\/piece-de-8-reales-felipe-iv-1635-2\/#primaryimage","url":"https:\/\/repliquemangacine.fr\/wp-content\/uploads\/2023\/10\/piece-espagnole-denix-.jpg","contentUrl":"https:\/\/repliquemangacine.fr\/wp-content\/uploads\/2023\/10\/piece-espagnole-denix-.jpg","width":800,"height":800,"caption":"Pi\u00e8ce Espagnole de 8 Felipe IV 1635"},{"@type":"BreadcrumbList","@id":"https:\/\/repliquemangacine.fr\/sabre-dabordage-de-pirate\/piece-de-8-reales-felipe-iv-1635-2\/#breadcrumb","itemListElement":[{"@type":"ListItem","position":1,"name":"Accueil","item":"https:\/\/repliquemangacine.fr\/"},{"@type":"ListItem","position":2,"name":"Produits","item":"https:\/\/repliquemangacine.fr\/boutique\/"},{"@type":"ListItem","position":3,"name":"Pi\u00e8ce de 8 Reales"}]},{"@type":"WebSite","@id":"https:\/\/repliquemangacine.fr\/#website","url":"https:\/\/repliquemangacine.fr\/","name":"R\u00e9plique Manga Cin\u00e9","description":"","publisher":{"@id":"https:\/\/repliquemangacine.fr\/#organization"},"potentialAction":[{"@type":"SearchAction","target":{"@type":"EntryPoint","urlTemplate":"https:\/\/repliquemangacine.fr\/?s={search_term_string}"},"query-input":{"@type":"PropertyValueSpecification","valueRequired":true,"valueName":"search_term_string"}}],"inLanguage":"en-US"},{"@type":"Organization","@id":"https:\/\/repliquemangacine.fr\/#organization","name":"R\u00e9plique Manga Cin\u00e9","url":"https:\/\/repliquemangacine.fr\/","logo":{"@type":"ImageObject","inLanguage":"en-US","@id":"https:\/\/repliquemangacine.fr\/#\/schema\/logo\/image\/","url":"https:\/\/repliquemangacine.fr\/wp-content\/uploads\/2023\/10\/RMC-500250.png","contentUrl":"https:\/\/repliquemangacine.fr\/wp-content\/uploads\/2023\/10\/RMC-500250.png","width":500,"height":250,"caption":"R\u00e9plique Manga Cin\u00e9"},"image":{"@id":"https:\/\/repliquemangacine.fr\/#\/schema\/logo\/image\/"},"sameAs":["https:\/\/www.facebook.com\/RepliqueMangaCine","https:\/\/www.instagram.com\/repliquemangacine.fr\/"]}]}},"_links":{"self":[{"href":"https:\/\/repliquemangacine.fr\/en\/wp-json\/wp\/v2\/product\/27412","targetHints":{"allow":["GET"]}}],"collection":[{"href":"https:\/\/repliquemangacine.fr\/en\/wp-json\/wp\/v2\/product"}],"about":[{"href":"https:\/\/repliquemangacine.fr\/en\/wp-json\/wp\/v2\/types\/product"}],"wp:featuredmedia":[{"embeddable":true,"href":"https:\/\/repliquemangacine.fr\/en\/wp-json\/wp\/v2\/media\/27413"}],"wp:attachment":[{"href":"https:\/\/repliquemangacine.fr\/en\/wp-json\/wp\/v2\/media?parent=27412"}],"wp:term":[{"taxonomy":"product_brand","embeddable":true,"href":"https:\/\/repliquemangacine.fr\/en\/wp-json\/wp\/v2\/product_brand?post=27412"},{"taxonomy":"product_cat","embeddable":true,"href":"https:\/\/repliquemangacine.fr\/en\/wp-json\/wp\/v2\/product_cat?post=27412"},{"taxonomy":"product_tag","embeddable":true,"href":"https:\/\/repliquemangacine.fr\/en\/wp-json\/wp\/v2\/product_tag?post=27412"}],"curies":[{"name":"wp","href":"https:\/\/api.w.org\/{rel}","templated":true}]}}