





{"id":27381,"date":"2017-07-16T17:18:49","date_gmt":"2017-07-16T15:18:49","guid":{"rendered":"https:\/\/repliquemangacine.fr\/?post_type=product&#038;p=27381"},"modified":"2026-01-23T22:42:47","modified_gmt":"2026-01-23T21:42:47","slug":"wooden-stand-for-pistol-and-colt-2","status":"publish","type":"product","link":"https:\/\/repliquemangacine.fr\/en\/holster-accessoires-western\/support-en-bois-pour-pistolet-et-colt\/","title":{"rendered":"Gun support"},"content":{"rendered":"<h2>Wooden gun holder - Denix<\/h2>\n<p>To get you started, the wooden gun stand is essential for a beautiful presentation of your weapons.<\/p>\n<p><a href=\"https:\/\/www.denix.fr\/\" target=\"_blank\" rel=\"noopener noreferrer\">Denix<\/a> has come up with an original idea for a simple interlocking stand, with no need for nails or screws. With this little object, you'll be able to display all your colts and pistols at low cost.<\/p>\n<p>Denix, a world-renowned Spanish company in the sale of reproductions of historical weapons. Leader in its field for over 50 years, it exports to over 40 countries, with a large network of distributors of which we are part, for the pleasure of all.<\/p>\n<p>All historical eras are represented in their catalog:<\/p>\n<ul>\n<li>Antiquity and its swords<\/li>\n<li>The Middle Ages and swords<\/li>\n<li>1st Empire with rifles, pistols and sabres<\/li>\n<li>Western colts and winchesters<\/li>\n<li>World War 2\u1d49 and its D-Day weapons<\/li>\n<\/ul>\n<h2>Your Denix replica weapons at the best price.<\/h2>\n<p>We offer a wide selection of Denix gun reproductions.<\/p>\n<p>First and foremost,<\/p>\n<ul>\n<li>Ancient replicas such as the <a href=\"https:\/\/repliquemangacine.fr\/en\/historical-weapons\/black-jules-cesar-sword\/\">Julius Caesar's sword<\/a> with remarkable finishes.<\/li>\n<li>There is also the Western period with <a href=\"https:\/\/repliquemangacine.fr\/en\/winchester-rifle\/\">Winchesters<\/a> and Cowboy Colts<\/li>\n<li>As well as ancient and medieval periods such as the<a href=\"https:\/\/repliquemangacine.fr\/en\/reproductions-of-medieval-weapons-and-accessories\/excalibur-king-arthur-legendary-sword\/\">King Arthur's Excalibur sword<\/a><\/li>\n<li>To conclude the <a href=\"https:\/\/repliquemangacine.fr\/en\/weapons-world-war-ii\/\">World War II<\/a> with all the weapons used on D-Day<\/li>\n<li>And much more to discover in our online store!<\/li>\n<\/ul>\n<p>That's why we've come up with some great gift ideas for all you history buffs out there.<\/p>\n<p>In conclusion, you can use this wooden gun stand to decorate and display your collectors' guns.<\/p>\n<p>R\u00e9plique Manga Cin\u00e9 is a French family business and official distributor of the Denix brand.<\/p>","protected":false},"excerpt":{"rendered":"<p>At last, you'll be able to display your colts and pistols wherever you like, with complete peace of mind.<\/p>\n<ul>\n<li>Wooden stand that can be placed anywhere.<\/li>\n<li>Easy to assemble with snap-fit mechanism.<\/li>\n<li>Height : 11 cm - Weight : 30 Grammes<\/li>\n<\/ul>","protected":false},"featured_media":27382,"template":"","meta":[],"product_brand":[896],"product_cat":[51,25,102,54,90,85,28,27],"product_tag":[],"class_list":{"0":"post-27381","1":"product","2":"type-product","3":"status-publish","4":"has-post-thumbnail","6":"product_brand-replique-manga-cine","7":"product_cat-accessoires-western","8":"product_cat-armes-historiques","9":"product_cat-denix","10":"product_cat-armes-accessoires-guerre-mondiale","11":"product_cat-holster-accessoires-western","12":"product_cat-dagues-et-accessoires-seconde-guerre-mondiale-materiels-militaria","13":"product_cat-repliques-darmes","14":"product_cat-armes-et-accessoires-western","16":"first","17":"instock","18":"taxable","19":"shipping-taxable","20":"purchasable","21":"product-type-simple"},"yoast_head":"<!-- This site is optimized with the Yoast SEO plugin v27.4 - https:\/\/yoast.com\/product\/yoast-seo-wordpress\/ -->\n<title>Support pistolet bois -Vente en ligne - Denix | R\u00e9plique Manga Cin\u00e9<\/title>\n<meta name=\"description\" content=\"Vous allez pouvoir exposer vos pistolets, colts, revolver partout ou vous voulez, gr\u00e2ce \u00e0 ce support pistolet bois au meilleur prix (petit, mais costaud).\" \/>\n<meta name=\"robots\" content=\"index, follow, max-snippet:-1, max-image-preview:large, max-video-preview:-1\" \/>\n<link rel=\"canonical\" href=\"https:\/\/repliquemangacine.fr\/en\/denix\/wooden-stand-for-pistol-and-colt-2\/\" \/>\n<meta property=\"og:locale\" content=\"en_US\" \/>\n<meta property=\"og:type\" content=\"article\" \/>\n<meta property=\"og:title\" content=\"Support pistolet bois -Vente en ligne - Denix | R\u00e9plique Manga Cin\u00e9\" \/>\n<meta property=\"og:description\" content=\"Vous allez pouvoir exposer vos pistolets, colts, revolver partout ou vous voulez, gr\u00e2ce \u00e0 ce support pistolet bois au meilleur prix (petit, mais costaud).\" \/>\n<meta property=\"og:url\" content=\"https:\/\/repliquemangacine.fr\/en\/denix\/wooden-stand-for-pistol-and-colt-2\/\" \/>\n<meta property=\"og:site_name\" content=\"R\u00e9plique Manga Cin\u00e9\" \/>\n<meta property=\"article:publisher\" content=\"https:\/\/www.facebook.com\/RepliqueMangaCine\" \/>\n<meta property=\"article:modified_time\" content=\"2026-01-23T21:42:47+00:00\" \/>\n<meta property=\"og:image\" content=\"https:\/\/repliquemangacine.fr\/wp-content\/uploads\/2023\/10\/2175-Support-en-bois-pour-pistolet-et-colt.jpg\" \/>\n\t<meta property=\"og:image:width\" content=\"600\" \/>\n\t<meta property=\"og:image:height\" content=\"600\" \/>\n\t<meta property=\"og:image:type\" content=\"image\/jpeg\" \/>\n<meta name=\"twitter:card\" content=\"summary_large_image\" \/>\n<meta name=\"twitter:label1\" content=\"Est. reading time\" \/>\n\t<meta name=\"twitter:data1\" content=\"1 minute\" \/>\n<script type=\"application\/ld+json\" class=\"yoast-schema-graph\">{\"@context\":\"https:\\\/\\\/schema.org\",\"@graph\":[{\"@type\":\"WebPage\",\"@id\":\"https:\\\/\\\/repliquemangacine.fr\\\/denix\\\/support-en-bois-pour-pistolet-et-colt\\\/\",\"url\":\"https:\\\/\\\/repliquemangacine.fr\\\/denix\\\/support-en-bois-pour-pistolet-et-colt\\\/\",\"name\":\"Support pistolet bois -Vente en ligne - Denix | R\u00e9plique Manga Cin\u00e9\",\"isPartOf\":{\"@id\":\"https:\\\/\\\/repliquemangacine.fr\\\/#website\"},\"primaryImageOfPage\":{\"@id\":\"https:\\\/\\\/repliquemangacine.fr\\\/denix\\\/support-en-bois-pour-pistolet-et-colt\\\/#primaryimage\"},\"image\":{\"@id\":\"https:\\\/\\\/repliquemangacine.fr\\\/denix\\\/support-en-bois-pour-pistolet-et-colt\\\/#primaryimage\"},\"thumbnailUrl\":\"https:\\\/\\\/repliquemangacine.fr\\\/wp-content\\\/uploads\\\/2023\\\/10\\\/2175-Support-en-bois-pour-pistolet-et-colt.jpg\",\"datePublished\":\"2017-07-16T15:18:49+00:00\",\"dateModified\":\"2026-01-23T21:42:47+00:00\",\"description\":\"Vous allez pouvoir exposer vos pistolets, colts, revolver partout ou vous voulez, gr\u00e2ce \u00e0 ce support pistolet bois au meilleur prix (petit, mais costaud).\",\"breadcrumb\":{\"@id\":\"https:\\\/\\\/repliquemangacine.fr\\\/denix\\\/support-en-bois-pour-pistolet-et-colt\\\/#breadcrumb\"},\"inLanguage\":\"en-US\",\"potentialAction\":[{\"@type\":\"ReadAction\",\"target\":[\"https:\\\/\\\/repliquemangacine.fr\\\/denix\\\/support-en-bois-pour-pistolet-et-colt\\\/\"]}]},{\"@type\":\"ImageObject\",\"inLanguage\":\"en-US\",\"@id\":\"https:\\\/\\\/repliquemangacine.fr\\\/denix\\\/support-en-bois-pour-pistolet-et-colt\\\/#primaryimage\",\"url\":\"https:\\\/\\\/repliquemangacine.fr\\\/wp-content\\\/uploads\\\/2023\\\/10\\\/2175-Support-en-bois-pour-pistolet-et-colt.jpg\",\"contentUrl\":\"https:\\\/\\\/repliquemangacine.fr\\\/wp-content\\\/uploads\\\/2023\\\/10\\\/2175-Support-en-bois-pour-pistolet-et-colt.jpg\",\"width\":600,\"height\":600,\"caption\":\"Support pistolet bois\"},{\"@type\":\"BreadcrumbList\",\"@id\":\"https:\\\/\\\/repliquemangacine.fr\\\/denix\\\/support-en-bois-pour-pistolet-et-colt\\\/#breadcrumb\",\"itemListElement\":[{\"@type\":\"ListItem\",\"position\":1,\"name\":\"Accueil\",\"item\":\"https:\\\/\\\/repliquemangacine.fr\\\/\"},{\"@type\":\"ListItem\",\"position\":2,\"name\":\"Produits\",\"item\":\"https:\\\/\\\/repliquemangacine.fr\\\/boutique\\\/\"},{\"@type\":\"ListItem\",\"position\":3,\"name\":\"Support pistolet\"}]},{\"@type\":\"WebSite\",\"@id\":\"https:\\\/\\\/repliquemangacine.fr\\\/#website\",\"url\":\"https:\\\/\\\/repliquemangacine.fr\\\/\",\"name\":\"R\u00e9plique Manga Cin\u00e9\",\"description\":\"\",\"publisher\":{\"@id\":\"https:\\\/\\\/repliquemangacine.fr\\\/#organization\"},\"potentialAction\":[{\"@type\":\"SearchAction\",\"target\":{\"@type\":\"EntryPoint\",\"urlTemplate\":\"https:\\\/\\\/repliquemangacine.fr\\\/?s={search_term_string}\"},\"query-input\":{\"@type\":\"PropertyValueSpecification\",\"valueRequired\":true,\"valueName\":\"search_term_string\"}}],\"inLanguage\":\"en-US\"},{\"@type\":\"Organization\",\"@id\":\"https:\\\/\\\/repliquemangacine.fr\\\/#organization\",\"name\":\"R\u00e9plique Manga Cin\u00e9\",\"url\":\"https:\\\/\\\/repliquemangacine.fr\\\/\",\"logo\":{\"@type\":\"ImageObject\",\"inLanguage\":\"en-US\",\"@id\":\"https:\\\/\\\/repliquemangacine.fr\\\/#\\\/schema\\\/logo\\\/image\\\/\",\"url\":\"https:\\\/\\\/repliquemangacine.fr\\\/wp-content\\\/uploads\\\/2023\\\/10\\\/RMC-500250.png\",\"contentUrl\":\"https:\\\/\\\/repliquemangacine.fr\\\/wp-content\\\/uploads\\\/2023\\\/10\\\/RMC-500250.png\",\"width\":500,\"height\":250,\"caption\":\"R\u00e9plique Manga Cin\u00e9\"},\"image\":{\"@id\":\"https:\\\/\\\/repliquemangacine.fr\\\/#\\\/schema\\\/logo\\\/image\\\/\"},\"sameAs\":[\"https:\\\/\\\/www.facebook.com\\\/RepliqueMangaCine\",\"https:\\\/\\\/www.instagram.com\\\/repliquemangacine.fr\\\/\"]}]}<\/script>\n<!-- \/ Yoast SEO plugin. -->","yoast_head_json":{"title":"Wooden gun holder - Online sale - Denix | R\u00e9plique Manga Cin\u00e9","description":"You'll be able to display your pistols, colts and revolvers wherever you like, thanks to this wooden pistol holder at the best price (small but sturdy).","robots":{"index":"index","follow":"follow","max-snippet":"max-snippet:-1","max-image-preview":"max-image-preview:large","max-video-preview":"max-video-preview:-1"},"canonical":"https:\/\/repliquemangacine.fr\/en\/denix\/wooden-stand-for-pistol-and-colt-2\/","og_locale":"en_US","og_type":"article","og_title":"Support pistolet bois -Vente en ligne - Denix | R\u00e9plique Manga Cin\u00e9","og_description":"Vous allez pouvoir exposer vos pistolets, colts, revolver partout ou vous voulez, gr\u00e2ce \u00e0 ce support pistolet bois au meilleur prix (petit, mais costaud).","og_url":"https:\/\/repliquemangacine.fr\/en\/denix\/wooden-stand-for-pistol-and-colt-2\/","og_site_name":"R\u00e9plique Manga Cin\u00e9","article_publisher":"https:\/\/www.facebook.com\/RepliqueMangaCine","article_modified_time":"2026-01-23T21:42:47+00:00","og_image":[{"width":600,"height":600,"url":"https:\/\/repliquemangacine.fr\/wp-content\/uploads\/2023\/10\/2175-Support-en-bois-pour-pistolet-et-colt.jpg","type":"image\/jpeg"}],"twitter_card":"summary_large_image","twitter_misc":{"Est. reading time":"1 minute"},"schema":{"@context":"https:\/\/schema.org","@graph":[{"@type":"WebPage","@id":"https:\/\/repliquemangacine.fr\/denix\/support-en-bois-pour-pistolet-et-colt\/","url":"https:\/\/repliquemangacine.fr\/denix\/support-en-bois-pour-pistolet-et-colt\/","name":"Wooden gun holder - Online sale - Denix | R\u00e9plique Manga Cin\u00e9","isPartOf":{"@id":"https:\/\/repliquemangacine.fr\/#website"},"primaryImageOfPage":{"@id":"https:\/\/repliquemangacine.fr\/denix\/support-en-bois-pour-pistolet-et-colt\/#primaryimage"},"image":{"@id":"https:\/\/repliquemangacine.fr\/denix\/support-en-bois-pour-pistolet-et-colt\/#primaryimage"},"thumbnailUrl":"https:\/\/repliquemangacine.fr\/wp-content\/uploads\/2023\/10\/2175-Support-en-bois-pour-pistolet-et-colt.jpg","datePublished":"2017-07-16T15:18:49+00:00","dateModified":"2026-01-23T21:42:47+00:00","description":"You'll be able to display your pistols, colts and revolvers wherever you like, thanks to this wooden pistol holder at the best price (small but sturdy).","breadcrumb":{"@id":"https:\/\/repliquemangacine.fr\/denix\/support-en-bois-pour-pistolet-et-colt\/#breadcrumb"},"inLanguage":"en-US","potentialAction":[{"@type":"ReadAction","target":["https:\/\/repliquemangacine.fr\/denix\/support-en-bois-pour-pistolet-et-colt\/"]}]},{"@type":"ImageObject","inLanguage":"en-US","@id":"https:\/\/repliquemangacine.fr\/denix\/support-en-bois-pour-pistolet-et-colt\/#primaryimage","url":"https:\/\/repliquemangacine.fr\/wp-content\/uploads\/2023\/10\/2175-Support-en-bois-pour-pistolet-et-colt.jpg","contentUrl":"https:\/\/repliquemangacine.fr\/wp-content\/uploads\/2023\/10\/2175-Support-en-bois-pour-pistolet-et-colt.jpg","width":600,"height":600,"caption":"Support pistolet bois"},{"@type":"BreadcrumbList","@id":"https:\/\/repliquemangacine.fr\/denix\/support-en-bois-pour-pistolet-et-colt\/#breadcrumb","itemListElement":[{"@type":"ListItem","position":1,"name":"Accueil","item":"https:\/\/repliquemangacine.fr\/"},{"@type":"ListItem","position":2,"name":"Produits","item":"https:\/\/repliquemangacine.fr\/boutique\/"},{"@type":"ListItem","position":3,"name":"Support pistolet"}]},{"@type":"WebSite","@id":"https:\/\/repliquemangacine.fr\/#website","url":"https:\/\/repliquemangacine.fr\/","name":"R\u00e9plique Manga Cin\u00e9","description":"","publisher":{"@id":"https:\/\/repliquemangacine.fr\/#organization"},"potentialAction":[{"@type":"SearchAction","target":{"@type":"EntryPoint","urlTemplate":"https:\/\/repliquemangacine.fr\/?s={search_term_string}"},"query-input":{"@type":"PropertyValueSpecification","valueRequired":true,"valueName":"search_term_string"}}],"inLanguage":"en-US"},{"@type":"Organization","@id":"https:\/\/repliquemangacine.fr\/#organization","name":"R\u00e9plique Manga Cin\u00e9","url":"https:\/\/repliquemangacine.fr\/","logo":{"@type":"ImageObject","inLanguage":"en-US","@id":"https:\/\/repliquemangacine.fr\/#\/schema\/logo\/image\/","url":"https:\/\/repliquemangacine.fr\/wp-content\/uploads\/2023\/10\/RMC-500250.png","contentUrl":"https:\/\/repliquemangacine.fr\/wp-content\/uploads\/2023\/10\/RMC-500250.png","width":500,"height":250,"caption":"R\u00e9plique Manga Cin\u00e9"},"image":{"@id":"https:\/\/repliquemangacine.fr\/#\/schema\/logo\/image\/"},"sameAs":["https:\/\/www.facebook.com\/RepliqueMangaCine","https:\/\/www.instagram.com\/repliquemangacine.fr\/"]}]}},"_links":{"self":[{"href":"https:\/\/repliquemangacine.fr\/en\/wp-json\/wp\/v2\/product\/27381","targetHints":{"allow":["GET"]}}],"collection":[{"href":"https:\/\/repliquemangacine.fr\/en\/wp-json\/wp\/v2\/product"}],"about":[{"href":"https:\/\/repliquemangacine.fr\/en\/wp-json\/wp\/v2\/types\/product"}],"wp:featuredmedia":[{"embeddable":true,"href":"https:\/\/repliquemangacine.fr\/en\/wp-json\/wp\/v2\/media\/27382"}],"wp:attachment":[{"href":"https:\/\/repliquemangacine.fr\/en\/wp-json\/wp\/v2\/media?parent=27381"}],"wp:term":[{"taxonomy":"product_brand","embeddable":true,"href":"https:\/\/repliquemangacine.fr\/en\/wp-json\/wp\/v2\/product_brand?post=27381"},{"taxonomy":"product_cat","embeddable":true,"href":"https:\/\/repliquemangacine.fr\/en\/wp-json\/wp\/v2\/product_cat?post=27381"},{"taxonomy":"product_tag","embeddable":true,"href":"https:\/\/repliquemangacine.fr\/en\/wp-json\/wp\/v2\/product_tag?post=27381"}],"curies":[{"name":"wp","href":"https:\/\/api.w.org\/{rel}","templated":true}]}}