





{"id":27263,"date":"2017-05-22T19:46:13","date_gmt":"2017-05-22T17:46:13","guid":{"rendered":"https:\/\/repliquemangacine.fr\/?post_type=product&#038;p=27263"},"modified":"2025-09-23T18:01:54","modified_gmt":"2025-09-23T16:01:54","slug":"replica-anduin-lothar-warcraft-sword","status":"publish","type":"product","link":"https:\/\/repliquemangacine.fr\/en\/epees-world-of-warcraft\/replique-epee-anduin-lothar-warcraft\/","title":{"rendered":"Anduin Lothar Warcraft sword"},"content":{"rendered":"<h2>Anduin Lothar Wow sword<\/h2>\n<p>To begin with, the<strong>Anduin Lothar Wow sword<\/strong>nicknamed The Lion of Azeroth, is the last descendant of the ancient Arathi line. Lothar's main weapon was the Quel'Zaram great sword. As such, he was Knight Champion of Hurlevent. Childhood friend of Medivh and Llane Wrynn.<\/p>\n<p>The Anduin Lothar Sword can be found in the World of Warcraft movie and in the MMORPG.<\/p>\n<p>Anduin Lothar was very effective with his Sword, defeating Black Hand in a duel during the battle at the Black Gate. He found Garona's dagger on the king's body and decided to drive out the horde by creating the Alliance of Azeroth.<\/p>\n<p><a href=\"https:\/\/wowwiki.fandom.com\/fr\/wiki\/Anduin_Lothar\" target=\"_blank\" rel=\"noopener noreferrer\">Anduin Lothar<\/a> and Garona enjoyed a sincere love affair after a complicated start.<\/p>\n<h2>Your Anduin Lothar Wow sword at the best price.<\/h2>\n<p>We offer a wide selection of World of Warcraft replicas.<\/p>\n<p>First and foremost,<\/p>\n<ul>\n<li>The impressive sword of Arthas le <a href=\"https:\/\/repliquemangacine.fr\/en\/world-of-warcraft-swords\/frostmourne-deuillegivre-sword-lich-king-sword\/\">Frostmourne<\/a> sword of the Lich King.<\/li>\n<li>And the two-handed axe <a href=\"https:\/\/repliquemangacine.fr\/en\/world-of-warcraft-swords\/axe-deuillelombre-shadowmourne-world-of-warcraft\/\">Shadowmourne<\/a><\/li>\n<li>There is also the hammer of fate, the <a href=\"https:\/\/repliquemangacine.fr\/en\/world-of-warcraft-swords\/hammer-of-destiny-world-of-warcraft-replica-thrall-hammer-doomhammer\/\">Thrall Doomhammer<\/a><\/li>\n<li>And many more to discover in our online store!<\/li>\n<\/ul>\n<p>That's why this is a great gift idea for Wow fans.<\/p>\n<p>In conclusion, you can use<strong>Anduin Lothar Wow sword<\/strong> for your Cosplay parades. But above all, it's a collector's item and a decoration.<\/p>\n<p>R\u00e9plique Manga Cin\u00e9 is a French family business.<\/p>\n<h2>How do I maintain the blade of my World of Warcraft sword?<\/h2>\n<p>Collector's and decorative swords are made and assembled in a simplified way. As their use is decorative, they lack the safety features required of a Japanese sword intended for training.<\/p>\n<p>However, your <strong>Anduin Lothar Wow sword<\/strong> to a steel blade that needs to be cared for to avoid damage over time. In fact, when you display your katana, your friends will be curious to see and touch the blade. This is where you need to be careful, as the acidity of your fingers is very harmful to steel, whatever its quality.<\/p>\n<p>However, if this does happen, don't panic - all you need is a cloth dampened with a little oil and a wipe of fingerprints. By doing so, you'll keep your sword looking its best for a very long time.<\/p>","protected":false},"excerpt":{"rendered":"<p>Quel'Zaram sword by Anduin Lothar from World of Warcraft.<\/p>\n<ul>\n<li>Carbon steel blade with silk-screen printing.<\/li>\n<li>Steel guard in the shape of a dragon's head.<\/li>\n<li>Scale-shaped steel handle.<\/li>\n<li>Wooden wall bracket.<\/li>\n<li>Blade length: 69 cm - Total length: 106 cm<\/li>\n<\/ul>","protected":false},"featured_media":27264,"template":"","meta":[],"product_brand":[896],"product_cat":[23,60],"product_tag":[],"class_list":{"0":"post-27263","1":"product","2":"type-product","3":"status-publish","4":"has-post-thumbnail","6":"product_brand-replique-manga-cine","7":"product_cat-repliques-manga-jeux-video","8":"product_cat-epees-world-of-warcraft","10":"first","11":"outofstock","12":"sale","13":"taxable","14":"shipping-taxable","15":"purchasable","16":"product-type-simple"},"yoast_head":"<!-- This site is optimized with the Yoast SEO plugin v27.5 - https:\/\/yoast.com\/product\/yoast-seo-wordpress\/ -->\n<title>Ep\u00e9e Anduin Lothar Wow - Quel&#039;Zaram - Boutique en ligne | RMC<\/title>\n<meta name=\"description\" content=\"Offrez-vous cette Ep\u00e9e Anduin Lothar Wow au meilleur prix. Lame en acier carbone - Echelle 1\/1 - Support - Longueur : 106 cm - Envoi 24\/48H.\" \/>\n<meta name=\"robots\" content=\"index, follow, max-snippet:-1, max-image-preview:large, max-video-preview:-1\" \/>\n<link rel=\"canonical\" href=\"https:\/\/repliquemangacine.fr\/en\/world-of-warcraft-swords\/replica-anduin-lothar-warcraft-sword\/\" \/>\n<meta property=\"og:locale\" content=\"en_US\" \/>\n<meta property=\"og:type\" content=\"article\" \/>\n<meta property=\"og:title\" content=\"Ep\u00e9e Anduin Lothar Wow - Quel&#039;Zaram - Boutique en ligne | RMC\" \/>\n<meta property=\"og:description\" content=\"Offrez-vous cette Ep\u00e9e Anduin Lothar Wow au meilleur prix. Lame en acier carbone - Echelle 1\/1 - Support - Longueur : 106 cm - Envoi 24\/48H.\" \/>\n<meta property=\"og:url\" content=\"https:\/\/repliquemangacine.fr\/en\/world-of-warcraft-swords\/replica-anduin-lothar-warcraft-sword\/\" \/>\n<meta property=\"og:site_name\" content=\"R\u00e9plique Manga Cin\u00e9\" \/>\n<meta property=\"article:publisher\" content=\"https:\/\/www.facebook.com\/RepliqueMangaCine\" \/>\n<meta property=\"article:modified_time\" content=\"2025-09-23T16:01:54+00:00\" \/>\n<meta property=\"og:image\" content=\"https:\/\/repliquemangacine.fr\/wp-content\/uploads\/2023\/10\/2041-Replique-epee-Anduin-Lothar-Warcraft.jpg\" \/>\n\t<meta property=\"og:image:width\" content=\"600\" \/>\n\t<meta property=\"og:image:height\" content=\"600\" \/>\n\t<meta property=\"og:image:type\" content=\"image\/jpeg\" \/>\n<meta name=\"twitter:card\" content=\"summary_large_image\" \/>\n<meta name=\"twitter:label1\" content=\"Est. reading time\" \/>\n\t<meta name=\"twitter:data1\" content=\"2 minutes\" \/>\n<script type=\"application\/ld+json\" class=\"yoast-schema-graph\">{\"@context\":\"https:\\\/\\\/schema.org\",\"@graph\":[{\"@type\":\"WebPage\",\"@id\":\"https:\\\/\\\/repliquemangacine.fr\\\/epees-world-of-warcraft\\\/replique-epee-anduin-lothar-warcraft\\\/\",\"url\":\"https:\\\/\\\/repliquemangacine.fr\\\/epees-world-of-warcraft\\\/replique-epee-anduin-lothar-warcraft\\\/\",\"name\":\"Ep\u00e9e Anduin Lothar Wow - Quel'Zaram - Boutique en ligne | RMC\",\"isPartOf\":{\"@id\":\"https:\\\/\\\/repliquemangacine.fr\\\/#website\"},\"primaryImageOfPage\":{\"@id\":\"https:\\\/\\\/repliquemangacine.fr\\\/epees-world-of-warcraft\\\/replique-epee-anduin-lothar-warcraft\\\/#primaryimage\"},\"image\":{\"@id\":\"https:\\\/\\\/repliquemangacine.fr\\\/epees-world-of-warcraft\\\/replique-epee-anduin-lothar-warcraft\\\/#primaryimage\"},\"thumbnailUrl\":\"https:\\\/\\\/repliquemangacine.fr\\\/wp-content\\\/uploads\\\/2023\\\/10\\\/2041-Replique-epee-Anduin-Lothar-Warcraft.jpg\",\"datePublished\":\"2017-05-22T17:46:13+00:00\",\"dateModified\":\"2025-09-23T16:01:54+00:00\",\"description\":\"Offrez-vous cette Ep\u00e9e Anduin Lothar Wow au meilleur prix. Lame en acier carbone - Echelle 1\\\/1 - Support - Longueur : 106 cm - Envoi 24\\\/48H.\",\"breadcrumb\":{\"@id\":\"https:\\\/\\\/repliquemangacine.fr\\\/epees-world-of-warcraft\\\/replique-epee-anduin-lothar-warcraft\\\/#breadcrumb\"},\"inLanguage\":\"en-US\",\"potentialAction\":[{\"@type\":\"ReadAction\",\"target\":[\"https:\\\/\\\/repliquemangacine.fr\\\/epees-world-of-warcraft\\\/replique-epee-anduin-lothar-warcraft\\\/\"]}]},{\"@type\":\"ImageObject\",\"inLanguage\":\"en-US\",\"@id\":\"https:\\\/\\\/repliquemangacine.fr\\\/epees-world-of-warcraft\\\/replique-epee-anduin-lothar-warcraft\\\/#primaryimage\",\"url\":\"https:\\\/\\\/repliquemangacine.fr\\\/wp-content\\\/uploads\\\/2023\\\/10\\\/2041-Replique-epee-Anduin-Lothar-Warcraft.jpg\",\"contentUrl\":\"https:\\\/\\\/repliquemangacine.fr\\\/wp-content\\\/uploads\\\/2023\\\/10\\\/2041-Replique-epee-Anduin-Lothar-Warcraft.jpg\",\"width\":600,\"height\":600,\"caption\":\"R\u00e9plique \u00e9p\u00e9e Anduin Lothar- Warcraft\"},{\"@type\":\"BreadcrumbList\",\"@id\":\"https:\\\/\\\/repliquemangacine.fr\\\/epees-world-of-warcraft\\\/replique-epee-anduin-lothar-warcraft\\\/#breadcrumb\",\"itemListElement\":[{\"@type\":\"ListItem\",\"position\":1,\"name\":\"Accueil\",\"item\":\"https:\\\/\\\/repliquemangacine.fr\\\/\"},{\"@type\":\"ListItem\",\"position\":2,\"name\":\"Produits\",\"item\":\"https:\\\/\\\/repliquemangacine.fr\\\/boutique\\\/\"},{\"@type\":\"ListItem\",\"position\":3,\"name\":\"Ep\u00e9e Anduin Lothar Warcraft\"}]},{\"@type\":\"WebSite\",\"@id\":\"https:\\\/\\\/repliquemangacine.fr\\\/#website\",\"url\":\"https:\\\/\\\/repliquemangacine.fr\\\/\",\"name\":\"R\u00e9plique Manga Cin\u00e9\",\"description\":\"\",\"publisher\":{\"@id\":\"https:\\\/\\\/repliquemangacine.fr\\\/#organization\"},\"potentialAction\":[{\"@type\":\"SearchAction\",\"target\":{\"@type\":\"EntryPoint\",\"urlTemplate\":\"https:\\\/\\\/repliquemangacine.fr\\\/?s={search_term_string}\"},\"query-input\":{\"@type\":\"PropertyValueSpecification\",\"valueRequired\":true,\"valueName\":\"search_term_string\"}}],\"inLanguage\":\"en-US\"},{\"@type\":\"Organization\",\"@id\":\"https:\\\/\\\/repliquemangacine.fr\\\/#organization\",\"name\":\"R\u00e9plique Manga Cin\u00e9\",\"url\":\"https:\\\/\\\/repliquemangacine.fr\\\/\",\"logo\":{\"@type\":\"ImageObject\",\"inLanguage\":\"en-US\",\"@id\":\"https:\\\/\\\/repliquemangacine.fr\\\/#\\\/schema\\\/logo\\\/image\\\/\",\"url\":\"https:\\\/\\\/repliquemangacine.fr\\\/wp-content\\\/uploads\\\/2023\\\/10\\\/RMC-500250.png\",\"contentUrl\":\"https:\\\/\\\/repliquemangacine.fr\\\/wp-content\\\/uploads\\\/2023\\\/10\\\/RMC-500250.png\",\"width\":500,\"height\":250,\"caption\":\"R\u00e9plique Manga Cin\u00e9\"},\"image\":{\"@id\":\"https:\\\/\\\/repliquemangacine.fr\\\/#\\\/schema\\\/logo\\\/image\\\/\"},\"sameAs\":[\"https:\\\/\\\/www.facebook.com\\\/RepliqueMangaCine\",\"https:\\\/\\\/www.instagram.com\\\/repliquemangacine.fr\\\/\"]}]}<\/script>\n<!-- \/ Yoast SEO plugin. -->","yoast_head_json":{"title":"Sword Anduin Lothar Wow - Quel'Zaram - Online Shop | RMC","description":"Treat yourself to this Anduin Lothar Wow sword at the best price. Carbon steel blade - Scale 1\/1 - Stand - Length: 106 cm - Shipment 24\/48H.","robots":{"index":"index","follow":"follow","max-snippet":"max-snippet:-1","max-image-preview":"max-image-preview:large","max-video-preview":"max-video-preview:-1"},"canonical":"https:\/\/repliquemangacine.fr\/en\/world-of-warcraft-swords\/replica-anduin-lothar-warcraft-sword\/","og_locale":"en_US","og_type":"article","og_title":"Ep\u00e9e Anduin Lothar Wow - Quel'Zaram - Boutique en ligne | RMC","og_description":"Offrez-vous cette Ep\u00e9e Anduin Lothar Wow au meilleur prix. Lame en acier carbone - Echelle 1\/1 - Support - Longueur : 106 cm - Envoi 24\/48H.","og_url":"https:\/\/repliquemangacine.fr\/en\/world-of-warcraft-swords\/replica-anduin-lothar-warcraft-sword\/","og_site_name":"R\u00e9plique Manga Cin\u00e9","article_publisher":"https:\/\/www.facebook.com\/RepliqueMangaCine","article_modified_time":"2025-09-23T16:01:54+00:00","og_image":[{"width":600,"height":600,"url":"https:\/\/repliquemangacine.fr\/wp-content\/uploads\/2023\/10\/2041-Replique-epee-Anduin-Lothar-Warcraft.jpg","type":"image\/jpeg"}],"twitter_card":"summary_large_image","twitter_misc":{"Est. reading time":"2 minutes"},"schema":{"@context":"https:\/\/schema.org","@graph":[{"@type":"WebPage","@id":"https:\/\/repliquemangacine.fr\/epees-world-of-warcraft\/replique-epee-anduin-lothar-warcraft\/","url":"https:\/\/repliquemangacine.fr\/epees-world-of-warcraft\/replique-epee-anduin-lothar-warcraft\/","name":"Sword Anduin Lothar Wow - Quel'Zaram - Online Shop | RMC","isPartOf":{"@id":"https:\/\/repliquemangacine.fr\/#website"},"primaryImageOfPage":{"@id":"https:\/\/repliquemangacine.fr\/epees-world-of-warcraft\/replique-epee-anduin-lothar-warcraft\/#primaryimage"},"image":{"@id":"https:\/\/repliquemangacine.fr\/epees-world-of-warcraft\/replique-epee-anduin-lothar-warcraft\/#primaryimage"},"thumbnailUrl":"https:\/\/repliquemangacine.fr\/wp-content\/uploads\/2023\/10\/2041-Replique-epee-Anduin-Lothar-Warcraft.jpg","datePublished":"2017-05-22T17:46:13+00:00","dateModified":"2025-09-23T16:01:54+00:00","description":"Treat yourself to this Anduin Lothar Wow sword at the best price. Carbon steel blade - Scale 1\/1 - Stand - Length: 106 cm - Shipment 24\/48H.","breadcrumb":{"@id":"https:\/\/repliquemangacine.fr\/epees-world-of-warcraft\/replique-epee-anduin-lothar-warcraft\/#breadcrumb"},"inLanguage":"en-US","potentialAction":[{"@type":"ReadAction","target":["https:\/\/repliquemangacine.fr\/epees-world-of-warcraft\/replique-epee-anduin-lothar-warcraft\/"]}]},{"@type":"ImageObject","inLanguage":"en-US","@id":"https:\/\/repliquemangacine.fr\/epees-world-of-warcraft\/replique-epee-anduin-lothar-warcraft\/#primaryimage","url":"https:\/\/repliquemangacine.fr\/wp-content\/uploads\/2023\/10\/2041-Replique-epee-Anduin-Lothar-Warcraft.jpg","contentUrl":"https:\/\/repliquemangacine.fr\/wp-content\/uploads\/2023\/10\/2041-Replique-epee-Anduin-Lothar-Warcraft.jpg","width":600,"height":600,"caption":"R\u00e9plique \u00e9p\u00e9e Anduin Lothar- Warcraft"},{"@type":"BreadcrumbList","@id":"https:\/\/repliquemangacine.fr\/epees-world-of-warcraft\/replique-epee-anduin-lothar-warcraft\/#breadcrumb","itemListElement":[{"@type":"ListItem","position":1,"name":"Accueil","item":"https:\/\/repliquemangacine.fr\/"},{"@type":"ListItem","position":2,"name":"Produits","item":"https:\/\/repliquemangacine.fr\/boutique\/"},{"@type":"ListItem","position":3,"name":"Ep\u00e9e Anduin Lothar Warcraft"}]},{"@type":"WebSite","@id":"https:\/\/repliquemangacine.fr\/#website","url":"https:\/\/repliquemangacine.fr\/","name":"R\u00e9plique Manga Cin\u00e9","description":"","publisher":{"@id":"https:\/\/repliquemangacine.fr\/#organization"},"potentialAction":[{"@type":"SearchAction","target":{"@type":"EntryPoint","urlTemplate":"https:\/\/repliquemangacine.fr\/?s={search_term_string}"},"query-input":{"@type":"PropertyValueSpecification","valueRequired":true,"valueName":"search_term_string"}}],"inLanguage":"en-US"},{"@type":"Organization","@id":"https:\/\/repliquemangacine.fr\/#organization","name":"R\u00e9plique Manga Cin\u00e9","url":"https:\/\/repliquemangacine.fr\/","logo":{"@type":"ImageObject","inLanguage":"en-US","@id":"https:\/\/repliquemangacine.fr\/#\/schema\/logo\/image\/","url":"https:\/\/repliquemangacine.fr\/wp-content\/uploads\/2023\/10\/RMC-500250.png","contentUrl":"https:\/\/repliquemangacine.fr\/wp-content\/uploads\/2023\/10\/RMC-500250.png","width":500,"height":250,"caption":"R\u00e9plique Manga Cin\u00e9"},"image":{"@id":"https:\/\/repliquemangacine.fr\/#\/schema\/logo\/image\/"},"sameAs":["https:\/\/www.facebook.com\/RepliqueMangaCine","https:\/\/www.instagram.com\/repliquemangacine.fr\/"]}]}},"_links":{"self":[{"href":"https:\/\/repliquemangacine.fr\/en\/wp-json\/wp\/v2\/product\/27263","targetHints":{"allow":["GET"]}}],"collection":[{"href":"https:\/\/repliquemangacine.fr\/en\/wp-json\/wp\/v2\/product"}],"about":[{"href":"https:\/\/repliquemangacine.fr\/en\/wp-json\/wp\/v2\/types\/product"}],"wp:featuredmedia":[{"embeddable":true,"href":"https:\/\/repliquemangacine.fr\/en\/wp-json\/wp\/v2\/media\/27264"}],"wp:attachment":[{"href":"https:\/\/repliquemangacine.fr\/en\/wp-json\/wp\/v2\/media?parent=27263"}],"wp:term":[{"taxonomy":"product_brand","embeddable":true,"href":"https:\/\/repliquemangacine.fr\/en\/wp-json\/wp\/v2\/product_brand?post=27263"},{"taxonomy":"product_cat","embeddable":true,"href":"https:\/\/repliquemangacine.fr\/en\/wp-json\/wp\/v2\/product_cat?post=27263"},{"taxonomy":"product_tag","embeddable":true,"href":"https:\/\/repliquemangacine.fr\/en\/wp-json\/wp\/v2\/product_tag?post=27263"}],"curies":[{"name":"wp","href":"https:\/\/api.w.org\/{rel}","templated":true}]}}