





{"id":27255,"date":"2017-05-22T18:21:33","date_gmt":"2017-05-22T16:21:33","guid":{"rendered":"https:\/\/repliquemangacine.fr\/?post_type=product&#038;p=27255"},"modified":"2026-01-08T17:23:17","modified_gmt":"2026-01-08T16:23:17","slug":"dagger-sword-lions-fang-du-roi-llane-wrynn-warcraft","status":"publish","type":"product","link":"https:\/\/repliquemangacine.fr\/en\/repliques-d-armes-films-et-series\/dague-epee-lions-fang-du-roi-llane-wrynn-warcraft\/","title":{"rendered":"Lion's Fang Warcraft sword dagger"},"content":{"rendered":"<h2>Lion's Fang sword dagger in the Warcraft movie<\/h2>\n<p>To begin with, the <strong>Lion's Fang sword dagger<\/strong> is the little sister of the King's sword <a href=\"https:\/\/wowwiki.fandom.com\/fr\/wiki\/Llane_Wrynn_I\" target=\"_blank\" rel=\"noopener noreferrer\">Llane Wrynn<\/a>, adorned with gold in the color of the alliance.<\/p>\n<p>After battling trolls in his youth, Wrynn's rule was largely peaceful until the arrival of the Horde. Wrynn attempted to rally the other nations of the Seven Kingdoms to prevent the orcs from reopening the Great Gate.<\/p>\n<p>He gave his own life to defend Azeroth and free the prisoners of the orcs. When the portal closed for the second time and it became clear that his death was inevitable, he asked Garona to kill him in front of the Horde in order to grant him honor, rather than allowing Blackhand to claim it, in the hope that she might one day bring peace between their peoples.<\/p>\n<h2>Your Lion's Fang Sword Dagger at the best price.<\/h2>\n<p>We offer a wide selection of collectibles from the world of World of Warcraft.<\/p>\n<p>First and foremost,<\/p>\n<ul>\n<li>The magnificent legendary sword of Arthas la <a href=\"https:\/\/repliquemangacine.fr\/en\/world-of-warcraft-sword\/frostmourne-deuillegivre-sword-lich-king-sword\/\">Frostmourne<\/a> with remarkable finishes.<\/li>\n<li>There's also Illidan's weapon <a href=\"https:\/\/repliquemangacine.fr\/en\/world-of-warcraft-sword\/epee-warglaive-d-illidan-glaive-de-guerre-d-azzinoth\/\">Warglaive<\/a>Azzinoth's war sword.<\/li>\n<li>As well as the <a href=\"https:\/\/repliquemangacine.fr\/en\/world-of-warcraft-sword\/hammer-of-destiny-world-of-warcraft-replica-thrall-hammer-doomhammer\/\">Doomhammer<\/a> used by the iconic Thrall<\/li>\n<li>And much more to discover in our online store!<\/li>\n<\/ul>\n<p>That's why here are some great gift ideas for all World of Warcraft fans.<\/p>\n<p>In conclusion, you can order the <strong>Lion's Fang sword dagger<\/strong> for your theme parties or cosplay parades. But above all, this dagger is a collector's item and decorative piece.<\/p>\n<p>R\u00e9plique manga cin\u00e9 is a French company.<\/p>\n<h2>How to maintain the blade of your Warcraft sword?<\/h2>\n<p>Collector's and decorative swords are made and assembled in a simplified way. As their use is decorative, they lack the safety features required of a Japanese sword intended for training.<\/p>\n<p>However, your <strong>Lion's Fang sword dagger<\/strong> to a steel blade that needs to be cared for to avoid damage over time. In fact, when you display your katana, your friends will be curious to see and touch the blade. This is where you need to be careful, as the acidity of your fingers is very harmful to steel, whatever its quality.<\/p>\n<p>However, if this does happen, don't panic - all you need is a cloth dampened with a little oil and a wipe of fingerprints. By doing so, you'll keep your sword looking its best for a very long time.<\/p>\n<p><strong>\u00a0<\/strong><\/p>","protected":false},"excerpt":{"rendered":"<p>King Llane Wrynn's Lion's Fang sword dagger from the Warcraft movie.<\/p>\n<ul>\n<li>Wide stainless steel blade with engraving.<\/li>\n<li>Steel handle.<\/li>\n<li>Steel knob.<\/li>\n<li>Antique gold-plated steel guard in the shape of a lion's head.<\/li>\n<li>Wooden stand.<\/li>\n<li>Blade length: 51 cm - Total length: 71 cm<\/li>\n<\/ul>","protected":false},"featured_media":27256,"template":"","meta":[],"product_brand":[896],"product_cat":[66,24,23,60],"product_tag":[],"class_list":{"0":"post-27255","1":"product","2":"type-product","3":"status-publish","4":"has-post-thumbnail","6":"product_brand-replique-manga-cine","7":"product_cat-repliques-d-armes-films-et-series","8":"product_cat-films-series-tv-vente-de-katana-epee-et-produits-derives","9":"product_cat-repliques-manga-jeux-video","10":"product_cat-epees-world-of-warcraft","12":"first","13":"instock","14":"sale","15":"taxable","16":"shipping-taxable","17":"purchasable","18":"product-type-simple"},"yoast_head":"<!-- This site is optimized with the Yoast SEO plugin v27.5 - https:\/\/yoast.com\/product\/yoast-seo-wordpress\/ -->\n<title>Dague \u00e9p\u00e9e Lion&#039;s Fang - Warcraft - Boutique en ligne | RMC<\/title>\n<meta name=\"description\" content=\"Offrez-vous la Dague \u00e9p\u00e9e Lion&#039;s Fang du roi Llane Wrynn dans le film Warcraft au meilleur prix - Lame acier - Support - Longueur 71cm - Envoi 24\/48h\" \/>\n<meta name=\"robots\" content=\"index, follow, max-snippet:-1, max-image-preview:large, max-video-preview:-1\" \/>\n<link rel=\"canonical\" href=\"https:\/\/repliquemangacine.fr\/en\/replica-weapons-films-and-series\/dagger-sword-lions-fang-du-roi-llane-wrynn-warcraft\/\" \/>\n<meta property=\"og:locale\" content=\"en_US\" \/>\n<meta property=\"og:type\" content=\"article\" \/>\n<meta property=\"og:title\" content=\"Dague \u00e9p\u00e9e Lion&#039;s Fang - Warcraft - Boutique en ligne | RMC\" \/>\n<meta property=\"og:description\" content=\"Offrez-vous la Dague \u00e9p\u00e9e Lion&#039;s Fang du roi Llane Wrynn dans le film Warcraft au meilleur prix - Lame acier - Support - Longueur 71cm - Envoi 24\/48h\" \/>\n<meta property=\"og:url\" content=\"https:\/\/repliquemangacine.fr\/en\/replica-weapons-films-and-series\/dagger-sword-lions-fang-du-roi-llane-wrynn-warcraft\/\" \/>\n<meta property=\"og:site_name\" content=\"R\u00e9plique Manga Cin\u00e9\" \/>\n<meta property=\"article:publisher\" content=\"https:\/\/www.facebook.com\/RepliqueMangaCine\" \/>\n<meta property=\"article:modified_time\" content=\"2026-01-08T16:23:17+00:00\" \/>\n<meta property=\"og:image\" content=\"https:\/\/repliquemangacine.fr\/wp-content\/uploads\/2023\/10\/2034-Dague-epee-du-roi-Llane-Wrynn-Warcraft.jpg\" \/>\n\t<meta property=\"og:image:width\" content=\"600\" \/>\n\t<meta property=\"og:image:height\" content=\"600\" \/>\n\t<meta property=\"og:image:type\" content=\"image\/jpeg\" \/>\n<meta name=\"twitter:card\" content=\"summary_large_image\" \/>\n<meta name=\"twitter:label1\" content=\"Est. reading time\" \/>\n\t<meta name=\"twitter:data1\" content=\"1 minute\" \/>\n<script type=\"application\/ld+json\" class=\"yoast-schema-graph\">{\"@context\":\"https:\\\/\\\/schema.org\",\"@graph\":[{\"@type\":\"WebPage\",\"@id\":\"https:\\\/\\\/repliquemangacine.fr\\\/repliques-d-armes-films-et-series\\\/dague-epee-lions-fang-du-roi-llane-wrynn-warcraft\\\/\",\"url\":\"https:\\\/\\\/repliquemangacine.fr\\\/repliques-d-armes-films-et-series\\\/dague-epee-lions-fang-du-roi-llane-wrynn-warcraft\\\/\",\"name\":\"Dague \u00e9p\u00e9e Lion's Fang - Warcraft - Boutique en ligne | RMC\",\"isPartOf\":{\"@id\":\"https:\\\/\\\/repliquemangacine.fr\\\/#website\"},\"primaryImageOfPage\":{\"@id\":\"https:\\\/\\\/repliquemangacine.fr\\\/repliques-d-armes-films-et-series\\\/dague-epee-lions-fang-du-roi-llane-wrynn-warcraft\\\/#primaryimage\"},\"image\":{\"@id\":\"https:\\\/\\\/repliquemangacine.fr\\\/repliques-d-armes-films-et-series\\\/dague-epee-lions-fang-du-roi-llane-wrynn-warcraft\\\/#primaryimage\"},\"thumbnailUrl\":\"https:\\\/\\\/repliquemangacine.fr\\\/wp-content\\\/uploads\\\/2023\\\/10\\\/2034-Dague-epee-du-roi-Llane-Wrynn-Warcraft.jpg\",\"datePublished\":\"2017-05-22T16:21:33+00:00\",\"dateModified\":\"2026-01-08T16:23:17+00:00\",\"description\":\"Offrez-vous la Dague \u00e9p\u00e9e Lion's Fang du roi Llane Wrynn dans le film Warcraft au meilleur prix - Lame acier - Support - Longueur 71cm - Envoi 24\\\/48h\",\"breadcrumb\":{\"@id\":\"https:\\\/\\\/repliquemangacine.fr\\\/repliques-d-armes-films-et-series\\\/dague-epee-lions-fang-du-roi-llane-wrynn-warcraft\\\/#breadcrumb\"},\"inLanguage\":\"en-US\",\"potentialAction\":[{\"@type\":\"ReadAction\",\"target\":[\"https:\\\/\\\/repliquemangacine.fr\\\/repliques-d-armes-films-et-series\\\/dague-epee-lions-fang-du-roi-llane-wrynn-warcraft\\\/\"]}]},{\"@type\":\"ImageObject\",\"inLanguage\":\"en-US\",\"@id\":\"https:\\\/\\\/repliquemangacine.fr\\\/repliques-d-armes-films-et-series\\\/dague-epee-lions-fang-du-roi-llane-wrynn-warcraft\\\/#primaryimage\",\"url\":\"https:\\\/\\\/repliquemangacine.fr\\\/wp-content\\\/uploads\\\/2023\\\/10\\\/2034-Dague-epee-du-roi-Llane-Wrynn-Warcraft.jpg\",\"contentUrl\":\"https:\\\/\\\/repliquemangacine.fr\\\/wp-content\\\/uploads\\\/2023\\\/10\\\/2034-Dague-epee-du-roi-Llane-Wrynn-Warcraft.jpg\",\"width\":600,\"height\":600,\"caption\":\"Dague \u00e9p\u00e9e du roi Llane Wrynn - Warcraft\"},{\"@type\":\"BreadcrumbList\",\"@id\":\"https:\\\/\\\/repliquemangacine.fr\\\/repliques-d-armes-films-et-series\\\/dague-epee-lions-fang-du-roi-llane-wrynn-warcraft\\\/#breadcrumb\",\"itemListElement\":[{\"@type\":\"ListItem\",\"position\":1,\"name\":\"Accueil\",\"item\":\"https:\\\/\\\/repliquemangacine.fr\\\/\"},{\"@type\":\"ListItem\",\"position\":2,\"name\":\"Produits\",\"item\":\"https:\\\/\\\/repliquemangacine.fr\\\/boutique\\\/\"},{\"@type\":\"ListItem\",\"position\":3,\"name\":\"Dague \u00e9p\u00e9e Lion&#8217;s Fang Warcraft\"}]},{\"@type\":\"WebSite\",\"@id\":\"https:\\\/\\\/repliquemangacine.fr\\\/#website\",\"url\":\"https:\\\/\\\/repliquemangacine.fr\\\/\",\"name\":\"R\u00e9plique Manga Cin\u00e9\",\"description\":\"\",\"publisher\":{\"@id\":\"https:\\\/\\\/repliquemangacine.fr\\\/#organization\"},\"potentialAction\":[{\"@type\":\"SearchAction\",\"target\":{\"@type\":\"EntryPoint\",\"urlTemplate\":\"https:\\\/\\\/repliquemangacine.fr\\\/?s={search_term_string}\"},\"query-input\":{\"@type\":\"PropertyValueSpecification\",\"valueRequired\":true,\"valueName\":\"search_term_string\"}}],\"inLanguage\":\"en-US\"},{\"@type\":\"Organization\",\"@id\":\"https:\\\/\\\/repliquemangacine.fr\\\/#organization\",\"name\":\"R\u00e9plique Manga Cin\u00e9\",\"url\":\"https:\\\/\\\/repliquemangacine.fr\\\/\",\"logo\":{\"@type\":\"ImageObject\",\"inLanguage\":\"en-US\",\"@id\":\"https:\\\/\\\/repliquemangacine.fr\\\/#\\\/schema\\\/logo\\\/image\\\/\",\"url\":\"https:\\\/\\\/repliquemangacine.fr\\\/wp-content\\\/uploads\\\/2023\\\/10\\\/RMC-500250.png\",\"contentUrl\":\"https:\\\/\\\/repliquemangacine.fr\\\/wp-content\\\/uploads\\\/2023\\\/10\\\/RMC-500250.png\",\"width\":500,\"height\":250,\"caption\":\"R\u00e9plique Manga Cin\u00e9\"},\"image\":{\"@id\":\"https:\\\/\\\/repliquemangacine.fr\\\/#\\\/schema\\\/logo\\\/image\\\/\"},\"sameAs\":[\"https:\\\/\\\/www.facebook.com\\\/RepliqueMangaCine\",\"https:\\\/\\\/www.instagram.com\\\/repliquemangacine.fr\\\/\"]}]}<\/script>\n<!-- \/ Yoast SEO plugin. -->","yoast_head_json":{"title":"Lion's Fang Sword Dagger - Warcraft - Online Shop | RMC","description":"Get the Lion's Fang sword dagger from King Llane Wrynn in the Warcraft movie at the best price - Steel blade - Stand - Length 71cm - Shipment 24\/48h","robots":{"index":"index","follow":"follow","max-snippet":"max-snippet:-1","max-image-preview":"max-image-preview:large","max-video-preview":"max-video-preview:-1"},"canonical":"https:\/\/repliquemangacine.fr\/en\/replica-weapons-films-and-series\/dagger-sword-lions-fang-du-roi-llane-wrynn-warcraft\/","og_locale":"en_US","og_type":"article","og_title":"Dague \u00e9p\u00e9e Lion's Fang - Warcraft - Boutique en ligne | RMC","og_description":"Offrez-vous la Dague \u00e9p\u00e9e Lion's Fang du roi Llane Wrynn dans le film Warcraft au meilleur prix - Lame acier - Support - Longueur 71cm - Envoi 24\/48h","og_url":"https:\/\/repliquemangacine.fr\/en\/replica-weapons-films-and-series\/dagger-sword-lions-fang-du-roi-llane-wrynn-warcraft\/","og_site_name":"R\u00e9plique Manga Cin\u00e9","article_publisher":"https:\/\/www.facebook.com\/RepliqueMangaCine","article_modified_time":"2026-01-08T16:23:17+00:00","og_image":[{"width":600,"height":600,"url":"https:\/\/repliquemangacine.fr\/wp-content\/uploads\/2023\/10\/2034-Dague-epee-du-roi-Llane-Wrynn-Warcraft.jpg","type":"image\/jpeg"}],"twitter_card":"summary_large_image","twitter_misc":{"Est. reading time":"1 minute"},"schema":{"@context":"https:\/\/schema.org","@graph":[{"@type":"WebPage","@id":"https:\/\/repliquemangacine.fr\/repliques-d-armes-films-et-series\/dague-epee-lions-fang-du-roi-llane-wrynn-warcraft\/","url":"https:\/\/repliquemangacine.fr\/repliques-d-armes-films-et-series\/dague-epee-lions-fang-du-roi-llane-wrynn-warcraft\/","name":"Lion's Fang Sword Dagger - Warcraft - Online Shop | RMC","isPartOf":{"@id":"https:\/\/repliquemangacine.fr\/#website"},"primaryImageOfPage":{"@id":"https:\/\/repliquemangacine.fr\/repliques-d-armes-films-et-series\/dague-epee-lions-fang-du-roi-llane-wrynn-warcraft\/#primaryimage"},"image":{"@id":"https:\/\/repliquemangacine.fr\/repliques-d-armes-films-et-series\/dague-epee-lions-fang-du-roi-llane-wrynn-warcraft\/#primaryimage"},"thumbnailUrl":"https:\/\/repliquemangacine.fr\/wp-content\/uploads\/2023\/10\/2034-Dague-epee-du-roi-Llane-Wrynn-Warcraft.jpg","datePublished":"2017-05-22T16:21:33+00:00","dateModified":"2026-01-08T16:23:17+00:00","description":"Get the Lion's Fang sword dagger from King Llane Wrynn in the Warcraft movie at the best price - Steel blade - Stand - Length 71cm - Shipment 24\/48h","breadcrumb":{"@id":"https:\/\/repliquemangacine.fr\/repliques-d-armes-films-et-series\/dague-epee-lions-fang-du-roi-llane-wrynn-warcraft\/#breadcrumb"},"inLanguage":"en-US","potentialAction":[{"@type":"ReadAction","target":["https:\/\/repliquemangacine.fr\/repliques-d-armes-films-et-series\/dague-epee-lions-fang-du-roi-llane-wrynn-warcraft\/"]}]},{"@type":"ImageObject","inLanguage":"en-US","@id":"https:\/\/repliquemangacine.fr\/repliques-d-armes-films-et-series\/dague-epee-lions-fang-du-roi-llane-wrynn-warcraft\/#primaryimage","url":"https:\/\/repliquemangacine.fr\/wp-content\/uploads\/2023\/10\/2034-Dague-epee-du-roi-Llane-Wrynn-Warcraft.jpg","contentUrl":"https:\/\/repliquemangacine.fr\/wp-content\/uploads\/2023\/10\/2034-Dague-epee-du-roi-Llane-Wrynn-Warcraft.jpg","width":600,"height":600,"caption":"Dague \u00e9p\u00e9e du roi Llane Wrynn - Warcraft"},{"@type":"BreadcrumbList","@id":"https:\/\/repliquemangacine.fr\/repliques-d-armes-films-et-series\/dague-epee-lions-fang-du-roi-llane-wrynn-warcraft\/#breadcrumb","itemListElement":[{"@type":"ListItem","position":1,"name":"Accueil","item":"https:\/\/repliquemangacine.fr\/"},{"@type":"ListItem","position":2,"name":"Produits","item":"https:\/\/repliquemangacine.fr\/boutique\/"},{"@type":"ListItem","position":3,"name":"Dague \u00e9p\u00e9e Lion&#8217;s Fang Warcraft"}]},{"@type":"WebSite","@id":"https:\/\/repliquemangacine.fr\/#website","url":"https:\/\/repliquemangacine.fr\/","name":"R\u00e9plique Manga Cin\u00e9","description":"","publisher":{"@id":"https:\/\/repliquemangacine.fr\/#organization"},"potentialAction":[{"@type":"SearchAction","target":{"@type":"EntryPoint","urlTemplate":"https:\/\/repliquemangacine.fr\/?s={search_term_string}"},"query-input":{"@type":"PropertyValueSpecification","valueRequired":true,"valueName":"search_term_string"}}],"inLanguage":"en-US"},{"@type":"Organization","@id":"https:\/\/repliquemangacine.fr\/#organization","name":"R\u00e9plique Manga Cin\u00e9","url":"https:\/\/repliquemangacine.fr\/","logo":{"@type":"ImageObject","inLanguage":"en-US","@id":"https:\/\/repliquemangacine.fr\/#\/schema\/logo\/image\/","url":"https:\/\/repliquemangacine.fr\/wp-content\/uploads\/2023\/10\/RMC-500250.png","contentUrl":"https:\/\/repliquemangacine.fr\/wp-content\/uploads\/2023\/10\/RMC-500250.png","width":500,"height":250,"caption":"R\u00e9plique Manga Cin\u00e9"},"image":{"@id":"https:\/\/repliquemangacine.fr\/#\/schema\/logo\/image\/"},"sameAs":["https:\/\/www.facebook.com\/RepliqueMangaCine","https:\/\/www.instagram.com\/repliquemangacine.fr\/"]}]}},"_links":{"self":[{"href":"https:\/\/repliquemangacine.fr\/en\/wp-json\/wp\/v2\/product\/27255","targetHints":{"allow":["GET"]}}],"collection":[{"href":"https:\/\/repliquemangacine.fr\/en\/wp-json\/wp\/v2\/product"}],"about":[{"href":"https:\/\/repliquemangacine.fr\/en\/wp-json\/wp\/v2\/types\/product"}],"wp:featuredmedia":[{"embeddable":true,"href":"https:\/\/repliquemangacine.fr\/en\/wp-json\/wp\/v2\/media\/27256"}],"wp:attachment":[{"href":"https:\/\/repliquemangacine.fr\/en\/wp-json\/wp\/v2\/media?parent=27255"}],"wp:term":[{"taxonomy":"product_brand","embeddable":true,"href":"https:\/\/repliquemangacine.fr\/en\/wp-json\/wp\/v2\/product_brand?post=27255"},{"taxonomy":"product_cat","embeddable":true,"href":"https:\/\/repliquemangacine.fr\/en\/wp-json\/wp\/v2\/product_cat?post=27255"},{"taxonomy":"product_tag","embeddable":true,"href":"https:\/\/repliquemangacine.fr\/en\/wp-json\/wp\/v2\/product_tag?post=27255"}],"curies":[{"name":"wp","href":"https:\/\/api.w.org\/{rel}","templated":true}]}}