





{"id":27246,"date":"2017-05-20T21:56:22","date_gmt":"2017-05-20T19:56:22","guid":{"rendered":"https:\/\/repliquemangacine.fr\/?post_type=product&#038;p=27246"},"modified":"2026-04-09T13:23:23","modified_gmt":"2026-04-09T11:23:23","slug":"rambo-signature-dagger-2","status":"publish","type":"product","link":"https:\/\/repliquemangacine.fr\/en\/couteaux-de-chasse\/poignard-signature-rambo-2\/","title":{"rendered":"Rambo First Blood Part II signature dagger"},"content":{"rendered":"<h2>Rambo 2 Signature Dagger Replica<\/h2>\n<p>To begin with, the <strong>Rambo 2 signature dagger<\/strong> is exactly the same as in the film, with the added signature of Stallone himself.<\/p>\n<p>First of all, Rambo is a five-film American film saga. <a href=\"https:\/\/heros.fandom.com\/fr\/wiki\/John_Rambo\" target=\"_blank\" rel=\"noopener noreferrer\">John James Rambo<\/a> is the main character in both the novel and the film adaptations. Played on the big screen by actor Sylvester Stallone.<\/p>\n<p>What's more, he has an affinity for knives, both as a weapon for killing numerous enemies and as a survival tool. Rambo is incredibly talented with many types of firearms, but also with a bow, which he prefers to use when he needs to be stealthy. He's also highly intelligent, able to speak several languages, a gifted pilot and a talented hunter.<\/p>\n<h2>Your Rambo 2 Signature Dagger at the best price<\/h2>\n<p>We offer you all the Rambo knives from all his films.<\/p>\n<p>First and foremost,<\/p>\n<ul>\n<li>The impressive <a href=\"https:\/\/repliquemangacine.fr\/en\/rambo-knives-john-rambo-dagger\/couteau-poignard-rambo-iii\/\">Rambo 3 dagger<\/a> which he uses in this opus.<\/li>\n<li>There is also the <a href=\"https:\/\/repliquemangacine.fr\/en\/rambo-knives-john-rambo-dagger\/machette-rambo-iv\/\">Rambo machete<\/a> seen in films 4 and 5<\/li>\n<li>As well as the latest <a href=\"https:\/\/repliquemangacine.fr\/en\/rambo-knives-john-rambo-dagger\/couteau-rambo-v-last-blood-couteau-rambo-heartstopper\/\">Last Blood knife<\/a> in the latest opus.<\/li>\n<\/ul>\n<p>Which is why this is a great gift idea for all Rambo fans.<\/p>\n<p>In conclusion, you can use the <strong>Rambo 2 signature dagger<\/strong> for your theme parties or Cosplays. But above all, this knife is a collector's item.<\/p>\n<p>R\u00e9plique Manga Cin\u00e9 is a French family business<\/p>\n<h2>How to maintain the blade of your knife?<\/h2>\n<p>Collector and decorative knives are made and assembled in a simplified way. As their use is decorative, they lack the safety features required of a Japanese sword intended for training.<\/p>\n<p>However, your <strong>Rambo 2 signature dagger<\/strong> to a steel blade that needs to be cared for to avoid damage over time. In fact, when you display your katana, your friends will be curious to see and touch the blade. This is where you need to be careful, as the acidity of your fingers is very harmful to steel, whatever its quality.<\/p>\n<p>However, if this happens, don't panic. All you need to do is dampen a cloth with a little oil and wipe away the fingerprints. By doing this, you will keep your knife in good condition for a very long time.<\/p>","protected":false},"excerpt":{"rendered":"<p>Replica of the Rambo 2 signature knife.<\/p>\n<ul>\n<li>Pre-sharpened, serrated stainless steel blade.<\/li>\n<li>John Rambo\" signature in Stallone's hand.<\/li>\n<li>Steel guard with two screwdriver tips.<\/li>\n<li>Metal handle with black cotton cord.<\/li>\n<li>Compass and survival kit.<\/li>\n<li>Black imitation leather sheath.<\/li>\n<li>Blade length: 25 cm - Total length: 41 cm<\/li>\n<\/ul>","protected":false},"featured_media":27247,"template":"","meta":[],"product_brand":[896],"product_cat":[890,892,24,61],"product_tag":[],"class_list":{"0":"post-27246","1":"product","2":"type-product","3":"status-publish","4":"has-post-thumbnail","6":"product_brand-replique-manga-cine","7":"product_cat-couteaux-de-chasse","8":"product_cat-couteaux-tactical","9":"product_cat-films-series-tv-vente-de-katana-epee-et-produits-derives","10":"product_cat-couteaux-rambo-poignard-john-rambo","12":"first","13":"instock","14":"taxable","15":"shipping-taxable","16":"purchasable","17":"product-type-simple"},"yoast_head":"<!-- This site is optimized with the Yoast SEO plugin v27.4 - https:\/\/yoast.com\/product\/yoast-seo-wordpress\/ -->\n<title>Poignard signature Rambo 2 | R\u00e9plique Manga Cin\u00e9<\/title>\n<meta name=\"description\" content=\"Offrez-vous ce Poignard signature Rambo 2 First Blood Part 2 au meilleur prix, Lame acier pr\u00e9-aff\u00fbt\u00e9e - Signature John Rambo - Fourreau - Longueur : 41 cm\" \/>\n<meta name=\"robots\" content=\"index, follow, max-snippet:-1, max-image-preview:large, max-video-preview:-1\" \/>\n<link rel=\"canonical\" href=\"https:\/\/repliquemangacine.fr\/en\/hunting-knives\/rambo-signature-dagger-2\/\" \/>\n<meta property=\"og:locale\" content=\"en_US\" \/>\n<meta property=\"og:type\" content=\"article\" \/>\n<meta property=\"og:title\" content=\"Poignard signature Rambo 2 | R\u00e9plique Manga Cin\u00e9\" \/>\n<meta property=\"og:description\" content=\"Offrez-vous ce Poignard signature Rambo 2 First Blood Part 2 au meilleur prix, Lame acier pr\u00e9-aff\u00fbt\u00e9e - Signature John Rambo - Fourreau - Longueur : 41 cm\" \/>\n<meta property=\"og:url\" content=\"https:\/\/repliquemangacine.fr\/en\/hunting-knives\/rambo-signature-dagger-2\/\" \/>\n<meta property=\"og:site_name\" content=\"R\u00e9plique Manga Cin\u00e9\" \/>\n<meta property=\"article:publisher\" content=\"https:\/\/www.facebook.com\/RepliqueMangaCine\" \/>\n<meta property=\"article:modified_time\" content=\"2026-04-09T11:23:23+00:00\" \/>\n<meta property=\"og:image\" content=\"https:\/\/repliquemangacine.fr\/wp-content\/uploads\/2023\/10\/2021-Replique-Poignard-signature-Rambo-First-Blood-Part-II.jpg\" \/>\n\t<meta property=\"og:image:width\" content=\"600\" \/>\n\t<meta property=\"og:image:height\" content=\"600\" \/>\n\t<meta property=\"og:image:type\" content=\"image\/jpeg\" \/>\n<meta name=\"twitter:card\" content=\"summary_large_image\" \/>\n<meta name=\"twitter:label1\" content=\"Est. reading time\" \/>\n\t<meta name=\"twitter:data1\" content=\"3 minutes\" \/>\n<script type=\"application\/ld+json\" class=\"yoast-schema-graph\">{\"@context\":\"https:\\\/\\\/schema.org\",\"@graph\":[{\"@type\":\"WebPage\",\"@id\":\"https:\\\/\\\/repliquemangacine.fr\\\/couteaux-de-chasse\\\/poignard-signature-rambo-2\\\/\",\"url\":\"https:\\\/\\\/repliquemangacine.fr\\\/couteaux-de-chasse\\\/poignard-signature-rambo-2\\\/\",\"name\":\"Poignard signature Rambo 2 | R\u00e9plique Manga Cin\u00e9\",\"isPartOf\":{\"@id\":\"https:\\\/\\\/repliquemangacine.fr\\\/#website\"},\"primaryImageOfPage\":{\"@id\":\"https:\\\/\\\/repliquemangacine.fr\\\/couteaux-de-chasse\\\/poignard-signature-rambo-2\\\/#primaryimage\"},\"image\":{\"@id\":\"https:\\\/\\\/repliquemangacine.fr\\\/couteaux-de-chasse\\\/poignard-signature-rambo-2\\\/#primaryimage\"},\"thumbnailUrl\":\"https:\\\/\\\/repliquemangacine.fr\\\/wp-content\\\/uploads\\\/2023\\\/10\\\/2021-Replique-Poignard-signature-Rambo-First-Blood-Part-II.jpg\",\"datePublished\":\"2017-05-20T19:56:22+00:00\",\"dateModified\":\"2026-04-09T11:23:23+00:00\",\"description\":\"Offrez-vous ce Poignard signature Rambo 2 First Blood Part 2 au meilleur prix, Lame acier pr\u00e9-aff\u00fbt\u00e9e - Signature John Rambo - Fourreau - Longueur : 41 cm\",\"breadcrumb\":{\"@id\":\"https:\\\/\\\/repliquemangacine.fr\\\/couteaux-de-chasse\\\/poignard-signature-rambo-2\\\/#breadcrumb\"},\"inLanguage\":\"en-US\",\"potentialAction\":[{\"@type\":\"ReadAction\",\"target\":[\"https:\\\/\\\/repliquemangacine.fr\\\/couteaux-de-chasse\\\/poignard-signature-rambo-2\\\/\"]}]},{\"@type\":\"ImageObject\",\"inLanguage\":\"en-US\",\"@id\":\"https:\\\/\\\/repliquemangacine.fr\\\/couteaux-de-chasse\\\/poignard-signature-rambo-2\\\/#primaryimage\",\"url\":\"https:\\\/\\\/repliquemangacine.fr\\\/wp-content\\\/uploads\\\/2023\\\/10\\\/2021-Replique-Poignard-signature-Rambo-First-Blood-Part-II.jpg\",\"contentUrl\":\"https:\\\/\\\/repliquemangacine.fr\\\/wp-content\\\/uploads\\\/2023\\\/10\\\/2021-Replique-Poignard-signature-Rambo-First-Blood-Part-II.jpg\",\"width\":600,\"height\":600,\"caption\":\"R\u00e9plique Poignard signature Rambo First Blood Part II\"},{\"@type\":\"BreadcrumbList\",\"@id\":\"https:\\\/\\\/repliquemangacine.fr\\\/couteaux-de-chasse\\\/poignard-signature-rambo-2\\\/#breadcrumb\",\"itemListElement\":[{\"@type\":\"ListItem\",\"position\":1,\"name\":\"Accueil\",\"item\":\"https:\\\/\\\/repliquemangacine.fr\\\/\"},{\"@type\":\"ListItem\",\"position\":2,\"name\":\"Produits\",\"item\":\"https:\\\/\\\/repliquemangacine.fr\\\/boutique\\\/\"},{\"@type\":\"ListItem\",\"position\":3,\"name\":\"Poignard signature Rambo First Blood Part II\"}]},{\"@type\":\"WebSite\",\"@id\":\"https:\\\/\\\/repliquemangacine.fr\\\/#website\",\"url\":\"https:\\\/\\\/repliquemangacine.fr\\\/\",\"name\":\"R\u00e9plique Manga Cin\u00e9\",\"description\":\"\",\"publisher\":{\"@id\":\"https:\\\/\\\/repliquemangacine.fr\\\/#organization\"},\"potentialAction\":[{\"@type\":\"SearchAction\",\"target\":{\"@type\":\"EntryPoint\",\"urlTemplate\":\"https:\\\/\\\/repliquemangacine.fr\\\/?s={search_term_string}\"},\"query-input\":{\"@type\":\"PropertyValueSpecification\",\"valueRequired\":true,\"valueName\":\"search_term_string\"}}],\"inLanguage\":\"en-US\"},{\"@type\":\"Organization\",\"@id\":\"https:\\\/\\\/repliquemangacine.fr\\\/#organization\",\"name\":\"R\u00e9plique Manga Cin\u00e9\",\"url\":\"https:\\\/\\\/repliquemangacine.fr\\\/\",\"logo\":{\"@type\":\"ImageObject\",\"inLanguage\":\"en-US\",\"@id\":\"https:\\\/\\\/repliquemangacine.fr\\\/#\\\/schema\\\/logo\\\/image\\\/\",\"url\":\"https:\\\/\\\/repliquemangacine.fr\\\/wp-content\\\/uploads\\\/2023\\\/10\\\/RMC-500250.png\",\"contentUrl\":\"https:\\\/\\\/repliquemangacine.fr\\\/wp-content\\\/uploads\\\/2023\\\/10\\\/RMC-500250.png\",\"width\":500,\"height\":250,\"caption\":\"R\u00e9plique Manga Cin\u00e9\"},\"image\":{\"@id\":\"https:\\\/\\\/repliquemangacine.fr\\\/#\\\/schema\\\/logo\\\/image\\\/\"},\"sameAs\":[\"https:\\\/\\\/www.facebook.com\\\/RepliqueMangaCine\",\"https:\\\/\\\/www.instagram.com\\\/repliquemangacine.fr\\\/\"]}]}<\/script>\n<!-- \/ Yoast SEO plugin. -->","yoast_head_json":{"title":"Rambo 2 signature dagger | R\u00e9plique Manga Cin\u00e9","description":"Treat yourself to this Rambo 2 First Blood Part 2 signature dagger at the best price, Pre-sharpened steel blade - John Rambo signature - Sheath - Length: 41 cm","robots":{"index":"index","follow":"follow","max-snippet":"max-snippet:-1","max-image-preview":"max-image-preview:large","max-video-preview":"max-video-preview:-1"},"canonical":"https:\/\/repliquemangacine.fr\/en\/hunting-knives\/rambo-signature-dagger-2\/","og_locale":"en_US","og_type":"article","og_title":"Poignard signature Rambo 2 | R\u00e9plique Manga Cin\u00e9","og_description":"Offrez-vous ce Poignard signature Rambo 2 First Blood Part 2 au meilleur prix, Lame acier pr\u00e9-aff\u00fbt\u00e9e - Signature John Rambo - Fourreau - Longueur : 41 cm","og_url":"https:\/\/repliquemangacine.fr\/en\/hunting-knives\/rambo-signature-dagger-2\/","og_site_name":"R\u00e9plique Manga Cin\u00e9","article_publisher":"https:\/\/www.facebook.com\/RepliqueMangaCine","article_modified_time":"2026-04-09T11:23:23+00:00","og_image":[{"width":600,"height":600,"url":"https:\/\/repliquemangacine.fr\/wp-content\/uploads\/2023\/10\/2021-Replique-Poignard-signature-Rambo-First-Blood-Part-II.jpg","type":"image\/jpeg"}],"twitter_card":"summary_large_image","twitter_misc":{"Est. reading time":"3 minutes"},"schema":{"@context":"https:\/\/schema.org","@graph":[{"@type":"WebPage","@id":"https:\/\/repliquemangacine.fr\/couteaux-de-chasse\/poignard-signature-rambo-2\/","url":"https:\/\/repliquemangacine.fr\/couteaux-de-chasse\/poignard-signature-rambo-2\/","name":"Rambo 2 signature dagger | R\u00e9plique Manga Cin\u00e9","isPartOf":{"@id":"https:\/\/repliquemangacine.fr\/#website"},"primaryImageOfPage":{"@id":"https:\/\/repliquemangacine.fr\/couteaux-de-chasse\/poignard-signature-rambo-2\/#primaryimage"},"image":{"@id":"https:\/\/repliquemangacine.fr\/couteaux-de-chasse\/poignard-signature-rambo-2\/#primaryimage"},"thumbnailUrl":"https:\/\/repliquemangacine.fr\/wp-content\/uploads\/2023\/10\/2021-Replique-Poignard-signature-Rambo-First-Blood-Part-II.jpg","datePublished":"2017-05-20T19:56:22+00:00","dateModified":"2026-04-09T11:23:23+00:00","description":"Treat yourself to this Rambo 2 First Blood Part 2 signature dagger at the best price, Pre-sharpened steel blade - John Rambo signature - Sheath - Length: 41 cm","breadcrumb":{"@id":"https:\/\/repliquemangacine.fr\/couteaux-de-chasse\/poignard-signature-rambo-2\/#breadcrumb"},"inLanguage":"en-US","potentialAction":[{"@type":"ReadAction","target":["https:\/\/repliquemangacine.fr\/couteaux-de-chasse\/poignard-signature-rambo-2\/"]}]},{"@type":"ImageObject","inLanguage":"en-US","@id":"https:\/\/repliquemangacine.fr\/couteaux-de-chasse\/poignard-signature-rambo-2\/#primaryimage","url":"https:\/\/repliquemangacine.fr\/wp-content\/uploads\/2023\/10\/2021-Replique-Poignard-signature-Rambo-First-Blood-Part-II.jpg","contentUrl":"https:\/\/repliquemangacine.fr\/wp-content\/uploads\/2023\/10\/2021-Replique-Poignard-signature-Rambo-First-Blood-Part-II.jpg","width":600,"height":600,"caption":"R\u00e9plique Poignard signature Rambo First Blood Part II"},{"@type":"BreadcrumbList","@id":"https:\/\/repliquemangacine.fr\/couteaux-de-chasse\/poignard-signature-rambo-2\/#breadcrumb","itemListElement":[{"@type":"ListItem","position":1,"name":"Accueil","item":"https:\/\/repliquemangacine.fr\/"},{"@type":"ListItem","position":2,"name":"Produits","item":"https:\/\/repliquemangacine.fr\/boutique\/"},{"@type":"ListItem","position":3,"name":"Poignard signature Rambo First Blood Part II"}]},{"@type":"WebSite","@id":"https:\/\/repliquemangacine.fr\/#website","url":"https:\/\/repliquemangacine.fr\/","name":"R\u00e9plique Manga Cin\u00e9","description":"","publisher":{"@id":"https:\/\/repliquemangacine.fr\/#organization"},"potentialAction":[{"@type":"SearchAction","target":{"@type":"EntryPoint","urlTemplate":"https:\/\/repliquemangacine.fr\/?s={search_term_string}"},"query-input":{"@type":"PropertyValueSpecification","valueRequired":true,"valueName":"search_term_string"}}],"inLanguage":"en-US"},{"@type":"Organization","@id":"https:\/\/repliquemangacine.fr\/#organization","name":"R\u00e9plique Manga Cin\u00e9","url":"https:\/\/repliquemangacine.fr\/","logo":{"@type":"ImageObject","inLanguage":"en-US","@id":"https:\/\/repliquemangacine.fr\/#\/schema\/logo\/image\/","url":"https:\/\/repliquemangacine.fr\/wp-content\/uploads\/2023\/10\/RMC-500250.png","contentUrl":"https:\/\/repliquemangacine.fr\/wp-content\/uploads\/2023\/10\/RMC-500250.png","width":500,"height":250,"caption":"R\u00e9plique Manga Cin\u00e9"},"image":{"@id":"https:\/\/repliquemangacine.fr\/#\/schema\/logo\/image\/"},"sameAs":["https:\/\/www.facebook.com\/RepliqueMangaCine","https:\/\/www.instagram.com\/repliquemangacine.fr\/"]}]}},"_links":{"self":[{"href":"https:\/\/repliquemangacine.fr\/en\/wp-json\/wp\/v2\/product\/27246","targetHints":{"allow":["GET"]}}],"collection":[{"href":"https:\/\/repliquemangacine.fr\/en\/wp-json\/wp\/v2\/product"}],"about":[{"href":"https:\/\/repliquemangacine.fr\/en\/wp-json\/wp\/v2\/types\/product"}],"wp:featuredmedia":[{"embeddable":true,"href":"https:\/\/repliquemangacine.fr\/en\/wp-json\/wp\/v2\/media\/27247"}],"wp:attachment":[{"href":"https:\/\/repliquemangacine.fr\/en\/wp-json\/wp\/v2\/media?parent=27246"}],"wp:term":[{"taxonomy":"product_brand","embeddable":true,"href":"https:\/\/repliquemangacine.fr\/en\/wp-json\/wp\/v2\/product_brand?post=27246"},{"taxonomy":"product_cat","embeddable":true,"href":"https:\/\/repliquemangacine.fr\/en\/wp-json\/wp\/v2\/product_cat?post=27246"},{"taxonomy":"product_tag","embeddable":true,"href":"https:\/\/repliquemangacine.fr\/en\/wp-json\/wp\/v2\/product_tag?post=27246"}],"curies":[{"name":"wp","href":"https:\/\/api.w.org\/{rel}","templated":true}]}}