





{"id":27230,"date":"2017-05-20T18:28:52","date_gmt":"2017-05-20T16:28:52","guid":{"rendered":"https:\/\/repliquemangacine.fr\/?post_type=product&#038;p=27230"},"modified":"2026-03-25T22:18:17","modified_gmt":"2026-03-25T21:18:17","slug":"thor-mjoellnir-hammer-replica-marvel-hammer","status":"publish","type":"product","link":"https:\/\/repliquemangacine.fr\/en\/super-heros-marvel\/marteau-de-thor-mjoellnir-replique-marteau-marvel\/","title":{"rendered":"Thor's hammer"},"content":{"rendered":"<h2>Thor's Hammer replica in the Marvel universe.<\/h2>\n<p>To begin with, the <strong>Thor's hammer<\/strong> Mjolnir, a powerful enchanted warhammer forged by the Dwarves for the Asgardian royal family.<\/p>\n<p>Thor is entrusted with the mighty hammer Mjolnir, which was \"forged in the heart of a dying star\". Thor's mystical hammer, Mj\u00f8lnir, resembles a mallet rather than a warhammer.<\/p>\n<p>When Steve Rogers wielded <a href=\"https:\/\/universcinematographiquemarvel.fandom.com\/fr\/wiki\/Mj\u00f8lnir#Capacit\u00e9s\" target=\"_blank\" rel=\"noopener noreferrer\">Mj\u00f8lnir<\/a>This considerably improved his physical abilities, such as strength and durability, enabling him to fight Thanos on an equal footing.<\/p>\n<p>Indeed, by using it, Rogers has acquired the ability to summon lightning from the surrounding horizon. In addition, Mj\u00f8lnir can draw environmental electricity from the surrounding atmosphere and redirect it to a specific target.<\/p>\n<h2>Your Hammer of Mjolnir at the best price.<\/h2>\n<p>We offer a wide selection of replicas from the Marvel universe.<\/p>\n<p>First and foremost,<\/p>\n<ul>\n<li>The life-size replica of the <a href=\"https:\/\/repliquemangacine.fr\/en\/super-heroes\/stormbreaker-hache-marteau-de-thor\/\">Stormbreaker<\/a> (hammer-axe) used by Thor in Avengers, Infinity War.<\/li>\n<li>There is also the <a href=\"https:\/\/repliquemangacine.fr\/en\/super-heroes\/jokers-suicide-squad-cane\/\">Joker cane<\/a> in Suicide Squad with its rhinestones on the handle.<\/li>\n<li>As well as a keychain replica of Dr Strange's<a href=\"https:\/\/repliquemangacine.fr\/en\/super-heroes\/keyring-eye-dagamotto-dr-strange\/\">Eye of Agamotto<\/a> in Avengers.<\/li>\n<li>And many more to discover in our online store!<\/li>\n<\/ul>\n<p>That's why here's a great gift idea for all Marvel superhero fans.<\/p>\n<p>In conclusion, you can use the <strong>Thor's hammer<\/strong> Mjolnir for your Cosplays. But above all, it's a collector's item and a decoration.<\/p>\n<h2>How are our Avengers Marvel merchandise made?<\/h2>\n<p>To begin with, all our derived products are of the highest quality, manufactured with meticulous attention to detail. In fact, some of the manufacturing is done by hand, to reproduce even the smallest detail. More important parts are machined by precise machines. Engravings are generally made with a diamond tip or laser.<\/p>\n<p>Your <strong>Thor's hammer<\/strong> has been manufactured to reproduce every detail exactly. Made entirely of high-quality molded resin. Mass finely engraved and chiselled on all sides.<\/p>\n<p>Finally, imported from China or Spain, our replicas will amaze you!<\/p>\n<p>R\u00e9plique Manga Cin\u00e9 is a French family business.<\/p>","protected":false},"excerpt":{"rendered":"<p>Replica of Thor's Hammer from the Marvel Universe.<\/p>\n<ul>\n<li>Made entirely of high-quality resin.<\/li>\n<li>Remarkably finished mass.<\/li>\n<li>Chased decoration on all sides, grooves and engravings on the head.<\/li>\n<li>Resin handle with decoration.<\/li>\n<li>Supplied with resin base<\/li>\n<li>Dimensions: 44 cm (length) x 22 cm (width) x 14 cm (depth)<\/li>\n<li>Weight: 3155 g<\/li>\n<\/ul>","protected":false},"featured_media":77967,"template":"","meta":[],"product_brand":[896],"product_cat":[24,59],"product_tag":[],"class_list":{"0":"post-27230","1":"product","2":"type-product","3":"status-publish","4":"has-post-thumbnail","6":"product_brand-replique-manga-cine","7":"product_cat-films-series-tv-vente-de-katana-epee-et-produits-derives","8":"product_cat-super-heros-marvel","10":"first","11":"instock","12":"sale","13":"taxable","14":"shipping-taxable","15":"purchasable","16":"product-type-simple"},"yoast_head":"<!-- This site is optimized with the Yoast SEO plugin v27.4 - https:\/\/yoast.com\/product\/yoast-seo-wordpress\/ -->\n<title>Marteau de Thor - Produits d\u00e9riv\u00e9s Marvel | R\u00e9plique Manga Cin\u00e9<\/title>\n<meta name=\"description\" content=\"Exclusif ! Votre Marteau de Thor dans l&#039;univers de Marvel au meilleur prix. Haute qualit\u00e9 - Tout en r\u00e9sine - Manche r\u00e9sine - Longueur : 44 cm - Envoi 24\/48h\" \/>\n<meta name=\"robots\" content=\"index, follow, max-snippet:-1, max-image-preview:large, max-video-preview:-1\" \/>\n<link rel=\"canonical\" href=\"https:\/\/repliquemangacine.fr\/en\/marvel-superheroes\/thor-mjoellnir-hammer-replica-marvel-hammer\/\" \/>\n<meta property=\"og:locale\" content=\"en_US\" \/>\n<meta property=\"og:type\" content=\"article\" \/>\n<meta property=\"og:title\" content=\"Marteau de Thor - Produits d\u00e9riv\u00e9s Marvel | R\u00e9plique Manga Cin\u00e9\" \/>\n<meta property=\"og:description\" content=\"Exclusif ! Votre Marteau de Thor dans l&#039;univers de Marvel au meilleur prix. Haute qualit\u00e9 - Tout en r\u00e9sine - Manche r\u00e9sine - Longueur : 44 cm - Envoi 24\/48h\" \/>\n<meta property=\"og:url\" content=\"https:\/\/repliquemangacine.fr\/en\/marvel-superheroes\/thor-mjoellnir-hammer-replica-marvel-hammer\/\" \/>\n<meta property=\"og:site_name\" content=\"R\u00e9plique Manga Cin\u00e9\" \/>\n<meta property=\"article:publisher\" content=\"https:\/\/www.facebook.com\/RepliqueMangaCine\" \/>\n<meta property=\"article:modified_time\" content=\"2026-03-25T21:18:17+00:00\" \/>\n<meta property=\"og:image\" content=\"https:\/\/repliquemangacine.fr\/wp-content\/uploads\/2017\/05\/marteau-de-thor-avec-son-support.jpg\" \/>\n\t<meta property=\"og:image:width\" content=\"500\" \/>\n\t<meta property=\"og:image:height\" content=\"500\" \/>\n\t<meta property=\"og:image:type\" content=\"image\/jpeg\" \/>\n<meta name=\"twitter:card\" content=\"summary_large_image\" \/>\n<meta name=\"twitter:label1\" content=\"Est. reading time\" \/>\n\t<meta name=\"twitter:data1\" content=\"3 minutes\" \/>\n<script type=\"application\/ld+json\" class=\"yoast-schema-graph\">{\"@context\":\"https:\\\/\\\/schema.org\",\"@graph\":[{\"@type\":\"WebPage\",\"@id\":\"https:\\\/\\\/repliquemangacine.fr\\\/super-heros-marvel\\\/marteau-de-thor-mjoellnir-replique-marteau-marvel\\\/\",\"url\":\"https:\\\/\\\/repliquemangacine.fr\\\/super-heros-marvel\\\/marteau-de-thor-mjoellnir-replique-marteau-marvel\\\/\",\"name\":\"Marteau de Thor - Produits d\u00e9riv\u00e9s Marvel | R\u00e9plique Manga Cin\u00e9\",\"isPartOf\":{\"@id\":\"https:\\\/\\\/repliquemangacine.fr\\\/#website\"},\"primaryImageOfPage\":{\"@id\":\"https:\\\/\\\/repliquemangacine.fr\\\/super-heros-marvel\\\/marteau-de-thor-mjoellnir-replique-marteau-marvel\\\/#primaryimage\"},\"image\":{\"@id\":\"https:\\\/\\\/repliquemangacine.fr\\\/super-heros-marvel\\\/marteau-de-thor-mjoellnir-replique-marteau-marvel\\\/#primaryimage\"},\"thumbnailUrl\":\"https:\\\/\\\/repliquemangacine.fr\\\/wp-content\\\/uploads\\\/2017\\\/05\\\/marteau-de-thor-avec-son-support.jpg\",\"datePublished\":\"2017-05-20T16:28:52+00:00\",\"dateModified\":\"2026-03-25T21:18:17+00:00\",\"description\":\"Exclusif ! Votre Marteau de Thor dans l'univers de Marvel au meilleur prix. Haute qualit\u00e9 - Tout en r\u00e9sine - Manche r\u00e9sine - Longueur : 44 cm - Envoi 24\\\/48h\",\"breadcrumb\":{\"@id\":\"https:\\\/\\\/repliquemangacine.fr\\\/super-heros-marvel\\\/marteau-de-thor-mjoellnir-replique-marteau-marvel\\\/#breadcrumb\"},\"inLanguage\":\"en-US\",\"potentialAction\":[{\"@type\":\"ReadAction\",\"target\":[\"https:\\\/\\\/repliquemangacine.fr\\\/super-heros-marvel\\\/marteau-de-thor-mjoellnir-replique-marteau-marvel\\\/\"]}]},{\"@type\":\"ImageObject\",\"inLanguage\":\"en-US\",\"@id\":\"https:\\\/\\\/repliquemangacine.fr\\\/super-heros-marvel\\\/marteau-de-thor-mjoellnir-replique-marteau-marvel\\\/#primaryimage\",\"url\":\"https:\\\/\\\/repliquemangacine.fr\\\/wp-content\\\/uploads\\\/2017\\\/05\\\/marteau-de-thor-avec-son-support.jpg\",\"contentUrl\":\"https:\\\/\\\/repliquemangacine.fr\\\/wp-content\\\/uploads\\\/2017\\\/05\\\/marteau-de-thor-avec-son-support.jpg\",\"width\":500,\"height\":500},{\"@type\":\"BreadcrumbList\",\"@id\":\"https:\\\/\\\/repliquemangacine.fr\\\/super-heros-marvel\\\/marteau-de-thor-mjoellnir-replique-marteau-marvel\\\/#breadcrumb\",\"itemListElement\":[{\"@type\":\"ListItem\",\"position\":1,\"name\":\"Accueil\",\"item\":\"https:\\\/\\\/repliquemangacine.fr\\\/\"},{\"@type\":\"ListItem\",\"position\":2,\"name\":\"Produits\",\"item\":\"https:\\\/\\\/repliquemangacine.fr\\\/boutique\\\/\"},{\"@type\":\"ListItem\",\"position\":3,\"name\":\"Marteau de Thor\"}]},{\"@type\":\"WebSite\",\"@id\":\"https:\\\/\\\/repliquemangacine.fr\\\/#website\",\"url\":\"https:\\\/\\\/repliquemangacine.fr\\\/\",\"name\":\"R\u00e9plique Manga Cin\u00e9\",\"description\":\"\",\"publisher\":{\"@id\":\"https:\\\/\\\/repliquemangacine.fr\\\/#organization\"},\"potentialAction\":[{\"@type\":\"SearchAction\",\"target\":{\"@type\":\"EntryPoint\",\"urlTemplate\":\"https:\\\/\\\/repliquemangacine.fr\\\/?s={search_term_string}\"},\"query-input\":{\"@type\":\"PropertyValueSpecification\",\"valueRequired\":true,\"valueName\":\"search_term_string\"}}],\"inLanguage\":\"en-US\"},{\"@type\":\"Organization\",\"@id\":\"https:\\\/\\\/repliquemangacine.fr\\\/#organization\",\"name\":\"R\u00e9plique Manga Cin\u00e9\",\"url\":\"https:\\\/\\\/repliquemangacine.fr\\\/\",\"logo\":{\"@type\":\"ImageObject\",\"inLanguage\":\"en-US\",\"@id\":\"https:\\\/\\\/repliquemangacine.fr\\\/#\\\/schema\\\/logo\\\/image\\\/\",\"url\":\"https:\\\/\\\/repliquemangacine.fr\\\/wp-content\\\/uploads\\\/2023\\\/10\\\/RMC-500250.png\",\"contentUrl\":\"https:\\\/\\\/repliquemangacine.fr\\\/wp-content\\\/uploads\\\/2023\\\/10\\\/RMC-500250.png\",\"width\":500,\"height\":250,\"caption\":\"R\u00e9plique Manga Cin\u00e9\"},\"image\":{\"@id\":\"https:\\\/\\\/repliquemangacine.fr\\\/#\\\/schema\\\/logo\\\/image\\\/\"},\"sameAs\":[\"https:\\\/\\\/www.facebook.com\\\/RepliqueMangaCine\",\"https:\\\/\\\/www.instagram.com\\\/repliquemangacine.fr\\\/\"]}]}<\/script>\n<!-- \/ Yoast SEO plugin. -->","yoast_head_json":{"title":"Thor's Hammer - Marvel Merchandising | R\u00e9plique Manga Cin\u00e9","description":"Exclusive! Your Thor's Hammer from the Marvel universe at the best price. High quality - All resin - Resin handle - Length: 44 cm - Shipment 24\/48h","robots":{"index":"index","follow":"follow","max-snippet":"max-snippet:-1","max-image-preview":"max-image-preview:large","max-video-preview":"max-video-preview:-1"},"canonical":"https:\/\/repliquemangacine.fr\/en\/marvel-superheroes\/thor-mjoellnir-hammer-replica-marvel-hammer\/","og_locale":"en_US","og_type":"article","og_title":"Marteau de Thor - Produits d\u00e9riv\u00e9s Marvel | R\u00e9plique Manga Cin\u00e9","og_description":"Exclusif ! Votre Marteau de Thor dans l'univers de Marvel au meilleur prix. Haute qualit\u00e9 - Tout en r\u00e9sine - Manche r\u00e9sine - Longueur : 44 cm - Envoi 24\/48h","og_url":"https:\/\/repliquemangacine.fr\/en\/marvel-superheroes\/thor-mjoellnir-hammer-replica-marvel-hammer\/","og_site_name":"R\u00e9plique Manga Cin\u00e9","article_publisher":"https:\/\/www.facebook.com\/RepliqueMangaCine","article_modified_time":"2026-03-25T21:18:17+00:00","og_image":[{"width":500,"height":500,"url":"https:\/\/repliquemangacine.fr\/wp-content\/uploads\/2017\/05\/marteau-de-thor-avec-son-support.jpg","type":"image\/jpeg"}],"twitter_card":"summary_large_image","twitter_misc":{"Est. reading time":"3 minutes"},"schema":{"@context":"https:\/\/schema.org","@graph":[{"@type":"WebPage","@id":"https:\/\/repliquemangacine.fr\/super-heros-marvel\/marteau-de-thor-mjoellnir-replique-marteau-marvel\/","url":"https:\/\/repliquemangacine.fr\/super-heros-marvel\/marteau-de-thor-mjoellnir-replique-marteau-marvel\/","name":"Thor's Hammer - Marvel Merchandising | R\u00e9plique Manga Cin\u00e9","isPartOf":{"@id":"https:\/\/repliquemangacine.fr\/#website"},"primaryImageOfPage":{"@id":"https:\/\/repliquemangacine.fr\/super-heros-marvel\/marteau-de-thor-mjoellnir-replique-marteau-marvel\/#primaryimage"},"image":{"@id":"https:\/\/repliquemangacine.fr\/super-heros-marvel\/marteau-de-thor-mjoellnir-replique-marteau-marvel\/#primaryimage"},"thumbnailUrl":"https:\/\/repliquemangacine.fr\/wp-content\/uploads\/2017\/05\/marteau-de-thor-avec-son-support.jpg","datePublished":"2017-05-20T16:28:52+00:00","dateModified":"2026-03-25T21:18:17+00:00","description":"Exclusive! Your Thor's Hammer from the Marvel universe at the best price. High quality - All resin - Resin handle - Length: 44 cm - Shipment 24\/48h","breadcrumb":{"@id":"https:\/\/repliquemangacine.fr\/super-heros-marvel\/marteau-de-thor-mjoellnir-replique-marteau-marvel\/#breadcrumb"},"inLanguage":"en-US","potentialAction":[{"@type":"ReadAction","target":["https:\/\/repliquemangacine.fr\/super-heros-marvel\/marteau-de-thor-mjoellnir-replique-marteau-marvel\/"]}]},{"@type":"ImageObject","inLanguage":"en-US","@id":"https:\/\/repliquemangacine.fr\/super-heros-marvel\/marteau-de-thor-mjoellnir-replique-marteau-marvel\/#primaryimage","url":"https:\/\/repliquemangacine.fr\/wp-content\/uploads\/2017\/05\/marteau-de-thor-avec-son-support.jpg","contentUrl":"https:\/\/repliquemangacine.fr\/wp-content\/uploads\/2017\/05\/marteau-de-thor-avec-son-support.jpg","width":500,"height":500},{"@type":"BreadcrumbList","@id":"https:\/\/repliquemangacine.fr\/super-heros-marvel\/marteau-de-thor-mjoellnir-replique-marteau-marvel\/#breadcrumb","itemListElement":[{"@type":"ListItem","position":1,"name":"Accueil","item":"https:\/\/repliquemangacine.fr\/"},{"@type":"ListItem","position":2,"name":"Produits","item":"https:\/\/repliquemangacine.fr\/boutique\/"},{"@type":"ListItem","position":3,"name":"Marteau de Thor"}]},{"@type":"WebSite","@id":"https:\/\/repliquemangacine.fr\/#website","url":"https:\/\/repliquemangacine.fr\/","name":"R\u00e9plique Manga Cin\u00e9","description":"","publisher":{"@id":"https:\/\/repliquemangacine.fr\/#organization"},"potentialAction":[{"@type":"SearchAction","target":{"@type":"EntryPoint","urlTemplate":"https:\/\/repliquemangacine.fr\/?s={search_term_string}"},"query-input":{"@type":"PropertyValueSpecification","valueRequired":true,"valueName":"search_term_string"}}],"inLanguage":"en-US"},{"@type":"Organization","@id":"https:\/\/repliquemangacine.fr\/#organization","name":"R\u00e9plique Manga Cin\u00e9","url":"https:\/\/repliquemangacine.fr\/","logo":{"@type":"ImageObject","inLanguage":"en-US","@id":"https:\/\/repliquemangacine.fr\/#\/schema\/logo\/image\/","url":"https:\/\/repliquemangacine.fr\/wp-content\/uploads\/2023\/10\/RMC-500250.png","contentUrl":"https:\/\/repliquemangacine.fr\/wp-content\/uploads\/2023\/10\/RMC-500250.png","width":500,"height":250,"caption":"R\u00e9plique Manga Cin\u00e9"},"image":{"@id":"https:\/\/repliquemangacine.fr\/#\/schema\/logo\/image\/"},"sameAs":["https:\/\/www.facebook.com\/RepliqueMangaCine","https:\/\/www.instagram.com\/repliquemangacine.fr\/"]}]}},"_links":{"self":[{"href":"https:\/\/repliquemangacine.fr\/en\/wp-json\/wp\/v2\/product\/27230","targetHints":{"allow":["GET"]}}],"collection":[{"href":"https:\/\/repliquemangacine.fr\/en\/wp-json\/wp\/v2\/product"}],"about":[{"href":"https:\/\/repliquemangacine.fr\/en\/wp-json\/wp\/v2\/types\/product"}],"wp:featuredmedia":[{"embeddable":true,"href":"https:\/\/repliquemangacine.fr\/en\/wp-json\/wp\/v2\/media\/77967"}],"wp:attachment":[{"href":"https:\/\/repliquemangacine.fr\/en\/wp-json\/wp\/v2\/media?parent=27230"}],"wp:term":[{"taxonomy":"product_brand","embeddable":true,"href":"https:\/\/repliquemangacine.fr\/en\/wp-json\/wp\/v2\/product_brand?post=27230"},{"taxonomy":"product_cat","embeddable":true,"href":"https:\/\/repliquemangacine.fr\/en\/wp-json\/wp\/v2\/product_cat?post=27230"},{"taxonomy":"product_tag","embeddable":true,"href":"https:\/\/repliquemangacine.fr\/en\/wp-json\/wp\/v2\/product_tag?post=27230"}],"curies":[{"name":"wp","href":"https:\/\/api.w.org\/{rel}","templated":true}]}}