





{"id":27214,"date":"2017-05-20T14:41:31","date_gmt":"2017-05-20T12:41:31","guid":{"rendered":"https:\/\/repliquemangacine.fr\/?post_type=product&#038;p=27214"},"modified":"2026-01-13T16:34:23","modified_gmt":"2026-01-13T15:34:23","slug":"dagger-of-ibelin-kingdom-of-heaven","status":"publish","type":"product","link":"https:\/\/repliquemangacine.fr\/en\/dagues-medievales\/dague-d-ibelin-kingdom-of-heaven\/","title":{"rendered":"Dagger Ibelin Kingdom Heaven"},"content":{"rendered":"<h2>Dagger Ibelin Kingdom Heaven<\/h2>\n<p>To begin with, the <strong>Dagger Ibelin Kingdom Heaven<\/strong> is a collectible and decorative piece. Inspired by Ridley Scott's film \"Kingdom of Heaven\".<\/p>\n<p><a href=\"https:\/\/fr.wikipedia.org\/wiki\/Balian_d'Ibelin_(mort_en_1193)\" target=\"_blank\" rel=\"noopener noreferrer\">Balian d'Ibelin<\/a>, was an influential crusader in the Kingdom of Jerusalem, a member of the House of Ibelin. He is known for his role in the defense of Jerusalem in 1187 and his participation in the Third Crusade.<\/p>\n<p>The cross pattee indicates that the Knights Templar belonged to Christianity, and the color red was a reminder of the blood shed by Christ. The cross also expressed the Knights Templar's permanent vow of crusade, in which they pledged to take part at any time.<\/p>\n<p>The motto was \u201dNon Nobis, Domine, Non Nobis, Sed Tuo Nomini Da Gloriam\u201d Glory, not for us, Lord, not for us, but for your name.<\/p>\n<h2>Your Ibelin Kingdom Heaven Dagger at the best price.<\/h2>\n<p>We offer a wide range of medieval replicas.<\/p>\n<p>First and foremost,<\/p>\n<ul>\n<li>L'<a href=\"https:\/\/repliquemangacine.fr\/en\/medieval-sword\/jacques-de-molay-templar-sword\/\">Templar sword<\/a> of the last great Templar Master Jacques de Molay.<\/li>\n<li>But also, the replica of the<a href=\"https:\/\/repliquemangacine.fr\/en\/historical-weapons\/striking-sword-medieval-fighting-sword\/\">fighting sword<\/a> with its wide blade.<\/li>\n<li>There is also the <a href=\"https:\/\/repliquemangacine.fr\/en\/shield-and-armor\/templar-shield-metal\/\">Templar shield<\/a> all metal.<\/li>\n<li>And many more to discover in our online store!<\/li>\n<\/ul>\n<p>A great gift idea for all medieval enthusiasts.<\/p>\n<p>In conclusion, you can also use this <strong>Dagger Ibelin Kingdom Heaven<\/strong> for your historical re-enactments or interior decoration. But above all, it's a collector's item and a decorative object.<\/p>\n<h2>How to maintain the blade of your medieval dagger?<\/h2>\n<p>Collector's and decorative daggers are made and assembled in a simplified way. As their use is decorative, they lack the safety features required of a Japanese saber intended for training.<\/p>\n<p>However, your <strong>Dagger Ibelin Kingdom Heaven<\/strong> to a steel blade that needs to be cared for to avoid damage over time. In fact, when you display your katana, your friends will be curious to see and touch the blade. This is where you need to be careful, as the acidity of your fingers is very harmful to steel, whatever its quality.<\/p>\n<p>However, if this does happen, don't panic - all you need is a cloth dampened with a little oil and a wipe of fingerprints. By doing so, you'll be able to keep your dagger for a very long time.<\/p>","protected":false},"excerpt":{"rendered":"<p>Ibelin dagger inspired by the film Kingdom of Heaven.<\/p>\n<ul>\n<li>Stainless steel blade.<\/li>\n<li>Steel guard with Templar cross.<\/li>\n<li>Steel knob with cross and engraved film title.<\/li>\n<li>ABS handle and scabbard.<\/li>\n<li>Gift box in yellow satin.<\/li>\n<li>Blade length: 24 cm - Total length: 40 cm<\/li>\n<\/ul>","protected":false},"featured_media":27215,"template":"","meta":[],"product_brand":[896],"product_cat":[25,66,93,24,43],"product_tag":[],"class_list":{"0":"post-27214","1":"product","2":"type-product","3":"status-publish","4":"has-post-thumbnail","6":"product_brand-replique-manga-cine","7":"product_cat-armes-historiques","8":"product_cat-repliques-d-armes-films-et-series","9":"product_cat-dagues-medievales","10":"product_cat-films-series-tv-vente-de-katana-epee-et-produits-derives","11":"product_cat-reproductions-d-armes-et-accessoires-medievales","13":"first","14":"instock","15":"taxable","16":"shipping-taxable","17":"purchasable","18":"product-type-simple"},"yoast_head":"<!-- This site is optimized with the Yoast SEO plugin v27.5 - https:\/\/yoast.com\/product\/yoast-seo-wordpress\/ -->\n<title>Dague Ibelin Kingdom Heaven - R\u00e9plique arme M\u00e9di\u00e9vale | RMC<\/title>\n<meta name=\"description\" content=\"D\u00e9couvrez la r\u00e9plique de la Dague Ibelin Kingdom of Heaven au meilleur prix. Lame en acier 440 - Fourreau ABS - Longueur totale : 40 cm - Envoi 24\/48h\" \/>\n<meta name=\"robots\" content=\"index, follow, max-snippet:-1, max-image-preview:large, max-video-preview:-1\" \/>\n<link rel=\"canonical\" href=\"https:\/\/repliquemangacine.fr\/en\/medieval-daggers\/dagger-of-ibelin-kingdom-of-heaven\/\" \/>\n<meta property=\"og:locale\" content=\"en_US\" \/>\n<meta property=\"og:type\" content=\"article\" \/>\n<meta property=\"og:title\" content=\"Dague Ibelin Kingdom Heaven - R\u00e9plique arme M\u00e9di\u00e9vale | RMC\" \/>\n<meta property=\"og:description\" content=\"D\u00e9couvrez la r\u00e9plique de la Dague Ibelin Kingdom of Heaven au meilleur prix. Lame en acier 440 - Fourreau ABS - Longueur totale : 40 cm - Envoi 24\/48h\" \/>\n<meta property=\"og:url\" content=\"https:\/\/repliquemangacine.fr\/en\/medieval-daggers\/dagger-of-ibelin-kingdom-of-heaven\/\" \/>\n<meta property=\"og:site_name\" content=\"R\u00e9plique Manga Cin\u00e9\" \/>\n<meta property=\"article:publisher\" content=\"https:\/\/www.facebook.com\/RepliqueMangaCine\" \/>\n<meta property=\"article:modified_time\" content=\"2026-01-13T15:34:23+00:00\" \/>\n<meta property=\"og:image\" content=\"https:\/\/repliquemangacine.fr\/wp-content\/uploads\/2023\/10\/1992-Dague-dIbelin-Kingdom-of-Heaven.jpg\" \/>\n\t<meta property=\"og:image:width\" content=\"600\" \/>\n\t<meta property=\"og:image:height\" content=\"600\" \/>\n\t<meta property=\"og:image:type\" content=\"image\/jpeg\" \/>\n<meta name=\"twitter:card\" content=\"summary_large_image\" \/>\n<meta name=\"twitter:label1\" content=\"Est. reading time\" \/>\n\t<meta name=\"twitter:data1\" content=\"2 minutes\" \/>\n<script type=\"application\/ld+json\" class=\"yoast-schema-graph\">{\"@context\":\"https:\\\/\\\/schema.org\",\"@graph\":[{\"@type\":\"WebPage\",\"@id\":\"https:\\\/\\\/repliquemangacine.fr\\\/dagues-medievales\\\/dague-d-ibelin-kingdom-of-heaven\\\/\",\"url\":\"https:\\\/\\\/repliquemangacine.fr\\\/dagues-medievales\\\/dague-d-ibelin-kingdom-of-heaven\\\/\",\"name\":\"Dague Ibelin Kingdom Heaven - R\u00e9plique arme M\u00e9di\u00e9vale | RMC\",\"isPartOf\":{\"@id\":\"https:\\\/\\\/repliquemangacine.fr\\\/#website\"},\"primaryImageOfPage\":{\"@id\":\"https:\\\/\\\/repliquemangacine.fr\\\/dagues-medievales\\\/dague-d-ibelin-kingdom-of-heaven\\\/#primaryimage\"},\"image\":{\"@id\":\"https:\\\/\\\/repliquemangacine.fr\\\/dagues-medievales\\\/dague-d-ibelin-kingdom-of-heaven\\\/#primaryimage\"},\"thumbnailUrl\":\"https:\\\/\\\/repliquemangacine.fr\\\/wp-content\\\/uploads\\\/2023\\\/10\\\/1992-Dague-dIbelin-Kingdom-of-Heaven.jpg\",\"datePublished\":\"2017-05-20T12:41:31+00:00\",\"dateModified\":\"2026-01-13T15:34:23+00:00\",\"description\":\"D\u00e9couvrez la r\u00e9plique de la Dague Ibelin Kingdom of Heaven au meilleur prix. Lame en acier 440 - Fourreau ABS - Longueur totale : 40 cm - Envoi 24\\\/48h\",\"breadcrumb\":{\"@id\":\"https:\\\/\\\/repliquemangacine.fr\\\/dagues-medievales\\\/dague-d-ibelin-kingdom-of-heaven\\\/#breadcrumb\"},\"inLanguage\":\"en-US\",\"potentialAction\":[{\"@type\":\"ReadAction\",\"target\":[\"https:\\\/\\\/repliquemangacine.fr\\\/dagues-medievales\\\/dague-d-ibelin-kingdom-of-heaven\\\/\"]}]},{\"@type\":\"ImageObject\",\"inLanguage\":\"en-US\",\"@id\":\"https:\\\/\\\/repliquemangacine.fr\\\/dagues-medievales\\\/dague-d-ibelin-kingdom-of-heaven\\\/#primaryimage\",\"url\":\"https:\\\/\\\/repliquemangacine.fr\\\/wp-content\\\/uploads\\\/2023\\\/10\\\/1992-Dague-dIbelin-Kingdom-of-Heaven.jpg\",\"contentUrl\":\"https:\\\/\\\/repliquemangacine.fr\\\/wp-content\\\/uploads\\\/2023\\\/10\\\/1992-Dague-dIbelin-Kingdom-of-Heaven.jpg\",\"width\":600,\"height\":600,\"caption\":\"Dague Ibelin Kingdom Heaven\"},{\"@type\":\"BreadcrumbList\",\"@id\":\"https:\\\/\\\/repliquemangacine.fr\\\/dagues-medievales\\\/dague-d-ibelin-kingdom-of-heaven\\\/#breadcrumb\",\"itemListElement\":[{\"@type\":\"ListItem\",\"position\":1,\"name\":\"Accueil\",\"item\":\"https:\\\/\\\/repliquemangacine.fr\\\/\"},{\"@type\":\"ListItem\",\"position\":2,\"name\":\"Produits\",\"item\":\"https:\\\/\\\/repliquemangacine.fr\\\/boutique\\\/\"},{\"@type\":\"ListItem\",\"position\":3,\"name\":\"Dague Ibelin Kingdom Heaven\"}]},{\"@type\":\"WebSite\",\"@id\":\"https:\\\/\\\/repliquemangacine.fr\\\/#website\",\"url\":\"https:\\\/\\\/repliquemangacine.fr\\\/\",\"name\":\"R\u00e9plique Manga Cin\u00e9\",\"description\":\"\",\"publisher\":{\"@id\":\"https:\\\/\\\/repliquemangacine.fr\\\/#organization\"},\"potentialAction\":[{\"@type\":\"SearchAction\",\"target\":{\"@type\":\"EntryPoint\",\"urlTemplate\":\"https:\\\/\\\/repliquemangacine.fr\\\/?s={search_term_string}\"},\"query-input\":{\"@type\":\"PropertyValueSpecification\",\"valueRequired\":true,\"valueName\":\"search_term_string\"}}],\"inLanguage\":\"en-US\"},{\"@type\":\"Organization\",\"@id\":\"https:\\\/\\\/repliquemangacine.fr\\\/#organization\",\"name\":\"R\u00e9plique Manga Cin\u00e9\",\"url\":\"https:\\\/\\\/repliquemangacine.fr\\\/\",\"logo\":{\"@type\":\"ImageObject\",\"inLanguage\":\"en-US\",\"@id\":\"https:\\\/\\\/repliquemangacine.fr\\\/#\\\/schema\\\/logo\\\/image\\\/\",\"url\":\"https:\\\/\\\/repliquemangacine.fr\\\/wp-content\\\/uploads\\\/2023\\\/10\\\/RMC-500250.png\",\"contentUrl\":\"https:\\\/\\\/repliquemangacine.fr\\\/wp-content\\\/uploads\\\/2023\\\/10\\\/RMC-500250.png\",\"width\":500,\"height\":250,\"caption\":\"R\u00e9plique Manga Cin\u00e9\"},\"image\":{\"@id\":\"https:\\\/\\\/repliquemangacine.fr\\\/#\\\/schema\\\/logo\\\/image\\\/\"},\"sameAs\":[\"https:\\\/\\\/www.facebook.com\\\/RepliqueMangaCine\",\"https:\\\/\\\/www.instagram.com\\\/repliquemangacine.fr\\\/\"]}]}<\/script>\n<!-- \/ Yoast SEO plugin. -->","yoast_head_json":{"title":"Dague Ibelin Kingdom Heaven - Medieval Replica Weapon | RMC","description":"Discover the Ibelin Kingdom of Heaven replica dagger at the best price. 440 steel blade - ABS sheath - Total length: 40 cm - Shipment 24\/48h","robots":{"index":"index","follow":"follow","max-snippet":"max-snippet:-1","max-image-preview":"max-image-preview:large","max-video-preview":"max-video-preview:-1"},"canonical":"https:\/\/repliquemangacine.fr\/en\/medieval-daggers\/dagger-of-ibelin-kingdom-of-heaven\/","og_locale":"en_US","og_type":"article","og_title":"Dague Ibelin Kingdom Heaven - R\u00e9plique arme M\u00e9di\u00e9vale | RMC","og_description":"D\u00e9couvrez la r\u00e9plique de la Dague Ibelin Kingdom of Heaven au meilleur prix. Lame en acier 440 - Fourreau ABS - Longueur totale : 40 cm - Envoi 24\/48h","og_url":"https:\/\/repliquemangacine.fr\/en\/medieval-daggers\/dagger-of-ibelin-kingdom-of-heaven\/","og_site_name":"R\u00e9plique Manga Cin\u00e9","article_publisher":"https:\/\/www.facebook.com\/RepliqueMangaCine","article_modified_time":"2026-01-13T15:34:23+00:00","og_image":[{"width":600,"height":600,"url":"https:\/\/repliquemangacine.fr\/wp-content\/uploads\/2023\/10\/1992-Dague-dIbelin-Kingdom-of-Heaven.jpg","type":"image\/jpeg"}],"twitter_card":"summary_large_image","twitter_misc":{"Est. reading time":"2 minutes"},"schema":{"@context":"https:\/\/schema.org","@graph":[{"@type":"WebPage","@id":"https:\/\/repliquemangacine.fr\/dagues-medievales\/dague-d-ibelin-kingdom-of-heaven\/","url":"https:\/\/repliquemangacine.fr\/dagues-medievales\/dague-d-ibelin-kingdom-of-heaven\/","name":"Dague Ibelin Kingdom Heaven - Medieval Replica Weapon | RMC","isPartOf":{"@id":"https:\/\/repliquemangacine.fr\/#website"},"primaryImageOfPage":{"@id":"https:\/\/repliquemangacine.fr\/dagues-medievales\/dague-d-ibelin-kingdom-of-heaven\/#primaryimage"},"image":{"@id":"https:\/\/repliquemangacine.fr\/dagues-medievales\/dague-d-ibelin-kingdom-of-heaven\/#primaryimage"},"thumbnailUrl":"https:\/\/repliquemangacine.fr\/wp-content\/uploads\/2023\/10\/1992-Dague-dIbelin-Kingdom-of-Heaven.jpg","datePublished":"2017-05-20T12:41:31+00:00","dateModified":"2026-01-13T15:34:23+00:00","description":"Discover the Ibelin Kingdom of Heaven replica dagger at the best price. 440 steel blade - ABS sheath - Total length: 40 cm - Shipment 24\/48h","breadcrumb":{"@id":"https:\/\/repliquemangacine.fr\/dagues-medievales\/dague-d-ibelin-kingdom-of-heaven\/#breadcrumb"},"inLanguage":"en-US","potentialAction":[{"@type":"ReadAction","target":["https:\/\/repliquemangacine.fr\/dagues-medievales\/dague-d-ibelin-kingdom-of-heaven\/"]}]},{"@type":"ImageObject","inLanguage":"en-US","@id":"https:\/\/repliquemangacine.fr\/dagues-medievales\/dague-d-ibelin-kingdom-of-heaven\/#primaryimage","url":"https:\/\/repliquemangacine.fr\/wp-content\/uploads\/2023\/10\/1992-Dague-dIbelin-Kingdom-of-Heaven.jpg","contentUrl":"https:\/\/repliquemangacine.fr\/wp-content\/uploads\/2023\/10\/1992-Dague-dIbelin-Kingdom-of-Heaven.jpg","width":600,"height":600,"caption":"Dague Ibelin Kingdom Heaven"},{"@type":"BreadcrumbList","@id":"https:\/\/repliquemangacine.fr\/dagues-medievales\/dague-d-ibelin-kingdom-of-heaven\/#breadcrumb","itemListElement":[{"@type":"ListItem","position":1,"name":"Accueil","item":"https:\/\/repliquemangacine.fr\/"},{"@type":"ListItem","position":2,"name":"Produits","item":"https:\/\/repliquemangacine.fr\/boutique\/"},{"@type":"ListItem","position":3,"name":"Dague Ibelin Kingdom Heaven"}]},{"@type":"WebSite","@id":"https:\/\/repliquemangacine.fr\/#website","url":"https:\/\/repliquemangacine.fr\/","name":"R\u00e9plique Manga Cin\u00e9","description":"","publisher":{"@id":"https:\/\/repliquemangacine.fr\/#organization"},"potentialAction":[{"@type":"SearchAction","target":{"@type":"EntryPoint","urlTemplate":"https:\/\/repliquemangacine.fr\/?s={search_term_string}"},"query-input":{"@type":"PropertyValueSpecification","valueRequired":true,"valueName":"search_term_string"}}],"inLanguage":"en-US"},{"@type":"Organization","@id":"https:\/\/repliquemangacine.fr\/#organization","name":"R\u00e9plique Manga Cin\u00e9","url":"https:\/\/repliquemangacine.fr\/","logo":{"@type":"ImageObject","inLanguage":"en-US","@id":"https:\/\/repliquemangacine.fr\/#\/schema\/logo\/image\/","url":"https:\/\/repliquemangacine.fr\/wp-content\/uploads\/2023\/10\/RMC-500250.png","contentUrl":"https:\/\/repliquemangacine.fr\/wp-content\/uploads\/2023\/10\/RMC-500250.png","width":500,"height":250,"caption":"R\u00e9plique Manga Cin\u00e9"},"image":{"@id":"https:\/\/repliquemangacine.fr\/#\/schema\/logo\/image\/"},"sameAs":["https:\/\/www.facebook.com\/RepliqueMangaCine","https:\/\/www.instagram.com\/repliquemangacine.fr\/"]}]}},"_links":{"self":[{"href":"https:\/\/repliquemangacine.fr\/en\/wp-json\/wp\/v2\/product\/27214","targetHints":{"allow":["GET"]}}],"collection":[{"href":"https:\/\/repliquemangacine.fr\/en\/wp-json\/wp\/v2\/product"}],"about":[{"href":"https:\/\/repliquemangacine.fr\/en\/wp-json\/wp\/v2\/types\/product"}],"wp:featuredmedia":[{"embeddable":true,"href":"https:\/\/repliquemangacine.fr\/en\/wp-json\/wp\/v2\/media\/27215"}],"wp:attachment":[{"href":"https:\/\/repliquemangacine.fr\/en\/wp-json\/wp\/v2\/media?parent=27214"}],"wp:term":[{"taxonomy":"product_brand","embeddable":true,"href":"https:\/\/repliquemangacine.fr\/en\/wp-json\/wp\/v2\/product_brand?post=27214"},{"taxonomy":"product_cat","embeddable":true,"href":"https:\/\/repliquemangacine.fr\/en\/wp-json\/wp\/v2\/product_cat?post=27214"},{"taxonomy":"product_tag","embeddable":true,"href":"https:\/\/repliquemangacine.fr\/en\/wp-json\/wp\/v2\/product_tag?post=27214"}],"curies":[{"name":"wp","href":"https:\/\/api.w.org\/{rel}","templated":true}]}}