





{"id":27087,"date":"2017-04-24T12:46:21","date_gmt":"2017-04-24T10:46:21","guid":{"rendered":"https:\/\/repliquemangacine.fr\/?post_type=product&#038;p=27087"},"modified":"2026-02-17T09:57:21","modified_gmt":"2026-02-17T08:57:21","slug":"sabre-lighter-model-year-xi-infantry-napoleonic","status":"publish","type":"product","link":"https:\/\/repliquemangacine.fr\/en\/sabres-1er-empire\/sabre-briquet-modele-an-xi-d-infanterie-napoleonien\/","title":{"rendered":"Sabre Lighter model AN-XI"},"content":{"rendered":"<h2>Briquet saber model AN-XI of the Napoleonic infantry.<\/h2>\n<p>To begin with, the <strong>Sabre Lighter model AN-XI<\/strong> of the Napoleonic infantry, designed for cutting, generally used by cavalry and infantry officers as well as the navy.<\/p>\n<p>Napoleon's infantry was equipped with a short saber, worn on the shoulder strap next to the bayonet. In 1806, this saber officially adopted the nickname \"lighter\", given to it in derision by cavalrymen.<\/p>\n<p>This infantry saber, known as a Briquet, is an An XI model with a 60 cm flat, curved blade, and a rounded hilt with a 28-fluted brass branch.<\/p>\n<p>Hundreds of thousands were produced between the First Empire and the reign of Louis-Philippe.<\/p>\n<p>Visit <a href=\"https:\/\/www.alienor.org\/publications\/2200-sabre-d-infanterie-modele-an-xi-dit-sabre-briquet\" target=\"_blank\" rel=\"noopener noreferrer\">sabre lighter AN XI model<\/a> will be the last infantry saber with a curved blade.<\/p>\n<h2>Your Sabre Lighter model AN-XI at the best price.<\/h2>\n<p>We offer a wide range of reproductions of historical weapons<\/p>\n<p>First and foremost,<\/p>\n<ul>\n<li>Visit <a href=\"https:\/\/repliquemangacine.fr\/en\/antique-pistol\/left-handed-flintlock-pistol-denix\/\">Napoleon flintlock pistol<\/a> with the N emblem and imperial crown. Left-handed special<\/li>\n<li>As well as the<a href=\"https:\/\/repliquemangacine.fr\/en\/1st-empire-swords\/napoleonic-ceremonial-sword\/\">Napoleonic ceremonial sword<\/a> with its famous eagle symbol.<\/li>\n<li>There is also this <a href=\"https:\/\/repliquemangacine.fr\/en\/medieval-accessories\/wall-bracket-for-pistol-rifle-and-sword\/\">wall bracket<\/a> two fleur-de-lys shaped pieces for displaying your pistols, rifles or swords.<\/li>\n<li>And many more to discover in our online store!<\/li>\n<\/ul>\n<p>That's why these are great gift ideas for history buffs.<\/p>\n<p>In conclusion, you can also use this <strong>Sabre Lighter model AN-XI<\/strong> for your historical re-enactments. But above all, this saber is a collector's item and a decorative piece.<\/p>\n<h2>How to maintain the blade of your historic sword?<\/h2>\n<p>Collector's and decorative swords are made and assembled in a simplified way. As their use is decorative, they lack the safety features required of a Japanese sword intended for training.<\/p>\n<p>However, your <strong>Sabre Lighter model AN-XI<\/strong> to a steel blade that needs to be cared for to avoid damage over time. In fact, when you display your katana, your friends will be curious to see and touch the blade. This is where you need to be careful, as the acidity of your fingers is very harmful to steel, whatever its quality.<\/p>\n<p>However, if this does happen, don't panic - all you need is a cloth dampened with a little oil and a wipe of fingerprints. By doing so, you'll keep your sword looking its best for a very long time.<\/p>","protected":false},"excerpt":{"rendered":"<p>Superb reproduction of the AN-XI Napoleonic Infantry Saber Lighter.<\/p>\n<ul>\n<li>Handle and guard in solid brass.<\/li>\n<li>Thick, forged and hardened steel blade.<\/li>\n<li>Genuine leather scabbard with brass appliques and hanging system button.<\/li>\n<li>Total length: 75 cm - Weight: 1350 Grs<\/li>\n<\/ul>","protected":false},"featured_media":27088,"template":"","meta":[],"product_brand":[896],"product_cat":[25,37,833,74],"product_tag":[],"class_list":{"0":"post-27087","1":"product","2":"type-product","3":"status-publish","4":"has-post-thumbnail","6":"product_brand-replique-manga-cine","7":"product_cat-armes-historiques","8":"product_cat-premier-empire","9":"product_cat-repliques-darmes-napoleon","10":"product_cat-sabres-1er-empire","12":"first","13":"outofstock","14":"taxable","15":"shipping-taxable","16":"purchasable","17":"product-type-simple"},"yoast_head":"<!-- This site is optimized with the Yoast SEO plugin v27.4 - https:\/\/yoast.com\/product\/yoast-seo-wordpress\/ -->\n<title>Sabre Briquet mod\u00e8le AN-XI - Vente Sabre Napol\u00e9onien | RMC<\/title>\n<meta name=\"description\" content=\"Offrez-lui ce Sabre Briquet mod\u00e8le AN-XI du 1er Empire au meilleur prix - Lame acier - Poign\u00e9e en laiton massif - Fourreau en cuir - Longueur : 75 cm\" \/>\n<meta name=\"robots\" content=\"index, follow, max-snippet:-1, max-image-preview:large, max-video-preview:-1\" \/>\n<link rel=\"canonical\" href=\"https:\/\/repliquemangacine.fr\/en\/1st-empire-swords\/sabre-lighter-model-year-xi-infantry-napoleonic\/\" \/>\n<meta property=\"og:locale\" content=\"en_US\" \/>\n<meta property=\"og:type\" content=\"article\" \/>\n<meta property=\"og:title\" content=\"Sabre Briquet mod\u00e8le AN-XI - Vente Sabre Napol\u00e9onien | RMC\" \/>\n<meta property=\"og:description\" content=\"Offrez-lui ce Sabre Briquet mod\u00e8le AN-XI du 1er Empire au meilleur prix - Lame acier - Poign\u00e9e en laiton massif - Fourreau en cuir - Longueur : 75 cm\" \/>\n<meta property=\"og:url\" content=\"https:\/\/repliquemangacine.fr\/en\/1st-empire-swords\/sabre-lighter-model-year-xi-infantry-napoleonic\/\" \/>\n<meta property=\"og:site_name\" content=\"R\u00e9plique Manga Cin\u00e9\" \/>\n<meta property=\"article:publisher\" content=\"https:\/\/www.facebook.com\/RepliqueMangaCine\" \/>\n<meta property=\"article:modified_time\" content=\"2026-02-17T08:57:21+00:00\" \/>\n<meta property=\"og:image\" content=\"https:\/\/repliquemangacine.fr\/wp-content\/uploads\/2023\/10\/1873-Sabre-briquet-dinfanterie-Napoleonien.jpg\" \/>\n\t<meta property=\"og:image:width\" content=\"600\" \/>\n\t<meta property=\"og:image:height\" content=\"600\" \/>\n\t<meta property=\"og:image:type\" content=\"image\/jpeg\" \/>\n<meta name=\"twitter:card\" content=\"summary_large_image\" \/>\n<meta name=\"twitter:label1\" content=\"Est. reading time\" \/>\n\t<meta name=\"twitter:data1\" content=\"2 minutes\" \/>\n<script type=\"application\/ld+json\" class=\"yoast-schema-graph\">{\"@context\":\"https:\\\/\\\/schema.org\",\"@graph\":[{\"@type\":\"WebPage\",\"@id\":\"https:\\\/\\\/repliquemangacine.fr\\\/sabres-1er-empire\\\/sabre-briquet-modele-an-xi-d-infanterie-napoleonien\\\/\",\"url\":\"https:\\\/\\\/repliquemangacine.fr\\\/sabres-1er-empire\\\/sabre-briquet-modele-an-xi-d-infanterie-napoleonien\\\/\",\"name\":\"Sabre Briquet mod\u00e8le AN-XI - Vente Sabre Napol\u00e9onien | RMC\",\"isPartOf\":{\"@id\":\"https:\\\/\\\/repliquemangacine.fr\\\/#website\"},\"primaryImageOfPage\":{\"@id\":\"https:\\\/\\\/repliquemangacine.fr\\\/sabres-1er-empire\\\/sabre-briquet-modele-an-xi-d-infanterie-napoleonien\\\/#primaryimage\"},\"image\":{\"@id\":\"https:\\\/\\\/repliquemangacine.fr\\\/sabres-1er-empire\\\/sabre-briquet-modele-an-xi-d-infanterie-napoleonien\\\/#primaryimage\"},\"thumbnailUrl\":\"https:\\\/\\\/repliquemangacine.fr\\\/wp-content\\\/uploads\\\/2023\\\/10\\\/1873-Sabre-briquet-dinfanterie-Napoleonien.jpg\",\"datePublished\":\"2017-04-24T10:46:21+00:00\",\"dateModified\":\"2026-02-17T08:57:21+00:00\",\"description\":\"Offrez-lui ce Sabre Briquet mod\u00e8le AN-XI du 1er Empire au meilleur prix - Lame acier - Poign\u00e9e en laiton massif - Fourreau en cuir - Longueur : 75 cm\",\"breadcrumb\":{\"@id\":\"https:\\\/\\\/repliquemangacine.fr\\\/sabres-1er-empire\\\/sabre-briquet-modele-an-xi-d-infanterie-napoleonien\\\/#breadcrumb\"},\"inLanguage\":\"en-US\",\"potentialAction\":[{\"@type\":\"ReadAction\",\"target\":[\"https:\\\/\\\/repliquemangacine.fr\\\/sabres-1er-empire\\\/sabre-briquet-modele-an-xi-d-infanterie-napoleonien\\\/\"]}]},{\"@type\":\"ImageObject\",\"inLanguage\":\"en-US\",\"@id\":\"https:\\\/\\\/repliquemangacine.fr\\\/sabres-1er-empire\\\/sabre-briquet-modele-an-xi-d-infanterie-napoleonien\\\/#primaryimage\",\"url\":\"https:\\\/\\\/repliquemangacine.fr\\\/wp-content\\\/uploads\\\/2023\\\/10\\\/1873-Sabre-briquet-dinfanterie-Napoleonien.jpg\",\"contentUrl\":\"https:\\\/\\\/repliquemangacine.fr\\\/wp-content\\\/uploads\\\/2023\\\/10\\\/1873-Sabre-briquet-dinfanterie-Napoleonien.jpg\",\"width\":600,\"height\":600,\"caption\":\"Sabre briquet d'infanterie Napol\u00e9onien\"},{\"@type\":\"BreadcrumbList\",\"@id\":\"https:\\\/\\\/repliquemangacine.fr\\\/sabres-1er-empire\\\/sabre-briquet-modele-an-xi-d-infanterie-napoleonien\\\/#breadcrumb\",\"itemListElement\":[{\"@type\":\"ListItem\",\"position\":1,\"name\":\"Accueil\",\"item\":\"https:\\\/\\\/repliquemangacine.fr\\\/\"},{\"@type\":\"ListItem\",\"position\":2,\"name\":\"Produits\",\"item\":\"https:\\\/\\\/repliquemangacine.fr\\\/boutique\\\/\"},{\"@type\":\"ListItem\",\"position\":3,\"name\":\"Sabre Briquet mod\u00e8le AN-XI\"}]},{\"@type\":\"WebSite\",\"@id\":\"https:\\\/\\\/repliquemangacine.fr\\\/#website\",\"url\":\"https:\\\/\\\/repliquemangacine.fr\\\/\",\"name\":\"R\u00e9plique Manga Cin\u00e9\",\"description\":\"\",\"publisher\":{\"@id\":\"https:\\\/\\\/repliquemangacine.fr\\\/#organization\"},\"potentialAction\":[{\"@type\":\"SearchAction\",\"target\":{\"@type\":\"EntryPoint\",\"urlTemplate\":\"https:\\\/\\\/repliquemangacine.fr\\\/?s={search_term_string}\"},\"query-input\":{\"@type\":\"PropertyValueSpecification\",\"valueRequired\":true,\"valueName\":\"search_term_string\"}}],\"inLanguage\":\"en-US\"},{\"@type\":\"Organization\",\"@id\":\"https:\\\/\\\/repliquemangacine.fr\\\/#organization\",\"name\":\"R\u00e9plique Manga Cin\u00e9\",\"url\":\"https:\\\/\\\/repliquemangacine.fr\\\/\",\"logo\":{\"@type\":\"ImageObject\",\"inLanguage\":\"en-US\",\"@id\":\"https:\\\/\\\/repliquemangacine.fr\\\/#\\\/schema\\\/logo\\\/image\\\/\",\"url\":\"https:\\\/\\\/repliquemangacine.fr\\\/wp-content\\\/uploads\\\/2023\\\/10\\\/RMC-500250.png\",\"contentUrl\":\"https:\\\/\\\/repliquemangacine.fr\\\/wp-content\\\/uploads\\\/2023\\\/10\\\/RMC-500250.png\",\"width\":500,\"height\":250,\"caption\":\"R\u00e9plique Manga Cin\u00e9\"},\"image\":{\"@id\":\"https:\\\/\\\/repliquemangacine.fr\\\/#\\\/schema\\\/logo\\\/image\\\/\"},\"sameAs\":[\"https:\\\/\\\/www.facebook.com\\\/RepliqueMangaCine\",\"https:\\\/\\\/www.instagram.com\\\/repliquemangacine.fr\\\/\"]}]}<\/script>\n<!-- \/ Yoast SEO plugin. -->","yoast_head_json":{"title":"Sabre Lighter model AN-XI - Napoleonic Sabre Sale | RMC","description":"Offer him this Sabre Briquet model AN-XI of the 1st Empire at the best price - Steel blade - Solid brass handle - Leather scabbard - Length: 75 cm","robots":{"index":"index","follow":"follow","max-snippet":"max-snippet:-1","max-image-preview":"max-image-preview:large","max-video-preview":"max-video-preview:-1"},"canonical":"https:\/\/repliquemangacine.fr\/en\/1st-empire-swords\/sabre-lighter-model-year-xi-infantry-napoleonic\/","og_locale":"en_US","og_type":"article","og_title":"Sabre Briquet mod\u00e8le AN-XI - Vente Sabre Napol\u00e9onien | RMC","og_description":"Offrez-lui ce Sabre Briquet mod\u00e8le AN-XI du 1er Empire au meilleur prix - Lame acier - Poign\u00e9e en laiton massif - Fourreau en cuir - Longueur : 75 cm","og_url":"https:\/\/repliquemangacine.fr\/en\/1st-empire-swords\/sabre-lighter-model-year-xi-infantry-napoleonic\/","og_site_name":"R\u00e9plique Manga Cin\u00e9","article_publisher":"https:\/\/www.facebook.com\/RepliqueMangaCine","article_modified_time":"2026-02-17T08:57:21+00:00","og_image":[{"width":600,"height":600,"url":"https:\/\/repliquemangacine.fr\/wp-content\/uploads\/2023\/10\/1873-Sabre-briquet-dinfanterie-Napoleonien.jpg","type":"image\/jpeg"}],"twitter_card":"summary_large_image","twitter_misc":{"Est. reading time":"2 minutes"},"schema":{"@context":"https:\/\/schema.org","@graph":[{"@type":"WebPage","@id":"https:\/\/repliquemangacine.fr\/sabres-1er-empire\/sabre-briquet-modele-an-xi-d-infanterie-napoleonien\/","url":"https:\/\/repliquemangacine.fr\/sabres-1er-empire\/sabre-briquet-modele-an-xi-d-infanterie-napoleonien\/","name":"Sabre Lighter model AN-XI - Napoleonic Sabre Sale | RMC","isPartOf":{"@id":"https:\/\/repliquemangacine.fr\/#website"},"primaryImageOfPage":{"@id":"https:\/\/repliquemangacine.fr\/sabres-1er-empire\/sabre-briquet-modele-an-xi-d-infanterie-napoleonien\/#primaryimage"},"image":{"@id":"https:\/\/repliquemangacine.fr\/sabres-1er-empire\/sabre-briquet-modele-an-xi-d-infanterie-napoleonien\/#primaryimage"},"thumbnailUrl":"https:\/\/repliquemangacine.fr\/wp-content\/uploads\/2023\/10\/1873-Sabre-briquet-dinfanterie-Napoleonien.jpg","datePublished":"2017-04-24T10:46:21+00:00","dateModified":"2026-02-17T08:57:21+00:00","description":"Offer him this Sabre Briquet model AN-XI of the 1st Empire at the best price - Steel blade - Solid brass handle - Leather scabbard - Length: 75 cm","breadcrumb":{"@id":"https:\/\/repliquemangacine.fr\/sabres-1er-empire\/sabre-briquet-modele-an-xi-d-infanterie-napoleonien\/#breadcrumb"},"inLanguage":"en-US","potentialAction":[{"@type":"ReadAction","target":["https:\/\/repliquemangacine.fr\/sabres-1er-empire\/sabre-briquet-modele-an-xi-d-infanterie-napoleonien\/"]}]},{"@type":"ImageObject","inLanguage":"en-US","@id":"https:\/\/repliquemangacine.fr\/sabres-1er-empire\/sabre-briquet-modele-an-xi-d-infanterie-napoleonien\/#primaryimage","url":"https:\/\/repliquemangacine.fr\/wp-content\/uploads\/2023\/10\/1873-Sabre-briquet-dinfanterie-Napoleonien.jpg","contentUrl":"https:\/\/repliquemangacine.fr\/wp-content\/uploads\/2023\/10\/1873-Sabre-briquet-dinfanterie-Napoleonien.jpg","width":600,"height":600,"caption":"Sabre briquet d'infanterie Napol\u00e9onien"},{"@type":"BreadcrumbList","@id":"https:\/\/repliquemangacine.fr\/sabres-1er-empire\/sabre-briquet-modele-an-xi-d-infanterie-napoleonien\/#breadcrumb","itemListElement":[{"@type":"ListItem","position":1,"name":"Accueil","item":"https:\/\/repliquemangacine.fr\/"},{"@type":"ListItem","position":2,"name":"Produits","item":"https:\/\/repliquemangacine.fr\/boutique\/"},{"@type":"ListItem","position":3,"name":"Sabre Briquet mod\u00e8le AN-XI"}]},{"@type":"WebSite","@id":"https:\/\/repliquemangacine.fr\/#website","url":"https:\/\/repliquemangacine.fr\/","name":"R\u00e9plique Manga Cin\u00e9","description":"","publisher":{"@id":"https:\/\/repliquemangacine.fr\/#organization"},"potentialAction":[{"@type":"SearchAction","target":{"@type":"EntryPoint","urlTemplate":"https:\/\/repliquemangacine.fr\/?s={search_term_string}"},"query-input":{"@type":"PropertyValueSpecification","valueRequired":true,"valueName":"search_term_string"}}],"inLanguage":"en-US"},{"@type":"Organization","@id":"https:\/\/repliquemangacine.fr\/#organization","name":"R\u00e9plique Manga Cin\u00e9","url":"https:\/\/repliquemangacine.fr\/","logo":{"@type":"ImageObject","inLanguage":"en-US","@id":"https:\/\/repliquemangacine.fr\/#\/schema\/logo\/image\/","url":"https:\/\/repliquemangacine.fr\/wp-content\/uploads\/2023\/10\/RMC-500250.png","contentUrl":"https:\/\/repliquemangacine.fr\/wp-content\/uploads\/2023\/10\/RMC-500250.png","width":500,"height":250,"caption":"R\u00e9plique Manga Cin\u00e9"},"image":{"@id":"https:\/\/repliquemangacine.fr\/#\/schema\/logo\/image\/"},"sameAs":["https:\/\/www.facebook.com\/RepliqueMangaCine","https:\/\/www.instagram.com\/repliquemangacine.fr\/"]}]}},"_links":{"self":[{"href":"https:\/\/repliquemangacine.fr\/en\/wp-json\/wp\/v2\/product\/27087","targetHints":{"allow":["GET"]}}],"collection":[{"href":"https:\/\/repliquemangacine.fr\/en\/wp-json\/wp\/v2\/product"}],"about":[{"href":"https:\/\/repliquemangacine.fr\/en\/wp-json\/wp\/v2\/types\/product"}],"wp:featuredmedia":[{"embeddable":true,"href":"https:\/\/repliquemangacine.fr\/en\/wp-json\/wp\/v2\/media\/27088"}],"wp:attachment":[{"href":"https:\/\/repliquemangacine.fr\/en\/wp-json\/wp\/v2\/media?parent=27087"}],"wp:term":[{"taxonomy":"product_brand","embeddable":true,"href":"https:\/\/repliquemangacine.fr\/en\/wp-json\/wp\/v2\/product_brand?post=27087"},{"taxonomy":"product_cat","embeddable":true,"href":"https:\/\/repliquemangacine.fr\/en\/wp-json\/wp\/v2\/product_cat?post=27087"},{"taxonomy":"product_tag","embeddable":true,"href":"https:\/\/repliquemangacine.fr\/en\/wp-json\/wp\/v2\/product_tag?post=27087"}],"curies":[{"name":"wp","href":"https:\/\/api.w.org\/{rel}","templated":true}]}}