





{"id":27057,"date":"2017-04-08T19:48:35","date_gmt":"2017-04-08T17:48:35","guid":{"rendered":"https:\/\/repliquemangacine.fr\/?post_type=product&#038;p=27057"},"modified":"2026-04-02T13:12:49","modified_gmt":"2026-04-02T11:12:49","slug":"denix-german-halberd","status":"publish","type":"product","link":"https:\/\/repliquemangacine.fr\/en\/haches-de-guerre-medievale-et-accessoire-medievaux\/hallebarde-allemande-denix\/","title":{"rendered":"Denix German halberd"},"content":{"rendered":"<h2>German Denix halberd.<\/h2>\n<p>To begin with, the <strong>Denix German halberd<\/strong>, an offensive weapon consisting of a fairly long wooden shaft with a thrusting point, an axe blade, and a hook (Bec de Corbin). A close-combat weapon for infantrymen, it was used to fight enemy infantry and cavalry. Used in European armies from the late Middle Ages until the early 18th century.<\/p>\n<p>The halberd appeared from the outset as a specialized weapon rather than an evolution of another weapon, with what would become its characteristic features: a long, sharp point, with a rectangular axe blade below, attached to a shaft by two rings. Around 1400, a hook appeared on the opposite side of the axe.<\/p>\n<h2>Your Denix German Halberd at the best price.<\/h2>\n<p>We offer a wide range of reproductions of historic weapons.<\/p>\n<p>First and foremost,<\/p>\n<ul>\n<li>The replica of the <a href=\"https:\/\/repliquemangacine.fr\/en\/shield-and-armor\/templar-shield-metal\/\">Templar Shield<\/a> in metal with the cross patt\u00e9e in the center.<\/li>\n<li>As well as the<a href=\"https:\/\/repliquemangacine.fr\/en\/medieval-sword\/jacques-de-molay-templar-sword\/\">Jacques de Molay sword<\/a>last Grand Master of the Knights Templar.<\/li>\n<li>There is also the <a href=\"https:\/\/repliquemangacine.fr\/en\/medieval-dagger\/ceremonial-templar-decoration-dagger\/\">Templar ceremonial dagger<\/a> with its steel blade.<\/li>\n<li>And many more to discover in our online store!<\/li>\n<\/ul>\n<p>A great gift idea for all lovers of historic weapons.<\/p>\n<p>In conclusion, you can use this <strong>Denix German halberd<\/strong> for your historical re-enactments. But above all, this weapon is a collector's item and a decoration.<\/p>\n<p>R\u00e9plique Manga Cin\u00e9 is a French company, official distributor of the brand <a href=\"https:\/\/www.denix.fr\/fr\/catalogue\/europe-medievale-s-vi-xv\/haches-et-hallebardes\/637\/\" target=\"_blank\" rel=\"noopener noreferrer\">Denix<\/a>.<\/p>\n<h2>How to maintain your axe blade<\/h2>\n<p>Collector and decorative axes are made and assembled in a simplified manner. As their use is decorative, they lack the safety features required of a Japanese saber intended for training.<\/p>\n<p>However, your <strong>Denix German halberd<\/strong> to a steel blade that needs to be maintained to prevent damage over time. In fact, when you expose your axe, your friends will be curious to see the blade and touch it. This is where you need to be careful, as the acidity of your fingers is very harmful to steel, whatever its quality.<\/p>\n<p>However, if this does happen, don't panic - all you need is a cloth dampened with a little oil and a wipe of fingerprints. By doing so, you'll keep your axe looking great for a long time to come.<\/p>","protected":false},"excerpt":{"rendered":"<p>Superb replica of the German Halberd.<\/p>\n<ul>\n<li>Wooden handle in two parts.<\/li>\n<li>Aged steel piece for assembly to obtain a total length of about two meters.<\/li>\n<li>The axe head is made of aged and decorated steel.<\/li>\n<li>Steel point<\/li>\n<li>Dimensions: 202 cm - Weight: 1950 grams<\/li>\n<\/ul>","protected":false},"featured_media":27058,"template":"","meta":[],"product_brand":[896],"product_cat":[25,92,43],"product_tag":[],"class_list":{"0":"post-27057","1":"product","2":"type-product","3":"status-publish","4":"has-post-thumbnail","6":"product_brand-replique-manga-cine","7":"product_cat-armes-historiques","8":"product_cat-haches-de-guerre-medievale-et-accessoire-medievaux","9":"product_cat-reproductions-d-armes-et-accessoires-medievales","11":"first","12":"outofstock","13":"sale","14":"taxable","15":"shipping-taxable","16":"purchasable","17":"product-type-simple"},"yoast_head":"<!-- This site is optimized with the Yoast SEO plugin v27.5 - https:\/\/yoast.com\/product\/yoast-seo-wordpress\/ -->\n<title>Hallebarde Allemande Denix - Accessoires M\u00e9di\u00e9vale Denix | RMC<\/title>\n<meta name=\"description\" content=\"D\u00e9couvrez cette superbe Hallebarde Allemande Denix au meilleur prix - Hampe en bois - En acier vieilli d\u00e9cor\u00e9 - Longueur totale 202 cm - Envoi 24\/48H\" \/>\n<meta name=\"robots\" content=\"index, follow, max-snippet:-1, max-image-preview:large, max-video-preview:-1\" \/>\n<link rel=\"canonical\" href=\"https:\/\/repliquemangacine.fr\/en\/medieval-war-axes-and-accessories\/denix-german-halberd\/\" \/>\n<meta property=\"og:locale\" content=\"en_US\" \/>\n<meta property=\"og:type\" content=\"article\" \/>\n<meta property=\"og:title\" content=\"Hallebarde Allemande Denix - Accessoires M\u00e9di\u00e9vale Denix | RMC\" \/>\n<meta property=\"og:description\" content=\"D\u00e9couvrez cette superbe Hallebarde Allemande Denix au meilleur prix - Hampe en bois - En acier vieilli d\u00e9cor\u00e9 - Longueur totale 202 cm - Envoi 24\/48H\" \/>\n<meta property=\"og:url\" content=\"https:\/\/repliquemangacine.fr\/en\/medieval-war-axes-and-accessories\/denix-german-halberd\/\" \/>\n<meta property=\"og:site_name\" content=\"R\u00e9plique Manga Cin\u00e9\" \/>\n<meta property=\"article:publisher\" content=\"https:\/\/www.facebook.com\/RepliqueMangaCine\" \/>\n<meta property=\"article:modified_time\" content=\"2026-04-02T11:12:49+00:00\" \/>\n<meta property=\"og:image\" content=\"https:\/\/repliquemangacine.fr\/wp-content\/uploads\/2023\/10\/1843-Hallebarde-Allemande-11eme-siecle.jpg\" \/>\n\t<meta property=\"og:image:width\" content=\"600\" \/>\n\t<meta property=\"og:image:height\" content=\"600\" \/>\n\t<meta property=\"og:image:type\" content=\"image\/jpeg\" \/>\n<meta name=\"twitter:card\" content=\"summary_large_image\" \/>\n<meta name=\"twitter:label1\" content=\"Est. reading time\" \/>\n\t<meta name=\"twitter:data1\" content=\"2 minutes\" \/>\n<script type=\"application\/ld+json\" class=\"yoast-schema-graph\">{\"@context\":\"https:\\\/\\\/schema.org\",\"@graph\":[{\"@type\":\"WebPage\",\"@id\":\"https:\\\/\\\/repliquemangacine.fr\\\/haches-de-guerre-medievale-et-accessoire-medievaux\\\/hallebarde-allemande-denix\\\/\",\"url\":\"https:\\\/\\\/repliquemangacine.fr\\\/haches-de-guerre-medievale-et-accessoire-medievaux\\\/hallebarde-allemande-denix\\\/\",\"name\":\"Hallebarde Allemande Denix - Accessoires M\u00e9di\u00e9vale Denix | RMC\",\"isPartOf\":{\"@id\":\"https:\\\/\\\/repliquemangacine.fr\\\/#website\"},\"primaryImageOfPage\":{\"@id\":\"https:\\\/\\\/repliquemangacine.fr\\\/haches-de-guerre-medievale-et-accessoire-medievaux\\\/hallebarde-allemande-denix\\\/#primaryimage\"},\"image\":{\"@id\":\"https:\\\/\\\/repliquemangacine.fr\\\/haches-de-guerre-medievale-et-accessoire-medievaux\\\/hallebarde-allemande-denix\\\/#primaryimage\"},\"thumbnailUrl\":\"https:\\\/\\\/repliquemangacine.fr\\\/wp-content\\\/uploads\\\/2023\\\/10\\\/1843-Hallebarde-Allemande-11eme-siecle.jpg\",\"datePublished\":\"2017-04-08T17:48:35+00:00\",\"dateModified\":\"2026-04-02T11:12:49+00:00\",\"description\":\"D\u00e9couvrez cette superbe Hallebarde Allemande Denix au meilleur prix - Hampe en bois - En acier vieilli d\u00e9cor\u00e9 - Longueur totale 202 cm - Envoi 24\\\/48H\",\"breadcrumb\":{\"@id\":\"https:\\\/\\\/repliquemangacine.fr\\\/haches-de-guerre-medievale-et-accessoire-medievaux\\\/hallebarde-allemande-denix\\\/#breadcrumb\"},\"inLanguage\":\"en-US\",\"potentialAction\":[{\"@type\":\"ReadAction\",\"target\":[\"https:\\\/\\\/repliquemangacine.fr\\\/haches-de-guerre-medievale-et-accessoire-medievaux\\\/hallebarde-allemande-denix\\\/\"]}]},{\"@type\":\"ImageObject\",\"inLanguage\":\"en-US\",\"@id\":\"https:\\\/\\\/repliquemangacine.fr\\\/haches-de-guerre-medievale-et-accessoire-medievaux\\\/hallebarde-allemande-denix\\\/#primaryimage\",\"url\":\"https:\\\/\\\/repliquemangacine.fr\\\/wp-content\\\/uploads\\\/2023\\\/10\\\/1843-Hallebarde-Allemande-11eme-siecle.jpg\",\"contentUrl\":\"https:\\\/\\\/repliquemangacine.fr\\\/wp-content\\\/uploads\\\/2023\\\/10\\\/1843-Hallebarde-Allemande-11eme-siecle.jpg\",\"width\":600,\"height\":600,\"caption\":\"Hallebarde Allemande 11\u00e8me si\u00e8cle\"},{\"@type\":\"BreadcrumbList\",\"@id\":\"https:\\\/\\\/repliquemangacine.fr\\\/haches-de-guerre-medievale-et-accessoire-medievaux\\\/hallebarde-allemande-denix\\\/#breadcrumb\",\"itemListElement\":[{\"@type\":\"ListItem\",\"position\":1,\"name\":\"Accueil\",\"item\":\"https:\\\/\\\/repliquemangacine.fr\\\/\"},{\"@type\":\"ListItem\",\"position\":2,\"name\":\"Produits\",\"item\":\"https:\\\/\\\/repliquemangacine.fr\\\/boutique\\\/\"},{\"@type\":\"ListItem\",\"position\":3,\"name\":\"Hallebarde Allemande Denix\"}]},{\"@type\":\"WebSite\",\"@id\":\"https:\\\/\\\/repliquemangacine.fr\\\/#website\",\"url\":\"https:\\\/\\\/repliquemangacine.fr\\\/\",\"name\":\"R\u00e9plique Manga Cin\u00e9\",\"description\":\"\",\"publisher\":{\"@id\":\"https:\\\/\\\/repliquemangacine.fr\\\/#organization\"},\"potentialAction\":[{\"@type\":\"SearchAction\",\"target\":{\"@type\":\"EntryPoint\",\"urlTemplate\":\"https:\\\/\\\/repliquemangacine.fr\\\/?s={search_term_string}\"},\"query-input\":{\"@type\":\"PropertyValueSpecification\",\"valueRequired\":true,\"valueName\":\"search_term_string\"}}],\"inLanguage\":\"en-US\"},{\"@type\":\"Organization\",\"@id\":\"https:\\\/\\\/repliquemangacine.fr\\\/#organization\",\"name\":\"R\u00e9plique Manga Cin\u00e9\",\"url\":\"https:\\\/\\\/repliquemangacine.fr\\\/\",\"logo\":{\"@type\":\"ImageObject\",\"inLanguage\":\"en-US\",\"@id\":\"https:\\\/\\\/repliquemangacine.fr\\\/#\\\/schema\\\/logo\\\/image\\\/\",\"url\":\"https:\\\/\\\/repliquemangacine.fr\\\/wp-content\\\/uploads\\\/2023\\\/10\\\/RMC-500250.png\",\"contentUrl\":\"https:\\\/\\\/repliquemangacine.fr\\\/wp-content\\\/uploads\\\/2023\\\/10\\\/RMC-500250.png\",\"width\":500,\"height\":250,\"caption\":\"R\u00e9plique Manga Cin\u00e9\"},\"image\":{\"@id\":\"https:\\\/\\\/repliquemangacine.fr\\\/#\\\/schema\\\/logo\\\/image\\\/\"},\"sameAs\":[\"https:\\\/\\\/www.facebook.com\\\/RepliqueMangaCine\",\"https:\\\/\\\/www.instagram.com\\\/repliquemangacine.fr\\\/\"]}]}<\/script>\n<!-- \/ Yoast SEO plugin. -->","yoast_head_json":{"title":"German Halberd Denix - Medieval Accessories Denix | RMC","description":"Discover this superb Denix German Halberd at the best price - Wooden shaft - Decorated aged steel - Total length 202 cm - Shipment 24\/48H","robots":{"index":"index","follow":"follow","max-snippet":"max-snippet:-1","max-image-preview":"max-image-preview:large","max-video-preview":"max-video-preview:-1"},"canonical":"https:\/\/repliquemangacine.fr\/en\/medieval-war-axes-and-accessories\/denix-german-halberd\/","og_locale":"en_US","og_type":"article","og_title":"Hallebarde Allemande Denix - Accessoires M\u00e9di\u00e9vale Denix | RMC","og_description":"D\u00e9couvrez cette superbe Hallebarde Allemande Denix au meilleur prix - Hampe en bois - En acier vieilli d\u00e9cor\u00e9 - Longueur totale 202 cm - Envoi 24\/48H","og_url":"https:\/\/repliquemangacine.fr\/en\/medieval-war-axes-and-accessories\/denix-german-halberd\/","og_site_name":"R\u00e9plique Manga Cin\u00e9","article_publisher":"https:\/\/www.facebook.com\/RepliqueMangaCine","article_modified_time":"2026-04-02T11:12:49+00:00","og_image":[{"width":600,"height":600,"url":"https:\/\/repliquemangacine.fr\/wp-content\/uploads\/2023\/10\/1843-Hallebarde-Allemande-11eme-siecle.jpg","type":"image\/jpeg"}],"twitter_card":"summary_large_image","twitter_misc":{"Est. reading time":"2 minutes"},"schema":{"@context":"https:\/\/schema.org","@graph":[{"@type":"WebPage","@id":"https:\/\/repliquemangacine.fr\/haches-de-guerre-medievale-et-accessoire-medievaux\/hallebarde-allemande-denix\/","url":"https:\/\/repliquemangacine.fr\/haches-de-guerre-medievale-et-accessoire-medievaux\/hallebarde-allemande-denix\/","name":"German Halberd Denix - Medieval Accessories Denix | RMC","isPartOf":{"@id":"https:\/\/repliquemangacine.fr\/#website"},"primaryImageOfPage":{"@id":"https:\/\/repliquemangacine.fr\/haches-de-guerre-medievale-et-accessoire-medievaux\/hallebarde-allemande-denix\/#primaryimage"},"image":{"@id":"https:\/\/repliquemangacine.fr\/haches-de-guerre-medievale-et-accessoire-medievaux\/hallebarde-allemande-denix\/#primaryimage"},"thumbnailUrl":"https:\/\/repliquemangacine.fr\/wp-content\/uploads\/2023\/10\/1843-Hallebarde-Allemande-11eme-siecle.jpg","datePublished":"2017-04-08T17:48:35+00:00","dateModified":"2026-04-02T11:12:49+00:00","description":"Discover this superb Denix German Halberd at the best price - Wooden shaft - Decorated aged steel - Total length 202 cm - Shipment 24\/48H","breadcrumb":{"@id":"https:\/\/repliquemangacine.fr\/haches-de-guerre-medievale-et-accessoire-medievaux\/hallebarde-allemande-denix\/#breadcrumb"},"inLanguage":"en-US","potentialAction":[{"@type":"ReadAction","target":["https:\/\/repliquemangacine.fr\/haches-de-guerre-medievale-et-accessoire-medievaux\/hallebarde-allemande-denix\/"]}]},{"@type":"ImageObject","inLanguage":"en-US","@id":"https:\/\/repliquemangacine.fr\/haches-de-guerre-medievale-et-accessoire-medievaux\/hallebarde-allemande-denix\/#primaryimage","url":"https:\/\/repliquemangacine.fr\/wp-content\/uploads\/2023\/10\/1843-Hallebarde-Allemande-11eme-siecle.jpg","contentUrl":"https:\/\/repliquemangacine.fr\/wp-content\/uploads\/2023\/10\/1843-Hallebarde-Allemande-11eme-siecle.jpg","width":600,"height":600,"caption":"Hallebarde Allemande 11\u00e8me si\u00e8cle"},{"@type":"BreadcrumbList","@id":"https:\/\/repliquemangacine.fr\/haches-de-guerre-medievale-et-accessoire-medievaux\/hallebarde-allemande-denix\/#breadcrumb","itemListElement":[{"@type":"ListItem","position":1,"name":"Accueil","item":"https:\/\/repliquemangacine.fr\/"},{"@type":"ListItem","position":2,"name":"Produits","item":"https:\/\/repliquemangacine.fr\/boutique\/"},{"@type":"ListItem","position":3,"name":"Hallebarde Allemande Denix"}]},{"@type":"WebSite","@id":"https:\/\/repliquemangacine.fr\/#website","url":"https:\/\/repliquemangacine.fr\/","name":"R\u00e9plique Manga Cin\u00e9","description":"","publisher":{"@id":"https:\/\/repliquemangacine.fr\/#organization"},"potentialAction":[{"@type":"SearchAction","target":{"@type":"EntryPoint","urlTemplate":"https:\/\/repliquemangacine.fr\/?s={search_term_string}"},"query-input":{"@type":"PropertyValueSpecification","valueRequired":true,"valueName":"search_term_string"}}],"inLanguage":"en-US"},{"@type":"Organization","@id":"https:\/\/repliquemangacine.fr\/#organization","name":"R\u00e9plique Manga Cin\u00e9","url":"https:\/\/repliquemangacine.fr\/","logo":{"@type":"ImageObject","inLanguage":"en-US","@id":"https:\/\/repliquemangacine.fr\/#\/schema\/logo\/image\/","url":"https:\/\/repliquemangacine.fr\/wp-content\/uploads\/2023\/10\/RMC-500250.png","contentUrl":"https:\/\/repliquemangacine.fr\/wp-content\/uploads\/2023\/10\/RMC-500250.png","width":500,"height":250,"caption":"R\u00e9plique Manga Cin\u00e9"},"image":{"@id":"https:\/\/repliquemangacine.fr\/#\/schema\/logo\/image\/"},"sameAs":["https:\/\/www.facebook.com\/RepliqueMangaCine","https:\/\/www.instagram.com\/repliquemangacine.fr\/"]}]}},"_links":{"self":[{"href":"https:\/\/repliquemangacine.fr\/en\/wp-json\/wp\/v2\/product\/27057","targetHints":{"allow":["GET"]}}],"collection":[{"href":"https:\/\/repliquemangacine.fr\/en\/wp-json\/wp\/v2\/product"}],"about":[{"href":"https:\/\/repliquemangacine.fr\/en\/wp-json\/wp\/v2\/types\/product"}],"wp:featuredmedia":[{"embeddable":true,"href":"https:\/\/repliquemangacine.fr\/en\/wp-json\/wp\/v2\/media\/27058"}],"wp:attachment":[{"href":"https:\/\/repliquemangacine.fr\/en\/wp-json\/wp\/v2\/media?parent=27057"}],"wp:term":[{"taxonomy":"product_brand","embeddable":true,"href":"https:\/\/repliquemangacine.fr\/en\/wp-json\/wp\/v2\/product_brand?post=27057"},{"taxonomy":"product_cat","embeddable":true,"href":"https:\/\/repliquemangacine.fr\/en\/wp-json\/wp\/v2\/product_cat?post=27057"},{"taxonomy":"product_tag","embeddable":true,"href":"https:\/\/repliquemangacine.fr\/en\/wp-json\/wp\/v2\/product_tag?post=27057"}],"curies":[{"name":"wp","href":"https:\/\/api.w.org\/{rel}","templated":true}]}}