





{"id":27019,"date":"2017-03-19T18:40:42","date_gmt":"2017-03-19T17:40:42","guid":{"rendered":"https:\/\/repliquemangacine.fr\/?post_type=product&#038;p=27019"},"modified":"2025-10-18T06:59:09","modified_gmt":"2025-10-18T04:59:09","slug":"erza-fairy-tail-armor-sword","status":"publish","type":"product","link":"https:\/\/repliquemangacine.fr\/en\/katana-et-epee-de-manga-anime-autre-manga\/epee-d-armure-erza-fairy-tail\/","title":{"rendered":"Erza Fairy Tail sword"},"content":{"rendered":"<h2>Erza sword in Fairy Tail.<\/h2>\n<p>To begin with, the<strong>Erza Fairy Tail sword<\/strong> is the one she uses with the armor of nature. The Trinity Sword is a Magic Swords spell. While wearing Nature's Armor, Erza crosses her two swords in front of her, then raises them forward to release a wave of energy.<\/p>\n<p>Erza Scarlett is an S-rank Mage in the Fairy Tail guild, considered the strongest of the female members. Nicknamed Titania, Queen of the Fairies.<\/p>\n<p>L'<a href=\"https:\/\/fairy-tail.fandom.com\/fr\/wiki\/Armure_de_la_Nature\" target=\"_blank\" rel=\"noopener noreferrer\">Armor of Nature<\/a>also known as Celestial Wheel armor, is one of Erza Scarlett's suits of armor. This armor seems to grant Erza the ability to fly short distances.<\/p>\n<h2>Your Erza Fairy Tail sword at the best price.<\/h2>\n<p>We've got all your favorite character lines in this category.<\/p>\n<p>First and foremost,<\/p>\n<ul>\n<li>Visit <a href=\"https:\/\/repliquemangacine.fr\/en\/other-manga\/katana-erza-scarlett-magic-sword-fairy-tail\/\">Erza's katana<\/a> Scarlett in Fairy Tail, magic sword.<\/li>\n<li>As well as the<a href=\"https:\/\/repliquemangacine.fr\/en\/other-manga\/meliodas-sword-sacred-treasure-lostvayne\/\">Lostvayne de M\u00e9liodas sword<\/a> in Seven Deadly Sins.<\/li>\n<li>And many more to discover in our online store!<\/li>\n<\/ul>\n<p>So here are some great gift ideas for Fairy Tell fans.<\/p>\n<p>In conclusion, you can also use this\u2019<strong>Erza Fairy Tail sword<\/strong> for your cosplay parades or theme parties. But above all, Scarlett's sword is also a collector's item and a decorative object.<\/p>\n<p>R\u00e9plique Manga Cin\u00e9 is a French company.<\/p>\n<h2>How to maintain the blade of your Manga katana?<\/h2>\n<p>Collector's and decorative katanas are made and assembled in a simplified way. As their use is decorative, they lack the safety features required of a Japanese saber intended for training.<\/p>\n<p>However, your <strong>katana<\/strong> <strong>by Erza Fairy Tail<\/strong> to a steel blade that needs to be cared for to avoid damage over time. In fact, when you display your katana, your friends will be curious to see and touch the blade. This is where you need to be careful, as the acidity of your fingers is very harmful to steel, whatever its quality.<\/p>\n<p>However, if this does happen, don't panic - all you need is a cloth dampened with a little oil and a wipe of fingerprints. By doing so, you'll keep your sword looking its best for a very long time.<\/p>","protected":false},"excerpt":{"rendered":"<p>Erza's nature armor sword in Fairy Tail.<\/p>\n<ul>\n<li>Unsharpened 440 steel blade.<\/li>\n<li>Silver-plated steel guard.<\/li>\n<li>Metal handle with black leatherette strap.<\/li>\n<li>Leatherette sheath.<\/li>\n<li>Blade length: 72cm - Overall length: 104cm - Weight: 2030grs<\/li>\n<\/ul>","protected":false},"featured_media":27020,"template":"","meta":[],"product_brand":[896],"product_cat":[65,23],"product_tag":[],"class_list":{"0":"post-27019","1":"product","2":"type-product","3":"status-publish","4":"has-post-thumbnail","6":"product_brand-replique-manga-cine","7":"product_cat-katana-et-epee-de-manga-anime-autre-manga","8":"product_cat-repliques-manga-jeux-video","10":"first","11":"instock","12":"taxable","13":"shipping-taxable","14":"purchasable","15":"product-type-simple"},"yoast_head":"<!-- This site is optimized with the Yoast SEO plugin v27.5 - https:\/\/yoast.com\/product\/yoast-seo-wordpress\/ -->\n<title>Ep\u00e9e Erza Fairy Tail - Ep\u00e9e d&#039;armure - R\u00e9plique Manga Cine<\/title>\n<meta name=\"description\" content=\"Superbe r\u00e9plique de l&#039;Ep\u00e9e Erza Fairy Tail. Cette \u00e9p\u00e9e d&#039;armure de la nature \u00e0 une lame en acier avec s\u00e9rigraphie. Garde sp\u00e9cifique en m\u00e9tal. Fourreau.\" \/>\n<meta name=\"robots\" content=\"index, follow, max-snippet:-1, max-image-preview:large, max-video-preview:-1\" \/>\n<link rel=\"canonical\" href=\"https:\/\/repliquemangacine.fr\/en\/katana-and-sword-from-anime-other-manga\/erza-fairy-tail-armor-sword\/\" \/>\n<meta property=\"og:locale\" content=\"en_US\" \/>\n<meta property=\"og:type\" content=\"article\" \/>\n<meta property=\"og:title\" content=\"Ep\u00e9e Erza Fairy Tail - Ep\u00e9e d&#039;armure - R\u00e9plique Manga Cine\" \/>\n<meta property=\"og:description\" content=\"Superbe r\u00e9plique de l&#039;Ep\u00e9e Erza Fairy Tail. Cette \u00e9p\u00e9e d&#039;armure de la nature \u00e0 une lame en acier avec s\u00e9rigraphie. Garde sp\u00e9cifique en m\u00e9tal. Fourreau.\" \/>\n<meta property=\"og:url\" content=\"https:\/\/repliquemangacine.fr\/en\/katana-and-sword-from-anime-other-manga\/erza-fairy-tail-armor-sword\/\" \/>\n<meta property=\"og:site_name\" content=\"R\u00e9plique Manga Cin\u00e9\" \/>\n<meta property=\"article:publisher\" content=\"https:\/\/www.facebook.com\/RepliqueMangaCine\" \/>\n<meta property=\"article:modified_time\" content=\"2025-10-18T04:59:09+00:00\" \/>\n<meta property=\"og:image\" content=\"https:\/\/repliquemangacine.fr\/wp-content\/uploads\/2023\/10\/1819-Epee-darmure-erza-Fairy-Tail.jpg\" \/>\n\t<meta property=\"og:image:width\" content=\"600\" \/>\n\t<meta property=\"og:image:height\" content=\"600\" \/>\n\t<meta property=\"og:image:type\" content=\"image\/jpeg\" \/>\n<meta name=\"twitter:card\" content=\"summary_large_image\" \/>\n<meta name=\"twitter:label1\" content=\"Est. reading time\" \/>\n\t<meta name=\"twitter:data1\" content=\"1 minute\" \/>\n<script type=\"application\/ld+json\" class=\"yoast-schema-graph\">{\"@context\":\"https:\\\/\\\/schema.org\",\"@graph\":[{\"@type\":\"WebPage\",\"@id\":\"https:\\\/\\\/repliquemangacine.fr\\\/katana-et-epee-de-manga-anime-autre-manga\\\/epee-d-armure-erza-fairy-tail\\\/\",\"url\":\"https:\\\/\\\/repliquemangacine.fr\\\/katana-et-epee-de-manga-anime-autre-manga\\\/epee-d-armure-erza-fairy-tail\\\/\",\"name\":\"Ep\u00e9e Erza Fairy Tail - Ep\u00e9e d'armure - R\u00e9plique Manga Cine\",\"isPartOf\":{\"@id\":\"https:\\\/\\\/repliquemangacine.fr\\\/#website\"},\"primaryImageOfPage\":{\"@id\":\"https:\\\/\\\/repliquemangacine.fr\\\/katana-et-epee-de-manga-anime-autre-manga\\\/epee-d-armure-erza-fairy-tail\\\/#primaryimage\"},\"image\":{\"@id\":\"https:\\\/\\\/repliquemangacine.fr\\\/katana-et-epee-de-manga-anime-autre-manga\\\/epee-d-armure-erza-fairy-tail\\\/#primaryimage\"},\"thumbnailUrl\":\"https:\\\/\\\/repliquemangacine.fr\\\/wp-content\\\/uploads\\\/2023\\\/10\\\/1819-Epee-darmure-erza-Fairy-Tail.jpg\",\"datePublished\":\"2017-03-19T17:40:42+00:00\",\"dateModified\":\"2025-10-18T04:59:09+00:00\",\"description\":\"Superbe r\u00e9plique de l'Ep\u00e9e Erza Fairy Tail. Cette \u00e9p\u00e9e d'armure de la nature \u00e0 une lame en acier avec s\u00e9rigraphie. Garde sp\u00e9cifique en m\u00e9tal. Fourreau.\",\"breadcrumb\":{\"@id\":\"https:\\\/\\\/repliquemangacine.fr\\\/katana-et-epee-de-manga-anime-autre-manga\\\/epee-d-armure-erza-fairy-tail\\\/#breadcrumb\"},\"inLanguage\":\"en-US\",\"potentialAction\":[{\"@type\":\"ReadAction\",\"target\":[\"https:\\\/\\\/repliquemangacine.fr\\\/katana-et-epee-de-manga-anime-autre-manga\\\/epee-d-armure-erza-fairy-tail\\\/\"]}]},{\"@type\":\"ImageObject\",\"inLanguage\":\"en-US\",\"@id\":\"https:\\\/\\\/repliquemangacine.fr\\\/katana-et-epee-de-manga-anime-autre-manga\\\/epee-d-armure-erza-fairy-tail\\\/#primaryimage\",\"url\":\"https:\\\/\\\/repliquemangacine.fr\\\/wp-content\\\/uploads\\\/2023\\\/10\\\/1819-Epee-darmure-erza-Fairy-Tail.jpg\",\"contentUrl\":\"https:\\\/\\\/repliquemangacine.fr\\\/wp-content\\\/uploads\\\/2023\\\/10\\\/1819-Epee-darmure-erza-Fairy-Tail.jpg\",\"width\":600,\"height\":600,\"caption\":\"Ep\u00e9e Erza Fairy Tail - \u00e9p\u00e9e d'armure de la nature\"},{\"@type\":\"BreadcrumbList\",\"@id\":\"https:\\\/\\\/repliquemangacine.fr\\\/katana-et-epee-de-manga-anime-autre-manga\\\/epee-d-armure-erza-fairy-tail\\\/#breadcrumb\",\"itemListElement\":[{\"@type\":\"ListItem\",\"position\":1,\"name\":\"Accueil\",\"item\":\"https:\\\/\\\/repliquemangacine.fr\\\/\"},{\"@type\":\"ListItem\",\"position\":2,\"name\":\"Produits\",\"item\":\"https:\\\/\\\/repliquemangacine.fr\\\/boutique\\\/\"},{\"@type\":\"ListItem\",\"position\":3,\"name\":\"Ep\u00e9e d&#8217;Erza Fairy Tail\"}]},{\"@type\":\"WebSite\",\"@id\":\"https:\\\/\\\/repliquemangacine.fr\\\/#website\",\"url\":\"https:\\\/\\\/repliquemangacine.fr\\\/\",\"name\":\"R\u00e9plique Manga Cin\u00e9\",\"description\":\"\",\"publisher\":{\"@id\":\"https:\\\/\\\/repliquemangacine.fr\\\/#organization\"},\"potentialAction\":[{\"@type\":\"SearchAction\",\"target\":{\"@type\":\"EntryPoint\",\"urlTemplate\":\"https:\\\/\\\/repliquemangacine.fr\\\/?s={search_term_string}\"},\"query-input\":{\"@type\":\"PropertyValueSpecification\",\"valueRequired\":true,\"valueName\":\"search_term_string\"}}],\"inLanguage\":\"en-US\"},{\"@type\":\"Organization\",\"@id\":\"https:\\\/\\\/repliquemangacine.fr\\\/#organization\",\"name\":\"R\u00e9plique Manga Cin\u00e9\",\"url\":\"https:\\\/\\\/repliquemangacine.fr\\\/\",\"logo\":{\"@type\":\"ImageObject\",\"inLanguage\":\"en-US\",\"@id\":\"https:\\\/\\\/repliquemangacine.fr\\\/#\\\/schema\\\/logo\\\/image\\\/\",\"url\":\"https:\\\/\\\/repliquemangacine.fr\\\/wp-content\\\/uploads\\\/2023\\\/10\\\/RMC-500250.png\",\"contentUrl\":\"https:\\\/\\\/repliquemangacine.fr\\\/wp-content\\\/uploads\\\/2023\\\/10\\\/RMC-500250.png\",\"width\":500,\"height\":250,\"caption\":\"R\u00e9plique Manga Cin\u00e9\"},\"image\":{\"@id\":\"https:\\\/\\\/repliquemangacine.fr\\\/#\\\/schema\\\/logo\\\/image\\\/\"},\"sameAs\":[\"https:\\\/\\\/www.facebook.com\\\/RepliqueMangaCine\",\"https:\\\/\\\/www.instagram.com\\\/repliquemangacine.fr\\\/\"]}]}<\/script>\n<!-- \/ Yoast SEO plugin. -->","yoast_head_json":{"title":"Erza Fairy Tail sword - Armor sword - Replica Manga Cine","description":"Superb replica of the Erza Fairy Tail sword. This nature armor sword has a steel blade with silk-screen printing. Special metal guard. Scabbard.","robots":{"index":"index","follow":"follow","max-snippet":"max-snippet:-1","max-image-preview":"max-image-preview:large","max-video-preview":"max-video-preview:-1"},"canonical":"https:\/\/repliquemangacine.fr\/en\/katana-and-sword-from-anime-other-manga\/erza-fairy-tail-armor-sword\/","og_locale":"en_US","og_type":"article","og_title":"Ep\u00e9e Erza Fairy Tail - Ep\u00e9e d'armure - R\u00e9plique Manga Cine","og_description":"Superbe r\u00e9plique de l'Ep\u00e9e Erza Fairy Tail. Cette \u00e9p\u00e9e d'armure de la nature \u00e0 une lame en acier avec s\u00e9rigraphie. Garde sp\u00e9cifique en m\u00e9tal. Fourreau.","og_url":"https:\/\/repliquemangacine.fr\/en\/katana-and-sword-from-anime-other-manga\/erza-fairy-tail-armor-sword\/","og_site_name":"R\u00e9plique Manga Cin\u00e9","article_publisher":"https:\/\/www.facebook.com\/RepliqueMangaCine","article_modified_time":"2025-10-18T04:59:09+00:00","og_image":[{"width":600,"height":600,"url":"https:\/\/repliquemangacine.fr\/wp-content\/uploads\/2023\/10\/1819-Epee-darmure-erza-Fairy-Tail.jpg","type":"image\/jpeg"}],"twitter_card":"summary_large_image","twitter_misc":{"Est. reading time":"1 minute"},"schema":{"@context":"https:\/\/schema.org","@graph":[{"@type":"WebPage","@id":"https:\/\/repliquemangacine.fr\/katana-et-epee-de-manga-anime-autre-manga\/epee-d-armure-erza-fairy-tail\/","url":"https:\/\/repliquemangacine.fr\/katana-et-epee-de-manga-anime-autre-manga\/epee-d-armure-erza-fairy-tail\/","name":"Erza Fairy Tail sword - Armor sword - Replica Manga Cine","isPartOf":{"@id":"https:\/\/repliquemangacine.fr\/#website"},"primaryImageOfPage":{"@id":"https:\/\/repliquemangacine.fr\/katana-et-epee-de-manga-anime-autre-manga\/epee-d-armure-erza-fairy-tail\/#primaryimage"},"image":{"@id":"https:\/\/repliquemangacine.fr\/katana-et-epee-de-manga-anime-autre-manga\/epee-d-armure-erza-fairy-tail\/#primaryimage"},"thumbnailUrl":"https:\/\/repliquemangacine.fr\/wp-content\/uploads\/2023\/10\/1819-Epee-darmure-erza-Fairy-Tail.jpg","datePublished":"2017-03-19T17:40:42+00:00","dateModified":"2025-10-18T04:59:09+00:00","description":"Superb replica of the Erza Fairy Tail sword. This nature armor sword has a steel blade with silk-screen printing. Special metal guard. Scabbard.","breadcrumb":{"@id":"https:\/\/repliquemangacine.fr\/katana-et-epee-de-manga-anime-autre-manga\/epee-d-armure-erza-fairy-tail\/#breadcrumb"},"inLanguage":"en-US","potentialAction":[{"@type":"ReadAction","target":["https:\/\/repliquemangacine.fr\/katana-et-epee-de-manga-anime-autre-manga\/epee-d-armure-erza-fairy-tail\/"]}]},{"@type":"ImageObject","inLanguage":"en-US","@id":"https:\/\/repliquemangacine.fr\/katana-et-epee-de-manga-anime-autre-manga\/epee-d-armure-erza-fairy-tail\/#primaryimage","url":"https:\/\/repliquemangacine.fr\/wp-content\/uploads\/2023\/10\/1819-Epee-darmure-erza-Fairy-Tail.jpg","contentUrl":"https:\/\/repliquemangacine.fr\/wp-content\/uploads\/2023\/10\/1819-Epee-darmure-erza-Fairy-Tail.jpg","width":600,"height":600,"caption":"Ep\u00e9e Erza Fairy Tail - \u00e9p\u00e9e d'armure de la nature"},{"@type":"BreadcrumbList","@id":"https:\/\/repliquemangacine.fr\/katana-et-epee-de-manga-anime-autre-manga\/epee-d-armure-erza-fairy-tail\/#breadcrumb","itemListElement":[{"@type":"ListItem","position":1,"name":"Accueil","item":"https:\/\/repliquemangacine.fr\/"},{"@type":"ListItem","position":2,"name":"Produits","item":"https:\/\/repliquemangacine.fr\/boutique\/"},{"@type":"ListItem","position":3,"name":"Ep\u00e9e d&#8217;Erza Fairy Tail"}]},{"@type":"WebSite","@id":"https:\/\/repliquemangacine.fr\/#website","url":"https:\/\/repliquemangacine.fr\/","name":"R\u00e9plique Manga Cin\u00e9","description":"","publisher":{"@id":"https:\/\/repliquemangacine.fr\/#organization"},"potentialAction":[{"@type":"SearchAction","target":{"@type":"EntryPoint","urlTemplate":"https:\/\/repliquemangacine.fr\/?s={search_term_string}"},"query-input":{"@type":"PropertyValueSpecification","valueRequired":true,"valueName":"search_term_string"}}],"inLanguage":"en-US"},{"@type":"Organization","@id":"https:\/\/repliquemangacine.fr\/#organization","name":"R\u00e9plique Manga Cin\u00e9","url":"https:\/\/repliquemangacine.fr\/","logo":{"@type":"ImageObject","inLanguage":"en-US","@id":"https:\/\/repliquemangacine.fr\/#\/schema\/logo\/image\/","url":"https:\/\/repliquemangacine.fr\/wp-content\/uploads\/2023\/10\/RMC-500250.png","contentUrl":"https:\/\/repliquemangacine.fr\/wp-content\/uploads\/2023\/10\/RMC-500250.png","width":500,"height":250,"caption":"R\u00e9plique Manga Cin\u00e9"},"image":{"@id":"https:\/\/repliquemangacine.fr\/#\/schema\/logo\/image\/"},"sameAs":["https:\/\/www.facebook.com\/RepliqueMangaCine","https:\/\/www.instagram.com\/repliquemangacine.fr\/"]}]}},"_links":{"self":[{"href":"https:\/\/repliquemangacine.fr\/en\/wp-json\/wp\/v2\/product\/27019","targetHints":{"allow":["GET"]}}],"collection":[{"href":"https:\/\/repliquemangacine.fr\/en\/wp-json\/wp\/v2\/product"}],"about":[{"href":"https:\/\/repliquemangacine.fr\/en\/wp-json\/wp\/v2\/types\/product"}],"wp:featuredmedia":[{"embeddable":true,"href":"https:\/\/repliquemangacine.fr\/en\/wp-json\/wp\/v2\/media\/27020"}],"wp:attachment":[{"href":"https:\/\/repliquemangacine.fr\/en\/wp-json\/wp\/v2\/media?parent=27019"}],"wp:term":[{"taxonomy":"product_brand","embeddable":true,"href":"https:\/\/repliquemangacine.fr\/en\/wp-json\/wp\/v2\/product_brand?post=27019"},{"taxonomy":"product_cat","embeddable":true,"href":"https:\/\/repliquemangacine.fr\/en\/wp-json\/wp\/v2\/product_cat?post=27019"},{"taxonomy":"product_tag","embeddable":true,"href":"https:\/\/repliquemangacine.fr\/en\/wp-json\/wp\/v2\/product_tag?post=27019"}],"curies":[{"name":"wp","href":"https:\/\/api.w.org\/{rel}","templated":true}]}}