





{"id":26996,"date":"2017-03-02T18:48:02","date_gmt":"2017-03-02T17:48:02","guid":{"rendered":"https:\/\/repliquemangacine.fr\/?post_type=product&#038;p=26996"},"modified":"2026-04-29T15:44:11","modified_gmt":"2026-04-29T13:44:11","slug":"keyblade-oathkeeper-tender-promise","status":"publish","type":"product","link":"https:\/\/repliquemangacine.fr\/en\/katana-et-epee-de-jeux-video-autre-jeux-video\/keyblade-oathkeeper-tendre-promesse\/","title":{"rendered":"Keyblade Tender Promise"},"content":{"rendered":"<h2>Tender Promise Keyblade in Kingdom Hearts.<\/h2>\n<p>Let's start with the <strong>Keyblade <a href=\"https:\/\/kingdomhearts.fandom.com\/fr\/wiki\/Tendre_Promesse\" target=\"_blank\" rel=\"noopener noreferrer\">Tender Promise<\/a><\/strong> Oathkeeper, first appearing in Kingdom Hearts. The keyring of this Keyblade is Kairi's good-luck charm, and the blade resembles the Japanese character for \"light\", which surmounts a heart like the one on the pommel. The guard consists of two dove wings, in contrast to Souvenir Perdu.<\/p>\n<p>In fact, the Keyblade is a mysterious key-like weapon that appears throughout the Kingdom Hearts series. Mastered by the series' hero Sora, the King and several other characters, Keyblades are part of the battle between Light and Darkness.<\/p>\n<p>Shaped like keys, they operate any existing lock and are imbued with magic and other unique abilities. Keyblade holders can \"bequeath\" their powers to the next generation by meeting worthy individuals.<\/p>\n<h2>Your Keyblade Tendre Promesse at the best price.<\/h2>\n<p>We offer a wide selection of Manga and video game replicas.<\/p>\n<p>First and foremost,<\/p>\n<ul>\n<li>The impressive replica of the <a href=\"https:\/\/repliquemangacine.fr\/en\/other-video-games\/keyblade-tete-de-citrouille-pumpkin-head\/\">Halloween Keyblade<\/a> Pumpkin head.<\/li>\n<li>As well as the <a href=\"https:\/\/repliquemangacine.fr\/en\/other-video-games\/coffret-porte-cles-kingdom-hearts\/\">set of 15 Kingdom Hearts key rings<\/a>.<\/li>\n<li>There is also La r\u00e9plique de la <a href=\"https:\/\/repliquemangacine.fr\/en\/other-video-games\/keyblade-souvenir-perdu-oblivion-mousse-kingdom-hearts\/\">keyblade Oblivion<\/a> ( Lost memory) all in foam and latex.<\/li>\n<li>And many more to discover in our online store!<\/li>\n<\/ul>\n<p>So here are some great gift ideas for all Kingdom Hearts fans.<\/p>\n<p>In conclusion, you can use <strong>Keyblade Tender Promise<\/strong> for your Cosplay parades. But above all, this sword is a collector's item and a decoration.<\/p>\n<p>R\u00e9plique Manga Cin\u00e9 is a French company<\/p>\n<h2>How to maintain your Kingdom Hearts key?<\/h2>\n<p>Collector's and decorative weapons are made and assembled in a simplified way. As their use is decorative, they lack the safety features required of a Japanese saber intended for training.<\/p>\n<p>However, your <strong>Keyblade Tender Promise<\/strong> to a steel blade that needs to be cared for to avoid damage over time. In fact, when you display your katana, your friends will be curious to see and touch the blade. This is where you need to be careful, as the acidity of your fingers is very harmful to steel, whatever its quality.<\/p>\n<p>However, if this does happen, don't panic - all you need is a cloth dampened with a little oil and a wipe of fingerprints. By doing so, you'll keep your sword looking its best for a very long time.<\/p>\n<p><strong>\u00a0<\/strong><\/p>","protected":false},"excerpt":{"rendered":"<p>Keyblade Oathkeeper The tender promise of the Kingdom Hearts video game.<\/p>\n<ul>\n<li>Made entirely of metal.<\/li>\n<li>Foam-covered handle.<\/li>\n<li>Designed guard.<\/li>\n<li>Non-slip rubber toe cap.<\/li>\n<li>Metal chain with star.<\/li>\n<li>Total length: 89 cm - Total weight: 1350 grs<\/li>\n<\/ul>","protected":false},"featured_media":26997,"template":"","meta":[],"product_brand":[896],"product_cat":[23,67],"product_tag":[],"class_list":{"0":"post-26996","1":"product","2":"type-product","3":"status-publish","4":"has-post-thumbnail","6":"product_brand-replique-manga-cine","7":"product_cat-repliques-manga-jeux-video","8":"product_cat-katana-et-epee-de-jeux-video-autre-jeux-video","10":"first","11":"instock","12":"taxable","13":"shipping-taxable","14":"purchasable","15":"product-type-simple"},"yoast_head":"<!-- This site is optimized with the Yoast SEO plugin v27.5 - https:\/\/yoast.com\/product\/yoast-seo-wordpress\/ -->\n<title>Keyblade Tendre Promesse - Oathkeeper - R\u00e9plique Manga Cin\u00e9<\/title>\n<meta name=\"description\" content=\"Compl\u00e9tez vite votre collection en achetant cette Keyblade Tendre Promesse Oathkeeper inspir\u00e9 du jeu vid\u00e9o Kingdom Hearts. Tout en m\u00e9tal.\" \/>\n<meta name=\"robots\" content=\"index, follow, max-snippet:-1, max-image-preview:large, max-video-preview:-1\" \/>\n<link rel=\"canonical\" href=\"https:\/\/repliquemangacine.fr\/en\/katana-and-video-game-sword-other-video-games\/keyblade-oathkeeper-tender-promise\/\" \/>\n<meta property=\"og:locale\" content=\"en_US\" \/>\n<meta property=\"og:type\" content=\"article\" \/>\n<meta property=\"og:title\" content=\"Keyblade Tendre Promesse - Oathkeeper - R\u00e9plique Manga Cin\u00e9\" \/>\n<meta property=\"og:description\" content=\"Compl\u00e9tez vite votre collection en achetant cette Keyblade Tendre Promesse Oathkeeper inspir\u00e9 du jeu vid\u00e9o Kingdom Hearts. Tout en m\u00e9tal.\" \/>\n<meta property=\"og:url\" content=\"https:\/\/repliquemangacine.fr\/en\/katana-and-video-game-sword-other-video-games\/keyblade-oathkeeper-tender-promise\/\" \/>\n<meta property=\"og:site_name\" content=\"R\u00e9plique Manga Cin\u00e9\" \/>\n<meta property=\"article:publisher\" content=\"https:\/\/www.facebook.com\/RepliqueMangaCine\" \/>\n<meta property=\"article:modified_time\" content=\"2026-04-29T13:44:11+00:00\" \/>\n<meta property=\"og:image\" content=\"https:\/\/repliquemangacine.fr\/wp-content\/uploads\/2023\/10\/1800-Keyblade-Oathkeeper-Tendre-promesse.jpg\" \/>\n\t<meta property=\"og:image:width\" content=\"600\" \/>\n\t<meta property=\"og:image:height\" content=\"600\" \/>\n\t<meta property=\"og:image:type\" content=\"image\/jpeg\" \/>\n<meta name=\"twitter:card\" content=\"summary_large_image\" \/>\n<meta name=\"twitter:label1\" content=\"Est. reading time\" \/>\n\t<meta name=\"twitter:data1\" content=\"1 minute\" \/>\n<script type=\"application\/ld+json\" class=\"yoast-schema-graph\">{\"@context\":\"https:\\\/\\\/schema.org\",\"@graph\":[{\"@type\":\"WebPage\",\"@id\":\"https:\\\/\\\/repliquemangacine.fr\\\/katana-et-epee-de-jeux-video-autre-jeux-video\\\/keyblade-oathkeeper-tendre-promesse\\\/\",\"url\":\"https:\\\/\\\/repliquemangacine.fr\\\/katana-et-epee-de-jeux-video-autre-jeux-video\\\/keyblade-oathkeeper-tendre-promesse\\\/\",\"name\":\"Keyblade Tendre Promesse - Oathkeeper - R\u00e9plique Manga Cin\u00e9\",\"isPartOf\":{\"@id\":\"https:\\\/\\\/repliquemangacine.fr\\\/#website\"},\"primaryImageOfPage\":{\"@id\":\"https:\\\/\\\/repliquemangacine.fr\\\/katana-et-epee-de-jeux-video-autre-jeux-video\\\/keyblade-oathkeeper-tendre-promesse\\\/#primaryimage\"},\"image\":{\"@id\":\"https:\\\/\\\/repliquemangacine.fr\\\/katana-et-epee-de-jeux-video-autre-jeux-video\\\/keyblade-oathkeeper-tendre-promesse\\\/#primaryimage\"},\"thumbnailUrl\":\"https:\\\/\\\/repliquemangacine.fr\\\/wp-content\\\/uploads\\\/2023\\\/10\\\/1800-Keyblade-Oathkeeper-Tendre-promesse.jpg\",\"datePublished\":\"2017-03-02T17:48:02+00:00\",\"dateModified\":\"2026-04-29T13:44:11+00:00\",\"description\":\"Compl\u00e9tez vite votre collection en achetant cette Keyblade Tendre Promesse Oathkeeper inspir\u00e9 du jeu vid\u00e9o Kingdom Hearts. Tout en m\u00e9tal.\",\"breadcrumb\":{\"@id\":\"https:\\\/\\\/repliquemangacine.fr\\\/katana-et-epee-de-jeux-video-autre-jeux-video\\\/keyblade-oathkeeper-tendre-promesse\\\/#breadcrumb\"},\"inLanguage\":\"en-US\",\"potentialAction\":[{\"@type\":\"ReadAction\",\"target\":[\"https:\\\/\\\/repliquemangacine.fr\\\/katana-et-epee-de-jeux-video-autre-jeux-video\\\/keyblade-oathkeeper-tendre-promesse\\\/\"]}]},{\"@type\":\"ImageObject\",\"inLanguage\":\"en-US\",\"@id\":\"https:\\\/\\\/repliquemangacine.fr\\\/katana-et-epee-de-jeux-video-autre-jeux-video\\\/keyblade-oathkeeper-tendre-promesse\\\/#primaryimage\",\"url\":\"https:\\\/\\\/repliquemangacine.fr\\\/wp-content\\\/uploads\\\/2023\\\/10\\\/1800-Keyblade-Oathkeeper-Tendre-promesse.jpg\",\"contentUrl\":\"https:\\\/\\\/repliquemangacine.fr\\\/wp-content\\\/uploads\\\/2023\\\/10\\\/1800-Keyblade-Oathkeeper-Tendre-promesse.jpg\",\"width\":600,\"height\":600,\"caption\":\"Keyblade Oathkeeper - Tendre promesse\"},{\"@type\":\"BreadcrumbList\",\"@id\":\"https:\\\/\\\/repliquemangacine.fr\\\/katana-et-epee-de-jeux-video-autre-jeux-video\\\/keyblade-oathkeeper-tendre-promesse\\\/#breadcrumb\",\"itemListElement\":[{\"@type\":\"ListItem\",\"position\":1,\"name\":\"Accueil\",\"item\":\"https:\\\/\\\/repliquemangacine.fr\\\/\"},{\"@type\":\"ListItem\",\"position\":2,\"name\":\"Produits\",\"item\":\"https:\\\/\\\/repliquemangacine.fr\\\/boutique\\\/\"},{\"@type\":\"ListItem\",\"position\":3,\"name\":\"Keyblade Tendre Promesse\"}]},{\"@type\":\"WebSite\",\"@id\":\"https:\\\/\\\/repliquemangacine.fr\\\/#website\",\"url\":\"https:\\\/\\\/repliquemangacine.fr\\\/\",\"name\":\"R\u00e9plique Manga Cin\u00e9\",\"description\":\"\",\"publisher\":{\"@id\":\"https:\\\/\\\/repliquemangacine.fr\\\/#organization\"},\"potentialAction\":[{\"@type\":\"SearchAction\",\"target\":{\"@type\":\"EntryPoint\",\"urlTemplate\":\"https:\\\/\\\/repliquemangacine.fr\\\/?s={search_term_string}\"},\"query-input\":{\"@type\":\"PropertyValueSpecification\",\"valueRequired\":true,\"valueName\":\"search_term_string\"}}],\"inLanguage\":\"en-US\"},{\"@type\":\"Organization\",\"@id\":\"https:\\\/\\\/repliquemangacine.fr\\\/#organization\",\"name\":\"R\u00e9plique Manga Cin\u00e9\",\"url\":\"https:\\\/\\\/repliquemangacine.fr\\\/\",\"logo\":{\"@type\":\"ImageObject\",\"inLanguage\":\"en-US\",\"@id\":\"https:\\\/\\\/repliquemangacine.fr\\\/#\\\/schema\\\/logo\\\/image\\\/\",\"url\":\"https:\\\/\\\/repliquemangacine.fr\\\/wp-content\\\/uploads\\\/2023\\\/10\\\/RMC-500250.png\",\"contentUrl\":\"https:\\\/\\\/repliquemangacine.fr\\\/wp-content\\\/uploads\\\/2023\\\/10\\\/RMC-500250.png\",\"width\":500,\"height\":250,\"caption\":\"R\u00e9plique Manga Cin\u00e9\"},\"image\":{\"@id\":\"https:\\\/\\\/repliquemangacine.fr\\\/#\\\/schema\\\/logo\\\/image\\\/\"},\"sameAs\":[\"https:\\\/\\\/www.facebook.com\\\/RepliqueMangaCine\",\"https:\\\/\\\/www.instagram.com\\\/repliquemangacine.fr\\\/\"]}]}<\/script>\n<!-- \/ Yoast SEO plugin. -->","yoast_head_json":{"title":"Tender Promise Keyblade - Oathkeeper - R\u00e9plique Manga Cin\u00e9","description":"Complete your collection by purchasing this Oathkeeper Tender Promise Keyblade inspired by the Kingdom Hearts video game. All metal.","robots":{"index":"index","follow":"follow","max-snippet":"max-snippet:-1","max-image-preview":"max-image-preview:large","max-video-preview":"max-video-preview:-1"},"canonical":"https:\/\/repliquemangacine.fr\/en\/katana-and-video-game-sword-other-video-games\/keyblade-oathkeeper-tender-promise\/","og_locale":"en_US","og_type":"article","og_title":"Keyblade Tendre Promesse - Oathkeeper - R\u00e9plique Manga Cin\u00e9","og_description":"Compl\u00e9tez vite votre collection en achetant cette Keyblade Tendre Promesse Oathkeeper inspir\u00e9 du jeu vid\u00e9o Kingdom Hearts. Tout en m\u00e9tal.","og_url":"https:\/\/repliquemangacine.fr\/en\/katana-and-video-game-sword-other-video-games\/keyblade-oathkeeper-tender-promise\/","og_site_name":"R\u00e9plique Manga Cin\u00e9","article_publisher":"https:\/\/www.facebook.com\/RepliqueMangaCine","article_modified_time":"2026-04-29T13:44:11+00:00","og_image":[{"width":600,"height":600,"url":"https:\/\/repliquemangacine.fr\/wp-content\/uploads\/2023\/10\/1800-Keyblade-Oathkeeper-Tendre-promesse.jpg","type":"image\/jpeg"}],"twitter_card":"summary_large_image","twitter_misc":{"Est. reading time":"1 minute"},"schema":{"@context":"https:\/\/schema.org","@graph":[{"@type":"WebPage","@id":"https:\/\/repliquemangacine.fr\/katana-et-epee-de-jeux-video-autre-jeux-video\/keyblade-oathkeeper-tendre-promesse\/","url":"https:\/\/repliquemangacine.fr\/katana-et-epee-de-jeux-video-autre-jeux-video\/keyblade-oathkeeper-tendre-promesse\/","name":"Tender Promise Keyblade - Oathkeeper - R\u00e9plique Manga Cin\u00e9","isPartOf":{"@id":"https:\/\/repliquemangacine.fr\/#website"},"primaryImageOfPage":{"@id":"https:\/\/repliquemangacine.fr\/katana-et-epee-de-jeux-video-autre-jeux-video\/keyblade-oathkeeper-tendre-promesse\/#primaryimage"},"image":{"@id":"https:\/\/repliquemangacine.fr\/katana-et-epee-de-jeux-video-autre-jeux-video\/keyblade-oathkeeper-tendre-promesse\/#primaryimage"},"thumbnailUrl":"https:\/\/repliquemangacine.fr\/wp-content\/uploads\/2023\/10\/1800-Keyblade-Oathkeeper-Tendre-promesse.jpg","datePublished":"2017-03-02T17:48:02+00:00","dateModified":"2026-04-29T13:44:11+00:00","description":"Complete your collection by purchasing this Oathkeeper Tender Promise Keyblade inspired by the Kingdom Hearts video game. All metal.","breadcrumb":{"@id":"https:\/\/repliquemangacine.fr\/katana-et-epee-de-jeux-video-autre-jeux-video\/keyblade-oathkeeper-tendre-promesse\/#breadcrumb"},"inLanguage":"en-US","potentialAction":[{"@type":"ReadAction","target":["https:\/\/repliquemangacine.fr\/katana-et-epee-de-jeux-video-autre-jeux-video\/keyblade-oathkeeper-tendre-promesse\/"]}]},{"@type":"ImageObject","inLanguage":"en-US","@id":"https:\/\/repliquemangacine.fr\/katana-et-epee-de-jeux-video-autre-jeux-video\/keyblade-oathkeeper-tendre-promesse\/#primaryimage","url":"https:\/\/repliquemangacine.fr\/wp-content\/uploads\/2023\/10\/1800-Keyblade-Oathkeeper-Tendre-promesse.jpg","contentUrl":"https:\/\/repliquemangacine.fr\/wp-content\/uploads\/2023\/10\/1800-Keyblade-Oathkeeper-Tendre-promesse.jpg","width":600,"height":600,"caption":"Keyblade Oathkeeper - Tendre promesse"},{"@type":"BreadcrumbList","@id":"https:\/\/repliquemangacine.fr\/katana-et-epee-de-jeux-video-autre-jeux-video\/keyblade-oathkeeper-tendre-promesse\/#breadcrumb","itemListElement":[{"@type":"ListItem","position":1,"name":"Accueil","item":"https:\/\/repliquemangacine.fr\/"},{"@type":"ListItem","position":2,"name":"Produits","item":"https:\/\/repliquemangacine.fr\/boutique\/"},{"@type":"ListItem","position":3,"name":"Keyblade Tendre Promesse"}]},{"@type":"WebSite","@id":"https:\/\/repliquemangacine.fr\/#website","url":"https:\/\/repliquemangacine.fr\/","name":"R\u00e9plique Manga Cin\u00e9","description":"","publisher":{"@id":"https:\/\/repliquemangacine.fr\/#organization"},"potentialAction":[{"@type":"SearchAction","target":{"@type":"EntryPoint","urlTemplate":"https:\/\/repliquemangacine.fr\/?s={search_term_string}"},"query-input":{"@type":"PropertyValueSpecification","valueRequired":true,"valueName":"search_term_string"}}],"inLanguage":"en-US"},{"@type":"Organization","@id":"https:\/\/repliquemangacine.fr\/#organization","name":"R\u00e9plique Manga Cin\u00e9","url":"https:\/\/repliquemangacine.fr\/","logo":{"@type":"ImageObject","inLanguage":"en-US","@id":"https:\/\/repliquemangacine.fr\/#\/schema\/logo\/image\/","url":"https:\/\/repliquemangacine.fr\/wp-content\/uploads\/2023\/10\/RMC-500250.png","contentUrl":"https:\/\/repliquemangacine.fr\/wp-content\/uploads\/2023\/10\/RMC-500250.png","width":500,"height":250,"caption":"R\u00e9plique Manga Cin\u00e9"},"image":{"@id":"https:\/\/repliquemangacine.fr\/#\/schema\/logo\/image\/"},"sameAs":["https:\/\/www.facebook.com\/RepliqueMangaCine","https:\/\/www.instagram.com\/repliquemangacine.fr\/"]}]}},"_links":{"self":[{"href":"https:\/\/repliquemangacine.fr\/en\/wp-json\/wp\/v2\/product\/26996","targetHints":{"allow":["GET"]}}],"collection":[{"href":"https:\/\/repliquemangacine.fr\/en\/wp-json\/wp\/v2\/product"}],"about":[{"href":"https:\/\/repliquemangacine.fr\/en\/wp-json\/wp\/v2\/types\/product"}],"wp:featuredmedia":[{"embeddable":true,"href":"https:\/\/repliquemangacine.fr\/en\/wp-json\/wp\/v2\/media\/26997"}],"wp:attachment":[{"href":"https:\/\/repliquemangacine.fr\/en\/wp-json\/wp\/v2\/media?parent=26996"}],"wp:term":[{"taxonomy":"product_brand","embeddable":true,"href":"https:\/\/repliquemangacine.fr\/en\/wp-json\/wp\/v2\/product_brand?post=26996"},{"taxonomy":"product_cat","embeddable":true,"href":"https:\/\/repliquemangacine.fr\/en\/wp-json\/wp\/v2\/product_cat?post=26996"},{"taxonomy":"product_tag","embeddable":true,"href":"https:\/\/repliquemangacine.fr\/en\/wp-json\/wp\/v2\/product_tag?post=26996"}],"curies":[{"name":"wp","href":"https:\/\/api.w.org\/{rel}","templated":true}]}}