





{"id":26992,"date":"2017-03-02T18:14:10","date_gmt":"2017-03-02T17:14:10","guid":{"rendered":"https:\/\/repliquemangacine.fr\/?post_type=product&#038;p=26992"},"modified":"2025-09-23T18:01:51","modified_gmt":"2025-09-23T16:01:51","slug":"keyblade-fatalis-kingdom-hearts-fatal-crest-dragon","status":"publish","type":"product","link":"https:\/\/repliquemangacine.fr\/en\/katana-et-epee-de-jeux-video-autre-jeux-video\/keyblade-fatalis-kingdom-hearts-fatal-crest-dragon\/","title":{"rendered":"Keyblade Fatal Crest Dragon - Kingdom Hearts"},"content":{"rendered":"<h2>Replica of the Keyblade Doom in Kingdom Hearts II.<\/h2>\n<p>Visit <a href=\"https:\/\/kingdomhearts.fandom.com\/fr\/wiki\/Fatalis\">Keyblade Fatalis<\/a>\u00a0 Kingdom Hearts II, obtained after completing the Cup of Destiny. The keyring of this Keyblade is the Hades Cup, and the shank and bit resemble the skeleton of a dragon. The junction between the shaft and the ring represents the domain of Hades.<\/p>\n<p>Sora is the main protagonist and playable character of most of the Kingdom Hearts series. He is a Keyblade bearer from the Isles of Destiny, where he, along with his childhood friends Riku and Kairi , dreamed of venturing to discover what lies beyond their home.<\/p>\n<p>Sora's main partners are Donald and Goofy, who set out on a journey to find King Mickey throughout the Kingdom Hearts game franchise.<\/p>\n<p>The Keyblade is a mysterious, key-like weapon that appears throughout the Kingdom Hearts series. Wielded by the series' hero Sora, the King and a few other characters, Keyblades are part of the battle between Light and Darkness.<\/p>\n<p>Shaped like keys, they operate any existing lock and are imbued with magic and other unique abilities. Keyblade holders can \"bequeath\" their powers to the next generation by meeting worthy individuals.<\/p>\n<h3>We offer a wide selection of Manga and video game replicas.<\/h3>\n<p>First and foremost,<\/p>\n<ul>\n<li>The impressive replica of the <a href=\"https:\/\/repliquemangacine.fr\/en\/other-video-games\/keyblade-tete-de-citrouille-pumpkin-head\/\">Pumpkin Head Halloween Keyblade<\/a>.<\/li>\n<li>As well as the <a href=\"https:\/\/repliquemangacine.fr\/en\/other-video-games\/coffret-porte-cles-kingdom-hearts\/\">set of 15 Kingdom Hearts key rings<\/a><\/li>\n<li>There is also La Keyblade Garde du ma\u00eetre (<a href=\"https:\/\/repliquemangacine.fr\/en\/other-video-games\/keyblade-garde-du-maitre-kingdom-hearts-cle-eraqus\/\">Master keeper<\/a>) of Master Eraqus<\/li>\n<li>And much, much more!<\/li>\n<\/ul>\n<p>That's why here are some great gift ideas for all video game fans.<\/p>\n<h3>You can use the Keyblade Fatalis Kingdom Hearts for your cosplay parades or theme parties.<\/h3>\n<p>Above all, this sword is a collector's item and a decorative piece.<br \/>\nR\u00e9plique Manga Cin\u00e9 is a French company<\/p>\n<p><strong>Please note that all our replicas are collector's items and decorations. You can use them for historical re-enactments, cosplay parades or interior decoration. Consequently, it is not possible to go into public places with these replicas.<\/strong><\/p>","protected":false},"excerpt":{"rendered":"<p>Ideal for your Cosplays, this replica of the Keyblade Doom in Kingdom Hearts II.<\/p>\n<ul>\n<li>Fatal Crest is made entirely of stainless steel.<\/li>\n<li>Foam-covered handle for a secure grip.<\/li>\n<li>Finely detailed dragon head in aged metal.<\/li>\n<li>Chainette with metal tip.<\/li>\n<li>Guard width: 27cm - Total length: 89cm - Total weight: 1350grs<\/li>\n<\/ul>","protected":false},"featured_media":26993,"template":"","meta":[],"product_brand":[896],"product_cat":[23,67],"product_tag":[],"class_list":{"0":"post-26992","1":"product","2":"type-product","3":"status-publish","4":"has-post-thumbnail","6":"product_brand-replique-manga-cine","7":"product_cat-repliques-manga-jeux-video","8":"product_cat-katana-et-epee-de-jeux-video-autre-jeux-video","10":"first","11":"instock","12":"taxable","13":"shipping-taxable","14":"purchasable","15":"product-type-simple"},"yoast_head":"<!-- This site is optimized with the Yoast SEO plugin v27.5 - https:\/\/yoast.com\/product\/yoast-seo-wordpress\/ -->\n<title>Keyblade Fatalis\u00a0Kingdom Hearts - R\u00e9plique Manga Cin\u00e9<\/title>\n<meta name=\"description\" content=\"Achetez vite cette Keyblade Fatalis\u00a0 Kingdom Hearts Fatal crest dragon tout en m\u00e9tal du jeu vid\u00e9o. Retrouvez toutes les \u00e9p\u00e9es keyblade sur notre site.\" \/>\n<meta name=\"robots\" content=\"index, follow, max-snippet:-1, max-image-preview:large, max-video-preview:-1\" \/>\n<link rel=\"canonical\" href=\"https:\/\/repliquemangacine.fr\/en\/katana-and-video-game-sword-other-video-games\/keyblade-fatalis-kingdom-hearts-fatal-crest-dragon\/\" \/>\n<meta property=\"og:locale\" content=\"en_US\" \/>\n<meta property=\"og:type\" content=\"article\" \/>\n<meta property=\"og:title\" content=\"Keyblade Fatalis\u00a0Kingdom Hearts - R\u00e9plique Manga Cin\u00e9\" \/>\n<meta property=\"og:description\" content=\"Achetez vite cette Keyblade Fatalis\u00a0 Kingdom Hearts Fatal crest dragon tout en m\u00e9tal du jeu vid\u00e9o. Retrouvez toutes les \u00e9p\u00e9es keyblade sur notre site.\" \/>\n<meta property=\"og:url\" content=\"https:\/\/repliquemangacine.fr\/en\/katana-and-video-game-sword-other-video-games\/keyblade-fatalis-kingdom-hearts-fatal-crest-dragon\/\" \/>\n<meta property=\"og:site_name\" content=\"R\u00e9plique Manga Cin\u00e9\" \/>\n<meta property=\"article:publisher\" content=\"https:\/\/www.facebook.com\/RepliqueMangaCine\" \/>\n<meta property=\"article:modified_time\" content=\"2025-09-23T16:01:51+00:00\" \/>\n<meta property=\"og:image\" content=\"https:\/\/repliquemangacine.fr\/wp-content\/uploads\/2023\/10\/1797-Keyblade-Fatal-Crest-Dragon-Kingdom-Hearts.jpg\" \/>\n\t<meta property=\"og:image:width\" content=\"600\" \/>\n\t<meta property=\"og:image:height\" content=\"600\" \/>\n\t<meta property=\"og:image:type\" content=\"image\/jpeg\" \/>\n<meta name=\"twitter:card\" content=\"summary_large_image\" \/>\n<meta name=\"twitter:label1\" content=\"Est. reading time\" \/>\n\t<meta name=\"twitter:data1\" content=\"1 minute\" \/>\n<script type=\"application\/ld+json\" class=\"yoast-schema-graph\">{\"@context\":\"https:\\\/\\\/schema.org\",\"@graph\":[{\"@type\":\"WebPage\",\"@id\":\"https:\\\/\\\/repliquemangacine.fr\\\/katana-et-epee-de-jeux-video-autre-jeux-video\\\/keyblade-fatalis-kingdom-hearts-fatal-crest-dragon\\\/\",\"url\":\"https:\\\/\\\/repliquemangacine.fr\\\/katana-et-epee-de-jeux-video-autre-jeux-video\\\/keyblade-fatalis-kingdom-hearts-fatal-crest-dragon\\\/\",\"name\":\"Keyblade Fatalis\u00a0Kingdom Hearts - R\u00e9plique Manga Cin\u00e9\",\"isPartOf\":{\"@id\":\"https:\\\/\\\/repliquemangacine.fr\\\/#website\"},\"primaryImageOfPage\":{\"@id\":\"https:\\\/\\\/repliquemangacine.fr\\\/katana-et-epee-de-jeux-video-autre-jeux-video\\\/keyblade-fatalis-kingdom-hearts-fatal-crest-dragon\\\/#primaryimage\"},\"image\":{\"@id\":\"https:\\\/\\\/repliquemangacine.fr\\\/katana-et-epee-de-jeux-video-autre-jeux-video\\\/keyblade-fatalis-kingdom-hearts-fatal-crest-dragon\\\/#primaryimage\"},\"thumbnailUrl\":\"https:\\\/\\\/repliquemangacine.fr\\\/wp-content\\\/uploads\\\/2023\\\/10\\\/1797-Keyblade-Fatal-Crest-Dragon-Kingdom-Hearts.jpg\",\"datePublished\":\"2017-03-02T17:14:10+00:00\",\"dateModified\":\"2025-09-23T16:01:51+00:00\",\"description\":\"Achetez vite cette Keyblade Fatalis\u00a0 Kingdom Hearts Fatal crest dragon tout en m\u00e9tal du jeu vid\u00e9o. Retrouvez toutes les \u00e9p\u00e9es keyblade sur notre site.\",\"breadcrumb\":{\"@id\":\"https:\\\/\\\/repliquemangacine.fr\\\/katana-et-epee-de-jeux-video-autre-jeux-video\\\/keyblade-fatalis-kingdom-hearts-fatal-crest-dragon\\\/#breadcrumb\"},\"inLanguage\":\"en-US\",\"potentialAction\":[{\"@type\":\"ReadAction\",\"target\":[\"https:\\\/\\\/repliquemangacine.fr\\\/katana-et-epee-de-jeux-video-autre-jeux-video\\\/keyblade-fatalis-kingdom-hearts-fatal-crest-dragon\\\/\"]}]},{\"@type\":\"ImageObject\",\"inLanguage\":\"en-US\",\"@id\":\"https:\\\/\\\/repliquemangacine.fr\\\/katana-et-epee-de-jeux-video-autre-jeux-video\\\/keyblade-fatalis-kingdom-hearts-fatal-crest-dragon\\\/#primaryimage\",\"url\":\"https:\\\/\\\/repliquemangacine.fr\\\/wp-content\\\/uploads\\\/2023\\\/10\\\/1797-Keyblade-Fatal-Crest-Dragon-Kingdom-Hearts.jpg\",\"contentUrl\":\"https:\\\/\\\/repliquemangacine.fr\\\/wp-content\\\/uploads\\\/2023\\\/10\\\/1797-Keyblade-Fatal-Crest-Dragon-Kingdom-Hearts.jpg\",\"width\":600,\"height\":600,\"caption\":\"Keyblade Fatal Crest Dragon - Kingdom Hearts\"},{\"@type\":\"BreadcrumbList\",\"@id\":\"https:\\\/\\\/repliquemangacine.fr\\\/katana-et-epee-de-jeux-video-autre-jeux-video\\\/keyblade-fatalis-kingdom-hearts-fatal-crest-dragon\\\/#breadcrumb\",\"itemListElement\":[{\"@type\":\"ListItem\",\"position\":1,\"name\":\"Accueil\",\"item\":\"https:\\\/\\\/repliquemangacine.fr\\\/\"},{\"@type\":\"ListItem\",\"position\":2,\"name\":\"Produits\",\"item\":\"https:\\\/\\\/repliquemangacine.fr\\\/boutique\\\/\"},{\"@type\":\"ListItem\",\"position\":3,\"name\":\"Keyblade Fatal Crest Dragon &#8211; Kingdom Hearts\"}]},{\"@type\":\"WebSite\",\"@id\":\"https:\\\/\\\/repliquemangacine.fr\\\/#website\",\"url\":\"https:\\\/\\\/repliquemangacine.fr\\\/\",\"name\":\"R\u00e9plique Manga Cin\u00e9\",\"description\":\"\",\"publisher\":{\"@id\":\"https:\\\/\\\/repliquemangacine.fr\\\/#organization\"},\"potentialAction\":[{\"@type\":\"SearchAction\",\"target\":{\"@type\":\"EntryPoint\",\"urlTemplate\":\"https:\\\/\\\/repliquemangacine.fr\\\/?s={search_term_string}\"},\"query-input\":{\"@type\":\"PropertyValueSpecification\",\"valueRequired\":true,\"valueName\":\"search_term_string\"}}],\"inLanguage\":\"en-US\"},{\"@type\":\"Organization\",\"@id\":\"https:\\\/\\\/repliquemangacine.fr\\\/#organization\",\"name\":\"R\u00e9plique Manga Cin\u00e9\",\"url\":\"https:\\\/\\\/repliquemangacine.fr\\\/\",\"logo\":{\"@type\":\"ImageObject\",\"inLanguage\":\"en-US\",\"@id\":\"https:\\\/\\\/repliquemangacine.fr\\\/#\\\/schema\\\/logo\\\/image\\\/\",\"url\":\"https:\\\/\\\/repliquemangacine.fr\\\/wp-content\\\/uploads\\\/2023\\\/10\\\/RMC-500250.png\",\"contentUrl\":\"https:\\\/\\\/repliquemangacine.fr\\\/wp-content\\\/uploads\\\/2023\\\/10\\\/RMC-500250.png\",\"width\":500,\"height\":250,\"caption\":\"R\u00e9plique Manga Cin\u00e9\"},\"image\":{\"@id\":\"https:\\\/\\\/repliquemangacine.fr\\\/#\\\/schema\\\/logo\\\/image\\\/\"},\"sameAs\":[\"https:\\\/\\\/www.facebook.com\\\/RepliqueMangaCine\",\"https:\\\/\\\/www.instagram.com\\\/repliquemangacine.fr\\\/\"]}]}<\/script>\n<!-- \/ Yoast SEO plugin. -->","yoast_head_json":{"title":"Keyblade Fatalis Kingdom Hearts - R\u00e9plique Manga Cin\u00e9","description":"Buy this all-metal Keyblade Fatalis Kingdom Hearts Fatal crest dragon from the video game. Find all Keyblade swords on our site.","robots":{"index":"index","follow":"follow","max-snippet":"max-snippet:-1","max-image-preview":"max-image-preview:large","max-video-preview":"max-video-preview:-1"},"canonical":"https:\/\/repliquemangacine.fr\/en\/katana-and-video-game-sword-other-video-games\/keyblade-fatalis-kingdom-hearts-fatal-crest-dragon\/","og_locale":"en_US","og_type":"article","og_title":"Keyblade Fatalis\u00a0Kingdom Hearts - R\u00e9plique Manga Cin\u00e9","og_description":"Achetez vite cette Keyblade Fatalis\u00a0 Kingdom Hearts Fatal crest dragon tout en m\u00e9tal du jeu vid\u00e9o. Retrouvez toutes les \u00e9p\u00e9es keyblade sur notre site.","og_url":"https:\/\/repliquemangacine.fr\/en\/katana-and-video-game-sword-other-video-games\/keyblade-fatalis-kingdom-hearts-fatal-crest-dragon\/","og_site_name":"R\u00e9plique Manga Cin\u00e9","article_publisher":"https:\/\/www.facebook.com\/RepliqueMangaCine","article_modified_time":"2025-09-23T16:01:51+00:00","og_image":[{"width":600,"height":600,"url":"https:\/\/repliquemangacine.fr\/wp-content\/uploads\/2023\/10\/1797-Keyblade-Fatal-Crest-Dragon-Kingdom-Hearts.jpg","type":"image\/jpeg"}],"twitter_card":"summary_large_image","twitter_misc":{"Est. reading time":"1 minute"},"schema":{"@context":"https:\/\/schema.org","@graph":[{"@type":"WebPage","@id":"https:\/\/repliquemangacine.fr\/katana-et-epee-de-jeux-video-autre-jeux-video\/keyblade-fatalis-kingdom-hearts-fatal-crest-dragon\/","url":"https:\/\/repliquemangacine.fr\/katana-et-epee-de-jeux-video-autre-jeux-video\/keyblade-fatalis-kingdom-hearts-fatal-crest-dragon\/","name":"Keyblade Fatalis Kingdom Hearts - R\u00e9plique Manga Cin\u00e9","isPartOf":{"@id":"https:\/\/repliquemangacine.fr\/#website"},"primaryImageOfPage":{"@id":"https:\/\/repliquemangacine.fr\/katana-et-epee-de-jeux-video-autre-jeux-video\/keyblade-fatalis-kingdom-hearts-fatal-crest-dragon\/#primaryimage"},"image":{"@id":"https:\/\/repliquemangacine.fr\/katana-et-epee-de-jeux-video-autre-jeux-video\/keyblade-fatalis-kingdom-hearts-fatal-crest-dragon\/#primaryimage"},"thumbnailUrl":"https:\/\/repliquemangacine.fr\/wp-content\/uploads\/2023\/10\/1797-Keyblade-Fatal-Crest-Dragon-Kingdom-Hearts.jpg","datePublished":"2017-03-02T17:14:10+00:00","dateModified":"2025-09-23T16:01:51+00:00","description":"Buy this all-metal Keyblade Fatalis Kingdom Hearts Fatal crest dragon from the video game. Find all Keyblade swords on our site.","breadcrumb":{"@id":"https:\/\/repliquemangacine.fr\/katana-et-epee-de-jeux-video-autre-jeux-video\/keyblade-fatalis-kingdom-hearts-fatal-crest-dragon\/#breadcrumb"},"inLanguage":"en-US","potentialAction":[{"@type":"ReadAction","target":["https:\/\/repliquemangacine.fr\/katana-et-epee-de-jeux-video-autre-jeux-video\/keyblade-fatalis-kingdom-hearts-fatal-crest-dragon\/"]}]},{"@type":"ImageObject","inLanguage":"en-US","@id":"https:\/\/repliquemangacine.fr\/katana-et-epee-de-jeux-video-autre-jeux-video\/keyblade-fatalis-kingdom-hearts-fatal-crest-dragon\/#primaryimage","url":"https:\/\/repliquemangacine.fr\/wp-content\/uploads\/2023\/10\/1797-Keyblade-Fatal-Crest-Dragon-Kingdom-Hearts.jpg","contentUrl":"https:\/\/repliquemangacine.fr\/wp-content\/uploads\/2023\/10\/1797-Keyblade-Fatal-Crest-Dragon-Kingdom-Hearts.jpg","width":600,"height":600,"caption":"Keyblade Fatal Crest Dragon - Kingdom Hearts"},{"@type":"BreadcrumbList","@id":"https:\/\/repliquemangacine.fr\/katana-et-epee-de-jeux-video-autre-jeux-video\/keyblade-fatalis-kingdom-hearts-fatal-crest-dragon\/#breadcrumb","itemListElement":[{"@type":"ListItem","position":1,"name":"Accueil","item":"https:\/\/repliquemangacine.fr\/"},{"@type":"ListItem","position":2,"name":"Produits","item":"https:\/\/repliquemangacine.fr\/boutique\/"},{"@type":"ListItem","position":3,"name":"Keyblade Fatal Crest Dragon &#8211; Kingdom Hearts"}]},{"@type":"WebSite","@id":"https:\/\/repliquemangacine.fr\/#website","url":"https:\/\/repliquemangacine.fr\/","name":"R\u00e9plique Manga Cin\u00e9","description":"","publisher":{"@id":"https:\/\/repliquemangacine.fr\/#organization"},"potentialAction":[{"@type":"SearchAction","target":{"@type":"EntryPoint","urlTemplate":"https:\/\/repliquemangacine.fr\/?s={search_term_string}"},"query-input":{"@type":"PropertyValueSpecification","valueRequired":true,"valueName":"search_term_string"}}],"inLanguage":"en-US"},{"@type":"Organization","@id":"https:\/\/repliquemangacine.fr\/#organization","name":"R\u00e9plique Manga Cin\u00e9","url":"https:\/\/repliquemangacine.fr\/","logo":{"@type":"ImageObject","inLanguage":"en-US","@id":"https:\/\/repliquemangacine.fr\/#\/schema\/logo\/image\/","url":"https:\/\/repliquemangacine.fr\/wp-content\/uploads\/2023\/10\/RMC-500250.png","contentUrl":"https:\/\/repliquemangacine.fr\/wp-content\/uploads\/2023\/10\/RMC-500250.png","width":500,"height":250,"caption":"R\u00e9plique Manga Cin\u00e9"},"image":{"@id":"https:\/\/repliquemangacine.fr\/#\/schema\/logo\/image\/"},"sameAs":["https:\/\/www.facebook.com\/RepliqueMangaCine","https:\/\/www.instagram.com\/repliquemangacine.fr\/"]}]}},"_links":{"self":[{"href":"https:\/\/repliquemangacine.fr\/en\/wp-json\/wp\/v2\/product\/26992","targetHints":{"allow":["GET"]}}],"collection":[{"href":"https:\/\/repliquemangacine.fr\/en\/wp-json\/wp\/v2\/product"}],"about":[{"href":"https:\/\/repliquemangacine.fr\/en\/wp-json\/wp\/v2\/types\/product"}],"wp:featuredmedia":[{"embeddable":true,"href":"https:\/\/repliquemangacine.fr\/en\/wp-json\/wp\/v2\/media\/26993"}],"wp:attachment":[{"href":"https:\/\/repliquemangacine.fr\/en\/wp-json\/wp\/v2\/media?parent=26992"}],"wp:term":[{"taxonomy":"product_brand","embeddable":true,"href":"https:\/\/repliquemangacine.fr\/en\/wp-json\/wp\/v2\/product_brand?post=26992"},{"taxonomy":"product_cat","embeddable":true,"href":"https:\/\/repliquemangacine.fr\/en\/wp-json\/wp\/v2\/product_cat?post=26992"},{"taxonomy":"product_tag","embeddable":true,"href":"https:\/\/repliquemangacine.fr\/en\/wp-json\/wp\/v2\/product_tag?post=26992"}],"curies":[{"name":"wp","href":"https:\/\/api.w.org\/{rel}","templated":true}]}}