





{"id":26978,"date":"2017-02-11T16:27:21","date_gmt":"2017-02-11T15:27:21","guid":{"rendered":"https:\/\/repliquemangacine.fr\/?post_type=product&#038;p=26978"},"modified":"2026-03-31T10:04:55","modified_gmt":"2026-03-31T08:04:55","slug":"corinthian-helmet-with-crete","status":"publish","type":"product","link":"https:\/\/repliquemangacine.fr\/en\/casques-romains-et-grecs\/casque-corinthien-avec-crete\/","title":{"rendered":"Greek Corinthian helmet with crest"},"content":{"rendered":"<h2>Replica of the Corinthian helmet<\/h2>\n<p>To begin with, the <strong>Corinthian helmet<\/strong> is a type of Greek bronze helmet, traditionally thought to have originated in the Greek city of Corinth. Born in the 7\u1d49 century BC, it is the typical image of the Greek helmet to this day. Its origins lie in the city of Corinth. It quickly became a fixed part of Greek Hoplite armor.<\/p>\n<p>The first typology of <a href=\"https:\/\/musee-archeologienationale.fr\/le-casque-apulo-corinthien-0\" target=\"_blank\" rel=\"noopener noreferrer\">helmets<\/a> Corinthians was established in 1936 by Erich Kukahn. It was then taken up again and improved by H. Pflug in the Antike Helme catalog published in 1988. This typology establishes the existence of three main forms.<\/p>\n<p>The most archaeologically documented Greek helmet in the entire Greek world. The most widely distributed, as well as the most famous. Its typology is well known, thanks in particular to the 250 examples found at Olympia.<\/p>\n<h2>Your Corinthian helmet at the best price.<\/h2>\n<p>We offer a wide selection of swords and helmets from the ancient period.<\/p>\n<p>First and foremost,<\/p>\n<ul>\n<li>L'<a href=\"https:\/\/repliquemangacine.fr\/en\/antique-sword-swords\/feltwell-sword\/\">Fetwell sword<\/a> this reproduction is a replica of the original found in a Roman villa.<\/li>\n<li>As well as the <a href=\"https:\/\/repliquemangacine.fr\/en\/antique-weapons\/roman-sword-jules-cesar-sword-red\/\">Julius Caesar's sword<\/a> in two colors signed denix.<\/li>\n<li>There's also the Roman cavalry sword known as Spatha.<\/li>\n<li>And many more to discover in our online store.<\/li>\n<\/ul>\n<p>That's why we've come up with some superb gift ideas for all those who love antiquity.<\/p>\n<p>In conclusion, you can use this <strong>Corinthian helmet<\/strong> for your historical re-enactments or themed evenings.<\/p>\n<h2>How are your collectors' items made?<\/h2>\n<p>To begin with, all our derived products are of the highest quality, manufactured with meticulous attention to detail. In fact, some of the manufacturing is done by hand, to reproduce even the smallest detail. More important parts are machined by precise machines. Engravings are generally made with a diamond tip or laser.<\/p>\n<p>Your <strong>Corinthian helmet,<\/strong> manufactured to reproduce every detail exactly. To match the heritage of the original masterpieces. The emphasis is on creating high-quality replicas that are as historically accurate as possible.<\/p>\n<p>In conclusion, imported from China, Spain or India, our replicas will amaze you!<\/p>\n<p>R\u00e9plique Manga Cin\u00e9 is a French family business.<\/p>","protected":false},"excerpt":{"rendered":"<p>Black painted Royal Guard Corinthian helmet by Deepeeka.<\/p>\n<ul>\n<li>Brass decoration.<\/li>\n<li>18-gauge steel<\/li>\n<li>Detachable crest in natural beige horsehair.<\/li>\n<li>Height: 52 cm - Weight: 2300 grams<\/li>\n<\/ul>","protected":false},"featured_media":26979,"template":"","meta":[],"product_brand":[896],"product_cat":[31,82],"product_tag":[],"class_list":{"0":"post-26978","1":"product","2":"type-product","3":"status-publish","4":"has-post-thumbnail","6":"product_brand-replique-manga-cine","7":"product_cat-armes-antiques","8":"product_cat-casques-romains-et-grecs","10":"first","11":"outofstock","12":"taxable","13":"shipping-taxable","14":"purchasable","15":"product-type-simple"},"yoast_head":"<!-- This site is optimized with the Yoast SEO plugin v27.4 - https:\/\/yoast.com\/product\/yoast-seo-wordpress\/ -->\n<title>Casque Corinthien \u00e0 cr\u00eate - Casque Grecs - R\u00e9plique Manga Cin\u00e9<\/title>\n<meta name=\"description\" content=\"D\u00e9couvrez ce Casque Corinthien de la Garde royale au meilleur prix - En acier 18 gauges - D\u00e9coration en laiton - Cr\u00eate en crin de cheval - Int\u00e9rieur cuir.\" \/>\n<meta name=\"robots\" content=\"index, follow, max-snippet:-1, max-image-preview:large, max-video-preview:-1\" \/>\n<link rel=\"canonical\" href=\"https:\/\/repliquemangacine.fr\/en\/roman-and-greek-helmets\/corinthian-helmet-with-crete\/\" \/>\n<meta property=\"og:locale\" content=\"en_US\" \/>\n<meta property=\"og:type\" content=\"article\" \/>\n<meta property=\"og:title\" content=\"Casque Corinthien \u00e0 cr\u00eate - Casque Grecs - R\u00e9plique Manga Cin\u00e9\" \/>\n<meta property=\"og:description\" content=\"D\u00e9couvrez ce Casque Corinthien de la Garde royale au meilleur prix - En acier 18 gauges - D\u00e9coration en laiton - Cr\u00eate en crin de cheval - Int\u00e9rieur cuir.\" \/>\n<meta property=\"og:url\" content=\"https:\/\/repliquemangacine.fr\/en\/roman-and-greek-helmets\/corinthian-helmet-with-crete\/\" \/>\n<meta property=\"og:site_name\" content=\"R\u00e9plique Manga Cin\u00e9\" \/>\n<meta property=\"article:publisher\" content=\"https:\/\/www.facebook.com\/RepliqueMangaCine\" \/>\n<meta property=\"article:modified_time\" content=\"2026-03-31T08:04:55+00:00\" \/>\n<meta property=\"og:image\" content=\"https:\/\/repliquemangacine.fr\/wp-content\/uploads\/2023\/10\/1781-Casque-Corinthien-avec-crete.jpg\" \/>\n\t<meta property=\"og:image:width\" content=\"600\" \/>\n\t<meta property=\"og:image:height\" content=\"600\" \/>\n\t<meta property=\"og:image:type\" content=\"image\/jpeg\" \/>\n<meta name=\"twitter:card\" content=\"summary_large_image\" \/>\n<meta name=\"twitter:label1\" content=\"Est. reading time\" \/>\n\t<meta name=\"twitter:data1\" content=\"2 minutes\" \/>\n<script type=\"application\/ld+json\" class=\"yoast-schema-graph\">{\"@context\":\"https:\\\/\\\/schema.org\",\"@graph\":[{\"@type\":\"WebPage\",\"@id\":\"https:\\\/\\\/repliquemangacine.fr\\\/casques-romains-et-grecs\\\/casque-corinthien-avec-crete\\\/\",\"url\":\"https:\\\/\\\/repliquemangacine.fr\\\/casques-romains-et-grecs\\\/casque-corinthien-avec-crete\\\/\",\"name\":\"Casque Corinthien \u00e0 cr\u00eate - Casque Grecs - R\u00e9plique Manga Cin\u00e9\",\"isPartOf\":{\"@id\":\"https:\\\/\\\/repliquemangacine.fr\\\/#website\"},\"primaryImageOfPage\":{\"@id\":\"https:\\\/\\\/repliquemangacine.fr\\\/casques-romains-et-grecs\\\/casque-corinthien-avec-crete\\\/#primaryimage\"},\"image\":{\"@id\":\"https:\\\/\\\/repliquemangacine.fr\\\/casques-romains-et-grecs\\\/casque-corinthien-avec-crete\\\/#primaryimage\"},\"thumbnailUrl\":\"https:\\\/\\\/repliquemangacine.fr\\\/wp-content\\\/uploads\\\/2023\\\/10\\\/1781-Casque-Corinthien-avec-crete.jpg\",\"datePublished\":\"2017-02-11T15:27:21+00:00\",\"dateModified\":\"2026-03-31T08:04:55+00:00\",\"description\":\"D\u00e9couvrez ce Casque Corinthien de la Garde royale au meilleur prix - En acier 18 gauges - D\u00e9coration en laiton - Cr\u00eate en crin de cheval - Int\u00e9rieur cuir.\",\"breadcrumb\":{\"@id\":\"https:\\\/\\\/repliquemangacine.fr\\\/casques-romains-et-grecs\\\/casque-corinthien-avec-crete\\\/#breadcrumb\"},\"inLanguage\":\"en-US\",\"potentialAction\":[{\"@type\":\"ReadAction\",\"target\":[\"https:\\\/\\\/repliquemangacine.fr\\\/casques-romains-et-grecs\\\/casque-corinthien-avec-crete\\\/\"]}]},{\"@type\":\"ImageObject\",\"inLanguage\":\"en-US\",\"@id\":\"https:\\\/\\\/repliquemangacine.fr\\\/casques-romains-et-grecs\\\/casque-corinthien-avec-crete\\\/#primaryimage\",\"url\":\"https:\\\/\\\/repliquemangacine.fr\\\/wp-content\\\/uploads\\\/2023\\\/10\\\/1781-Casque-Corinthien-avec-crete.jpg\",\"contentUrl\":\"https:\\\/\\\/repliquemangacine.fr\\\/wp-content\\\/uploads\\\/2023\\\/10\\\/1781-Casque-Corinthien-avec-crete.jpg\",\"width\":600,\"height\":600,\"caption\":\"Casque Corinthien avec cr\u00eate\"},{\"@type\":\"BreadcrumbList\",\"@id\":\"https:\\\/\\\/repliquemangacine.fr\\\/casques-romains-et-grecs\\\/casque-corinthien-avec-crete\\\/#breadcrumb\",\"itemListElement\":[{\"@type\":\"ListItem\",\"position\":1,\"name\":\"Accueil\",\"item\":\"https:\\\/\\\/repliquemangacine.fr\\\/\"},{\"@type\":\"ListItem\",\"position\":2,\"name\":\"Produits\",\"item\":\"https:\\\/\\\/repliquemangacine.fr\\\/boutique\\\/\"},{\"@type\":\"ListItem\",\"position\":3,\"name\":\"Casque Corinthien Grec avec cr\u00eate\"}]},{\"@type\":\"WebSite\",\"@id\":\"https:\\\/\\\/repliquemangacine.fr\\\/#website\",\"url\":\"https:\\\/\\\/repliquemangacine.fr\\\/\",\"name\":\"R\u00e9plique Manga Cin\u00e9\",\"description\":\"\",\"publisher\":{\"@id\":\"https:\\\/\\\/repliquemangacine.fr\\\/#organization\"},\"potentialAction\":[{\"@type\":\"SearchAction\",\"target\":{\"@type\":\"EntryPoint\",\"urlTemplate\":\"https:\\\/\\\/repliquemangacine.fr\\\/?s={search_term_string}\"},\"query-input\":{\"@type\":\"PropertyValueSpecification\",\"valueRequired\":true,\"valueName\":\"search_term_string\"}}],\"inLanguage\":\"en-US\"},{\"@type\":\"Organization\",\"@id\":\"https:\\\/\\\/repliquemangacine.fr\\\/#organization\",\"name\":\"R\u00e9plique Manga Cin\u00e9\",\"url\":\"https:\\\/\\\/repliquemangacine.fr\\\/\",\"logo\":{\"@type\":\"ImageObject\",\"inLanguage\":\"en-US\",\"@id\":\"https:\\\/\\\/repliquemangacine.fr\\\/#\\\/schema\\\/logo\\\/image\\\/\",\"url\":\"https:\\\/\\\/repliquemangacine.fr\\\/wp-content\\\/uploads\\\/2023\\\/10\\\/RMC-500250.png\",\"contentUrl\":\"https:\\\/\\\/repliquemangacine.fr\\\/wp-content\\\/uploads\\\/2023\\\/10\\\/RMC-500250.png\",\"width\":500,\"height\":250,\"caption\":\"R\u00e9plique Manga Cin\u00e9\"},\"image\":{\"@id\":\"https:\\\/\\\/repliquemangacine.fr\\\/#\\\/schema\\\/logo\\\/image\\\/\"},\"sameAs\":[\"https:\\\/\\\/www.facebook.com\\\/RepliqueMangaCine\",\"https:\\\/\\\/www.instagram.com\\\/repliquemangacine.fr\\\/\"]}]}<\/script>\n<!-- \/ Yoast SEO plugin. -->","yoast_head_json":{"title":"Corinthian crested helmet - Greek helmets - R\u00e9plique Manga Cin\u00e9","description":"Discover this Royal Guard Corinthian helmet at the best price - 18 gauge steel - Brass decoration - Horsehair crest - Leather interior.","robots":{"index":"index","follow":"follow","max-snippet":"max-snippet:-1","max-image-preview":"max-image-preview:large","max-video-preview":"max-video-preview:-1"},"canonical":"https:\/\/repliquemangacine.fr\/en\/roman-and-greek-helmets\/corinthian-helmet-with-crete\/","og_locale":"en_US","og_type":"article","og_title":"Casque Corinthien \u00e0 cr\u00eate - Casque Grecs - R\u00e9plique Manga Cin\u00e9","og_description":"D\u00e9couvrez ce Casque Corinthien de la Garde royale au meilleur prix - En acier 18 gauges - D\u00e9coration en laiton - Cr\u00eate en crin de cheval - Int\u00e9rieur cuir.","og_url":"https:\/\/repliquemangacine.fr\/en\/roman-and-greek-helmets\/corinthian-helmet-with-crete\/","og_site_name":"R\u00e9plique Manga Cin\u00e9","article_publisher":"https:\/\/www.facebook.com\/RepliqueMangaCine","article_modified_time":"2026-03-31T08:04:55+00:00","og_image":[{"width":600,"height":600,"url":"https:\/\/repliquemangacine.fr\/wp-content\/uploads\/2023\/10\/1781-Casque-Corinthien-avec-crete.jpg","type":"image\/jpeg"}],"twitter_card":"summary_large_image","twitter_misc":{"Est. reading time":"2 minutes"},"schema":{"@context":"https:\/\/schema.org","@graph":[{"@type":"WebPage","@id":"https:\/\/repliquemangacine.fr\/casques-romains-et-grecs\/casque-corinthien-avec-crete\/","url":"https:\/\/repliquemangacine.fr\/casques-romains-et-grecs\/casque-corinthien-avec-crete\/","name":"Corinthian crested helmet - Greek helmets - R\u00e9plique Manga Cin\u00e9","isPartOf":{"@id":"https:\/\/repliquemangacine.fr\/#website"},"primaryImageOfPage":{"@id":"https:\/\/repliquemangacine.fr\/casques-romains-et-grecs\/casque-corinthien-avec-crete\/#primaryimage"},"image":{"@id":"https:\/\/repliquemangacine.fr\/casques-romains-et-grecs\/casque-corinthien-avec-crete\/#primaryimage"},"thumbnailUrl":"https:\/\/repliquemangacine.fr\/wp-content\/uploads\/2023\/10\/1781-Casque-Corinthien-avec-crete.jpg","datePublished":"2017-02-11T15:27:21+00:00","dateModified":"2026-03-31T08:04:55+00:00","description":"Discover this Royal Guard Corinthian helmet at the best price - 18 gauge steel - Brass decoration - Horsehair crest - Leather interior.","breadcrumb":{"@id":"https:\/\/repliquemangacine.fr\/casques-romains-et-grecs\/casque-corinthien-avec-crete\/#breadcrumb"},"inLanguage":"en-US","potentialAction":[{"@type":"ReadAction","target":["https:\/\/repliquemangacine.fr\/casques-romains-et-grecs\/casque-corinthien-avec-crete\/"]}]},{"@type":"ImageObject","inLanguage":"en-US","@id":"https:\/\/repliquemangacine.fr\/casques-romains-et-grecs\/casque-corinthien-avec-crete\/#primaryimage","url":"https:\/\/repliquemangacine.fr\/wp-content\/uploads\/2023\/10\/1781-Casque-Corinthien-avec-crete.jpg","contentUrl":"https:\/\/repliquemangacine.fr\/wp-content\/uploads\/2023\/10\/1781-Casque-Corinthien-avec-crete.jpg","width":600,"height":600,"caption":"Casque Corinthien avec cr\u00eate"},{"@type":"BreadcrumbList","@id":"https:\/\/repliquemangacine.fr\/casques-romains-et-grecs\/casque-corinthien-avec-crete\/#breadcrumb","itemListElement":[{"@type":"ListItem","position":1,"name":"Accueil","item":"https:\/\/repliquemangacine.fr\/"},{"@type":"ListItem","position":2,"name":"Produits","item":"https:\/\/repliquemangacine.fr\/boutique\/"},{"@type":"ListItem","position":3,"name":"Casque Corinthien Grec avec cr\u00eate"}]},{"@type":"WebSite","@id":"https:\/\/repliquemangacine.fr\/#website","url":"https:\/\/repliquemangacine.fr\/","name":"R\u00e9plique Manga Cin\u00e9","description":"","publisher":{"@id":"https:\/\/repliquemangacine.fr\/#organization"},"potentialAction":[{"@type":"SearchAction","target":{"@type":"EntryPoint","urlTemplate":"https:\/\/repliquemangacine.fr\/?s={search_term_string}"},"query-input":{"@type":"PropertyValueSpecification","valueRequired":true,"valueName":"search_term_string"}}],"inLanguage":"en-US"},{"@type":"Organization","@id":"https:\/\/repliquemangacine.fr\/#organization","name":"R\u00e9plique Manga Cin\u00e9","url":"https:\/\/repliquemangacine.fr\/","logo":{"@type":"ImageObject","inLanguage":"en-US","@id":"https:\/\/repliquemangacine.fr\/#\/schema\/logo\/image\/","url":"https:\/\/repliquemangacine.fr\/wp-content\/uploads\/2023\/10\/RMC-500250.png","contentUrl":"https:\/\/repliquemangacine.fr\/wp-content\/uploads\/2023\/10\/RMC-500250.png","width":500,"height":250,"caption":"R\u00e9plique Manga Cin\u00e9"},"image":{"@id":"https:\/\/repliquemangacine.fr\/#\/schema\/logo\/image\/"},"sameAs":["https:\/\/www.facebook.com\/RepliqueMangaCine","https:\/\/www.instagram.com\/repliquemangacine.fr\/"]}]}},"_links":{"self":[{"href":"https:\/\/repliquemangacine.fr\/en\/wp-json\/wp\/v2\/product\/26978","targetHints":{"allow":["GET"]}}],"collection":[{"href":"https:\/\/repliquemangacine.fr\/en\/wp-json\/wp\/v2\/product"}],"about":[{"href":"https:\/\/repliquemangacine.fr\/en\/wp-json\/wp\/v2\/types\/product"}],"wp:featuredmedia":[{"embeddable":true,"href":"https:\/\/repliquemangacine.fr\/en\/wp-json\/wp\/v2\/media\/26979"}],"wp:attachment":[{"href":"https:\/\/repliquemangacine.fr\/en\/wp-json\/wp\/v2\/media?parent=26978"}],"wp:term":[{"taxonomy":"product_brand","embeddable":true,"href":"https:\/\/repliquemangacine.fr\/en\/wp-json\/wp\/v2\/product_brand?post=26978"},{"taxonomy":"product_cat","embeddable":true,"href":"https:\/\/repliquemangacine.fr\/en\/wp-json\/wp\/v2\/product_cat?post=26978"},{"taxonomy":"product_tag","embeddable":true,"href":"https:\/\/repliquemangacine.fr\/en\/wp-json\/wp\/v2\/product_tag?post=26978"}],"curies":[{"name":"wp","href":"https:\/\/api.w.org\/{rel}","templated":true}]}}