





{"id":26910,"date":"2017-02-07T20:10:25","date_gmt":"2017-02-07T19:10:25","guid":{"rendered":"https:\/\/repliquemangacine.fr\/?post_type=product&#038;p=26910"},"modified":"2025-09-23T18:01:51","modified_gmt":"2025-09-23T16:01:51","slug":"katana-kenshin-reverse-blade-sakabato","status":"publish","type":"product","link":"https:\/\/repliquemangacine.fr\/en\/katana-et-epee-de-manga-anime-autre-manga\/katana-kenshin-lame-inversee-sakabato\/","title":{"rendered":"Kenshin katana reverse blade"},"content":{"rendered":"<h2>Katana Kenshin reverse blade Sakabato.<\/h2>\n<p>To begin with, the <strong>Kenshin katana reverse blade<\/strong> is called Sakabato. This means he can't kill anyone in combat. Nothing would stop him from turning the blade over to use his sword, but he forbids it.<\/p>\n<p>Kenshin Himura main character of the manga Kenshin the Wanderer. He is the famous Batt\u014dsai the assassin.<\/p>\n<p>The Batt\u014dsai technique comes not from the Kamiya school but from the Hiten Mitsurugi school, which originated in the Sengoku era. Its teachings make it possible to face several enemies on one's own, thanks to an ancient, ultra-fast technique that makes it possible to hit the target even with an inverted-blade sword.<\/p>\n<p><a href=\"https:\/\/manga-encyclopedie.fandom.com\/fr\/wiki\/Kenshin_le_vagabond\" target=\"_blank\" rel=\"noopener noreferrer\">Kenshin<\/a> is one of those lost warriors. A grandmaster of the sword, he has become a wanderer on the roads of Japan.<\/p>\n<h2>Your Katana Kenshin reversed blade at the best price.<\/h2>\n<p>We offer a wide selection of manga and video game replicas.<\/p>\n<p>First and foremost,<\/p>\n<ul>\n<li>The reproduction of <a href=\"https:\/\/repliquemangacine.fr\/en\/other-manga\/meliodas-sword-sacred-treasure-lostvayne\/\">Lostvayne Demon Slicer<\/a> in the manga and anime Seven Deadly Sins .<\/li>\n<li>But also, the replica of the<a href=\"https:\/\/repliquemangacine.fr\/en\/other-manga\/epee-ruler-fate-apocrypha-epee-de-jeanne-la-pucelle\/\">Joan of Arc sword<\/a> known as \"la Pucelle\" in Fate Apocrypha.<\/li>\n<li>There is also L'<a href=\"https:\/\/repliquemangacine.fr\/en\/other-manga\/xeno-trunks-dbz-dragon-ball-z-sword\/\">Trunks' Xeno sword<\/a> in Dragon Ball Z<\/li>\n<li>And many more to discover in our online store!<\/li>\n<\/ul>\n<p>So here's a great gift idea for all manga fans.<\/p>\n<p>In conclusion, you can also use this <strong>Katana Kenshin reversed blade<\/strong> for your cosplay parades or theme parties. But above all, it's a decorative collector's item.<\/p>\n<p>R\u00e9plique Manga Cin\u00e9 is a French family business.<\/p>\n<h2>How to maintain the blade of your Manga katana?<\/h2>\n<p>Collector's and decorative katanas are made and assembled in a simplified way. As their use is decorative, they lack the safety features required of a Japanese saber intended for training.<\/p>\n<p>However, your K<strong>atana Kenshin reversed blade<\/strong> to a steel blade that needs to be cared for to avoid damage over time. In fact, when you display your katana, your friends will be curious to see and touch the blade. This is where you need to be careful, as the acidity of your fingers is very harmful to steel, whatever its quality.<\/p>\n<p>However, if this does happen, don't panic - all you need is a cloth dampened with a little oil and a wipe of fingerprints. By doing so, you'll keep your sword looking its best for a very long time.<\/p>","protected":false},"excerpt":{"rendered":"<p>Katana from kenshin the wanderer and his famous inverted blade.<\/p>\n<ul>\n<li>Inverted blade in 440 stainless steel.<\/li>\n<li>Specific round steel guard.<\/li>\n<li>Imitation ray skin handle surrounded by cotton braid.<\/li>\n<li>Black lacquered wooden scabbard.<\/li>\n<li>Total length: 105cm<\/li>\n<\/ul>\n<p><strong>\u00a0<\/strong><\/p>","protected":false},"featured_media":26911,"template":"","meta":[],"product_brand":[896],"product_cat":[65,23],"product_tag":[],"class_list":{"0":"post-26910","1":"product","2":"type-product","3":"status-publish","4":"has-post-thumbnail","6":"product_brand-replique-manga-cine","7":"product_cat-katana-et-epee-de-manga-anime-autre-manga","8":"product_cat-repliques-manga-jeux-video","10":"first","11":"instock","12":"taxable","13":"shipping-taxable","14":"purchasable","15":"product-type-simple"},"yoast_head":"<!-- This site is optimized with the Yoast SEO plugin v27.5 - https:\/\/yoast.com\/product\/yoast-seo-wordpress\/ -->\n<title>Katana Kenshin lame invers\u00e9e - Boutique en ligne | RMC<\/title>\n<meta name=\"description\" content=\"Achetez vite ! Votre Katana Kenshin lame invers\u00e9e au meilleur prix. Lame invers\u00e9e en acier 440 - Echelle 1\/1 - Longueur totale : 105 cm - Envoi 24\/48h\" \/>\n<meta name=\"robots\" content=\"index, follow, max-snippet:-1, max-image-preview:large, max-video-preview:-1\" \/>\n<link rel=\"canonical\" href=\"https:\/\/repliquemangacine.fr\/en\/katana-and-sword-from-anime-other-manga\/katana-kenshin-reverse-blade-sakabato\/\" \/>\n<meta property=\"og:locale\" content=\"en_US\" \/>\n<meta property=\"og:type\" content=\"article\" \/>\n<meta property=\"og:title\" content=\"Katana Kenshin lame invers\u00e9e - Boutique en ligne | RMC\" \/>\n<meta property=\"og:description\" content=\"Achetez vite ! Votre Katana Kenshin lame invers\u00e9e au meilleur prix. Lame invers\u00e9e en acier 440 - Echelle 1\/1 - Longueur totale : 105 cm - Envoi 24\/48h\" \/>\n<meta property=\"og:url\" content=\"https:\/\/repliquemangacine.fr\/en\/katana-and-sword-from-anime-other-manga\/katana-kenshin-reverse-blade-sakabato\/\" \/>\n<meta property=\"og:site_name\" content=\"R\u00e9plique Manga Cin\u00e9\" \/>\n<meta property=\"article:publisher\" content=\"https:\/\/www.facebook.com\/RepliqueMangaCine\" \/>\n<meta property=\"article:modified_time\" content=\"2025-09-23T16:01:51+00:00\" \/>\n<meta property=\"og:image\" content=\"https:\/\/repliquemangacine.fr\/wp-content\/uploads\/2023\/10\/1724-Kenshin-le-vagabond-Sabre-Lame-inversee-sakabato.jpg\" \/>\n\t<meta property=\"og:image:width\" content=\"600\" \/>\n\t<meta property=\"og:image:height\" content=\"600\" \/>\n\t<meta property=\"og:image:type\" content=\"image\/jpeg\" \/>\n<meta name=\"twitter:card\" content=\"summary_large_image\" \/>\n<meta name=\"twitter:label1\" content=\"Est. reading time\" \/>\n\t<meta name=\"twitter:data1\" content=\"3 minutes\" \/>\n<script type=\"application\/ld+json\" class=\"yoast-schema-graph\">{\"@context\":\"https:\\\/\\\/schema.org\",\"@graph\":[{\"@type\":\"WebPage\",\"@id\":\"https:\\\/\\\/repliquemangacine.fr\\\/katana-et-epee-de-manga-anime-autre-manga\\\/katana-kenshin-lame-inversee-sakabato\\\/\",\"url\":\"https:\\\/\\\/repliquemangacine.fr\\\/katana-et-epee-de-manga-anime-autre-manga\\\/katana-kenshin-lame-inversee-sakabato\\\/\",\"name\":\"Katana Kenshin lame invers\u00e9e - Boutique en ligne | RMC\",\"isPartOf\":{\"@id\":\"https:\\\/\\\/repliquemangacine.fr\\\/#website\"},\"primaryImageOfPage\":{\"@id\":\"https:\\\/\\\/repliquemangacine.fr\\\/katana-et-epee-de-manga-anime-autre-manga\\\/katana-kenshin-lame-inversee-sakabato\\\/#primaryimage\"},\"image\":{\"@id\":\"https:\\\/\\\/repliquemangacine.fr\\\/katana-et-epee-de-manga-anime-autre-manga\\\/katana-kenshin-lame-inversee-sakabato\\\/#primaryimage\"},\"thumbnailUrl\":\"https:\\\/\\\/repliquemangacine.fr\\\/wp-content\\\/uploads\\\/2023\\\/10\\\/1724-Kenshin-le-vagabond-Sabre-Lame-inversee-sakabato.jpg\",\"datePublished\":\"2017-02-07T19:10:25+00:00\",\"dateModified\":\"2025-09-23T16:01:51+00:00\",\"description\":\"Achetez vite ! Votre Katana Kenshin lame invers\u00e9e au meilleur prix. Lame invers\u00e9e en acier 440 - Echelle 1\\\/1 - Longueur totale : 105 cm - Envoi 24\\\/48h\",\"breadcrumb\":{\"@id\":\"https:\\\/\\\/repliquemangacine.fr\\\/katana-et-epee-de-manga-anime-autre-manga\\\/katana-kenshin-lame-inversee-sakabato\\\/#breadcrumb\"},\"inLanguage\":\"en-US\",\"potentialAction\":[{\"@type\":\"ReadAction\",\"target\":[\"https:\\\/\\\/repliquemangacine.fr\\\/katana-et-epee-de-manga-anime-autre-manga\\\/katana-kenshin-lame-inversee-sakabato\\\/\"]}]},{\"@type\":\"ImageObject\",\"inLanguage\":\"en-US\",\"@id\":\"https:\\\/\\\/repliquemangacine.fr\\\/katana-et-epee-de-manga-anime-autre-manga\\\/katana-kenshin-lame-inversee-sakabato\\\/#primaryimage\",\"url\":\"https:\\\/\\\/repliquemangacine.fr\\\/wp-content\\\/uploads\\\/2023\\\/10\\\/1724-Kenshin-le-vagabond-Sabre-Lame-inversee-sakabato.jpg\",\"contentUrl\":\"https:\\\/\\\/repliquemangacine.fr\\\/wp-content\\\/uploads\\\/2023\\\/10\\\/1724-Kenshin-le-vagabond-Sabre-Lame-inversee-sakabato.jpg\",\"width\":600,\"height\":600,\"caption\":\"Kenshin le vagabond - Sabre Lame invers\u00e9e - sakabato\"},{\"@type\":\"BreadcrumbList\",\"@id\":\"https:\\\/\\\/repliquemangacine.fr\\\/katana-et-epee-de-manga-anime-autre-manga\\\/katana-kenshin-lame-inversee-sakabato\\\/#breadcrumb\",\"itemListElement\":[{\"@type\":\"ListItem\",\"position\":1,\"name\":\"Accueil\",\"item\":\"https:\\\/\\\/repliquemangacine.fr\\\/\"},{\"@type\":\"ListItem\",\"position\":2,\"name\":\"Produits\",\"item\":\"https:\\\/\\\/repliquemangacine.fr\\\/boutique\\\/\"},{\"@type\":\"ListItem\",\"position\":3,\"name\":\"katana Kenshin lame invers\u00e9e\"}]},{\"@type\":\"WebSite\",\"@id\":\"https:\\\/\\\/repliquemangacine.fr\\\/#website\",\"url\":\"https:\\\/\\\/repliquemangacine.fr\\\/\",\"name\":\"R\u00e9plique Manga Cin\u00e9\",\"description\":\"\",\"publisher\":{\"@id\":\"https:\\\/\\\/repliquemangacine.fr\\\/#organization\"},\"potentialAction\":[{\"@type\":\"SearchAction\",\"target\":{\"@type\":\"EntryPoint\",\"urlTemplate\":\"https:\\\/\\\/repliquemangacine.fr\\\/?s={search_term_string}\"},\"query-input\":{\"@type\":\"PropertyValueSpecification\",\"valueRequired\":true,\"valueName\":\"search_term_string\"}}],\"inLanguage\":\"en-US\"},{\"@type\":\"Organization\",\"@id\":\"https:\\\/\\\/repliquemangacine.fr\\\/#organization\",\"name\":\"R\u00e9plique Manga Cin\u00e9\",\"url\":\"https:\\\/\\\/repliquemangacine.fr\\\/\",\"logo\":{\"@type\":\"ImageObject\",\"inLanguage\":\"en-US\",\"@id\":\"https:\\\/\\\/repliquemangacine.fr\\\/#\\\/schema\\\/logo\\\/image\\\/\",\"url\":\"https:\\\/\\\/repliquemangacine.fr\\\/wp-content\\\/uploads\\\/2023\\\/10\\\/RMC-500250.png\",\"contentUrl\":\"https:\\\/\\\/repliquemangacine.fr\\\/wp-content\\\/uploads\\\/2023\\\/10\\\/RMC-500250.png\",\"width\":500,\"height\":250,\"caption\":\"R\u00e9plique Manga Cin\u00e9\"},\"image\":{\"@id\":\"https:\\\/\\\/repliquemangacine.fr\\\/#\\\/schema\\\/logo\\\/image\\\/\"},\"sameAs\":[\"https:\\\/\\\/www.facebook.com\\\/RepliqueMangaCine\",\"https:\\\/\\\/www.instagram.com\\\/repliquemangacine.fr\\\/\"]}]}<\/script>\n<!-- \/ Yoast SEO plugin. -->","yoast_head_json":{"title":"Katana Kenshin lame invers\u00e9e - Boutique en ligne | RMC","description":"Buy now! Your Katana Kenshin reversed blade at the best price. Inverted blade in 440 steel - Scale 1\/1 - Total length: 105 cm - Shipment 24\/48h","robots":{"index":"index","follow":"follow","max-snippet":"max-snippet:-1","max-image-preview":"max-image-preview:large","max-video-preview":"max-video-preview:-1"},"canonical":"https:\/\/repliquemangacine.fr\/en\/katana-and-sword-from-anime-other-manga\/katana-kenshin-reverse-blade-sakabato\/","og_locale":"en_US","og_type":"article","og_title":"Katana Kenshin lame invers\u00e9e - Boutique en ligne | RMC","og_description":"Achetez vite ! Votre Katana Kenshin lame invers\u00e9e au meilleur prix. Lame invers\u00e9e en acier 440 - Echelle 1\/1 - Longueur totale : 105 cm - Envoi 24\/48h","og_url":"https:\/\/repliquemangacine.fr\/en\/katana-and-sword-from-anime-other-manga\/katana-kenshin-reverse-blade-sakabato\/","og_site_name":"R\u00e9plique Manga Cin\u00e9","article_publisher":"https:\/\/www.facebook.com\/RepliqueMangaCine","article_modified_time":"2025-09-23T16:01:51+00:00","og_image":[{"width":600,"height":600,"url":"https:\/\/repliquemangacine.fr\/wp-content\/uploads\/2023\/10\/1724-Kenshin-le-vagabond-Sabre-Lame-inversee-sakabato.jpg","type":"image\/jpeg"}],"twitter_card":"summary_large_image","twitter_misc":{"Est. reading time":"3 minutes"},"schema":{"@context":"https:\/\/schema.org","@graph":[{"@type":"WebPage","@id":"https:\/\/repliquemangacine.fr\/katana-et-epee-de-manga-anime-autre-manga\/katana-kenshin-lame-inversee-sakabato\/","url":"https:\/\/repliquemangacine.fr\/katana-et-epee-de-manga-anime-autre-manga\/katana-kenshin-lame-inversee-sakabato\/","name":"Katana Kenshin lame invers\u00e9e - Boutique en ligne | RMC","isPartOf":{"@id":"https:\/\/repliquemangacine.fr\/#website"},"primaryImageOfPage":{"@id":"https:\/\/repliquemangacine.fr\/katana-et-epee-de-manga-anime-autre-manga\/katana-kenshin-lame-inversee-sakabato\/#primaryimage"},"image":{"@id":"https:\/\/repliquemangacine.fr\/katana-et-epee-de-manga-anime-autre-manga\/katana-kenshin-lame-inversee-sakabato\/#primaryimage"},"thumbnailUrl":"https:\/\/repliquemangacine.fr\/wp-content\/uploads\/2023\/10\/1724-Kenshin-le-vagabond-Sabre-Lame-inversee-sakabato.jpg","datePublished":"2017-02-07T19:10:25+00:00","dateModified":"2025-09-23T16:01:51+00:00","description":"Buy now! Your Katana Kenshin reversed blade at the best price. Inverted blade in 440 steel - Scale 1\/1 - Total length: 105 cm - Shipment 24\/48h","breadcrumb":{"@id":"https:\/\/repliquemangacine.fr\/katana-et-epee-de-manga-anime-autre-manga\/katana-kenshin-lame-inversee-sakabato\/#breadcrumb"},"inLanguage":"en-US","potentialAction":[{"@type":"ReadAction","target":["https:\/\/repliquemangacine.fr\/katana-et-epee-de-manga-anime-autre-manga\/katana-kenshin-lame-inversee-sakabato\/"]}]},{"@type":"ImageObject","inLanguage":"en-US","@id":"https:\/\/repliquemangacine.fr\/katana-et-epee-de-manga-anime-autre-manga\/katana-kenshin-lame-inversee-sakabato\/#primaryimage","url":"https:\/\/repliquemangacine.fr\/wp-content\/uploads\/2023\/10\/1724-Kenshin-le-vagabond-Sabre-Lame-inversee-sakabato.jpg","contentUrl":"https:\/\/repliquemangacine.fr\/wp-content\/uploads\/2023\/10\/1724-Kenshin-le-vagabond-Sabre-Lame-inversee-sakabato.jpg","width":600,"height":600,"caption":"Kenshin le vagabond - Sabre Lame invers\u00e9e - sakabato"},{"@type":"BreadcrumbList","@id":"https:\/\/repliquemangacine.fr\/katana-et-epee-de-manga-anime-autre-manga\/katana-kenshin-lame-inversee-sakabato\/#breadcrumb","itemListElement":[{"@type":"ListItem","position":1,"name":"Accueil","item":"https:\/\/repliquemangacine.fr\/"},{"@type":"ListItem","position":2,"name":"Produits","item":"https:\/\/repliquemangacine.fr\/boutique\/"},{"@type":"ListItem","position":3,"name":"katana Kenshin lame invers\u00e9e"}]},{"@type":"WebSite","@id":"https:\/\/repliquemangacine.fr\/#website","url":"https:\/\/repliquemangacine.fr\/","name":"R\u00e9plique Manga Cin\u00e9","description":"","publisher":{"@id":"https:\/\/repliquemangacine.fr\/#organization"},"potentialAction":[{"@type":"SearchAction","target":{"@type":"EntryPoint","urlTemplate":"https:\/\/repliquemangacine.fr\/?s={search_term_string}"},"query-input":{"@type":"PropertyValueSpecification","valueRequired":true,"valueName":"search_term_string"}}],"inLanguage":"en-US"},{"@type":"Organization","@id":"https:\/\/repliquemangacine.fr\/#organization","name":"R\u00e9plique Manga Cin\u00e9","url":"https:\/\/repliquemangacine.fr\/","logo":{"@type":"ImageObject","inLanguage":"en-US","@id":"https:\/\/repliquemangacine.fr\/#\/schema\/logo\/image\/","url":"https:\/\/repliquemangacine.fr\/wp-content\/uploads\/2023\/10\/RMC-500250.png","contentUrl":"https:\/\/repliquemangacine.fr\/wp-content\/uploads\/2023\/10\/RMC-500250.png","width":500,"height":250,"caption":"R\u00e9plique Manga Cin\u00e9"},"image":{"@id":"https:\/\/repliquemangacine.fr\/#\/schema\/logo\/image\/"},"sameAs":["https:\/\/www.facebook.com\/RepliqueMangaCine","https:\/\/www.instagram.com\/repliquemangacine.fr\/"]}]}},"_links":{"self":[{"href":"https:\/\/repliquemangacine.fr\/en\/wp-json\/wp\/v2\/product\/26910","targetHints":{"allow":["GET"]}}],"collection":[{"href":"https:\/\/repliquemangacine.fr\/en\/wp-json\/wp\/v2\/product"}],"about":[{"href":"https:\/\/repliquemangacine.fr\/en\/wp-json\/wp\/v2\/types\/product"}],"wp:featuredmedia":[{"embeddable":true,"href":"https:\/\/repliquemangacine.fr\/en\/wp-json\/wp\/v2\/media\/26911"}],"wp:attachment":[{"href":"https:\/\/repliquemangacine.fr\/en\/wp-json\/wp\/v2\/media?parent=26910"}],"wp:term":[{"taxonomy":"product_brand","embeddable":true,"href":"https:\/\/repliquemangacine.fr\/en\/wp-json\/wp\/v2\/product_brand?post=26910"},{"taxonomy":"product_cat","embeddable":true,"href":"https:\/\/repliquemangacine.fr\/en\/wp-json\/wp\/v2\/product_cat?post=26910"},{"taxonomy":"product_tag","embeddable":true,"href":"https:\/\/repliquemangacine.fr\/en\/wp-json\/wp\/v2\/product_tag?post=26910"}],"curies":[{"name":"wp","href":"https:\/\/api.w.org\/{rel}","templated":true}]}}