





{"id":26888,"date":"2017-02-04T19:30:21","date_gmt":"2017-02-04T18:30:21","guid":{"rendered":"https:\/\/repliquemangacine.fr\/?post_type=product&#038;p=26888"},"modified":"2025-09-23T18:01:51","modified_gmt":"2025-09-23T16:01:51","slug":"saroumane-candlestick-lord-of-the-rings","status":"publish","type":"product","link":"https:\/\/repliquemangacine.fr\/en\/le-seigneur-des-anneaux\/bougeoir-de-saroumane-le-seigneur-des-anneaux\/","title":{"rendered":"Saruman candlestick LOTR"},"content":{"rendered":"<h2>Replica of Saruman's Candlestick from The Lord of the Rings<\/h2>\n<p>Saruman's candlestick is a replica inspired by his staff. This reproduction is distributed by <a href=\"https:\/\/noblecollection.fr\/produits-officiels-seigneur-des-anneaux-c-129_1.html\">The Noble Collection<\/a>.<\/p>\n<p>At the start of The Fellowship of the Ring, Gandalf refers to Saruman as \u00abthe leader of his order\u00bb and head of the White Council, which drove Sauron out of the Black Forest at the end of Bilbo the Hobbit. Gandalf adds that Saruman has great knowledge of the Rings of Power.<\/p>\n<p>Saruman, magician sent to Middle-earth by the Valar in human form to fight Sauron. Considered more powerful than Gandalf before he fell. Saruman is jealous of Gandalf. Gained by his lust for power, Saruman ends up allying himself with the Enemy in the secret hope of discovering the ring and keeping it for himself.<\/p>\n<p>Gandalf tries to convince Saruman to join their camp, to help them fight Sauron. But Saruman's disdain and hatred for Sauron refuse to repent, and he scornfully rejects Gandalf's proposal.  Gandalf, suddenly showing great authority, banishes Saruman from the Order of Magi, and with a word breaks the magician's staff, stripping him of his power and status.<\/p>\n<p>Humiliated by Saruman's refusal to release him and his violent beating, Gr\u00edma Snake Tongue stabs the magician. Saruman falls from his tower, is impaled on a wheel and releases the Palantir.<\/p>\n<h3>We offer all replica swords and jewelry from The Lord of the Rings trilogy.<\/h3>\n<p>First and foremost,<\/p>\n<ul>\n<li>The magnificent dagger <a href=\"https:\/\/repliquemangacine.fr\/en\/lord-of-the-rings-swords\/aragorn-sword-dagger-paper-cutter\/\">Strider sword paper cut<\/a> of Aragorn.<\/li>\n<li>There's also Frodo's sword <a href=\"https:\/\/repliquemangacine.fr\/en\/lord-of-the-rings-swords\/dart-sword-frodon-the-hobbit\/\">Sting<\/a>.<\/li>\n<li>And all the Lord of the Rings swords of your favorite heroes.<\/li>\n<li>And much, much more!<\/li>\n<\/ul>\n<p>A great gift idea for fans of the Lord of the Rings trilogy.<\/p>\n<h3>Of course, you can also use the Saruman candleholder for your interior decoration.<\/h3>\n<p>First and foremost, the Saruman Candlestick is a collector's item and a decorative object.<\/p>","protected":false},"excerpt":{"rendered":"<p>Sublime candlestick representing the top of Saruman's staff in the Lord of the Rings trilogy.<\/p>\n<ul>\n<li>This candleholder is made of metal.<\/li>\n<li>Carved base with four eagles on top.<\/li>\n<li>The candle holder is made of glass.<\/li>\n<li>Height 27cm.<\/li>\n<\/ul>","protected":false},"featured_media":26889,"template":"","meta":[],"product_brand":[896],"product_cat":[24,29],"product_tag":[],"class_list":{"0":"post-26888","1":"product","2":"type-product","3":"status-publish","4":"has-post-thumbnail","6":"product_brand-replique-manga-cine","7":"product_cat-films-series-tv-vente-de-katana-epee-et-produits-derives","8":"product_cat-le-seigneur-des-anneaux","10":"first","11":"instock","12":"taxable","13":"shipping-taxable","14":"purchasable","15":"product-type-simple"},"yoast_head":"<!-- This site is optimized with the Yoast SEO plugin v27.5 - https:\/\/yoast.com\/product\/yoast-seo-wordpress\/ -->\n<title>Bougeoir de Saroumane - LOTR - R\u00e9plique Manga Cin\u00e9<\/title>\n<meta name=\"description\" content=\"Bougeoir de Saroumane inspir\u00e9 du seigneur des anneaux. R\u00e9alis\u00e9 en m\u00e9tal, gravure sur le socle. Repr\u00e9sentant le haut de son b\u00e2ton. Noble Collection.\" \/>\n<meta name=\"robots\" content=\"index, follow, max-snippet:-1, max-image-preview:large, max-video-preview:-1\" \/>\n<link rel=\"canonical\" href=\"https:\/\/repliquemangacine.fr\/en\/the-lord-of-the-rings\/saroumane-candlestick-lord-of-the-rings\/\" \/>\n<meta property=\"og:locale\" content=\"en_US\" \/>\n<meta property=\"og:type\" content=\"article\" \/>\n<meta property=\"og:title\" content=\"Bougeoir de Saroumane - LOTR - R\u00e9plique Manga Cin\u00e9\" \/>\n<meta property=\"og:description\" content=\"Bougeoir de Saroumane inspir\u00e9 du seigneur des anneaux. R\u00e9alis\u00e9 en m\u00e9tal, gravure sur le socle. Repr\u00e9sentant le haut de son b\u00e2ton. Noble Collection.\" \/>\n<meta property=\"og:url\" content=\"https:\/\/repliquemangacine.fr\/en\/the-lord-of-the-rings\/saroumane-candlestick-lord-of-the-rings\/\" \/>\n<meta property=\"og:site_name\" content=\"R\u00e9plique Manga Cin\u00e9\" \/>\n<meta property=\"article:publisher\" content=\"https:\/\/www.facebook.com\/RepliqueMangaCine\" \/>\n<meta property=\"article:modified_time\" content=\"2025-09-23T16:01:51+00:00\" \/>\n<meta property=\"og:image\" content=\"https:\/\/repliquemangacine.fr\/wp-content\/uploads\/2023\/10\/1616-Bougeoir-Saruman-Le-seigneur-des-Anneaux.jpg\" \/>\n\t<meta property=\"og:image:width\" content=\"600\" \/>\n\t<meta property=\"og:image:height\" content=\"600\" \/>\n\t<meta property=\"og:image:type\" content=\"image\/jpeg\" \/>\n<meta name=\"twitter:card\" content=\"summary_large_image\" \/>\n<meta name=\"twitter:label1\" content=\"Est. reading time\" \/>\n\t<meta name=\"twitter:data1\" content=\"2 minutes\" \/>\n<script type=\"application\/ld+json\" class=\"yoast-schema-graph\">{\"@context\":\"https:\\\/\\\/schema.org\",\"@graph\":[{\"@type\":\"WebPage\",\"@id\":\"https:\\\/\\\/repliquemangacine.fr\\\/de\\\/der-herr-der-ringe\\\/sarumanischer-kerzenhalter-der-herr-der-ringe\\\/\",\"url\":\"https:\\\/\\\/repliquemangacine.fr\\\/de\\\/der-herr-der-ringe\\\/sarumanischer-kerzenhalter-der-herr-der-ringe\\\/\",\"name\":\"Bougeoir de Saroumane - LOTR - R\u00e9plique Manga Cin\u00e9\",\"isPartOf\":{\"@id\":\"https:\\\/\\\/repliquemangacine.fr\\\/#website\"},\"primaryImageOfPage\":{\"@id\":\"https:\\\/\\\/repliquemangacine.fr\\\/de\\\/der-herr-der-ringe\\\/sarumanischer-kerzenhalter-der-herr-der-ringe\\\/#primaryimage\"},\"image\":{\"@id\":\"https:\\\/\\\/repliquemangacine.fr\\\/de\\\/der-herr-der-ringe\\\/sarumanischer-kerzenhalter-der-herr-der-ringe\\\/#primaryimage\"},\"thumbnailUrl\":\"https:\\\/\\\/repliquemangacine.fr\\\/wp-content\\\/uploads\\\/2023\\\/10\\\/1616-Bougeoir-Saruman-Le-seigneur-des-Anneaux.jpg\",\"datePublished\":\"2017-02-04T18:30:21+00:00\",\"dateModified\":\"2025-09-23T16:01:51+00:00\",\"description\":\"Bougeoir de Saroumane inspir\u00e9 du seigneur des anneaux. R\u00e9alis\u00e9 en m\u00e9tal, gravure sur le socle. Repr\u00e9sentant le haut de son b\u00e2ton. Noble Collection.\",\"breadcrumb\":{\"@id\":\"https:\\\/\\\/repliquemangacine.fr\\\/de\\\/der-herr-der-ringe\\\/sarumanischer-kerzenhalter-der-herr-der-ringe\\\/#breadcrumb\"},\"inLanguage\":\"en-US\",\"potentialAction\":[{\"@type\":\"ReadAction\",\"target\":[\"https:\\\/\\\/repliquemangacine.fr\\\/de\\\/der-herr-der-ringe\\\/sarumanischer-kerzenhalter-der-herr-der-ringe\\\/\"]}]},{\"@type\":\"ImageObject\",\"inLanguage\":\"en-US\",\"@id\":\"https:\\\/\\\/repliquemangacine.fr\\\/de\\\/der-herr-der-ringe\\\/sarumanischer-kerzenhalter-der-herr-der-ringe\\\/#primaryimage\",\"url\":\"https:\\\/\\\/repliquemangacine.fr\\\/wp-content\\\/uploads\\\/2023\\\/10\\\/1616-Bougeoir-Saruman-Le-seigneur-des-Anneaux.jpg\",\"contentUrl\":\"https:\\\/\\\/repliquemangacine.fr\\\/wp-content\\\/uploads\\\/2023\\\/10\\\/1616-Bougeoir-Saruman-Le-seigneur-des-Anneaux.jpg\",\"width\":600,\"height\":600,\"caption\":\"Bougeoir Saruman - Le seigneur des Anneaux\"},{\"@type\":\"BreadcrumbList\",\"@id\":\"https:\\\/\\\/repliquemangacine.fr\\\/de\\\/der-herr-der-ringe\\\/sarumanischer-kerzenhalter-der-herr-der-ringe\\\/#breadcrumb\",\"itemListElement\":[{\"@type\":\"ListItem\",\"position\":1,\"name\":\"Accueil\",\"item\":\"https:\\\/\\\/repliquemangacine.fr\\\/\"},{\"@type\":\"ListItem\",\"position\":2,\"name\":\"Produits\",\"item\":\"https:\\\/\\\/repliquemangacine.fr\\\/boutique\\\/\"},{\"@type\":\"ListItem\",\"position\":3,\"name\":\"Bougeoir de Saroumane LOTR\"}]},{\"@type\":\"WebSite\",\"@id\":\"https:\\\/\\\/repliquemangacine.fr\\\/#website\",\"url\":\"https:\\\/\\\/repliquemangacine.fr\\\/\",\"name\":\"R\u00e9plique Manga Cin\u00e9\",\"description\":\"\",\"publisher\":{\"@id\":\"https:\\\/\\\/repliquemangacine.fr\\\/#organization\"},\"potentialAction\":[{\"@type\":\"SearchAction\",\"target\":{\"@type\":\"EntryPoint\",\"urlTemplate\":\"https:\\\/\\\/repliquemangacine.fr\\\/?s={search_term_string}\"},\"query-input\":{\"@type\":\"PropertyValueSpecification\",\"valueRequired\":true,\"valueName\":\"search_term_string\"}}],\"inLanguage\":\"en-US\"},{\"@type\":\"Organization\",\"@id\":\"https:\\\/\\\/repliquemangacine.fr\\\/#organization\",\"name\":\"R\u00e9plique Manga Cin\u00e9\",\"url\":\"https:\\\/\\\/repliquemangacine.fr\\\/\",\"logo\":{\"@type\":\"ImageObject\",\"inLanguage\":\"en-US\",\"@id\":\"https:\\\/\\\/repliquemangacine.fr\\\/#\\\/schema\\\/logo\\\/image\\\/\",\"url\":\"https:\\\/\\\/repliquemangacine.fr\\\/wp-content\\\/uploads\\\/2023\\\/10\\\/RMC-500250.png\",\"contentUrl\":\"https:\\\/\\\/repliquemangacine.fr\\\/wp-content\\\/uploads\\\/2023\\\/10\\\/RMC-500250.png\",\"width\":500,\"height\":250,\"caption\":\"R\u00e9plique Manga Cin\u00e9\"},\"image\":{\"@id\":\"https:\\\/\\\/repliquemangacine.fr\\\/#\\\/schema\\\/logo\\\/image\\\/\"},\"sameAs\":[\"https:\\\/\\\/www.facebook.com\\\/RepliqueMangaCine\",\"https:\\\/\\\/www.instagram.com\\\/repliquemangacine.fr\\\/\"]}]}<\/script>\n<!-- \/ Yoast SEO plugin. -->","yoast_head_json":{"title":"Saruman candlestick - LOTR - R\u00e9plique Manga Cin\u00e9","description":"Saruman candlestick inspired by Lord of the Rings. Made of metal, engraved on the base. Representing the top of his staff. Noble Collection.","robots":{"index":"index","follow":"follow","max-snippet":"max-snippet:-1","max-image-preview":"max-image-preview:large","max-video-preview":"max-video-preview:-1"},"canonical":"https:\/\/repliquemangacine.fr\/en\/the-lord-of-the-rings\/saroumane-candlestick-lord-of-the-rings\/","og_locale":"en_US","og_type":"article","og_title":"Bougeoir de Saroumane - LOTR - R\u00e9plique Manga Cin\u00e9","og_description":"Bougeoir de Saroumane inspir\u00e9 du seigneur des anneaux. R\u00e9alis\u00e9 en m\u00e9tal, gravure sur le socle. Repr\u00e9sentant le haut de son b\u00e2ton. Noble Collection.","og_url":"https:\/\/repliquemangacine.fr\/en\/the-lord-of-the-rings\/saroumane-candlestick-lord-of-the-rings\/","og_site_name":"R\u00e9plique Manga Cin\u00e9","article_publisher":"https:\/\/www.facebook.com\/RepliqueMangaCine","article_modified_time":"2025-09-23T16:01:51+00:00","og_image":[{"width":600,"height":600,"url":"https:\/\/repliquemangacine.fr\/wp-content\/uploads\/2023\/10\/1616-Bougeoir-Saruman-Le-seigneur-des-Anneaux.jpg","type":"image\/jpeg"}],"twitter_card":"summary_large_image","twitter_misc":{"Est. reading time":"2 minutes"},"schema":{"@context":"https:\/\/schema.org","@graph":[{"@type":"WebPage","@id":"https:\/\/repliquemangacine.fr\/de\/der-herr-der-ringe\/sarumanischer-kerzenhalter-der-herr-der-ringe\/","url":"https:\/\/repliquemangacine.fr\/de\/der-herr-der-ringe\/sarumanischer-kerzenhalter-der-herr-der-ringe\/","name":"Saruman candlestick - LOTR - R\u00e9plique Manga Cin\u00e9","isPartOf":{"@id":"https:\/\/repliquemangacine.fr\/#website"},"primaryImageOfPage":{"@id":"https:\/\/repliquemangacine.fr\/de\/der-herr-der-ringe\/sarumanischer-kerzenhalter-der-herr-der-ringe\/#primaryimage"},"image":{"@id":"https:\/\/repliquemangacine.fr\/de\/der-herr-der-ringe\/sarumanischer-kerzenhalter-der-herr-der-ringe\/#primaryimage"},"thumbnailUrl":"https:\/\/repliquemangacine.fr\/wp-content\/uploads\/2023\/10\/1616-Bougeoir-Saruman-Le-seigneur-des-Anneaux.jpg","datePublished":"2017-02-04T18:30:21+00:00","dateModified":"2025-09-23T16:01:51+00:00","description":"Saruman candlestick inspired by Lord of the Rings. Made of metal, engraved on the base. Representing the top of his staff. Noble Collection.","breadcrumb":{"@id":"https:\/\/repliquemangacine.fr\/de\/der-herr-der-ringe\/sarumanischer-kerzenhalter-der-herr-der-ringe\/#breadcrumb"},"inLanguage":"en-US","potentialAction":[{"@type":"ReadAction","target":["https:\/\/repliquemangacine.fr\/de\/der-herr-der-ringe\/sarumanischer-kerzenhalter-der-herr-der-ringe\/"]}]},{"@type":"ImageObject","inLanguage":"en-US","@id":"https:\/\/repliquemangacine.fr\/de\/der-herr-der-ringe\/sarumanischer-kerzenhalter-der-herr-der-ringe\/#primaryimage","url":"https:\/\/repliquemangacine.fr\/wp-content\/uploads\/2023\/10\/1616-Bougeoir-Saruman-Le-seigneur-des-Anneaux.jpg","contentUrl":"https:\/\/repliquemangacine.fr\/wp-content\/uploads\/2023\/10\/1616-Bougeoir-Saruman-Le-seigneur-des-Anneaux.jpg","width":600,"height":600,"caption":"Bougeoir Saruman - Le seigneur des Anneaux"},{"@type":"BreadcrumbList","@id":"https:\/\/repliquemangacine.fr\/de\/der-herr-der-ringe\/sarumanischer-kerzenhalter-der-herr-der-ringe\/#breadcrumb","itemListElement":[{"@type":"ListItem","position":1,"name":"Accueil","item":"https:\/\/repliquemangacine.fr\/"},{"@type":"ListItem","position":2,"name":"Produits","item":"https:\/\/repliquemangacine.fr\/boutique\/"},{"@type":"ListItem","position":3,"name":"Bougeoir de Saroumane LOTR"}]},{"@type":"WebSite","@id":"https:\/\/repliquemangacine.fr\/#website","url":"https:\/\/repliquemangacine.fr\/","name":"R\u00e9plique Manga Cin\u00e9","description":"","publisher":{"@id":"https:\/\/repliquemangacine.fr\/#organization"},"potentialAction":[{"@type":"SearchAction","target":{"@type":"EntryPoint","urlTemplate":"https:\/\/repliquemangacine.fr\/?s={search_term_string}"},"query-input":{"@type":"PropertyValueSpecification","valueRequired":true,"valueName":"search_term_string"}}],"inLanguage":"en-US"},{"@type":"Organization","@id":"https:\/\/repliquemangacine.fr\/#organization","name":"R\u00e9plique Manga Cin\u00e9","url":"https:\/\/repliquemangacine.fr\/","logo":{"@type":"ImageObject","inLanguage":"en-US","@id":"https:\/\/repliquemangacine.fr\/#\/schema\/logo\/image\/","url":"https:\/\/repliquemangacine.fr\/wp-content\/uploads\/2023\/10\/RMC-500250.png","contentUrl":"https:\/\/repliquemangacine.fr\/wp-content\/uploads\/2023\/10\/RMC-500250.png","width":500,"height":250,"caption":"R\u00e9plique Manga Cin\u00e9"},"image":{"@id":"https:\/\/repliquemangacine.fr\/#\/schema\/logo\/image\/"},"sameAs":["https:\/\/www.facebook.com\/RepliqueMangaCine","https:\/\/www.instagram.com\/repliquemangacine.fr\/"]}]}},"_links":{"self":[{"href":"https:\/\/repliquemangacine.fr\/en\/wp-json\/wp\/v2\/product\/26888","targetHints":{"allow":["GET"]}}],"collection":[{"href":"https:\/\/repliquemangacine.fr\/en\/wp-json\/wp\/v2\/product"}],"about":[{"href":"https:\/\/repliquemangacine.fr\/en\/wp-json\/wp\/v2\/types\/product"}],"wp:featuredmedia":[{"embeddable":true,"href":"https:\/\/repliquemangacine.fr\/en\/wp-json\/wp\/v2\/media\/26889"}],"wp:attachment":[{"href":"https:\/\/repliquemangacine.fr\/en\/wp-json\/wp\/v2\/media?parent=26888"}],"wp:term":[{"taxonomy":"product_brand","embeddable":true,"href":"https:\/\/repliquemangacine.fr\/en\/wp-json\/wp\/v2\/product_brand?post=26888"},{"taxonomy":"product_cat","embeddable":true,"href":"https:\/\/repliquemangacine.fr\/en\/wp-json\/wp\/v2\/product_cat?post=26888"},{"taxonomy":"product_tag","embeddable":true,"href":"https:\/\/repliquemangacine.fr\/en\/wp-json\/wp\/v2\/product_tag?post=26888"}],"curies":[{"name":"wp","href":"https:\/\/api.w.org\/{rel}","templated":true}]}}