





{"id":26861,"date":"2017-02-02T14:14:38","date_gmt":"2017-02-02T13:14:38","guid":{"rendered":"https:\/\/repliquemangacine.fr\/?post_type=product&#038;p=26861"},"modified":"2026-03-26T20:11:13","modified_gmt":"2026-03-26T19:11:13","slug":"brooch-necklace-lorien-leaf-lord-of-the-rings","status":"publish","type":"product","link":"https:\/\/repliquemangacine.fr\/en\/bijoux-anneaux\/broche-collier-feuille-de-la-lorien-seigneur-des-anneaux\/","title":{"rendered":"Lorien leaf brooch"},"content":{"rendered":"<h2>Lord of the Rings Lorien Leaf Brooch<\/h2>\n<p>Let's start with the <strong>Lorien leaf brooch<\/strong>the exact replica worn by all members of the Fellowship of the Ring in the Lord of the Rings trilogy.<\/p>\n<p>The Lorien leaf is the symbol of the Lorien elves. <a href=\"https:\/\/lotr.fandom.com\/fr\/wiki\/Lothl\u00f3rien\" target=\"_blank\" rel=\"noopener noreferrer\">Lothlorien<\/a>representing wisdom and protection. Galadriel gave each member of the Fellowship of the Ring a leaf-shaped brooch, which closed an elven cloak.<\/p>\n<p>The elven kingdom lies at the confluence of the Anduin and Celebrant rivers. Governed at the end of the Third Age by Celeborn and Galadriel. The Mellyrn woods of L\u00f3rien protected from Sauron by the power of Galadriel and Nenya. The only place in the Middle Lands where the true beauty and eternity of Eldamar is preserved.<\/p>\n<h2>Your Leaf of Lorien Brooch at the best price.<\/h2>\n<p>We offer a wide selection of jewelry and swords from the Lord of the Rings trilogy.<\/p>\n<p>First and foremost,<\/p>\n<ul>\n<li>The magnificent <a href=\"https:\/\/repliquemangacine.fr\/en\/the-lord-of-the-rings\/replica-etoile-du-soir-pendant-arwen\/\">Arwen pendant<\/a> evening star, which she offers to Aragorn.<\/li>\n<li>There is also L'<a href=\"https:\/\/repliquemangacine.fr\/en\/the-lord-of-the-rings\/aragorn-ring-barahir-ring\/\">Barahir ring<\/a>the ring worn by Aragorn with its green crystal.<\/li>\n<li>As well as all swords such as the<a href=\"https:\/\/repliquemangacine.fr\/en\/the-lord-of-the-rings\/anduril-sword-aragorn-lord-of-the-rings\/\">Anduril<\/a> with scabbard.<\/li>\n<li>And many more to discover in our online store!<\/li>\n<\/ul>\n<p>Which is why this is a great gift idea for Lord of the Rings fans.<\/p>\n<p>In conclusion, you can use <strong>Lorien leaf brooch<\/strong> to complete your costume for theme parties. Above all, it's a collector's item. But you can also wear it as a brooch or necklace.<\/p>\n<h2>How to care for your zinc alloy jewelry?<\/h2>\n<p>First of all, zinc alloy is very common and popular for costume jewelry. In addition to zinc, zinc alloys generally contain aluminum, copper, magnesium and iron.<\/p>\n<p>We clean our <strong>Lorien leaf brooch<\/strong> with a sponge soaked in soapy water and sprinkled with a little sodium bicarbonate, rubbing all surfaces. Rinse with clean water and dry with an ultra-soft cloth.<\/p>\n<p>Like silver, this metal can oxidize on contact with the skin or simply the oxygen in the air. To prevent oxidation as far as possible, apply a coat of clear varnish and leave to dry.<\/p>\n<p><strong>Do not reproduce on 925 gold or silver.<\/strong><\/p>\n<p>&nbsp;<\/p>","protected":false},"excerpt":{"rendered":"<p>Surprising replica of the Feuille de Lorien brooch necklace.<\/p>\n<ul>\n<li>Made of silver-plated alloy with green enamel.<\/li>\n<li>Remove the chain and use only the spindle as desired.<\/li>\n<li>Secure clasp to prevent pricking when worn as a necklace.<\/li>\n<li>Delivered in a velvet pouch.<\/li>\n<\/ul>","protected":false},"featured_media":26862,"template":"","meta":[],"product_brand":[896],"product_cat":[78,24,29],"product_tag":[],"class_list":{"0":"post-26861","1":"product","2":"type-product","3":"status-publish","4":"has-post-thumbnail","6":"product_brand-replique-manga-cine","7":"product_cat-bijoux-anneaux","8":"product_cat-films-series-tv-vente-de-katana-epee-et-produits-derives","9":"product_cat-le-seigneur-des-anneaux","11":"first","12":"instock","13":"taxable","14":"shipping-taxable","15":"purchasable","16":"product-type-simple"},"yoast_head":"<!-- This site is optimized with the Yoast SEO plugin v27.5 - https:\/\/yoast.com\/product\/yoast-seo-wordpress\/ -->\n<title>Broche Feuille de Lorien - Bijoux Le Seigneur des Anneaux | RMC<\/title>\n<meta name=\"description\" content=\"D\u00e9couvrez la Broche Feuille de Lorien port\u00e9e par les membres de la Communaut\u00e9 de l&#039;Anneau au meilleur prix. En alliage plaqu\u00e9 argent - Pochette velours\" \/>\n<meta name=\"robots\" content=\"index, follow, max-snippet:-1, max-image-preview:large, max-video-preview:-1\" \/>\n<link rel=\"canonical\" href=\"https:\/\/repliquemangacine.fr\/en\/jewelry-rings\/brooch-necklace-lorien-leaf-lord-of-the-rings\/\" \/>\n<meta property=\"og:locale\" content=\"en_US\" \/>\n<meta property=\"og:type\" content=\"article\" \/>\n<meta property=\"og:title\" content=\"Broche Feuille de Lorien - Bijoux Le Seigneur des Anneaux | RMC\" \/>\n<meta property=\"og:description\" content=\"D\u00e9couvrez la Broche Feuille de Lorien port\u00e9e par les membres de la Communaut\u00e9 de l&#039;Anneau au meilleur prix. En alliage plaqu\u00e9 argent - Pochette velours\" \/>\n<meta property=\"og:url\" content=\"https:\/\/repliquemangacine.fr\/en\/jewelry-rings\/brooch-necklace-lorien-leaf-lord-of-the-rings\/\" \/>\n<meta property=\"og:site_name\" content=\"R\u00e9plique Manga Cin\u00e9\" \/>\n<meta property=\"article:publisher\" content=\"https:\/\/www.facebook.com\/RepliqueMangaCine\" \/>\n<meta property=\"article:modified_time\" content=\"2026-03-26T19:11:13+00:00\" \/>\n<meta property=\"og:image\" content=\"https:\/\/repliquemangacine.fr\/wp-content\/uploads\/2023\/10\/Feuille-de-Lorien.jpg\" \/>\n\t<meta property=\"og:image:width\" content=\"500\" \/>\n\t<meta property=\"og:image:height\" content=\"500\" \/>\n\t<meta property=\"og:image:type\" content=\"image\/jpeg\" \/>\n<meta name=\"twitter:card\" content=\"summary_large_image\" \/>\n<meta name=\"twitter:label1\" content=\"Est. reading time\" \/>\n\t<meta name=\"twitter:data1\" content=\"1 minute\" \/>\n<script type=\"application\/ld+json\" class=\"yoast-schema-graph\">{\"@context\":\"https:\\\/\\\/schema.org\",\"@graph\":[{\"@type\":\"WebPage\",\"@id\":\"https:\\\/\\\/repliquemangacine.fr\\\/bijoux-anneaux\\\/broche-collier-feuille-de-la-lorien-seigneur-des-anneaux\\\/\",\"url\":\"https:\\\/\\\/repliquemangacine.fr\\\/bijoux-anneaux\\\/broche-collier-feuille-de-la-lorien-seigneur-des-anneaux\\\/\",\"name\":\"Broche Feuille de Lorien - Bijoux Le Seigneur des Anneaux | RMC\",\"isPartOf\":{\"@id\":\"https:\\\/\\\/repliquemangacine.fr\\\/#website\"},\"primaryImageOfPage\":{\"@id\":\"https:\\\/\\\/repliquemangacine.fr\\\/bijoux-anneaux\\\/broche-collier-feuille-de-la-lorien-seigneur-des-anneaux\\\/#primaryimage\"},\"image\":{\"@id\":\"https:\\\/\\\/repliquemangacine.fr\\\/bijoux-anneaux\\\/broche-collier-feuille-de-la-lorien-seigneur-des-anneaux\\\/#primaryimage\"},\"thumbnailUrl\":\"https:\\\/\\\/repliquemangacine.fr\\\/wp-content\\\/uploads\\\/2023\\\/10\\\/Feuille-de-Lorien.jpg\",\"datePublished\":\"2017-02-02T13:14:38+00:00\",\"dateModified\":\"2026-03-26T19:11:13+00:00\",\"description\":\"D\u00e9couvrez la Broche Feuille de Lorien port\u00e9e par les membres de la Communaut\u00e9 de l'Anneau au meilleur prix. En alliage plaqu\u00e9 argent - Pochette velours\",\"breadcrumb\":{\"@id\":\"https:\\\/\\\/repliquemangacine.fr\\\/bijoux-anneaux\\\/broche-collier-feuille-de-la-lorien-seigneur-des-anneaux\\\/#breadcrumb\"},\"inLanguage\":\"en-US\",\"potentialAction\":[{\"@type\":\"ReadAction\",\"target\":[\"https:\\\/\\\/repliquemangacine.fr\\\/bijoux-anneaux\\\/broche-collier-feuille-de-la-lorien-seigneur-des-anneaux\\\/\"]}]},{\"@type\":\"ImageObject\",\"inLanguage\":\"en-US\",\"@id\":\"https:\\\/\\\/repliquemangacine.fr\\\/bijoux-anneaux\\\/broche-collier-feuille-de-la-lorien-seigneur-des-anneaux\\\/#primaryimage\",\"url\":\"https:\\\/\\\/repliquemangacine.fr\\\/wp-content\\\/uploads\\\/2023\\\/10\\\/Feuille-de-Lorien.jpg\",\"contentUrl\":\"https:\\\/\\\/repliquemangacine.fr\\\/wp-content\\\/uploads\\\/2023\\\/10\\\/Feuille-de-Lorien.jpg\",\"width\":500,\"height\":500,\"caption\":\"Broche Feuille de la Lorien\"},{\"@type\":\"BreadcrumbList\",\"@id\":\"https:\\\/\\\/repliquemangacine.fr\\\/bijoux-anneaux\\\/broche-collier-feuille-de-la-lorien-seigneur-des-anneaux\\\/#breadcrumb\",\"itemListElement\":[{\"@type\":\"ListItem\",\"position\":1,\"name\":\"Accueil\",\"item\":\"https:\\\/\\\/repliquemangacine.fr\\\/\"},{\"@type\":\"ListItem\",\"position\":2,\"name\":\"Produits\",\"item\":\"https:\\\/\\\/repliquemangacine.fr\\\/boutique\\\/\"},{\"@type\":\"ListItem\",\"position\":3,\"name\":\"Broche Feuille de Lorien\"}]},{\"@type\":\"WebSite\",\"@id\":\"https:\\\/\\\/repliquemangacine.fr\\\/#website\",\"url\":\"https:\\\/\\\/repliquemangacine.fr\\\/\",\"name\":\"R\u00e9plique Manga Cin\u00e9\",\"description\":\"\",\"publisher\":{\"@id\":\"https:\\\/\\\/repliquemangacine.fr\\\/#organization\"},\"potentialAction\":[{\"@type\":\"SearchAction\",\"target\":{\"@type\":\"EntryPoint\",\"urlTemplate\":\"https:\\\/\\\/repliquemangacine.fr\\\/?s={search_term_string}\"},\"query-input\":{\"@type\":\"PropertyValueSpecification\",\"valueRequired\":true,\"valueName\":\"search_term_string\"}}],\"inLanguage\":\"en-US\"},{\"@type\":\"Organization\",\"@id\":\"https:\\\/\\\/repliquemangacine.fr\\\/#organization\",\"name\":\"R\u00e9plique Manga Cin\u00e9\",\"url\":\"https:\\\/\\\/repliquemangacine.fr\\\/\",\"logo\":{\"@type\":\"ImageObject\",\"inLanguage\":\"en-US\",\"@id\":\"https:\\\/\\\/repliquemangacine.fr\\\/#\\\/schema\\\/logo\\\/image\\\/\",\"url\":\"https:\\\/\\\/repliquemangacine.fr\\\/wp-content\\\/uploads\\\/2023\\\/10\\\/RMC-500250.png\",\"contentUrl\":\"https:\\\/\\\/repliquemangacine.fr\\\/wp-content\\\/uploads\\\/2023\\\/10\\\/RMC-500250.png\",\"width\":500,\"height\":250,\"caption\":\"R\u00e9plique Manga Cin\u00e9\"},\"image\":{\"@id\":\"https:\\\/\\\/repliquemangacine.fr\\\/#\\\/schema\\\/logo\\\/image\\\/\"},\"sameAs\":[\"https:\\\/\\\/www.facebook.com\\\/RepliqueMangaCine\",\"https:\\\/\\\/www.instagram.com\\\/repliquemangacine.fr\\\/\"]}]}<\/script>\n<!-- \/ Yoast SEO plugin. -->","yoast_head_json":{"title":"Lorien Leaf Brooch - Lord of the Rings Jewelry | RMC","description":"Discover the Lorien Leaf Brooch worn by members of the Fellowship of the Ring at the best price. Silver-plated alloy - Velvet pouch","robots":{"index":"index","follow":"follow","max-snippet":"max-snippet:-1","max-image-preview":"max-image-preview:large","max-video-preview":"max-video-preview:-1"},"canonical":"https:\/\/repliquemangacine.fr\/en\/jewelry-rings\/brooch-necklace-lorien-leaf-lord-of-the-rings\/","og_locale":"en_US","og_type":"article","og_title":"Broche Feuille de Lorien - Bijoux Le Seigneur des Anneaux | RMC","og_description":"D\u00e9couvrez la Broche Feuille de Lorien port\u00e9e par les membres de la Communaut\u00e9 de l'Anneau au meilleur prix. En alliage plaqu\u00e9 argent - Pochette velours","og_url":"https:\/\/repliquemangacine.fr\/en\/jewelry-rings\/brooch-necklace-lorien-leaf-lord-of-the-rings\/","og_site_name":"R\u00e9plique Manga Cin\u00e9","article_publisher":"https:\/\/www.facebook.com\/RepliqueMangaCine","article_modified_time":"2026-03-26T19:11:13+00:00","og_image":[{"width":500,"height":500,"url":"https:\/\/repliquemangacine.fr\/wp-content\/uploads\/2023\/10\/Feuille-de-Lorien.jpg","type":"image\/jpeg"}],"twitter_card":"summary_large_image","twitter_misc":{"Est. reading time":"1 minute"},"schema":{"@context":"https:\/\/schema.org","@graph":[{"@type":"WebPage","@id":"https:\/\/repliquemangacine.fr\/bijoux-anneaux\/broche-collier-feuille-de-la-lorien-seigneur-des-anneaux\/","url":"https:\/\/repliquemangacine.fr\/bijoux-anneaux\/broche-collier-feuille-de-la-lorien-seigneur-des-anneaux\/","name":"Lorien Leaf Brooch - Lord of the Rings Jewelry | RMC","isPartOf":{"@id":"https:\/\/repliquemangacine.fr\/#website"},"primaryImageOfPage":{"@id":"https:\/\/repliquemangacine.fr\/bijoux-anneaux\/broche-collier-feuille-de-la-lorien-seigneur-des-anneaux\/#primaryimage"},"image":{"@id":"https:\/\/repliquemangacine.fr\/bijoux-anneaux\/broche-collier-feuille-de-la-lorien-seigneur-des-anneaux\/#primaryimage"},"thumbnailUrl":"https:\/\/repliquemangacine.fr\/wp-content\/uploads\/2023\/10\/Feuille-de-Lorien.jpg","datePublished":"2017-02-02T13:14:38+00:00","dateModified":"2026-03-26T19:11:13+00:00","description":"Discover the Lorien Leaf Brooch worn by members of the Fellowship of the Ring at the best price. Silver-plated alloy - Velvet pouch","breadcrumb":{"@id":"https:\/\/repliquemangacine.fr\/bijoux-anneaux\/broche-collier-feuille-de-la-lorien-seigneur-des-anneaux\/#breadcrumb"},"inLanguage":"en-US","potentialAction":[{"@type":"ReadAction","target":["https:\/\/repliquemangacine.fr\/bijoux-anneaux\/broche-collier-feuille-de-la-lorien-seigneur-des-anneaux\/"]}]},{"@type":"ImageObject","inLanguage":"en-US","@id":"https:\/\/repliquemangacine.fr\/bijoux-anneaux\/broche-collier-feuille-de-la-lorien-seigneur-des-anneaux\/#primaryimage","url":"https:\/\/repliquemangacine.fr\/wp-content\/uploads\/2023\/10\/Feuille-de-Lorien.jpg","contentUrl":"https:\/\/repliquemangacine.fr\/wp-content\/uploads\/2023\/10\/Feuille-de-Lorien.jpg","width":500,"height":500,"caption":"Broche Feuille de la Lorien"},{"@type":"BreadcrumbList","@id":"https:\/\/repliquemangacine.fr\/bijoux-anneaux\/broche-collier-feuille-de-la-lorien-seigneur-des-anneaux\/#breadcrumb","itemListElement":[{"@type":"ListItem","position":1,"name":"Accueil","item":"https:\/\/repliquemangacine.fr\/"},{"@type":"ListItem","position":2,"name":"Produits","item":"https:\/\/repliquemangacine.fr\/boutique\/"},{"@type":"ListItem","position":3,"name":"Broche Feuille de Lorien"}]},{"@type":"WebSite","@id":"https:\/\/repliquemangacine.fr\/#website","url":"https:\/\/repliquemangacine.fr\/","name":"R\u00e9plique Manga Cin\u00e9","description":"","publisher":{"@id":"https:\/\/repliquemangacine.fr\/#organization"},"potentialAction":[{"@type":"SearchAction","target":{"@type":"EntryPoint","urlTemplate":"https:\/\/repliquemangacine.fr\/?s={search_term_string}"},"query-input":{"@type":"PropertyValueSpecification","valueRequired":true,"valueName":"search_term_string"}}],"inLanguage":"en-US"},{"@type":"Organization","@id":"https:\/\/repliquemangacine.fr\/#organization","name":"R\u00e9plique Manga Cin\u00e9","url":"https:\/\/repliquemangacine.fr\/","logo":{"@type":"ImageObject","inLanguage":"en-US","@id":"https:\/\/repliquemangacine.fr\/#\/schema\/logo\/image\/","url":"https:\/\/repliquemangacine.fr\/wp-content\/uploads\/2023\/10\/RMC-500250.png","contentUrl":"https:\/\/repliquemangacine.fr\/wp-content\/uploads\/2023\/10\/RMC-500250.png","width":500,"height":250,"caption":"R\u00e9plique Manga Cin\u00e9"},"image":{"@id":"https:\/\/repliquemangacine.fr\/#\/schema\/logo\/image\/"},"sameAs":["https:\/\/www.facebook.com\/RepliqueMangaCine","https:\/\/www.instagram.com\/repliquemangacine.fr\/"]}]}},"_links":{"self":[{"href":"https:\/\/repliquemangacine.fr\/en\/wp-json\/wp\/v2\/product\/26861","targetHints":{"allow":["GET"]}}],"collection":[{"href":"https:\/\/repliquemangacine.fr\/en\/wp-json\/wp\/v2\/product"}],"about":[{"href":"https:\/\/repliquemangacine.fr\/en\/wp-json\/wp\/v2\/types\/product"}],"wp:featuredmedia":[{"embeddable":true,"href":"https:\/\/repliquemangacine.fr\/en\/wp-json\/wp\/v2\/media\/26862"}],"wp:attachment":[{"href":"https:\/\/repliquemangacine.fr\/en\/wp-json\/wp\/v2\/media?parent=26861"}],"wp:term":[{"taxonomy":"product_brand","embeddable":true,"href":"https:\/\/repliquemangacine.fr\/en\/wp-json\/wp\/v2\/product_brand?post=26861"},{"taxonomy":"product_cat","embeddable":true,"href":"https:\/\/repliquemangacine.fr\/en\/wp-json\/wp\/v2\/product_cat?post=26861"},{"taxonomy":"product_tag","embeddable":true,"href":"https:\/\/repliquemangacine.fr\/en\/wp-json\/wp\/v2\/product_tag?post=26861"}],"curies":[{"name":"wp","href":"https:\/\/api.w.org\/{rel}","templated":true}]}}