





{"id":26839,"date":"2017-02-01T18:49:57","date_gmt":"2017-02-01T17:49:57","guid":{"rendered":"https:\/\/repliquemangacine.fr\/?post_type=product&#038;p=26839"},"modified":"2026-03-18T11:15:42","modified_gmt":"2026-03-18T10:15:42","slug":"replica-etoile-du-soir-pendant-arwen","status":"publish","type":"product","link":"https:\/\/repliquemangacine.fr\/en\/bijoux-anneaux\/replique-pendentif-etoile-du-soir-arwen\/","title":{"rendered":"Pendant Arwen Etoile du soir"},"content":{"rendered":"<h2>Pendant Arwen Evening Star - The Lord of the Rings<\/h2>\n<p>To begin with, the <strong>Arwen pendant<\/strong> evening star is absolutely remarkable for such a small price! It's worth noting that this is the pendant she gives to Aragorn, which he wears throughout the trilogy.<\/p>\n<p>Arwen Daughter of Elrond the Half-Elf and granddaughter of Galadriel. Aragorn falls in love with her when they first meet at Rivendell. She chooses to give up her Elven immortality to marry her beloved, the mortal Aragorn, thus becoming Queen of Elves and Men in Middle-earth. By the way, <a href=\"https:\/\/lotr.fandom.com\/fr\/wiki\/Arwen\" target=\"_blank\" rel=\"noopener noreferrer\">Arwen<\/a> will give Aragorn a son, Eldarion, who will reign in his footsteps.<\/p>\n<p>Played by Liv Tyler in Peter Jackson's films. It's true that her role is much larger than in the book, but we're delighted.<\/p>\n<h2>Your Arwen Pendant at the best price.<\/h2>\n<p>We offer a wide selection of replica swords and jewelry from the Tolkien universe.<\/p>\n<p>First and foremost,<\/p>\n<ul>\n<li>L'<a href=\"https:\/\/repliquemangacine.fr\/en\/the-lord-of-the-rings\/anneau-unique-le-signeur-des-anneaux\/\">Single ring<\/a> with its Elvish script.<\/li>\n<li>But also the <a href=\"https:\/\/repliquemangacine.fr\/en\/jewelry-rings\/brooch-necklace-lorien-leaf-lord-of-the-rings\/\">Lorien leaf brooch pendant<\/a>.<\/li>\n<li>And many more to discover in our online store!<\/li>\n<\/ul>\n<p>So here's a great gift idea for fans of The Lord of the Rings trilogy.<\/p>\n<p>In conclusion, you can also use the <strong>Arwen pendant<\/strong> the evening star in everyday life or evening wear. Above all, this necklace is a collector's item.<\/p>\n<p>R\u00e9plique Manga Cin\u00e9 is a French family business.<\/p>\n<h2>How to care for your zinc alloy jewelry?<\/h2>\n<p>First of all, zinc alloy is very common and popular for costume jewelry. In addition to zinc, zinc alloys generally contain aluminum, copper, magnesium and iron.<\/p>\n<p>We clean the <strong>Arwen pendant<\/strong> with a sponge soaked in soapy water and sprinkled with a little sodium bicarbonate, rubbing all surfaces. Rinse with clean water and dry with an ultra-soft cloth.<\/p>\n<p>Like silver, this metal can oxidize on contact with the skin or simply the oxygen in the air. To prevent oxidation as far as possible, apply a coat of clear varnish and leave to dry.<\/p>\n<p><strong>Do not reproduce on 925 gold or silver.<\/strong><\/p>\n<p>&nbsp;<\/p>","protected":false},"excerpt":{"rendered":"<p>Arwen's Evening Star pendant from The Lord of the Rings.<\/p>\n<ul>\n<li>This replica is made of zinc alloy.<\/li>\n<li>Silver-plated, inlaid with crystal (rhinestones).<\/li>\n<li>You'll be amazed at the fine detail of this pendant.<\/li>\n<li>Supplied with 46cm twisted chain<\/li>\n<li>Black velvet inner case.<\/li>\n<\/ul>","protected":false},"featured_media":26840,"template":"","meta":[],"product_brand":[896],"product_cat":[78,24,29],"product_tag":[],"class_list":{"0":"post-26839","1":"product","2":"type-product","3":"status-publish","4":"has-post-thumbnail","6":"product_brand-replique-manga-cine","7":"product_cat-bijoux-anneaux","8":"product_cat-films-series-tv-vente-de-katana-epee-et-produits-derives","9":"product_cat-le-seigneur-des-anneaux","11":"first","12":"instock","13":"taxable","14":"shipping-taxable","15":"purchasable","16":"product-type-simple"},"yoast_head":"<!-- This site is optimized with the Yoast SEO plugin v27.5 - https:\/\/yoast.com\/product\/yoast-seo-wordpress\/ -->\n<title>Pendentif Arwen - Etoile du soir - Seigneur des Anneaux | RMC<\/title>\n<meta name=\"description\" content=\"Offrez-lui le Pendentif Arwen Etoile du soir au meilleur prix. En alliage de zinc plaqu\u00e9 argent - Incrust\u00e9 de cristal - chaine torsad\u00e9e - Envoi 24\/48h\" \/>\n<meta name=\"robots\" content=\"index, follow, max-snippet:-1, max-image-preview:large, max-video-preview:-1\" \/>\n<link rel=\"canonical\" href=\"https:\/\/repliquemangacine.fr\/en\/jewelry-rings\/replica-etoile-du-soir-pendant-arwen\/\" \/>\n<meta property=\"og:locale\" content=\"en_US\" \/>\n<meta property=\"og:type\" content=\"article\" \/>\n<meta property=\"og:title\" content=\"Pendentif Arwen - Etoile du soir - Seigneur des Anneaux | RMC\" \/>\n<meta property=\"og:description\" content=\"Offrez-lui le Pendentif Arwen Etoile du soir au meilleur prix. En alliage de zinc plaqu\u00e9 argent - Incrust\u00e9 de cristal - chaine torsad\u00e9e - Envoi 24\/48h\" \/>\n<meta property=\"og:url\" content=\"https:\/\/repliquemangacine.fr\/en\/jewelry-rings\/replica-etoile-du-soir-pendant-arwen\/\" \/>\n<meta property=\"og:site_name\" content=\"R\u00e9plique Manga Cin\u00e9\" \/>\n<meta property=\"article:publisher\" content=\"https:\/\/www.facebook.com\/RepliqueMangaCine\" \/>\n<meta property=\"article:modified_time\" content=\"2026-03-18T10:15:42+00:00\" \/>\n<meta property=\"og:image\" content=\"https:\/\/repliquemangacine.fr\/wp-content\/uploads\/2023\/10\/Pendentif-Arwen.jpg\" \/>\n\t<meta property=\"og:image:width\" content=\"773\" \/>\n\t<meta property=\"og:image:height\" content=\"772\" \/>\n\t<meta property=\"og:image:type\" content=\"image\/jpeg\" \/>\n<meta name=\"twitter:card\" content=\"summary_large_image\" \/>\n<meta name=\"twitter:label1\" content=\"Est. reading time\" \/>\n\t<meta name=\"twitter:data1\" content=\"3 minutes\" \/>\n<script type=\"application\/ld+json\" class=\"yoast-schema-graph\">{\"@context\":\"https:\\\/\\\/schema.org\",\"@graph\":[{\"@type\":\"WebPage\",\"@id\":\"https:\\\/\\\/repliquemangacine.fr\\\/bijoux-anneaux\\\/replique-pendentif-etoile-du-soir-arwen\\\/\",\"url\":\"https:\\\/\\\/repliquemangacine.fr\\\/bijoux-anneaux\\\/replique-pendentif-etoile-du-soir-arwen\\\/\",\"name\":\"Pendentif Arwen - Etoile du soir - Seigneur des Anneaux | RMC\",\"isPartOf\":{\"@id\":\"https:\\\/\\\/repliquemangacine.fr\\\/#website\"},\"primaryImageOfPage\":{\"@id\":\"https:\\\/\\\/repliquemangacine.fr\\\/bijoux-anneaux\\\/replique-pendentif-etoile-du-soir-arwen\\\/#primaryimage\"},\"image\":{\"@id\":\"https:\\\/\\\/repliquemangacine.fr\\\/bijoux-anneaux\\\/replique-pendentif-etoile-du-soir-arwen\\\/#primaryimage\"},\"thumbnailUrl\":\"https:\\\/\\\/repliquemangacine.fr\\\/wp-content\\\/uploads\\\/2023\\\/10\\\/Pendentif-Arwen.jpg\",\"datePublished\":\"2017-02-01T17:49:57+00:00\",\"dateModified\":\"2026-03-18T10:15:42+00:00\",\"description\":\"Offrez-lui le Pendentif Arwen Etoile du soir au meilleur prix. En alliage de zinc plaqu\u00e9 argent - Incrust\u00e9 de cristal - chaine torsad\u00e9e - Envoi 24\\\/48h\",\"breadcrumb\":{\"@id\":\"https:\\\/\\\/repliquemangacine.fr\\\/bijoux-anneaux\\\/replique-pendentif-etoile-du-soir-arwen\\\/#breadcrumb\"},\"inLanguage\":\"en-US\",\"potentialAction\":[{\"@type\":\"ReadAction\",\"target\":[\"https:\\\/\\\/repliquemangacine.fr\\\/bijoux-anneaux\\\/replique-pendentif-etoile-du-soir-arwen\\\/\"]}]},{\"@type\":\"ImageObject\",\"inLanguage\":\"en-US\",\"@id\":\"https:\\\/\\\/repliquemangacine.fr\\\/bijoux-anneaux\\\/replique-pendentif-etoile-du-soir-arwen\\\/#primaryimage\",\"url\":\"https:\\\/\\\/repliquemangacine.fr\\\/wp-content\\\/uploads\\\/2023\\\/10\\\/Pendentif-Arwen.jpg\",\"contentUrl\":\"https:\\\/\\\/repliquemangacine.fr\\\/wp-content\\\/uploads\\\/2023\\\/10\\\/Pendentif-Arwen.jpg\",\"width\":773,\"height\":772,\"caption\":\"Pendentif Arwen Seigneur des Anneaux\"},{\"@type\":\"BreadcrumbList\",\"@id\":\"https:\\\/\\\/repliquemangacine.fr\\\/bijoux-anneaux\\\/replique-pendentif-etoile-du-soir-arwen\\\/#breadcrumb\",\"itemListElement\":[{\"@type\":\"ListItem\",\"position\":1,\"name\":\"Accueil\",\"item\":\"https:\\\/\\\/repliquemangacine.fr\\\/\"},{\"@type\":\"ListItem\",\"position\":2,\"name\":\"Produits\",\"item\":\"https:\\\/\\\/repliquemangacine.fr\\\/boutique\\\/\"},{\"@type\":\"ListItem\",\"position\":3,\"name\":\"Pendentif Arwen Etoile du soir\"}]},{\"@type\":\"WebSite\",\"@id\":\"https:\\\/\\\/repliquemangacine.fr\\\/#website\",\"url\":\"https:\\\/\\\/repliquemangacine.fr\\\/\",\"name\":\"R\u00e9plique Manga Cin\u00e9\",\"description\":\"\",\"publisher\":{\"@id\":\"https:\\\/\\\/repliquemangacine.fr\\\/#organization\"},\"potentialAction\":[{\"@type\":\"SearchAction\",\"target\":{\"@type\":\"EntryPoint\",\"urlTemplate\":\"https:\\\/\\\/repliquemangacine.fr\\\/?s={search_term_string}\"},\"query-input\":{\"@type\":\"PropertyValueSpecification\",\"valueRequired\":true,\"valueName\":\"search_term_string\"}}],\"inLanguage\":\"en-US\"},{\"@type\":\"Organization\",\"@id\":\"https:\\\/\\\/repliquemangacine.fr\\\/#organization\",\"name\":\"R\u00e9plique Manga Cin\u00e9\",\"url\":\"https:\\\/\\\/repliquemangacine.fr\\\/\",\"logo\":{\"@type\":\"ImageObject\",\"inLanguage\":\"en-US\",\"@id\":\"https:\\\/\\\/repliquemangacine.fr\\\/#\\\/schema\\\/logo\\\/image\\\/\",\"url\":\"https:\\\/\\\/repliquemangacine.fr\\\/wp-content\\\/uploads\\\/2023\\\/10\\\/RMC-500250.png\",\"contentUrl\":\"https:\\\/\\\/repliquemangacine.fr\\\/wp-content\\\/uploads\\\/2023\\\/10\\\/RMC-500250.png\",\"width\":500,\"height\":250,\"caption\":\"R\u00e9plique Manga Cin\u00e9\"},\"image\":{\"@id\":\"https:\\\/\\\/repliquemangacine.fr\\\/#\\\/schema\\\/logo\\\/image\\\/\"},\"sameAs\":[\"https:\\\/\\\/www.facebook.com\\\/RepliqueMangaCine\",\"https:\\\/\\\/www.instagram.com\\\/repliquemangacine.fr\\\/\"]}]}<\/script>\n<!-- \/ Yoast SEO plugin. -->","yoast_head_json":{"title":"Pendant Arwen - Evening Star - Lord of the Rings | RMC","description":"Offer her the Arwen Etoile du soir pendant at the best price. In silver-plated zinc alloy - Inlaid with crystal - Twisted chain - Shipment 24\/48h","robots":{"index":"index","follow":"follow","max-snippet":"max-snippet:-1","max-image-preview":"max-image-preview:large","max-video-preview":"max-video-preview:-1"},"canonical":"https:\/\/repliquemangacine.fr\/en\/jewelry-rings\/replica-etoile-du-soir-pendant-arwen\/","og_locale":"en_US","og_type":"article","og_title":"Pendentif Arwen - Etoile du soir - Seigneur des Anneaux | RMC","og_description":"Offrez-lui le Pendentif Arwen Etoile du soir au meilleur prix. En alliage de zinc plaqu\u00e9 argent - Incrust\u00e9 de cristal - chaine torsad\u00e9e - Envoi 24\/48h","og_url":"https:\/\/repliquemangacine.fr\/en\/jewelry-rings\/replica-etoile-du-soir-pendant-arwen\/","og_site_name":"R\u00e9plique Manga Cin\u00e9","article_publisher":"https:\/\/www.facebook.com\/RepliqueMangaCine","article_modified_time":"2026-03-18T10:15:42+00:00","og_image":[{"width":773,"height":772,"url":"https:\/\/repliquemangacine.fr\/wp-content\/uploads\/2023\/10\/Pendentif-Arwen.jpg","type":"image\/jpeg"}],"twitter_card":"summary_large_image","twitter_misc":{"Est. reading time":"3 minutes"},"schema":{"@context":"https:\/\/schema.org","@graph":[{"@type":"WebPage","@id":"https:\/\/repliquemangacine.fr\/bijoux-anneaux\/replique-pendentif-etoile-du-soir-arwen\/","url":"https:\/\/repliquemangacine.fr\/bijoux-anneaux\/replique-pendentif-etoile-du-soir-arwen\/","name":"Pendant Arwen - Evening Star - Lord of the Rings | RMC","isPartOf":{"@id":"https:\/\/repliquemangacine.fr\/#website"},"primaryImageOfPage":{"@id":"https:\/\/repliquemangacine.fr\/bijoux-anneaux\/replique-pendentif-etoile-du-soir-arwen\/#primaryimage"},"image":{"@id":"https:\/\/repliquemangacine.fr\/bijoux-anneaux\/replique-pendentif-etoile-du-soir-arwen\/#primaryimage"},"thumbnailUrl":"https:\/\/repliquemangacine.fr\/wp-content\/uploads\/2023\/10\/Pendentif-Arwen.jpg","datePublished":"2017-02-01T17:49:57+00:00","dateModified":"2026-03-18T10:15:42+00:00","description":"Offer her the Arwen Etoile du soir pendant at the best price. In silver-plated zinc alloy - Inlaid with crystal - Twisted chain - Shipment 24\/48h","breadcrumb":{"@id":"https:\/\/repliquemangacine.fr\/bijoux-anneaux\/replique-pendentif-etoile-du-soir-arwen\/#breadcrumb"},"inLanguage":"en-US","potentialAction":[{"@type":"ReadAction","target":["https:\/\/repliquemangacine.fr\/bijoux-anneaux\/replique-pendentif-etoile-du-soir-arwen\/"]}]},{"@type":"ImageObject","inLanguage":"en-US","@id":"https:\/\/repliquemangacine.fr\/bijoux-anneaux\/replique-pendentif-etoile-du-soir-arwen\/#primaryimage","url":"https:\/\/repliquemangacine.fr\/wp-content\/uploads\/2023\/10\/Pendentif-Arwen.jpg","contentUrl":"https:\/\/repliquemangacine.fr\/wp-content\/uploads\/2023\/10\/Pendentif-Arwen.jpg","width":773,"height":772,"caption":"Pendentif Arwen Seigneur des Anneaux"},{"@type":"BreadcrumbList","@id":"https:\/\/repliquemangacine.fr\/bijoux-anneaux\/replique-pendentif-etoile-du-soir-arwen\/#breadcrumb","itemListElement":[{"@type":"ListItem","position":1,"name":"Accueil","item":"https:\/\/repliquemangacine.fr\/"},{"@type":"ListItem","position":2,"name":"Produits","item":"https:\/\/repliquemangacine.fr\/boutique\/"},{"@type":"ListItem","position":3,"name":"Pendentif Arwen Etoile du soir"}]},{"@type":"WebSite","@id":"https:\/\/repliquemangacine.fr\/#website","url":"https:\/\/repliquemangacine.fr\/","name":"R\u00e9plique Manga Cin\u00e9","description":"","publisher":{"@id":"https:\/\/repliquemangacine.fr\/#organization"},"potentialAction":[{"@type":"SearchAction","target":{"@type":"EntryPoint","urlTemplate":"https:\/\/repliquemangacine.fr\/?s={search_term_string}"},"query-input":{"@type":"PropertyValueSpecification","valueRequired":true,"valueName":"search_term_string"}}],"inLanguage":"en-US"},{"@type":"Organization","@id":"https:\/\/repliquemangacine.fr\/#organization","name":"R\u00e9plique Manga Cin\u00e9","url":"https:\/\/repliquemangacine.fr\/","logo":{"@type":"ImageObject","inLanguage":"en-US","@id":"https:\/\/repliquemangacine.fr\/#\/schema\/logo\/image\/","url":"https:\/\/repliquemangacine.fr\/wp-content\/uploads\/2023\/10\/RMC-500250.png","contentUrl":"https:\/\/repliquemangacine.fr\/wp-content\/uploads\/2023\/10\/RMC-500250.png","width":500,"height":250,"caption":"R\u00e9plique Manga Cin\u00e9"},"image":{"@id":"https:\/\/repliquemangacine.fr\/#\/schema\/logo\/image\/"},"sameAs":["https:\/\/www.facebook.com\/RepliqueMangaCine","https:\/\/www.instagram.com\/repliquemangacine.fr\/"]}]}},"_links":{"self":[{"href":"https:\/\/repliquemangacine.fr\/en\/wp-json\/wp\/v2\/product\/26839","targetHints":{"allow":["GET"]}}],"collection":[{"href":"https:\/\/repliquemangacine.fr\/en\/wp-json\/wp\/v2\/product"}],"about":[{"href":"https:\/\/repliquemangacine.fr\/en\/wp-json\/wp\/v2\/types\/product"}],"wp:featuredmedia":[{"embeddable":true,"href":"https:\/\/repliquemangacine.fr\/en\/wp-json\/wp\/v2\/media\/26840"}],"wp:attachment":[{"href":"https:\/\/repliquemangacine.fr\/en\/wp-json\/wp\/v2\/media?parent=26839"}],"wp:term":[{"taxonomy":"product_brand","embeddable":true,"href":"https:\/\/repliquemangacine.fr\/en\/wp-json\/wp\/v2\/product_brand?post=26839"},{"taxonomy":"product_cat","embeddable":true,"href":"https:\/\/repliquemangacine.fr\/en\/wp-json\/wp\/v2\/product_cat?post=26839"},{"taxonomy":"product_tag","embeddable":true,"href":"https:\/\/repliquemangacine.fr\/en\/wp-json\/wp\/v2\/product_tag?post=26839"}],"curies":[{"name":"wp","href":"https:\/\/api.w.org\/{rel}","templated":true}]}}