





{"id":26815,"date":"2017-01-30T18:07:58","date_gmt":"2017-01-30T17:07:58","guid":{"rendered":"https:\/\/repliquemangacine.fr\/?post_type=product&#038;p=26815"},"modified":"2025-09-23T18:01:50","modified_gmt":"2025-09-23T16:01:50","slug":"keyblade-mousse-oathkeeper-tender-promise-kingdom-hearts","status":"publish","type":"product","link":"https:\/\/repliquemangacine.fr\/en\/katana-et-epee-de-jeux-video-autre-jeux-video\/keyblade-mousse-oathkeeper-tendre-promesse-kingdom-hearts\/","title":{"rendered":"Keyblade Tender Promise Foam"},"content":{"rendered":"<h2>Keyblade Tender Promise Mousse in Kingdom Hearts.<\/h2>\n<p>To begin with, the <strong>Keyblade <a href=\"https:\/\/kingdomhearts.fandom.com\/fr\/wiki\/Tendre_Promesse\" target=\"_blank\" rel=\"noopener noreferrer\">Tender Promise<\/a> Foam<\/strong> Oathkeeper, first appearing in Kingdom Hearts. The keyring of this Keyblade is Kairi's good-luck charm, and the blade resembles the Japanese character for \"light\", which surmounts a heart like the one on the pommel. The guard consists of two dove wings, in contrast to Souvenir Perdu.<\/p>\n<p>In fact, the Keyblade is a mysterious key-like weapon that appears throughout the Kingdom Hearts series. Mastered by the series' hero Sora, the King and several other characters, Keyblades are part of the battle between Light and Darkness.<\/p>\n<p>Shaped like keys, they operate any existing lock and are imbued with magic and other unique abilities. Keyblade holders can \"bequeath\" their powers to the next generation by meeting worthy individuals.<\/p>\n<h2>Your Kingdom Hearts Oathkeeper at the best price.<\/h2>\n<p>We offer a wide selection of Manga and video game replicas.<\/p>\n<p>First and foremost,<\/p>\n<ul>\n<li>Visit <a href=\"https:\/\/repliquemangacine.fr\/en\/other-video-games\/keyblade-fatal-crest-dragon-kingdom-hearts\/\">Keyblade Fatalis<\/a> (fatale crest dragon) appears in Kingdom Hearts II.<\/li>\n<li>As well as the <a href=\"https:\/\/repliquemangacine.fr\/en\/other-video-games\/coffret-porte-cles-kingdom-hearts\/\">set of 15 Kingdom Hearts key rings<\/a>.<\/li>\n<li>The replica of the<a href=\"https:\/\/repliquemangacine.fr\/en\/other-video-games\/keyblade-souvenir-perdu-oblivion-mousse-kingdom-hearts\/\"> keyblade Oblivion<\/a> (Souvenir perdu) all in foam and latex.<\/li>\n<li>And many more to discover in our online store!<\/li>\n<\/ul>\n<p>That's why here are some great gift ideas for all Kingdom Hearts fans.<\/p>\n<p>In conclusion, you can use <strong>Keyblade Tender Promise Foam<\/strong> for your cosplay parades or theme parties. But above all, this sword is a collector's item and a decoration.<\/p>\n<p>R\u00e9plique Manga Cin\u00e9 is a French company.<\/p>\n<p><strong>\u00a0<\/strong><\/p>","protected":false},"excerpt":{"rendered":"<p>Superb keyblade tender foam promise<\/p>\n<ul>\n<li>All foam, ultra-resistant.<\/li>\n<li>You can fight without fear of injury.<\/li>\n<li>Absorbs shocks,<\/li>\n<li>Total length: 89 cm - Total weight: 480 grs<\/li>\n<\/ul>","protected":false},"featured_media":26816,"template":"","meta":[],"product_brand":[896],"product_cat":[23,67],"product_tag":[],"class_list":{"0":"post-26815","1":"product","2":"type-product","3":"status-publish","4":"has-post-thumbnail","6":"product_brand-replique-manga-cine","7":"product_cat-repliques-manga-jeux-video","8":"product_cat-katana-et-epee-de-jeux-video-autre-jeux-video","10":"first","11":"outofstock","12":"taxable","13":"shipping-taxable","14":"purchasable","15":"product-type-simple"},"yoast_head":"<!-- This site is optimized with the Yoast SEO plugin v27.4 - https:\/\/yoast.com\/product\/yoast-seo-wordpress\/ -->\n<title>Keyblade Tendre Promesse Mousse - R\u00e9plique Manga Cin\u00e9<\/title>\n<meta name=\"description\" content=\"Offrez-lui la Keyblade Tendre Promesse Mousse dans Kingdom Hearts pas ch\u00e8re. Tout en mousse - Id\u00e9ale pour vos enfants - Longueur : 89 cm - Envoi 24\/48h\" \/>\n<meta name=\"robots\" content=\"index, follow, max-snippet:-1, max-image-preview:large, max-video-preview:-1\" \/>\n<link rel=\"canonical\" href=\"https:\/\/repliquemangacine.fr\/en\/katana-and-video-game-sword-other-video-games\/keyblade-mousse-oathkeeper-tender-promise-kingdom-hearts\/\" \/>\n<meta property=\"og:locale\" content=\"en_US\" \/>\n<meta property=\"og:type\" content=\"article\" \/>\n<meta property=\"og:title\" content=\"Keyblade Tendre Promesse Mousse - R\u00e9plique Manga Cin\u00e9\" \/>\n<meta property=\"og:description\" content=\"Offrez-lui la Keyblade Tendre Promesse Mousse dans Kingdom Hearts pas ch\u00e8re. Tout en mousse - Id\u00e9ale pour vos enfants - Longueur : 89 cm - Envoi 24\/48h\" \/>\n<meta property=\"og:url\" content=\"https:\/\/repliquemangacine.fr\/en\/katana-and-video-game-sword-other-video-games\/keyblade-mousse-oathkeeper-tender-promise-kingdom-hearts\/\" \/>\n<meta property=\"og:site_name\" content=\"R\u00e9plique Manga Cin\u00e9\" \/>\n<meta property=\"article:publisher\" content=\"https:\/\/www.facebook.com\/RepliqueMangaCine\" \/>\n<meta property=\"article:modified_time\" content=\"2025-09-23T16:01:50+00:00\" \/>\n<meta property=\"og:image\" content=\"https:\/\/repliquemangacine.fr\/wp-content\/uploads\/2023\/10\/1564-Keyblade-Oathkeeper-Tendre-promesse-Kingdom-Hearts.jpg\" \/>\n\t<meta property=\"og:image:width\" content=\"700\" \/>\n\t<meta property=\"og:image:height\" content=\"700\" \/>\n\t<meta property=\"og:image:type\" content=\"image\/jpeg\" \/>\n<meta name=\"twitter:card\" content=\"summary_large_image\" \/>\n<meta name=\"twitter:label1\" content=\"Est. reading time\" \/>\n\t<meta name=\"twitter:data1\" content=\"1 minute\" \/>\n<script type=\"application\/ld+json\" class=\"yoast-schema-graph\">{\"@context\":\"https:\\\/\\\/schema.org\",\"@graph\":[{\"@type\":\"WebPage\",\"@id\":\"https:\\\/\\\/repliquemangacine.fr\\\/katana-et-epee-de-jeux-video-autre-jeux-video\\\/keyblade-mousse-oathkeeper-tendre-promesse-kingdom-hearts\\\/\",\"url\":\"https:\\\/\\\/repliquemangacine.fr\\\/katana-et-epee-de-jeux-video-autre-jeux-video\\\/keyblade-mousse-oathkeeper-tendre-promesse-kingdom-hearts\\\/\",\"name\":\"Keyblade Tendre Promesse Mousse - R\u00e9plique Manga Cin\u00e9\",\"isPartOf\":{\"@id\":\"https:\\\/\\\/repliquemangacine.fr\\\/#website\"},\"primaryImageOfPage\":{\"@id\":\"https:\\\/\\\/repliquemangacine.fr\\\/katana-et-epee-de-jeux-video-autre-jeux-video\\\/keyblade-mousse-oathkeeper-tendre-promesse-kingdom-hearts\\\/#primaryimage\"},\"image\":{\"@id\":\"https:\\\/\\\/repliquemangacine.fr\\\/katana-et-epee-de-jeux-video-autre-jeux-video\\\/keyblade-mousse-oathkeeper-tendre-promesse-kingdom-hearts\\\/#primaryimage\"},\"thumbnailUrl\":\"https:\\\/\\\/repliquemangacine.fr\\\/wp-content\\\/uploads\\\/2023\\\/10\\\/1564-Keyblade-Oathkeeper-Tendre-promesse-Kingdom-Hearts.jpg\",\"datePublished\":\"2017-01-30T17:07:58+00:00\",\"dateModified\":\"2025-09-23T16:01:50+00:00\",\"description\":\"Offrez-lui la Keyblade Tendre Promesse Mousse dans Kingdom Hearts pas ch\u00e8re. Tout en mousse - Id\u00e9ale pour vos enfants - Longueur : 89 cm - Envoi 24\\\/48h\",\"breadcrumb\":{\"@id\":\"https:\\\/\\\/repliquemangacine.fr\\\/katana-et-epee-de-jeux-video-autre-jeux-video\\\/keyblade-mousse-oathkeeper-tendre-promesse-kingdom-hearts\\\/#breadcrumb\"},\"inLanguage\":\"en-US\",\"potentialAction\":[{\"@type\":\"ReadAction\",\"target\":[\"https:\\\/\\\/repliquemangacine.fr\\\/katana-et-epee-de-jeux-video-autre-jeux-video\\\/keyblade-mousse-oathkeeper-tendre-promesse-kingdom-hearts\\\/\"]}]},{\"@type\":\"ImageObject\",\"inLanguage\":\"en-US\",\"@id\":\"https:\\\/\\\/repliquemangacine.fr\\\/katana-et-epee-de-jeux-video-autre-jeux-video\\\/keyblade-mousse-oathkeeper-tendre-promesse-kingdom-hearts\\\/#primaryimage\",\"url\":\"https:\\\/\\\/repliquemangacine.fr\\\/wp-content\\\/uploads\\\/2023\\\/10\\\/1564-Keyblade-Oathkeeper-Tendre-promesse-Kingdom-Hearts.jpg\",\"contentUrl\":\"https:\\\/\\\/repliquemangacine.fr\\\/wp-content\\\/uploads\\\/2023\\\/10\\\/1564-Keyblade-Oathkeeper-Tendre-promesse-Kingdom-Hearts.jpg\",\"width\":700,\"height\":700,\"caption\":\"Keyblade Oathkeeper -Tendre promesse -Kingdom Hearts\"},{\"@type\":\"BreadcrumbList\",\"@id\":\"https:\\\/\\\/repliquemangacine.fr\\\/katana-et-epee-de-jeux-video-autre-jeux-video\\\/keyblade-mousse-oathkeeper-tendre-promesse-kingdom-hearts\\\/#breadcrumb\",\"itemListElement\":[{\"@type\":\"ListItem\",\"position\":1,\"name\":\"Accueil\",\"item\":\"https:\\\/\\\/repliquemangacine.fr\\\/\"},{\"@type\":\"ListItem\",\"position\":2,\"name\":\"Produits\",\"item\":\"https:\\\/\\\/repliquemangacine.fr\\\/boutique\\\/\"},{\"@type\":\"ListItem\",\"position\":3,\"name\":\"Keyblade Tendre Promesse Mousse\"}]},{\"@type\":\"WebSite\",\"@id\":\"https:\\\/\\\/repliquemangacine.fr\\\/#website\",\"url\":\"https:\\\/\\\/repliquemangacine.fr\\\/\",\"name\":\"R\u00e9plique Manga Cin\u00e9\",\"description\":\"\",\"publisher\":{\"@id\":\"https:\\\/\\\/repliquemangacine.fr\\\/#organization\"},\"potentialAction\":[{\"@type\":\"SearchAction\",\"target\":{\"@type\":\"EntryPoint\",\"urlTemplate\":\"https:\\\/\\\/repliquemangacine.fr\\\/?s={search_term_string}\"},\"query-input\":{\"@type\":\"PropertyValueSpecification\",\"valueRequired\":true,\"valueName\":\"search_term_string\"}}],\"inLanguage\":\"en-US\"},{\"@type\":\"Organization\",\"@id\":\"https:\\\/\\\/repliquemangacine.fr\\\/#organization\",\"name\":\"R\u00e9plique Manga Cin\u00e9\",\"url\":\"https:\\\/\\\/repliquemangacine.fr\\\/\",\"logo\":{\"@type\":\"ImageObject\",\"inLanguage\":\"en-US\",\"@id\":\"https:\\\/\\\/repliquemangacine.fr\\\/#\\\/schema\\\/logo\\\/image\\\/\",\"url\":\"https:\\\/\\\/repliquemangacine.fr\\\/wp-content\\\/uploads\\\/2023\\\/10\\\/RMC-500250.png\",\"contentUrl\":\"https:\\\/\\\/repliquemangacine.fr\\\/wp-content\\\/uploads\\\/2023\\\/10\\\/RMC-500250.png\",\"width\":500,\"height\":250,\"caption\":\"R\u00e9plique Manga Cin\u00e9\"},\"image\":{\"@id\":\"https:\\\/\\\/repliquemangacine.fr\\\/#\\\/schema\\\/logo\\\/image\\\/\"},\"sameAs\":[\"https:\\\/\\\/www.facebook.com\\\/RepliqueMangaCine\",\"https:\\\/\\\/www.instagram.com\\\/repliquemangacine.fr\\\/\"]}]}<\/script>\n<!-- \/ Yoast SEO plugin. -->","yoast_head_json":{"title":"Keyblade Tender Promise Foam - R\u00e9plique Manga Cin\u00e9","description":"Give your child the inexpensive Tender Promise Keyblade in Kingdom Hearts. All foam - Ideal for your children - Length: 89 cm - Shipment 24\/48h","robots":{"index":"index","follow":"follow","max-snippet":"max-snippet:-1","max-image-preview":"max-image-preview:large","max-video-preview":"max-video-preview:-1"},"canonical":"https:\/\/repliquemangacine.fr\/en\/katana-and-video-game-sword-other-video-games\/keyblade-mousse-oathkeeper-tender-promise-kingdom-hearts\/","og_locale":"en_US","og_type":"article","og_title":"Keyblade Tendre Promesse Mousse - R\u00e9plique Manga Cin\u00e9","og_description":"Offrez-lui la Keyblade Tendre Promesse Mousse dans Kingdom Hearts pas ch\u00e8re. Tout en mousse - Id\u00e9ale pour vos enfants - Longueur : 89 cm - Envoi 24\/48h","og_url":"https:\/\/repliquemangacine.fr\/en\/katana-and-video-game-sword-other-video-games\/keyblade-mousse-oathkeeper-tender-promise-kingdom-hearts\/","og_site_name":"R\u00e9plique Manga Cin\u00e9","article_publisher":"https:\/\/www.facebook.com\/RepliqueMangaCine","article_modified_time":"2025-09-23T16:01:50+00:00","og_image":[{"width":700,"height":700,"url":"https:\/\/repliquemangacine.fr\/wp-content\/uploads\/2023\/10\/1564-Keyblade-Oathkeeper-Tendre-promesse-Kingdom-Hearts.jpg","type":"image\/jpeg"}],"twitter_card":"summary_large_image","twitter_misc":{"Est. reading time":"1 minute"},"schema":{"@context":"https:\/\/schema.org","@graph":[{"@type":"WebPage","@id":"https:\/\/repliquemangacine.fr\/katana-et-epee-de-jeux-video-autre-jeux-video\/keyblade-mousse-oathkeeper-tendre-promesse-kingdom-hearts\/","url":"https:\/\/repliquemangacine.fr\/katana-et-epee-de-jeux-video-autre-jeux-video\/keyblade-mousse-oathkeeper-tendre-promesse-kingdom-hearts\/","name":"Keyblade Tender Promise Foam - R\u00e9plique Manga Cin\u00e9","isPartOf":{"@id":"https:\/\/repliquemangacine.fr\/#website"},"primaryImageOfPage":{"@id":"https:\/\/repliquemangacine.fr\/katana-et-epee-de-jeux-video-autre-jeux-video\/keyblade-mousse-oathkeeper-tendre-promesse-kingdom-hearts\/#primaryimage"},"image":{"@id":"https:\/\/repliquemangacine.fr\/katana-et-epee-de-jeux-video-autre-jeux-video\/keyblade-mousse-oathkeeper-tendre-promesse-kingdom-hearts\/#primaryimage"},"thumbnailUrl":"https:\/\/repliquemangacine.fr\/wp-content\/uploads\/2023\/10\/1564-Keyblade-Oathkeeper-Tendre-promesse-Kingdom-Hearts.jpg","datePublished":"2017-01-30T17:07:58+00:00","dateModified":"2025-09-23T16:01:50+00:00","description":"Give your child the inexpensive Tender Promise Keyblade in Kingdom Hearts. All foam - Ideal for your children - Length: 89 cm - Shipment 24\/48h","breadcrumb":{"@id":"https:\/\/repliquemangacine.fr\/katana-et-epee-de-jeux-video-autre-jeux-video\/keyblade-mousse-oathkeeper-tendre-promesse-kingdom-hearts\/#breadcrumb"},"inLanguage":"en-US","potentialAction":[{"@type":"ReadAction","target":["https:\/\/repliquemangacine.fr\/katana-et-epee-de-jeux-video-autre-jeux-video\/keyblade-mousse-oathkeeper-tendre-promesse-kingdom-hearts\/"]}]},{"@type":"ImageObject","inLanguage":"en-US","@id":"https:\/\/repliquemangacine.fr\/katana-et-epee-de-jeux-video-autre-jeux-video\/keyblade-mousse-oathkeeper-tendre-promesse-kingdom-hearts\/#primaryimage","url":"https:\/\/repliquemangacine.fr\/wp-content\/uploads\/2023\/10\/1564-Keyblade-Oathkeeper-Tendre-promesse-Kingdom-Hearts.jpg","contentUrl":"https:\/\/repliquemangacine.fr\/wp-content\/uploads\/2023\/10\/1564-Keyblade-Oathkeeper-Tendre-promesse-Kingdom-Hearts.jpg","width":700,"height":700,"caption":"Keyblade Oathkeeper -Tendre promesse -Kingdom Hearts"},{"@type":"BreadcrumbList","@id":"https:\/\/repliquemangacine.fr\/katana-et-epee-de-jeux-video-autre-jeux-video\/keyblade-mousse-oathkeeper-tendre-promesse-kingdom-hearts\/#breadcrumb","itemListElement":[{"@type":"ListItem","position":1,"name":"Accueil","item":"https:\/\/repliquemangacine.fr\/"},{"@type":"ListItem","position":2,"name":"Produits","item":"https:\/\/repliquemangacine.fr\/boutique\/"},{"@type":"ListItem","position":3,"name":"Keyblade Tendre Promesse Mousse"}]},{"@type":"WebSite","@id":"https:\/\/repliquemangacine.fr\/#website","url":"https:\/\/repliquemangacine.fr\/","name":"R\u00e9plique Manga Cin\u00e9","description":"","publisher":{"@id":"https:\/\/repliquemangacine.fr\/#organization"},"potentialAction":[{"@type":"SearchAction","target":{"@type":"EntryPoint","urlTemplate":"https:\/\/repliquemangacine.fr\/?s={search_term_string}"},"query-input":{"@type":"PropertyValueSpecification","valueRequired":true,"valueName":"search_term_string"}}],"inLanguage":"en-US"},{"@type":"Organization","@id":"https:\/\/repliquemangacine.fr\/#organization","name":"R\u00e9plique Manga Cin\u00e9","url":"https:\/\/repliquemangacine.fr\/","logo":{"@type":"ImageObject","inLanguage":"en-US","@id":"https:\/\/repliquemangacine.fr\/#\/schema\/logo\/image\/","url":"https:\/\/repliquemangacine.fr\/wp-content\/uploads\/2023\/10\/RMC-500250.png","contentUrl":"https:\/\/repliquemangacine.fr\/wp-content\/uploads\/2023\/10\/RMC-500250.png","width":500,"height":250,"caption":"R\u00e9plique Manga Cin\u00e9"},"image":{"@id":"https:\/\/repliquemangacine.fr\/#\/schema\/logo\/image\/"},"sameAs":["https:\/\/www.facebook.com\/RepliqueMangaCine","https:\/\/www.instagram.com\/repliquemangacine.fr\/"]}]}},"_links":{"self":[{"href":"https:\/\/repliquemangacine.fr\/en\/wp-json\/wp\/v2\/product\/26815","targetHints":{"allow":["GET"]}}],"collection":[{"href":"https:\/\/repliquemangacine.fr\/en\/wp-json\/wp\/v2\/product"}],"about":[{"href":"https:\/\/repliquemangacine.fr\/en\/wp-json\/wp\/v2\/types\/product"}],"wp:featuredmedia":[{"embeddable":true,"href":"https:\/\/repliquemangacine.fr\/en\/wp-json\/wp\/v2\/media\/26816"}],"wp:attachment":[{"href":"https:\/\/repliquemangacine.fr\/en\/wp-json\/wp\/v2\/media?parent=26815"}],"wp:term":[{"taxonomy":"product_brand","embeddable":true,"href":"https:\/\/repliquemangacine.fr\/en\/wp-json\/wp\/v2\/product_brand?post=26815"},{"taxonomy":"product_cat","embeddable":true,"href":"https:\/\/repliquemangacine.fr\/en\/wp-json\/wp\/v2\/product_cat?post=26815"},{"taxonomy":"product_tag","embeddable":true,"href":"https:\/\/repliquemangacine.fr\/en\/wp-json\/wp\/v2\/product_tag?post=26815"}],"curies":[{"name":"wp","href":"https:\/\/api.w.org\/{rel}","templated":true}]}}