





{"id":26792,"date":"2017-01-16T23:14:56","date_gmt":"2017-01-16T22:14:56","guid":{"rendered":"https:\/\/repliquemangacine.fr\/?post_type=product&#038;p=26792"},"modified":"2026-02-25T01:25:36","modified_gmt":"2026-02-25T00:25:36","slug":"katana-practical-seigi","status":"publish","type":"product","link":"https:\/\/repliquemangacine.fr\/en\/katanas-le-dernier-samourai\/katana-practical-seigi\/","title":{"rendered":"Katana Seigi"},"content":{"rendered":"<h2>Seigi forged katana used in The Last Samurai.<\/h2>\n<p>To begin with, the <strong>Seigi forged katana<\/strong> is crafted using the techniques of a master blacksmith. Traditionally handcrafted using Master Masahiro's ancestral techniques, Fudoshin forged katanas offer you the assurance of exceptional blade quality and finish.<\/p>\n<p>The Japanese saber describes a set of bladed weapons, manufactured according to Japanese techniques. They include the Tachi, the Wakizashi, the Tanto and, of course, the famous Katana.<\/p>\n<p>The katana is Japan's most popular sword. Worn by the samurai, it has been passed down through the generations. That's why there are so many <a href=\"https:\/\/www.touken.or.jp\/english\/\" target=\"_blank\" rel=\"noopener noreferrer\">museums<\/a> in Japan.<\/p>\n<p>It's important to know what you want to do with your katana.<\/p>\n<ul>\n<li>For beginners, 1045 steel.<\/li>\n<li>For cutting training, steel 1060.<\/li>\n<li>For intensive use, 1095 steel.<\/li>\n<\/ul>\n<h2>Your Seigi forged Katana at the best price.<\/h2>\n<p>We offer a wide selection of Japanese swords for training and decoration.<\/p>\n<p>First and foremost,<\/p>\n<ul>\n<li>Visit <a href=\"https:\/\/repliquemangacine.fr\/en\/katana-forge\/katana-dragon-forge\/\">Forged Dragon katana<\/a> cutting training for beginners.<\/li>\n<li>But also the <a href=\"https:\/\/repliquemangacine.fr\/en\/the-last-samurai\/katana-forges-the-last-samurai\/\">katana by Nathan Algren<\/a> in the film The Last Samurai.<\/li>\n<li>And many more to discover in our online store!<\/li>\n<\/ul>\n<p>That's why this is a great gift idea for Martial Arts lovers.<\/p>\n<p>In conclusion, you can also use this <strong>Seigi forged katana<\/strong> for your cutting debut, or for your collection. But above all, this Katana Fudoshin is also a collector's item and a decorative object.<\/p>\n<h2>How to maintain the blade of your Fudoshin katana?<\/h2>\n<p>Collector's and decorative katanas are made and assembled in a simplified way. As their use is decorative, they lack the safety features required of a Japanese saber intended for training.<\/p>\n<p>However, your <strong>Seigi forged katana<\/strong> to a steel blade that needs to be cared for to avoid damage over time. In fact, when you display your katana, your friends will be curious to see and touch the blade. This is where you need to be careful, as the acidity of your fingers is very harmful to steel, whatever its quality.<\/p>\n<p>However, if this does happen, don't panic - all you need is a cloth dampened with a little oil and a wipe of fingerprints. By doing so, you'll keep your sword looking its best for a very long time.<\/p>","protected":false},"excerpt":{"rendered":"<p>Handcrafted, this sublime katana has been forged by hand using Master Masahiro's technique.<\/p>\n<ul>\n<li>Forged 1095 steel blade with cutting edge.<\/li>\n<li>Forge Maru. Hardness: 60 HRC\/40 HRC<\/li>\n<li>Hamon clay, Japanese quality. Genuine tempering line.<\/li>\n<li>Black lacquered Saya.<\/li>\n<li>Tsuka covered with black cotton braid.<\/li>\n<li>Steel tsuba.<\/li>\n<li>Removable for maintenance.<\/li>\n<li>Protective cover.<\/li>\n<li>Blade length: 70 cm - Total length: 102 cm<\/li>\n<\/ul>","protected":false},"featured_media":26793,"template":"","meta":[],"product_brand":[896],"product_cat":[66,24,26,38,88],"product_tag":[],"class_list":{"0":"post-26792","1":"product","2":"type-product","3":"status-publish","4":"has-post-thumbnail","6":"product_brand-replique-manga-cine","7":"product_cat-repliques-d-armes-films-et-series","8":"product_cat-films-series-tv-vente-de-katana-epee-et-produits-derives","9":"product_cat-katana-epee","10":"product_cat-katana-forge","11":"product_cat-katanas-le-dernier-samourai","13":"first","14":"instock","15":"taxable","16":"shipping-taxable","17":"purchasable","18":"product-type-simple"},"yoast_head":"<!-- This site is optimized with the Yoast SEO plugin v27.5 - https:\/\/yoast.com\/product\/yoast-seo-wordpress\/ -->\n<title>Katana forg\u00e9 Seigi - Sabre Fudoshin | Replique Manga Cine<\/title>\n<meta name=\"description\" content=\"Offrez-vous le Katana forg\u00e9 Seigi Fudoshin au meilleur prix - Lame en acier 1095 - Forg\u00e9e main - Type Maru - Trempe s\u00e9lective - Longueur : 102 cm\" \/>\n<meta name=\"robots\" content=\"index, follow, max-snippet:-1, max-image-preview:large, max-video-preview:-1\" \/>\n<link rel=\"canonical\" href=\"https:\/\/repliquemangacine.fr\/en\/katanas-the-last-samurai\/katana-practical-seigi\/\" \/>\n<meta property=\"og:locale\" content=\"en_US\" \/>\n<meta property=\"og:type\" content=\"article\" \/>\n<meta property=\"og:title\" content=\"Katana forg\u00e9 Seigi - Sabre Fudoshin | Replique Manga Cine\" \/>\n<meta property=\"og:description\" content=\"Offrez-vous le Katana forg\u00e9 Seigi Fudoshin au meilleur prix - Lame en acier 1095 - Forg\u00e9e main - Type Maru - Trempe s\u00e9lective - Longueur : 102 cm\" \/>\n<meta property=\"og:url\" content=\"https:\/\/repliquemangacine.fr\/en\/katanas-the-last-samurai\/katana-practical-seigi\/\" \/>\n<meta property=\"og:site_name\" content=\"R\u00e9plique Manga Cin\u00e9\" \/>\n<meta property=\"article:publisher\" content=\"https:\/\/www.facebook.com\/RepliqueMangaCine\" \/>\n<meta property=\"article:modified_time\" content=\"2026-02-25T00:25:36+00:00\" \/>\n<meta property=\"og:image\" content=\"https:\/\/repliquemangacine.fr\/wp-content\/uploads\/2023\/10\/1499-Katana-practical-Seigi.jpg\" \/>\n\t<meta property=\"og:image:width\" content=\"800\" \/>\n\t<meta property=\"og:image:height\" content=\"800\" \/>\n\t<meta property=\"og:image:type\" content=\"image\/jpeg\" \/>\n<meta name=\"twitter:card\" content=\"summary_large_image\" \/>\n<meta name=\"twitter:label1\" content=\"Est. reading time\" \/>\n\t<meta name=\"twitter:data1\" content=\"1 minute\" \/>\n<script type=\"application\/ld+json\" class=\"yoast-schema-graph\">{\"@context\":\"https:\\\/\\\/schema.org\",\"@graph\":[{\"@type\":\"WebPage\",\"@id\":\"https:\\\/\\\/repliquemangacine.fr\\\/katanas-le-dernier-samourai\\\/katana-practical-seigi\\\/\",\"url\":\"https:\\\/\\\/repliquemangacine.fr\\\/katanas-le-dernier-samourai\\\/katana-practical-seigi\\\/\",\"name\":\"Katana forg\u00e9 Seigi - Sabre Fudoshin | Replique Manga Cine\",\"isPartOf\":{\"@id\":\"https:\\\/\\\/repliquemangacine.fr\\\/#website\"},\"primaryImageOfPage\":{\"@id\":\"https:\\\/\\\/repliquemangacine.fr\\\/katanas-le-dernier-samourai\\\/katana-practical-seigi\\\/#primaryimage\"},\"image\":{\"@id\":\"https:\\\/\\\/repliquemangacine.fr\\\/katanas-le-dernier-samourai\\\/katana-practical-seigi\\\/#primaryimage\"},\"thumbnailUrl\":\"https:\\\/\\\/repliquemangacine.fr\\\/wp-content\\\/uploads\\\/2023\\\/10\\\/1499-Katana-practical-Seigi.jpg\",\"datePublished\":\"2017-01-16T22:14:56+00:00\",\"dateModified\":\"2026-02-25T00:25:36+00:00\",\"description\":\"Offrez-vous le Katana forg\u00e9 Seigi Fudoshin au meilleur prix - Lame en acier 1095 - Forg\u00e9e main - Type Maru - Trempe s\u00e9lective - Longueur : 102 cm\",\"breadcrumb\":{\"@id\":\"https:\\\/\\\/repliquemangacine.fr\\\/katanas-le-dernier-samourai\\\/katana-practical-seigi\\\/#breadcrumb\"},\"inLanguage\":\"en-US\",\"potentialAction\":[{\"@type\":\"ReadAction\",\"target\":[\"https:\\\/\\\/repliquemangacine.fr\\\/katanas-le-dernier-samourai\\\/katana-practical-seigi\\\/\"]}]},{\"@type\":\"ImageObject\",\"inLanguage\":\"en-US\",\"@id\":\"https:\\\/\\\/repliquemangacine.fr\\\/katanas-le-dernier-samourai\\\/katana-practical-seigi\\\/#primaryimage\",\"url\":\"https:\\\/\\\/repliquemangacine.fr\\\/wp-content\\\/uploads\\\/2023\\\/10\\\/1499-Katana-practical-Seigi.jpg\",\"contentUrl\":\"https:\\\/\\\/repliquemangacine.fr\\\/wp-content\\\/uploads\\\/2023\\\/10\\\/1499-Katana-practical-Seigi.jpg\",\"width\":800,\"height\":800,\"caption\":\"Katana practical Seigi\"},{\"@type\":\"BreadcrumbList\",\"@id\":\"https:\\\/\\\/repliquemangacine.fr\\\/katanas-le-dernier-samourai\\\/katana-practical-seigi\\\/#breadcrumb\",\"itemListElement\":[{\"@type\":\"ListItem\",\"position\":1,\"name\":\"Accueil\",\"item\":\"https:\\\/\\\/repliquemangacine.fr\\\/\"},{\"@type\":\"ListItem\",\"position\":2,\"name\":\"Produits\",\"item\":\"https:\\\/\\\/repliquemangacine.fr\\\/boutique\\\/\"},{\"@type\":\"ListItem\",\"position\":3,\"name\":\"Katana Seigi\"}]},{\"@type\":\"WebSite\",\"@id\":\"https:\\\/\\\/repliquemangacine.fr\\\/#website\",\"url\":\"https:\\\/\\\/repliquemangacine.fr\\\/\",\"name\":\"R\u00e9plique Manga Cin\u00e9\",\"description\":\"\",\"publisher\":{\"@id\":\"https:\\\/\\\/repliquemangacine.fr\\\/#organization\"},\"potentialAction\":[{\"@type\":\"SearchAction\",\"target\":{\"@type\":\"EntryPoint\",\"urlTemplate\":\"https:\\\/\\\/repliquemangacine.fr\\\/?s={search_term_string}\"},\"query-input\":{\"@type\":\"PropertyValueSpecification\",\"valueRequired\":true,\"valueName\":\"search_term_string\"}}],\"inLanguage\":\"en-US\"},{\"@type\":\"Organization\",\"@id\":\"https:\\\/\\\/repliquemangacine.fr\\\/#organization\",\"name\":\"R\u00e9plique Manga Cin\u00e9\",\"url\":\"https:\\\/\\\/repliquemangacine.fr\\\/\",\"logo\":{\"@type\":\"ImageObject\",\"inLanguage\":\"en-US\",\"@id\":\"https:\\\/\\\/repliquemangacine.fr\\\/#\\\/schema\\\/logo\\\/image\\\/\",\"url\":\"https:\\\/\\\/repliquemangacine.fr\\\/wp-content\\\/uploads\\\/2023\\\/10\\\/RMC-500250.png\",\"contentUrl\":\"https:\\\/\\\/repliquemangacine.fr\\\/wp-content\\\/uploads\\\/2023\\\/10\\\/RMC-500250.png\",\"width\":500,\"height\":250,\"caption\":\"R\u00e9plique Manga Cin\u00e9\"},\"image\":{\"@id\":\"https:\\\/\\\/repliquemangacine.fr\\\/#\\\/schema\\\/logo\\\/image\\\/\"},\"sameAs\":[\"https:\\\/\\\/www.facebook.com\\\/RepliqueMangaCine\",\"https:\\\/\\\/www.instagram.com\\\/repliquemangacine.fr\\\/\"]}]}<\/script>\n<!-- \/ Yoast SEO plugin. -->","yoast_head_json":{"title":"Katana forg\u00e9 Seigi - Sabre Fudoshin | Replique Manga Cine","description":"Treat yourself to the Seigi Fudoshin forged Katana at the best price - 1095 steel blade - Hand forged - Maru type - Selective hardening - Length: 102 cm","robots":{"index":"index","follow":"follow","max-snippet":"max-snippet:-1","max-image-preview":"max-image-preview:large","max-video-preview":"max-video-preview:-1"},"canonical":"https:\/\/repliquemangacine.fr\/en\/katanas-the-last-samurai\/katana-practical-seigi\/","og_locale":"en_US","og_type":"article","og_title":"Katana forg\u00e9 Seigi - Sabre Fudoshin | Replique Manga Cine","og_description":"Offrez-vous le Katana forg\u00e9 Seigi Fudoshin au meilleur prix - Lame en acier 1095 - Forg\u00e9e main - Type Maru - Trempe s\u00e9lective - Longueur : 102 cm","og_url":"https:\/\/repliquemangacine.fr\/en\/katanas-the-last-samurai\/katana-practical-seigi\/","og_site_name":"R\u00e9plique Manga Cin\u00e9","article_publisher":"https:\/\/www.facebook.com\/RepliqueMangaCine","article_modified_time":"2026-02-25T00:25:36+00:00","og_image":[{"width":800,"height":800,"url":"https:\/\/repliquemangacine.fr\/wp-content\/uploads\/2023\/10\/1499-Katana-practical-Seigi.jpg","type":"image\/jpeg"}],"twitter_card":"summary_large_image","twitter_misc":{"Est. reading time":"1 minute"},"schema":{"@context":"https:\/\/schema.org","@graph":[{"@type":"WebPage","@id":"https:\/\/repliquemangacine.fr\/katanas-le-dernier-samourai\/katana-practical-seigi\/","url":"https:\/\/repliquemangacine.fr\/katanas-le-dernier-samourai\/katana-practical-seigi\/","name":"Katana forg\u00e9 Seigi - Sabre Fudoshin | Replique Manga Cine","isPartOf":{"@id":"https:\/\/repliquemangacine.fr\/#website"},"primaryImageOfPage":{"@id":"https:\/\/repliquemangacine.fr\/katanas-le-dernier-samourai\/katana-practical-seigi\/#primaryimage"},"image":{"@id":"https:\/\/repliquemangacine.fr\/katanas-le-dernier-samourai\/katana-practical-seigi\/#primaryimage"},"thumbnailUrl":"https:\/\/repliquemangacine.fr\/wp-content\/uploads\/2023\/10\/1499-Katana-practical-Seigi.jpg","datePublished":"2017-01-16T22:14:56+00:00","dateModified":"2026-02-25T00:25:36+00:00","description":"Treat yourself to the Seigi Fudoshin forged Katana at the best price - 1095 steel blade - Hand forged - Maru type - Selective hardening - Length: 102 cm","breadcrumb":{"@id":"https:\/\/repliquemangacine.fr\/katanas-le-dernier-samourai\/katana-practical-seigi\/#breadcrumb"},"inLanguage":"en-US","potentialAction":[{"@type":"ReadAction","target":["https:\/\/repliquemangacine.fr\/katanas-le-dernier-samourai\/katana-practical-seigi\/"]}]},{"@type":"ImageObject","inLanguage":"en-US","@id":"https:\/\/repliquemangacine.fr\/katanas-le-dernier-samourai\/katana-practical-seigi\/#primaryimage","url":"https:\/\/repliquemangacine.fr\/wp-content\/uploads\/2023\/10\/1499-Katana-practical-Seigi.jpg","contentUrl":"https:\/\/repliquemangacine.fr\/wp-content\/uploads\/2023\/10\/1499-Katana-practical-Seigi.jpg","width":800,"height":800,"caption":"Katana practical Seigi"},{"@type":"BreadcrumbList","@id":"https:\/\/repliquemangacine.fr\/katanas-le-dernier-samourai\/katana-practical-seigi\/#breadcrumb","itemListElement":[{"@type":"ListItem","position":1,"name":"Accueil","item":"https:\/\/repliquemangacine.fr\/"},{"@type":"ListItem","position":2,"name":"Produits","item":"https:\/\/repliquemangacine.fr\/boutique\/"},{"@type":"ListItem","position":3,"name":"Katana Seigi"}]},{"@type":"WebSite","@id":"https:\/\/repliquemangacine.fr\/#website","url":"https:\/\/repliquemangacine.fr\/","name":"R\u00e9plique Manga Cin\u00e9","description":"","publisher":{"@id":"https:\/\/repliquemangacine.fr\/#organization"},"potentialAction":[{"@type":"SearchAction","target":{"@type":"EntryPoint","urlTemplate":"https:\/\/repliquemangacine.fr\/?s={search_term_string}"},"query-input":{"@type":"PropertyValueSpecification","valueRequired":true,"valueName":"search_term_string"}}],"inLanguage":"en-US"},{"@type":"Organization","@id":"https:\/\/repliquemangacine.fr\/#organization","name":"R\u00e9plique Manga Cin\u00e9","url":"https:\/\/repliquemangacine.fr\/","logo":{"@type":"ImageObject","inLanguage":"en-US","@id":"https:\/\/repliquemangacine.fr\/#\/schema\/logo\/image\/","url":"https:\/\/repliquemangacine.fr\/wp-content\/uploads\/2023\/10\/RMC-500250.png","contentUrl":"https:\/\/repliquemangacine.fr\/wp-content\/uploads\/2023\/10\/RMC-500250.png","width":500,"height":250,"caption":"R\u00e9plique Manga Cin\u00e9"},"image":{"@id":"https:\/\/repliquemangacine.fr\/#\/schema\/logo\/image\/"},"sameAs":["https:\/\/www.facebook.com\/RepliqueMangaCine","https:\/\/www.instagram.com\/repliquemangacine.fr\/"]}]}},"_links":{"self":[{"href":"https:\/\/repliquemangacine.fr\/en\/wp-json\/wp\/v2\/product\/26792","targetHints":{"allow":["GET"]}}],"collection":[{"href":"https:\/\/repliquemangacine.fr\/en\/wp-json\/wp\/v2\/product"}],"about":[{"href":"https:\/\/repliquemangacine.fr\/en\/wp-json\/wp\/v2\/types\/product"}],"wp:featuredmedia":[{"embeddable":true,"href":"https:\/\/repliquemangacine.fr\/en\/wp-json\/wp\/v2\/media\/26793"}],"wp:attachment":[{"href":"https:\/\/repliquemangacine.fr\/en\/wp-json\/wp\/v2\/media?parent=26792"}],"wp:term":[{"taxonomy":"product_brand","embeddable":true,"href":"https:\/\/repliquemangacine.fr\/en\/wp-json\/wp\/v2\/product_brand?post=26792"},{"taxonomy":"product_cat","embeddable":true,"href":"https:\/\/repliquemangacine.fr\/en\/wp-json\/wp\/v2\/product_cat?post=26792"},{"taxonomy":"product_tag","embeddable":true,"href":"https:\/\/repliquemangacine.fr\/en\/wp-json\/wp\/v2\/product_tag?post=26792"}],"curies":[{"name":"wp","href":"https:\/\/api.w.org\/{rel}","templated":true}]}}