





{"id":26786,"date":"2017-01-16T22:52:46","date_gmt":"2017-01-16T21:52:46","guid":{"rendered":"https:\/\/repliquemangacine.fr\/?post_type=product&#038;p=26786"},"modified":"2026-02-27T09:39:04","modified_gmt":"2026-02-27T08:39:04","slug":"maru-blade-forged-cutting-katana","status":"publish","type":"product","link":"https:\/\/repliquemangacine.fr\/en\/katana-forge\/katana-de-coupe-forge-lame-maru\/","title":{"rendered":"Forged Cutting Katana"},"content":{"rendered":"<h2>Bushido Forged Cutting Katana<\/h2>\n<p>To begin with, the <strong>Forged Cutting Katana<\/strong> is crafted using the techniques of a master blacksmith.<\/p>\n<p>The katana is the most popular Japanese sword. Worn by the Japanese samurai, it has been passed down through the generations. That's why there are so many <a href=\"https:\/\/www.japan.travel\/fr\/spot\/1669\/\" target=\"_blank\" rel=\"noopener noreferrer\">museums in Japan<\/a>.<\/p>\n<p>Let's start with the blades: it's important to know what you want to do with your katana.<\/p>\n<ul>\n<li>For beginners, steel 1045 (0.45% carbon content) is designed for introductory cutting on soft objects.<\/li>\n<li>For cutting drive, 1060 steel (0.60% carbon) is ideal for traditional supports.<\/li>\n<li>For intensive use, 1095 steel (0.95% carbon) is reserved for experienced users on tatami mats or green bamboo.<\/li>\n<\/ul>\n<h2>Your Katana de Coupe Forg\u00e9 at the best price.<\/h2>\n<p>We offer a wide selection of Japanese swords for training and decoration.<\/p>\n<p>First and foremost,<\/p>\n<ul>\n<li>Visit <a href=\"https:\/\/repliquemangacine.fr\/en\/katana-demon-slayer\/katana-forge-tanjiro-kamado\/\">sharp katana Tanjir\u014d Kamado<\/a> in the hand-forged version of the Demon Slayer manga.<\/li>\n<li>But also the <a href=\"https:\/\/repliquemangacine.fr\/en\/katana-forge\/katana-samourai-forge-1045\/\">Samurai katana<\/a> for cutting training.<\/li>\n<li>And many more to discover in our online store!<\/li>\n<\/ul>\n<p>That's why this is a great gift idea for Martial Arts lovers.<\/p>\n<p>You can also use this <strong>Forged Cutting Katana<\/strong> for your cutting debut, or for your collection. But above all, this sharp sword is also a collector's and decorative item.<\/p>\n<p>R\u00e9plique Manga Cin\u00e9 is a French family business.<\/p>\n<h2>How to care for your katana blade?<\/h2>\n<p>Collector's and decorative katanas are made and assembled in a simplified way. As their use is decorative, they lack the safety features required of a Japanese saber intended for training.<\/p>\n<p>However, your <strong>Forged Cutting Katana<\/strong> to a steel blade that needs to be maintained to prevent damage over time. In fact, when you expose your sword, your friends will be curious to see the blade and touch it. This is where you need to be careful, as the acidity of your fingers is very harmful to steel, whatever its quality.<\/p>\n<p>However, if this does happen, don't panic, just use a cloth dampened with a little oil and wipe off any fingerprints. By doing so, you'll keep your katana for a very long time.<\/p>","protected":false},"excerpt":{"rendered":"<p>Handcrafted using the techniques of a master blacksmith.<\/p>\n<ul>\n<li>Forged 1045 steel blade with cutting edge.<\/li>\n<li>Forge Maru.<\/li>\n<li>Tempering line.<\/li>\n<li>Black lacquered sheath.<\/li>\n<li>Handle surrounded by white cotton braid.<\/li>\n<li>Steel tsuba.<\/li>\n<li>Removable for maintenance.<\/li>\n<li>Blade length: 70 cm - Total length: 103 cm<\/li>\n<\/ul>","protected":false},"featured_media":26787,"template":"","meta":[],"product_brand":[896],"product_cat":[26,38],"product_tag":[],"class_list":{"0":"post-26786","1":"product","2":"type-product","3":"status-publish","4":"has-post-thumbnail","6":"product_brand-replique-manga-cine","7":"product_cat-katana-epee","8":"product_cat-katana-forge","10":"first","11":"outofstock","12":"taxable","13":"shipping-taxable","14":"purchasable","15":"product-type-simple"},"yoast_head":"<!-- This site is optimized with the Yoast SEO plugin v27.5 - https:\/\/yoast.com\/product\/yoast-seo-wordpress\/ -->\n<title>Katana de Coupe Forg\u00e9 - Sabre tranchant - R\u00e9plique Manga Cin\u00e9<\/title>\n<meta name=\"description\" content=\"Offre-lui ! Ce Katana de Coupe Forg\u00e9 au meilleur prix - Lame acier Maru tranchante avec gorge - Garde acier d\u00e9cor\u00e9e - Longueur totale : 103 cm\" \/>\n<meta name=\"robots\" content=\"index, follow, max-snippet:-1, max-image-preview:large, max-video-preview:-1\" \/>\n<link rel=\"canonical\" href=\"https:\/\/repliquemangacine.fr\/en\/katana-forge\/maru-blade-forged-cutting-katana\/\" \/>\n<meta property=\"og:locale\" content=\"en_US\" \/>\n<meta property=\"og:type\" content=\"article\" \/>\n<meta property=\"og:title\" content=\"Katana de Coupe Forg\u00e9 - Sabre tranchant - R\u00e9plique Manga Cin\u00e9\" \/>\n<meta property=\"og:description\" content=\"Offre-lui ! Ce Katana de Coupe Forg\u00e9 au meilleur prix - Lame acier Maru tranchante avec gorge - Garde acier d\u00e9cor\u00e9e - Longueur totale : 103 cm\" \/>\n<meta property=\"og:url\" content=\"https:\/\/repliquemangacine.fr\/en\/katana-forge\/maru-blade-forged-cutting-katana\/\" \/>\n<meta property=\"og:site_name\" content=\"R\u00e9plique Manga Cin\u00e9\" \/>\n<meta property=\"article:publisher\" content=\"https:\/\/www.facebook.com\/RepliqueMangaCine\" \/>\n<meta property=\"article:modified_time\" content=\"2026-02-27T08:39:04+00:00\" \/>\n<meta property=\"og:image\" content=\"https:\/\/repliquemangacine.fr\/wp-content\/uploads\/2023\/10\/1495-Katana-de-coupe-Lame-Maru.jpg\" \/>\n\t<meta property=\"og:image:width\" content=\"800\" \/>\n\t<meta property=\"og:image:height\" content=\"800\" \/>\n\t<meta property=\"og:image:type\" content=\"image\/jpeg\" \/>\n<meta name=\"twitter:card\" content=\"summary_large_image\" \/>\n<meta name=\"twitter:label1\" content=\"Est. reading time\" \/>\n\t<meta name=\"twitter:data1\" content=\"1 minute\" \/>\n<script type=\"application\/ld+json\" class=\"yoast-schema-graph\">{\"@context\":\"https:\\\/\\\/schema.org\",\"@graph\":[{\"@type\":\"WebPage\",\"@id\":\"https:\\\/\\\/repliquemangacine.fr\\\/katana-forge\\\/katana-de-coupe-forge-lame-maru\\\/\",\"url\":\"https:\\\/\\\/repliquemangacine.fr\\\/katana-forge\\\/katana-de-coupe-forge-lame-maru\\\/\",\"name\":\"Katana de Coupe Forg\u00e9 - Sabre tranchant - R\u00e9plique Manga Cin\u00e9\",\"isPartOf\":{\"@id\":\"https:\\\/\\\/repliquemangacine.fr\\\/#website\"},\"primaryImageOfPage\":{\"@id\":\"https:\\\/\\\/repliquemangacine.fr\\\/katana-forge\\\/katana-de-coupe-forge-lame-maru\\\/#primaryimage\"},\"image\":{\"@id\":\"https:\\\/\\\/repliquemangacine.fr\\\/katana-forge\\\/katana-de-coupe-forge-lame-maru\\\/#primaryimage\"},\"thumbnailUrl\":\"https:\\\/\\\/repliquemangacine.fr\\\/wp-content\\\/uploads\\\/2023\\\/10\\\/1495-Katana-de-coupe-Lame-Maru.jpg\",\"datePublished\":\"2017-01-16T21:52:46+00:00\",\"dateModified\":\"2026-02-27T08:39:04+00:00\",\"description\":\"Offre-lui ! Ce Katana de Coupe Forg\u00e9 au meilleur prix - Lame acier Maru tranchante avec gorge - Garde acier d\u00e9cor\u00e9e - Longueur totale : 103 cm\",\"breadcrumb\":{\"@id\":\"https:\\\/\\\/repliquemangacine.fr\\\/katana-forge\\\/katana-de-coupe-forge-lame-maru\\\/#breadcrumb\"},\"inLanguage\":\"en-US\",\"potentialAction\":[{\"@type\":\"ReadAction\",\"target\":[\"https:\\\/\\\/repliquemangacine.fr\\\/katana-forge\\\/katana-de-coupe-forge-lame-maru\\\/\"]}]},{\"@type\":\"ImageObject\",\"inLanguage\":\"en-US\",\"@id\":\"https:\\\/\\\/repliquemangacine.fr\\\/katana-forge\\\/katana-de-coupe-forge-lame-maru\\\/#primaryimage\",\"url\":\"https:\\\/\\\/repliquemangacine.fr\\\/wp-content\\\/uploads\\\/2023\\\/10\\\/1495-Katana-de-coupe-Lame-Maru.jpg\",\"contentUrl\":\"https:\\\/\\\/repliquemangacine.fr\\\/wp-content\\\/uploads\\\/2023\\\/10\\\/1495-Katana-de-coupe-Lame-Maru.jpg\",\"width\":800,\"height\":800,\"caption\":\"Katana de coupe - Lame Maru\"},{\"@type\":\"BreadcrumbList\",\"@id\":\"https:\\\/\\\/repliquemangacine.fr\\\/katana-forge\\\/katana-de-coupe-forge-lame-maru\\\/#breadcrumb\",\"itemListElement\":[{\"@type\":\"ListItem\",\"position\":1,\"name\":\"Accueil\",\"item\":\"https:\\\/\\\/repliquemangacine.fr\\\/\"},{\"@type\":\"ListItem\",\"position\":2,\"name\":\"Produits\",\"item\":\"https:\\\/\\\/repliquemangacine.fr\\\/boutique\\\/\"},{\"@type\":\"ListItem\",\"position\":3,\"name\":\"Katana de Coupe Forg\u00e9\"}]},{\"@type\":\"WebSite\",\"@id\":\"https:\\\/\\\/repliquemangacine.fr\\\/#website\",\"url\":\"https:\\\/\\\/repliquemangacine.fr\\\/\",\"name\":\"R\u00e9plique Manga Cin\u00e9\",\"description\":\"\",\"publisher\":{\"@id\":\"https:\\\/\\\/repliquemangacine.fr\\\/#organization\"},\"potentialAction\":[{\"@type\":\"SearchAction\",\"target\":{\"@type\":\"EntryPoint\",\"urlTemplate\":\"https:\\\/\\\/repliquemangacine.fr\\\/?s={search_term_string}\"},\"query-input\":{\"@type\":\"PropertyValueSpecification\",\"valueRequired\":true,\"valueName\":\"search_term_string\"}}],\"inLanguage\":\"en-US\"},{\"@type\":\"Organization\",\"@id\":\"https:\\\/\\\/repliquemangacine.fr\\\/#organization\",\"name\":\"R\u00e9plique Manga Cin\u00e9\",\"url\":\"https:\\\/\\\/repliquemangacine.fr\\\/\",\"logo\":{\"@type\":\"ImageObject\",\"inLanguage\":\"en-US\",\"@id\":\"https:\\\/\\\/repliquemangacine.fr\\\/#\\\/schema\\\/logo\\\/image\\\/\",\"url\":\"https:\\\/\\\/repliquemangacine.fr\\\/wp-content\\\/uploads\\\/2023\\\/10\\\/RMC-500250.png\",\"contentUrl\":\"https:\\\/\\\/repliquemangacine.fr\\\/wp-content\\\/uploads\\\/2023\\\/10\\\/RMC-500250.png\",\"width\":500,\"height\":250,\"caption\":\"R\u00e9plique Manga Cin\u00e9\"},\"image\":{\"@id\":\"https:\\\/\\\/repliquemangacine.fr\\\/#\\\/schema\\\/logo\\\/image\\\/\"},\"sameAs\":[\"https:\\\/\\\/www.facebook.com\\\/RepliqueMangaCine\",\"https:\\\/\\\/www.instagram.com\\\/repliquemangacine.fr\\\/\"]}]}<\/script>\n<!-- \/ Yoast SEO plugin. -->","yoast_head_json":{"title":"Katana de Coupe Forg\u00e9 - Cutting sword - R\u00e9plique Manga Cin\u00e9","description":"Give it away! This Katana de Coupe Forg\u00e9 at the best price - Maru steel cutting blade with throat - Decorated steel guard - Total length: 103 cm","robots":{"index":"index","follow":"follow","max-snippet":"max-snippet:-1","max-image-preview":"max-image-preview:large","max-video-preview":"max-video-preview:-1"},"canonical":"https:\/\/repliquemangacine.fr\/en\/katana-forge\/maru-blade-forged-cutting-katana\/","og_locale":"en_US","og_type":"article","og_title":"Katana de Coupe Forg\u00e9 - Sabre tranchant - R\u00e9plique Manga Cin\u00e9","og_description":"Offre-lui ! Ce Katana de Coupe Forg\u00e9 au meilleur prix - Lame acier Maru tranchante avec gorge - Garde acier d\u00e9cor\u00e9e - Longueur totale : 103 cm","og_url":"https:\/\/repliquemangacine.fr\/en\/katana-forge\/maru-blade-forged-cutting-katana\/","og_site_name":"R\u00e9plique Manga Cin\u00e9","article_publisher":"https:\/\/www.facebook.com\/RepliqueMangaCine","article_modified_time":"2026-02-27T08:39:04+00:00","og_image":[{"width":800,"height":800,"url":"https:\/\/repliquemangacine.fr\/wp-content\/uploads\/2023\/10\/1495-Katana-de-coupe-Lame-Maru.jpg","type":"image\/jpeg"}],"twitter_card":"summary_large_image","twitter_misc":{"Est. reading time":"1 minute"},"schema":{"@context":"https:\/\/schema.org","@graph":[{"@type":"WebPage","@id":"https:\/\/repliquemangacine.fr\/katana-forge\/katana-de-coupe-forge-lame-maru\/","url":"https:\/\/repliquemangacine.fr\/katana-forge\/katana-de-coupe-forge-lame-maru\/","name":"Katana de Coupe Forg\u00e9 - Cutting sword - R\u00e9plique Manga Cin\u00e9","isPartOf":{"@id":"https:\/\/repliquemangacine.fr\/#website"},"primaryImageOfPage":{"@id":"https:\/\/repliquemangacine.fr\/katana-forge\/katana-de-coupe-forge-lame-maru\/#primaryimage"},"image":{"@id":"https:\/\/repliquemangacine.fr\/katana-forge\/katana-de-coupe-forge-lame-maru\/#primaryimage"},"thumbnailUrl":"https:\/\/repliquemangacine.fr\/wp-content\/uploads\/2023\/10\/1495-Katana-de-coupe-Lame-Maru.jpg","datePublished":"2017-01-16T21:52:46+00:00","dateModified":"2026-02-27T08:39:04+00:00","description":"Give it away! This Katana de Coupe Forg\u00e9 at the best price - Maru steel cutting blade with throat - Decorated steel guard - Total length: 103 cm","breadcrumb":{"@id":"https:\/\/repliquemangacine.fr\/katana-forge\/katana-de-coupe-forge-lame-maru\/#breadcrumb"},"inLanguage":"en-US","potentialAction":[{"@type":"ReadAction","target":["https:\/\/repliquemangacine.fr\/katana-forge\/katana-de-coupe-forge-lame-maru\/"]}]},{"@type":"ImageObject","inLanguage":"en-US","@id":"https:\/\/repliquemangacine.fr\/katana-forge\/katana-de-coupe-forge-lame-maru\/#primaryimage","url":"https:\/\/repliquemangacine.fr\/wp-content\/uploads\/2023\/10\/1495-Katana-de-coupe-Lame-Maru.jpg","contentUrl":"https:\/\/repliquemangacine.fr\/wp-content\/uploads\/2023\/10\/1495-Katana-de-coupe-Lame-Maru.jpg","width":800,"height":800,"caption":"Katana de coupe - Lame Maru"},{"@type":"BreadcrumbList","@id":"https:\/\/repliquemangacine.fr\/katana-forge\/katana-de-coupe-forge-lame-maru\/#breadcrumb","itemListElement":[{"@type":"ListItem","position":1,"name":"Accueil","item":"https:\/\/repliquemangacine.fr\/"},{"@type":"ListItem","position":2,"name":"Produits","item":"https:\/\/repliquemangacine.fr\/boutique\/"},{"@type":"ListItem","position":3,"name":"Katana de Coupe Forg\u00e9"}]},{"@type":"WebSite","@id":"https:\/\/repliquemangacine.fr\/#website","url":"https:\/\/repliquemangacine.fr\/","name":"R\u00e9plique Manga Cin\u00e9","description":"","publisher":{"@id":"https:\/\/repliquemangacine.fr\/#organization"},"potentialAction":[{"@type":"SearchAction","target":{"@type":"EntryPoint","urlTemplate":"https:\/\/repliquemangacine.fr\/?s={search_term_string}"},"query-input":{"@type":"PropertyValueSpecification","valueRequired":true,"valueName":"search_term_string"}}],"inLanguage":"en-US"},{"@type":"Organization","@id":"https:\/\/repliquemangacine.fr\/#organization","name":"R\u00e9plique Manga Cin\u00e9","url":"https:\/\/repliquemangacine.fr\/","logo":{"@type":"ImageObject","inLanguage":"en-US","@id":"https:\/\/repliquemangacine.fr\/#\/schema\/logo\/image\/","url":"https:\/\/repliquemangacine.fr\/wp-content\/uploads\/2023\/10\/RMC-500250.png","contentUrl":"https:\/\/repliquemangacine.fr\/wp-content\/uploads\/2023\/10\/RMC-500250.png","width":500,"height":250,"caption":"R\u00e9plique Manga Cin\u00e9"},"image":{"@id":"https:\/\/repliquemangacine.fr\/#\/schema\/logo\/image\/"},"sameAs":["https:\/\/www.facebook.com\/RepliqueMangaCine","https:\/\/www.instagram.com\/repliquemangacine.fr\/"]}]}},"_links":{"self":[{"href":"https:\/\/repliquemangacine.fr\/en\/wp-json\/wp\/v2\/product\/26786","targetHints":{"allow":["GET"]}}],"collection":[{"href":"https:\/\/repliquemangacine.fr\/en\/wp-json\/wp\/v2\/product"}],"about":[{"href":"https:\/\/repliquemangacine.fr\/en\/wp-json\/wp\/v2\/types\/product"}],"wp:featuredmedia":[{"embeddable":true,"href":"https:\/\/repliquemangacine.fr\/en\/wp-json\/wp\/v2\/media\/26787"}],"wp:attachment":[{"href":"https:\/\/repliquemangacine.fr\/en\/wp-json\/wp\/v2\/media?parent=26786"}],"wp:term":[{"taxonomy":"product_brand","embeddable":true,"href":"https:\/\/repliquemangacine.fr\/en\/wp-json\/wp\/v2\/product_brand?post=26786"},{"taxonomy":"product_cat","embeddable":true,"href":"https:\/\/repliquemangacine.fr\/en\/wp-json\/wp\/v2\/product_cat?post=26786"},{"taxonomy":"product_tag","embeddable":true,"href":"https:\/\/repliquemangacine.fr\/en\/wp-json\/wp\/v2\/product_tag?post=26786"}],"curies":[{"name":"wp","href":"https:\/\/api.w.org\/{rel}","templated":true}]}}