





{"id":26776,"date":"2017-01-16T21:34:14","date_gmt":"2017-01-16T20:34:14","guid":{"rendered":"https:\/\/repliquemangacine.fr\/?post_type=product&#038;p=26776"},"modified":"2026-03-17T17:53:43","modified_gmt":"2026-03-17T16:53:43","slug":"katana-shirasaya-forge-damascus-blade","status":"publish","type":"product","link":"https:\/\/repliquemangacine.fr\/en\/katana-forge\/katana-shirasaya-forge-lame-damas\/","title":{"rendered":"Shirasaya Forged Damascus Blade"},"content":{"rendered":"<h2>Shirasaya Forged Damascus Blade Fudoshin<\/h2>\n<p>To begin with, the <strong>Shirasaya Forged Damascus Blade<\/strong>made by traditional craftsmen using time-honoured <a href=\"https:\/\/futuhazuki.wordpress.com\/le-sabre-de-musashi\/lignee-de-transmission\/\" target=\"_blank\" rel=\"noopener noreferrer\">Master Masahiro<\/a>.<\/p>\n<p>This shirasaya is truly selectively tempered. Hardness of 60 Hrc on the Filet and 40 Hrc on the back of the blade. Steel: laminated 1095 forged.<br \/>\nForge: DAMAS (900 layers of steel).<strong><br \/>\n<\/strong><\/p>\n<p>All Fudoshin brand katanas are intended solely for decoration or cutting training on rolls of woven rice straw. If the purchaser or holder of this product uses it for any other purpose, he\/she assumes all risk and liability arising from misuse of this product. <strong>Sale strictly reserved for adults.<\/strong><\/p>\n<h2>Your Shirasaya Forg\u00e9 Lame Damas at the best price.<\/h2>\n<p>We offer a wide choice of forged katanas for cutting training, or for interior decoration.<\/p>\n<p>First and foremost,<\/p>\n<ul>\n<li>Visit <a href=\"https:\/\/repliquemangacine.fr\/en\/films-tv-series-sale-of-katana-sword-and-related-products\/katana-forge-de-michonne\/\">Michonne's cutting katana<\/a> in The Walking Dead series.<\/li>\n<li>But also the <a href=\"https:\/\/repliquemangacine.fr\/en\/the-last-samurai\/katana-forges-the-last-samurai\/\">katana by Nathan Algren<\/a> in the film The Last Samurai.<\/li>\n<li>And many more to discover in our online store!<\/li>\n<\/ul>\n<p>That's why this is a great gift idea for Martial Arts lovers.<\/p>\n<p>In conclusion, you can also use this <strong>Shirasaya Forged Damascus Blade<\/strong> for your cutting debut, or for your collection. But above all, it's also a collector's item and a decorative element.<\/p>\n<h2><strong>How to care for your katana blade?<\/strong><\/h2>\n<p>Fudoshin brand forged katanas offer you the assurance of exceptional blade quality and finish. The choice of steel, the forging technique and the clay dipping process ensure solidity, suppleness, balance and impeccable sharpness for every blade.<\/p>\n<p>However, your <strong>Shirasaya Forged Damascus Blade<\/strong> to a steel blade that needs to be maintained to prevent damage over time. In fact, when you expose your sword, your friends will be curious to see the blade and touch it. This is where you need to be careful, as the acidity of your fingers is very harmful to steel, whatever its quality.<\/p>\n<p>However, if this does happen, don't panic, just use a cloth dampened with a little oil and wipe off any fingerprints. By doing so, you'll keep your katana for a very long time.<\/p>","protected":false},"excerpt":{"rendered":"<p>Handcrafted, Shirasaya, entirely hand-forged using Master Masahiro's technique.<\/p>\n<ul>\n<li>Very sharp blade in forged 1095 laminated steel.<\/li>\n<li>Forge <strong>DAMAS. <\/strong><\/li>\n<li>A true tempering line.<\/li>\n<li>Saya and Tsuka in natural varnished wood.<\/li>\n<li>Removable for maintenance.<\/li>\n<li>Certificate of authenticity<\/li>\n<li>Supplied with protective cover and maintenance manual<\/li>\n<\/ul>","protected":false},"featured_media":26777,"template":"","meta":[],"product_brand":[896],"product_cat":[26,38],"product_tag":[],"class_list":{"0":"post-26776","1":"product","2":"type-product","3":"status-publish","4":"has-post-thumbnail","6":"product_brand-replique-manga-cine","7":"product_cat-katana-epee","8":"product_cat-katana-forge","10":"first","11":"outofstock","12":"taxable","13":"shipping-taxable","14":"purchasable","15":"product-type-simple"},"yoast_head":"<!-- This site is optimized with the Yoast SEO plugin v27.5 - https:\/\/yoast.com\/product\/yoast-seo-wordpress\/ -->\n<title>Shirasaya forg\u00e9 Lame Damas - Fudoshin | R\u00e9plique Manga Cin\u00e9<\/title>\n<meta name=\"description\" content=\"Sublime Shirasaya forg\u00e9 Lame Damas au meilleur prix - Lame en acier feuillet\u00e9 - Forge DAMAS - Ligne de trempe - Fourreau et poign\u00e9e en bois naturel verni\" \/>\n<meta name=\"robots\" content=\"index, follow, max-snippet:-1, max-image-preview:large, max-video-preview:-1\" \/>\n<link rel=\"canonical\" href=\"https:\/\/repliquemangacine.fr\/en\/katana-forge\/katana-shirasaya-forge-damascus-blade\/\" \/>\n<meta property=\"og:locale\" content=\"en_US\" \/>\n<meta property=\"og:type\" content=\"article\" \/>\n<meta property=\"og:title\" content=\"Shirasaya forg\u00e9 Lame Damas - Fudoshin | R\u00e9plique Manga Cin\u00e9\" \/>\n<meta property=\"og:description\" content=\"Sublime Shirasaya forg\u00e9 Lame Damas au meilleur prix - Lame en acier feuillet\u00e9 - Forge DAMAS - Ligne de trempe - Fourreau et poign\u00e9e en bois naturel verni\" \/>\n<meta property=\"og:url\" content=\"https:\/\/repliquemangacine.fr\/en\/katana-forge\/katana-shirasaya-forge-damascus-blade\/\" \/>\n<meta property=\"og:site_name\" content=\"R\u00e9plique Manga Cin\u00e9\" \/>\n<meta property=\"article:publisher\" content=\"https:\/\/www.facebook.com\/RepliqueMangaCine\" \/>\n<meta property=\"article:modified_time\" content=\"2026-03-17T16:53:43+00:00\" \/>\n<meta property=\"og:image\" content=\"https:\/\/repliquemangacine.fr\/wp-content\/uploads\/2023\/10\/1484-Katana-shirasaya-Damas.jpg\" \/>\n\t<meta property=\"og:image:width\" content=\"800\" \/>\n\t<meta property=\"og:image:height\" content=\"800\" \/>\n\t<meta property=\"og:image:type\" content=\"image\/jpeg\" \/>\n<meta name=\"twitter:card\" content=\"summary_large_image\" \/>\n<meta name=\"twitter:label1\" content=\"Est. reading time\" \/>\n\t<meta name=\"twitter:data1\" content=\"3 minutes\" \/>\n<script type=\"application\/ld+json\" class=\"yoast-schema-graph\">{\"@context\":\"https:\\\/\\\/schema.org\",\"@graph\":[{\"@type\":\"WebPage\",\"@id\":\"https:\\\/\\\/repliquemangacine.fr\\\/katana-forge\\\/katana-shirasaya-forge-lame-damas\\\/\",\"url\":\"https:\\\/\\\/repliquemangacine.fr\\\/katana-forge\\\/katana-shirasaya-forge-lame-damas\\\/\",\"name\":\"Shirasaya forg\u00e9 Lame Damas - Fudoshin | R\u00e9plique Manga Cin\u00e9\",\"isPartOf\":{\"@id\":\"https:\\\/\\\/repliquemangacine.fr\\\/#website\"},\"primaryImageOfPage\":{\"@id\":\"https:\\\/\\\/repliquemangacine.fr\\\/katana-forge\\\/katana-shirasaya-forge-lame-damas\\\/#primaryimage\"},\"image\":{\"@id\":\"https:\\\/\\\/repliquemangacine.fr\\\/katana-forge\\\/katana-shirasaya-forge-lame-damas\\\/#primaryimage\"},\"thumbnailUrl\":\"https:\\\/\\\/repliquemangacine.fr\\\/wp-content\\\/uploads\\\/2023\\\/10\\\/1484-Katana-shirasaya-Damas.jpg\",\"datePublished\":\"2017-01-16T20:34:14+00:00\",\"dateModified\":\"2026-03-17T16:53:43+00:00\",\"description\":\"Sublime Shirasaya forg\u00e9 Lame Damas au meilleur prix - Lame en acier feuillet\u00e9 - Forge DAMAS - Ligne de trempe - Fourreau et poign\u00e9e en bois naturel verni\",\"breadcrumb\":{\"@id\":\"https:\\\/\\\/repliquemangacine.fr\\\/katana-forge\\\/katana-shirasaya-forge-lame-damas\\\/#breadcrumb\"},\"inLanguage\":\"en-US\",\"potentialAction\":[{\"@type\":\"ReadAction\",\"target\":[\"https:\\\/\\\/repliquemangacine.fr\\\/katana-forge\\\/katana-shirasaya-forge-lame-damas\\\/\"]}]},{\"@type\":\"ImageObject\",\"inLanguage\":\"en-US\",\"@id\":\"https:\\\/\\\/repliquemangacine.fr\\\/katana-forge\\\/katana-shirasaya-forge-lame-damas\\\/#primaryimage\",\"url\":\"https:\\\/\\\/repliquemangacine.fr\\\/wp-content\\\/uploads\\\/2023\\\/10\\\/1484-Katana-shirasaya-Damas.jpg\",\"contentUrl\":\"https:\\\/\\\/repliquemangacine.fr\\\/wp-content\\\/uploads\\\/2023\\\/10\\\/1484-Katana-shirasaya-Damas.jpg\",\"width\":800,\"height\":800,\"caption\":\"Katana shirasaya Damas\"},{\"@type\":\"BreadcrumbList\",\"@id\":\"https:\\\/\\\/repliquemangacine.fr\\\/katana-forge\\\/katana-shirasaya-forge-lame-damas\\\/#breadcrumb\",\"itemListElement\":[{\"@type\":\"ListItem\",\"position\":1,\"name\":\"Accueil\",\"item\":\"https:\\\/\\\/repliquemangacine.fr\\\/\"},{\"@type\":\"ListItem\",\"position\":2,\"name\":\"Produits\",\"item\":\"https:\\\/\\\/repliquemangacine.fr\\\/boutique\\\/\"},{\"@type\":\"ListItem\",\"position\":3,\"name\":\"Shirasaya Forg\u00e9 Lame Damas\"}]},{\"@type\":\"WebSite\",\"@id\":\"https:\\\/\\\/repliquemangacine.fr\\\/#website\",\"url\":\"https:\\\/\\\/repliquemangacine.fr\\\/\",\"name\":\"R\u00e9plique Manga Cin\u00e9\",\"description\":\"\",\"publisher\":{\"@id\":\"https:\\\/\\\/repliquemangacine.fr\\\/#organization\"},\"potentialAction\":[{\"@type\":\"SearchAction\",\"target\":{\"@type\":\"EntryPoint\",\"urlTemplate\":\"https:\\\/\\\/repliquemangacine.fr\\\/?s={search_term_string}\"},\"query-input\":{\"@type\":\"PropertyValueSpecification\",\"valueRequired\":true,\"valueName\":\"search_term_string\"}}],\"inLanguage\":\"en-US\"},{\"@type\":\"Organization\",\"@id\":\"https:\\\/\\\/repliquemangacine.fr\\\/#organization\",\"name\":\"R\u00e9plique Manga Cin\u00e9\",\"url\":\"https:\\\/\\\/repliquemangacine.fr\\\/\",\"logo\":{\"@type\":\"ImageObject\",\"inLanguage\":\"en-US\",\"@id\":\"https:\\\/\\\/repliquemangacine.fr\\\/#\\\/schema\\\/logo\\\/image\\\/\",\"url\":\"https:\\\/\\\/repliquemangacine.fr\\\/wp-content\\\/uploads\\\/2023\\\/10\\\/RMC-500250.png\",\"contentUrl\":\"https:\\\/\\\/repliquemangacine.fr\\\/wp-content\\\/uploads\\\/2023\\\/10\\\/RMC-500250.png\",\"width\":500,\"height\":250,\"caption\":\"R\u00e9plique Manga Cin\u00e9\"},\"image\":{\"@id\":\"https:\\\/\\\/repliquemangacine.fr\\\/#\\\/schema\\\/logo\\\/image\\\/\"},\"sameAs\":[\"https:\\\/\\\/www.facebook.com\\\/RepliqueMangaCine\",\"https:\\\/\\\/www.instagram.com\\\/repliquemangacine.fr\\\/\"]}]}<\/script>\n<!-- \/ Yoast SEO plugin. -->","yoast_head_json":{"title":"Shirasaya forged Damascus blade - Fudoshin | R\u00e9plique Manga Cin\u00e9","description":"Sublime forged Shirasaya Damascus blade at the best price - Laminated steel blade - DAMAS forge - Hardening line - Natural varnished wood scabbard and handle","robots":{"index":"index","follow":"follow","max-snippet":"max-snippet:-1","max-image-preview":"max-image-preview:large","max-video-preview":"max-video-preview:-1"},"canonical":"https:\/\/repliquemangacine.fr\/en\/katana-forge\/katana-shirasaya-forge-damascus-blade\/","og_locale":"en_US","og_type":"article","og_title":"Shirasaya forg\u00e9 Lame Damas - Fudoshin | R\u00e9plique Manga Cin\u00e9","og_description":"Sublime Shirasaya forg\u00e9 Lame Damas au meilleur prix - Lame en acier feuillet\u00e9 - Forge DAMAS - Ligne de trempe - Fourreau et poign\u00e9e en bois naturel verni","og_url":"https:\/\/repliquemangacine.fr\/en\/katana-forge\/katana-shirasaya-forge-damascus-blade\/","og_site_name":"R\u00e9plique Manga Cin\u00e9","article_publisher":"https:\/\/www.facebook.com\/RepliqueMangaCine","article_modified_time":"2026-03-17T16:53:43+00:00","og_image":[{"width":800,"height":800,"url":"https:\/\/repliquemangacine.fr\/wp-content\/uploads\/2023\/10\/1484-Katana-shirasaya-Damas.jpg","type":"image\/jpeg"}],"twitter_card":"summary_large_image","twitter_misc":{"Est. reading time":"3 minutes"},"schema":{"@context":"https:\/\/schema.org","@graph":[{"@type":"WebPage","@id":"https:\/\/repliquemangacine.fr\/katana-forge\/katana-shirasaya-forge-lame-damas\/","url":"https:\/\/repliquemangacine.fr\/katana-forge\/katana-shirasaya-forge-lame-damas\/","name":"Shirasaya forged Damascus blade - Fudoshin | R\u00e9plique Manga Cin\u00e9","isPartOf":{"@id":"https:\/\/repliquemangacine.fr\/#website"},"primaryImageOfPage":{"@id":"https:\/\/repliquemangacine.fr\/katana-forge\/katana-shirasaya-forge-lame-damas\/#primaryimage"},"image":{"@id":"https:\/\/repliquemangacine.fr\/katana-forge\/katana-shirasaya-forge-lame-damas\/#primaryimage"},"thumbnailUrl":"https:\/\/repliquemangacine.fr\/wp-content\/uploads\/2023\/10\/1484-Katana-shirasaya-Damas.jpg","datePublished":"2017-01-16T20:34:14+00:00","dateModified":"2026-03-17T16:53:43+00:00","description":"Sublime forged Shirasaya Damascus blade at the best price - Laminated steel blade - DAMAS forge - Hardening line - Natural varnished wood scabbard and handle","breadcrumb":{"@id":"https:\/\/repliquemangacine.fr\/katana-forge\/katana-shirasaya-forge-lame-damas\/#breadcrumb"},"inLanguage":"en-US","potentialAction":[{"@type":"ReadAction","target":["https:\/\/repliquemangacine.fr\/katana-forge\/katana-shirasaya-forge-lame-damas\/"]}]},{"@type":"ImageObject","inLanguage":"en-US","@id":"https:\/\/repliquemangacine.fr\/katana-forge\/katana-shirasaya-forge-lame-damas\/#primaryimage","url":"https:\/\/repliquemangacine.fr\/wp-content\/uploads\/2023\/10\/1484-Katana-shirasaya-Damas.jpg","contentUrl":"https:\/\/repliquemangacine.fr\/wp-content\/uploads\/2023\/10\/1484-Katana-shirasaya-Damas.jpg","width":800,"height":800,"caption":"Katana shirasaya Damas"},{"@type":"BreadcrumbList","@id":"https:\/\/repliquemangacine.fr\/katana-forge\/katana-shirasaya-forge-lame-damas\/#breadcrumb","itemListElement":[{"@type":"ListItem","position":1,"name":"Accueil","item":"https:\/\/repliquemangacine.fr\/"},{"@type":"ListItem","position":2,"name":"Produits","item":"https:\/\/repliquemangacine.fr\/boutique\/"},{"@type":"ListItem","position":3,"name":"Shirasaya Forg\u00e9 Lame Damas"}]},{"@type":"WebSite","@id":"https:\/\/repliquemangacine.fr\/#website","url":"https:\/\/repliquemangacine.fr\/","name":"R\u00e9plique Manga Cin\u00e9","description":"","publisher":{"@id":"https:\/\/repliquemangacine.fr\/#organization"},"potentialAction":[{"@type":"SearchAction","target":{"@type":"EntryPoint","urlTemplate":"https:\/\/repliquemangacine.fr\/?s={search_term_string}"},"query-input":{"@type":"PropertyValueSpecification","valueRequired":true,"valueName":"search_term_string"}}],"inLanguage":"en-US"},{"@type":"Organization","@id":"https:\/\/repliquemangacine.fr\/#organization","name":"R\u00e9plique Manga Cin\u00e9","url":"https:\/\/repliquemangacine.fr\/","logo":{"@type":"ImageObject","inLanguage":"en-US","@id":"https:\/\/repliquemangacine.fr\/#\/schema\/logo\/image\/","url":"https:\/\/repliquemangacine.fr\/wp-content\/uploads\/2023\/10\/RMC-500250.png","contentUrl":"https:\/\/repliquemangacine.fr\/wp-content\/uploads\/2023\/10\/RMC-500250.png","width":500,"height":250,"caption":"R\u00e9plique Manga Cin\u00e9"},"image":{"@id":"https:\/\/repliquemangacine.fr\/#\/schema\/logo\/image\/"},"sameAs":["https:\/\/www.facebook.com\/RepliqueMangaCine","https:\/\/www.instagram.com\/repliquemangacine.fr\/"]}]}},"_links":{"self":[{"href":"https:\/\/repliquemangacine.fr\/en\/wp-json\/wp\/v2\/product\/26776","targetHints":{"allow":["GET"]}}],"collection":[{"href":"https:\/\/repliquemangacine.fr\/en\/wp-json\/wp\/v2\/product"}],"about":[{"href":"https:\/\/repliquemangacine.fr\/en\/wp-json\/wp\/v2\/types\/product"}],"wp:featuredmedia":[{"embeddable":true,"href":"https:\/\/repliquemangacine.fr\/en\/wp-json\/wp\/v2\/media\/26777"}],"wp:attachment":[{"href":"https:\/\/repliquemangacine.fr\/en\/wp-json\/wp\/v2\/media?parent=26776"}],"wp:term":[{"taxonomy":"product_brand","embeddable":true,"href":"https:\/\/repliquemangacine.fr\/en\/wp-json\/wp\/v2\/product_brand?post=26776"},{"taxonomy":"product_cat","embeddable":true,"href":"https:\/\/repliquemangacine.fr\/en\/wp-json\/wp\/v2\/product_cat?post=26776"},{"taxonomy":"product_tag","embeddable":true,"href":"https:\/\/repliquemangacine.fr\/en\/wp-json\/wp\/v2\/product_tag?post=26776"}],"curies":[{"name":"wp","href":"https:\/\/api.w.org\/{rel}","templated":true}]}}