





{"id":26768,"date":"2017-01-12T18:40:16","date_gmt":"2017-01-12T17:40:16","guid":{"rendered":"https:\/\/repliquemangacine.fr\/?post_type=product&#038;p=26768"},"modified":"2026-04-29T15:46:46","modified_gmt":"2026-04-29T13:46:46","slug":"rambo-signature-dagger-6","status":"publish","type":"product","link":"https:\/\/repliquemangacine.fr\/en\/couteaux-rambo-poignard-john-rambo\/poignard-signature-rambo-6\/","title":{"rendered":"Signed Stallone dagger"},"content":{"rendered":"<h2>Special edition Rambo 6 signature dagger<\/h2>\n<p>To begin with, the <strong>Rambo 6 signature dagger<\/strong> is a special edition Master Cutlery. No certificate of authenticity, but the high quality of the dagger will delight all fans, especially at this price!<\/p>\n<p>First of all, Rambo is an American film saga made up of five films. John James Rambo is the main character in both the novel and the film adaptations. He is played on the big screen by actor Sylvester Stallone.<\/p>\n<p>The only person he really trusts is Trautman. <a href=\"https:\/\/heros.fandom.com\/fr\/wiki\/John_Rambo\">Rambo<\/a> An experienced fighter, he was able to handle multiple enemies single-handedly and with his bare hands.<\/p>\n<h2>Your Rambo 6 Signature Dagger at the best price.<\/h2>\n<p>We offer you all the Rambo knives from all his films.<\/p>\n<p>First and foremost,<\/p>\n<ul>\n<li>The impressive <a href=\"https:\/\/repliquemangacine.fr\/en\/rambo-knives-john-rambo-dagger\/rambo-dagger-3\/\">Rambo 3 dagger<\/a> which he uses in this opus.<\/li>\n<li>There is also the <a href=\"https:\/\/repliquemangacine.fr\/en\/rambo-knives-john-rambo-dagger\/rambo-machete-4\/\">Rambo machete<\/a> seen in films 4 and 5<\/li>\n<li>As well as Le <a href=\"https:\/\/repliquemangacine.fr\/en\/rambo-knives-john-rambo-dagger\/rambo-signature-dagger-2\/\">Rambo 2 dagger<\/a>\u00a0with Stallone's own signature.<\/li>\n<li>And much more to discover in our online store!<\/li>\n<\/ul>\n<p>Which is why this is a great gift idea for all Rambo fans.<\/p>\n<p>In conclusion, you can use the <strong>Rambo 6 signature dagger<\/strong> for your theme parties or Cosplays. But above all, this knife is a collector's item.<\/p>\n<p>R\u00e9plique Manga Cin\u00e9 is a French family business<\/p>\n<h2>How to maintain the blade of your knife?<\/h2>\n<p>Collector and decorative knives are made and assembled in a simplified way. As their use is decorative, they lack the safety features required of a Japanese sword intended for training.<\/p>\n<p>However, your <strong>Rambo 6 signature dagger<\/strong> to a steel blade that needs to be cared for to avoid damage over time. In fact, when you display your katana, your friends will be curious to see and touch the blade. This is where you need to be careful, as the acidity of your fingers is very harmful to steel, whatever its quality.<\/p>\n<p>However, if this happens, don't panic. All you need to do is dampen a cloth with a little oil and wipe away the fingerprints. By doing this, you will keep your knife in good condition for a very long time.<\/p>","protected":false},"excerpt":{"rendered":"<p>In a special Master Cutlery edition, discover this remarkable signature Rambo dagger.<\/p>\n<ul>\n<li>Pre-sharpened double-edged steel blade with Sylvester Stallone signature.<\/li>\n<li>Non-slip ABS handle.<\/li>\n<li>Engraved black leather scabbard.<\/li>\n<li>Collector's box.<\/li>\n<li>Blade length: 17 cm - Total length: 31 cm - Weight: 230 grs<\/li>\n<\/ul>","protected":false},"featured_media":26769,"template":"","meta":[],"product_brand":[896],"product_cat":[24,61],"product_tag":[],"class_list":{"0":"post-26768","1":"product","2":"type-product","3":"status-publish","4":"has-post-thumbnail","6":"product_brand-replique-manga-cine","7":"product_cat-films-series-tv-vente-de-katana-epee-et-produits-derives","8":"product_cat-couteaux-rambo-poignard-john-rambo","10":"first","11":"instock","12":"taxable","13":"shipping-taxable","14":"purchasable","15":"product-type-simple"},"yoast_head":"<!-- This site is optimized with the Yoast SEO plugin v27.5 - https:\/\/yoast.com\/product\/yoast-seo-wordpress\/ -->\n<title>Poignard signature Rambo 6 | R\u00e9plique Manga Cin\u00e9<\/title>\n<meta name=\"description\" content=\"D\u00e9couvrez ce superbe Poignard signature Rambo 6 en \u00e9dition sp\u00e9ciale au meilleur prix - Signature de Stallone - Lame acier - Fourreau - Longueur : 31 cm\" \/>\n<meta name=\"robots\" content=\"index, follow, max-snippet:-1, max-image-preview:large, max-video-preview:-1\" \/>\n<link rel=\"canonical\" href=\"https:\/\/repliquemangacine.fr\/en\/rambo-knives-john-rambo-dagger\/rambo-signature-dagger-6\/\" \/>\n<meta property=\"og:locale\" content=\"en_US\" \/>\n<meta property=\"og:type\" content=\"article\" \/>\n<meta property=\"og:title\" content=\"Poignard signature Rambo 6 | R\u00e9plique Manga Cin\u00e9\" \/>\n<meta property=\"og:description\" content=\"D\u00e9couvrez ce superbe Poignard signature Rambo 6 en \u00e9dition sp\u00e9ciale au meilleur prix - Signature de Stallone - Lame acier - Fourreau - Longueur : 31 cm\" \/>\n<meta property=\"og:url\" content=\"https:\/\/repliquemangacine.fr\/en\/rambo-knives-john-rambo-dagger\/rambo-signature-dagger-6\/\" \/>\n<meta property=\"og:site_name\" content=\"R\u00e9plique Manga Cin\u00e9\" \/>\n<meta property=\"article:publisher\" content=\"https:\/\/www.facebook.com\/RepliqueMangaCine\" \/>\n<meta property=\"article:modified_time\" content=\"2026-04-29T13:46:46+00:00\" \/>\n<meta property=\"og:image\" content=\"https:\/\/repliquemangacine.fr\/wp-content\/uploads\/2023\/10\/1400-Couteau-Rambo-Poignard-signature-Stallone.jpg\" \/>\n\t<meta property=\"og:image:width\" content=\"800\" \/>\n\t<meta property=\"og:image:height\" content=\"800\" \/>\n\t<meta property=\"og:image:type\" content=\"image\/jpeg\" \/>\n<meta name=\"twitter:card\" content=\"summary_large_image\" \/>\n<meta name=\"twitter:label1\" content=\"Est. reading time\" \/>\n\t<meta name=\"twitter:data1\" content=\"1 minute\" \/>\n<script type=\"application\/ld+json\" class=\"yoast-schema-graph\">{\"@context\":\"https:\\\/\\\/schema.org\",\"@graph\":[{\"@type\":\"WebPage\",\"@id\":\"https:\\\/\\\/repliquemangacine.fr\\\/couteaux-rambo-poignard-john-rambo\\\/poignard-signature-rambo-6\\\/\",\"url\":\"https:\\\/\\\/repliquemangacine.fr\\\/couteaux-rambo-poignard-john-rambo\\\/poignard-signature-rambo-6\\\/\",\"name\":\"Poignard signature Rambo 6 | R\u00e9plique Manga Cin\u00e9\",\"isPartOf\":{\"@id\":\"https:\\\/\\\/repliquemangacine.fr\\\/#website\"},\"primaryImageOfPage\":{\"@id\":\"https:\\\/\\\/repliquemangacine.fr\\\/couteaux-rambo-poignard-john-rambo\\\/poignard-signature-rambo-6\\\/#primaryimage\"},\"image\":{\"@id\":\"https:\\\/\\\/repliquemangacine.fr\\\/couteaux-rambo-poignard-john-rambo\\\/poignard-signature-rambo-6\\\/#primaryimage\"},\"thumbnailUrl\":\"https:\\\/\\\/repliquemangacine.fr\\\/wp-content\\\/uploads\\\/2023\\\/10\\\/1400-Couteau-Rambo-Poignard-signature-Stallone.jpg\",\"datePublished\":\"2017-01-12T17:40:16+00:00\",\"dateModified\":\"2026-04-29T13:46:46+00:00\",\"description\":\"D\u00e9couvrez ce superbe Poignard signature Rambo 6 en \u00e9dition sp\u00e9ciale au meilleur prix - Signature de Stallone - Lame acier - Fourreau - Longueur : 31 cm\",\"breadcrumb\":{\"@id\":\"https:\\\/\\\/repliquemangacine.fr\\\/couteaux-rambo-poignard-john-rambo\\\/poignard-signature-rambo-6\\\/#breadcrumb\"},\"inLanguage\":\"en-US\",\"potentialAction\":[{\"@type\":\"ReadAction\",\"target\":[\"https:\\\/\\\/repliquemangacine.fr\\\/couteaux-rambo-poignard-john-rambo\\\/poignard-signature-rambo-6\\\/\"]}]},{\"@type\":\"ImageObject\",\"inLanguage\":\"en-US\",\"@id\":\"https:\\\/\\\/repliquemangacine.fr\\\/couteaux-rambo-poignard-john-rambo\\\/poignard-signature-rambo-6\\\/#primaryimage\",\"url\":\"https:\\\/\\\/repliquemangacine.fr\\\/wp-content\\\/uploads\\\/2023\\\/10\\\/1400-Couteau-Rambo-Poignard-signature-Stallone.jpg\",\"contentUrl\":\"https:\\\/\\\/repliquemangacine.fr\\\/wp-content\\\/uploads\\\/2023\\\/10\\\/1400-Couteau-Rambo-Poignard-signature-Stallone.jpg\",\"width\":800,\"height\":800,\"caption\":\"Couteau Rambo - Poignard signature Stallone\"},{\"@type\":\"BreadcrumbList\",\"@id\":\"https:\\\/\\\/repliquemangacine.fr\\\/couteaux-rambo-poignard-john-rambo\\\/poignard-signature-rambo-6\\\/#breadcrumb\",\"itemListElement\":[{\"@type\":\"ListItem\",\"position\":1,\"name\":\"Accueil\",\"item\":\"https:\\\/\\\/repliquemangacine.fr\\\/\"},{\"@type\":\"ListItem\",\"position\":2,\"name\":\"Produits\",\"item\":\"https:\\\/\\\/repliquemangacine.fr\\\/boutique\\\/\"},{\"@type\":\"ListItem\",\"position\":3,\"name\":\"Poignard Stallone sign\u00e9\"}]},{\"@type\":\"WebSite\",\"@id\":\"https:\\\/\\\/repliquemangacine.fr\\\/#website\",\"url\":\"https:\\\/\\\/repliquemangacine.fr\\\/\",\"name\":\"R\u00e9plique Manga Cin\u00e9\",\"description\":\"\",\"publisher\":{\"@id\":\"https:\\\/\\\/repliquemangacine.fr\\\/#organization\"},\"potentialAction\":[{\"@type\":\"SearchAction\",\"target\":{\"@type\":\"EntryPoint\",\"urlTemplate\":\"https:\\\/\\\/repliquemangacine.fr\\\/?s={search_term_string}\"},\"query-input\":{\"@type\":\"PropertyValueSpecification\",\"valueRequired\":true,\"valueName\":\"search_term_string\"}}],\"inLanguage\":\"en-US\"},{\"@type\":\"Organization\",\"@id\":\"https:\\\/\\\/repliquemangacine.fr\\\/#organization\",\"name\":\"R\u00e9plique Manga Cin\u00e9\",\"url\":\"https:\\\/\\\/repliquemangacine.fr\\\/\",\"logo\":{\"@type\":\"ImageObject\",\"inLanguage\":\"en-US\",\"@id\":\"https:\\\/\\\/repliquemangacine.fr\\\/#\\\/schema\\\/logo\\\/image\\\/\",\"url\":\"https:\\\/\\\/repliquemangacine.fr\\\/wp-content\\\/uploads\\\/2023\\\/10\\\/RMC-500250.png\",\"contentUrl\":\"https:\\\/\\\/repliquemangacine.fr\\\/wp-content\\\/uploads\\\/2023\\\/10\\\/RMC-500250.png\",\"width\":500,\"height\":250,\"caption\":\"R\u00e9plique Manga Cin\u00e9\"},\"image\":{\"@id\":\"https:\\\/\\\/repliquemangacine.fr\\\/#\\\/schema\\\/logo\\\/image\\\/\"},\"sameAs\":[\"https:\\\/\\\/www.facebook.com\\\/RepliqueMangaCine\",\"https:\\\/\\\/www.instagram.com\\\/repliquemangacine.fr\\\/\"]}]}<\/script>\n<!-- \/ Yoast SEO plugin. -->","yoast_head_json":{"title":"Rambo 6 signature dagger | R\u00e9plique Manga Cin\u00e9","description":"Discover this superb special edition Rambo 6 signature dagger at the best price - Stallone's signature - Steel blade - Sheath - Length: 31 cm","robots":{"index":"index","follow":"follow","max-snippet":"max-snippet:-1","max-image-preview":"max-image-preview:large","max-video-preview":"max-video-preview:-1"},"canonical":"https:\/\/repliquemangacine.fr\/en\/rambo-knives-john-rambo-dagger\/rambo-signature-dagger-6\/","og_locale":"en_US","og_type":"article","og_title":"Poignard signature Rambo 6 | R\u00e9plique Manga Cin\u00e9","og_description":"D\u00e9couvrez ce superbe Poignard signature Rambo 6 en \u00e9dition sp\u00e9ciale au meilleur prix - Signature de Stallone - Lame acier - Fourreau - Longueur : 31 cm","og_url":"https:\/\/repliquemangacine.fr\/en\/rambo-knives-john-rambo-dagger\/rambo-signature-dagger-6\/","og_site_name":"R\u00e9plique Manga Cin\u00e9","article_publisher":"https:\/\/www.facebook.com\/RepliqueMangaCine","article_modified_time":"2026-04-29T13:46:46+00:00","og_image":[{"width":800,"height":800,"url":"https:\/\/repliquemangacine.fr\/wp-content\/uploads\/2023\/10\/1400-Couteau-Rambo-Poignard-signature-Stallone.jpg","type":"image\/jpeg"}],"twitter_card":"summary_large_image","twitter_misc":{"Est. reading time":"1 minute"},"schema":{"@context":"https:\/\/schema.org","@graph":[{"@type":"WebPage","@id":"https:\/\/repliquemangacine.fr\/couteaux-rambo-poignard-john-rambo\/poignard-signature-rambo-6\/","url":"https:\/\/repliquemangacine.fr\/couteaux-rambo-poignard-john-rambo\/poignard-signature-rambo-6\/","name":"Rambo 6 signature dagger | R\u00e9plique Manga Cin\u00e9","isPartOf":{"@id":"https:\/\/repliquemangacine.fr\/#website"},"primaryImageOfPage":{"@id":"https:\/\/repliquemangacine.fr\/couteaux-rambo-poignard-john-rambo\/poignard-signature-rambo-6\/#primaryimage"},"image":{"@id":"https:\/\/repliquemangacine.fr\/couteaux-rambo-poignard-john-rambo\/poignard-signature-rambo-6\/#primaryimage"},"thumbnailUrl":"https:\/\/repliquemangacine.fr\/wp-content\/uploads\/2023\/10\/1400-Couteau-Rambo-Poignard-signature-Stallone.jpg","datePublished":"2017-01-12T17:40:16+00:00","dateModified":"2026-04-29T13:46:46+00:00","description":"Discover this superb special edition Rambo 6 signature dagger at the best price - Stallone's signature - Steel blade - Sheath - Length: 31 cm","breadcrumb":{"@id":"https:\/\/repliquemangacine.fr\/couteaux-rambo-poignard-john-rambo\/poignard-signature-rambo-6\/#breadcrumb"},"inLanguage":"en-US","potentialAction":[{"@type":"ReadAction","target":["https:\/\/repliquemangacine.fr\/couteaux-rambo-poignard-john-rambo\/poignard-signature-rambo-6\/"]}]},{"@type":"ImageObject","inLanguage":"en-US","@id":"https:\/\/repliquemangacine.fr\/couteaux-rambo-poignard-john-rambo\/poignard-signature-rambo-6\/#primaryimage","url":"https:\/\/repliquemangacine.fr\/wp-content\/uploads\/2023\/10\/1400-Couteau-Rambo-Poignard-signature-Stallone.jpg","contentUrl":"https:\/\/repliquemangacine.fr\/wp-content\/uploads\/2023\/10\/1400-Couteau-Rambo-Poignard-signature-Stallone.jpg","width":800,"height":800,"caption":"Couteau Rambo - Poignard signature Stallone"},{"@type":"BreadcrumbList","@id":"https:\/\/repliquemangacine.fr\/couteaux-rambo-poignard-john-rambo\/poignard-signature-rambo-6\/#breadcrumb","itemListElement":[{"@type":"ListItem","position":1,"name":"Accueil","item":"https:\/\/repliquemangacine.fr\/"},{"@type":"ListItem","position":2,"name":"Produits","item":"https:\/\/repliquemangacine.fr\/boutique\/"},{"@type":"ListItem","position":3,"name":"Poignard Stallone sign\u00e9"}]},{"@type":"WebSite","@id":"https:\/\/repliquemangacine.fr\/#website","url":"https:\/\/repliquemangacine.fr\/","name":"R\u00e9plique Manga Cin\u00e9","description":"","publisher":{"@id":"https:\/\/repliquemangacine.fr\/#organization"},"potentialAction":[{"@type":"SearchAction","target":{"@type":"EntryPoint","urlTemplate":"https:\/\/repliquemangacine.fr\/?s={search_term_string}"},"query-input":{"@type":"PropertyValueSpecification","valueRequired":true,"valueName":"search_term_string"}}],"inLanguage":"en-US"},{"@type":"Organization","@id":"https:\/\/repliquemangacine.fr\/#organization","name":"R\u00e9plique Manga Cin\u00e9","url":"https:\/\/repliquemangacine.fr\/","logo":{"@type":"ImageObject","inLanguage":"en-US","@id":"https:\/\/repliquemangacine.fr\/#\/schema\/logo\/image\/","url":"https:\/\/repliquemangacine.fr\/wp-content\/uploads\/2023\/10\/RMC-500250.png","contentUrl":"https:\/\/repliquemangacine.fr\/wp-content\/uploads\/2023\/10\/RMC-500250.png","width":500,"height":250,"caption":"R\u00e9plique Manga Cin\u00e9"},"image":{"@id":"https:\/\/repliquemangacine.fr\/#\/schema\/logo\/image\/"},"sameAs":["https:\/\/www.facebook.com\/RepliqueMangaCine","https:\/\/www.instagram.com\/repliquemangacine.fr\/"]}]}},"_links":{"self":[{"href":"https:\/\/repliquemangacine.fr\/en\/wp-json\/wp\/v2\/product\/26768","targetHints":{"allow":["GET"]}}],"collection":[{"href":"https:\/\/repliquemangacine.fr\/en\/wp-json\/wp\/v2\/product"}],"about":[{"href":"https:\/\/repliquemangacine.fr\/en\/wp-json\/wp\/v2\/types\/product"}],"wp:featuredmedia":[{"embeddable":true,"href":"https:\/\/repliquemangacine.fr\/en\/wp-json\/wp\/v2\/media\/26769"}],"wp:attachment":[{"href":"https:\/\/repliquemangacine.fr\/en\/wp-json\/wp\/v2\/media?parent=26768"}],"wp:term":[{"taxonomy":"product_brand","embeddable":true,"href":"https:\/\/repliquemangacine.fr\/en\/wp-json\/wp\/v2\/product_brand?post=26768"},{"taxonomy":"product_cat","embeddable":true,"href":"https:\/\/repliquemangacine.fr\/en\/wp-json\/wp\/v2\/product_cat?post=26768"},{"taxonomy":"product_tag","embeddable":true,"href":"https:\/\/repliquemangacine.fr\/en\/wp-json\/wp\/v2\/product_tag?post=26768"}],"curies":[{"name":"wp","href":"https:\/\/api.w.org\/{rel}","templated":true}]}}