





{"id":26745,"date":"2017-01-09T22:06:45","date_gmt":"2017-01-09T21:06:45","guid":{"rendered":"https:\/\/repliquemangacine.fr\/?post_type=product&#038;p=26745"},"modified":"2026-03-16T14:31:19","modified_gmt":"2026-03-16T13:31:19","slug":"katana-heroes-epee-by-hiro-nakamura","status":"publish","type":"product","link":"https:\/\/repliquemangacine.fr\/en\/katana-les-epees-de-films-et-series\/katana-heroes-epee-de-hiro-nakamura\/","title":{"rendered":"Katana Heroes Hiro Nakamura"},"content":{"rendered":"<h2>Heroes Hiro Nakamura katana replica<\/h2>\n<p>To begin with, the <strong>katana Heroes Hiro Nakamura<\/strong> is the sword wielded by Takezo Kensei, often mentioned by Hiro's father.<\/p>\n<p>Hiro Nakamura has the power to bend the space-time continuum, giving him access to time travel, chronokinesis and teleportation. In season 1, the Hiro of the future appears, without glasses, dressed in black, with Takezo Kensei's sword on his back.<\/p>\n<p>The new series finds Takeso Kensei's katana in the hands of Miko, a calm and unique young woman. A number of characters from the saga <a href=\"https:\/\/heroes.fandom.com\/wiki\/Heroes\" target=\"_blank\" rel=\"noopener noreferrer\">Heroes<\/a>including the indispensable Hiro Nakamura.<\/p>\n<h2>Your Katana Heroes Hiro Nakamura at the best price.<\/h2>\n<p>We offer a wide selection of replicas from the world of cinema and TV series.<\/p>\n<p>First and foremost,<\/p>\n<ul>\n<li>The replica of <a href=\"https:\/\/repliquemangacine.fr\/en\/films-tv-series-sale-of-katana-sword-and-related-products\/wolverines-claws-x-men\/\">Wolverine's claws<\/a> inspired by the X-Men film series.<\/li>\n<li>There are also the two <a href=\"https:\/\/repliquemangacine.fr\/en\/films-tv-series-sale-of-katana-sword-and-related-products\/kunai-geant-the-expendables\/\">throwing knives<\/a> used by Lee Christmas in \"The Expendables\".<\/li>\n<li>And many more to discover in our online store!<\/li>\n<\/ul>\n<p>That's why we've come up with some great gift ideas for movie and TV series fans.<\/p>\n<p>In conclusion, you can use the <strong>katana Heroes Hiro Nakamura<\/strong> for your cosplay parades or theme parties. But above all, this sword is a collector's item and a decoration.<\/p>\n<h2>How to maintain the blade of your Takezo katana?<\/h2>\n<p>Collector's and decorative katanas are made and assembled in a simplified way. As their use is decorative, they lack the safety features required of a Japanese saber intended for training.<\/p>\n<p>However, your <strong>katana Heroes Hiro Nakamura<\/strong> to a steel blade that needs to be cared for to avoid damage over time. In fact, when you display your katana, your friends will be curious to see and touch the blade. This is where you need to be careful, as the acidity of your fingers is very harmful to steel, whatever its quality.<\/p>\n<p>However, if this does happen, don't panic - all you need is a cloth dampened with a little oil and a wipe of fingerprints. By doing so, you'll keep your sword looking its best for a very long time.<\/p>","protected":false},"excerpt":{"rendered":"<p>Takezo Kensei sword worn by Hiro Nakamura.<\/p>\n<ul>\n<li>Stainless steel blade.<\/li>\n<li>Leatherette handle and Heroes logo.<\/li>\n<li>Special metal guard.<\/li>\n<li>Black lacquered scabbard with strap.<\/li>\n<li>Blade length: 70 cm - Total length: 107 cm<\/li>\n<\/ul>","protected":false},"featured_media":26746,"template":"","meta":[],"product_brand":[896],"product_cat":[91,66,24,26,32],"product_tag":[],"class_list":{"0":"post-26745","1":"product","2":"type-product","3":"status-publish","4":"has-post-thumbnail","6":"product_brand-replique-manga-cine","7":"product_cat-katana-les-epees-de-films-et-series","8":"product_cat-repliques-d-armes-films-et-series","9":"product_cat-films-series-tv-vente-de-katana-epee-et-produits-derives","10":"product_cat-katana-epee","11":"product_cat-katana-decoration","13":"first","14":"instock","15":"sale","16":"taxable","17":"shipping-taxable","18":"purchasable","19":"product-type-simple"},"yoast_head":"<!-- This site is optimized with the Yoast SEO plugin v27.5 - https:\/\/yoast.com\/product\/yoast-seo-wordpress\/ -->\n<title>Katana Heroes Hiro Nakamura - Boutique en ligne | RMC<\/title>\n<meta name=\"description\" content=\"Offrez-vous le katana Heroes Hiro Nakamura de la s\u00e9rie au meilleur prix - Lame acier 440 - Fourreau laqu\u00e9 - Sangle - Poign\u00e9e avec logo - Longueur : 107 cm\" \/>\n<meta name=\"robots\" content=\"index, follow, max-snippet:-1, max-image-preview:large, max-video-preview:-1\" \/>\n<link rel=\"canonical\" href=\"https:\/\/repliquemangacine.fr\/en\/katana-swords-from-films-and-series\/katana-heroes-epee-by-hiro-nakamura\/\" \/>\n<meta property=\"og:locale\" content=\"en_US\" \/>\n<meta property=\"og:type\" content=\"article\" \/>\n<meta property=\"og:title\" content=\"Katana Heroes Hiro Nakamura - Boutique en ligne | RMC\" \/>\n<meta property=\"og:description\" content=\"Offrez-vous le katana Heroes Hiro Nakamura de la s\u00e9rie au meilleur prix - Lame acier 440 - Fourreau laqu\u00e9 - Sangle - Poign\u00e9e avec logo - Longueur : 107 cm\" \/>\n<meta property=\"og:url\" content=\"https:\/\/repliquemangacine.fr\/en\/katana-swords-from-films-and-series\/katana-heroes-epee-by-hiro-nakamura\/\" \/>\n<meta property=\"og:site_name\" content=\"R\u00e9plique Manga Cin\u00e9\" \/>\n<meta property=\"article:publisher\" content=\"https:\/\/www.facebook.com\/RepliqueMangaCine\" \/>\n<meta property=\"article:modified_time\" content=\"2026-03-16T13:31:19+00:00\" \/>\n<meta property=\"og:image\" content=\"https:\/\/repliquemangacine.fr\/wp-content\/uploads\/2023\/10\/1377-Katana-Heroes-Epee-de-Hiro-Nakamura.jpg\" \/>\n\t<meta property=\"og:image:width\" content=\"800\" \/>\n\t<meta property=\"og:image:height\" content=\"800\" \/>\n\t<meta property=\"og:image:type\" content=\"image\/jpeg\" \/>\n<meta name=\"twitter:card\" content=\"summary_large_image\" \/>\n<meta name=\"twitter:label1\" content=\"Est. reading time\" \/>\n\t<meta name=\"twitter:data1\" content=\"3 minutes\" \/>\n<script type=\"application\/ld+json\" class=\"yoast-schema-graph\">{\"@context\":\"https:\\\/\\\/schema.org\",\"@graph\":[{\"@type\":\"WebPage\",\"@id\":\"https:\\\/\\\/repliquemangacine.fr\\\/katana-les-epees-de-films-et-series\\\/katana-heroes-epee-de-hiro-nakamura\\\/\",\"url\":\"https:\\\/\\\/repliquemangacine.fr\\\/katana-les-epees-de-films-et-series\\\/katana-heroes-epee-de-hiro-nakamura\\\/\",\"name\":\"Katana Heroes Hiro Nakamura - Boutique en ligne | RMC\",\"isPartOf\":{\"@id\":\"https:\\\/\\\/repliquemangacine.fr\\\/#website\"},\"primaryImageOfPage\":{\"@id\":\"https:\\\/\\\/repliquemangacine.fr\\\/katana-les-epees-de-films-et-series\\\/katana-heroes-epee-de-hiro-nakamura\\\/#primaryimage\"},\"image\":{\"@id\":\"https:\\\/\\\/repliquemangacine.fr\\\/katana-les-epees-de-films-et-series\\\/katana-heroes-epee-de-hiro-nakamura\\\/#primaryimage\"},\"thumbnailUrl\":\"https:\\\/\\\/repliquemangacine.fr\\\/wp-content\\\/uploads\\\/2023\\\/10\\\/1377-Katana-Heroes-Epee-de-Hiro-Nakamura.jpg\",\"datePublished\":\"2017-01-09T21:06:45+00:00\",\"dateModified\":\"2026-03-16T13:31:19+00:00\",\"description\":\"Offrez-vous le katana Heroes Hiro Nakamura de la s\u00e9rie au meilleur prix - Lame acier 440 - Fourreau laqu\u00e9 - Sangle - Poign\u00e9e avec logo - Longueur : 107 cm\",\"breadcrumb\":{\"@id\":\"https:\\\/\\\/repliquemangacine.fr\\\/katana-les-epees-de-films-et-series\\\/katana-heroes-epee-de-hiro-nakamura\\\/#breadcrumb\"},\"inLanguage\":\"en-US\",\"potentialAction\":[{\"@type\":\"ReadAction\",\"target\":[\"https:\\\/\\\/repliquemangacine.fr\\\/katana-les-epees-de-films-et-series\\\/katana-heroes-epee-de-hiro-nakamura\\\/\"]}]},{\"@type\":\"ImageObject\",\"inLanguage\":\"en-US\",\"@id\":\"https:\\\/\\\/repliquemangacine.fr\\\/katana-les-epees-de-films-et-series\\\/katana-heroes-epee-de-hiro-nakamura\\\/#primaryimage\",\"url\":\"https:\\\/\\\/repliquemangacine.fr\\\/wp-content\\\/uploads\\\/2023\\\/10\\\/1377-Katana-Heroes-Epee-de-Hiro-Nakamura.jpg\",\"contentUrl\":\"https:\\\/\\\/repliquemangacine.fr\\\/wp-content\\\/uploads\\\/2023\\\/10\\\/1377-Katana-Heroes-Epee-de-Hiro-Nakamura.jpg\",\"width\":800,\"height\":800,\"caption\":\"Katana Heroes - Ep\u00e9e de Hiro Nakamura\"},{\"@type\":\"BreadcrumbList\",\"@id\":\"https:\\\/\\\/repliquemangacine.fr\\\/katana-les-epees-de-films-et-series\\\/katana-heroes-epee-de-hiro-nakamura\\\/#breadcrumb\",\"itemListElement\":[{\"@type\":\"ListItem\",\"position\":1,\"name\":\"Accueil\",\"item\":\"https:\\\/\\\/repliquemangacine.fr\\\/\"},{\"@type\":\"ListItem\",\"position\":2,\"name\":\"Produits\",\"item\":\"https:\\\/\\\/repliquemangacine.fr\\\/boutique\\\/\"},{\"@type\":\"ListItem\",\"position\":3,\"name\":\"Katana Heroes Hiro Nakamura\"}]},{\"@type\":\"WebSite\",\"@id\":\"https:\\\/\\\/repliquemangacine.fr\\\/#website\",\"url\":\"https:\\\/\\\/repliquemangacine.fr\\\/\",\"name\":\"R\u00e9plique Manga Cin\u00e9\",\"description\":\"\",\"publisher\":{\"@id\":\"https:\\\/\\\/repliquemangacine.fr\\\/#organization\"},\"potentialAction\":[{\"@type\":\"SearchAction\",\"target\":{\"@type\":\"EntryPoint\",\"urlTemplate\":\"https:\\\/\\\/repliquemangacine.fr\\\/?s={search_term_string}\"},\"query-input\":{\"@type\":\"PropertyValueSpecification\",\"valueRequired\":true,\"valueName\":\"search_term_string\"}}],\"inLanguage\":\"en-US\"},{\"@type\":\"Organization\",\"@id\":\"https:\\\/\\\/repliquemangacine.fr\\\/#organization\",\"name\":\"R\u00e9plique Manga Cin\u00e9\",\"url\":\"https:\\\/\\\/repliquemangacine.fr\\\/\",\"logo\":{\"@type\":\"ImageObject\",\"inLanguage\":\"en-US\",\"@id\":\"https:\\\/\\\/repliquemangacine.fr\\\/#\\\/schema\\\/logo\\\/image\\\/\",\"url\":\"https:\\\/\\\/repliquemangacine.fr\\\/wp-content\\\/uploads\\\/2023\\\/10\\\/RMC-500250.png\",\"contentUrl\":\"https:\\\/\\\/repliquemangacine.fr\\\/wp-content\\\/uploads\\\/2023\\\/10\\\/RMC-500250.png\",\"width\":500,\"height\":250,\"caption\":\"R\u00e9plique Manga Cin\u00e9\"},\"image\":{\"@id\":\"https:\\\/\\\/repliquemangacine.fr\\\/#\\\/schema\\\/logo\\\/image\\\/\"},\"sameAs\":[\"https:\\\/\\\/www.facebook.com\\\/RepliqueMangaCine\",\"https:\\\/\\\/www.instagram.com\\\/repliquemangacine.fr\\\/\"]}]}<\/script>\n<!-- \/ Yoast SEO plugin. -->","yoast_head_json":{"title":"Katana Heroes Hiro Nakamura - Online Shop | RMC","description":"Treat yourself to the Heroes Hiro Nakamura katana from the series at the best price - 440 steel blade - Lacquered scabbard - Strap - Handle with logo - Length: 107 cm","robots":{"index":"index","follow":"follow","max-snippet":"max-snippet:-1","max-image-preview":"max-image-preview:large","max-video-preview":"max-video-preview:-1"},"canonical":"https:\/\/repliquemangacine.fr\/en\/katana-swords-from-films-and-series\/katana-heroes-epee-by-hiro-nakamura\/","og_locale":"en_US","og_type":"article","og_title":"Katana Heroes Hiro Nakamura - Boutique en ligne | RMC","og_description":"Offrez-vous le katana Heroes Hiro Nakamura de la s\u00e9rie au meilleur prix - Lame acier 440 - Fourreau laqu\u00e9 - Sangle - Poign\u00e9e avec logo - Longueur : 107 cm","og_url":"https:\/\/repliquemangacine.fr\/en\/katana-swords-from-films-and-series\/katana-heroes-epee-by-hiro-nakamura\/","og_site_name":"R\u00e9plique Manga Cin\u00e9","article_publisher":"https:\/\/www.facebook.com\/RepliqueMangaCine","article_modified_time":"2026-03-16T13:31:19+00:00","og_image":[{"width":800,"height":800,"url":"https:\/\/repliquemangacine.fr\/wp-content\/uploads\/2023\/10\/1377-Katana-Heroes-Epee-de-Hiro-Nakamura.jpg","type":"image\/jpeg"}],"twitter_card":"summary_large_image","twitter_misc":{"Est. reading time":"3 minutes"},"schema":{"@context":"https:\/\/schema.org","@graph":[{"@type":"WebPage","@id":"https:\/\/repliquemangacine.fr\/katana-les-epees-de-films-et-series\/katana-heroes-epee-de-hiro-nakamura\/","url":"https:\/\/repliquemangacine.fr\/katana-les-epees-de-films-et-series\/katana-heroes-epee-de-hiro-nakamura\/","name":"Katana Heroes Hiro Nakamura - Online Shop | RMC","isPartOf":{"@id":"https:\/\/repliquemangacine.fr\/#website"},"primaryImageOfPage":{"@id":"https:\/\/repliquemangacine.fr\/katana-les-epees-de-films-et-series\/katana-heroes-epee-de-hiro-nakamura\/#primaryimage"},"image":{"@id":"https:\/\/repliquemangacine.fr\/katana-les-epees-de-films-et-series\/katana-heroes-epee-de-hiro-nakamura\/#primaryimage"},"thumbnailUrl":"https:\/\/repliquemangacine.fr\/wp-content\/uploads\/2023\/10\/1377-Katana-Heroes-Epee-de-Hiro-Nakamura.jpg","datePublished":"2017-01-09T21:06:45+00:00","dateModified":"2026-03-16T13:31:19+00:00","description":"Treat yourself to the Heroes Hiro Nakamura katana from the series at the best price - 440 steel blade - Lacquered scabbard - Strap - Handle with logo - Length: 107 cm","breadcrumb":{"@id":"https:\/\/repliquemangacine.fr\/katana-les-epees-de-films-et-series\/katana-heroes-epee-de-hiro-nakamura\/#breadcrumb"},"inLanguage":"en-US","potentialAction":[{"@type":"ReadAction","target":["https:\/\/repliquemangacine.fr\/katana-les-epees-de-films-et-series\/katana-heroes-epee-de-hiro-nakamura\/"]}]},{"@type":"ImageObject","inLanguage":"en-US","@id":"https:\/\/repliquemangacine.fr\/katana-les-epees-de-films-et-series\/katana-heroes-epee-de-hiro-nakamura\/#primaryimage","url":"https:\/\/repliquemangacine.fr\/wp-content\/uploads\/2023\/10\/1377-Katana-Heroes-Epee-de-Hiro-Nakamura.jpg","contentUrl":"https:\/\/repliquemangacine.fr\/wp-content\/uploads\/2023\/10\/1377-Katana-Heroes-Epee-de-Hiro-Nakamura.jpg","width":800,"height":800,"caption":"Katana Heroes - Ep\u00e9e de Hiro Nakamura"},{"@type":"BreadcrumbList","@id":"https:\/\/repliquemangacine.fr\/katana-les-epees-de-films-et-series\/katana-heroes-epee-de-hiro-nakamura\/#breadcrumb","itemListElement":[{"@type":"ListItem","position":1,"name":"Accueil","item":"https:\/\/repliquemangacine.fr\/"},{"@type":"ListItem","position":2,"name":"Produits","item":"https:\/\/repliquemangacine.fr\/boutique\/"},{"@type":"ListItem","position":3,"name":"Katana Heroes Hiro Nakamura"}]},{"@type":"WebSite","@id":"https:\/\/repliquemangacine.fr\/#website","url":"https:\/\/repliquemangacine.fr\/","name":"R\u00e9plique Manga Cin\u00e9","description":"","publisher":{"@id":"https:\/\/repliquemangacine.fr\/#organization"},"potentialAction":[{"@type":"SearchAction","target":{"@type":"EntryPoint","urlTemplate":"https:\/\/repliquemangacine.fr\/?s={search_term_string}"},"query-input":{"@type":"PropertyValueSpecification","valueRequired":true,"valueName":"search_term_string"}}],"inLanguage":"en-US"},{"@type":"Organization","@id":"https:\/\/repliquemangacine.fr\/#organization","name":"R\u00e9plique Manga Cin\u00e9","url":"https:\/\/repliquemangacine.fr\/","logo":{"@type":"ImageObject","inLanguage":"en-US","@id":"https:\/\/repliquemangacine.fr\/#\/schema\/logo\/image\/","url":"https:\/\/repliquemangacine.fr\/wp-content\/uploads\/2023\/10\/RMC-500250.png","contentUrl":"https:\/\/repliquemangacine.fr\/wp-content\/uploads\/2023\/10\/RMC-500250.png","width":500,"height":250,"caption":"R\u00e9plique Manga Cin\u00e9"},"image":{"@id":"https:\/\/repliquemangacine.fr\/#\/schema\/logo\/image\/"},"sameAs":["https:\/\/www.facebook.com\/RepliqueMangaCine","https:\/\/www.instagram.com\/repliquemangacine.fr\/"]}]}},"_links":{"self":[{"href":"https:\/\/repliquemangacine.fr\/en\/wp-json\/wp\/v2\/product\/26745","targetHints":{"allow":["GET"]}}],"collection":[{"href":"https:\/\/repliquemangacine.fr\/en\/wp-json\/wp\/v2\/product"}],"about":[{"href":"https:\/\/repliquemangacine.fr\/en\/wp-json\/wp\/v2\/types\/product"}],"wp:featuredmedia":[{"embeddable":true,"href":"https:\/\/repliquemangacine.fr\/en\/wp-json\/wp\/v2\/media\/26746"}],"wp:attachment":[{"href":"https:\/\/repliquemangacine.fr\/en\/wp-json\/wp\/v2\/media?parent=26745"}],"wp:term":[{"taxonomy":"product_brand","embeddable":true,"href":"https:\/\/repliquemangacine.fr\/en\/wp-json\/wp\/v2\/product_brand?post=26745"},{"taxonomy":"product_cat","embeddable":true,"href":"https:\/\/repliquemangacine.fr\/en\/wp-json\/wp\/v2\/product_cat?post=26745"},{"taxonomy":"product_tag","embeddable":true,"href":"https:\/\/repliquemangacine.fr\/en\/wp-json\/wp\/v2\/product_tag?post=26745"}],"curies":[{"name":"wp","href":"https:\/\/api.w.org\/{rel}","templated":true}]}}