





{"id":26737,"date":"2017-01-06T15:01:46","date_gmt":"2017-01-06T14:01:46","guid":{"rendered":"https:\/\/repliquemangacine.fr\/?post_type=product&#038;p=26737"},"modified":"2026-02-05T21:43:11","modified_gmt":"2026-02-05T20:43:11","slug":"orcrist-sword-thorin-sword","status":"publish","type":"product","link":"https:\/\/repliquemangacine.fr\/en\/epees-the-hobbit\/epee-orcrist-epee-de-thorin\/","title":{"rendered":"Thorin's Orcrist sword"},"content":{"rendered":"<h2>Thorin's Orcrist sword in The Hobbit<\/h2>\n<p>To begin with, the<strong>Thorin's Orcrist sword<\/strong>, nicknamed \u00abBiter\u00bb by the latter, is the name of Glamdring's sister sword, also forged in Gondolin. Discovered by Thorin in a troll lair during the expedition to Erebor.<\/p>\n<p>Thorin, nicknamed \u00abOakenshield,\u00bb is a character in Tolkien's novel The Hobbit. He is a dwarf, heir to the Kingdom under the Mountain from which the dragon Smaug drove his family.<br \/>\nThe instigator of the expedition to reclaim his ancestors' treasure, in which the hobbit Bilbo finds himself unwillingly enlisted.<\/p>\n<p>After many adventures, the quest is crowned with success with the death of the dragon Smaug.<\/p>\n<p>During the Battle of the Five Armies, Thorin is mortally wounded. Buried with the sword <a href=\"https:\/\/lotr.fandom.com\/fr\/wiki\/Orcrist\" target=\"_blank\" rel=\"noopener noreferrer\">Orcrist<\/a> at his side.<\/p>\n<h2>Your Orcrist de Thorin sword at the best price.<\/h2>\n<p>We bring you all the lines of your favorite characters in The Hobbit trilogy.<\/p>\n<p>First and foremost,<\/p>\n<ul>\n<li>L'<a href=\"https:\/\/repliquemangacine.fr\/en\/lord-of-the-rings-swords\/gandalf-sword-glamdring-the-lord-of-the-rings\/\">Glamdring sword<\/a> of Gandalf with his Elven blade.<\/li>\n<li>There is also the<a href=\"https:\/\/repliquemangacine.fr\/en\/lord-of-the-rings-swords\/bilbos-dart-sword\/\">Dard sword<\/a> of Bilbo Baggins, which glows blue when an enemy approaches.<\/li>\n<li>In conclusion, Noble Collection offers a wide choice of quality jewelry, available on request.<\/li>\n<\/ul>\n<p>So here are some great gift ideas for fans of The Hobbit trilogy!<\/p>\n<p>In conclusion, you can also use this <strong>Thorin's Orcrist sword<\/strong> for your cosplay parades or theme parties. But above all, this sword is also a collector's item and a decorative piece.<\/p>\n<h2>How to maintain the blade of your The Hobbit sword?<\/h2>\n<p>Collector's and decorative swords are made and assembled in a simplified way. As their use is decorative, they lack the safety features required of a Japanese sword intended for training.<\/p>\n<p>However, your <strong>Thorin's Orcrist sword<\/strong> to a steel blade that needs to be cared for to avoid damage over time. In fact, when you display your katana, your friends will be curious to see and touch the blade. This is where you need to be careful, as the acidity of your fingers is very harmful to steel, whatever its quality.<\/p>\n<p>However, if this does happen, don't panic - all you need is a cloth dampened with a little oil and a wipe of fingerprints. By doing so, you'll keep your sword looking its best for a very long time.<\/p>","protected":false},"excerpt":{"rendered":"<p>Replica Orcrist sword nicknamed Mordeuse, Thorin's The Hobbit sword.<\/p>\n<ul>\n<li>Stainless steel blade with engraved elven runes.<\/li>\n<li>Imitation wood metal handle.<\/li>\n<li>Metal knob.<\/li>\n<li>Decorated wall bracket.<\/li>\n<li>Blade length: 76 cm - Total length: 100 cm<\/li>\n<\/ul>","protected":false},"featured_media":26738,"template":"","meta":[],"product_brand":[896],"product_cat":[69,24,35],"product_tag":[],"class_list":{"0":"post-26737","1":"product","2":"type-product","3":"status-publish","4":"has-post-thumbnail","6":"product_brand-replique-manga-cine","7":"product_cat-epees-the-hobbit","8":"product_cat-films-series-tv-vente-de-katana-epee-et-produits-derives","9":"product_cat-epee-et-bijoux-the-hobbit","11":"first","12":"instock","13":"taxable","14":"shipping-taxable","15":"purchasable","16":"product-type-simple"},"yoast_head":"<!-- This site is optimized with the Yoast SEO plugin v27.5 - https:\/\/yoast.com\/product\/yoast-seo-wordpress\/ -->\n<title>Ep\u00e9e Orcrist de Thorin - Ep\u00e9es The Hobbit - R\u00e9plique Manga Cin\u00e9<\/title>\n<meta name=\"description\" content=\"Commandez vite ! L&#039;Ep\u00e9e Orcrist de Thorin dans The Hobbit au meilleur prix - Lame grav\u00e9e en acier 440 - Support - Longueur : 100 cm - Envoi 24\/48h\" \/>\n<meta name=\"robots\" content=\"index, follow, max-snippet:-1, max-image-preview:large, max-video-preview:-1\" \/>\n<link rel=\"canonical\" href=\"https:\/\/repliquemangacine.fr\/en\/swords-the-hobbit\/orcrist-sword-thorin-sword\/\" \/>\n<meta property=\"og:locale\" content=\"en_US\" \/>\n<meta property=\"og:type\" content=\"article\" \/>\n<meta property=\"og:title\" content=\"Ep\u00e9e Orcrist de Thorin - Ep\u00e9es The Hobbit - R\u00e9plique Manga Cin\u00e9\" \/>\n<meta property=\"og:description\" content=\"Commandez vite ! L&#039;Ep\u00e9e Orcrist de Thorin dans The Hobbit au meilleur prix - Lame grav\u00e9e en acier 440 - Support - Longueur : 100 cm - Envoi 24\/48h\" \/>\n<meta property=\"og:url\" content=\"https:\/\/repliquemangacine.fr\/en\/swords-the-hobbit\/orcrist-sword-thorin-sword\/\" \/>\n<meta property=\"og:site_name\" content=\"R\u00e9plique Manga Cin\u00e9\" \/>\n<meta property=\"article:publisher\" content=\"https:\/\/www.facebook.com\/RepliqueMangaCine\" \/>\n<meta property=\"article:modified_time\" content=\"2026-02-05T20:43:11+00:00\" \/>\n<meta property=\"og:image\" content=\"https:\/\/repliquemangacine.fr\/wp-content\/uploads\/2023\/10\/1366-Epee-Orcrist-Epee-de-Thorin.jpg\" \/>\n\t<meta property=\"og:image:width\" content=\"800\" \/>\n\t<meta property=\"og:image:height\" content=\"800\" \/>\n\t<meta property=\"og:image:type\" content=\"image\/jpeg\" \/>\n<meta name=\"twitter:card\" content=\"summary_large_image\" \/>\n<meta name=\"twitter:label1\" content=\"Est. reading time\" \/>\n\t<meta name=\"twitter:data1\" content=\"1 minute\" \/>\n<script type=\"application\/ld+json\" class=\"yoast-schema-graph\">{\"@context\":\"https:\\\/\\\/schema.org\",\"@graph\":[{\"@type\":\"WebPage\",\"@id\":\"https:\\\/\\\/repliquemangacine.fr\\\/epees-the-hobbit\\\/epee-orcrist-epee-de-thorin\\\/\",\"url\":\"https:\\\/\\\/repliquemangacine.fr\\\/epees-the-hobbit\\\/epee-orcrist-epee-de-thorin\\\/\",\"name\":\"Ep\u00e9e Orcrist de Thorin - Ep\u00e9es The Hobbit - R\u00e9plique Manga Cin\u00e9\",\"isPartOf\":{\"@id\":\"https:\\\/\\\/repliquemangacine.fr\\\/#website\"},\"primaryImageOfPage\":{\"@id\":\"https:\\\/\\\/repliquemangacine.fr\\\/epees-the-hobbit\\\/epee-orcrist-epee-de-thorin\\\/#primaryimage\"},\"image\":{\"@id\":\"https:\\\/\\\/repliquemangacine.fr\\\/epees-the-hobbit\\\/epee-orcrist-epee-de-thorin\\\/#primaryimage\"},\"thumbnailUrl\":\"https:\\\/\\\/repliquemangacine.fr\\\/wp-content\\\/uploads\\\/2023\\\/10\\\/1366-Epee-Orcrist-Epee-de-Thorin.jpg\",\"datePublished\":\"2017-01-06T14:01:46+00:00\",\"dateModified\":\"2026-02-05T20:43:11+00:00\",\"description\":\"Commandez vite ! L'Ep\u00e9e Orcrist de Thorin dans The Hobbit au meilleur prix - Lame grav\u00e9e en acier 440 - Support - Longueur : 100 cm - Envoi 24\\\/48h\",\"breadcrumb\":{\"@id\":\"https:\\\/\\\/repliquemangacine.fr\\\/epees-the-hobbit\\\/epee-orcrist-epee-de-thorin\\\/#breadcrumb\"},\"inLanguage\":\"en-US\",\"potentialAction\":[{\"@type\":\"ReadAction\",\"target\":[\"https:\\\/\\\/repliquemangacine.fr\\\/epees-the-hobbit\\\/epee-orcrist-epee-de-thorin\\\/\"]}]},{\"@type\":\"ImageObject\",\"inLanguage\":\"en-US\",\"@id\":\"https:\\\/\\\/repliquemangacine.fr\\\/epees-the-hobbit\\\/epee-orcrist-epee-de-thorin\\\/#primaryimage\",\"url\":\"https:\\\/\\\/repliquemangacine.fr\\\/wp-content\\\/uploads\\\/2023\\\/10\\\/1366-Epee-Orcrist-Epee-de-Thorin.jpg\",\"contentUrl\":\"https:\\\/\\\/repliquemangacine.fr\\\/wp-content\\\/uploads\\\/2023\\\/10\\\/1366-Epee-Orcrist-Epee-de-Thorin.jpg\",\"width\":800,\"height\":800,\"caption\":\"Ep\u00e9e Orcrist - Ep\u00e9e de Thorin\"},{\"@type\":\"BreadcrumbList\",\"@id\":\"https:\\\/\\\/repliquemangacine.fr\\\/epees-the-hobbit\\\/epee-orcrist-epee-de-thorin\\\/#breadcrumb\",\"itemListElement\":[{\"@type\":\"ListItem\",\"position\":1,\"name\":\"Accueil\",\"item\":\"https:\\\/\\\/repliquemangacine.fr\\\/\"},{\"@type\":\"ListItem\",\"position\":2,\"name\":\"Produits\",\"item\":\"https:\\\/\\\/repliquemangacine.fr\\\/boutique\\\/\"},{\"@type\":\"ListItem\",\"position\":3,\"name\":\"Ep\u00e9e Orcrist de Thorin\"}]},{\"@type\":\"WebSite\",\"@id\":\"https:\\\/\\\/repliquemangacine.fr\\\/#website\",\"url\":\"https:\\\/\\\/repliquemangacine.fr\\\/\",\"name\":\"R\u00e9plique Manga Cin\u00e9\",\"description\":\"\",\"publisher\":{\"@id\":\"https:\\\/\\\/repliquemangacine.fr\\\/#organization\"},\"potentialAction\":[{\"@type\":\"SearchAction\",\"target\":{\"@type\":\"EntryPoint\",\"urlTemplate\":\"https:\\\/\\\/repliquemangacine.fr\\\/?s={search_term_string}\"},\"query-input\":{\"@type\":\"PropertyValueSpecification\",\"valueRequired\":true,\"valueName\":\"search_term_string\"}}],\"inLanguage\":\"en-US\"},{\"@type\":\"Organization\",\"@id\":\"https:\\\/\\\/repliquemangacine.fr\\\/#organization\",\"name\":\"R\u00e9plique Manga Cin\u00e9\",\"url\":\"https:\\\/\\\/repliquemangacine.fr\\\/\",\"logo\":{\"@type\":\"ImageObject\",\"inLanguage\":\"en-US\",\"@id\":\"https:\\\/\\\/repliquemangacine.fr\\\/#\\\/schema\\\/logo\\\/image\\\/\",\"url\":\"https:\\\/\\\/repliquemangacine.fr\\\/wp-content\\\/uploads\\\/2023\\\/10\\\/RMC-500250.png\",\"contentUrl\":\"https:\\\/\\\/repliquemangacine.fr\\\/wp-content\\\/uploads\\\/2023\\\/10\\\/RMC-500250.png\",\"width\":500,\"height\":250,\"caption\":\"R\u00e9plique Manga Cin\u00e9\"},\"image\":{\"@id\":\"https:\\\/\\\/repliquemangacine.fr\\\/#\\\/schema\\\/logo\\\/image\\\/\"},\"sameAs\":[\"https:\\\/\\\/www.facebook.com\\\/RepliqueMangaCine\",\"https:\\\/\\\/www.instagram.com\\\/repliquemangacine.fr\\\/\"]}]}<\/script>\n<!-- \/ Yoast SEO plugin. -->","yoast_head_json":{"title":"Thorin's Orcrist sword - The Hobbit swords - R\u00e9plique Manga Cin\u00e9","description":"Order now! Thorin's Orcrist sword from The Hobbit at the best price - Engraved 440 steel blade - Stand - Length: 100 cm - Shipment 24\/48h","robots":{"index":"index","follow":"follow","max-snippet":"max-snippet:-1","max-image-preview":"max-image-preview:large","max-video-preview":"max-video-preview:-1"},"canonical":"https:\/\/repliquemangacine.fr\/en\/swords-the-hobbit\/orcrist-sword-thorin-sword\/","og_locale":"en_US","og_type":"article","og_title":"Ep\u00e9e Orcrist de Thorin - Ep\u00e9es The Hobbit - R\u00e9plique Manga Cin\u00e9","og_description":"Commandez vite ! L'Ep\u00e9e Orcrist de Thorin dans The Hobbit au meilleur prix - Lame grav\u00e9e en acier 440 - Support - Longueur : 100 cm - Envoi 24\/48h","og_url":"https:\/\/repliquemangacine.fr\/en\/swords-the-hobbit\/orcrist-sword-thorin-sword\/","og_site_name":"R\u00e9plique Manga Cin\u00e9","article_publisher":"https:\/\/www.facebook.com\/RepliqueMangaCine","article_modified_time":"2026-02-05T20:43:11+00:00","og_image":[{"width":800,"height":800,"url":"https:\/\/repliquemangacine.fr\/wp-content\/uploads\/2023\/10\/1366-Epee-Orcrist-Epee-de-Thorin.jpg","type":"image\/jpeg"}],"twitter_card":"summary_large_image","twitter_misc":{"Est. reading time":"1 minute"},"schema":{"@context":"https:\/\/schema.org","@graph":[{"@type":"WebPage","@id":"https:\/\/repliquemangacine.fr\/epees-the-hobbit\/epee-orcrist-epee-de-thorin\/","url":"https:\/\/repliquemangacine.fr\/epees-the-hobbit\/epee-orcrist-epee-de-thorin\/","name":"Thorin's Orcrist sword - The Hobbit swords - R\u00e9plique Manga Cin\u00e9","isPartOf":{"@id":"https:\/\/repliquemangacine.fr\/#website"},"primaryImageOfPage":{"@id":"https:\/\/repliquemangacine.fr\/epees-the-hobbit\/epee-orcrist-epee-de-thorin\/#primaryimage"},"image":{"@id":"https:\/\/repliquemangacine.fr\/epees-the-hobbit\/epee-orcrist-epee-de-thorin\/#primaryimage"},"thumbnailUrl":"https:\/\/repliquemangacine.fr\/wp-content\/uploads\/2023\/10\/1366-Epee-Orcrist-Epee-de-Thorin.jpg","datePublished":"2017-01-06T14:01:46+00:00","dateModified":"2026-02-05T20:43:11+00:00","description":"Order now! Thorin's Orcrist sword from The Hobbit at the best price - Engraved 440 steel blade - Stand - Length: 100 cm - Shipment 24\/48h","breadcrumb":{"@id":"https:\/\/repliquemangacine.fr\/epees-the-hobbit\/epee-orcrist-epee-de-thorin\/#breadcrumb"},"inLanguage":"en-US","potentialAction":[{"@type":"ReadAction","target":["https:\/\/repliquemangacine.fr\/epees-the-hobbit\/epee-orcrist-epee-de-thorin\/"]}]},{"@type":"ImageObject","inLanguage":"en-US","@id":"https:\/\/repliquemangacine.fr\/epees-the-hobbit\/epee-orcrist-epee-de-thorin\/#primaryimage","url":"https:\/\/repliquemangacine.fr\/wp-content\/uploads\/2023\/10\/1366-Epee-Orcrist-Epee-de-Thorin.jpg","contentUrl":"https:\/\/repliquemangacine.fr\/wp-content\/uploads\/2023\/10\/1366-Epee-Orcrist-Epee-de-Thorin.jpg","width":800,"height":800,"caption":"Ep\u00e9e Orcrist - Ep\u00e9e de Thorin"},{"@type":"BreadcrumbList","@id":"https:\/\/repliquemangacine.fr\/epees-the-hobbit\/epee-orcrist-epee-de-thorin\/#breadcrumb","itemListElement":[{"@type":"ListItem","position":1,"name":"Accueil","item":"https:\/\/repliquemangacine.fr\/"},{"@type":"ListItem","position":2,"name":"Produits","item":"https:\/\/repliquemangacine.fr\/boutique\/"},{"@type":"ListItem","position":3,"name":"Ep\u00e9e Orcrist de Thorin"}]},{"@type":"WebSite","@id":"https:\/\/repliquemangacine.fr\/#website","url":"https:\/\/repliquemangacine.fr\/","name":"R\u00e9plique Manga Cin\u00e9","description":"","publisher":{"@id":"https:\/\/repliquemangacine.fr\/#organization"},"potentialAction":[{"@type":"SearchAction","target":{"@type":"EntryPoint","urlTemplate":"https:\/\/repliquemangacine.fr\/?s={search_term_string}"},"query-input":{"@type":"PropertyValueSpecification","valueRequired":true,"valueName":"search_term_string"}}],"inLanguage":"en-US"},{"@type":"Organization","@id":"https:\/\/repliquemangacine.fr\/#organization","name":"R\u00e9plique Manga Cin\u00e9","url":"https:\/\/repliquemangacine.fr\/","logo":{"@type":"ImageObject","inLanguage":"en-US","@id":"https:\/\/repliquemangacine.fr\/#\/schema\/logo\/image\/","url":"https:\/\/repliquemangacine.fr\/wp-content\/uploads\/2023\/10\/RMC-500250.png","contentUrl":"https:\/\/repliquemangacine.fr\/wp-content\/uploads\/2023\/10\/RMC-500250.png","width":500,"height":250,"caption":"R\u00e9plique Manga Cin\u00e9"},"image":{"@id":"https:\/\/repliquemangacine.fr\/#\/schema\/logo\/image\/"},"sameAs":["https:\/\/www.facebook.com\/RepliqueMangaCine","https:\/\/www.instagram.com\/repliquemangacine.fr\/"]}]}},"_links":{"self":[{"href":"https:\/\/repliquemangacine.fr\/en\/wp-json\/wp\/v2\/product\/26737","targetHints":{"allow":["GET"]}}],"collection":[{"href":"https:\/\/repliquemangacine.fr\/en\/wp-json\/wp\/v2\/product"}],"about":[{"href":"https:\/\/repliquemangacine.fr\/en\/wp-json\/wp\/v2\/types\/product"}],"wp:featuredmedia":[{"embeddable":true,"href":"https:\/\/repliquemangacine.fr\/en\/wp-json\/wp\/v2\/media\/26738"}],"wp:attachment":[{"href":"https:\/\/repliquemangacine.fr\/en\/wp-json\/wp\/v2\/media?parent=26737"}],"wp:term":[{"taxonomy":"product_brand","embeddable":true,"href":"https:\/\/repliquemangacine.fr\/en\/wp-json\/wp\/v2\/product_brand?post=26737"},{"taxonomy":"product_cat","embeddable":true,"href":"https:\/\/repliquemangacine.fr\/en\/wp-json\/wp\/v2\/product_cat?post=26737"},{"taxonomy":"product_tag","embeddable":true,"href":"https:\/\/repliquemangacine.fr\/en\/wp-json\/wp\/v2\/product_tag?post=26737"}],"curies":[{"name":"wp","href":"https:\/\/api.w.org\/{rel}","templated":true}]}}