





{"id":26686,"date":"2017-01-02T16:46:55","date_gmt":"2017-01-02T15:46:55","guid":{"rendered":"https:\/\/repliquemangacine.fr\/?post_type=product&#038;p=26686"},"modified":"2025-09-23T18:01:48","modified_gmt":"2025-09-23T16:01:48","slug":"walther-p38-leather-holster","status":"publish","type":"product","link":"https:\/\/repliquemangacine.fr\/en\/dagues-et-accessoires-seconde-guerre-mondiale-materiels-militaria\/holster-walther-p38-etui-en-cuir\/","title":{"rendered":"Walther P38 Holster"},"content":{"rendered":"<h2>Replica Walther P38 Leather Holster.<\/h2>\n<p>To begin with, the Walther P38 Holster is a sturdy, hard-wearing leather case.<\/p>\n<p>The holster (a term of Anglo-Saxon origin) is designed to protect the handgun, ensure its safekeeping and provide easy access.<\/p>\n<p>Holsters are generally designed for one-handed use, allowing the handgun to be removed and\/or replaced with the same hand. To enable the handgun to be returned to its holster with one hand, the holster must be made of a rigid material that retains its shape so that the holster does not collapse when the object is no longer inside to support it. Holsters are usually attached to the belt via a harness.<\/p>\n<p>Popularized in Western films and famous duel scenes. The extraction of the pistol in some films is quite spectacular, and we witness technical prowess in putting it back. The American shot is traditionally used to film characters at mid-thigh, or holster height.<\/p>\n<h3>We offer a wide choice of Denix dummy gun reproductions.<\/h3>\n<p>First and foremost,<\/p>\n<ul>\n<li>For this holster you need the <a href=\"https:\/\/repliquemangacine.fr\/en\/darmes-reproductions\/walther-p38-denix-1938\/\">Walther P38 pistol<\/a> from Denix.<\/li>\n<li>There is also the reproduction of <a href=\"https:\/\/repliquemangacine.fr\/en\/military-equipment\/stahlhelm-m42-german-helmet\/\">German Stahlhelm helmet<\/a> known as \"M42\".<\/li>\n<li>And much, much more!<\/li>\n<\/ul>\n<p>A great gift idea for all lovers of historic weapons.<\/p>\n<h3>You can use this Walther P38 holster for re-enactments and historical settings.<\/h3>\n<p>Above all, this weapon is a collector's item and a decorative piece.<\/p>\n<p>R\u00e9plique Manga Cin\u00e9 is a French company, official distributor of the brand <a href=\"https:\/\/www.denix.fr\/fr\/accueil-fr\/\">Denix<\/a>.<\/p>\n<p><strong>We would like to draw your attention to the authenticity of all these replicas. Law enforcement agencies will identify them as real weapons, and react accordingly. It is therefore very important not to go into public places with these replicas. Please note that the weapons presented are non-functional reproductions, unsuitable for shooting. These replicas are for historical re-enactment and decoration.<\/strong><\/p>","protected":false},"excerpt":{"rendered":"<p>This reproduction is identical to the original.<\/p>\n<ul>\n<li>Specially designed for the Walther P38 automatic pistol.<\/li>\n<li>Belt holster with genuine leather shell.<\/li>\n<li>Space for an additional charger on the side.<\/li>\n<li>On the back it is marked \"P38\" and German dvr 42.<\/li>\n<li>SS eagle badge and manufacturer's code (Alban Zeitz) WaA170.<\/li>\n<\/ul>","protected":false},"featured_media":26687,"template":"","meta":[],"product_brand":[896],"product_cat":[25,54,85],"product_tag":[],"class_list":{"0":"post-26686","1":"product","2":"type-product","3":"status-publish","4":"has-post-thumbnail","6":"product_brand-replique-manga-cine","7":"product_cat-armes-historiques","8":"product_cat-armes-accessoires-guerre-mondiale","9":"product_cat-dagues-et-accessoires-seconde-guerre-mondiale-materiels-militaria","11":"first","12":"instock","13":"taxable","14":"shipping-taxable","15":"purchasable","16":"product-type-simple"},"yoast_head":"<!-- This site is optimized with the Yoast SEO plugin v27.5 - https:\/\/yoast.com\/product\/yoast-seo-wordpress\/ -->\n<title>Holster Walther P38 - Accessoires Militaria - R\u00e9plique Manga Cin\u00e9<\/title>\n<meta name=\"description\" content=\"Cette reproduction est conforme \u00e0 l&#039;original. Con\u00e7u pour le pistolet automatique, le Holster Walther P38. Etui avec coque rigide en cuir v\u00e9ritable.\" \/>\n<meta name=\"robots\" content=\"index, follow, max-snippet:-1, max-image-preview:large, max-video-preview:-1\" \/>\n<link rel=\"canonical\" href=\"https:\/\/repliquemangacine.fr\/en\/daggers-and-accessories-world-war-ii-militaria-materiel\/walther-p38-leather-holster\/\" \/>\n<meta property=\"og:locale\" content=\"en_US\" \/>\n<meta property=\"og:type\" content=\"article\" \/>\n<meta property=\"og:title\" content=\"Holster Walther P38 - Accessoires Militaria - R\u00e9plique Manga Cin\u00e9\" \/>\n<meta property=\"og:description\" content=\"Cette reproduction est conforme \u00e0 l&#039;original. Con\u00e7u pour le pistolet automatique, le Holster Walther P38. Etui avec coque rigide en cuir v\u00e9ritable.\" \/>\n<meta property=\"og:url\" content=\"https:\/\/repliquemangacine.fr\/en\/daggers-and-accessories-world-war-ii-militaria-materiel\/walther-p38-leather-holster\/\" \/>\n<meta property=\"og:site_name\" content=\"R\u00e9plique Manga Cin\u00e9\" \/>\n<meta property=\"article:publisher\" content=\"https:\/\/www.facebook.com\/RepliqueMangaCine\" \/>\n<meta property=\"article:modified_time\" content=\"2025-09-23T16:01:48+00:00\" \/>\n<meta property=\"og:image\" content=\"https:\/\/repliquemangacine.fr\/wp-content\/uploads\/2023\/10\/1319-Etui-pour-pistolet-Walther-P38.jpg\" \/>\n\t<meta property=\"og:image:width\" content=\"800\" \/>\n\t<meta property=\"og:image:height\" content=\"800\" \/>\n\t<meta property=\"og:image:type\" content=\"image\/jpeg\" \/>\n<meta name=\"twitter:card\" content=\"summary_large_image\" \/>\n<meta name=\"twitter:label1\" content=\"Est. reading time\" \/>\n\t<meta name=\"twitter:data1\" content=\"2 minutes\" \/>\n<script type=\"application\/ld+json\" class=\"yoast-schema-graph\">{\"@context\":\"https:\\\/\\\/schema.org\",\"@graph\":[{\"@type\":\"WebPage\",\"@id\":\"https:\\\/\\\/repliquemangacine.fr\\\/dagues-et-accessoires-seconde-guerre-mondiale-materiels-militaria\\\/holster-walther-p38-etui-en-cuir\\\/\",\"url\":\"https:\\\/\\\/repliquemangacine.fr\\\/dagues-et-accessoires-seconde-guerre-mondiale-materiels-militaria\\\/holster-walther-p38-etui-en-cuir\\\/\",\"name\":\"Holster Walther P38 - Accessoires Militaria - R\u00e9plique Manga Cin\u00e9\",\"isPartOf\":{\"@id\":\"https:\\\/\\\/repliquemangacine.fr\\\/#website\"},\"primaryImageOfPage\":{\"@id\":\"https:\\\/\\\/repliquemangacine.fr\\\/dagues-et-accessoires-seconde-guerre-mondiale-materiels-militaria\\\/holster-walther-p38-etui-en-cuir\\\/#primaryimage\"},\"image\":{\"@id\":\"https:\\\/\\\/repliquemangacine.fr\\\/dagues-et-accessoires-seconde-guerre-mondiale-materiels-militaria\\\/holster-walther-p38-etui-en-cuir\\\/#primaryimage\"},\"thumbnailUrl\":\"https:\\\/\\\/repliquemangacine.fr\\\/wp-content\\\/uploads\\\/2023\\\/10\\\/1319-Etui-pour-pistolet-Walther-P38.jpg\",\"datePublished\":\"2017-01-02T15:46:55+00:00\",\"dateModified\":\"2025-09-23T16:01:48+00:00\",\"description\":\"Cette reproduction est conforme \u00e0 l'original. Con\u00e7u pour le pistolet automatique, le Holster Walther P38. Etui avec coque rigide en cuir v\u00e9ritable.\",\"breadcrumb\":{\"@id\":\"https:\\\/\\\/repliquemangacine.fr\\\/dagues-et-accessoires-seconde-guerre-mondiale-materiels-militaria\\\/holster-walther-p38-etui-en-cuir\\\/#breadcrumb\"},\"inLanguage\":\"en-US\",\"potentialAction\":[{\"@type\":\"ReadAction\",\"target\":[\"https:\\\/\\\/repliquemangacine.fr\\\/dagues-et-accessoires-seconde-guerre-mondiale-materiels-militaria\\\/holster-walther-p38-etui-en-cuir\\\/\"]}]},{\"@type\":\"ImageObject\",\"inLanguage\":\"en-US\",\"@id\":\"https:\\\/\\\/repliquemangacine.fr\\\/dagues-et-accessoires-seconde-guerre-mondiale-materiels-militaria\\\/holster-walther-p38-etui-en-cuir\\\/#primaryimage\",\"url\":\"https:\\\/\\\/repliquemangacine.fr\\\/wp-content\\\/uploads\\\/2023\\\/10\\\/1319-Etui-pour-pistolet-Walther-P38.jpg\",\"contentUrl\":\"https:\\\/\\\/repliquemangacine.fr\\\/wp-content\\\/uploads\\\/2023\\\/10\\\/1319-Etui-pour-pistolet-Walther-P38.jpg\",\"width\":800,\"height\":800,\"caption\":\"Etui pour pistolet Walther P38\"},{\"@type\":\"BreadcrumbList\",\"@id\":\"https:\\\/\\\/repliquemangacine.fr\\\/dagues-et-accessoires-seconde-guerre-mondiale-materiels-militaria\\\/holster-walther-p38-etui-en-cuir\\\/#breadcrumb\",\"itemListElement\":[{\"@type\":\"ListItem\",\"position\":1,\"name\":\"Accueil\",\"item\":\"https:\\\/\\\/repliquemangacine.fr\\\/\"},{\"@type\":\"ListItem\",\"position\":2,\"name\":\"Produits\",\"item\":\"https:\\\/\\\/repliquemangacine.fr\\\/boutique\\\/\"},{\"@type\":\"ListItem\",\"position\":3,\"name\":\"Holster Walther P38\"}]},{\"@type\":\"WebSite\",\"@id\":\"https:\\\/\\\/repliquemangacine.fr\\\/#website\",\"url\":\"https:\\\/\\\/repliquemangacine.fr\\\/\",\"name\":\"R\u00e9plique Manga Cin\u00e9\",\"description\":\"\",\"publisher\":{\"@id\":\"https:\\\/\\\/repliquemangacine.fr\\\/#organization\"},\"potentialAction\":[{\"@type\":\"SearchAction\",\"target\":{\"@type\":\"EntryPoint\",\"urlTemplate\":\"https:\\\/\\\/repliquemangacine.fr\\\/?s={search_term_string}\"},\"query-input\":{\"@type\":\"PropertyValueSpecification\",\"valueRequired\":true,\"valueName\":\"search_term_string\"}}],\"inLanguage\":\"en-US\"},{\"@type\":\"Organization\",\"@id\":\"https:\\\/\\\/repliquemangacine.fr\\\/#organization\",\"name\":\"R\u00e9plique Manga Cin\u00e9\",\"url\":\"https:\\\/\\\/repliquemangacine.fr\\\/\",\"logo\":{\"@type\":\"ImageObject\",\"inLanguage\":\"en-US\",\"@id\":\"https:\\\/\\\/repliquemangacine.fr\\\/#\\\/schema\\\/logo\\\/image\\\/\",\"url\":\"https:\\\/\\\/repliquemangacine.fr\\\/wp-content\\\/uploads\\\/2023\\\/10\\\/RMC-500250.png\",\"contentUrl\":\"https:\\\/\\\/repliquemangacine.fr\\\/wp-content\\\/uploads\\\/2023\\\/10\\\/RMC-500250.png\",\"width\":500,\"height\":250,\"caption\":\"R\u00e9plique Manga Cin\u00e9\"},\"image\":{\"@id\":\"https:\\\/\\\/repliquemangacine.fr\\\/#\\\/schema\\\/logo\\\/image\\\/\"},\"sameAs\":[\"https:\\\/\\\/www.facebook.com\\\/RepliqueMangaCine\",\"https:\\\/\\\/www.instagram.com\\\/repliquemangacine.fr\\\/\"]}]}<\/script>\n<!-- \/ Yoast SEO plugin. -->","yoast_head_json":{"title":"Walther P38 Holster - Militaria Accessories - R\u00e9plique Manga Cin\u00e9","description":"This reproduction is true to the original. Designed for the Walther P38 automatic pistol holster. Holster with genuine leather shell.","robots":{"index":"index","follow":"follow","max-snippet":"max-snippet:-1","max-image-preview":"max-image-preview:large","max-video-preview":"max-video-preview:-1"},"canonical":"https:\/\/repliquemangacine.fr\/en\/daggers-and-accessories-world-war-ii-militaria-materiel\/walther-p38-leather-holster\/","og_locale":"en_US","og_type":"article","og_title":"Holster Walther P38 - Accessoires Militaria - R\u00e9plique Manga Cin\u00e9","og_description":"Cette reproduction est conforme \u00e0 l'original. Con\u00e7u pour le pistolet automatique, le Holster Walther P38. Etui avec coque rigide en cuir v\u00e9ritable.","og_url":"https:\/\/repliquemangacine.fr\/en\/daggers-and-accessories-world-war-ii-militaria-materiel\/walther-p38-leather-holster\/","og_site_name":"R\u00e9plique Manga Cin\u00e9","article_publisher":"https:\/\/www.facebook.com\/RepliqueMangaCine","article_modified_time":"2025-09-23T16:01:48+00:00","og_image":[{"width":800,"height":800,"url":"https:\/\/repliquemangacine.fr\/wp-content\/uploads\/2023\/10\/1319-Etui-pour-pistolet-Walther-P38.jpg","type":"image\/jpeg"}],"twitter_card":"summary_large_image","twitter_misc":{"Est. reading time":"2 minutes"},"schema":{"@context":"https:\/\/schema.org","@graph":[{"@type":"WebPage","@id":"https:\/\/repliquemangacine.fr\/dagues-et-accessoires-seconde-guerre-mondiale-materiels-militaria\/holster-walther-p38-etui-en-cuir\/","url":"https:\/\/repliquemangacine.fr\/dagues-et-accessoires-seconde-guerre-mondiale-materiels-militaria\/holster-walther-p38-etui-en-cuir\/","name":"Walther P38 Holster - Militaria Accessories - R\u00e9plique Manga Cin\u00e9","isPartOf":{"@id":"https:\/\/repliquemangacine.fr\/#website"},"primaryImageOfPage":{"@id":"https:\/\/repliquemangacine.fr\/dagues-et-accessoires-seconde-guerre-mondiale-materiels-militaria\/holster-walther-p38-etui-en-cuir\/#primaryimage"},"image":{"@id":"https:\/\/repliquemangacine.fr\/dagues-et-accessoires-seconde-guerre-mondiale-materiels-militaria\/holster-walther-p38-etui-en-cuir\/#primaryimage"},"thumbnailUrl":"https:\/\/repliquemangacine.fr\/wp-content\/uploads\/2023\/10\/1319-Etui-pour-pistolet-Walther-P38.jpg","datePublished":"2017-01-02T15:46:55+00:00","dateModified":"2025-09-23T16:01:48+00:00","description":"This reproduction is true to the original. Designed for the Walther P38 automatic pistol holster. Holster with genuine leather shell.","breadcrumb":{"@id":"https:\/\/repliquemangacine.fr\/dagues-et-accessoires-seconde-guerre-mondiale-materiels-militaria\/holster-walther-p38-etui-en-cuir\/#breadcrumb"},"inLanguage":"en-US","potentialAction":[{"@type":"ReadAction","target":["https:\/\/repliquemangacine.fr\/dagues-et-accessoires-seconde-guerre-mondiale-materiels-militaria\/holster-walther-p38-etui-en-cuir\/"]}]},{"@type":"ImageObject","inLanguage":"en-US","@id":"https:\/\/repliquemangacine.fr\/dagues-et-accessoires-seconde-guerre-mondiale-materiels-militaria\/holster-walther-p38-etui-en-cuir\/#primaryimage","url":"https:\/\/repliquemangacine.fr\/wp-content\/uploads\/2023\/10\/1319-Etui-pour-pistolet-Walther-P38.jpg","contentUrl":"https:\/\/repliquemangacine.fr\/wp-content\/uploads\/2023\/10\/1319-Etui-pour-pistolet-Walther-P38.jpg","width":800,"height":800,"caption":"Etui pour pistolet Walther P38"},{"@type":"BreadcrumbList","@id":"https:\/\/repliquemangacine.fr\/dagues-et-accessoires-seconde-guerre-mondiale-materiels-militaria\/holster-walther-p38-etui-en-cuir\/#breadcrumb","itemListElement":[{"@type":"ListItem","position":1,"name":"Accueil","item":"https:\/\/repliquemangacine.fr\/"},{"@type":"ListItem","position":2,"name":"Produits","item":"https:\/\/repliquemangacine.fr\/boutique\/"},{"@type":"ListItem","position":3,"name":"Holster Walther P38"}]},{"@type":"WebSite","@id":"https:\/\/repliquemangacine.fr\/#website","url":"https:\/\/repliquemangacine.fr\/","name":"R\u00e9plique Manga Cin\u00e9","description":"","publisher":{"@id":"https:\/\/repliquemangacine.fr\/#organization"},"potentialAction":[{"@type":"SearchAction","target":{"@type":"EntryPoint","urlTemplate":"https:\/\/repliquemangacine.fr\/?s={search_term_string}"},"query-input":{"@type":"PropertyValueSpecification","valueRequired":true,"valueName":"search_term_string"}}],"inLanguage":"en-US"},{"@type":"Organization","@id":"https:\/\/repliquemangacine.fr\/#organization","name":"R\u00e9plique Manga Cin\u00e9","url":"https:\/\/repliquemangacine.fr\/","logo":{"@type":"ImageObject","inLanguage":"en-US","@id":"https:\/\/repliquemangacine.fr\/#\/schema\/logo\/image\/","url":"https:\/\/repliquemangacine.fr\/wp-content\/uploads\/2023\/10\/RMC-500250.png","contentUrl":"https:\/\/repliquemangacine.fr\/wp-content\/uploads\/2023\/10\/RMC-500250.png","width":500,"height":250,"caption":"R\u00e9plique Manga Cin\u00e9"},"image":{"@id":"https:\/\/repliquemangacine.fr\/#\/schema\/logo\/image\/"},"sameAs":["https:\/\/www.facebook.com\/RepliqueMangaCine","https:\/\/www.instagram.com\/repliquemangacine.fr\/"]}]}},"_links":{"self":[{"href":"https:\/\/repliquemangacine.fr\/en\/wp-json\/wp\/v2\/product\/26686","targetHints":{"allow":["GET"]}}],"collection":[{"href":"https:\/\/repliquemangacine.fr\/en\/wp-json\/wp\/v2\/product"}],"about":[{"href":"https:\/\/repliquemangacine.fr\/en\/wp-json\/wp\/v2\/types\/product"}],"wp:featuredmedia":[{"embeddable":true,"href":"https:\/\/repliquemangacine.fr\/en\/wp-json\/wp\/v2\/media\/26687"}],"wp:attachment":[{"href":"https:\/\/repliquemangacine.fr\/en\/wp-json\/wp\/v2\/media?parent=26686"}],"wp:term":[{"taxonomy":"product_brand","embeddable":true,"href":"https:\/\/repliquemangacine.fr\/en\/wp-json\/wp\/v2\/product_brand?post=26686"},{"taxonomy":"product_cat","embeddable":true,"href":"https:\/\/repliquemangacine.fr\/en\/wp-json\/wp\/v2\/product_cat?post=26686"},{"taxonomy":"product_tag","embeddable":true,"href":"https:\/\/repliquemangacine.fr\/en\/wp-json\/wp\/v2\/product_tag?post=26686"}],"curies":[{"name":"wp","href":"https:\/\/api.w.org\/{rel}","templated":true}]}}