





{"id":26637,"date":"2016-12-30T00:28:37","date_gmt":"2016-12-29T23:28:37","guid":{"rendered":"https:\/\/repliquemangacine.fr\/?post_type=product&#038;p=26637"},"modified":"2026-02-03T15:34:18","modified_gmt":"2026-02-03T14:34:18","slug":"percy-weasleys-wand","status":"publish","type":"product","link":"https:\/\/repliquemangacine.fr\/en\/baguettes-personnages-harry-potter\/baguette-de-percy-weasley\/","title":{"rendered":"Percy Weasley wand"},"content":{"rendered":"<h2>Percy Weasley's official wand in Harry Potter.<\/h2>\n<p>To start, the <strong>Percy Weasley Official Wand<\/strong> is made of resin and comes in a box with a collection of signed characters. <a href=\"https:\/\/noblecollection.fr\" target=\"_blank\" rel=\"noopener noreferrer\">Noble Collection<\/a>.<\/p>\n<p>Percy Weasley is a proud, power-hungry character. He takes his role in the various powers to heart, and loves order and stability. It's worth noting that Percy doesn't believe Harry Potter when Voldemort is reborn, and follows the Ministry's lines, thus causing a rift with his family.<\/p>\n<p>Realizing his mistake in believing the lies of the Ministry of Magic, and driven by the fear of seeing a member of his family die, Percy joins the battlefield at Hogwarts and apologizes to the Weasleys for having been so stubborn and selfishly ambitious. Percy joins the battlefield at Hogwarts and apologizes to the Weasleys for having been so narrow-minded and selfishly ambitious, taking part in the final battle against Voldemort.<\/p>\n<h2>Your Harry Potter Wand at the best price.<\/h2>\n<p>We offer a wide selection of Official Harry Potter wands from Noble Collection.<\/p>\n<p>First and foremost,<\/p>\n<ul>\n<li>Her father's magic wand <a href=\"https:\/\/repliquemangacine.fr\/en\/harry-potter\/arthur-weasleys-wand\/\">Arthur Weasley<\/a>.<\/li>\n<li>And his mother's wand <a href=\"https:\/\/repliquemangacine.fr\/en\/harry-potter\/molly-weasleys-wand\/\">Molly Weasley<\/a><\/li>\n<li>And many more to discover in our online store!<\/li>\n<li>In conclusion, to please your children, we also have all the unofficial chopsticks at low prices on our site.<\/li>\n<\/ul>\n<p>Here's a great gift idea for all Harry Potter fans!<\/p>\n<p>In conclusion, you can also use this <strong>Percy Weasley's official wand<\/strong> for your cosplays or theme parties. But above all, it's a decorative collector's item.<\/p>\n<p>R\u00e9plique Manga Cin\u00e9 is a French family business.<\/p>\n<p>&nbsp;<\/p>","protected":false},"excerpt":{"rendered":"<p>Replica of Percy Weasley's wand in \"Harry Potter and the Deathly Hallows\".<\/p>\n<ul>\n<li>Imitation carved wood resin wand.<\/li>\n<li>Hand-painted.<\/li>\n<li>Box from the \"Characters\" collection.<\/li>\n<li>Nameplate and presentation clip.<\/li>\n<li>Product under official Harry PotterTM license<\/li>\n<li>Length: 40 cm<\/li>\n<\/ul>","protected":false},"featured_media":26638,"template":"","meta":[],"product_brand":[896],"product_cat":[80,24,41],"product_tag":[],"class_list":{"0":"post-26637","1":"product","2":"type-product","3":"status-publish","4":"has-post-thumbnail","6":"product_brand-replique-manga-cine","7":"product_cat-baguettes-personnages-harry-potter","8":"product_cat-films-series-tv-vente-de-katana-epee-et-produits-derives","9":"product_cat-baguettes-et-goodies-harry-potter","11":"first","12":"outofstock","13":"taxable","14":"shipping-taxable","15":"purchasable","16":"product-type-simple"},"yoast_head":"<!-- This site is optimized with the Yoast SEO plugin v27.5 - https:\/\/yoast.com\/product\/yoast-seo-wordpress\/ -->\n<title>Baguette Officielle Percy Weasley | R\u00e9plique Manga Cin\u00e9<\/title>\n<meta name=\"description\" content=\"D\u00e9couvrez la Baguette Officielle Percy Weasley dans Harry Potter au meilleur prix - En r\u00e9sine - Plaque nominative - Boite collector - Longueur : 40 cm\" \/>\n<meta name=\"robots\" content=\"index, follow, max-snippet:-1, max-image-preview:large, max-video-preview:-1\" \/>\n<link rel=\"canonical\" href=\"https:\/\/repliquemangacine.fr\/en\/harry-potter-character-wands\/percy-weasleys-wand\/\" \/>\n<meta property=\"og:locale\" content=\"en_US\" \/>\n<meta property=\"og:type\" content=\"article\" \/>\n<meta property=\"og:title\" content=\"Baguette Officielle Percy Weasley | R\u00e9plique Manga Cin\u00e9\" \/>\n<meta property=\"og:description\" content=\"D\u00e9couvrez la Baguette Officielle Percy Weasley dans Harry Potter au meilleur prix - En r\u00e9sine - Plaque nominative - Boite collector - Longueur : 40 cm\" \/>\n<meta property=\"og:url\" content=\"https:\/\/repliquemangacine.fr\/en\/harry-potter-character-wands\/percy-weasleys-wand\/\" \/>\n<meta property=\"og:site_name\" content=\"R\u00e9plique Manga Cin\u00e9\" \/>\n<meta property=\"article:publisher\" content=\"https:\/\/www.facebook.com\/RepliqueMangaCine\" \/>\n<meta property=\"article:modified_time\" content=\"2026-02-03T14:34:18+00:00\" \/>\n<meta property=\"og:image\" content=\"https:\/\/repliquemangacine.fr\/wp-content\/uploads\/2023\/10\/1283-Baguette-de-Percy-Weasley.jpg\" \/>\n\t<meta property=\"og:image:width\" content=\"700\" \/>\n\t<meta property=\"og:image:height\" content=\"700\" \/>\n\t<meta property=\"og:image:type\" content=\"image\/jpeg\" \/>\n<meta name=\"twitter:card\" content=\"summary_large_image\" \/>\n<meta name=\"twitter:label1\" content=\"Est. reading time\" \/>\n\t<meta name=\"twitter:data1\" content=\"1 minute\" \/>\n<script type=\"application\/ld+json\" class=\"yoast-schema-graph\">{\"@context\":\"https:\\\/\\\/schema.org\",\"@graph\":[{\"@type\":\"WebPage\",\"@id\":\"https:\\\/\\\/repliquemangacine.fr\\\/baguettes-personnages-harry-potter\\\/baguette-de-percy-weasley\\\/\",\"url\":\"https:\\\/\\\/repliquemangacine.fr\\\/baguettes-personnages-harry-potter\\\/baguette-de-percy-weasley\\\/\",\"name\":\"Baguette Officielle Percy Weasley | R\u00e9plique Manga Cin\u00e9\",\"isPartOf\":{\"@id\":\"https:\\\/\\\/repliquemangacine.fr\\\/#website\"},\"primaryImageOfPage\":{\"@id\":\"https:\\\/\\\/repliquemangacine.fr\\\/baguettes-personnages-harry-potter\\\/baguette-de-percy-weasley\\\/#primaryimage\"},\"image\":{\"@id\":\"https:\\\/\\\/repliquemangacine.fr\\\/baguettes-personnages-harry-potter\\\/baguette-de-percy-weasley\\\/#primaryimage\"},\"thumbnailUrl\":\"https:\\\/\\\/repliquemangacine.fr\\\/wp-content\\\/uploads\\\/2023\\\/10\\\/1283-Baguette-de-Percy-Weasley.jpg\",\"datePublished\":\"2016-12-29T23:28:37+00:00\",\"dateModified\":\"2026-02-03T14:34:18+00:00\",\"description\":\"D\u00e9couvrez la Baguette Officielle Percy Weasley dans Harry Potter au meilleur prix - En r\u00e9sine - Plaque nominative - Boite collector - Longueur : 40 cm\",\"breadcrumb\":{\"@id\":\"https:\\\/\\\/repliquemangacine.fr\\\/baguettes-personnages-harry-potter\\\/baguette-de-percy-weasley\\\/#breadcrumb\"},\"inLanguage\":\"en-US\",\"potentialAction\":[{\"@type\":\"ReadAction\",\"target\":[\"https:\\\/\\\/repliquemangacine.fr\\\/baguettes-personnages-harry-potter\\\/baguette-de-percy-weasley\\\/\"]}]},{\"@type\":\"ImageObject\",\"inLanguage\":\"en-US\",\"@id\":\"https:\\\/\\\/repliquemangacine.fr\\\/baguettes-personnages-harry-potter\\\/baguette-de-percy-weasley\\\/#primaryimage\",\"url\":\"https:\\\/\\\/repliquemangacine.fr\\\/wp-content\\\/uploads\\\/2023\\\/10\\\/1283-Baguette-de-Percy-Weasley.jpg\",\"contentUrl\":\"https:\\\/\\\/repliquemangacine.fr\\\/wp-content\\\/uploads\\\/2023\\\/10\\\/1283-Baguette-de-Percy-Weasley.jpg\",\"width\":700,\"height\":700,\"caption\":\"Baguette de Percy Weasley\"},{\"@type\":\"BreadcrumbList\",\"@id\":\"https:\\\/\\\/repliquemangacine.fr\\\/baguettes-personnages-harry-potter\\\/baguette-de-percy-weasley\\\/#breadcrumb\",\"itemListElement\":[{\"@type\":\"ListItem\",\"position\":1,\"name\":\"Accueil\",\"item\":\"https:\\\/\\\/repliquemangacine.fr\\\/\"},{\"@type\":\"ListItem\",\"position\":2,\"name\":\"Produits\",\"item\":\"https:\\\/\\\/repliquemangacine.fr\\\/boutique\\\/\"},{\"@type\":\"ListItem\",\"position\":3,\"name\":\"Baguette Percy Weasley\"}]},{\"@type\":\"WebSite\",\"@id\":\"https:\\\/\\\/repliquemangacine.fr\\\/#website\",\"url\":\"https:\\\/\\\/repliquemangacine.fr\\\/\",\"name\":\"R\u00e9plique Manga Cin\u00e9\",\"description\":\"\",\"publisher\":{\"@id\":\"https:\\\/\\\/repliquemangacine.fr\\\/#organization\"},\"potentialAction\":[{\"@type\":\"SearchAction\",\"target\":{\"@type\":\"EntryPoint\",\"urlTemplate\":\"https:\\\/\\\/repliquemangacine.fr\\\/?s={search_term_string}\"},\"query-input\":{\"@type\":\"PropertyValueSpecification\",\"valueRequired\":true,\"valueName\":\"search_term_string\"}}],\"inLanguage\":\"en-US\"},{\"@type\":\"Organization\",\"@id\":\"https:\\\/\\\/repliquemangacine.fr\\\/#organization\",\"name\":\"R\u00e9plique Manga Cin\u00e9\",\"url\":\"https:\\\/\\\/repliquemangacine.fr\\\/\",\"logo\":{\"@type\":\"ImageObject\",\"inLanguage\":\"en-US\",\"@id\":\"https:\\\/\\\/repliquemangacine.fr\\\/#\\\/schema\\\/logo\\\/image\\\/\",\"url\":\"https:\\\/\\\/repliquemangacine.fr\\\/wp-content\\\/uploads\\\/2023\\\/10\\\/RMC-500250.png\",\"contentUrl\":\"https:\\\/\\\/repliquemangacine.fr\\\/wp-content\\\/uploads\\\/2023\\\/10\\\/RMC-500250.png\",\"width\":500,\"height\":250,\"caption\":\"R\u00e9plique Manga Cin\u00e9\"},\"image\":{\"@id\":\"https:\\\/\\\/repliquemangacine.fr\\\/#\\\/schema\\\/logo\\\/image\\\/\"},\"sameAs\":[\"https:\\\/\\\/www.facebook.com\\\/RepliqueMangaCine\",\"https:\\\/\\\/www.instagram.com\\\/repliquemangacine.fr\\\/\"]}]}<\/script>\n<!-- \/ Yoast SEO plugin. -->","yoast_head_json":{"title":"Percy Weasley Official Wand | R\u00e9plique Manga Cin\u00e9","description":"Discover the Official Wand Percy Weasley in Harry Potter at the best price - Resin - Nameplate - Collector's box - Length: 40 cm","robots":{"index":"index","follow":"follow","max-snippet":"max-snippet:-1","max-image-preview":"max-image-preview:large","max-video-preview":"max-video-preview:-1"},"canonical":"https:\/\/repliquemangacine.fr\/en\/harry-potter-character-wands\/percy-weasleys-wand\/","og_locale":"en_US","og_type":"article","og_title":"Baguette Officielle Percy Weasley | R\u00e9plique Manga Cin\u00e9","og_description":"D\u00e9couvrez la Baguette Officielle Percy Weasley dans Harry Potter au meilleur prix - En r\u00e9sine - Plaque nominative - Boite collector - Longueur : 40 cm","og_url":"https:\/\/repliquemangacine.fr\/en\/harry-potter-character-wands\/percy-weasleys-wand\/","og_site_name":"R\u00e9plique Manga Cin\u00e9","article_publisher":"https:\/\/www.facebook.com\/RepliqueMangaCine","article_modified_time":"2026-02-03T14:34:18+00:00","og_image":[{"width":700,"height":700,"url":"https:\/\/repliquemangacine.fr\/wp-content\/uploads\/2023\/10\/1283-Baguette-de-Percy-Weasley.jpg","type":"image\/jpeg"}],"twitter_card":"summary_large_image","twitter_misc":{"Est. reading time":"1 minute"},"schema":{"@context":"https:\/\/schema.org","@graph":[{"@type":"WebPage","@id":"https:\/\/repliquemangacine.fr\/baguettes-personnages-harry-potter\/baguette-de-percy-weasley\/","url":"https:\/\/repliquemangacine.fr\/baguettes-personnages-harry-potter\/baguette-de-percy-weasley\/","name":"Percy Weasley Official Wand | R\u00e9plique Manga Cin\u00e9","isPartOf":{"@id":"https:\/\/repliquemangacine.fr\/#website"},"primaryImageOfPage":{"@id":"https:\/\/repliquemangacine.fr\/baguettes-personnages-harry-potter\/baguette-de-percy-weasley\/#primaryimage"},"image":{"@id":"https:\/\/repliquemangacine.fr\/baguettes-personnages-harry-potter\/baguette-de-percy-weasley\/#primaryimage"},"thumbnailUrl":"https:\/\/repliquemangacine.fr\/wp-content\/uploads\/2023\/10\/1283-Baguette-de-Percy-Weasley.jpg","datePublished":"2016-12-29T23:28:37+00:00","dateModified":"2026-02-03T14:34:18+00:00","description":"Discover the Official Wand Percy Weasley in Harry Potter at the best price - Resin - Nameplate - Collector's box - Length: 40 cm","breadcrumb":{"@id":"https:\/\/repliquemangacine.fr\/baguettes-personnages-harry-potter\/baguette-de-percy-weasley\/#breadcrumb"},"inLanguage":"en-US","potentialAction":[{"@type":"ReadAction","target":["https:\/\/repliquemangacine.fr\/baguettes-personnages-harry-potter\/baguette-de-percy-weasley\/"]}]},{"@type":"ImageObject","inLanguage":"en-US","@id":"https:\/\/repliquemangacine.fr\/baguettes-personnages-harry-potter\/baguette-de-percy-weasley\/#primaryimage","url":"https:\/\/repliquemangacine.fr\/wp-content\/uploads\/2023\/10\/1283-Baguette-de-Percy-Weasley.jpg","contentUrl":"https:\/\/repliquemangacine.fr\/wp-content\/uploads\/2023\/10\/1283-Baguette-de-Percy-Weasley.jpg","width":700,"height":700,"caption":"Baguette de Percy Weasley"},{"@type":"BreadcrumbList","@id":"https:\/\/repliquemangacine.fr\/baguettes-personnages-harry-potter\/baguette-de-percy-weasley\/#breadcrumb","itemListElement":[{"@type":"ListItem","position":1,"name":"Accueil","item":"https:\/\/repliquemangacine.fr\/"},{"@type":"ListItem","position":2,"name":"Produits","item":"https:\/\/repliquemangacine.fr\/boutique\/"},{"@type":"ListItem","position":3,"name":"Baguette Percy Weasley"}]},{"@type":"WebSite","@id":"https:\/\/repliquemangacine.fr\/#website","url":"https:\/\/repliquemangacine.fr\/","name":"R\u00e9plique Manga Cin\u00e9","description":"","publisher":{"@id":"https:\/\/repliquemangacine.fr\/#organization"},"potentialAction":[{"@type":"SearchAction","target":{"@type":"EntryPoint","urlTemplate":"https:\/\/repliquemangacine.fr\/?s={search_term_string}"},"query-input":{"@type":"PropertyValueSpecification","valueRequired":true,"valueName":"search_term_string"}}],"inLanguage":"en-US"},{"@type":"Organization","@id":"https:\/\/repliquemangacine.fr\/#organization","name":"R\u00e9plique Manga Cin\u00e9","url":"https:\/\/repliquemangacine.fr\/","logo":{"@type":"ImageObject","inLanguage":"en-US","@id":"https:\/\/repliquemangacine.fr\/#\/schema\/logo\/image\/","url":"https:\/\/repliquemangacine.fr\/wp-content\/uploads\/2023\/10\/RMC-500250.png","contentUrl":"https:\/\/repliquemangacine.fr\/wp-content\/uploads\/2023\/10\/RMC-500250.png","width":500,"height":250,"caption":"R\u00e9plique Manga Cin\u00e9"},"image":{"@id":"https:\/\/repliquemangacine.fr\/#\/schema\/logo\/image\/"},"sameAs":["https:\/\/www.facebook.com\/RepliqueMangaCine","https:\/\/www.instagram.com\/repliquemangacine.fr\/"]}]}},"_links":{"self":[{"href":"https:\/\/repliquemangacine.fr\/en\/wp-json\/wp\/v2\/product\/26637","targetHints":{"allow":["GET"]}}],"collection":[{"href":"https:\/\/repliquemangacine.fr\/en\/wp-json\/wp\/v2\/product"}],"about":[{"href":"https:\/\/repliquemangacine.fr\/en\/wp-json\/wp\/v2\/types\/product"}],"wp:featuredmedia":[{"embeddable":true,"href":"https:\/\/repliquemangacine.fr\/en\/wp-json\/wp\/v2\/media\/26638"}],"wp:attachment":[{"href":"https:\/\/repliquemangacine.fr\/en\/wp-json\/wp\/v2\/media?parent=26637"}],"wp:term":[{"taxonomy":"product_brand","embeddable":true,"href":"https:\/\/repliquemangacine.fr\/en\/wp-json\/wp\/v2\/product_brand?post=26637"},{"taxonomy":"product_cat","embeddable":true,"href":"https:\/\/repliquemangacine.fr\/en\/wp-json\/wp\/v2\/product_cat?post=26637"},{"taxonomy":"product_tag","embeddable":true,"href":"https:\/\/repliquemangacine.fr\/en\/wp-json\/wp\/v2\/product_tag?post=26637"}],"curies":[{"name":"wp","href":"https:\/\/api.w.org\/{rel}","templated":true}]}}