





{"id":26615,"date":"2016-12-29T23:15:28","date_gmt":"2016-12-29T22:15:28","guid":{"rendered":"https:\/\/repliquemangacine.fr\/?post_type=product&#038;p=26615"},"modified":"2025-09-23T18:01:48","modified_gmt":"2025-09-23T16:01:48","slug":"harry-potters-wand-caught-in-the-rafleur","status":"publish","type":"product","link":"https:\/\/repliquemangacine.fr\/en\/baguettes-personnages-harry-potter\/baguette-de-harry-potter-prise-au-rafleur\/","title":{"rendered":"Baguette Rafleur Harry"},"content":{"rendered":"<h2>Official wand of a Ripper in Harry Potter.<\/h2>\n<p>To begin with, the <strong>Baguette Officielle Rafleur<\/strong> is made of resin and comes in a box with a collection of signed characters. <a href=\"https:\/\/noblecollection.fr\/baguette-harry-potter-prise-rafleur-p-621.html\" target=\"_blank\" rel=\"noopener noreferrer\">Noble Collection<\/a>.<\/p>\n<p>The Raffleurs are rather marginal wizards, working for the Ministry of Magic in the days when Voldemort controlled it. They operate in gangs, seeking out Muggle-borns and traitors to their blood in exchange for gold.<\/p>\n<p>Ron Weasley was captured by one of these gangs, but managed to escape. Fenrir Greyback, leader of one of the gangs of Raiders who captured Harry Potter, Ron Weasley and Hermione.<\/p>\n<p>In their quest for the Deathly Hallows, Harry tries to use the stolen Ripper's wand. But the wand, broken and separated from its master, doesn't always respond properly, and the spells he casts don't always have the desired effect.<\/p>\n<h2>Your magic wand at the best price.<\/h2>\n<p>We offer a wide selection of Official Harry Potter wands from Noble Collection.<\/p>\n<p>First and foremost,<\/p>\n<ul>\n<li>The magic wand of <a href=\"https:\/\/repliquemangacine.fr\/en\/harry-potter\/lucius-malefoys-wand\/\">Lucius Malfoy<\/a> a voldemort's mangemorts.<\/li>\n<li>And the wand of Cedric Diggory, captain and catcher of the Hufflepuff Quidditch team.<\/li>\n<li>And many more to discover in our online store!<\/li>\n<li>Of course, to please your children, we also have all the unofficial chopsticks at low prices on our site.<\/li>\n<\/ul>\n<p>Here's a great gift idea for all Harry Potter fans!<\/p>\n<p>In conclusion, you can also use this <strong>Official wand of a Rafleur<\/strong> for your cosplays or theme parties. But above all, it's a decorative collector's item.<\/p>\n<p>R\u00e9plique Manga Cin\u00e9 is a French family business.<\/p>\n<p>&nbsp;<\/p>","protected":false},"excerpt":{"rendered":"<p>Wand stolen by Ron and given to Harry Potter to replace his broken wand.<\/p>\n<ul>\n<li>Resin rod in the shape of a half-shelled branch.<\/li>\n<li>Hand-painted.<\/li>\n<li>Box from the \"Characters\" collection.<\/li>\n<li>Nameplate, presentation clip.<\/li>\n<li>Product under official Harry PotterTM license<\/li>\n<li>Length: 29 cm<\/li>\n<\/ul>","protected":false},"featured_media":26616,"template":"","meta":[],"product_brand":[896],"product_cat":[80,24,41],"product_tag":[],"class_list":{"0":"post-26615","1":"product","2":"type-product","3":"status-publish","4":"has-post-thumbnail","6":"product_brand-replique-manga-cine","7":"product_cat-baguettes-personnages-harry-potter","8":"product_cat-films-series-tv-vente-de-katana-epee-et-produits-derives","9":"product_cat-baguettes-et-goodies-harry-potter","11":"first","12":"instock","13":"taxable","14":"shipping-taxable","15":"purchasable","16":"product-type-simple"},"yoast_head":"<!-- This site is optimized with the Yoast SEO plugin v27.5 - https:\/\/yoast.com\/product\/yoast-seo-wordpress\/ -->\n<title>Baguette Officielle Rafleur - Harry Potter | R\u00e9plique Manga Cin\u00e9<\/title>\n<meta name=\"description\" content=\"D\u00e9couvrez la Baguette Officielle Rafleur de Harry Potter au meilleur prix - En r\u00e9sine - Plaque nominative - Bo\u00eete Collector - Longueur : 29 cm\" \/>\n<meta name=\"robots\" content=\"index, follow, max-snippet:-1, max-image-preview:large, max-video-preview:-1\" \/>\n<link rel=\"canonical\" href=\"https:\/\/repliquemangacine.fr\/en\/harry-potter-character-wands\/harry-potters-wand-caught-in-the-rafleur\/\" \/>\n<meta property=\"og:locale\" content=\"en_US\" \/>\n<meta property=\"og:type\" content=\"article\" \/>\n<meta property=\"og:title\" content=\"Baguette Officielle Rafleur - Harry Potter | R\u00e9plique Manga Cin\u00e9\" \/>\n<meta property=\"og:description\" content=\"D\u00e9couvrez la Baguette Officielle Rafleur de Harry Potter au meilleur prix - En r\u00e9sine - Plaque nominative - Bo\u00eete Collector - Longueur : 29 cm\" \/>\n<meta property=\"og:url\" content=\"https:\/\/repliquemangacine.fr\/en\/harry-potter-character-wands\/harry-potters-wand-caught-in-the-rafleur\/\" \/>\n<meta property=\"og:site_name\" content=\"R\u00e9plique Manga Cin\u00e9\" \/>\n<meta property=\"article:publisher\" content=\"https:\/\/www.facebook.com\/RepliqueMangaCine\" \/>\n<meta property=\"article:modified_time\" content=\"2025-09-23T16:01:48+00:00\" \/>\n<meta property=\"og:image\" content=\"https:\/\/repliquemangacine.fr\/wp-content\/uploads\/2023\/10\/1266-Baguette-de-Harry-Potter-prise-au-rafleur.jpg\" \/>\n\t<meta property=\"og:image:width\" content=\"700\" \/>\n\t<meta property=\"og:image:height\" content=\"700\" \/>\n\t<meta property=\"og:image:type\" content=\"image\/jpeg\" \/>\n<meta name=\"twitter:card\" content=\"summary_large_image\" \/>\n<meta name=\"twitter:label1\" content=\"Est. reading time\" \/>\n\t<meta name=\"twitter:data1\" content=\"1 minute\" \/>\n<script type=\"application\/ld+json\" class=\"yoast-schema-graph\">{\"@context\":\"https:\\\/\\\/schema.org\",\"@graph\":[{\"@type\":\"WebPage\",\"@id\":\"https:\\\/\\\/repliquemangacine.fr\\\/baguettes-personnages-harry-potter\\\/baguette-de-harry-potter-prise-au-rafleur\\\/\",\"url\":\"https:\\\/\\\/repliquemangacine.fr\\\/baguettes-personnages-harry-potter\\\/baguette-de-harry-potter-prise-au-rafleur\\\/\",\"name\":\"Baguette Officielle Rafleur - Harry Potter | R\u00e9plique Manga Cin\u00e9\",\"isPartOf\":{\"@id\":\"https:\\\/\\\/repliquemangacine.fr\\\/#website\"},\"primaryImageOfPage\":{\"@id\":\"https:\\\/\\\/repliquemangacine.fr\\\/baguettes-personnages-harry-potter\\\/baguette-de-harry-potter-prise-au-rafleur\\\/#primaryimage\"},\"image\":{\"@id\":\"https:\\\/\\\/repliquemangacine.fr\\\/baguettes-personnages-harry-potter\\\/baguette-de-harry-potter-prise-au-rafleur\\\/#primaryimage\"},\"thumbnailUrl\":\"https:\\\/\\\/repliquemangacine.fr\\\/wp-content\\\/uploads\\\/2023\\\/10\\\/1266-Baguette-de-Harry-Potter-prise-au-rafleur.jpg\",\"datePublished\":\"2016-12-29T22:15:28+00:00\",\"dateModified\":\"2025-09-23T16:01:48+00:00\",\"description\":\"D\u00e9couvrez la Baguette Officielle Rafleur de Harry Potter au meilleur prix - En r\u00e9sine - Plaque nominative - Bo\u00eete Collector - Longueur : 29 cm\",\"breadcrumb\":{\"@id\":\"https:\\\/\\\/repliquemangacine.fr\\\/baguettes-personnages-harry-potter\\\/baguette-de-harry-potter-prise-au-rafleur\\\/#breadcrumb\"},\"inLanguage\":\"en-US\",\"potentialAction\":[{\"@type\":\"ReadAction\",\"target\":[\"https:\\\/\\\/repliquemangacine.fr\\\/baguettes-personnages-harry-potter\\\/baguette-de-harry-potter-prise-au-rafleur\\\/\"]}]},{\"@type\":\"ImageObject\",\"inLanguage\":\"en-US\",\"@id\":\"https:\\\/\\\/repliquemangacine.fr\\\/baguettes-personnages-harry-potter\\\/baguette-de-harry-potter-prise-au-rafleur\\\/#primaryimage\",\"url\":\"https:\\\/\\\/repliquemangacine.fr\\\/wp-content\\\/uploads\\\/2023\\\/10\\\/1266-Baguette-de-Harry-Potter-prise-au-rafleur.jpg\",\"contentUrl\":\"https:\\\/\\\/repliquemangacine.fr\\\/wp-content\\\/uploads\\\/2023\\\/10\\\/1266-Baguette-de-Harry-Potter-prise-au-rafleur.jpg\",\"width\":700,\"height\":700,\"caption\":\"Baguette de Harry Potter prise au rafleur\"},{\"@type\":\"BreadcrumbList\",\"@id\":\"https:\\\/\\\/repliquemangacine.fr\\\/baguettes-personnages-harry-potter\\\/baguette-de-harry-potter-prise-au-rafleur\\\/#breadcrumb\",\"itemListElement\":[{\"@type\":\"ListItem\",\"position\":1,\"name\":\"Accueil\",\"item\":\"https:\\\/\\\/repliquemangacine.fr\\\/\"},{\"@type\":\"ListItem\",\"position\":2,\"name\":\"Produits\",\"item\":\"https:\\\/\\\/repliquemangacine.fr\\\/boutique\\\/\"},{\"@type\":\"ListItem\",\"position\":3,\"name\":\"Baguette Rafleur Harry\"}]},{\"@type\":\"WebSite\",\"@id\":\"https:\\\/\\\/repliquemangacine.fr\\\/#website\",\"url\":\"https:\\\/\\\/repliquemangacine.fr\\\/\",\"name\":\"R\u00e9plique Manga Cin\u00e9\",\"description\":\"\",\"publisher\":{\"@id\":\"https:\\\/\\\/repliquemangacine.fr\\\/#organization\"},\"potentialAction\":[{\"@type\":\"SearchAction\",\"target\":{\"@type\":\"EntryPoint\",\"urlTemplate\":\"https:\\\/\\\/repliquemangacine.fr\\\/?s={search_term_string}\"},\"query-input\":{\"@type\":\"PropertyValueSpecification\",\"valueRequired\":true,\"valueName\":\"search_term_string\"}}],\"inLanguage\":\"en-US\"},{\"@type\":\"Organization\",\"@id\":\"https:\\\/\\\/repliquemangacine.fr\\\/#organization\",\"name\":\"R\u00e9plique Manga Cin\u00e9\",\"url\":\"https:\\\/\\\/repliquemangacine.fr\\\/\",\"logo\":{\"@type\":\"ImageObject\",\"inLanguage\":\"en-US\",\"@id\":\"https:\\\/\\\/repliquemangacine.fr\\\/#\\\/schema\\\/logo\\\/image\\\/\",\"url\":\"https:\\\/\\\/repliquemangacine.fr\\\/wp-content\\\/uploads\\\/2023\\\/10\\\/RMC-500250.png\",\"contentUrl\":\"https:\\\/\\\/repliquemangacine.fr\\\/wp-content\\\/uploads\\\/2023\\\/10\\\/RMC-500250.png\",\"width\":500,\"height\":250,\"caption\":\"R\u00e9plique Manga Cin\u00e9\"},\"image\":{\"@id\":\"https:\\\/\\\/repliquemangacine.fr\\\/#\\\/schema\\\/logo\\\/image\\\/\"},\"sameAs\":[\"https:\\\/\\\/www.facebook.com\\\/RepliqueMangaCine\",\"https:\\\/\\\/www.instagram.com\\\/repliquemangacine.fr\\\/\"]}]}<\/script>\n<!-- \/ Yoast SEO plugin. -->","yoast_head_json":{"title":"Rafleur Official Wand - Harry Potter | R\u00e9plique Manga Cin\u00e9","description":"Discover the Official Harry Potter Wand Rafleur at the best price - Resin - Name plate - Collector's box - Length: 29 cm","robots":{"index":"index","follow":"follow","max-snippet":"max-snippet:-1","max-image-preview":"max-image-preview:large","max-video-preview":"max-video-preview:-1"},"canonical":"https:\/\/repliquemangacine.fr\/en\/harry-potter-character-wands\/harry-potters-wand-caught-in-the-rafleur\/","og_locale":"en_US","og_type":"article","og_title":"Baguette Officielle Rafleur - Harry Potter | R\u00e9plique Manga Cin\u00e9","og_description":"D\u00e9couvrez la Baguette Officielle Rafleur de Harry Potter au meilleur prix - En r\u00e9sine - Plaque nominative - Bo\u00eete Collector - Longueur : 29 cm","og_url":"https:\/\/repliquemangacine.fr\/en\/harry-potter-character-wands\/harry-potters-wand-caught-in-the-rafleur\/","og_site_name":"R\u00e9plique Manga Cin\u00e9","article_publisher":"https:\/\/www.facebook.com\/RepliqueMangaCine","article_modified_time":"2025-09-23T16:01:48+00:00","og_image":[{"width":700,"height":700,"url":"https:\/\/repliquemangacine.fr\/wp-content\/uploads\/2023\/10\/1266-Baguette-de-Harry-Potter-prise-au-rafleur.jpg","type":"image\/jpeg"}],"twitter_card":"summary_large_image","twitter_misc":{"Est. reading time":"1 minute"},"schema":{"@context":"https:\/\/schema.org","@graph":[{"@type":"WebPage","@id":"https:\/\/repliquemangacine.fr\/baguettes-personnages-harry-potter\/baguette-de-harry-potter-prise-au-rafleur\/","url":"https:\/\/repliquemangacine.fr\/baguettes-personnages-harry-potter\/baguette-de-harry-potter-prise-au-rafleur\/","name":"Rafleur Official Wand - Harry Potter | R\u00e9plique Manga Cin\u00e9","isPartOf":{"@id":"https:\/\/repliquemangacine.fr\/#website"},"primaryImageOfPage":{"@id":"https:\/\/repliquemangacine.fr\/baguettes-personnages-harry-potter\/baguette-de-harry-potter-prise-au-rafleur\/#primaryimage"},"image":{"@id":"https:\/\/repliquemangacine.fr\/baguettes-personnages-harry-potter\/baguette-de-harry-potter-prise-au-rafleur\/#primaryimage"},"thumbnailUrl":"https:\/\/repliquemangacine.fr\/wp-content\/uploads\/2023\/10\/1266-Baguette-de-Harry-Potter-prise-au-rafleur.jpg","datePublished":"2016-12-29T22:15:28+00:00","dateModified":"2025-09-23T16:01:48+00:00","description":"Discover the Official Harry Potter Wand Rafleur at the best price - Resin - Name plate - Collector's box - Length: 29 cm","breadcrumb":{"@id":"https:\/\/repliquemangacine.fr\/baguettes-personnages-harry-potter\/baguette-de-harry-potter-prise-au-rafleur\/#breadcrumb"},"inLanguage":"en-US","potentialAction":[{"@type":"ReadAction","target":["https:\/\/repliquemangacine.fr\/baguettes-personnages-harry-potter\/baguette-de-harry-potter-prise-au-rafleur\/"]}]},{"@type":"ImageObject","inLanguage":"en-US","@id":"https:\/\/repliquemangacine.fr\/baguettes-personnages-harry-potter\/baguette-de-harry-potter-prise-au-rafleur\/#primaryimage","url":"https:\/\/repliquemangacine.fr\/wp-content\/uploads\/2023\/10\/1266-Baguette-de-Harry-Potter-prise-au-rafleur.jpg","contentUrl":"https:\/\/repliquemangacine.fr\/wp-content\/uploads\/2023\/10\/1266-Baguette-de-Harry-Potter-prise-au-rafleur.jpg","width":700,"height":700,"caption":"Baguette de Harry Potter prise au rafleur"},{"@type":"BreadcrumbList","@id":"https:\/\/repliquemangacine.fr\/baguettes-personnages-harry-potter\/baguette-de-harry-potter-prise-au-rafleur\/#breadcrumb","itemListElement":[{"@type":"ListItem","position":1,"name":"Accueil","item":"https:\/\/repliquemangacine.fr\/"},{"@type":"ListItem","position":2,"name":"Produits","item":"https:\/\/repliquemangacine.fr\/boutique\/"},{"@type":"ListItem","position":3,"name":"Baguette Rafleur Harry"}]},{"@type":"WebSite","@id":"https:\/\/repliquemangacine.fr\/#website","url":"https:\/\/repliquemangacine.fr\/","name":"R\u00e9plique Manga Cin\u00e9","description":"","publisher":{"@id":"https:\/\/repliquemangacine.fr\/#organization"},"potentialAction":[{"@type":"SearchAction","target":{"@type":"EntryPoint","urlTemplate":"https:\/\/repliquemangacine.fr\/?s={search_term_string}"},"query-input":{"@type":"PropertyValueSpecification","valueRequired":true,"valueName":"search_term_string"}}],"inLanguage":"en-US"},{"@type":"Organization","@id":"https:\/\/repliquemangacine.fr\/#organization","name":"R\u00e9plique Manga Cin\u00e9","url":"https:\/\/repliquemangacine.fr\/","logo":{"@type":"ImageObject","inLanguage":"en-US","@id":"https:\/\/repliquemangacine.fr\/#\/schema\/logo\/image\/","url":"https:\/\/repliquemangacine.fr\/wp-content\/uploads\/2023\/10\/RMC-500250.png","contentUrl":"https:\/\/repliquemangacine.fr\/wp-content\/uploads\/2023\/10\/RMC-500250.png","width":500,"height":250,"caption":"R\u00e9plique Manga Cin\u00e9"},"image":{"@id":"https:\/\/repliquemangacine.fr\/#\/schema\/logo\/image\/"},"sameAs":["https:\/\/www.facebook.com\/RepliqueMangaCine","https:\/\/www.instagram.com\/repliquemangacine.fr\/"]}]}},"_links":{"self":[{"href":"https:\/\/repliquemangacine.fr\/en\/wp-json\/wp\/v2\/product\/26615","targetHints":{"allow":["GET"]}}],"collection":[{"href":"https:\/\/repliquemangacine.fr\/en\/wp-json\/wp\/v2\/product"}],"about":[{"href":"https:\/\/repliquemangacine.fr\/en\/wp-json\/wp\/v2\/types\/product"}],"wp:featuredmedia":[{"embeddable":true,"href":"https:\/\/repliquemangacine.fr\/en\/wp-json\/wp\/v2\/media\/26616"}],"wp:attachment":[{"href":"https:\/\/repliquemangacine.fr\/en\/wp-json\/wp\/v2\/media?parent=26615"}],"wp:term":[{"taxonomy":"product_brand","embeddable":true,"href":"https:\/\/repliquemangacine.fr\/en\/wp-json\/wp\/v2\/product_brand?post=26615"},{"taxonomy":"product_cat","embeddable":true,"href":"https:\/\/repliquemangacine.fr\/en\/wp-json\/wp\/v2\/product_cat?post=26615"},{"taxonomy":"product_tag","embeddable":true,"href":"https:\/\/repliquemangacine.fr\/en\/wp-json\/wp\/v2\/product_tag?post=26615"}],"curies":[{"name":"wp","href":"https:\/\/api.w.org\/{rel}","templated":true}]}}