





{"id":26596,"date":"2016-12-28T18:27:47","date_gmt":"2016-12-28T17:27:47","guid":{"rendered":"https:\/\/repliquemangacine.fr\/?post_type=product&#038;p=26596"},"modified":"2025-09-23T18:01:48","modified_gmt":"2025-09-23T16:01:48","slug":"galadriel-brooch-pendant","status":"publish","type":"product","link":"https:\/\/repliquemangacine.fr\/en\/bijoux-the-hobbit\/galadriel-pendentif-broche\/","title":{"rendered":"Galadriel Silver Brooch"},"content":{"rendered":"<h2>Lord of the Rings Galadriel Brooch Pendant<\/h2>\n<p>To begin with, the<strong> Galadriel Brooch Pendant<\/strong> is in sterling silver 925\u1d49, adorned with a mother-of-pearl stone.<\/p>\n<p>Galadriel is an Elf of the Noldor lineage, daughter of Finarfin and sister of Finrod Felagund. She is considered one of the greatest of the Eldar, along with F\u00ebanor and L\u00fathien. Galadriel has the same temperament as her uncle: she wants power and might. She is Lothl\u00f3rien's lady of the woods.<\/p>\n<p>Moreover, <a href=\"https:\/\/lotr.fandom.com\/fr\/wiki\/Galadriel\" target=\"_blank\" rel=\"noopener noreferrer\">Galadriel<\/a> is in possession of Nenya, one of the three elven power rings. At the start of the Fellowship, she gives each member a Lorien Leaf Brooch and an elven cloak.<\/p>\n<h2>Your Galadriel Brooch Pendant at the best price.<\/h2>\n<p>We offer a wide selection of cheap Lord of the Rings swords and jewelry.<\/p>\n<p>First and foremost,<\/p>\n<ul>\n<li>Arwen's Hadhafang sword with its blade engraved with elven runes.<\/li>\n<li>As well as the <a href=\"https:\/\/repliquemangacine.fr\/en\/jewelry-rings\/brooch-necklace-lorien-leaf-lord-of-the-rings\/\">Lorien leaf brooch necklace<\/a> symbol of the Elves.<\/li>\n<li>Let's end with the must-have <a href=\"https:\/\/repliquemangacine.fr\/en\/the-lord-of-the-rings\/anneau-unique-le-precieux\/\">Unique Ring<\/a>. This ring of power is called by Gollum \"my Precious\".<\/li>\n<li>And many more to discover in our online store.<\/li>\n<\/ul>\n<p>That's why we've come up with some great gift ideas for all those who love the Lord of the Rings trilogy.<\/p>\n<p>In conclusion, you can wear your <strong>Galadriel Brooch Pendant<\/strong> in everyday life. But above all, it's a collector's item.<\/p>\n<h2>How to look after your silver jewelry<\/h2>\n<p>Silver is more fragile than gold. With time, friction, sweat and dust, it loses its lustre and becomes tarnished.<\/p>\n<p>Here are a few tips for cleaning your <strong>Galadriel Brooch Pendant<\/strong> in silver, you'll slow down the appearance of signs of wear.<\/p>\n<ul>\n<li>Baking soda: An effective solution. Pour water into a bowl and melt the baking soda. Immerse your jewelry in the water for a few hours. Take a soft toothbrush and scrub gently. Rinse with clean water.<\/li>\n<li>White vinegar: In the same way, immerse your jewelry in white vinegar. Wait 2 hours, rinse with lukewarm water and dry with a soft cloth.<br \/>\nAnd then there are all the grandmotherly tricks like Coke...<\/li>\n<\/ul>\n<p>You'll be able to wear your jewelry longer.<\/p>","protected":false},"excerpt":{"rendered":"<p>This pendant is inspired by the brooch worn by Galadriel.<\/p>\n<ul>\n<li>Made of patinated 925th sterling silver and adorned with a mother-of-pearl pearl.<\/li>\n<li>45 cm chain.<\/li>\n<li>The motif measures approx. 6 x 3.5 cm.<\/li>\n<li>Wooden collector's box, with film plate.<\/li>\n<li>Official license The Noble Collection<\/li>\n<\/ul>","protected":false},"featured_media":26597,"template":"","meta":[],"product_brand":[896],"product_cat":[78,79,24,29,35],"product_tag":[],"class_list":{"0":"post-26596","1":"product","2":"type-product","3":"status-publish","4":"has-post-thumbnail","6":"product_brand-replique-manga-cine","7":"product_cat-bijoux-anneaux","8":"product_cat-bijoux-the-hobbit","9":"product_cat-films-series-tv-vente-de-katana-epee-et-produits-derives","10":"product_cat-le-seigneur-des-anneaux","11":"product_cat-epee-et-bijoux-the-hobbit","13":"first","14":"outofstock","15":"sale","16":"taxable","17":"shipping-taxable","18":"purchasable","19":"product-type-simple"},"yoast_head":"<!-- This site is optimized with the Yoast SEO plugin v27.5 - https:\/\/yoast.com\/product\/yoast-seo-wordpress\/ -->\n<title>Pendentif Broche Galadriel - Bijoux Seigneur des Anneaux | RMC<\/title>\n<meta name=\"description\" content=\"Fait en argent massif 925e et orn\u00e9e d&#039;une perle en nacre, ce pendentif finement travaill\u00e9 est inspir\u00e9 de la broche port\u00e9e par Galadriel.\" \/>\n<meta name=\"robots\" content=\"index, follow, max-snippet:-1, max-image-preview:large, max-video-preview:-1\" \/>\n<link rel=\"canonical\" href=\"https:\/\/repliquemangacine.fr\/en\/bijoux-the-hobbit\/galadriel-brooch-pendant\/\" \/>\n<meta property=\"og:locale\" content=\"en_US\" \/>\n<meta property=\"og:type\" content=\"article\" \/>\n<meta property=\"og:title\" content=\"Pendentif Broche Galadriel - Bijoux Seigneur des Anneaux | RMC\" \/>\n<meta property=\"og:description\" content=\"Fait en argent massif 925e et orn\u00e9e d&#039;une perle en nacre, ce pendentif finement travaill\u00e9 est inspir\u00e9 de la broche port\u00e9e par Galadriel.\" \/>\n<meta property=\"og:url\" content=\"https:\/\/repliquemangacine.fr\/en\/bijoux-the-hobbit\/galadriel-brooch-pendant\/\" \/>\n<meta property=\"og:site_name\" content=\"R\u00e9plique Manga Cin\u00e9\" \/>\n<meta property=\"article:publisher\" content=\"https:\/\/www.facebook.com\/RepliqueMangaCine\" \/>\n<meta property=\"article:modified_time\" content=\"2025-09-23T16:01:48+00:00\" \/>\n<meta property=\"og:image\" content=\"https:\/\/repliquemangacine.fr\/wp-content\/uploads\/2023\/10\/1250-Galadriel-Pendentif-broche.jpg\" \/>\n\t<meta property=\"og:image:width\" content=\"685\" \/>\n\t<meta property=\"og:image:height\" content=\"650\" \/>\n\t<meta property=\"og:image:type\" content=\"image\/jpeg\" \/>\n<meta name=\"twitter:card\" content=\"summary_large_image\" \/>\n<meta name=\"twitter:label1\" content=\"Est. reading time\" \/>\n\t<meta name=\"twitter:data1\" content=\"1 minute\" \/>\n<script type=\"application\/ld+json\" class=\"yoast-schema-graph\">{\"@context\":\"https:\\\/\\\/schema.org\",\"@graph\":[{\"@type\":\"WebPage\",\"@id\":\"https:\\\/\\\/repliquemangacine.fr\\\/bijoux-the-hobbit\\\/galadriel-pendentif-broche\\\/\",\"url\":\"https:\\\/\\\/repliquemangacine.fr\\\/bijoux-the-hobbit\\\/galadriel-pendentif-broche\\\/\",\"name\":\"Pendentif Broche Galadriel - Bijoux Seigneur des Anneaux | RMC\",\"isPartOf\":{\"@id\":\"https:\\\/\\\/repliquemangacine.fr\\\/#website\"},\"primaryImageOfPage\":{\"@id\":\"https:\\\/\\\/repliquemangacine.fr\\\/bijoux-the-hobbit\\\/galadriel-pendentif-broche\\\/#primaryimage\"},\"image\":{\"@id\":\"https:\\\/\\\/repliquemangacine.fr\\\/bijoux-the-hobbit\\\/galadriel-pendentif-broche\\\/#primaryimage\"},\"thumbnailUrl\":\"https:\\\/\\\/repliquemangacine.fr\\\/wp-content\\\/uploads\\\/2023\\\/10\\\/1250-Galadriel-Pendentif-broche.jpg\",\"datePublished\":\"2016-12-28T17:27:47+00:00\",\"dateModified\":\"2025-09-23T16:01:48+00:00\",\"description\":\"Fait en argent massif 925e et orn\u00e9e d'une perle en nacre, ce pendentif finement travaill\u00e9 est inspir\u00e9 de la broche port\u00e9e par Galadriel.\",\"breadcrumb\":{\"@id\":\"https:\\\/\\\/repliquemangacine.fr\\\/bijoux-the-hobbit\\\/galadriel-pendentif-broche\\\/#breadcrumb\"},\"inLanguage\":\"en-US\",\"potentialAction\":[{\"@type\":\"ReadAction\",\"target\":[\"https:\\\/\\\/repliquemangacine.fr\\\/bijoux-the-hobbit\\\/galadriel-pendentif-broche\\\/\"]}]},{\"@type\":\"ImageObject\",\"inLanguage\":\"en-US\",\"@id\":\"https:\\\/\\\/repliquemangacine.fr\\\/bijoux-the-hobbit\\\/galadriel-pendentif-broche\\\/#primaryimage\",\"url\":\"https:\\\/\\\/repliquemangacine.fr\\\/wp-content\\\/uploads\\\/2023\\\/10\\\/1250-Galadriel-Pendentif-broche.jpg\",\"contentUrl\":\"https:\\\/\\\/repliquemangacine.fr\\\/wp-content\\\/uploads\\\/2023\\\/10\\\/1250-Galadriel-Pendentif-broche.jpg\",\"width\":685,\"height\":650,\"caption\":\"Galadriel - Pendentif broche\"},{\"@type\":\"BreadcrumbList\",\"@id\":\"https:\\\/\\\/repliquemangacine.fr\\\/bijoux-the-hobbit\\\/galadriel-pendentif-broche\\\/#breadcrumb\",\"itemListElement\":[{\"@type\":\"ListItem\",\"position\":1,\"name\":\"Accueil\",\"item\":\"https:\\\/\\\/repliquemangacine.fr\\\/\"},{\"@type\":\"ListItem\",\"position\":2,\"name\":\"Produits\",\"item\":\"https:\\\/\\\/repliquemangacine.fr\\\/boutique\\\/\"},{\"@type\":\"ListItem\",\"position\":3,\"name\":\"Broche Galadriel Argent\"}]},{\"@type\":\"WebSite\",\"@id\":\"https:\\\/\\\/repliquemangacine.fr\\\/#website\",\"url\":\"https:\\\/\\\/repliquemangacine.fr\\\/\",\"name\":\"R\u00e9plique Manga Cin\u00e9\",\"description\":\"\",\"publisher\":{\"@id\":\"https:\\\/\\\/repliquemangacine.fr\\\/#organization\"},\"potentialAction\":[{\"@type\":\"SearchAction\",\"target\":{\"@type\":\"EntryPoint\",\"urlTemplate\":\"https:\\\/\\\/repliquemangacine.fr\\\/?s={search_term_string}\"},\"query-input\":{\"@type\":\"PropertyValueSpecification\",\"valueRequired\":true,\"valueName\":\"search_term_string\"}}],\"inLanguage\":\"en-US\"},{\"@type\":\"Organization\",\"@id\":\"https:\\\/\\\/repliquemangacine.fr\\\/#organization\",\"name\":\"R\u00e9plique Manga Cin\u00e9\",\"url\":\"https:\\\/\\\/repliquemangacine.fr\\\/\",\"logo\":{\"@type\":\"ImageObject\",\"inLanguage\":\"en-US\",\"@id\":\"https:\\\/\\\/repliquemangacine.fr\\\/#\\\/schema\\\/logo\\\/image\\\/\",\"url\":\"https:\\\/\\\/repliquemangacine.fr\\\/wp-content\\\/uploads\\\/2023\\\/10\\\/RMC-500250.png\",\"contentUrl\":\"https:\\\/\\\/repliquemangacine.fr\\\/wp-content\\\/uploads\\\/2023\\\/10\\\/RMC-500250.png\",\"width\":500,\"height\":250,\"caption\":\"R\u00e9plique Manga Cin\u00e9\"},\"image\":{\"@id\":\"https:\\\/\\\/repliquemangacine.fr\\\/#\\\/schema\\\/logo\\\/image\\\/\"},\"sameAs\":[\"https:\\\/\\\/www.facebook.com\\\/RepliqueMangaCine\",\"https:\\\/\\\/www.instagram.com\\\/repliquemangacine.fr\\\/\"]}]}<\/script>\n<!-- \/ Yoast SEO plugin. -->","yoast_head_json":{"title":"Galadriel Brooch Pendant - Lord of the Rings Jewelry | RMC","description":"Made of 925 sterling silver and adorned with a mother-of-pearl pearl, this finely crafted pendant is inspired by the brooch worn by Galadriel.","robots":{"index":"index","follow":"follow","max-snippet":"max-snippet:-1","max-image-preview":"max-image-preview:large","max-video-preview":"max-video-preview:-1"},"canonical":"https:\/\/repliquemangacine.fr\/en\/bijoux-the-hobbit\/galadriel-brooch-pendant\/","og_locale":"en_US","og_type":"article","og_title":"Pendentif Broche Galadriel - Bijoux Seigneur des Anneaux | RMC","og_description":"Fait en argent massif 925e et orn\u00e9e d'une perle en nacre, ce pendentif finement travaill\u00e9 est inspir\u00e9 de la broche port\u00e9e par Galadriel.","og_url":"https:\/\/repliquemangacine.fr\/en\/bijoux-the-hobbit\/galadriel-brooch-pendant\/","og_site_name":"R\u00e9plique Manga Cin\u00e9","article_publisher":"https:\/\/www.facebook.com\/RepliqueMangaCine","article_modified_time":"2025-09-23T16:01:48+00:00","og_image":[{"width":685,"height":650,"url":"https:\/\/repliquemangacine.fr\/wp-content\/uploads\/2023\/10\/1250-Galadriel-Pendentif-broche.jpg","type":"image\/jpeg"}],"twitter_card":"summary_large_image","twitter_misc":{"Est. reading time":"1 minute"},"schema":{"@context":"https:\/\/schema.org","@graph":[{"@type":"WebPage","@id":"https:\/\/repliquemangacine.fr\/bijoux-the-hobbit\/galadriel-pendentif-broche\/","url":"https:\/\/repliquemangacine.fr\/bijoux-the-hobbit\/galadriel-pendentif-broche\/","name":"Galadriel Brooch Pendant - Lord of the Rings Jewelry | RMC","isPartOf":{"@id":"https:\/\/repliquemangacine.fr\/#website"},"primaryImageOfPage":{"@id":"https:\/\/repliquemangacine.fr\/bijoux-the-hobbit\/galadriel-pendentif-broche\/#primaryimage"},"image":{"@id":"https:\/\/repliquemangacine.fr\/bijoux-the-hobbit\/galadriel-pendentif-broche\/#primaryimage"},"thumbnailUrl":"https:\/\/repliquemangacine.fr\/wp-content\/uploads\/2023\/10\/1250-Galadriel-Pendentif-broche.jpg","datePublished":"2016-12-28T17:27:47+00:00","dateModified":"2025-09-23T16:01:48+00:00","description":"Made of 925 sterling silver and adorned with a mother-of-pearl pearl, this finely crafted pendant is inspired by the brooch worn by Galadriel.","breadcrumb":{"@id":"https:\/\/repliquemangacine.fr\/bijoux-the-hobbit\/galadriel-pendentif-broche\/#breadcrumb"},"inLanguage":"en-US","potentialAction":[{"@type":"ReadAction","target":["https:\/\/repliquemangacine.fr\/bijoux-the-hobbit\/galadriel-pendentif-broche\/"]}]},{"@type":"ImageObject","inLanguage":"en-US","@id":"https:\/\/repliquemangacine.fr\/bijoux-the-hobbit\/galadriel-pendentif-broche\/#primaryimage","url":"https:\/\/repliquemangacine.fr\/wp-content\/uploads\/2023\/10\/1250-Galadriel-Pendentif-broche.jpg","contentUrl":"https:\/\/repliquemangacine.fr\/wp-content\/uploads\/2023\/10\/1250-Galadriel-Pendentif-broche.jpg","width":685,"height":650,"caption":"Galadriel - Pendentif broche"},{"@type":"BreadcrumbList","@id":"https:\/\/repliquemangacine.fr\/bijoux-the-hobbit\/galadriel-pendentif-broche\/#breadcrumb","itemListElement":[{"@type":"ListItem","position":1,"name":"Accueil","item":"https:\/\/repliquemangacine.fr\/"},{"@type":"ListItem","position":2,"name":"Produits","item":"https:\/\/repliquemangacine.fr\/boutique\/"},{"@type":"ListItem","position":3,"name":"Broche Galadriel Argent"}]},{"@type":"WebSite","@id":"https:\/\/repliquemangacine.fr\/#website","url":"https:\/\/repliquemangacine.fr\/","name":"R\u00e9plique Manga Cin\u00e9","description":"","publisher":{"@id":"https:\/\/repliquemangacine.fr\/#organization"},"potentialAction":[{"@type":"SearchAction","target":{"@type":"EntryPoint","urlTemplate":"https:\/\/repliquemangacine.fr\/?s={search_term_string}"},"query-input":{"@type":"PropertyValueSpecification","valueRequired":true,"valueName":"search_term_string"}}],"inLanguage":"en-US"},{"@type":"Organization","@id":"https:\/\/repliquemangacine.fr\/#organization","name":"R\u00e9plique Manga Cin\u00e9","url":"https:\/\/repliquemangacine.fr\/","logo":{"@type":"ImageObject","inLanguage":"en-US","@id":"https:\/\/repliquemangacine.fr\/#\/schema\/logo\/image\/","url":"https:\/\/repliquemangacine.fr\/wp-content\/uploads\/2023\/10\/RMC-500250.png","contentUrl":"https:\/\/repliquemangacine.fr\/wp-content\/uploads\/2023\/10\/RMC-500250.png","width":500,"height":250,"caption":"R\u00e9plique Manga Cin\u00e9"},"image":{"@id":"https:\/\/repliquemangacine.fr\/#\/schema\/logo\/image\/"},"sameAs":["https:\/\/www.facebook.com\/RepliqueMangaCine","https:\/\/www.instagram.com\/repliquemangacine.fr\/"]}]}},"_links":{"self":[{"href":"https:\/\/repliquemangacine.fr\/en\/wp-json\/wp\/v2\/product\/26596","targetHints":{"allow":["GET"]}}],"collection":[{"href":"https:\/\/repliquemangacine.fr\/en\/wp-json\/wp\/v2\/product"}],"about":[{"href":"https:\/\/repliquemangacine.fr\/en\/wp-json\/wp\/v2\/types\/product"}],"wp:featuredmedia":[{"embeddable":true,"href":"https:\/\/repliquemangacine.fr\/en\/wp-json\/wp\/v2\/media\/26597"}],"wp:attachment":[{"href":"https:\/\/repliquemangacine.fr\/en\/wp-json\/wp\/v2\/media?parent=26596"}],"wp:term":[{"taxonomy":"product_brand","embeddable":true,"href":"https:\/\/repliquemangacine.fr\/en\/wp-json\/wp\/v2\/product_brand?post=26596"},{"taxonomy":"product_cat","embeddable":true,"href":"https:\/\/repliquemangacine.fr\/en\/wp-json\/wp\/v2\/product_cat?post=26596"},{"taxonomy":"product_tag","embeddable":true,"href":"https:\/\/repliquemangacine.fr\/en\/wp-json\/wp\/v2\/product_tag?post=26596"}],"curies":[{"name":"wp","href":"https:\/\/api.w.org\/{rel}","templated":true}]}}