





{"id":26587,"date":"2016-12-28T16:38:28","date_gmt":"2016-12-28T15:38:28","guid":{"rendered":"https:\/\/repliquemangacine.fr\/?post_type=product&#038;p=26587"},"modified":"2025-09-23T18:01:47","modified_gmt":"2025-09-23T16:01:47","slug":"pendant-elrond-the-hobbit","status":"publish","type":"product","link":"https:\/\/repliquemangacine.fr\/en\/bijoux-the-hobbit\/pendentif-elrond-the-hobbit\/","title":{"rendered":"Elrond The Hobbit pendant"},"content":{"rendered":"<h2>Elrond The Hobbit pendant<\/h2>\n<p>To begin with, the <strong>Elrond The Hobbit pendant<\/strong> is 925\u1d49 sterling silver and 24-carat gold-plated. Officially licensed by The Noble Collection.<\/p>\n<p><a href=\"https:\/\/lotr.fandom.com\/fr\/wiki\/Elrond\" target=\"_blank\" rel=\"noopener noreferrer\">Elrond<\/a> the Half-Elf is renowned for his wisdom, clairvoyance and healing powers. He carries a ring of power, the most powerful of the Elf Lords of Middle-earth.<\/p>\n<p>Member of the White Council, often held at Rivendell, and great friend of Gandalf the Grey. Elrond helped Thorin's Company to recapture Lonely Mountain by translating the Lunar Writing on Thorin's map.<\/p>\n<p>Elrond left Middle-earth to cross the sea with the other Ring-bearers, never to return.<\/p>\n<h2>Your Elrond The Hobbit Pendant at the best price.<\/h2>\n<p>We offer a wide selection of swords and jewelry from The Hobbit trilogy.<\/p>\n<p>First and foremost,<\/p>\n<ul>\n<li>The Anduril \"Flame of the West\", a sword reforged by elves<\/li>\n<li>As well as the necklace <a href=\"https:\/\/repliquemangacine.fr\/en\/jewelry-rings\/brooch-necklace-lorien-leaf-lord-of-the-rings\/\">brooch leaf Lorien<\/a> symbol of the Elves.<\/li>\n<li>There's also the unmissable <a href=\"https:\/\/repliquemangacine.fr\/en\/the-lord-of-the-rings\/anneau-unique-le-precieux\/\">Unique Ring<\/a>. This ring of power is called by Gollum \"my Precious\".<\/li>\n<li>And many more to discover in our online store.<\/li>\n<\/ul>\n<p>That's why we've come up with some great gift ideas for anyone who loves \"The Hobbit\" trilogy.<\/p>\n<p>In conclusion, you can wear your <strong>Elrond The Hobbit pendant<\/strong> in everyday life. But above all, it's a collector's item.<\/p>\n<h2>How to look after your silver jewelry<\/h2>\n<p>Silver is more fragile than gold. With time, friction, sweat and dust, it loses its lustre and becomes tarnished.<\/p>\n<p>Here are a few tips for cleaning your <strong>Elrond The Hobbit pendant<\/strong> in silver and gold-plated, you'll slow down the appearance of signs of wear.<\/p>\n<ul>\n<li>Baking soda: An effective solution. Pour water into a bowl and melt the baking soda. Immerse your jewelry in the water for a few hours. Take a soft toothbrush and scrub gently. Rinse with clean water.<\/li>\n<li>White vinegar: In the same way, immerse your jewelry in white vinegar. Wait 2 hours, rinse with lukewarm water and dry with a soft cloth.<br \/>\nAnd then there are all the grandmotherly tricks like Coke...<\/li>\n<\/ul>\n<p>You'll be able to wear your jewelry longer.<\/p>\n<p>&nbsp;<\/p>","protected":false},"excerpt":{"rendered":"<p>Elrond The Hobbit pendant<\/p>\n<ul>\n<li>Made of sterling silver and 24-carat gold-plated.<\/li>\n<li>Twisted chain included (approx. 45 cm). Weighs 6.5 g.<\/li>\n<li>Wooden collector's box with film plate.<\/li>\n<li>Under Official License The Noble Collection<\/li>\n<\/ul>","protected":false},"featured_media":26588,"template":"","meta":[],"product_brand":[896],"product_cat":[79,24,35],"product_tag":[],"class_list":{"0":"post-26587","1":"product","2":"type-product","3":"status-publish","4":"has-post-thumbnail","6":"product_brand-replique-manga-cine","7":"product_cat-bijoux-the-hobbit","8":"product_cat-films-series-tv-vente-de-katana-epee-et-produits-derives","9":"product_cat-epee-et-bijoux-the-hobbit","11":"first","12":"instock","13":"taxable","14":"shipping-taxable","15":"purchasable","16":"product-type-simple"},"yoast_head":"<!-- This site is optimized with the Yoast SEO plugin v27.5 - https:\/\/yoast.com\/product\/yoast-seo-wordpress\/ -->\n<title>Pendentif Elrond The Hobbit - R\u00e9plique Manga Cin\u00e9<\/title>\n<meta name=\"description\" content=\"Offrez-lui le Pendentif Elrond The Hobbit au meilleur prix - Argent et Plaqu\u00e9 or 24 carats - Chaine torsad\u00e9e de 45 cm - Boite Collector - Licence Officielle\" \/>\n<meta name=\"robots\" content=\"index, follow, max-snippet:-1, max-image-preview:large, max-video-preview:-1\" \/>\n<link rel=\"canonical\" href=\"https:\/\/repliquemangacine.fr\/en\/bijoux-the-hobbit\/pendant-elrond-the-hobbit\/\" \/>\n<meta property=\"og:locale\" content=\"en_US\" \/>\n<meta property=\"og:type\" content=\"article\" \/>\n<meta property=\"og:title\" content=\"Pendentif Elrond The Hobbit - R\u00e9plique Manga Cin\u00e9\" \/>\n<meta property=\"og:description\" content=\"Offrez-lui le Pendentif Elrond The Hobbit au meilleur prix - Argent et Plaqu\u00e9 or 24 carats - Chaine torsad\u00e9e de 45 cm - Boite Collector - Licence Officielle\" \/>\n<meta property=\"og:url\" content=\"https:\/\/repliquemangacine.fr\/en\/bijoux-the-hobbit\/pendant-elrond-the-hobbit\/\" \/>\n<meta property=\"og:site_name\" content=\"R\u00e9plique Manga Cin\u00e9\" \/>\n<meta property=\"article:publisher\" content=\"https:\/\/www.facebook.com\/RepliqueMangaCine\" \/>\n<meta property=\"article:modified_time\" content=\"2025-09-23T16:01:47+00:00\" \/>\n<meta property=\"og:image\" content=\"https:\/\/repliquemangacine.fr\/wp-content\/uploads\/2023\/10\/1244-Pendentif-Elrond-The-Hobbit.jpg\" \/>\n\t<meta property=\"og:image:width\" content=\"700\" \/>\n\t<meta property=\"og:image:height\" content=\"700\" \/>\n\t<meta property=\"og:image:type\" content=\"image\/jpeg\" \/>\n<meta name=\"twitter:card\" content=\"summary_large_image\" \/>\n<meta name=\"twitter:label1\" content=\"Est. reading time\" \/>\n\t<meta name=\"twitter:data1\" content=\"2 minutes\" \/>\n<script type=\"application\/ld+json\" class=\"yoast-schema-graph\">{\"@context\":\"https:\\\/\\\/schema.org\",\"@graph\":[{\"@type\":\"WebPage\",\"@id\":\"https:\\\/\\\/repliquemangacine.fr\\\/bijoux-the-hobbit\\\/pendentif-elrond-the-hobbit\\\/\",\"url\":\"https:\\\/\\\/repliquemangacine.fr\\\/bijoux-the-hobbit\\\/pendentif-elrond-the-hobbit\\\/\",\"name\":\"Pendentif Elrond The Hobbit - R\u00e9plique Manga Cin\u00e9\",\"isPartOf\":{\"@id\":\"https:\\\/\\\/repliquemangacine.fr\\\/#website\"},\"primaryImageOfPage\":{\"@id\":\"https:\\\/\\\/repliquemangacine.fr\\\/bijoux-the-hobbit\\\/pendentif-elrond-the-hobbit\\\/#primaryimage\"},\"image\":{\"@id\":\"https:\\\/\\\/repliquemangacine.fr\\\/bijoux-the-hobbit\\\/pendentif-elrond-the-hobbit\\\/#primaryimage\"},\"thumbnailUrl\":\"https:\\\/\\\/repliquemangacine.fr\\\/wp-content\\\/uploads\\\/2023\\\/10\\\/1244-Pendentif-Elrond-The-Hobbit.jpg\",\"datePublished\":\"2016-12-28T15:38:28+00:00\",\"dateModified\":\"2025-09-23T16:01:47+00:00\",\"description\":\"Offrez-lui le Pendentif Elrond The Hobbit au meilleur prix - Argent et Plaqu\u00e9 or 24 carats - Chaine torsad\u00e9e de 45 cm - Boite Collector - Licence Officielle\",\"breadcrumb\":{\"@id\":\"https:\\\/\\\/repliquemangacine.fr\\\/bijoux-the-hobbit\\\/pendentif-elrond-the-hobbit\\\/#breadcrumb\"},\"inLanguage\":\"en-US\",\"potentialAction\":[{\"@type\":\"ReadAction\",\"target\":[\"https:\\\/\\\/repliquemangacine.fr\\\/bijoux-the-hobbit\\\/pendentif-elrond-the-hobbit\\\/\"]}]},{\"@type\":\"ImageObject\",\"inLanguage\":\"en-US\",\"@id\":\"https:\\\/\\\/repliquemangacine.fr\\\/bijoux-the-hobbit\\\/pendentif-elrond-the-hobbit\\\/#primaryimage\",\"url\":\"https:\\\/\\\/repliquemangacine.fr\\\/wp-content\\\/uploads\\\/2023\\\/10\\\/1244-Pendentif-Elrond-The-Hobbit.jpg\",\"contentUrl\":\"https:\\\/\\\/repliquemangacine.fr\\\/wp-content\\\/uploads\\\/2023\\\/10\\\/1244-Pendentif-Elrond-The-Hobbit.jpg\",\"width\":700,\"height\":700,\"caption\":\"Pendentif Elrond - The Hobbit\"},{\"@type\":\"BreadcrumbList\",\"@id\":\"https:\\\/\\\/repliquemangacine.fr\\\/bijoux-the-hobbit\\\/pendentif-elrond-the-hobbit\\\/#breadcrumb\",\"itemListElement\":[{\"@type\":\"ListItem\",\"position\":1,\"name\":\"Accueil\",\"item\":\"https:\\\/\\\/repliquemangacine.fr\\\/\"},{\"@type\":\"ListItem\",\"position\":2,\"name\":\"Produits\",\"item\":\"https:\\\/\\\/repliquemangacine.fr\\\/boutique\\\/\"},{\"@type\":\"ListItem\",\"position\":3,\"name\":\"Pendentif Elrond The Hobbit\"}]},{\"@type\":\"WebSite\",\"@id\":\"https:\\\/\\\/repliquemangacine.fr\\\/#website\",\"url\":\"https:\\\/\\\/repliquemangacine.fr\\\/\",\"name\":\"R\u00e9plique Manga Cin\u00e9\",\"description\":\"\",\"publisher\":{\"@id\":\"https:\\\/\\\/repliquemangacine.fr\\\/#organization\"},\"potentialAction\":[{\"@type\":\"SearchAction\",\"target\":{\"@type\":\"EntryPoint\",\"urlTemplate\":\"https:\\\/\\\/repliquemangacine.fr\\\/?s={search_term_string}\"},\"query-input\":{\"@type\":\"PropertyValueSpecification\",\"valueRequired\":true,\"valueName\":\"search_term_string\"}}],\"inLanguage\":\"en-US\"},{\"@type\":\"Organization\",\"@id\":\"https:\\\/\\\/repliquemangacine.fr\\\/#organization\",\"name\":\"R\u00e9plique Manga Cin\u00e9\",\"url\":\"https:\\\/\\\/repliquemangacine.fr\\\/\",\"logo\":{\"@type\":\"ImageObject\",\"inLanguage\":\"en-US\",\"@id\":\"https:\\\/\\\/repliquemangacine.fr\\\/#\\\/schema\\\/logo\\\/image\\\/\",\"url\":\"https:\\\/\\\/repliquemangacine.fr\\\/wp-content\\\/uploads\\\/2023\\\/10\\\/RMC-500250.png\",\"contentUrl\":\"https:\\\/\\\/repliquemangacine.fr\\\/wp-content\\\/uploads\\\/2023\\\/10\\\/RMC-500250.png\",\"width\":500,\"height\":250,\"caption\":\"R\u00e9plique Manga Cin\u00e9\"},\"image\":{\"@id\":\"https:\\\/\\\/repliquemangacine.fr\\\/#\\\/schema\\\/logo\\\/image\\\/\"},\"sameAs\":[\"https:\\\/\\\/www.facebook.com\\\/RepliqueMangaCine\",\"https:\\\/\\\/www.instagram.com\\\/repliquemangacine.fr\\\/\"]}]}<\/script>\n<!-- \/ Yoast SEO plugin. -->","yoast_head_json":{"title":"Elrond The Hobbit pendant - R\u00e9plique Manga Cin\u00e9","description":"Give him The Hobbit Elrond Pendant at the best price - Silver and 24 carat gold plated - 45 cm twisted chain - Collector's Box - Official License","robots":{"index":"index","follow":"follow","max-snippet":"max-snippet:-1","max-image-preview":"max-image-preview:large","max-video-preview":"max-video-preview:-1"},"canonical":"https:\/\/repliquemangacine.fr\/en\/bijoux-the-hobbit\/pendant-elrond-the-hobbit\/","og_locale":"en_US","og_type":"article","og_title":"Pendentif Elrond The Hobbit - R\u00e9plique Manga Cin\u00e9","og_description":"Offrez-lui le Pendentif Elrond The Hobbit au meilleur prix - Argent et Plaqu\u00e9 or 24 carats - Chaine torsad\u00e9e de 45 cm - Boite Collector - Licence Officielle","og_url":"https:\/\/repliquemangacine.fr\/en\/bijoux-the-hobbit\/pendant-elrond-the-hobbit\/","og_site_name":"R\u00e9plique Manga Cin\u00e9","article_publisher":"https:\/\/www.facebook.com\/RepliqueMangaCine","article_modified_time":"2025-09-23T16:01:47+00:00","og_image":[{"width":700,"height":700,"url":"https:\/\/repliquemangacine.fr\/wp-content\/uploads\/2023\/10\/1244-Pendentif-Elrond-The-Hobbit.jpg","type":"image\/jpeg"}],"twitter_card":"summary_large_image","twitter_misc":{"Est. reading time":"2 minutes"},"schema":{"@context":"https:\/\/schema.org","@graph":[{"@type":"WebPage","@id":"https:\/\/repliquemangacine.fr\/bijoux-the-hobbit\/pendentif-elrond-the-hobbit\/","url":"https:\/\/repliquemangacine.fr\/bijoux-the-hobbit\/pendentif-elrond-the-hobbit\/","name":"Elrond The Hobbit pendant - R\u00e9plique Manga Cin\u00e9","isPartOf":{"@id":"https:\/\/repliquemangacine.fr\/#website"},"primaryImageOfPage":{"@id":"https:\/\/repliquemangacine.fr\/bijoux-the-hobbit\/pendentif-elrond-the-hobbit\/#primaryimage"},"image":{"@id":"https:\/\/repliquemangacine.fr\/bijoux-the-hobbit\/pendentif-elrond-the-hobbit\/#primaryimage"},"thumbnailUrl":"https:\/\/repliquemangacine.fr\/wp-content\/uploads\/2023\/10\/1244-Pendentif-Elrond-The-Hobbit.jpg","datePublished":"2016-12-28T15:38:28+00:00","dateModified":"2025-09-23T16:01:47+00:00","description":"Give him The Hobbit Elrond Pendant at the best price - Silver and 24 carat gold plated - 45 cm twisted chain - Collector's Box - Official License","breadcrumb":{"@id":"https:\/\/repliquemangacine.fr\/bijoux-the-hobbit\/pendentif-elrond-the-hobbit\/#breadcrumb"},"inLanguage":"en-US","potentialAction":[{"@type":"ReadAction","target":["https:\/\/repliquemangacine.fr\/bijoux-the-hobbit\/pendentif-elrond-the-hobbit\/"]}]},{"@type":"ImageObject","inLanguage":"en-US","@id":"https:\/\/repliquemangacine.fr\/bijoux-the-hobbit\/pendentif-elrond-the-hobbit\/#primaryimage","url":"https:\/\/repliquemangacine.fr\/wp-content\/uploads\/2023\/10\/1244-Pendentif-Elrond-The-Hobbit.jpg","contentUrl":"https:\/\/repliquemangacine.fr\/wp-content\/uploads\/2023\/10\/1244-Pendentif-Elrond-The-Hobbit.jpg","width":700,"height":700,"caption":"Pendentif Elrond - The Hobbit"},{"@type":"BreadcrumbList","@id":"https:\/\/repliquemangacine.fr\/bijoux-the-hobbit\/pendentif-elrond-the-hobbit\/#breadcrumb","itemListElement":[{"@type":"ListItem","position":1,"name":"Accueil","item":"https:\/\/repliquemangacine.fr\/"},{"@type":"ListItem","position":2,"name":"Produits","item":"https:\/\/repliquemangacine.fr\/boutique\/"},{"@type":"ListItem","position":3,"name":"Pendentif Elrond The Hobbit"}]},{"@type":"WebSite","@id":"https:\/\/repliquemangacine.fr\/#website","url":"https:\/\/repliquemangacine.fr\/","name":"R\u00e9plique Manga Cin\u00e9","description":"","publisher":{"@id":"https:\/\/repliquemangacine.fr\/#organization"},"potentialAction":[{"@type":"SearchAction","target":{"@type":"EntryPoint","urlTemplate":"https:\/\/repliquemangacine.fr\/?s={search_term_string}"},"query-input":{"@type":"PropertyValueSpecification","valueRequired":true,"valueName":"search_term_string"}}],"inLanguage":"en-US"},{"@type":"Organization","@id":"https:\/\/repliquemangacine.fr\/#organization","name":"R\u00e9plique Manga Cin\u00e9","url":"https:\/\/repliquemangacine.fr\/","logo":{"@type":"ImageObject","inLanguage":"en-US","@id":"https:\/\/repliquemangacine.fr\/#\/schema\/logo\/image\/","url":"https:\/\/repliquemangacine.fr\/wp-content\/uploads\/2023\/10\/RMC-500250.png","contentUrl":"https:\/\/repliquemangacine.fr\/wp-content\/uploads\/2023\/10\/RMC-500250.png","width":500,"height":250,"caption":"R\u00e9plique Manga Cin\u00e9"},"image":{"@id":"https:\/\/repliquemangacine.fr\/#\/schema\/logo\/image\/"},"sameAs":["https:\/\/www.facebook.com\/RepliqueMangaCine","https:\/\/www.instagram.com\/repliquemangacine.fr\/"]}]}},"_links":{"self":[{"href":"https:\/\/repliquemangacine.fr\/en\/wp-json\/wp\/v2\/product\/26587","targetHints":{"allow":["GET"]}}],"collection":[{"href":"https:\/\/repliquemangacine.fr\/en\/wp-json\/wp\/v2\/product"}],"about":[{"href":"https:\/\/repliquemangacine.fr\/en\/wp-json\/wp\/v2\/types\/product"}],"wp:featuredmedia":[{"embeddable":true,"href":"https:\/\/repliquemangacine.fr\/en\/wp-json\/wp\/v2\/media\/26588"}],"wp:attachment":[{"href":"https:\/\/repliquemangacine.fr\/en\/wp-json\/wp\/v2\/media?parent=26587"}],"wp:term":[{"taxonomy":"product_brand","embeddable":true,"href":"https:\/\/repliquemangacine.fr\/en\/wp-json\/wp\/v2\/product_brand?post=26587"},{"taxonomy":"product_cat","embeddable":true,"href":"https:\/\/repliquemangacine.fr\/en\/wp-json\/wp\/v2\/product_cat?post=26587"},{"taxonomy":"product_tag","embeddable":true,"href":"https:\/\/repliquemangacine.fr\/en\/wp-json\/wp\/v2\/product_tag?post=26587"}],"curies":[{"name":"wp","href":"https:\/\/api.w.org\/{rel}","templated":true}]}}