





{"id":26558,"date":"2016-11-30T19:10:00","date_gmt":"2016-11-30T18:10:00","guid":{"rendered":"https:\/\/repliquemangacine.fr\/?post_type=product&#038;p=26558"},"modified":"2026-04-03T14:50:57","modified_gmt":"2026-04-03T12:50:57","slug":"game-of-thrones-eddard-stark-sword-hbo-tv-version","status":"publish","type":"product","link":"https:\/\/repliquemangacine.fr\/en\/epees-game-of-thrones\/game-of-thrones-epee-eddard-stark-version-hbo-tv\/","title":{"rendered":"Ned Stark sword HBO TV version"},"content":{"rendered":"<h2>Ned Stark sword, Game of Thrones version<\/h2>\n<p>To begin with, the Ned Stark Sword is called Glace, the ancestral Valyrian steel sword of House Stark. Described as being as wide as a man's hand and higher than the hand of a fourteen-year-old like Robb Stark.<\/p>\n<p>Forged in Valyria four hundred years ago, it's a two-handed sword. It has become the sword of the Lord of Winterfell. Eddard Stark uses it personally to execute prisoners condemned to death.<\/p>\n<p>After Eddard's arrest, Ilyn Payne uses <a href=\"https:\/\/gameofthrones.fandom.com\/fr\/wiki\/Glace\" target=\"_blank\" rel=\"noopener noreferrer\">Ice<\/a> to execute Ned in the Great Septuary of Baelor. In season 4, Tywin Lannister recovers the sword. He asks a blacksmith to use Valyrian ice steel to forge two long swords, which are named: Widow's Cry and Faerie.<\/p>\n<h2>Your Ned Stark sword at the best price.<\/h2>\n<p>We bring you all the lines from your favorite Game Of Thrones series.<\/p>\n<p>First and foremost,<\/p>\n<ul>\n<li>L'<a href=\"https:\/\/repliquemangacine.fr\/en\/game-of-thrones-swords\/ice-sword-sword-eddard-stark-iron-throne\/\">Ned Stark's sword<\/a> in its novel version.<\/li>\n<li>There is also the<a href=\"https:\/\/repliquemangacine.fr\/en\/game-of-thrones-swords\/epee-needle-arya-stark-game-of-thrones\/\">Arya's sword Needle<\/a> given to him by Jon Snow.<\/li>\n<li>As well as the<a href=\"https:\/\/repliquemangacine.fr\/en\/game-of-thrones-swords\/brienne-de-torth-oathkeeper-sword-game-of-thrones\/\">Fairy sword<\/a> given by Jaime to Brienne de Tarth.<\/li>\n<li>And many more to discover in our online store!<\/li>\n<\/ul>\n<p>That's why it's a great gift idea for fans of the Game of Thrones series.<\/p>\n<p>In conclusion, you can use<strong>Ned Stark sword<\/strong> for your cosplay parades or theme parties. But above all, this sword is a collector's item and a decoration.<\/p>\n<h2>How to maintain the blade of your Game of Thrones sword?<\/h2>\n<p>Collector's and decorative swords are made and assembled in a simplified way. As their use is decorative, they lack the safety features required of a Japanese sword intended for training.<\/p>\n<p>However, your <strong>Ned Stark sword<\/strong> to a steel blade that needs to be cared for to avoid damage over time. In fact, when you display your katana, your friends will be curious to see and touch the blade. This is where you need to be careful, as the acidity of your fingers is very harmful to steel, whatever its quality.<\/p>\n<p>However, if this does happen, don't panic - all you need is a cloth dampened with a little oil and a wipe of fingerprints. By doing so, you'll keep your sword looking its best for a very long time.<\/p>","protected":false},"excerpt":{"rendered":"<p>Ice sword used by Ned in Game of Thrones.<\/p>\n<ul>\n<li>Stainless steel blade with groove.<\/li>\n<li>Silver and gold-plated steel hilt and pommel.<\/li>\n<li>ABS handle.<\/li>\n<li>Screen-printed backing.<\/li>\n<li>Blade length: 100 cm - Overall length: 130 cm - Weight: 1900 grs<\/li>\n<\/ul>","protected":false},"featured_media":26559,"template":"","meta":[],"product_brand":[896],"product_cat":[25,84,72,24,47,43],"product_tag":[],"class_list":{"0":"post-26558","1":"product","2":"type-product","3":"status-publish","4":"has-post-thumbnail","6":"product_brand-replique-manga-cine","7":"product_cat-armes-historiques","8":"product_cat-epee-templier-medievale","9":"product_cat-epees-game-of-thrones","10":"product_cat-films-series-tv-vente-de-katana-epee-et-produits-derives","11":"product_cat-game-of-thrones","12":"product_cat-reproductions-d-armes-et-accessoires-medievales","14":"first","15":"instock","16":"sale","17":"taxable","18":"shipping-taxable","19":"purchasable","20":"product-type-simple"},"yoast_head":"<!-- This site is optimized with the Yoast SEO plugin v27.5 - https:\/\/yoast.com\/product\/yoast-seo-wordpress\/ -->\n<title>Ep\u00e9e Ned Stark - Ep\u00e9es Game of Thrones - Replique Manga Cine<\/title>\n<meta name=\"description\" content=\"Offrez-lui ! L&#039;Ep\u00e9e Ned Stark dans Game of Thrones au meilleur prix. Lame en acier 440 - Support bois - Longueur totale : 130 cm - Envoi 24\/48h\" \/>\n<meta name=\"robots\" content=\"index, follow, max-snippet:-1, max-image-preview:large, max-video-preview:-1\" \/>\n<link rel=\"canonical\" href=\"https:\/\/repliquemangacine.fr\/en\/game-of-thrones-swords\/game-of-thrones-eddard-stark-sword-hbo-tv-version\/\" \/>\n<meta property=\"og:locale\" content=\"en_US\" \/>\n<meta property=\"og:type\" content=\"article\" \/>\n<meta property=\"og:title\" content=\"Ep\u00e9e Ned Stark - Ep\u00e9es Game of Thrones - Replique Manga Cine\" \/>\n<meta property=\"og:description\" content=\"Offrez-lui ! L&#039;Ep\u00e9e Ned Stark dans Game of Thrones au meilleur prix. Lame en acier 440 - Support bois - Longueur totale : 130 cm - Envoi 24\/48h\" \/>\n<meta property=\"og:url\" content=\"https:\/\/repliquemangacine.fr\/en\/game-of-thrones-swords\/game-of-thrones-eddard-stark-sword-hbo-tv-version\/\" \/>\n<meta property=\"og:site_name\" content=\"R\u00e9plique Manga Cin\u00e9\" \/>\n<meta property=\"article:publisher\" content=\"https:\/\/www.facebook.com\/RepliqueMangaCine\" \/>\n<meta property=\"article:modified_time\" content=\"2026-04-03T12:50:57+00:00\" \/>\n<meta property=\"og:image\" content=\"https:\/\/repliquemangacine.fr\/wp-content\/uploads\/2023\/10\/1219-Game-of-Thrones-Epee-Eddard-Stark-Version-HBO-TV.jpg\" \/>\n\t<meta property=\"og:image:width\" content=\"800\" \/>\n\t<meta property=\"og:image:height\" content=\"800\" \/>\n\t<meta property=\"og:image:type\" content=\"image\/jpeg\" \/>\n<meta name=\"twitter:card\" content=\"summary_large_image\" \/>\n<meta name=\"twitter:label1\" content=\"Est. reading time\" \/>\n\t<meta name=\"twitter:data1\" content=\"2 minutes\" \/>\n<script type=\"application\/ld+json\" class=\"yoast-schema-graph\">{\"@context\":\"https:\\\/\\\/schema.org\",\"@graph\":[{\"@type\":\"WebPage\",\"@id\":\"https:\\\/\\\/repliquemangacine.fr\\\/epees-game-of-thrones\\\/game-of-thrones-epee-eddard-stark-version-hbo-tv\\\/\",\"url\":\"https:\\\/\\\/repliquemangacine.fr\\\/epees-game-of-thrones\\\/game-of-thrones-epee-eddard-stark-version-hbo-tv\\\/\",\"name\":\"Ep\u00e9e Ned Stark - Ep\u00e9es Game of Thrones - Replique Manga Cine\",\"isPartOf\":{\"@id\":\"https:\\\/\\\/repliquemangacine.fr\\\/#website\"},\"primaryImageOfPage\":{\"@id\":\"https:\\\/\\\/repliquemangacine.fr\\\/epees-game-of-thrones\\\/game-of-thrones-epee-eddard-stark-version-hbo-tv\\\/#primaryimage\"},\"image\":{\"@id\":\"https:\\\/\\\/repliquemangacine.fr\\\/epees-game-of-thrones\\\/game-of-thrones-epee-eddard-stark-version-hbo-tv\\\/#primaryimage\"},\"thumbnailUrl\":\"https:\\\/\\\/repliquemangacine.fr\\\/wp-content\\\/uploads\\\/2023\\\/10\\\/1219-Game-of-Thrones-Epee-Eddard-Stark-Version-HBO-TV.jpg\",\"datePublished\":\"2016-11-30T18:10:00+00:00\",\"dateModified\":\"2026-04-03T12:50:57+00:00\",\"description\":\"Offrez-lui ! L'Ep\u00e9e Ned Stark dans Game of Thrones au meilleur prix. Lame en acier 440 - Support bois - Longueur totale : 130 cm - Envoi 24\\\/48h\",\"breadcrumb\":{\"@id\":\"https:\\\/\\\/repliquemangacine.fr\\\/epees-game-of-thrones\\\/game-of-thrones-epee-eddard-stark-version-hbo-tv\\\/#breadcrumb\"},\"inLanguage\":\"en-US\",\"potentialAction\":[{\"@type\":\"ReadAction\",\"target\":[\"https:\\\/\\\/repliquemangacine.fr\\\/epees-game-of-thrones\\\/game-of-thrones-epee-eddard-stark-version-hbo-tv\\\/\"]}]},{\"@type\":\"ImageObject\",\"inLanguage\":\"en-US\",\"@id\":\"https:\\\/\\\/repliquemangacine.fr\\\/epees-game-of-thrones\\\/game-of-thrones-epee-eddard-stark-version-hbo-tv\\\/#primaryimage\",\"url\":\"https:\\\/\\\/repliquemangacine.fr\\\/wp-content\\\/uploads\\\/2023\\\/10\\\/1219-Game-of-Thrones-Epee-Eddard-Stark-Version-HBO-TV.jpg\",\"contentUrl\":\"https:\\\/\\\/repliquemangacine.fr\\\/wp-content\\\/uploads\\\/2023\\\/10\\\/1219-Game-of-Thrones-Epee-Eddard-Stark-Version-HBO-TV.jpg\",\"width\":800,\"height\":800,\"caption\":\"Game of Thrones - Ep\u00e9e Eddard Stark - Version HBO TV\"},{\"@type\":\"BreadcrumbList\",\"@id\":\"https:\\\/\\\/repliquemangacine.fr\\\/epees-game-of-thrones\\\/game-of-thrones-epee-eddard-stark-version-hbo-tv\\\/#breadcrumb\",\"itemListElement\":[{\"@type\":\"ListItem\",\"position\":1,\"name\":\"Accueil\",\"item\":\"https:\\\/\\\/repliquemangacine.fr\\\/\"},{\"@type\":\"ListItem\",\"position\":2,\"name\":\"Produits\",\"item\":\"https:\\\/\\\/repliquemangacine.fr\\\/boutique\\\/\"},{\"@type\":\"ListItem\",\"position\":3,\"name\":\"Ep\u00e9e Ned Stark Version HBO TV\"}]},{\"@type\":\"WebSite\",\"@id\":\"https:\\\/\\\/repliquemangacine.fr\\\/#website\",\"url\":\"https:\\\/\\\/repliquemangacine.fr\\\/\",\"name\":\"R\u00e9plique Manga Cin\u00e9\",\"description\":\"\",\"publisher\":{\"@id\":\"https:\\\/\\\/repliquemangacine.fr\\\/#organization\"},\"potentialAction\":[{\"@type\":\"SearchAction\",\"target\":{\"@type\":\"EntryPoint\",\"urlTemplate\":\"https:\\\/\\\/repliquemangacine.fr\\\/?s={search_term_string}\"},\"query-input\":{\"@type\":\"PropertyValueSpecification\",\"valueRequired\":true,\"valueName\":\"search_term_string\"}}],\"inLanguage\":\"en-US\"},{\"@type\":\"Organization\",\"@id\":\"https:\\\/\\\/repliquemangacine.fr\\\/#organization\",\"name\":\"R\u00e9plique Manga Cin\u00e9\",\"url\":\"https:\\\/\\\/repliquemangacine.fr\\\/\",\"logo\":{\"@type\":\"ImageObject\",\"inLanguage\":\"en-US\",\"@id\":\"https:\\\/\\\/repliquemangacine.fr\\\/#\\\/schema\\\/logo\\\/image\\\/\",\"url\":\"https:\\\/\\\/repliquemangacine.fr\\\/wp-content\\\/uploads\\\/2023\\\/10\\\/RMC-500250.png\",\"contentUrl\":\"https:\\\/\\\/repliquemangacine.fr\\\/wp-content\\\/uploads\\\/2023\\\/10\\\/RMC-500250.png\",\"width\":500,\"height\":250,\"caption\":\"R\u00e9plique Manga Cin\u00e9\"},\"image\":{\"@id\":\"https:\\\/\\\/repliquemangacine.fr\\\/#\\\/schema\\\/logo\\\/image\\\/\"},\"sameAs\":[\"https:\\\/\\\/www.facebook.com\\\/RepliqueMangaCine\",\"https:\\\/\\\/www.instagram.com\\\/repliquemangacine.fr\\\/\"]}]}<\/script>\n<!-- \/ Yoast SEO plugin. -->","yoast_head_json":{"title":"Sword Ned Stark - Swords Game of Thrones - Replique Manga Cine","description":"Give it to him! The Ned Stark sword from Game of Thrones at the best price. 440 steel blade - Wooden stand - Total length: 130 cm - Shipment 24\/48h","robots":{"index":"index","follow":"follow","max-snippet":"max-snippet:-1","max-image-preview":"max-image-preview:large","max-video-preview":"max-video-preview:-1"},"canonical":"https:\/\/repliquemangacine.fr\/en\/game-of-thrones-swords\/game-of-thrones-eddard-stark-sword-hbo-tv-version\/","og_locale":"en_US","og_type":"article","og_title":"Ep\u00e9e Ned Stark - Ep\u00e9es Game of Thrones - Replique Manga Cine","og_description":"Offrez-lui ! L'Ep\u00e9e Ned Stark dans Game of Thrones au meilleur prix. Lame en acier 440 - Support bois - Longueur totale : 130 cm - Envoi 24\/48h","og_url":"https:\/\/repliquemangacine.fr\/en\/game-of-thrones-swords\/game-of-thrones-eddard-stark-sword-hbo-tv-version\/","og_site_name":"R\u00e9plique Manga Cin\u00e9","article_publisher":"https:\/\/www.facebook.com\/RepliqueMangaCine","article_modified_time":"2026-04-03T12:50:57+00:00","og_image":[{"width":800,"height":800,"url":"https:\/\/repliquemangacine.fr\/wp-content\/uploads\/2023\/10\/1219-Game-of-Thrones-Epee-Eddard-Stark-Version-HBO-TV.jpg","type":"image\/jpeg"}],"twitter_card":"summary_large_image","twitter_misc":{"Est. reading time":"2 minutes"},"schema":{"@context":"https:\/\/schema.org","@graph":[{"@type":"WebPage","@id":"https:\/\/repliquemangacine.fr\/epees-game-of-thrones\/game-of-thrones-epee-eddard-stark-version-hbo-tv\/","url":"https:\/\/repliquemangacine.fr\/epees-game-of-thrones\/game-of-thrones-epee-eddard-stark-version-hbo-tv\/","name":"Sword Ned Stark - Swords Game of Thrones - Replique Manga Cine","isPartOf":{"@id":"https:\/\/repliquemangacine.fr\/#website"},"primaryImageOfPage":{"@id":"https:\/\/repliquemangacine.fr\/epees-game-of-thrones\/game-of-thrones-epee-eddard-stark-version-hbo-tv\/#primaryimage"},"image":{"@id":"https:\/\/repliquemangacine.fr\/epees-game-of-thrones\/game-of-thrones-epee-eddard-stark-version-hbo-tv\/#primaryimage"},"thumbnailUrl":"https:\/\/repliquemangacine.fr\/wp-content\/uploads\/2023\/10\/1219-Game-of-Thrones-Epee-Eddard-Stark-Version-HBO-TV.jpg","datePublished":"2016-11-30T18:10:00+00:00","dateModified":"2026-04-03T12:50:57+00:00","description":"Give it to him! The Ned Stark sword from Game of Thrones at the best price. 440 steel blade - Wooden stand - Total length: 130 cm - Shipment 24\/48h","breadcrumb":{"@id":"https:\/\/repliquemangacine.fr\/epees-game-of-thrones\/game-of-thrones-epee-eddard-stark-version-hbo-tv\/#breadcrumb"},"inLanguage":"en-US","potentialAction":[{"@type":"ReadAction","target":["https:\/\/repliquemangacine.fr\/epees-game-of-thrones\/game-of-thrones-epee-eddard-stark-version-hbo-tv\/"]}]},{"@type":"ImageObject","inLanguage":"en-US","@id":"https:\/\/repliquemangacine.fr\/epees-game-of-thrones\/game-of-thrones-epee-eddard-stark-version-hbo-tv\/#primaryimage","url":"https:\/\/repliquemangacine.fr\/wp-content\/uploads\/2023\/10\/1219-Game-of-Thrones-Epee-Eddard-Stark-Version-HBO-TV.jpg","contentUrl":"https:\/\/repliquemangacine.fr\/wp-content\/uploads\/2023\/10\/1219-Game-of-Thrones-Epee-Eddard-Stark-Version-HBO-TV.jpg","width":800,"height":800,"caption":"Game of Thrones - Ep\u00e9e Eddard Stark - Version HBO TV"},{"@type":"BreadcrumbList","@id":"https:\/\/repliquemangacine.fr\/epees-game-of-thrones\/game-of-thrones-epee-eddard-stark-version-hbo-tv\/#breadcrumb","itemListElement":[{"@type":"ListItem","position":1,"name":"Accueil","item":"https:\/\/repliquemangacine.fr\/"},{"@type":"ListItem","position":2,"name":"Produits","item":"https:\/\/repliquemangacine.fr\/boutique\/"},{"@type":"ListItem","position":3,"name":"Ep\u00e9e Ned Stark Version HBO TV"}]},{"@type":"WebSite","@id":"https:\/\/repliquemangacine.fr\/#website","url":"https:\/\/repliquemangacine.fr\/","name":"R\u00e9plique Manga Cin\u00e9","description":"","publisher":{"@id":"https:\/\/repliquemangacine.fr\/#organization"},"potentialAction":[{"@type":"SearchAction","target":{"@type":"EntryPoint","urlTemplate":"https:\/\/repliquemangacine.fr\/?s={search_term_string}"},"query-input":{"@type":"PropertyValueSpecification","valueRequired":true,"valueName":"search_term_string"}}],"inLanguage":"en-US"},{"@type":"Organization","@id":"https:\/\/repliquemangacine.fr\/#organization","name":"R\u00e9plique Manga Cin\u00e9","url":"https:\/\/repliquemangacine.fr\/","logo":{"@type":"ImageObject","inLanguage":"en-US","@id":"https:\/\/repliquemangacine.fr\/#\/schema\/logo\/image\/","url":"https:\/\/repliquemangacine.fr\/wp-content\/uploads\/2023\/10\/RMC-500250.png","contentUrl":"https:\/\/repliquemangacine.fr\/wp-content\/uploads\/2023\/10\/RMC-500250.png","width":500,"height":250,"caption":"R\u00e9plique Manga Cin\u00e9"},"image":{"@id":"https:\/\/repliquemangacine.fr\/#\/schema\/logo\/image\/"},"sameAs":["https:\/\/www.facebook.com\/RepliqueMangaCine","https:\/\/www.instagram.com\/repliquemangacine.fr\/"]}]}},"_links":{"self":[{"href":"https:\/\/repliquemangacine.fr\/en\/wp-json\/wp\/v2\/product\/26558","targetHints":{"allow":["GET"]}}],"collection":[{"href":"https:\/\/repliquemangacine.fr\/en\/wp-json\/wp\/v2\/product"}],"about":[{"href":"https:\/\/repliquemangacine.fr\/en\/wp-json\/wp\/v2\/types\/product"}],"wp:featuredmedia":[{"embeddable":true,"href":"https:\/\/repliquemangacine.fr\/en\/wp-json\/wp\/v2\/media\/26559"}],"wp:attachment":[{"href":"https:\/\/repliquemangacine.fr\/en\/wp-json\/wp\/v2\/media?parent=26558"}],"wp:term":[{"taxonomy":"product_brand","embeddable":true,"href":"https:\/\/repliquemangacine.fr\/en\/wp-json\/wp\/v2\/product_brand?post=26558"},{"taxonomy":"product_cat","embeddable":true,"href":"https:\/\/repliquemangacine.fr\/en\/wp-json\/wp\/v2\/product_cat?post=26558"},{"taxonomy":"product_tag","embeddable":true,"href":"https:\/\/repliquemangacine.fr\/en\/wp-json\/wp\/v2\/product_tag?post=26558"}],"curies":[{"name":"wp","href":"https:\/\/api.w.org\/{rel}","templated":true}]}}