





{"id":26544,"date":"2016-11-30T17:09:44","date_gmt":"2016-11-30T16:09:44","guid":{"rendered":"https:\/\/repliquemangacine.fr\/?post_type=product&#038;p=26544"},"modified":"2025-12-31T12:51:33","modified_gmt":"2025-12-31T11:51:33","slug":"epee-jon-snow-epee-grand-griffe-le-trone-de-fer","status":"publish","type":"product","link":"https:\/\/repliquemangacine.fr\/en\/epees-game-of-thrones\/epee-jon-snow-epee-grand-griffe-le-trone-de-fer\/","title":{"rendered":"Sword Jon Snow Longclaw Roman Version"},"content":{"rendered":"<h2>Jon Snow Longclaw sword in Game of Thrones.<\/h2>\n<p>To begin with, the<strong>Jon Snow sword <a href=\"https:\/\/gameofthrones.fandom.com\/wiki\/Longclaw\" target=\"_blank\" rel=\"noopener noreferrer\">Longclaw<\/a><\/strong> in its novel version is made of Valyrian steel that once belonged to Maison Mormont.<\/p>\n<p>Given to Jon in the first season of the series by Jeor Mormont after Jon saved his life from a Spectre. Jon took it with him wherever he went beyond the Wall, in the various battles \"Castle Black, Battle of the Bastards...\" among others.<\/p>\n<p>This sword saves his life during his duel with a walker, as it doesn't explode on contact with the White Walker's Ice Blade. Surprised, Jon kills him, causing the walker to explode. The Great Claw becomes the official sword of House Stark.<\/p>\n<h2>Your Jon Snow Longclaw Sword at the best price.<\/h2>\n<p>We bring you all the replica swords of your favorite Game of Thrones heroes.<\/p>\n<p>First and foremost,<\/p>\n<ul>\n<li>L'<a href=\"https:\/\/repliquemangacine.fr\/en\/game-of-thrones-swords\/arya-stark-scabbard-needle\/\">arya needle sword<\/a> Stark given to him by Jon Snow, scabbard version.<\/li>\n<li>But also the<a href=\"https:\/\/repliquemangacine.fr\/en\/game-of-thrones\/jon-snow-sword-grand-griffe-game-of-thrones\/\">Grand Griffe sword<\/a> serial version.<\/li>\n<li>Also available as a dagger.<\/li>\n<li>And many more to discover in our online store!<\/li>\n<\/ul>\n<p>So here's a great gift idea for fans of the Game of Thrones series.<\/p>\n<p>In conclusion, you can use<strong>Jon Snow Longclaw sword<\/strong> for your cosplay parades or theme parties. But above all, it's a decorative collector's item.<\/p>\n<h2>How to maintain the blade of your Game of Thrones sword?<\/h2>\n<p>Collector's and decorative swords are made and assembled in a simplified way. As their use is decorative, they lack the safety features required of a Japanese sword intended for training.<\/p>\n<p>However, your <strong>Jon Snow Longclaw sword<\/strong> to a steel blade that needs to be cared for to avoid damage over time. In fact, when you display your katana, your friends will be curious to see and touch the blade. This is where you need to be careful, as the acidity of your fingers is very harmful to steel, whatever its quality.<\/p>\n<p>However, if this does happen, don't panic, all you need is a cloth dampened with a little oil and wipe off any fingerprints. If you do, your sword will last a very long time.a<\/p>\n<p><strong>\u00a0<\/strong><\/p>\n<p>&nbsp;<\/p>","protected":false},"excerpt":{"rendered":"<p>Identical replica of the Grand-Griffe sword as defined in the novel.<\/p>\n<ul>\n<li>Stainless steel blade.<\/li>\n<li>Solid steel guard.<\/li>\n<li>Resin wolf head knob.<\/li>\n<li>Metal handle.<\/li>\n<li>Wooden wall bracket.<\/li>\n<li>Blade length: 83 cm - Total length: 110 cm<\/li>\n<\/ul>\n<p>&nbsp;<\/p>","protected":false},"featured_media":26545,"template":"","meta":[],"product_brand":[896],"product_cat":[84,72,24,47,43],"product_tag":[],"class_list":{"0":"post-26544","1":"product","2":"type-product","3":"status-publish","4":"has-post-thumbnail","6":"product_brand-replique-manga-cine","7":"product_cat-epee-templier-medievale","8":"product_cat-epees-game-of-thrones","9":"product_cat-films-series-tv-vente-de-katana-epee-et-produits-derives","10":"product_cat-game-of-thrones","11":"product_cat-reproductions-d-armes-et-accessoires-medievales","13":"first","14":"instock","15":"taxable","16":"shipping-taxable","17":"purchasable","18":"product-type-simple"},"yoast_head":"<!-- This site is optimized with the Yoast SEO plugin v27.4 - https:\/\/yoast.com\/product\/yoast-seo-wordpress\/ -->\n<title>Ep\u00e9e Jon Snow Longclaw - Ep\u00e9es Game of Thrones | RMC<\/title>\n<meta name=\"description\" content=\"Offrez-lui ! Cette Ep\u00e9e Jon Snow Longclaw du Tr\u00f4ne de fer au meilleur prix. Lame en acier 440 - Pommeau t\u00eate de loup - Support bois - Longueur : 110 cm\" \/>\n<meta name=\"robots\" content=\"index, follow, max-snippet:-1, max-image-preview:large, max-video-preview:-1\" \/>\n<link rel=\"canonical\" href=\"https:\/\/repliquemangacine.fr\/en\/game-of-thrones-swords\/epee-jon-snow-epee-grand-griffe-le-trone-de-fer\/\" \/>\n<meta property=\"og:locale\" content=\"en_US\" \/>\n<meta property=\"og:type\" content=\"article\" \/>\n<meta property=\"og:title\" content=\"Ep\u00e9e Jon Snow Longclaw - Ep\u00e9es Game of Thrones | RMC\" \/>\n<meta property=\"og:description\" content=\"Offrez-lui ! Cette Ep\u00e9e Jon Snow Longclaw du Tr\u00f4ne de fer au meilleur prix. Lame en acier 440 - Pommeau t\u00eate de loup - Support bois - Longueur : 110 cm\" \/>\n<meta property=\"og:url\" content=\"https:\/\/repliquemangacine.fr\/en\/game-of-thrones-swords\/epee-jon-snow-epee-grand-griffe-le-trone-de-fer\/\" \/>\n<meta property=\"og:site_name\" content=\"R\u00e9plique Manga Cin\u00e9\" \/>\n<meta property=\"article:publisher\" content=\"https:\/\/www.facebook.com\/RepliqueMangaCine\" \/>\n<meta property=\"article:modified_time\" content=\"2025-12-31T11:51:33+00:00\" \/>\n<meta property=\"og:image\" content=\"https:\/\/repliquemangacine.fr\/wp-content\/uploads\/2023\/10\/1207-Epee-Jon-Snow-Epee-Grand-Griffe-le-Trone-de-Fer.jpg\" \/>\n\t<meta property=\"og:image:width\" content=\"800\" \/>\n\t<meta property=\"og:image:height\" content=\"800\" \/>\n\t<meta property=\"og:image:type\" content=\"image\/jpeg\" \/>\n<meta name=\"twitter:card\" content=\"summary_large_image\" \/>\n<meta name=\"twitter:label1\" content=\"Est. reading time\" \/>\n\t<meta name=\"twitter:data1\" content=\"3 minutes\" \/>\n<script type=\"application\/ld+json\" class=\"yoast-schema-graph\">{\"@context\":\"https:\\\/\\\/schema.org\",\"@graph\":[{\"@type\":\"WebPage\",\"@id\":\"https:\\\/\\\/repliquemangacine.fr\\\/epees-game-of-thrones\\\/epee-jon-snow-epee-grand-griffe-le-trone-de-fer\\\/\",\"url\":\"https:\\\/\\\/repliquemangacine.fr\\\/epees-game-of-thrones\\\/epee-jon-snow-epee-grand-griffe-le-trone-de-fer\\\/\",\"name\":\"Ep\u00e9e Jon Snow Longclaw - Ep\u00e9es Game of Thrones | RMC\",\"isPartOf\":{\"@id\":\"https:\\\/\\\/repliquemangacine.fr\\\/#website\"},\"primaryImageOfPage\":{\"@id\":\"https:\\\/\\\/repliquemangacine.fr\\\/epees-game-of-thrones\\\/epee-jon-snow-epee-grand-griffe-le-trone-de-fer\\\/#primaryimage\"},\"image\":{\"@id\":\"https:\\\/\\\/repliquemangacine.fr\\\/epees-game-of-thrones\\\/epee-jon-snow-epee-grand-griffe-le-trone-de-fer\\\/#primaryimage\"},\"thumbnailUrl\":\"https:\\\/\\\/repliquemangacine.fr\\\/wp-content\\\/uploads\\\/2023\\\/10\\\/1207-Epee-Jon-Snow-Epee-Grand-Griffe-le-Trone-de-Fer.jpg\",\"datePublished\":\"2016-11-30T16:09:44+00:00\",\"dateModified\":\"2025-12-31T11:51:33+00:00\",\"description\":\"Offrez-lui ! Cette Ep\u00e9e Jon Snow Longclaw du Tr\u00f4ne de fer au meilleur prix. Lame en acier 440 - Pommeau t\u00eate de loup - Support bois - Longueur : 110 cm\",\"breadcrumb\":{\"@id\":\"https:\\\/\\\/repliquemangacine.fr\\\/epees-game-of-thrones\\\/epee-jon-snow-epee-grand-griffe-le-trone-de-fer\\\/#breadcrumb\"},\"inLanguage\":\"en-US\",\"potentialAction\":[{\"@type\":\"ReadAction\",\"target\":[\"https:\\\/\\\/repliquemangacine.fr\\\/epees-game-of-thrones\\\/epee-jon-snow-epee-grand-griffe-le-trone-de-fer\\\/\"]}]},{\"@type\":\"ImageObject\",\"inLanguage\":\"en-US\",\"@id\":\"https:\\\/\\\/repliquemangacine.fr\\\/epees-game-of-thrones\\\/epee-jon-snow-epee-grand-griffe-le-trone-de-fer\\\/#primaryimage\",\"url\":\"https:\\\/\\\/repliquemangacine.fr\\\/wp-content\\\/uploads\\\/2023\\\/10\\\/1207-Epee-Jon-Snow-Epee-Grand-Griffe-le-Trone-de-Fer.jpg\",\"contentUrl\":\"https:\\\/\\\/repliquemangacine.fr\\\/wp-content\\\/uploads\\\/2023\\\/10\\\/1207-Epee-Jon-Snow-Epee-Grand-Griffe-le-Trone-de-Fer.jpg\",\"width\":800,\"height\":800,\"caption\":\"Ep\u00e9e Jon Snow - Ep\u00e9e Grand-Griffe - le Tr\u00f4ne de Fer\"},{\"@type\":\"BreadcrumbList\",\"@id\":\"https:\\\/\\\/repliquemangacine.fr\\\/epees-game-of-thrones\\\/epee-jon-snow-epee-grand-griffe-le-trone-de-fer\\\/#breadcrumb\",\"itemListElement\":[{\"@type\":\"ListItem\",\"position\":1,\"name\":\"Accueil\",\"item\":\"https:\\\/\\\/repliquemangacine.fr\\\/\"},{\"@type\":\"ListItem\",\"position\":2,\"name\":\"Produits\",\"item\":\"https:\\\/\\\/repliquemangacine.fr\\\/boutique\\\/\"},{\"@type\":\"ListItem\",\"position\":3,\"name\":\"Ep\u00e9e Jon Snow Longclaw Version Roman\"}]},{\"@type\":\"WebSite\",\"@id\":\"https:\\\/\\\/repliquemangacine.fr\\\/#website\",\"url\":\"https:\\\/\\\/repliquemangacine.fr\\\/\",\"name\":\"R\u00e9plique Manga Cin\u00e9\",\"description\":\"\",\"publisher\":{\"@id\":\"https:\\\/\\\/repliquemangacine.fr\\\/#organization\"},\"potentialAction\":[{\"@type\":\"SearchAction\",\"target\":{\"@type\":\"EntryPoint\",\"urlTemplate\":\"https:\\\/\\\/repliquemangacine.fr\\\/?s={search_term_string}\"},\"query-input\":{\"@type\":\"PropertyValueSpecification\",\"valueRequired\":true,\"valueName\":\"search_term_string\"}}],\"inLanguage\":\"en-US\"},{\"@type\":\"Organization\",\"@id\":\"https:\\\/\\\/repliquemangacine.fr\\\/#organization\",\"name\":\"R\u00e9plique Manga Cin\u00e9\",\"url\":\"https:\\\/\\\/repliquemangacine.fr\\\/\",\"logo\":{\"@type\":\"ImageObject\",\"inLanguage\":\"en-US\",\"@id\":\"https:\\\/\\\/repliquemangacine.fr\\\/#\\\/schema\\\/logo\\\/image\\\/\",\"url\":\"https:\\\/\\\/repliquemangacine.fr\\\/wp-content\\\/uploads\\\/2023\\\/10\\\/RMC-500250.png\",\"contentUrl\":\"https:\\\/\\\/repliquemangacine.fr\\\/wp-content\\\/uploads\\\/2023\\\/10\\\/RMC-500250.png\",\"width\":500,\"height\":250,\"caption\":\"R\u00e9plique Manga Cin\u00e9\"},\"image\":{\"@id\":\"https:\\\/\\\/repliquemangacine.fr\\\/#\\\/schema\\\/logo\\\/image\\\/\"},\"sameAs\":[\"https:\\\/\\\/www.facebook.com\\\/RepliqueMangaCine\",\"https:\\\/\\\/www.instagram.com\\\/repliquemangacine.fr\\\/\"]}]}<\/script>\n<!-- \/ Yoast SEO plugin. -->","yoast_head_json":{"title":"Sword Jon Snow Longclaw - Swords Game of Thrones | RMC","description":"Give it to her! This Jon Snow Longclaw sword from the Iron Throne at the best price. 440 steel blade - Wolf head pommel - Wooden stand - Length: 110 cm","robots":{"index":"index","follow":"follow","max-snippet":"max-snippet:-1","max-image-preview":"max-image-preview:large","max-video-preview":"max-video-preview:-1"},"canonical":"https:\/\/repliquemangacine.fr\/en\/game-of-thrones-swords\/epee-jon-snow-epee-grand-griffe-le-trone-de-fer\/","og_locale":"en_US","og_type":"article","og_title":"Ep\u00e9e Jon Snow Longclaw - Ep\u00e9es Game of Thrones | RMC","og_description":"Offrez-lui ! Cette Ep\u00e9e Jon Snow Longclaw du Tr\u00f4ne de fer au meilleur prix. Lame en acier 440 - Pommeau t\u00eate de loup - Support bois - Longueur : 110 cm","og_url":"https:\/\/repliquemangacine.fr\/en\/game-of-thrones-swords\/epee-jon-snow-epee-grand-griffe-le-trone-de-fer\/","og_site_name":"R\u00e9plique Manga Cin\u00e9","article_publisher":"https:\/\/www.facebook.com\/RepliqueMangaCine","article_modified_time":"2025-12-31T11:51:33+00:00","og_image":[{"width":800,"height":800,"url":"https:\/\/repliquemangacine.fr\/wp-content\/uploads\/2023\/10\/1207-Epee-Jon-Snow-Epee-Grand-Griffe-le-Trone-de-Fer.jpg","type":"image\/jpeg"}],"twitter_card":"summary_large_image","twitter_misc":{"Est. reading time":"3 minutes"},"schema":{"@context":"https:\/\/schema.org","@graph":[{"@type":"WebPage","@id":"https:\/\/repliquemangacine.fr\/epees-game-of-thrones\/epee-jon-snow-epee-grand-griffe-le-trone-de-fer\/","url":"https:\/\/repliquemangacine.fr\/epees-game-of-thrones\/epee-jon-snow-epee-grand-griffe-le-trone-de-fer\/","name":"Sword Jon Snow Longclaw - Swords Game of Thrones | RMC","isPartOf":{"@id":"https:\/\/repliquemangacine.fr\/#website"},"primaryImageOfPage":{"@id":"https:\/\/repliquemangacine.fr\/epees-game-of-thrones\/epee-jon-snow-epee-grand-griffe-le-trone-de-fer\/#primaryimage"},"image":{"@id":"https:\/\/repliquemangacine.fr\/epees-game-of-thrones\/epee-jon-snow-epee-grand-griffe-le-trone-de-fer\/#primaryimage"},"thumbnailUrl":"https:\/\/repliquemangacine.fr\/wp-content\/uploads\/2023\/10\/1207-Epee-Jon-Snow-Epee-Grand-Griffe-le-Trone-de-Fer.jpg","datePublished":"2016-11-30T16:09:44+00:00","dateModified":"2025-12-31T11:51:33+00:00","description":"Give it to her! This Jon Snow Longclaw sword from the Iron Throne at the best price. 440 steel blade - Wolf head pommel - Wooden stand - Length: 110 cm","breadcrumb":{"@id":"https:\/\/repliquemangacine.fr\/epees-game-of-thrones\/epee-jon-snow-epee-grand-griffe-le-trone-de-fer\/#breadcrumb"},"inLanguage":"en-US","potentialAction":[{"@type":"ReadAction","target":["https:\/\/repliquemangacine.fr\/epees-game-of-thrones\/epee-jon-snow-epee-grand-griffe-le-trone-de-fer\/"]}]},{"@type":"ImageObject","inLanguage":"en-US","@id":"https:\/\/repliquemangacine.fr\/epees-game-of-thrones\/epee-jon-snow-epee-grand-griffe-le-trone-de-fer\/#primaryimage","url":"https:\/\/repliquemangacine.fr\/wp-content\/uploads\/2023\/10\/1207-Epee-Jon-Snow-Epee-Grand-Griffe-le-Trone-de-Fer.jpg","contentUrl":"https:\/\/repliquemangacine.fr\/wp-content\/uploads\/2023\/10\/1207-Epee-Jon-Snow-Epee-Grand-Griffe-le-Trone-de-Fer.jpg","width":800,"height":800,"caption":"Ep\u00e9e Jon Snow - Ep\u00e9e Grand-Griffe - le Tr\u00f4ne de Fer"},{"@type":"BreadcrumbList","@id":"https:\/\/repliquemangacine.fr\/epees-game-of-thrones\/epee-jon-snow-epee-grand-griffe-le-trone-de-fer\/#breadcrumb","itemListElement":[{"@type":"ListItem","position":1,"name":"Accueil","item":"https:\/\/repliquemangacine.fr\/"},{"@type":"ListItem","position":2,"name":"Produits","item":"https:\/\/repliquemangacine.fr\/boutique\/"},{"@type":"ListItem","position":3,"name":"Ep\u00e9e Jon Snow Longclaw Version Roman"}]},{"@type":"WebSite","@id":"https:\/\/repliquemangacine.fr\/#website","url":"https:\/\/repliquemangacine.fr\/","name":"R\u00e9plique Manga Cin\u00e9","description":"","publisher":{"@id":"https:\/\/repliquemangacine.fr\/#organization"},"potentialAction":[{"@type":"SearchAction","target":{"@type":"EntryPoint","urlTemplate":"https:\/\/repliquemangacine.fr\/?s={search_term_string}"},"query-input":{"@type":"PropertyValueSpecification","valueRequired":true,"valueName":"search_term_string"}}],"inLanguage":"en-US"},{"@type":"Organization","@id":"https:\/\/repliquemangacine.fr\/#organization","name":"R\u00e9plique Manga Cin\u00e9","url":"https:\/\/repliquemangacine.fr\/","logo":{"@type":"ImageObject","inLanguage":"en-US","@id":"https:\/\/repliquemangacine.fr\/#\/schema\/logo\/image\/","url":"https:\/\/repliquemangacine.fr\/wp-content\/uploads\/2023\/10\/RMC-500250.png","contentUrl":"https:\/\/repliquemangacine.fr\/wp-content\/uploads\/2023\/10\/RMC-500250.png","width":500,"height":250,"caption":"R\u00e9plique Manga Cin\u00e9"},"image":{"@id":"https:\/\/repliquemangacine.fr\/#\/schema\/logo\/image\/"},"sameAs":["https:\/\/www.facebook.com\/RepliqueMangaCine","https:\/\/www.instagram.com\/repliquemangacine.fr\/"]}]}},"_links":{"self":[{"href":"https:\/\/repliquemangacine.fr\/en\/wp-json\/wp\/v2\/product\/26544","targetHints":{"allow":["GET"]}}],"collection":[{"href":"https:\/\/repliquemangacine.fr\/en\/wp-json\/wp\/v2\/product"}],"about":[{"href":"https:\/\/repliquemangacine.fr\/en\/wp-json\/wp\/v2\/types\/product"}],"wp:featuredmedia":[{"embeddable":true,"href":"https:\/\/repliquemangacine.fr\/en\/wp-json\/wp\/v2\/media\/26545"}],"wp:attachment":[{"href":"https:\/\/repliquemangacine.fr\/en\/wp-json\/wp\/v2\/media?parent=26544"}],"wp:term":[{"taxonomy":"product_brand","embeddable":true,"href":"https:\/\/repliquemangacine.fr\/en\/wp-json\/wp\/v2\/product_brand?post=26544"},{"taxonomy":"product_cat","embeddable":true,"href":"https:\/\/repliquemangacine.fr\/en\/wp-json\/wp\/v2\/product_cat?post=26544"},{"taxonomy":"product_tag","embeddable":true,"href":"https:\/\/repliquemangacine.fr\/en\/wp-json\/wp\/v2\/product_tag?post=26544"}],"curies":[{"name":"wp","href":"https:\/\/api.w.org\/{rel}","templated":true}]}}