





{"id":26535,"date":"2016-11-28T14:04:54","date_gmt":"2016-11-28T13:04:54","guid":{"rendered":"https:\/\/repliquemangacine.fr\/?post_type=product&#038;p=26535"},"modified":"2026-03-27T09:26:32","modified_gmt":"2026-03-27T08:26:32","slug":"templar-striking-sword","status":"publish","type":"product","link":"https:\/\/repliquemangacine.fr\/en\/epee-templier-medievale\/epee-de-frappe-templiere\/","title":{"rendered":"Templar Striking Sword"},"content":{"rendered":"<h2>Replica Templar Striking Sword.<\/h2>\n<p>To begin with, the<strong>Templar Striking Sword<\/strong> is of remarkable quality.<\/p>\n<p>The vocation of the Order of the Temple was to protect Christian pilgrims on their way to the Holy Land. This pilgrimage was one of the three most important in medieval Christianity.<\/p>\n<p>The seal, a personal seal that authenticates an act and attests to a signature. In fact, some twenty Templar seals are known to exist. They belonged to masters, high dignitaries, commanders or knights of the order in the 13th century. French Templar seals are kept at the Service des Sceaux des <a href=\"https:\/\/www.archives-nationales.culture.gouv.fr\/\" target=\"_blank\" rel=\"noopener noreferrer\">French National Archives<\/a>.<\/p>\n<p>It's worth pointing out that the cross patt\u00e9e indicates the Templars' membership of Christianity, and the color red recalls the blood shed by Christ.<\/p>\n<h2>Your Templar Striking Sword at the best price.<\/h2>\n<h3>We offer a wide selection of replicas from the Middle Ages.<\/h3>\n<p>First and foremost,<\/p>\n<ul>\n<li>L'<a href=\"https:\/\/repliquemangacine.fr\/en\/medieval-sword\/templar-short-sword-red-scabbard\/\">Templar short sword<\/a> with its magnificent red sheath.<\/li>\n<li>But also, the sword<a href=\"https:\/\/repliquemangacine.fr\/en\/historical-weapons\/epee-de-frappe-epee-de-combat\/\"> combat strike<\/a> in carbon steel.<\/li>\n<li>And many more to discover in our online store!<\/li>\n<\/ul>\n<p>A great gift idea for all medieval enthusiasts.<\/p>\n<p>In conclusion, you can also use this <strong>Templar Striking Sword<\/strong> for your historical re-enactments or themed evenings. But above all, it's also a collector's item and a decorative element.<\/p>\n<h2>How to maintain the blade of your medieval sword?<\/h2>\n<p>Collector's and decorative swords are made and assembled in a simplified way. As their use is decorative, they lack the safety features required of a Japanese sword intended for training.<\/p>\n<p>However, your <strong>Templar Striking Sword<\/strong> to a steel blade that needs to be maintained to prevent damage over time. In fact, when you expose your sword, your friends will be curious to see the blade and touch it. This is where you need to be careful, as the acidity of your fingers is very harmful to steel, whatever its quality.<\/p>\n<p>However, if this does happen, don't panic - all you need is a cloth dampened with a little oil and a wipe of fingerprints. By doing so, you'll keep your sword looking its best for a very long time.<\/p>","protected":false},"excerpt":{"rendered":"<p>Decorative Templar striking sword.<\/p>\n<ul>\n<li>Carbon steel blade.<\/li>\n<li>Wooden handle, decorated with a strip of woven leather.<\/li>\n<li>Steel pommel and guard, decorated with a cross patt\u00e9e.<\/li>\n<li>Heavy leather scabbard with belt.<\/li>\n<li>Blade length: 76 cm - Overall length: 97 cm - Weight: 1270grs<\/li>\n<\/ul>","protected":false},"featured_media":26536,"template":"","meta":[],"product_brand":[896],"product_cat":[25,84,43],"product_tag":[],"class_list":{"0":"post-26535","1":"product","2":"type-product","3":"status-publish","4":"has-post-thumbnail","6":"product_brand-replique-manga-cine","7":"product_cat-armes-historiques","8":"product_cat-epee-templier-medievale","9":"product_cat-reproductions-d-armes-et-accessoires-medievales","11":"first","12":"instock","13":"taxable","14":"shipping-taxable","15":"purchasable","16":"product-type-simple"},"yoast_head":"<!-- This site is optimized with the Yoast SEO plugin v27.5 - https:\/\/yoast.com\/product\/yoast-seo-wordpress\/ -->\n<title>Ep\u00e9e de Frappe Templi\u00e8re - Vente en ligne | R\u00e9plique Manga Cin\u00e9<\/title>\n<meta name=\"description\" content=\"Offrez-vous ! Cette Ep\u00e9e de Frappe Templi\u00e8re au meilleur prix - Lame en acier carbone. Garde et pommeau en laiton - Fourreau en cuir - Longueur : 97 cm\" \/>\n<meta name=\"robots\" content=\"index, follow, max-snippet:-1, max-image-preview:large, max-video-preview:-1\" \/>\n<link rel=\"canonical\" href=\"https:\/\/repliquemangacine.fr\/en\/medieval-templar-sword\/templar-striking-sword\/\" \/>\n<meta property=\"og:locale\" content=\"en_US\" \/>\n<meta property=\"og:type\" content=\"article\" \/>\n<meta property=\"og:title\" content=\"Ep\u00e9e de Frappe Templi\u00e8re - Vente en ligne | R\u00e9plique Manga Cin\u00e9\" \/>\n<meta property=\"og:description\" content=\"Offrez-vous ! Cette Ep\u00e9e de Frappe Templi\u00e8re au meilleur prix - Lame en acier carbone. Garde et pommeau en laiton - Fourreau en cuir - Longueur : 97 cm\" \/>\n<meta property=\"og:url\" content=\"https:\/\/repliquemangacine.fr\/en\/medieval-templar-sword\/templar-striking-sword\/\" \/>\n<meta property=\"og:site_name\" content=\"R\u00e9plique Manga Cin\u00e9\" \/>\n<meta property=\"article:publisher\" content=\"https:\/\/www.facebook.com\/RepliqueMangaCine\" \/>\n<meta property=\"article:modified_time\" content=\"2026-03-27T08:26:32+00:00\" \/>\n<meta property=\"og:image\" content=\"https:\/\/repliquemangacine.fr\/wp-content\/uploads\/2023\/10\/templar.jpg\" \/>\n\t<meta property=\"og:image:width\" content=\"500\" \/>\n\t<meta property=\"og:image:height\" content=\"500\" \/>\n\t<meta property=\"og:image:type\" content=\"image\/jpeg\" \/>\n<meta name=\"twitter:card\" content=\"summary_large_image\" \/>\n<meta name=\"twitter:label1\" content=\"Est. reading time\" \/>\n\t<meta name=\"twitter:data1\" content=\"2 minutes\" \/>\n<script type=\"application\/ld+json\" class=\"yoast-schema-graph\">{\"@context\":\"https:\\\/\\\/schema.org\",\"@graph\":[{\"@type\":\"WebPage\",\"@id\":\"https:\\\/\\\/repliquemangacine.fr\\\/epee-templier-medievale\\\/epee-de-frappe-templiere\\\/\",\"url\":\"https:\\\/\\\/repliquemangacine.fr\\\/epee-templier-medievale\\\/epee-de-frappe-templiere\\\/\",\"name\":\"Ep\u00e9e de Frappe Templi\u00e8re - Vente en ligne | R\u00e9plique Manga Cin\u00e9\",\"isPartOf\":{\"@id\":\"https:\\\/\\\/repliquemangacine.fr\\\/#website\"},\"primaryImageOfPage\":{\"@id\":\"https:\\\/\\\/repliquemangacine.fr\\\/epee-templier-medievale\\\/epee-de-frappe-templiere\\\/#primaryimage\"},\"image\":{\"@id\":\"https:\\\/\\\/repliquemangacine.fr\\\/epee-templier-medievale\\\/epee-de-frappe-templiere\\\/#primaryimage\"},\"thumbnailUrl\":\"https:\\\/\\\/repliquemangacine.fr\\\/wp-content\\\/uploads\\\/2023\\\/10\\\/templar.jpg\",\"datePublished\":\"2016-11-28T13:04:54+00:00\",\"dateModified\":\"2026-03-27T08:26:32+00:00\",\"description\":\"Offrez-vous ! Cette Ep\u00e9e de Frappe Templi\u00e8re au meilleur prix - Lame en acier carbone. Garde et pommeau en laiton - Fourreau en cuir - Longueur : 97 cm\",\"breadcrumb\":{\"@id\":\"https:\\\/\\\/repliquemangacine.fr\\\/epee-templier-medievale\\\/epee-de-frappe-templiere\\\/#breadcrumb\"},\"inLanguage\":\"en-US\",\"potentialAction\":[{\"@type\":\"ReadAction\",\"target\":[\"https:\\\/\\\/repliquemangacine.fr\\\/epee-templier-medievale\\\/epee-de-frappe-templiere\\\/\"]}]},{\"@type\":\"ImageObject\",\"inLanguage\":\"en-US\",\"@id\":\"https:\\\/\\\/repliquemangacine.fr\\\/epee-templier-medievale\\\/epee-de-frappe-templiere\\\/#primaryimage\",\"url\":\"https:\\\/\\\/repliquemangacine.fr\\\/wp-content\\\/uploads\\\/2023\\\/10\\\/templar.jpg\",\"contentUrl\":\"https:\\\/\\\/repliquemangacine.fr\\\/wp-content\\\/uploads\\\/2023\\\/10\\\/templar.jpg\",\"width\":500,\"height\":500,\"caption\":\"Ep\u00e9e de Frappe Templi\u00e8re\"},{\"@type\":\"BreadcrumbList\",\"@id\":\"https:\\\/\\\/repliquemangacine.fr\\\/epee-templier-medievale\\\/epee-de-frappe-templiere\\\/#breadcrumb\",\"itemListElement\":[{\"@type\":\"ListItem\",\"position\":1,\"name\":\"Accueil\",\"item\":\"https:\\\/\\\/repliquemangacine.fr\\\/\"},{\"@type\":\"ListItem\",\"position\":2,\"name\":\"Produits\",\"item\":\"https:\\\/\\\/repliquemangacine.fr\\\/boutique\\\/\"},{\"@type\":\"ListItem\",\"position\":3,\"name\":\"Ep\u00e9e de Frappe Templi\u00e8re\"}]},{\"@type\":\"WebSite\",\"@id\":\"https:\\\/\\\/repliquemangacine.fr\\\/#website\",\"url\":\"https:\\\/\\\/repliquemangacine.fr\\\/\",\"name\":\"R\u00e9plique Manga Cin\u00e9\",\"description\":\"\",\"publisher\":{\"@id\":\"https:\\\/\\\/repliquemangacine.fr\\\/#organization\"},\"potentialAction\":[{\"@type\":\"SearchAction\",\"target\":{\"@type\":\"EntryPoint\",\"urlTemplate\":\"https:\\\/\\\/repliquemangacine.fr\\\/?s={search_term_string}\"},\"query-input\":{\"@type\":\"PropertyValueSpecification\",\"valueRequired\":true,\"valueName\":\"search_term_string\"}}],\"inLanguage\":\"en-US\"},{\"@type\":\"Organization\",\"@id\":\"https:\\\/\\\/repliquemangacine.fr\\\/#organization\",\"name\":\"R\u00e9plique Manga Cin\u00e9\",\"url\":\"https:\\\/\\\/repliquemangacine.fr\\\/\",\"logo\":{\"@type\":\"ImageObject\",\"inLanguage\":\"en-US\",\"@id\":\"https:\\\/\\\/repliquemangacine.fr\\\/#\\\/schema\\\/logo\\\/image\\\/\",\"url\":\"https:\\\/\\\/repliquemangacine.fr\\\/wp-content\\\/uploads\\\/2023\\\/10\\\/RMC-500250.png\",\"contentUrl\":\"https:\\\/\\\/repliquemangacine.fr\\\/wp-content\\\/uploads\\\/2023\\\/10\\\/RMC-500250.png\",\"width\":500,\"height\":250,\"caption\":\"R\u00e9plique Manga Cin\u00e9\"},\"image\":{\"@id\":\"https:\\\/\\\/repliquemangacine.fr\\\/#\\\/schema\\\/logo\\\/image\\\/\"},\"sameAs\":[\"https:\\\/\\\/www.facebook.com\\\/RepliqueMangaCine\",\"https:\\\/\\\/www.instagram.com\\\/repliquemangacine.fr\\\/\"]}]}<\/script>\n<!-- \/ Yoast SEO plugin. -->","yoast_head_json":{"title":"Templar Sword - Online sale | R\u00e9plique Manga Cin\u00e9","description":"Treat yourself! This Templar Sword at the best price - Carbon steel blade. Brass guard and pommel - Leather scabbard - Length: 97 cm","robots":{"index":"index","follow":"follow","max-snippet":"max-snippet:-1","max-image-preview":"max-image-preview:large","max-video-preview":"max-video-preview:-1"},"canonical":"https:\/\/repliquemangacine.fr\/en\/medieval-templar-sword\/templar-striking-sword\/","og_locale":"en_US","og_type":"article","og_title":"Ep\u00e9e de Frappe Templi\u00e8re - Vente en ligne | R\u00e9plique Manga Cin\u00e9","og_description":"Offrez-vous ! Cette Ep\u00e9e de Frappe Templi\u00e8re au meilleur prix - Lame en acier carbone. Garde et pommeau en laiton - Fourreau en cuir - Longueur : 97 cm","og_url":"https:\/\/repliquemangacine.fr\/en\/medieval-templar-sword\/templar-striking-sword\/","og_site_name":"R\u00e9plique Manga Cin\u00e9","article_publisher":"https:\/\/www.facebook.com\/RepliqueMangaCine","article_modified_time":"2026-03-27T08:26:32+00:00","og_image":[{"width":500,"height":500,"url":"https:\/\/repliquemangacine.fr\/wp-content\/uploads\/2023\/10\/templar.jpg","type":"image\/jpeg"}],"twitter_card":"summary_large_image","twitter_misc":{"Est. reading time":"2 minutes"},"schema":{"@context":"https:\/\/schema.org","@graph":[{"@type":"WebPage","@id":"https:\/\/repliquemangacine.fr\/epee-templier-medievale\/epee-de-frappe-templiere\/","url":"https:\/\/repliquemangacine.fr\/epee-templier-medievale\/epee-de-frappe-templiere\/","name":"Templar Sword - Online sale | R\u00e9plique Manga Cin\u00e9","isPartOf":{"@id":"https:\/\/repliquemangacine.fr\/#website"},"primaryImageOfPage":{"@id":"https:\/\/repliquemangacine.fr\/epee-templier-medievale\/epee-de-frappe-templiere\/#primaryimage"},"image":{"@id":"https:\/\/repliquemangacine.fr\/epee-templier-medievale\/epee-de-frappe-templiere\/#primaryimage"},"thumbnailUrl":"https:\/\/repliquemangacine.fr\/wp-content\/uploads\/2023\/10\/templar.jpg","datePublished":"2016-11-28T13:04:54+00:00","dateModified":"2026-03-27T08:26:32+00:00","description":"Treat yourself! This Templar Sword at the best price - Carbon steel blade. Brass guard and pommel - Leather scabbard - Length: 97 cm","breadcrumb":{"@id":"https:\/\/repliquemangacine.fr\/epee-templier-medievale\/epee-de-frappe-templiere\/#breadcrumb"},"inLanguage":"en-US","potentialAction":[{"@type":"ReadAction","target":["https:\/\/repliquemangacine.fr\/epee-templier-medievale\/epee-de-frappe-templiere\/"]}]},{"@type":"ImageObject","inLanguage":"en-US","@id":"https:\/\/repliquemangacine.fr\/epee-templier-medievale\/epee-de-frappe-templiere\/#primaryimage","url":"https:\/\/repliquemangacine.fr\/wp-content\/uploads\/2023\/10\/templar.jpg","contentUrl":"https:\/\/repliquemangacine.fr\/wp-content\/uploads\/2023\/10\/templar.jpg","width":500,"height":500,"caption":"Ep\u00e9e de Frappe Templi\u00e8re"},{"@type":"BreadcrumbList","@id":"https:\/\/repliquemangacine.fr\/epee-templier-medievale\/epee-de-frappe-templiere\/#breadcrumb","itemListElement":[{"@type":"ListItem","position":1,"name":"Accueil","item":"https:\/\/repliquemangacine.fr\/"},{"@type":"ListItem","position":2,"name":"Produits","item":"https:\/\/repliquemangacine.fr\/boutique\/"},{"@type":"ListItem","position":3,"name":"Ep\u00e9e de Frappe Templi\u00e8re"}]},{"@type":"WebSite","@id":"https:\/\/repliquemangacine.fr\/#website","url":"https:\/\/repliquemangacine.fr\/","name":"R\u00e9plique Manga Cin\u00e9","description":"","publisher":{"@id":"https:\/\/repliquemangacine.fr\/#organization"},"potentialAction":[{"@type":"SearchAction","target":{"@type":"EntryPoint","urlTemplate":"https:\/\/repliquemangacine.fr\/?s={search_term_string}"},"query-input":{"@type":"PropertyValueSpecification","valueRequired":true,"valueName":"search_term_string"}}],"inLanguage":"en-US"},{"@type":"Organization","@id":"https:\/\/repliquemangacine.fr\/#organization","name":"R\u00e9plique Manga Cin\u00e9","url":"https:\/\/repliquemangacine.fr\/","logo":{"@type":"ImageObject","inLanguage":"en-US","@id":"https:\/\/repliquemangacine.fr\/#\/schema\/logo\/image\/","url":"https:\/\/repliquemangacine.fr\/wp-content\/uploads\/2023\/10\/RMC-500250.png","contentUrl":"https:\/\/repliquemangacine.fr\/wp-content\/uploads\/2023\/10\/RMC-500250.png","width":500,"height":250,"caption":"R\u00e9plique Manga Cin\u00e9"},"image":{"@id":"https:\/\/repliquemangacine.fr\/#\/schema\/logo\/image\/"},"sameAs":["https:\/\/www.facebook.com\/RepliqueMangaCine","https:\/\/www.instagram.com\/repliquemangacine.fr\/"]}]}},"_links":{"self":[{"href":"https:\/\/repliquemangacine.fr\/en\/wp-json\/wp\/v2\/product\/26535","targetHints":{"allow":["GET"]}}],"collection":[{"href":"https:\/\/repliquemangacine.fr\/en\/wp-json\/wp\/v2\/product"}],"about":[{"href":"https:\/\/repliquemangacine.fr\/en\/wp-json\/wp\/v2\/types\/product"}],"wp:featuredmedia":[{"embeddable":true,"href":"https:\/\/repliquemangacine.fr\/en\/wp-json\/wp\/v2\/media\/26536"}],"wp:attachment":[{"href":"https:\/\/repliquemangacine.fr\/en\/wp-json\/wp\/v2\/media?parent=26535"}],"wp:term":[{"taxonomy":"product_brand","embeddable":true,"href":"https:\/\/repliquemangacine.fr\/en\/wp-json\/wp\/v2\/product_brand?post=26535"},{"taxonomy":"product_cat","embeddable":true,"href":"https:\/\/repliquemangacine.fr\/en\/wp-json\/wp\/v2\/product_cat?post=26535"},{"taxonomy":"product_tag","embeddable":true,"href":"https:\/\/repliquemangacine.fr\/en\/wp-json\/wp\/v2\/product_tag?post=26535"}],"curies":[{"name":"wp","href":"https:\/\/api.w.org\/{rel}","templated":true}]}}