





{"id":26522,"date":"2016-11-28T09:12:18","date_gmt":"2016-11-28T08:12:18","guid":{"rendered":"https:\/\/repliquemangacine.fr\/?post_type=product&#038;p=26522"},"modified":"2025-12-12T19:47:54","modified_gmt":"2025-12-12T18:47:54","slug":"1st-empire-napoleonic-infantry-saber-lighter","status":"publish","type":"product","link":"https:\/\/repliquemangacine.fr\/en\/sabres-1er-empire\/sabre-briquet-d-infanterie-napoleonienne-1er-empire\/","title":{"rendered":"Sabre Briquet d'infanterie - Sabre Napol\u00e9on"},"content":{"rendered":"<h2>Napoleonic infantry saber model AN XI.<\/h2>\n<p>To begin with, the <strong>Napoleonic Infantry Briquet Saber<\/strong>designed for cutting, generally used by cavalry and infantry officers as well as the navy.<\/p>\n<p>Napoleon's infantry was equipped with a short saber, worn on the shoulder strap next to the bayonet. In 1806, this saber officially adopted the nickname \"lighter\", given to it in derision by cavalrymen.<\/p>\n<p>This infantry saber, known as a Briquet, is an An XI model with a 60 cm flat, curved blade, and a rounded hilt with a 28-fluted brass branch.<\/p>\n<p>Hundreds of thousands were produced between the First Empire and the reign of Louis-Philippe.<\/p>\n<p>Visit <a href=\"https:\/\/www.histoire-pour-tous.fr\/histoire-de-france\/4915-les-sabres-briquets-francais.html\" target=\"_blank\" rel=\"noopener noreferrer\">sabre lighter<\/a> AN XI was the last infantry saber with a curved blade.<\/p>\n<h2>Your Napoleonic Infantry Sabre Lighter at the best price.<\/h2>\n<p>We offer a wide range of reproductions of historical weapons<\/p>\n<p>First and foremost,<\/p>\n<ul>\n<li>Visit <a href=\"https:\/\/repliquemangacine.fr\/en\/antique-pistol\/napoleon-gribeauval-1806-pistol\/\">Napoleon flintlock pistol<\/a> with the N emblem and imperial crown.<\/li>\n<li>As well as the<a href=\"https:\/\/repliquemangacine.fr\/en\/1st-empire-swords\/napoleonic-ceremonial-sword\/\">Napoleonic ceremonial sword<\/a> with its famous eagle symbol.<\/li>\n<li>There's also this beautiful two-piece set in the shape of a fleur-de-lis.<\/li>\n<li>And many more to discover in our online store!<\/li>\n<\/ul>\n<p>That's why these are great gift ideas for history buffs.<\/p>\n<p>In conclusion, you can also use this <strong>Napoleonic Infantry Briquet Saber<\/strong> for your historical re-enactments. But above all, this sword is a collector's item and a decorative piece.<\/p>\n<h2>How to maintain the blade of your historic sword?<\/h2>\n<p>Collector's and decorative swords are made and assembled in a simplified way. As their use is decorative, they lack the safety features required of a Japanese sword intended for training.<\/p>\n<p>However, your <strong>Napoleonic Infantry Briquet Saber<\/strong> to a steel blade that needs to be cared for to avoid damage over time. In fact, when you display your katana, your friends will be curious to see and touch the blade. This is where you need to be careful, as the acidity of your fingers is very harmful to steel, whatever its quality.<\/p>\n<p>However, if this does happen, don't panic - all you need is a cloth dampened with a little oil and a wipe of fingerprints. By doing so, you'll keep your sword looking its best for a very long time.<\/p>","protected":false},"excerpt":{"rendered":"<p>Reproduction of the saber emblematic of the armament of the French infantryman in the late 18th and early 19th centuries.<\/p>\n<ul>\n<li>Curved steel blade with groove.<\/li>\n<li>Brass ribbed handle.<\/li>\n<li>Leather-covered wooden scabbard with brass tip.<\/li>\n<li>Dimensions: 77 cm - Weight: 1385 grams<\/li>\n<\/ul>","protected":false},"featured_media":26523,"template":"","meta":[],"product_brand":[896],"product_cat":[25,37,833,74],"product_tag":[],"class_list":{"0":"post-26522","1":"product","2":"type-product","3":"status-publish","4":"has-post-thumbnail","6":"product_brand-replique-manga-cine","7":"product_cat-armes-historiques","8":"product_cat-premier-empire","9":"product_cat-repliques-darmes-napoleon","10":"product_cat-sabres-1er-empire","12":"first","13":"outofstock","14":"taxable","15":"shipping-taxable","16":"purchasable","17":"product-type-simple"},"yoast_head":"<!-- This site is optimized with the Yoast SEO plugin v27.4 - https:\/\/yoast.com\/product\/yoast-seo-wordpress\/ -->\n<title>Sabre Briquet d&#039;infanterie Napol\u00e9onienne - \u00c9p\u00e9e 1er Empire | RMC<\/title>\n<meta name=\"description\" content=\"Commandez vite ! Le c\u00e9l\u00e8bre Sabre Briquet d&#039;infanterie napol\u00e9onienne au meilleur prix - Lame acier - Poign\u00e9e laiton - Longueur : 77 cm - Envoi 24\/48h\" \/>\n<meta name=\"robots\" content=\"index, follow, max-snippet:-1, max-image-preview:large, max-video-preview:-1\" \/>\n<link rel=\"canonical\" href=\"https:\/\/repliquemangacine.fr\/en\/replica-napoleon-guns\/1st-empire-napoleonic-infantry-saber-lighter\/\" \/>\n<meta property=\"og:locale\" content=\"en_US\" \/>\n<meta property=\"og:type\" content=\"article\" \/>\n<meta property=\"og:title\" content=\"Sabre Briquet d&#039;infanterie Napol\u00e9onienne - \u00c9p\u00e9e 1er Empire | RMC\" \/>\n<meta property=\"og:description\" content=\"Commandez vite ! Le c\u00e9l\u00e8bre Sabre Briquet d&#039;infanterie napol\u00e9onienne au meilleur prix - Lame acier - Poign\u00e9e laiton - Longueur : 77 cm - Envoi 24\/48h\" \/>\n<meta property=\"og:url\" content=\"https:\/\/repliquemangacine.fr\/en\/replica-napoleon-guns\/1st-empire-napoleonic-infantry-saber-lighter\/\" \/>\n<meta property=\"og:site_name\" content=\"R\u00e9plique Manga Cin\u00e9\" \/>\n<meta property=\"article:publisher\" content=\"https:\/\/www.facebook.com\/RepliqueMangaCine\" \/>\n<meta property=\"article:modified_time\" content=\"2025-12-12T18:47:54+00:00\" \/>\n<meta property=\"og:image\" content=\"https:\/\/repliquemangacine.fr\/wp-content\/uploads\/2023\/10\/1681-Sabre-Briquet-dinfanterie-Sabre-Napoleon.jpg\" \/>\n\t<meta property=\"og:image:width\" content=\"600\" \/>\n\t<meta property=\"og:image:height\" content=\"600\" \/>\n\t<meta property=\"og:image:type\" content=\"image\/jpeg\" \/>\n<meta name=\"twitter:card\" content=\"summary_large_image\" \/>\n<meta name=\"twitter:label1\" content=\"Est. reading time\" \/>\n\t<meta name=\"twitter:data1\" content=\"3 minutes\" \/>\n<script type=\"application\/ld+json\" class=\"yoast-schema-graph\">{\"@context\":\"https:\\\/\\\/schema.org\",\"@graph\":[{\"@type\":\"WebPage\",\"@id\":\"https:\\\/\\\/repliquemangacine.fr\\\/repliques-darmes-napoleon\\\/sabre-briquet-d-infanterie-napoleonienne-1er-empire\\\/\",\"url\":\"https:\\\/\\\/repliquemangacine.fr\\\/repliques-darmes-napoleon\\\/sabre-briquet-d-infanterie-napoleonienne-1er-empire\\\/\",\"name\":\"Sabre Briquet d'infanterie Napol\u00e9onienne - \u00c9p\u00e9e 1er Empire | RMC\",\"isPartOf\":{\"@id\":\"https:\\\/\\\/repliquemangacine.fr\\\/#website\"},\"primaryImageOfPage\":{\"@id\":\"https:\\\/\\\/repliquemangacine.fr\\\/repliques-darmes-napoleon\\\/sabre-briquet-d-infanterie-napoleonienne-1er-empire\\\/#primaryimage\"},\"image\":{\"@id\":\"https:\\\/\\\/repliquemangacine.fr\\\/repliques-darmes-napoleon\\\/sabre-briquet-d-infanterie-napoleonienne-1er-empire\\\/#primaryimage\"},\"thumbnailUrl\":\"https:\\\/\\\/repliquemangacine.fr\\\/wp-content\\\/uploads\\\/2023\\\/10\\\/1681-Sabre-Briquet-dinfanterie-Sabre-Napoleon.jpg\",\"datePublished\":\"2016-11-28T08:12:18+00:00\",\"dateModified\":\"2025-12-12T18:47:54+00:00\",\"description\":\"Commandez vite ! Le c\u00e9l\u00e8bre Sabre Briquet d'infanterie napol\u00e9onienne au meilleur prix - Lame acier - Poign\u00e9e laiton - Longueur : 77 cm - Envoi 24\\\/48h\",\"breadcrumb\":{\"@id\":\"https:\\\/\\\/repliquemangacine.fr\\\/repliques-darmes-napoleon\\\/sabre-briquet-d-infanterie-napoleonienne-1er-empire\\\/#breadcrumb\"},\"inLanguage\":\"en-US\",\"potentialAction\":[{\"@type\":\"ReadAction\",\"target\":[\"https:\\\/\\\/repliquemangacine.fr\\\/repliques-darmes-napoleon\\\/sabre-briquet-d-infanterie-napoleonienne-1er-empire\\\/\"]}]},{\"@type\":\"ImageObject\",\"inLanguage\":\"en-US\",\"@id\":\"https:\\\/\\\/repliquemangacine.fr\\\/repliques-darmes-napoleon\\\/sabre-briquet-d-infanterie-napoleonienne-1er-empire\\\/#primaryimage\",\"url\":\"https:\\\/\\\/repliquemangacine.fr\\\/wp-content\\\/uploads\\\/2023\\\/10\\\/1681-Sabre-Briquet-dinfanterie-Sabre-Napoleon.jpg\",\"contentUrl\":\"https:\\\/\\\/repliquemangacine.fr\\\/wp-content\\\/uploads\\\/2023\\\/10\\\/1681-Sabre-Briquet-dinfanterie-Sabre-Napoleon.jpg\",\"width\":600,\"height\":600,\"caption\":\"Sabre Briquet d'infanterie - Sabre Napol\u00e9on\"},{\"@type\":\"BreadcrumbList\",\"@id\":\"https:\\\/\\\/repliquemangacine.fr\\\/repliques-darmes-napoleon\\\/sabre-briquet-d-infanterie-napoleonienne-1er-empire\\\/#breadcrumb\",\"itemListElement\":[{\"@type\":\"ListItem\",\"position\":1,\"name\":\"Accueil\",\"item\":\"https:\\\/\\\/repliquemangacine.fr\\\/\"},{\"@type\":\"ListItem\",\"position\":2,\"name\":\"Produits\",\"item\":\"https:\\\/\\\/repliquemangacine.fr\\\/boutique\\\/\"},{\"@type\":\"ListItem\",\"position\":3,\"name\":\"Sabre Briquet d&#8217;infanterie &#8211; Sabre Napol\u00e9on\"}]},{\"@type\":\"WebSite\",\"@id\":\"https:\\\/\\\/repliquemangacine.fr\\\/#website\",\"url\":\"https:\\\/\\\/repliquemangacine.fr\\\/\",\"name\":\"R\u00e9plique Manga Cin\u00e9\",\"description\":\"\",\"publisher\":{\"@id\":\"https:\\\/\\\/repliquemangacine.fr\\\/#organization\"},\"potentialAction\":[{\"@type\":\"SearchAction\",\"target\":{\"@type\":\"EntryPoint\",\"urlTemplate\":\"https:\\\/\\\/repliquemangacine.fr\\\/?s={search_term_string}\"},\"query-input\":{\"@type\":\"PropertyValueSpecification\",\"valueRequired\":true,\"valueName\":\"search_term_string\"}}],\"inLanguage\":\"en-US\"},{\"@type\":\"Organization\",\"@id\":\"https:\\\/\\\/repliquemangacine.fr\\\/#organization\",\"name\":\"R\u00e9plique Manga Cin\u00e9\",\"url\":\"https:\\\/\\\/repliquemangacine.fr\\\/\",\"logo\":{\"@type\":\"ImageObject\",\"inLanguage\":\"en-US\",\"@id\":\"https:\\\/\\\/repliquemangacine.fr\\\/#\\\/schema\\\/logo\\\/image\\\/\",\"url\":\"https:\\\/\\\/repliquemangacine.fr\\\/wp-content\\\/uploads\\\/2023\\\/10\\\/RMC-500250.png\",\"contentUrl\":\"https:\\\/\\\/repliquemangacine.fr\\\/wp-content\\\/uploads\\\/2023\\\/10\\\/RMC-500250.png\",\"width\":500,\"height\":250,\"caption\":\"R\u00e9plique Manga Cin\u00e9\"},\"image\":{\"@id\":\"https:\\\/\\\/repliquemangacine.fr\\\/#\\\/schema\\\/logo\\\/image\\\/\"},\"sameAs\":[\"https:\\\/\\\/www.facebook.com\\\/RepliqueMangaCine\",\"https:\\\/\\\/www.instagram.com\\\/repliquemangacine.fr\\\/\"]}]}<\/script>\n<!-- \/ Yoast SEO plugin. -->","yoast_head_json":{"title":"Napoleonic Infantry Briquet Saber - \u00c9p\u00e9e 1er Empire | RMC","description":"Order now! The famous Napoleonic Infantry Sabre Lighter at the best price - Steel blade - Brass handle - Length: 77 cm - Shipment 24\/48h","robots":{"index":"index","follow":"follow","max-snippet":"max-snippet:-1","max-image-preview":"max-image-preview:large","max-video-preview":"max-video-preview:-1"},"canonical":"https:\/\/repliquemangacine.fr\/en\/replica-napoleon-guns\/1st-empire-napoleonic-infantry-saber-lighter\/","og_locale":"en_US","og_type":"article","og_title":"Sabre Briquet d'infanterie Napol\u00e9onienne - \u00c9p\u00e9e 1er Empire | RMC","og_description":"Commandez vite ! Le c\u00e9l\u00e8bre Sabre Briquet d'infanterie napol\u00e9onienne au meilleur prix - Lame acier - Poign\u00e9e laiton - Longueur : 77 cm - Envoi 24\/48h","og_url":"https:\/\/repliquemangacine.fr\/en\/replica-napoleon-guns\/1st-empire-napoleonic-infantry-saber-lighter\/","og_site_name":"R\u00e9plique Manga Cin\u00e9","article_publisher":"https:\/\/www.facebook.com\/RepliqueMangaCine","article_modified_time":"2025-12-12T18:47:54+00:00","og_image":[{"width":600,"height":600,"url":"https:\/\/repliquemangacine.fr\/wp-content\/uploads\/2023\/10\/1681-Sabre-Briquet-dinfanterie-Sabre-Napoleon.jpg","type":"image\/jpeg"}],"twitter_card":"summary_large_image","twitter_misc":{"Est. reading time":"3 minutes"},"schema":{"@context":"https:\/\/schema.org","@graph":[{"@type":"WebPage","@id":"https:\/\/repliquemangacine.fr\/repliques-darmes-napoleon\/sabre-briquet-d-infanterie-napoleonienne-1er-empire\/","url":"https:\/\/repliquemangacine.fr\/repliques-darmes-napoleon\/sabre-briquet-d-infanterie-napoleonienne-1er-empire\/","name":"Napoleonic Infantry Briquet Saber - \u00c9p\u00e9e 1er Empire | RMC","isPartOf":{"@id":"https:\/\/repliquemangacine.fr\/#website"},"primaryImageOfPage":{"@id":"https:\/\/repliquemangacine.fr\/repliques-darmes-napoleon\/sabre-briquet-d-infanterie-napoleonienne-1er-empire\/#primaryimage"},"image":{"@id":"https:\/\/repliquemangacine.fr\/repliques-darmes-napoleon\/sabre-briquet-d-infanterie-napoleonienne-1er-empire\/#primaryimage"},"thumbnailUrl":"https:\/\/repliquemangacine.fr\/wp-content\/uploads\/2023\/10\/1681-Sabre-Briquet-dinfanterie-Sabre-Napoleon.jpg","datePublished":"2016-11-28T08:12:18+00:00","dateModified":"2025-12-12T18:47:54+00:00","description":"Order now! The famous Napoleonic Infantry Sabre Lighter at the best price - Steel blade - Brass handle - Length: 77 cm - Shipment 24\/48h","breadcrumb":{"@id":"https:\/\/repliquemangacine.fr\/repliques-darmes-napoleon\/sabre-briquet-d-infanterie-napoleonienne-1er-empire\/#breadcrumb"},"inLanguage":"en-US","potentialAction":[{"@type":"ReadAction","target":["https:\/\/repliquemangacine.fr\/repliques-darmes-napoleon\/sabre-briquet-d-infanterie-napoleonienne-1er-empire\/"]}]},{"@type":"ImageObject","inLanguage":"en-US","@id":"https:\/\/repliquemangacine.fr\/repliques-darmes-napoleon\/sabre-briquet-d-infanterie-napoleonienne-1er-empire\/#primaryimage","url":"https:\/\/repliquemangacine.fr\/wp-content\/uploads\/2023\/10\/1681-Sabre-Briquet-dinfanterie-Sabre-Napoleon.jpg","contentUrl":"https:\/\/repliquemangacine.fr\/wp-content\/uploads\/2023\/10\/1681-Sabre-Briquet-dinfanterie-Sabre-Napoleon.jpg","width":600,"height":600,"caption":"Sabre Briquet d'infanterie - Sabre Napol\u00e9on"},{"@type":"BreadcrumbList","@id":"https:\/\/repliquemangacine.fr\/repliques-darmes-napoleon\/sabre-briquet-d-infanterie-napoleonienne-1er-empire\/#breadcrumb","itemListElement":[{"@type":"ListItem","position":1,"name":"Accueil","item":"https:\/\/repliquemangacine.fr\/"},{"@type":"ListItem","position":2,"name":"Produits","item":"https:\/\/repliquemangacine.fr\/boutique\/"},{"@type":"ListItem","position":3,"name":"Sabre Briquet d&#8217;infanterie &#8211; Sabre Napol\u00e9on"}]},{"@type":"WebSite","@id":"https:\/\/repliquemangacine.fr\/#website","url":"https:\/\/repliquemangacine.fr\/","name":"R\u00e9plique Manga Cin\u00e9","description":"","publisher":{"@id":"https:\/\/repliquemangacine.fr\/#organization"},"potentialAction":[{"@type":"SearchAction","target":{"@type":"EntryPoint","urlTemplate":"https:\/\/repliquemangacine.fr\/?s={search_term_string}"},"query-input":{"@type":"PropertyValueSpecification","valueRequired":true,"valueName":"search_term_string"}}],"inLanguage":"en-US"},{"@type":"Organization","@id":"https:\/\/repliquemangacine.fr\/#organization","name":"R\u00e9plique Manga Cin\u00e9","url":"https:\/\/repliquemangacine.fr\/","logo":{"@type":"ImageObject","inLanguage":"en-US","@id":"https:\/\/repliquemangacine.fr\/#\/schema\/logo\/image\/","url":"https:\/\/repliquemangacine.fr\/wp-content\/uploads\/2023\/10\/RMC-500250.png","contentUrl":"https:\/\/repliquemangacine.fr\/wp-content\/uploads\/2023\/10\/RMC-500250.png","width":500,"height":250,"caption":"R\u00e9plique Manga Cin\u00e9"},"image":{"@id":"https:\/\/repliquemangacine.fr\/#\/schema\/logo\/image\/"},"sameAs":["https:\/\/www.facebook.com\/RepliqueMangaCine","https:\/\/www.instagram.com\/repliquemangacine.fr\/"]}]}},"_links":{"self":[{"href":"https:\/\/repliquemangacine.fr\/en\/wp-json\/wp\/v2\/product\/26522","targetHints":{"allow":["GET"]}}],"collection":[{"href":"https:\/\/repliquemangacine.fr\/en\/wp-json\/wp\/v2\/product"}],"about":[{"href":"https:\/\/repliquemangacine.fr\/en\/wp-json\/wp\/v2\/types\/product"}],"wp:featuredmedia":[{"embeddable":true,"href":"https:\/\/repliquemangacine.fr\/en\/wp-json\/wp\/v2\/media\/26523"}],"wp:attachment":[{"href":"https:\/\/repliquemangacine.fr\/en\/wp-json\/wp\/v2\/media?parent=26522"}],"wp:term":[{"taxonomy":"product_brand","embeddable":true,"href":"https:\/\/repliquemangacine.fr\/en\/wp-json\/wp\/v2\/product_brand?post=26522"},{"taxonomy":"product_cat","embeddable":true,"href":"https:\/\/repliquemangacine.fr\/en\/wp-json\/wp\/v2\/product_cat?post=26522"},{"taxonomy":"product_tag","embeddable":true,"href":"https:\/\/repliquemangacine.fr\/en\/wp-json\/wp\/v2\/product_tag?post=26522"}],"curies":[{"name":"wp","href":"https:\/\/api.w.org\/{rel}","templated":true}]}}