





{"id":26495,"date":"2016-11-25T20:51:01","date_gmt":"2016-11-25T19:51:01","guid":{"rendered":"https:\/\/repliquemangacine.fr\/?post_type=product&#038;p=26495"},"modified":"2026-02-03T15:08:48","modified_gmt":"2026-02-03T14:08:48","slug":"beowulf-viking-helmet","status":"publish","type":"product","link":"https:\/\/repliquemangacine.fr\/en\/heaume-casque-chevalier-templier\/casque-viking-beowulf\/","title":{"rendered":"Viking Beowulf"},"content":{"rendered":"<h2>Beowulf Viking helmet<\/h2>\n<p>To begin with, the <strong>Beowulf Viking helmet <\/strong>where Elmo Viking is the name by which the particular type of iron helmet is commonly referred to. Made famous in Western Europe and Russia by Viking incursions. During archaeological excavations, a helmet was found and exhibited at Oslo's Kulturhistorisk museum.<\/p>\n<p>These warriors from Norway won many victories. They even established themselves in Normandy, a region that owes its name to these invaders.<\/p>\n<p>Remarkable navigators, the Vikings also ventured as far as the Iberian Peninsula. Entering the Mediterranean through the Strait of Gibraltar, the Vikings settled in the Rhone delta, in the Camargue region, and then crossed into Italy.<\/p>\n<p>Known as fearsome warriors, the Vikings never managed to form a real army.<\/p>\n<h2>Your Beowulf Viking Helmet at the best price.<\/h2>\n<p>We offer a wide selection of swords, as well as helmets and shields from the Viking era.<\/p>\n<p>First and foremost,<\/p>\n<ul>\n<li>L'<a href=\"https:\/\/repliquemangacine.fr\/en\/viking\/ironside-viking-sword\/\">Viking sword Ironside<\/a> of Condor, named in honor of Bj\u00f6rn Ironside.<\/li>\n<li>There is also the<a href=\"https:\/\/repliquemangacine.fr\/en\/viking\/torshov-viking-sword-9-10th-century-practical\/\">Viking sword Torshov<\/a> based on a discovery at Torshov (Gjerdrum) in southern Norway.<\/li>\n<li>And many more to discover in our online store!<\/li>\n<li>If you're looking for a bracelet, a ring or even a tattoo, discover our partner store. <a href=\"https:\/\/www.viking-clan.com\/\" target=\"_blank\" rel=\"noopener noreferrer\">Viking Clan<\/a>.<\/li>\n<\/ul>\n<p>That's why this is a great gift idea for fans of the Viking era.<\/p>\n<p>In conclusion, you can also use this Viking helmet for your historical re-enactments. Above all, the <strong>Beowulf Viking helmet<\/strong>is a collector's item, as well as a decorative one.<\/p>\n<h2>How are your collectors' items made?<\/h2>\n<p>To begin with, all our derived products are of the highest quality, manufactured with meticulous attention to detail. In fact, some of the manufacturing is done by hand, to reproduce even the smallest detail. More important parts are machined by precise machines. Engravings are generally made with a diamond tip or laser.<\/p>\n<p>Your <strong>Beowulf Viking helmet<\/strong>manufactured to reproduce every detail exactly. To match the heritage of the original masterpieces. The emphasis is on creating high-quality replicas that are as historically accurate as possible.<\/p>\n<p>In conclusion, imported from China, Spain or India, our replicas will amaze you!<\/p>\n<p>R\u00e9plique Manga Cin\u00e9 is a French family business.<\/p>","protected":false},"excerpt":{"rendered":"<p>Decorated with repouss\u00e9 brass sconces.<\/p>\n<ul>\n<li>All steel.<\/li>\n<li>Eye and nose protection<\/li>\n<li>Brass-encased cheek guards.<\/li>\n<li>Noseband in tin-plated steel mesh, 1.6 mm steel rings.<\/li>\n<li>Leather interior, leather chin strap.<\/li>\n<li>Steel thickness: 1.2 mm - Weight: 2300grs<\/li>\n<\/ul>","protected":false},"featured_media":26496,"template":"","meta":[],"product_brand":[896],"product_cat":[25,89,43,103],"product_tag":[],"class_list":{"0":"post-26495","1":"product","2":"type-product","3":"status-publish","4":"has-post-thumbnail","6":"product_brand-replique-manga-cine","7":"product_cat-armes-historiques","8":"product_cat-heaume-casque-chevalier-templier","9":"product_cat-reproductions-d-armes-et-accessoires-medievales","10":"product_cat-armes-et-accessoires-vikings","12":"first","13":"instock","14":"taxable","15":"shipping-taxable","16":"purchasable","17":"product-type-simple"},"yoast_head":"<!-- This site is optimized with the Yoast SEO plugin v27.5 - https:\/\/yoast.com\/product\/yoast-seo-wordpress\/ -->\n<title>Casque Viking Beowulf - Boutique en ligne | R\u00e9plique Manga Cin\u00e9<\/title>\n<meta name=\"description\" content=\"Offrez-vous ce Casque Viking Beowulf au meilleur prix - En acier - Nuqui\u00e8re en maille - Protection int\u00e9rieur en cuir - Appliques en laiton - Fonctionnel\" \/>\n<meta name=\"robots\" content=\"index, follow, max-snippet:-1, max-image-preview:large, max-video-preview:-1\" \/>\n<link rel=\"canonical\" href=\"https:\/\/repliquemangacine.fr\/en\/viking-weapons-and-accessories\/beowulf-viking-helmet\/\" \/>\n<meta property=\"og:locale\" content=\"en_US\" \/>\n<meta property=\"og:type\" content=\"article\" \/>\n<meta property=\"og:title\" content=\"Casque Viking Beowulf - Boutique en ligne | R\u00e9plique Manga Cin\u00e9\" \/>\n<meta property=\"og:description\" content=\"Offrez-vous ce Casque Viking Beowulf au meilleur prix - En acier - Nuqui\u00e8re en maille - Protection int\u00e9rieur en cuir - Appliques en laiton - Fonctionnel\" \/>\n<meta property=\"og:url\" content=\"https:\/\/repliquemangacine.fr\/en\/viking-weapons-and-accessories\/beowulf-viking-helmet\/\" \/>\n<meta property=\"og:site_name\" content=\"R\u00e9plique Manga Cin\u00e9\" \/>\n<meta property=\"article:publisher\" content=\"https:\/\/www.facebook.com\/RepliqueMangaCine\" \/>\n<meta property=\"article:modified_time\" content=\"2026-02-03T14:08:48+00:00\" \/>\n<meta property=\"og:image\" content=\"https:\/\/repliquemangacine.fr\/wp-content\/uploads\/2023\/10\/Casque-Beowulf.jpg\" \/>\n\t<meta property=\"og:image:width\" content=\"800\" \/>\n\t<meta property=\"og:image:height\" content=\"800\" \/>\n\t<meta property=\"og:image:type\" content=\"image\/jpeg\" \/>\n<meta name=\"twitter:card\" content=\"summary_large_image\" \/>\n<meta name=\"twitter:label1\" content=\"Est. reading time\" \/>\n\t<meta name=\"twitter:data1\" content=\"2 minutes\" \/>\n<script type=\"application\/ld+json\" class=\"yoast-schema-graph\">{\"@context\":\"https:\\\/\\\/schema.org\",\"@graph\":[{\"@type\":\"WebPage\",\"@id\":\"https:\\\/\\\/repliquemangacine.fr\\\/armes-et-accessoires-vikings\\\/casque-viking-beowulf\\\/\",\"url\":\"https:\\\/\\\/repliquemangacine.fr\\\/armes-et-accessoires-vikings\\\/casque-viking-beowulf\\\/\",\"name\":\"Casque Viking Beowulf - Boutique en ligne | R\u00e9plique Manga Cin\u00e9\",\"isPartOf\":{\"@id\":\"https:\\\/\\\/repliquemangacine.fr\\\/#website\"},\"primaryImageOfPage\":{\"@id\":\"https:\\\/\\\/repliquemangacine.fr\\\/armes-et-accessoires-vikings\\\/casque-viking-beowulf\\\/#primaryimage\"},\"image\":{\"@id\":\"https:\\\/\\\/repliquemangacine.fr\\\/armes-et-accessoires-vikings\\\/casque-viking-beowulf\\\/#primaryimage\"},\"thumbnailUrl\":\"https:\\\/\\\/repliquemangacine.fr\\\/wp-content\\\/uploads\\\/2023\\\/10\\\/Casque-Beowulf.jpg\",\"datePublished\":\"2016-11-25T19:51:01+00:00\",\"dateModified\":\"2026-02-03T14:08:48+00:00\",\"description\":\"Offrez-vous ce Casque Viking Beowulf au meilleur prix - En acier - Nuqui\u00e8re en maille - Protection int\u00e9rieur en cuir - Appliques en laiton - Fonctionnel\",\"breadcrumb\":{\"@id\":\"https:\\\/\\\/repliquemangacine.fr\\\/armes-et-accessoires-vikings\\\/casque-viking-beowulf\\\/#breadcrumb\"},\"inLanguage\":\"en-US\",\"potentialAction\":[{\"@type\":\"ReadAction\",\"target\":[\"https:\\\/\\\/repliquemangacine.fr\\\/armes-et-accessoires-vikings\\\/casque-viking-beowulf\\\/\"]}]},{\"@type\":\"ImageObject\",\"inLanguage\":\"en-US\",\"@id\":\"https:\\\/\\\/repliquemangacine.fr\\\/armes-et-accessoires-vikings\\\/casque-viking-beowulf\\\/#primaryimage\",\"url\":\"https:\\\/\\\/repliquemangacine.fr\\\/wp-content\\\/uploads\\\/2023\\\/10\\\/Casque-Beowulf.jpg\",\"contentUrl\":\"https:\\\/\\\/repliquemangacine.fr\\\/wp-content\\\/uploads\\\/2023\\\/10\\\/Casque-Beowulf.jpg\",\"width\":800,\"height\":800,\"caption\":\"Casque viking Beowulf avec nuquiere\"},{\"@type\":\"BreadcrumbList\",\"@id\":\"https:\\\/\\\/repliquemangacine.fr\\\/armes-et-accessoires-vikings\\\/casque-viking-beowulf\\\/#breadcrumb\",\"itemListElement\":[{\"@type\":\"ListItem\",\"position\":1,\"name\":\"Accueil\",\"item\":\"https:\\\/\\\/repliquemangacine.fr\\\/\"},{\"@type\":\"ListItem\",\"position\":2,\"name\":\"Produits\",\"item\":\"https:\\\/\\\/repliquemangacine.fr\\\/boutique\\\/\"},{\"@type\":\"ListItem\",\"position\":3,\"name\":\"Viking Beowulf\"}]},{\"@type\":\"WebSite\",\"@id\":\"https:\\\/\\\/repliquemangacine.fr\\\/#website\",\"url\":\"https:\\\/\\\/repliquemangacine.fr\\\/\",\"name\":\"R\u00e9plique Manga Cin\u00e9\",\"description\":\"\",\"publisher\":{\"@id\":\"https:\\\/\\\/repliquemangacine.fr\\\/#organization\"},\"potentialAction\":[{\"@type\":\"SearchAction\",\"target\":{\"@type\":\"EntryPoint\",\"urlTemplate\":\"https:\\\/\\\/repliquemangacine.fr\\\/?s={search_term_string}\"},\"query-input\":{\"@type\":\"PropertyValueSpecification\",\"valueRequired\":true,\"valueName\":\"search_term_string\"}}],\"inLanguage\":\"en-US\"},{\"@type\":\"Organization\",\"@id\":\"https:\\\/\\\/repliquemangacine.fr\\\/#organization\",\"name\":\"R\u00e9plique Manga Cin\u00e9\",\"url\":\"https:\\\/\\\/repliquemangacine.fr\\\/\",\"logo\":{\"@type\":\"ImageObject\",\"inLanguage\":\"en-US\",\"@id\":\"https:\\\/\\\/repliquemangacine.fr\\\/#\\\/schema\\\/logo\\\/image\\\/\",\"url\":\"https:\\\/\\\/repliquemangacine.fr\\\/wp-content\\\/uploads\\\/2023\\\/10\\\/RMC-500250.png\",\"contentUrl\":\"https:\\\/\\\/repliquemangacine.fr\\\/wp-content\\\/uploads\\\/2023\\\/10\\\/RMC-500250.png\",\"width\":500,\"height\":250,\"caption\":\"R\u00e9plique Manga Cin\u00e9\"},\"image\":{\"@id\":\"https:\\\/\\\/repliquemangacine.fr\\\/#\\\/schema\\\/logo\\\/image\\\/\"},\"sameAs\":[\"https:\\\/\\\/www.facebook.com\\\/RepliqueMangaCine\",\"https:\\\/\\\/www.instagram.com\\\/repliquemangacine.fr\\\/\"]}]}<\/script>\n<!-- \/ Yoast SEO plugin. -->","yoast_head_json":{"title":"Beowulf Viking Helmet - Boutique en ligne | R\u00e9plique Manga Cin\u00e9","description":"Treat yourself to this Beowulf Viking Helmet at the best price - Steel - Mesh nape - Leather inner protection - Brass appliques - Functional","robots":{"index":"index","follow":"follow","max-snippet":"max-snippet:-1","max-image-preview":"max-image-preview:large","max-video-preview":"max-video-preview:-1"},"canonical":"https:\/\/repliquemangacine.fr\/en\/viking-weapons-and-accessories\/beowulf-viking-helmet\/","og_locale":"en_US","og_type":"article","og_title":"Casque Viking Beowulf - Boutique en ligne | R\u00e9plique Manga Cin\u00e9","og_description":"Offrez-vous ce Casque Viking Beowulf au meilleur prix - En acier - Nuqui\u00e8re en maille - Protection int\u00e9rieur en cuir - Appliques en laiton - Fonctionnel","og_url":"https:\/\/repliquemangacine.fr\/en\/viking-weapons-and-accessories\/beowulf-viking-helmet\/","og_site_name":"R\u00e9plique Manga Cin\u00e9","article_publisher":"https:\/\/www.facebook.com\/RepliqueMangaCine","article_modified_time":"2026-02-03T14:08:48+00:00","og_image":[{"width":800,"height":800,"url":"https:\/\/repliquemangacine.fr\/wp-content\/uploads\/2023\/10\/Casque-Beowulf.jpg","type":"image\/jpeg"}],"twitter_card":"summary_large_image","twitter_misc":{"Est. reading time":"2 minutes"},"schema":{"@context":"https:\/\/schema.org","@graph":[{"@type":"WebPage","@id":"https:\/\/repliquemangacine.fr\/armes-et-accessoires-vikings\/casque-viking-beowulf\/","url":"https:\/\/repliquemangacine.fr\/armes-et-accessoires-vikings\/casque-viking-beowulf\/","name":"Beowulf Viking Helmet - Boutique en ligne | R\u00e9plique Manga Cin\u00e9","isPartOf":{"@id":"https:\/\/repliquemangacine.fr\/#website"},"primaryImageOfPage":{"@id":"https:\/\/repliquemangacine.fr\/armes-et-accessoires-vikings\/casque-viking-beowulf\/#primaryimage"},"image":{"@id":"https:\/\/repliquemangacine.fr\/armes-et-accessoires-vikings\/casque-viking-beowulf\/#primaryimage"},"thumbnailUrl":"https:\/\/repliquemangacine.fr\/wp-content\/uploads\/2023\/10\/Casque-Beowulf.jpg","datePublished":"2016-11-25T19:51:01+00:00","dateModified":"2026-02-03T14:08:48+00:00","description":"Treat yourself to this Beowulf Viking Helmet at the best price - Steel - Mesh nape - Leather inner protection - Brass appliques - Functional","breadcrumb":{"@id":"https:\/\/repliquemangacine.fr\/armes-et-accessoires-vikings\/casque-viking-beowulf\/#breadcrumb"},"inLanguage":"en-US","potentialAction":[{"@type":"ReadAction","target":["https:\/\/repliquemangacine.fr\/armes-et-accessoires-vikings\/casque-viking-beowulf\/"]}]},{"@type":"ImageObject","inLanguage":"en-US","@id":"https:\/\/repliquemangacine.fr\/armes-et-accessoires-vikings\/casque-viking-beowulf\/#primaryimage","url":"https:\/\/repliquemangacine.fr\/wp-content\/uploads\/2023\/10\/Casque-Beowulf.jpg","contentUrl":"https:\/\/repliquemangacine.fr\/wp-content\/uploads\/2023\/10\/Casque-Beowulf.jpg","width":800,"height":800,"caption":"Casque viking Beowulf avec nuquiere"},{"@type":"BreadcrumbList","@id":"https:\/\/repliquemangacine.fr\/armes-et-accessoires-vikings\/casque-viking-beowulf\/#breadcrumb","itemListElement":[{"@type":"ListItem","position":1,"name":"Accueil","item":"https:\/\/repliquemangacine.fr\/"},{"@type":"ListItem","position":2,"name":"Produits","item":"https:\/\/repliquemangacine.fr\/boutique\/"},{"@type":"ListItem","position":3,"name":"Viking Beowulf"}]},{"@type":"WebSite","@id":"https:\/\/repliquemangacine.fr\/#website","url":"https:\/\/repliquemangacine.fr\/","name":"R\u00e9plique Manga Cin\u00e9","description":"","publisher":{"@id":"https:\/\/repliquemangacine.fr\/#organization"},"potentialAction":[{"@type":"SearchAction","target":{"@type":"EntryPoint","urlTemplate":"https:\/\/repliquemangacine.fr\/?s={search_term_string}"},"query-input":{"@type":"PropertyValueSpecification","valueRequired":true,"valueName":"search_term_string"}}],"inLanguage":"en-US"},{"@type":"Organization","@id":"https:\/\/repliquemangacine.fr\/#organization","name":"R\u00e9plique Manga Cin\u00e9","url":"https:\/\/repliquemangacine.fr\/","logo":{"@type":"ImageObject","inLanguage":"en-US","@id":"https:\/\/repliquemangacine.fr\/#\/schema\/logo\/image\/","url":"https:\/\/repliquemangacine.fr\/wp-content\/uploads\/2023\/10\/RMC-500250.png","contentUrl":"https:\/\/repliquemangacine.fr\/wp-content\/uploads\/2023\/10\/RMC-500250.png","width":500,"height":250,"caption":"R\u00e9plique Manga Cin\u00e9"},"image":{"@id":"https:\/\/repliquemangacine.fr\/#\/schema\/logo\/image\/"},"sameAs":["https:\/\/www.facebook.com\/RepliqueMangaCine","https:\/\/www.instagram.com\/repliquemangacine.fr\/"]}]}},"_links":{"self":[{"href":"https:\/\/repliquemangacine.fr\/en\/wp-json\/wp\/v2\/product\/26495","targetHints":{"allow":["GET"]}}],"collection":[{"href":"https:\/\/repliquemangacine.fr\/en\/wp-json\/wp\/v2\/product"}],"about":[{"href":"https:\/\/repliquemangacine.fr\/en\/wp-json\/wp\/v2\/types\/product"}],"wp:featuredmedia":[{"embeddable":true,"href":"https:\/\/repliquemangacine.fr\/en\/wp-json\/wp\/v2\/media\/26496"}],"wp:attachment":[{"href":"https:\/\/repliquemangacine.fr\/en\/wp-json\/wp\/v2\/media?parent=26495"}],"wp:term":[{"taxonomy":"product_brand","embeddable":true,"href":"https:\/\/repliquemangacine.fr\/en\/wp-json\/wp\/v2\/product_brand?post=26495"},{"taxonomy":"product_cat","embeddable":true,"href":"https:\/\/repliquemangacine.fr\/en\/wp-json\/wp\/v2\/product_cat?post=26495"},{"taxonomy":"product_tag","embeddable":true,"href":"https:\/\/repliquemangacine.fr\/en\/wp-json\/wp\/v2\/product_tag?post=26495"}],"curies":[{"name":"wp","href":"https:\/\/api.w.org\/{rel}","templated":true}]}}