





{"id":26488,"date":"2016-11-25T18:41:51","date_gmt":"2016-11-25T17:41:51","guid":{"rendered":"https:\/\/repliquemangacine.fr\/?post_type=product&#038;p=26488"},"modified":"2025-09-23T18:01:47","modified_gmt":"2025-09-23T16:01:47","slug":"templar-helmet-black-dark-knight-helmet-sugarloaf","status":"publish","type":"product","link":"https:\/\/repliquemangacine.fr\/en\/heaume-casque-chevalier-templier\/casque-templier-noir-heaume-dark-knight-sugarloaf\/","title":{"rendered":"Black Templar"},"content":{"rendered":"<h2>Heaume des Templiers Sugarloaf<\/h2>\n<p>To begin with, the <strong>Heaume des templiers Sugarloaf <\/strong>is a medieval steel cavalry helmet emblematic of chivalry, protecting the whole head.<\/p>\n<p>Although few weapons were able to reach the knight's head, the flat top represented a step backwards compared to helmets previously in use. Improved forging techniques during the 13th century enabled the helmet to revert to a conical shape, making it less vulnerable to blows to the top of the head.<\/p>\n<p>In the Middle Ages, large helmets with a more conical bowl were also called Sugarloaf helmets due to their resemblance to a sugar loaf. This shape gained popularity in the early 14\u1d49 century.<\/p>\n<h2>Your Heaume des Templiers at the best price.<\/h2>\n<p>We offer a wide selection of medieval helmets and accessories.<\/p>\n<p>First and foremost,<\/p>\n<ul>\n<li>L'<a href=\"https:\/\/repliquemangacine.fr\/en\/medieval-templar-sword\/knights-templar-sword\/\">Knights Templar sword<\/a> with its carbon steel blade.<\/li>\n<li>As well as a replica of a <a href=\"https:\/\/repliquemangacine.fr\/en\/helmet-helmet-knight-templar\/armet-helmet-16%e1%b5%89-century\/\">armet helmet<\/a> medieval tournament.<\/li>\n<li>There is also the fleur-de-lis sword of Saint Louis made by <a href=\"https:\/\/www.denix.fr\/\" target=\"_blank\" rel=\"noopener noreferrer\">Denix<\/a>.<\/li>\n<li>And many more to discover in our online store.<\/li>\n<\/ul>\n<p>That's why we've come up with some great gift ideas for all those who love medieval times.<\/p>\n<p>In conclusion, you can also use this <strong>Heaume des Templiers Sugarloaf<\/strong> for your historical re-enactments. But above all, this helmet is a decorative collector's item.<\/p>\n<h2>How are your collectors' items made?<\/h2>\n<p>To begin with, all our derived products are of the highest quality, manufactured with meticulous attention to detail. In fact, some of the manufacturing is done by hand, to reproduce even the smallest detail. More important parts are machined by precise machines. Engravings are generally made with a diamond tip or laser.<\/p>\n<p>Your <strong>Heaume des Templiers Sugarloaf<\/strong>manufactured to reproduce every detail exactly. To match the heritage of the original masterpieces. The emphasis is on creating high-quality replicas that are as historically accurate as possible.<\/p>\n<p>In conclusion, imported from China, Spain or India, our replicas will amaze you!<\/p>\n<p>R\u00e9plique Manga Cin\u00e9 is a French family business.<\/p>","protected":false},"excerpt":{"rendered":"<p>This reproduction of the \"SugarLoaf\" templar helmet<\/p>\n<ul>\n<li>Made of 1.6 mm steel, hand-crafted.<\/li>\n<li>Hinged visor.<\/li>\n<li>Cotton headdress.<\/li>\n<li>Adjustable chinstrap.<\/li>\n<li>Functional.<\/li>\n<li>Weight: 2.9 kgs<\/li>\n<\/ul>","protected":false},"featured_media":26489,"template":"","meta":[],"product_brand":[896],"product_cat":[25,89,43],"product_tag":[],"class_list":{"0":"post-26488","1":"product","2":"type-product","3":"status-publish","4":"has-post-thumbnail","6":"product_brand-replique-manga-cine","7":"product_cat-armes-historiques","8":"product_cat-heaume-casque-chevalier-templier","9":"product_cat-reproductions-d-armes-et-accessoires-medievales","11":"first","12":"outofstock","13":"taxable","14":"shipping-taxable","15":"purchasable","16":"product-type-simple"},"yoast_head":"<!-- This site is optimized with the Yoast SEO plugin v27.5 - https:\/\/yoast.com\/product\/yoast-seo-wordpress\/ -->\n<title>Heaume des Templiers Sugarloaf | R\u00e9plique Manga Cin\u00e9<\/title>\n<meta name=\"description\" content=\"Offrez-lui ce Heaume des Templiers Sugarloaf au meilleur prix - Tout en acier - Visi\u00e8re \u00e0 charni\u00e8re - Coiffe en coton - Fonctionnel - Int\u00e9rieur : 22.5cm\" \/>\n<meta name=\"robots\" content=\"index, follow, max-snippet:-1, max-image-preview:large, max-video-preview:-1\" \/>\n<link rel=\"canonical\" href=\"https:\/\/repliquemangacine.fr\/en\/helmet-helmet-knight-templar\/templar-helmet-black-dark-knight-helmet-sugarloaf\/\" \/>\n<meta property=\"og:locale\" content=\"en_US\" \/>\n<meta property=\"og:type\" content=\"article\" \/>\n<meta property=\"og:title\" content=\"Heaume des Templiers Sugarloaf | R\u00e9plique Manga Cin\u00e9\" \/>\n<meta property=\"og:description\" content=\"Offrez-lui ce Heaume des Templiers Sugarloaf au meilleur prix - Tout en acier - Visi\u00e8re \u00e0 charni\u00e8re - Coiffe en coton - Fonctionnel - Int\u00e9rieur : 22.5cm\" \/>\n<meta property=\"og:url\" content=\"https:\/\/repliquemangacine.fr\/en\/helmet-helmet-knight-templar\/templar-helmet-black-dark-knight-helmet-sugarloaf\/\" \/>\n<meta property=\"og:site_name\" content=\"R\u00e9plique Manga Cin\u00e9\" \/>\n<meta property=\"article:publisher\" content=\"https:\/\/www.facebook.com\/RepliqueMangaCine\" \/>\n<meta property=\"article:modified_time\" content=\"2025-09-23T16:01:47+00:00\" \/>\n<meta property=\"og:image\" content=\"https:\/\/repliquemangacine.fr\/wp-content\/uploads\/2023\/10\/1652-Casque-Templier-noir-Heaume-Dark-Knight.jpg\" \/>\n\t<meta property=\"og:image:width\" content=\"600\" \/>\n\t<meta property=\"og:image:height\" content=\"600\" \/>\n\t<meta property=\"og:image:type\" content=\"image\/jpeg\" \/>\n<meta name=\"twitter:card\" content=\"summary_large_image\" \/>\n<meta name=\"twitter:label1\" content=\"Est. reading time\" \/>\n\t<meta name=\"twitter:data1\" content=\"2 minutes\" \/>\n<script type=\"application\/ld+json\" class=\"yoast-schema-graph\">{\"@context\":\"https:\\\/\\\/schema.org\",\"@graph\":[{\"@type\":\"WebPage\",\"@id\":\"https:\\\/\\\/repliquemangacine.fr\\\/de\\\/helm-helm-ritter-templer\\\/helm-templer-schwarz-helm-dark-knight-sugarloaf\\\/\",\"url\":\"https:\\\/\\\/repliquemangacine.fr\\\/de\\\/helm-helm-ritter-templer\\\/helm-templer-schwarz-helm-dark-knight-sugarloaf\\\/\",\"name\":\"Heaume des Templiers Sugarloaf | R\u00e9plique Manga Cin\u00e9\",\"isPartOf\":{\"@id\":\"https:\\\/\\\/repliquemangacine.fr\\\/#website\"},\"primaryImageOfPage\":{\"@id\":\"https:\\\/\\\/repliquemangacine.fr\\\/de\\\/helm-helm-ritter-templer\\\/helm-templer-schwarz-helm-dark-knight-sugarloaf\\\/#primaryimage\"},\"image\":{\"@id\":\"https:\\\/\\\/repliquemangacine.fr\\\/de\\\/helm-helm-ritter-templer\\\/helm-templer-schwarz-helm-dark-knight-sugarloaf\\\/#primaryimage\"},\"thumbnailUrl\":\"https:\\\/\\\/repliquemangacine.fr\\\/wp-content\\\/uploads\\\/2023\\\/10\\\/1652-Casque-Templier-noir-Heaume-Dark-Knight.jpg\",\"datePublished\":\"2016-11-25T17:41:51+00:00\",\"dateModified\":\"2025-09-23T16:01:47+00:00\",\"description\":\"Offrez-lui ce Heaume des Templiers Sugarloaf au meilleur prix - Tout en acier - Visi\u00e8re \u00e0 charni\u00e8re - Coiffe en coton - Fonctionnel - Int\u00e9rieur : 22.5cm\",\"breadcrumb\":{\"@id\":\"https:\\\/\\\/repliquemangacine.fr\\\/de\\\/helm-helm-ritter-templer\\\/helm-templer-schwarz-helm-dark-knight-sugarloaf\\\/#breadcrumb\"},\"inLanguage\":\"en-US\",\"potentialAction\":[{\"@type\":\"ReadAction\",\"target\":[\"https:\\\/\\\/repliquemangacine.fr\\\/de\\\/helm-helm-ritter-templer\\\/helm-templer-schwarz-helm-dark-knight-sugarloaf\\\/\"]}]},{\"@type\":\"ImageObject\",\"inLanguage\":\"en-US\",\"@id\":\"https:\\\/\\\/repliquemangacine.fr\\\/de\\\/helm-helm-ritter-templer\\\/helm-templer-schwarz-helm-dark-knight-sugarloaf\\\/#primaryimage\",\"url\":\"https:\\\/\\\/repliquemangacine.fr\\\/wp-content\\\/uploads\\\/2023\\\/10\\\/1652-Casque-Templier-noir-Heaume-Dark-Knight.jpg\",\"contentUrl\":\"https:\\\/\\\/repliquemangacine.fr\\\/wp-content\\\/uploads\\\/2023\\\/10\\\/1652-Casque-Templier-noir-Heaume-Dark-Knight.jpg\",\"width\":600,\"height\":600,\"caption\":\"Heaume des Templiers Sugarloaf\"},{\"@type\":\"BreadcrumbList\",\"@id\":\"https:\\\/\\\/repliquemangacine.fr\\\/de\\\/helm-helm-ritter-templer\\\/helm-templer-schwarz-helm-dark-knight-sugarloaf\\\/#breadcrumb\",\"itemListElement\":[{\"@type\":\"ListItem\",\"position\":1,\"name\":\"Accueil\",\"item\":\"https:\\\/\\\/repliquemangacine.fr\\\/\"},{\"@type\":\"ListItem\",\"position\":2,\"name\":\"Produits\",\"item\":\"https:\\\/\\\/repliquemangacine.fr\\\/boutique\\\/\"},{\"@type\":\"ListItem\",\"position\":3,\"name\":\"Templier noir\"}]},{\"@type\":\"WebSite\",\"@id\":\"https:\\\/\\\/repliquemangacine.fr\\\/#website\",\"url\":\"https:\\\/\\\/repliquemangacine.fr\\\/\",\"name\":\"R\u00e9plique Manga Cin\u00e9\",\"description\":\"\",\"publisher\":{\"@id\":\"https:\\\/\\\/repliquemangacine.fr\\\/#organization\"},\"potentialAction\":[{\"@type\":\"SearchAction\",\"target\":{\"@type\":\"EntryPoint\",\"urlTemplate\":\"https:\\\/\\\/repliquemangacine.fr\\\/?s={search_term_string}\"},\"query-input\":{\"@type\":\"PropertyValueSpecification\",\"valueRequired\":true,\"valueName\":\"search_term_string\"}}],\"inLanguage\":\"en-US\"},{\"@type\":\"Organization\",\"@id\":\"https:\\\/\\\/repliquemangacine.fr\\\/#organization\",\"name\":\"R\u00e9plique Manga Cin\u00e9\",\"url\":\"https:\\\/\\\/repliquemangacine.fr\\\/\",\"logo\":{\"@type\":\"ImageObject\",\"inLanguage\":\"en-US\",\"@id\":\"https:\\\/\\\/repliquemangacine.fr\\\/#\\\/schema\\\/logo\\\/image\\\/\",\"url\":\"https:\\\/\\\/repliquemangacine.fr\\\/wp-content\\\/uploads\\\/2023\\\/10\\\/RMC-500250.png\",\"contentUrl\":\"https:\\\/\\\/repliquemangacine.fr\\\/wp-content\\\/uploads\\\/2023\\\/10\\\/RMC-500250.png\",\"width\":500,\"height\":250,\"caption\":\"R\u00e9plique Manga Cin\u00e9\"},\"image\":{\"@id\":\"https:\\\/\\\/repliquemangacine.fr\\\/#\\\/schema\\\/logo\\\/image\\\/\"},\"sameAs\":[\"https:\\\/\\\/www.facebook.com\\\/RepliqueMangaCine\",\"https:\\\/\\\/www.instagram.com\\\/repliquemangacine.fr\\\/\"]}]}<\/script>\n<!-- \/ Yoast SEO plugin. -->","yoast_head_json":{"title":"Heaume des Templiers Sugarloaf | R\u00e9plique Manga Cin\u00e9","description":"Offer him this Heaume des Templiers Sugarloaf at the best price - All steel - Hinged visor - Cotton cap - Functional - Interior: 22.5cm","robots":{"index":"index","follow":"follow","max-snippet":"max-snippet:-1","max-image-preview":"max-image-preview:large","max-video-preview":"max-video-preview:-1"},"canonical":"https:\/\/repliquemangacine.fr\/en\/helmet-helmet-knight-templar\/templar-helmet-black-dark-knight-helmet-sugarloaf\/","og_locale":"en_US","og_type":"article","og_title":"Heaume des Templiers Sugarloaf | R\u00e9plique Manga Cin\u00e9","og_description":"Offrez-lui ce Heaume des Templiers Sugarloaf au meilleur prix - Tout en acier - Visi\u00e8re \u00e0 charni\u00e8re - Coiffe en coton - Fonctionnel - Int\u00e9rieur : 22.5cm","og_url":"https:\/\/repliquemangacine.fr\/en\/helmet-helmet-knight-templar\/templar-helmet-black-dark-knight-helmet-sugarloaf\/","og_site_name":"R\u00e9plique Manga Cin\u00e9","article_publisher":"https:\/\/www.facebook.com\/RepliqueMangaCine","article_modified_time":"2025-09-23T16:01:47+00:00","og_image":[{"width":600,"height":600,"url":"https:\/\/repliquemangacine.fr\/wp-content\/uploads\/2023\/10\/1652-Casque-Templier-noir-Heaume-Dark-Knight.jpg","type":"image\/jpeg"}],"twitter_card":"summary_large_image","twitter_misc":{"Est. reading time":"2 minutes"},"schema":{"@context":"https:\/\/schema.org","@graph":[{"@type":"WebPage","@id":"https:\/\/repliquemangacine.fr\/de\/helm-helm-ritter-templer\/helm-templer-schwarz-helm-dark-knight-sugarloaf\/","url":"https:\/\/repliquemangacine.fr\/de\/helm-helm-ritter-templer\/helm-templer-schwarz-helm-dark-knight-sugarloaf\/","name":"Heaume des Templiers Sugarloaf | R\u00e9plique Manga Cin\u00e9","isPartOf":{"@id":"https:\/\/repliquemangacine.fr\/#website"},"primaryImageOfPage":{"@id":"https:\/\/repliquemangacine.fr\/de\/helm-helm-ritter-templer\/helm-templer-schwarz-helm-dark-knight-sugarloaf\/#primaryimage"},"image":{"@id":"https:\/\/repliquemangacine.fr\/de\/helm-helm-ritter-templer\/helm-templer-schwarz-helm-dark-knight-sugarloaf\/#primaryimage"},"thumbnailUrl":"https:\/\/repliquemangacine.fr\/wp-content\/uploads\/2023\/10\/1652-Casque-Templier-noir-Heaume-Dark-Knight.jpg","datePublished":"2016-11-25T17:41:51+00:00","dateModified":"2025-09-23T16:01:47+00:00","description":"Offer him this Heaume des Templiers Sugarloaf at the best price - All steel - Hinged visor - Cotton cap - Functional - Interior: 22.5cm","breadcrumb":{"@id":"https:\/\/repliquemangacine.fr\/de\/helm-helm-ritter-templer\/helm-templer-schwarz-helm-dark-knight-sugarloaf\/#breadcrumb"},"inLanguage":"en-US","potentialAction":[{"@type":"ReadAction","target":["https:\/\/repliquemangacine.fr\/de\/helm-helm-ritter-templer\/helm-templer-schwarz-helm-dark-knight-sugarloaf\/"]}]},{"@type":"ImageObject","inLanguage":"en-US","@id":"https:\/\/repliquemangacine.fr\/de\/helm-helm-ritter-templer\/helm-templer-schwarz-helm-dark-knight-sugarloaf\/#primaryimage","url":"https:\/\/repliquemangacine.fr\/wp-content\/uploads\/2023\/10\/1652-Casque-Templier-noir-Heaume-Dark-Knight.jpg","contentUrl":"https:\/\/repliquemangacine.fr\/wp-content\/uploads\/2023\/10\/1652-Casque-Templier-noir-Heaume-Dark-Knight.jpg","width":600,"height":600,"caption":"Heaume des Templiers Sugarloaf"},{"@type":"BreadcrumbList","@id":"https:\/\/repliquemangacine.fr\/de\/helm-helm-ritter-templer\/helm-templer-schwarz-helm-dark-knight-sugarloaf\/#breadcrumb","itemListElement":[{"@type":"ListItem","position":1,"name":"Accueil","item":"https:\/\/repliquemangacine.fr\/"},{"@type":"ListItem","position":2,"name":"Produits","item":"https:\/\/repliquemangacine.fr\/boutique\/"},{"@type":"ListItem","position":3,"name":"Templier noir"}]},{"@type":"WebSite","@id":"https:\/\/repliquemangacine.fr\/#website","url":"https:\/\/repliquemangacine.fr\/","name":"R\u00e9plique Manga Cin\u00e9","description":"","publisher":{"@id":"https:\/\/repliquemangacine.fr\/#organization"},"potentialAction":[{"@type":"SearchAction","target":{"@type":"EntryPoint","urlTemplate":"https:\/\/repliquemangacine.fr\/?s={search_term_string}"},"query-input":{"@type":"PropertyValueSpecification","valueRequired":true,"valueName":"search_term_string"}}],"inLanguage":"en-US"},{"@type":"Organization","@id":"https:\/\/repliquemangacine.fr\/#organization","name":"R\u00e9plique Manga Cin\u00e9","url":"https:\/\/repliquemangacine.fr\/","logo":{"@type":"ImageObject","inLanguage":"en-US","@id":"https:\/\/repliquemangacine.fr\/#\/schema\/logo\/image\/","url":"https:\/\/repliquemangacine.fr\/wp-content\/uploads\/2023\/10\/RMC-500250.png","contentUrl":"https:\/\/repliquemangacine.fr\/wp-content\/uploads\/2023\/10\/RMC-500250.png","width":500,"height":250,"caption":"R\u00e9plique Manga Cin\u00e9"},"image":{"@id":"https:\/\/repliquemangacine.fr\/#\/schema\/logo\/image\/"},"sameAs":["https:\/\/www.facebook.com\/RepliqueMangaCine","https:\/\/www.instagram.com\/repliquemangacine.fr\/"]}]}},"_links":{"self":[{"href":"https:\/\/repliquemangacine.fr\/en\/wp-json\/wp\/v2\/product\/26488","targetHints":{"allow":["GET"]}}],"collection":[{"href":"https:\/\/repliquemangacine.fr\/en\/wp-json\/wp\/v2\/product"}],"about":[{"href":"https:\/\/repliquemangacine.fr\/en\/wp-json\/wp\/v2\/types\/product"}],"wp:featuredmedia":[{"embeddable":true,"href":"https:\/\/repliquemangacine.fr\/en\/wp-json\/wp\/v2\/media\/26489"}],"wp:attachment":[{"href":"https:\/\/repliquemangacine.fr\/en\/wp-json\/wp\/v2\/media?parent=26488"}],"wp:term":[{"taxonomy":"product_brand","embeddable":true,"href":"https:\/\/repliquemangacine.fr\/en\/wp-json\/wp\/v2\/product_brand?post=26488"},{"taxonomy":"product_cat","embeddable":true,"href":"https:\/\/repliquemangacine.fr\/en\/wp-json\/wp\/v2\/product_cat?post=26488"},{"taxonomy":"product_tag","embeddable":true,"href":"https:\/\/repliquemangacine.fr\/en\/wp-json\/wp\/v2\/product_tag?post=26488"}],"curies":[{"name":"wp","href":"https:\/\/api.w.org\/{rel}","templated":true}]}}