





{"id":26480,"date":"2016-11-25T17:37:06","date_gmt":"2016-11-25T16:37:06","guid":{"rendered":"https:\/\/repliquemangacine.fr\/?post_type=product&#038;p=26480"},"modified":"2026-04-15T13:06:04","modified_gmt":"2026-04-15T11:06:04","slug":"maximus-gladiator-helmet-spiked-helmet","status":"publish","type":"product","link":"https:\/\/repliquemangacine.fr\/en\/katana-les-epees-de-films-et-series\/casque-maximus-gladiator-casque-avec-pointes\/","title":{"rendered":"Maximus Gladiator helmet"},"content":{"rendered":"<h2>Maximus Gladiator helmet<\/h2>\n<p>To begin with, the <strong>Maximus helmet from Gladiator<\/strong>based on Ridley Scott's American-British film, released in 2000.<\/p>\n<p>The plot follows the fall of Roman general Maximus Decimus (Russell Crowe), destined to become Marcus Aurelius' successor. Before the emperor is assassinated and the general brutally betrayed and left for dead by Commodus (Joaquin Phoenix).<\/p>\n<p>Maximus helmet inspired by ancient Roman gladiatorial combat. Fully portable and combat-ready.<\/p>\n<p>Iron-tipped gladiator helmet based on the film \"Gladiator\" by the company <a href=\"https:\/\/deepeeka.in\/\" target=\"_blank\" rel=\"noopener noreferrer\">Deepeeka<\/a>.<\/p>\n<p>Deepeeka has been incredibly successful for over four decades. Developer and exporter of antique reproductions and general craft products.<\/p>\n<h2>Maximus Gladiator Helmet at the best price.<\/h2>\n<p>We offer a wide range of film and historical merchandise.<\/p>\n<p>First and foremost,<\/p>\n<ul>\n<li>Visit <a href=\"https:\/\/repliquemangacine.fr\/en\/antique-sword-swords\/glaive-romain-noir\/\">Gladiator Glaive<\/a> all dressed in black.<\/li>\n<li>There is also the <a href=\"https:\/\/repliquemangacine.fr\/en\/historical-weapons\/black-jules-cesar-sword\/\">Julius Caesar's sword<\/a> richly decorated.<\/li>\n<li>As well as the<a href=\"https:\/\/repliquemangacine.fr\/en\/historical-weapons\/striking-sword-medieval-fighting-sword\/\">Medieval fighting sword<\/a> with throat.<\/li>\n<li>And much more to discover in our online store!<\/li>\n<\/ul>\n<p>That's why here are some great gift ideas for all history buffs.<\/p>\n<p>In conclusion, you can use the <strong>Maximus Gladiator helmet<\/strong> for your historical re-enactments or themed evenings.<\/p>\n<h2>How are your collectors' items made?<\/h2>\n<p>To begin with, all our derived products are of the highest quality, manufactured with meticulous attention to detail. In fact, some of the manufacturing is done by hand, to reproduce even the smallest detail. More important parts are machined by precise machines. Engravings are generally made with a diamond tip or laser.<\/p>\n<p>Your <strong>Maximus Gladiator helmet<\/strong> manufactured to reproduce every detail exactly. To match the heritage of the original masterpieces. The emphasis is on creating high-quality replicas that are as historically accurate as possible.<\/p>\n<p>In conclusion, imported from China, Spain or India, our replicas will amaze you!<\/p>\n<p>R\u00e9plique Manga Cin\u00e9 is a French family business.<\/p>","protected":false},"excerpt":{"rendered":"<p>Superb life-size reproduction of the helmet worn by Maximus, aka Russel Crowe, in Ridley Scott's Gladiator.<\/p>\n<ul>\n<li>All polished steel with special tips.<\/li>\n<li>Protective cotton cushion for greater comfort.<\/li>\n<li>Height : 33 cm - Weight : 1495 grs<\/li>\n<\/ul>","protected":false},"featured_media":26481,"template":"","meta":[],"product_brand":[896],"product_cat":[25,91,66,82,24],"product_tag":[],"class_list":{"0":"post-26480","1":"product","2":"type-product","3":"status-publish","4":"has-post-thumbnail","6":"product_brand-replique-manga-cine","7":"product_cat-armes-historiques","8":"product_cat-katana-les-epees-de-films-et-series","9":"product_cat-repliques-d-armes-films-et-series","10":"product_cat-casques-romains-et-grecs","11":"product_cat-films-series-tv-vente-de-katana-epee-et-produits-derives","13":"first","14":"instock","15":"taxable","16":"shipping-taxable","17":"purchasable","18":"product-type-simple"},"yoast_head":"<!-- This site is optimized with the Yoast SEO plugin v27.5 - https:\/\/yoast.com\/product\/yoast-seo-wordpress\/ -->\n<title>Casque Maximus - Casque Gladiator | R\u00e9plique Manga Cin\u00e9<\/title>\n<meta name=\"description\" content=\"R\u00e9plique en taille r\u00e9elle du Casque Maximus Gladiator au meilleur prix - Tout en acier avec pointes - Coussin de protection - Fonctionnel - Hauteur : 33cm\" \/>\n<meta name=\"robots\" content=\"index, follow, max-snippet:-1, max-image-preview:large, max-video-preview:-1\" \/>\n<link rel=\"canonical\" href=\"https:\/\/repliquemangacine.fr\/en\/katana-swords-from-films-and-series\/maximus-gladiator-helmet-spiked-helmet\/\" \/>\n<meta property=\"og:locale\" content=\"en_US\" \/>\n<meta property=\"og:type\" content=\"article\" \/>\n<meta property=\"og:title\" content=\"Casque Maximus - Casque Gladiator | R\u00e9plique Manga Cin\u00e9\" \/>\n<meta property=\"og:description\" content=\"R\u00e9plique en taille r\u00e9elle du Casque Maximus Gladiator au meilleur prix - Tout en acier avec pointes - Coussin de protection - Fonctionnel - Hauteur : 33cm\" \/>\n<meta property=\"og:url\" content=\"https:\/\/repliquemangacine.fr\/en\/katana-swords-from-films-and-series\/maximus-gladiator-helmet-spiked-helmet\/\" \/>\n<meta property=\"og:site_name\" content=\"R\u00e9plique Manga Cin\u00e9\" \/>\n<meta property=\"article:publisher\" content=\"https:\/\/www.facebook.com\/RepliqueMangaCine\" \/>\n<meta property=\"article:modified_time\" content=\"2026-04-15T11:06:04+00:00\" \/>\n<meta property=\"og:image\" content=\"https:\/\/repliquemangacine.fr\/wp-content\/uploads\/2023\/10\/1645-Casque-Maximus-Gladiator-Casque-avec-pointes.jpg\" \/>\n\t<meta property=\"og:image:width\" content=\"600\" \/>\n\t<meta property=\"og:image:height\" content=\"600\" \/>\n\t<meta property=\"og:image:type\" content=\"image\/jpeg\" \/>\n<meta name=\"twitter:card\" content=\"summary_large_image\" \/>\n<meta name=\"twitter:label1\" content=\"Est. reading time\" \/>\n\t<meta name=\"twitter:data1\" content=\"2 minutes\" \/>\n<script type=\"application\/ld+json\" class=\"yoast-schema-graph\">{\"@context\":\"https:\\\/\\\/schema.org\",\"@graph\":[{\"@type\":\"WebPage\",\"@id\":\"https:\\\/\\\/repliquemangacine.fr\\\/katana-les-epees-de-films-et-series\\\/casque-maximus-gladiator-casque-avec-pointes\\\/\",\"url\":\"https:\\\/\\\/repliquemangacine.fr\\\/katana-les-epees-de-films-et-series\\\/casque-maximus-gladiator-casque-avec-pointes\\\/\",\"name\":\"Casque Maximus - Casque Gladiator | R\u00e9plique Manga Cin\u00e9\",\"isPartOf\":{\"@id\":\"https:\\\/\\\/repliquemangacine.fr\\\/#website\"},\"primaryImageOfPage\":{\"@id\":\"https:\\\/\\\/repliquemangacine.fr\\\/katana-les-epees-de-films-et-series\\\/casque-maximus-gladiator-casque-avec-pointes\\\/#primaryimage\"},\"image\":{\"@id\":\"https:\\\/\\\/repliquemangacine.fr\\\/katana-les-epees-de-films-et-series\\\/casque-maximus-gladiator-casque-avec-pointes\\\/#primaryimage\"},\"thumbnailUrl\":\"https:\\\/\\\/repliquemangacine.fr\\\/wp-content\\\/uploads\\\/2023\\\/10\\\/1645-Casque-Maximus-Gladiator-Casque-avec-pointes.jpg\",\"datePublished\":\"2016-11-25T16:37:06+00:00\",\"dateModified\":\"2026-04-15T11:06:04+00:00\",\"description\":\"R\u00e9plique en taille r\u00e9elle du Casque Maximus Gladiator au meilleur prix - Tout en acier avec pointes - Coussin de protection - Fonctionnel - Hauteur : 33cm\",\"breadcrumb\":{\"@id\":\"https:\\\/\\\/repliquemangacine.fr\\\/katana-les-epees-de-films-et-series\\\/casque-maximus-gladiator-casque-avec-pointes\\\/#breadcrumb\"},\"inLanguage\":\"en-US\",\"potentialAction\":[{\"@type\":\"ReadAction\",\"target\":[\"https:\\\/\\\/repliquemangacine.fr\\\/katana-les-epees-de-films-et-series\\\/casque-maximus-gladiator-casque-avec-pointes\\\/\"]}]},{\"@type\":\"ImageObject\",\"inLanguage\":\"en-US\",\"@id\":\"https:\\\/\\\/repliquemangacine.fr\\\/katana-les-epees-de-films-et-series\\\/casque-maximus-gladiator-casque-avec-pointes\\\/#primaryimage\",\"url\":\"https:\\\/\\\/repliquemangacine.fr\\\/wp-content\\\/uploads\\\/2023\\\/10\\\/1645-Casque-Maximus-Gladiator-Casque-avec-pointes.jpg\",\"contentUrl\":\"https:\\\/\\\/repliquemangacine.fr\\\/wp-content\\\/uploads\\\/2023\\\/10\\\/1645-Casque-Maximus-Gladiator-Casque-avec-pointes.jpg\",\"width\":600,\"height\":600,\"caption\":\"Casque Maximus Gladiator - Casque avec pointes\"},{\"@type\":\"BreadcrumbList\",\"@id\":\"https:\\\/\\\/repliquemangacine.fr\\\/katana-les-epees-de-films-et-series\\\/casque-maximus-gladiator-casque-avec-pointes\\\/#breadcrumb\",\"itemListElement\":[{\"@type\":\"ListItem\",\"position\":1,\"name\":\"Accueil\",\"item\":\"https:\\\/\\\/repliquemangacine.fr\\\/\"},{\"@type\":\"ListItem\",\"position\":2,\"name\":\"Produits\",\"item\":\"https:\\\/\\\/repliquemangacine.fr\\\/boutique\\\/\"},{\"@type\":\"ListItem\",\"position\":3,\"name\":\"Casque Maximus Gladiator\"}]},{\"@type\":\"WebSite\",\"@id\":\"https:\\\/\\\/repliquemangacine.fr\\\/#website\",\"url\":\"https:\\\/\\\/repliquemangacine.fr\\\/\",\"name\":\"R\u00e9plique Manga Cin\u00e9\",\"description\":\"\",\"publisher\":{\"@id\":\"https:\\\/\\\/repliquemangacine.fr\\\/#organization\"},\"potentialAction\":[{\"@type\":\"SearchAction\",\"target\":{\"@type\":\"EntryPoint\",\"urlTemplate\":\"https:\\\/\\\/repliquemangacine.fr\\\/?s={search_term_string}\"},\"query-input\":{\"@type\":\"PropertyValueSpecification\",\"valueRequired\":true,\"valueName\":\"search_term_string\"}}],\"inLanguage\":\"en-US\"},{\"@type\":\"Organization\",\"@id\":\"https:\\\/\\\/repliquemangacine.fr\\\/#organization\",\"name\":\"R\u00e9plique Manga Cin\u00e9\",\"url\":\"https:\\\/\\\/repliquemangacine.fr\\\/\",\"logo\":{\"@type\":\"ImageObject\",\"inLanguage\":\"en-US\",\"@id\":\"https:\\\/\\\/repliquemangacine.fr\\\/#\\\/schema\\\/logo\\\/image\\\/\",\"url\":\"https:\\\/\\\/repliquemangacine.fr\\\/wp-content\\\/uploads\\\/2023\\\/10\\\/RMC-500250.png\",\"contentUrl\":\"https:\\\/\\\/repliquemangacine.fr\\\/wp-content\\\/uploads\\\/2023\\\/10\\\/RMC-500250.png\",\"width\":500,\"height\":250,\"caption\":\"R\u00e9plique Manga Cin\u00e9\"},\"image\":{\"@id\":\"https:\\\/\\\/repliquemangacine.fr\\\/#\\\/schema\\\/logo\\\/image\\\/\"},\"sameAs\":[\"https:\\\/\\\/www.facebook.com\\\/RepliqueMangaCine\",\"https:\\\/\\\/www.instagram.com\\\/repliquemangacine.fr\\\/\"]}]}<\/script>\n<!-- \/ Yoast SEO plugin. -->","yoast_head_json":{"title":"Maximus Helmet - Gladiator Helmet | R\u00e9plique Manga Cin\u00e9","description":"Full-size replica of the Maximus Gladiator helmet at the best price - All steel with spikes - Protective cushion - Functional - Height: 33cm","robots":{"index":"index","follow":"follow","max-snippet":"max-snippet:-1","max-image-preview":"max-image-preview:large","max-video-preview":"max-video-preview:-1"},"canonical":"https:\/\/repliquemangacine.fr\/en\/katana-swords-from-films-and-series\/maximus-gladiator-helmet-spiked-helmet\/","og_locale":"en_US","og_type":"article","og_title":"Casque Maximus - Casque Gladiator | R\u00e9plique Manga Cin\u00e9","og_description":"R\u00e9plique en taille r\u00e9elle du Casque Maximus Gladiator au meilleur prix - Tout en acier avec pointes - Coussin de protection - Fonctionnel - Hauteur : 33cm","og_url":"https:\/\/repliquemangacine.fr\/en\/katana-swords-from-films-and-series\/maximus-gladiator-helmet-spiked-helmet\/","og_site_name":"R\u00e9plique Manga Cin\u00e9","article_publisher":"https:\/\/www.facebook.com\/RepliqueMangaCine","article_modified_time":"2026-04-15T11:06:04+00:00","og_image":[{"width":600,"height":600,"url":"https:\/\/repliquemangacine.fr\/wp-content\/uploads\/2023\/10\/1645-Casque-Maximus-Gladiator-Casque-avec-pointes.jpg","type":"image\/jpeg"}],"twitter_card":"summary_large_image","twitter_misc":{"Est. reading time":"2 minutes"},"schema":{"@context":"https:\/\/schema.org","@graph":[{"@type":"WebPage","@id":"https:\/\/repliquemangacine.fr\/katana-les-epees-de-films-et-series\/casque-maximus-gladiator-casque-avec-pointes\/","url":"https:\/\/repliquemangacine.fr\/katana-les-epees-de-films-et-series\/casque-maximus-gladiator-casque-avec-pointes\/","name":"Maximus Helmet - Gladiator Helmet | R\u00e9plique Manga Cin\u00e9","isPartOf":{"@id":"https:\/\/repliquemangacine.fr\/#website"},"primaryImageOfPage":{"@id":"https:\/\/repliquemangacine.fr\/katana-les-epees-de-films-et-series\/casque-maximus-gladiator-casque-avec-pointes\/#primaryimage"},"image":{"@id":"https:\/\/repliquemangacine.fr\/katana-les-epees-de-films-et-series\/casque-maximus-gladiator-casque-avec-pointes\/#primaryimage"},"thumbnailUrl":"https:\/\/repliquemangacine.fr\/wp-content\/uploads\/2023\/10\/1645-Casque-Maximus-Gladiator-Casque-avec-pointes.jpg","datePublished":"2016-11-25T16:37:06+00:00","dateModified":"2026-04-15T11:06:04+00:00","description":"Full-size replica of the Maximus Gladiator helmet at the best price - All steel with spikes - Protective cushion - Functional - Height: 33cm","breadcrumb":{"@id":"https:\/\/repliquemangacine.fr\/katana-les-epees-de-films-et-series\/casque-maximus-gladiator-casque-avec-pointes\/#breadcrumb"},"inLanguage":"en-US","potentialAction":[{"@type":"ReadAction","target":["https:\/\/repliquemangacine.fr\/katana-les-epees-de-films-et-series\/casque-maximus-gladiator-casque-avec-pointes\/"]}]},{"@type":"ImageObject","inLanguage":"en-US","@id":"https:\/\/repliquemangacine.fr\/katana-les-epees-de-films-et-series\/casque-maximus-gladiator-casque-avec-pointes\/#primaryimage","url":"https:\/\/repliquemangacine.fr\/wp-content\/uploads\/2023\/10\/1645-Casque-Maximus-Gladiator-Casque-avec-pointes.jpg","contentUrl":"https:\/\/repliquemangacine.fr\/wp-content\/uploads\/2023\/10\/1645-Casque-Maximus-Gladiator-Casque-avec-pointes.jpg","width":600,"height":600,"caption":"Casque Maximus Gladiator - Casque avec pointes"},{"@type":"BreadcrumbList","@id":"https:\/\/repliquemangacine.fr\/katana-les-epees-de-films-et-series\/casque-maximus-gladiator-casque-avec-pointes\/#breadcrumb","itemListElement":[{"@type":"ListItem","position":1,"name":"Accueil","item":"https:\/\/repliquemangacine.fr\/"},{"@type":"ListItem","position":2,"name":"Produits","item":"https:\/\/repliquemangacine.fr\/boutique\/"},{"@type":"ListItem","position":3,"name":"Casque Maximus Gladiator"}]},{"@type":"WebSite","@id":"https:\/\/repliquemangacine.fr\/#website","url":"https:\/\/repliquemangacine.fr\/","name":"R\u00e9plique Manga Cin\u00e9","description":"","publisher":{"@id":"https:\/\/repliquemangacine.fr\/#organization"},"potentialAction":[{"@type":"SearchAction","target":{"@type":"EntryPoint","urlTemplate":"https:\/\/repliquemangacine.fr\/?s={search_term_string}"},"query-input":{"@type":"PropertyValueSpecification","valueRequired":true,"valueName":"search_term_string"}}],"inLanguage":"en-US"},{"@type":"Organization","@id":"https:\/\/repliquemangacine.fr\/#organization","name":"R\u00e9plique Manga Cin\u00e9","url":"https:\/\/repliquemangacine.fr\/","logo":{"@type":"ImageObject","inLanguage":"en-US","@id":"https:\/\/repliquemangacine.fr\/#\/schema\/logo\/image\/","url":"https:\/\/repliquemangacine.fr\/wp-content\/uploads\/2023\/10\/RMC-500250.png","contentUrl":"https:\/\/repliquemangacine.fr\/wp-content\/uploads\/2023\/10\/RMC-500250.png","width":500,"height":250,"caption":"R\u00e9plique Manga Cin\u00e9"},"image":{"@id":"https:\/\/repliquemangacine.fr\/#\/schema\/logo\/image\/"},"sameAs":["https:\/\/www.facebook.com\/RepliqueMangaCine","https:\/\/www.instagram.com\/repliquemangacine.fr\/"]}]}},"_links":{"self":[{"href":"https:\/\/repliquemangacine.fr\/en\/wp-json\/wp\/v2\/product\/26480","targetHints":{"allow":["GET"]}}],"collection":[{"href":"https:\/\/repliquemangacine.fr\/en\/wp-json\/wp\/v2\/product"}],"about":[{"href":"https:\/\/repliquemangacine.fr\/en\/wp-json\/wp\/v2\/types\/product"}],"wp:featuredmedia":[{"embeddable":true,"href":"https:\/\/repliquemangacine.fr\/en\/wp-json\/wp\/v2\/media\/26481"}],"wp:attachment":[{"href":"https:\/\/repliquemangacine.fr\/en\/wp-json\/wp\/v2\/media?parent=26480"}],"wp:term":[{"taxonomy":"product_brand","embeddable":true,"href":"https:\/\/repliquemangacine.fr\/en\/wp-json\/wp\/v2\/product_brand?post=26480"},{"taxonomy":"product_cat","embeddable":true,"href":"https:\/\/repliquemangacine.fr\/en\/wp-json\/wp\/v2\/product_cat?post=26480"},{"taxonomy":"product_tag","embeddable":true,"href":"https:\/\/repliquemangacine.fr\/en\/wp-json\/wp\/v2\/product_tag?post=26480"}],"curies":[{"name":"wp","href":"https:\/\/api.w.org\/{rel}","templated":true}]}}