





{"id":26472,"date":"2016-11-25T16:50:07","date_gmt":"2016-11-25T15:50:07","guid":{"rendered":"https:\/\/repliquemangacine.fr\/?post_type=product&#038;p=26472"},"modified":"2026-02-24T15:27:23","modified_gmt":"2026-02-24T14:27:23","slug":"armet-english-armor-helmet","status":"publish","type":"product","link":"https:\/\/repliquemangacine.fr\/en\/heaume-casque-chevalier-templier\/armet-casque-d-armure-anglaise\/","title":{"rendered":"Armet English helmet"},"content":{"rendered":"<h2>Armet helmet<\/h2>\n<p>To begin with, the<strong>Armet helmet<\/strong>, a type of helmet developed in the 15\u1d49 century.<\/p>\n<p>To protect his head, the knight hid it more or less under a helmet, the heaume. At first, the helmet was conical, with a nasal bridge to protect the nose. Later, the helmet increasingly enveloped the head, and by 1200 it covered the entire head. Apertures at eye level allow the wearer to see, and are held in place with a strap.<\/p>\n<p>It has the distinction of being the first helmet of its time to completely enclose the head, yet be compact and light enough to move with the wearer.<\/p>\n<h2>Your Armet helmet at the best price.<\/h2>\n<p>We offer a wide selection of medieval swords and accessories.<\/p>\n<p>First and foremost,<\/p>\n<ul>\n<li>L'<a href=\"https:\/\/repliquemangacine.fr\/en\/medieval-templar-sword\/epee-fleur-de-lys-saint-louis\/\">Fleur de lys sword<\/a> de saint louis manufactured by <a href=\"https:\/\/www.denix.fr\/\" target=\"_blank\" rel=\"noopener noreferrer\">Denix<\/a>.<\/li>\n<li>As well as the <a href=\"https:\/\/repliquemangacine.fr\/en\/historical-weapons\/hache-de-combat-de-l-infanterie-francaise\/\">infantry axe,<\/a> this battle-axe has two cutting edges.<\/li>\n<li>There is also the <a href=\"https:\/\/repliquemangacine.fr\/en\/medieval-dagger\/dague-de-franc-macon\/\">Freemasons' dagger<\/a> with their motto<\/li>\n<li>And much more to discover in our online store!<\/li>\n<\/ul>\n<p>A great gift idea for all lovers of historic weapons.<\/p>\n<p>In conclusion, you can use this <strong>Armet helmet<\/strong> for your historical re-enactments. But above all, this weapon is a collector's item and a decoration.<\/p>\n<h2>How are your collectors' items made?<\/h2>\n<p>To begin with, all our derived products are of the highest quality, manufactured with meticulous attention to detail. In fact, some of the manufacturing is done by hand, to reproduce even the smallest detail. More important parts are machined by precise machines. Engravings are generally made with a diamond tip or laser.<\/p>\n<p>Your <strong>Armet helmet<\/strong> manufactured to reproduce every detail exactly. To match the heritage of the original masterpieces. The emphasis is on creating high-quality replicas that are as historically accurate as possible.<\/p>\n<p>In conclusion, imported from China, Spain or India, our replicas will amaze you!<\/p>\n<p>R\u00e9plique Manga Cin\u00e9 is a French family business.<\/p>","protected":false},"excerpt":{"rendered":"<p>Deepeeka English closed helmet<\/p>\n<ul>\n<li>Handcrafted in polished steel<\/li>\n<li>Adjustable leather lining.<\/li>\n<li>Fully functional.<\/li>\n<li>Steel thickness 1.5mm.<\/li>\n<li>Inside front to back: 22 cm - Inside ear to ear: 20 cm - Height: 39 cm<\/li>\n<\/ul>","protected":false},"featured_media":26473,"template":"","meta":[],"product_brand":[896],"product_cat":[25,89,43],"product_tag":[],"class_list":{"0":"post-26472","1":"product","2":"type-product","3":"status-publish","4":"has-post-thumbnail","6":"product_brand-replique-manga-cine","7":"product_cat-armes-historiques","8":"product_cat-heaume-casque-chevalier-templier","9":"product_cat-reproductions-d-armes-et-accessoires-medievales","11":"first","12":"outofstock","13":"taxable","14":"shipping-taxable","15":"purchasable","16":"product-type-simple"},"yoast_head":"<!-- This site is optimized with the Yoast SEO plugin v27.5 - https:\/\/yoast.com\/product\/yoast-seo-wordpress\/ -->\n<title>Armet casque d&#039;armure anglaise - Vente heaume m\u00e9di\u00e9val |RMC<\/title>\n<meta name=\"description\" content=\"D\u00e9couvrez ! Cet Armet casque d&#039;armure anglaise au meilleur prix - Fabriqu\u00e9 \u00e0 la main - Acier poli - Fonctionnel - \u00c9paisseur acier 1.5mm - Doublure cuir\" \/>\n<meta name=\"robots\" content=\"index, follow, max-snippet:-1, max-image-preview:large, max-video-preview:-1\" \/>\n<link rel=\"canonical\" href=\"https:\/\/repliquemangacine.fr\/en\/helmet-helmet-knight-templar\/armet-english-armor-helmet\/\" \/>\n<meta property=\"og:locale\" content=\"en_US\" \/>\n<meta property=\"og:type\" content=\"article\" \/>\n<meta property=\"og:title\" content=\"Armet casque d&#039;armure anglaise - Vente heaume m\u00e9di\u00e9val |RMC\" \/>\n<meta property=\"og:description\" content=\"D\u00e9couvrez ! Cet Armet casque d&#039;armure anglaise au meilleur prix - Fabriqu\u00e9 \u00e0 la main - Acier poli - Fonctionnel - \u00c9paisseur acier 1.5mm - Doublure cuir\" \/>\n<meta property=\"og:url\" content=\"https:\/\/repliquemangacine.fr\/en\/helmet-helmet-knight-templar\/armet-english-armor-helmet\/\" \/>\n<meta property=\"og:site_name\" content=\"R\u00e9plique Manga Cin\u00e9\" \/>\n<meta property=\"article:publisher\" content=\"https:\/\/www.facebook.com\/RepliqueMangaCine\" \/>\n<meta property=\"article:modified_time\" content=\"2026-02-24T14:27:23+00:00\" \/>\n<meta property=\"og:image\" content=\"https:\/\/repliquemangacine.fr\/wp-content\/uploads\/2023\/10\/1642-Armet-Anglais-Casque-dArmure.jpg\" \/>\n\t<meta property=\"og:image:width\" content=\"600\" \/>\n\t<meta property=\"og:image:height\" content=\"600\" \/>\n\t<meta property=\"og:image:type\" content=\"image\/jpeg\" \/>\n<meta name=\"twitter:card\" content=\"summary_large_image\" \/>\n<meta name=\"twitter:label1\" content=\"Est. reading time\" \/>\n\t<meta name=\"twitter:data1\" content=\"2 minutes\" \/>\n<script type=\"application\/ld+json\" class=\"yoast-schema-graph\">{\"@context\":\"https:\\\/\\\/schema.org\",\"@graph\":[{\"@type\":\"WebPage\",\"@id\":\"https:\\\/\\\/repliquemangacine.fr\\\/de\\\/helm-helm-ritter-templer\\\/armet-helm-einer-englischen-rustung\\\/\",\"url\":\"https:\\\/\\\/repliquemangacine.fr\\\/de\\\/helm-helm-ritter-templer\\\/armet-helm-einer-englischen-rustung\\\/\",\"name\":\"Armet casque d'armure anglaise - Vente heaume m\u00e9di\u00e9val |RMC\",\"isPartOf\":{\"@id\":\"https:\\\/\\\/repliquemangacine.fr\\\/#website\"},\"primaryImageOfPage\":{\"@id\":\"https:\\\/\\\/repliquemangacine.fr\\\/de\\\/helm-helm-ritter-templer\\\/armet-helm-einer-englischen-rustung\\\/#primaryimage\"},\"image\":{\"@id\":\"https:\\\/\\\/repliquemangacine.fr\\\/de\\\/helm-helm-ritter-templer\\\/armet-helm-einer-englischen-rustung\\\/#primaryimage\"},\"thumbnailUrl\":\"https:\\\/\\\/repliquemangacine.fr\\\/wp-content\\\/uploads\\\/2023\\\/10\\\/1642-Armet-Anglais-Casque-dArmure.jpg\",\"datePublished\":\"2016-11-25T15:50:07+00:00\",\"dateModified\":\"2026-02-24T14:27:23+00:00\",\"description\":\"D\u00e9couvrez ! Cet Armet casque d'armure anglaise au meilleur prix - Fabriqu\u00e9 \u00e0 la main - Acier poli - Fonctionnel - \u00c9paisseur acier 1.5mm - Doublure cuir\",\"breadcrumb\":{\"@id\":\"https:\\\/\\\/repliquemangacine.fr\\\/de\\\/helm-helm-ritter-templer\\\/armet-helm-einer-englischen-rustung\\\/#breadcrumb\"},\"inLanguage\":\"en-US\",\"potentialAction\":[{\"@type\":\"ReadAction\",\"target\":[\"https:\\\/\\\/repliquemangacine.fr\\\/de\\\/helm-helm-ritter-templer\\\/armet-helm-einer-englischen-rustung\\\/\"]}]},{\"@type\":\"ImageObject\",\"inLanguage\":\"en-US\",\"@id\":\"https:\\\/\\\/repliquemangacine.fr\\\/de\\\/helm-helm-ritter-templer\\\/armet-helm-einer-englischen-rustung\\\/#primaryimage\",\"url\":\"https:\\\/\\\/repliquemangacine.fr\\\/wp-content\\\/uploads\\\/2023\\\/10\\\/1642-Armet-Anglais-Casque-dArmure.jpg\",\"contentUrl\":\"https:\\\/\\\/repliquemangacine.fr\\\/wp-content\\\/uploads\\\/2023\\\/10\\\/1642-Armet-Anglais-Casque-dArmure.jpg\",\"width\":600,\"height\":600,\"caption\":\"Armet Anglais - Casque d'Armure\"},{\"@type\":\"BreadcrumbList\",\"@id\":\"https:\\\/\\\/repliquemangacine.fr\\\/de\\\/helm-helm-ritter-templer\\\/armet-helm-einer-englischen-rustung\\\/#breadcrumb\",\"itemListElement\":[{\"@type\":\"ListItem\",\"position\":1,\"name\":\"Accueil\",\"item\":\"https:\\\/\\\/repliquemangacine.fr\\\/\"},{\"@type\":\"ListItem\",\"position\":2,\"name\":\"Produits\",\"item\":\"https:\\\/\\\/repliquemangacine.fr\\\/boutique\\\/\"},{\"@type\":\"ListItem\",\"position\":3,\"name\":\"Armet Casque d&#8217;Armure anglais\"}]},{\"@type\":\"WebSite\",\"@id\":\"https:\\\/\\\/repliquemangacine.fr\\\/#website\",\"url\":\"https:\\\/\\\/repliquemangacine.fr\\\/\",\"name\":\"R\u00e9plique Manga Cin\u00e9\",\"description\":\"\",\"publisher\":{\"@id\":\"https:\\\/\\\/repliquemangacine.fr\\\/#organization\"},\"potentialAction\":[{\"@type\":\"SearchAction\",\"target\":{\"@type\":\"EntryPoint\",\"urlTemplate\":\"https:\\\/\\\/repliquemangacine.fr\\\/?s={search_term_string}\"},\"query-input\":{\"@type\":\"PropertyValueSpecification\",\"valueRequired\":true,\"valueName\":\"search_term_string\"}}],\"inLanguage\":\"en-US\"},{\"@type\":\"Organization\",\"@id\":\"https:\\\/\\\/repliquemangacine.fr\\\/#organization\",\"name\":\"R\u00e9plique Manga Cin\u00e9\",\"url\":\"https:\\\/\\\/repliquemangacine.fr\\\/\",\"logo\":{\"@type\":\"ImageObject\",\"inLanguage\":\"en-US\",\"@id\":\"https:\\\/\\\/repliquemangacine.fr\\\/#\\\/schema\\\/logo\\\/image\\\/\",\"url\":\"https:\\\/\\\/repliquemangacine.fr\\\/wp-content\\\/uploads\\\/2023\\\/10\\\/RMC-500250.png\",\"contentUrl\":\"https:\\\/\\\/repliquemangacine.fr\\\/wp-content\\\/uploads\\\/2023\\\/10\\\/RMC-500250.png\",\"width\":500,\"height\":250,\"caption\":\"R\u00e9plique Manga Cin\u00e9\"},\"image\":{\"@id\":\"https:\\\/\\\/repliquemangacine.fr\\\/#\\\/schema\\\/logo\\\/image\\\/\"},\"sameAs\":[\"https:\\\/\\\/www.facebook.com\\\/RepliqueMangaCine\",\"https:\\\/\\\/www.instagram.com\\\/repliquemangacine.fr\\\/\"]}]}<\/script>\n<!-- \/ Yoast SEO plugin. -->","yoast_head_json":{"title":"Armet helmet of English armor - Medieval helmet for sale |RMC","description":"Check it out! This Armet English armor helmet at the best price - Handcrafted - Polished steel - Functional - Steel thickness 1.5mm - Leather lining","robots":{"index":"index","follow":"follow","max-snippet":"max-snippet:-1","max-image-preview":"max-image-preview:large","max-video-preview":"max-video-preview:-1"},"canonical":"https:\/\/repliquemangacine.fr\/en\/helmet-helmet-knight-templar\/armet-english-armor-helmet\/","og_locale":"en_US","og_type":"article","og_title":"Armet casque d'armure anglaise - Vente heaume m\u00e9di\u00e9val |RMC","og_description":"D\u00e9couvrez ! Cet Armet casque d'armure anglaise au meilleur prix - Fabriqu\u00e9 \u00e0 la main - Acier poli - Fonctionnel - \u00c9paisseur acier 1.5mm - Doublure cuir","og_url":"https:\/\/repliquemangacine.fr\/en\/helmet-helmet-knight-templar\/armet-english-armor-helmet\/","og_site_name":"R\u00e9plique Manga Cin\u00e9","article_publisher":"https:\/\/www.facebook.com\/RepliqueMangaCine","article_modified_time":"2026-02-24T14:27:23+00:00","og_image":[{"width":600,"height":600,"url":"https:\/\/repliquemangacine.fr\/wp-content\/uploads\/2023\/10\/1642-Armet-Anglais-Casque-dArmure.jpg","type":"image\/jpeg"}],"twitter_card":"summary_large_image","twitter_misc":{"Est. reading time":"2 minutes"},"schema":{"@context":"https:\/\/schema.org","@graph":[{"@type":"WebPage","@id":"https:\/\/repliquemangacine.fr\/de\/helm-helm-ritter-templer\/armet-helm-einer-englischen-rustung\/","url":"https:\/\/repliquemangacine.fr\/de\/helm-helm-ritter-templer\/armet-helm-einer-englischen-rustung\/","name":"Armet helmet of English armor - Medieval helmet for sale |RMC","isPartOf":{"@id":"https:\/\/repliquemangacine.fr\/#website"},"primaryImageOfPage":{"@id":"https:\/\/repliquemangacine.fr\/de\/helm-helm-ritter-templer\/armet-helm-einer-englischen-rustung\/#primaryimage"},"image":{"@id":"https:\/\/repliquemangacine.fr\/de\/helm-helm-ritter-templer\/armet-helm-einer-englischen-rustung\/#primaryimage"},"thumbnailUrl":"https:\/\/repliquemangacine.fr\/wp-content\/uploads\/2023\/10\/1642-Armet-Anglais-Casque-dArmure.jpg","datePublished":"2016-11-25T15:50:07+00:00","dateModified":"2026-02-24T14:27:23+00:00","description":"Check it out! This Armet English armor helmet at the best price - Handcrafted - Polished steel - Functional - Steel thickness 1.5mm - Leather lining","breadcrumb":{"@id":"https:\/\/repliquemangacine.fr\/de\/helm-helm-ritter-templer\/armet-helm-einer-englischen-rustung\/#breadcrumb"},"inLanguage":"en-US","potentialAction":[{"@type":"ReadAction","target":["https:\/\/repliquemangacine.fr\/de\/helm-helm-ritter-templer\/armet-helm-einer-englischen-rustung\/"]}]},{"@type":"ImageObject","inLanguage":"en-US","@id":"https:\/\/repliquemangacine.fr\/de\/helm-helm-ritter-templer\/armet-helm-einer-englischen-rustung\/#primaryimage","url":"https:\/\/repliquemangacine.fr\/wp-content\/uploads\/2023\/10\/1642-Armet-Anglais-Casque-dArmure.jpg","contentUrl":"https:\/\/repliquemangacine.fr\/wp-content\/uploads\/2023\/10\/1642-Armet-Anglais-Casque-dArmure.jpg","width":600,"height":600,"caption":"Armet Anglais - Casque d'Armure"},{"@type":"BreadcrumbList","@id":"https:\/\/repliquemangacine.fr\/de\/helm-helm-ritter-templer\/armet-helm-einer-englischen-rustung\/#breadcrumb","itemListElement":[{"@type":"ListItem","position":1,"name":"Accueil","item":"https:\/\/repliquemangacine.fr\/"},{"@type":"ListItem","position":2,"name":"Produits","item":"https:\/\/repliquemangacine.fr\/boutique\/"},{"@type":"ListItem","position":3,"name":"Armet Casque d&#8217;Armure anglais"}]},{"@type":"WebSite","@id":"https:\/\/repliquemangacine.fr\/#website","url":"https:\/\/repliquemangacine.fr\/","name":"R\u00e9plique Manga Cin\u00e9","description":"","publisher":{"@id":"https:\/\/repliquemangacine.fr\/#organization"},"potentialAction":[{"@type":"SearchAction","target":{"@type":"EntryPoint","urlTemplate":"https:\/\/repliquemangacine.fr\/?s={search_term_string}"},"query-input":{"@type":"PropertyValueSpecification","valueRequired":true,"valueName":"search_term_string"}}],"inLanguage":"en-US"},{"@type":"Organization","@id":"https:\/\/repliquemangacine.fr\/#organization","name":"R\u00e9plique Manga Cin\u00e9","url":"https:\/\/repliquemangacine.fr\/","logo":{"@type":"ImageObject","inLanguage":"en-US","@id":"https:\/\/repliquemangacine.fr\/#\/schema\/logo\/image\/","url":"https:\/\/repliquemangacine.fr\/wp-content\/uploads\/2023\/10\/RMC-500250.png","contentUrl":"https:\/\/repliquemangacine.fr\/wp-content\/uploads\/2023\/10\/RMC-500250.png","width":500,"height":250,"caption":"R\u00e9plique Manga Cin\u00e9"},"image":{"@id":"https:\/\/repliquemangacine.fr\/#\/schema\/logo\/image\/"},"sameAs":["https:\/\/www.facebook.com\/RepliqueMangaCine","https:\/\/www.instagram.com\/repliquemangacine.fr\/"]}]}},"_links":{"self":[{"href":"https:\/\/repliquemangacine.fr\/en\/wp-json\/wp\/v2\/product\/26472","targetHints":{"allow":["GET"]}}],"collection":[{"href":"https:\/\/repliquemangacine.fr\/en\/wp-json\/wp\/v2\/product"}],"about":[{"href":"https:\/\/repliquemangacine.fr\/en\/wp-json\/wp\/v2\/types\/product"}],"wp:featuredmedia":[{"embeddable":true,"href":"https:\/\/repliquemangacine.fr\/en\/wp-json\/wp\/v2\/media\/26473"}],"wp:attachment":[{"href":"https:\/\/repliquemangacine.fr\/en\/wp-json\/wp\/v2\/media?parent=26472"}],"wp:term":[{"taxonomy":"product_brand","embeddable":true,"href":"https:\/\/repliquemangacine.fr\/en\/wp-json\/wp\/v2\/product_brand?post=26472"},{"taxonomy":"product_cat","embeddable":true,"href":"https:\/\/repliquemangacine.fr\/en\/wp-json\/wp\/v2\/product_cat?post=26472"},{"taxonomy":"product_tag","embeddable":true,"href":"https:\/\/repliquemangacine.fr\/en\/wp-json\/wp\/v2\/product_tag?post=26472"}],"curies":[{"name":"wp","href":"https:\/\/api.w.org\/{rel}","templated":true}]}}