





{"id":26364,"date":"2016-11-18T19:28:06","date_gmt":"2016-11-18T18:28:06","guid":{"rendered":"https:\/\/repliquemangacine.fr\/?post_type=product&#038;p=26364"},"modified":"2025-12-18T15:57:49","modified_gmt":"2025-12-18T14:57:49","slug":"luger-p08-parabellum","status":"publish","type":"product","link":"https:\/\/repliquemangacine.fr\/en\/reproductions-armes-seconde-guerre-mondiale-denix\/luger-p08-parabellum\/","title":{"rendered":"Luger P08 Parabellum"},"content":{"rendered":"<h2>Luger P08 Parabellum pistol - Denix<\/h2>\n<p>To begin with, the <strong>Luger P08 Parabellum<\/strong> used during the First and Second World Wars. Signed reproduction <a href=\"https:\/\/www.denix.fr\/fr\/accueil-fr\/\" target=\"_blank\" rel=\"noopener noreferrer\">Denix<\/a>.<\/p>\n<p>Parabellum offers undeniable advantages for a weapon of war:<\/p>\n<ul>\n<li>Magazine capacity 8 cartridges.<\/li>\n<li>Rapid fire and reloading.<\/li>\n<li>Faster 7.65 mm caliber too.<\/li>\n<li>The longer line of sight.<\/li>\n<\/ul>\n<p>George Luger presents his weapon to all the capitals of the Western world. The 1900 parabellum is tested in the USA, Bulgaria, Sweden, Austria, Spain... It is put into service in several countries as a regulation weapon, including Germany, Switzerland... In France, it is used by the Gendarmes, the Army and the Paris Police Prefecture between 1945 and 1955.<\/p>\n<p>Became a collector's item in the 1950s.<\/p>\n<h2>Your Luger P08 Parabellum at the best price.<\/h2>\n<p>We offer you all reproductions of Denix weapons from the Second World War.<\/p>\n<p>First and foremost,<\/p>\n<ul>\n<li>Visit <a href=\"https:\/\/repliquemangacine.fr\/en\/darmes-reproductions\/pistolet-browning-hi-power-gp35-belgique-1935\/\">Browning Hi-Power GP35<\/a> is one of the most widely used military pistols in history.<\/li>\n<li>Next, the Mauser C96, nicknamed <a href=\"https:\/\/repliquemangacine.fr\/en\/darmes-reproductions\/pistolet-mauser-c96-germany-1896\/\">Broomhandle<\/a> by American collectors because of its distinctive stock profile.<\/li>\n<li>There is also Le <a href=\"https:\/\/repliquemangacine.fr\/en\/darmes-reproductions\/pistolet-walther-ppk-calibre-765-2\/\">PPK gun<\/a> Used by the army during the Second World War. Immortalized by James Bond.<\/li>\n<li>As well as all the rifles...<\/li>\n<\/ul>\n<p>So here's what you need to add to your collection of weapons of war.<\/p>\n<p>In conclusion, you can use the gun <strong>Luger P08 Parabellum<\/strong> for your historical re-enactments. But above all, it's a collector's and decorative weapon.<\/p>\n<h2>How are Denix replica weapons made?<\/h2>\n<p>Used in historical re-enactments, films, TV series and by collectors. Denix gun reproductions, made from high-quality materials. Carefully crafted and assembled to create realistic collector's weapons.<\/p>\n<ul>\n<li>The metals are in a metal alloy known as Zamac, whose basic composition is zinc in 95%.<\/li>\n<li>The plastic parts of the replicas are made of molded ABS, offering high resistance.<\/li>\n<li>Wood chosen for its beauty and durability, such as mahogany, olive or walnut, will give your butts and barrels an elegant, authentic appearance.<\/li>\n<\/ul>\n<p>Please note that all Denix reproductions are identical to the originals, like your <strong>Luger P08 Parabellum<\/strong>.<\/p>","protected":false},"excerpt":{"rendered":"<p>Identical to the original, this reproduction of the 1898 Luger P08 parabellum.<\/p>\n<ul>\n<li>Zamac frame.<\/li>\n<li>ABS stock plates.<\/li>\n<li>Removable charger.<\/li>\n<li>Guns and strikes, but <strong>totally unfit for shooting.<\/strong><\/li>\n<li>No authorization required. Free sale and possession.<\/li>\n<li>Dimensions: 25.5 cm -Weight: 980 grams<\/li>\n<\/ul>\n<p><iframe src=\"https:\/\/www.youtube.com\/embed\/vbRZAgxjpgA\" width=\"370\" height=\"208\" frameborder=\"0\"><\/iframe><\/p>","protected":false},"featured_media":26365,"template":"","meta":[],"product_brand":[896],"product_cat":[25,102,54,40,28,76],"product_tag":[],"class_list":{"0":"post-26364","1":"product","2":"type-product","3":"status-publish","4":"has-post-thumbnail","6":"product_brand-replique-manga-cine","7":"product_cat-armes-historiques","8":"product_cat-denix","9":"product_cat-armes-accessoires-guerre-mondiale","10":"product_cat-pistolet-moderne","11":"product_cat-repliques-darmes","12":"product_cat-reproductions-armes-seconde-guerre-mondiale-denix","14":"first","15":"instock","16":"sale","17":"taxable","18":"shipping-taxable","19":"purchasable","20":"product-type-simple"},"yoast_head":"<!-- This site is optimized with the Yoast SEO plugin v27.4 - https:\/\/yoast.com\/product\/yoast-seo-wordpress\/ -->\n<title>Luger P08 Parabellum - Boutique en ligne | R\u00e9plique Manga Cin\u00e9<\/title>\n<meta name=\"description\" content=\"Offre-lui ! Le pistolet Luger P08 Parabellum au meilleur prix - Tout en Zamac - M\u00e9canisme fonctionnel - Inapte au tir - Chargeur amovible - 25.5 cm\" \/>\n<meta name=\"robots\" content=\"index, follow, max-snippet:-1, max-image-preview:large, max-video-preview:-1\" \/>\n<link rel=\"canonical\" href=\"https:\/\/repliquemangacine.fr\/en\/denix\/luger-p08-parabellum\/\" \/>\n<meta property=\"og:locale\" content=\"en_US\" \/>\n<meta property=\"og:type\" content=\"article\" \/>\n<meta property=\"og:title\" content=\"Luger P08 Parabellum - Boutique en ligne | R\u00e9plique Manga Cin\u00e9\" \/>\n<meta property=\"og:description\" content=\"Offre-lui ! Le pistolet Luger P08 Parabellum au meilleur prix - Tout en Zamac - M\u00e9canisme fonctionnel - Inapte au tir - Chargeur amovible - 25.5 cm\" \/>\n<meta property=\"og:url\" content=\"https:\/\/repliquemangacine.fr\/en\/denix\/luger-p08-parabellum\/\" \/>\n<meta property=\"og:site_name\" content=\"R\u00e9plique Manga Cin\u00e9\" \/>\n<meta property=\"article:publisher\" content=\"https:\/\/www.facebook.com\/RepliqueMangaCine\" \/>\n<meta property=\"article:modified_time\" content=\"2025-12-18T14:57:49+00:00\" \/>\n<meta property=\"og:image\" content=\"https:\/\/repliquemangacine.fr\/wp-content\/uploads\/2023\/10\/1044-Replique-Pistolet-Luger-P08-Parabellum.jpg\" \/>\n\t<meta property=\"og:image:width\" content=\"800\" \/>\n\t<meta property=\"og:image:height\" content=\"800\" \/>\n\t<meta property=\"og:image:type\" content=\"image\/jpeg\" \/>\n<meta name=\"twitter:card\" content=\"summary_large_image\" \/>\n<meta name=\"twitter:label1\" content=\"Est. reading time\" \/>\n\t<meta name=\"twitter:data1\" content=\"1 minute\" \/>\n<script type=\"application\/ld+json\" class=\"yoast-schema-graph\">{\"@context\":\"https:\\\/\\\/schema.org\",\"@graph\":[{\"@type\":\"WebPage\",\"@id\":\"https:\\\/\\\/repliquemangacine.fr\\\/denix\\\/luger-p08-parabellum\\\/\",\"url\":\"https:\\\/\\\/repliquemangacine.fr\\\/denix\\\/luger-p08-parabellum\\\/\",\"name\":\"Luger P08 Parabellum - Boutique en ligne | R\u00e9plique Manga Cin\u00e9\",\"isPartOf\":{\"@id\":\"https:\\\/\\\/repliquemangacine.fr\\\/#website\"},\"primaryImageOfPage\":{\"@id\":\"https:\\\/\\\/repliquemangacine.fr\\\/denix\\\/luger-p08-parabellum\\\/#primaryimage\"},\"image\":{\"@id\":\"https:\\\/\\\/repliquemangacine.fr\\\/denix\\\/luger-p08-parabellum\\\/#primaryimage\"},\"thumbnailUrl\":\"https:\\\/\\\/repliquemangacine.fr\\\/wp-content\\\/uploads\\\/2023\\\/10\\\/1044-Replique-Pistolet-Luger-P08-Parabellum.jpg\",\"datePublished\":\"2016-11-18T18:28:06+00:00\",\"dateModified\":\"2025-12-18T14:57:49+00:00\",\"description\":\"Offre-lui ! Le pistolet Luger P08 Parabellum au meilleur prix - Tout en Zamac - M\u00e9canisme fonctionnel - Inapte au tir - Chargeur amovible - 25.5 cm\",\"breadcrumb\":{\"@id\":\"https:\\\/\\\/repliquemangacine.fr\\\/denix\\\/luger-p08-parabellum\\\/#breadcrumb\"},\"inLanguage\":\"en-US\",\"potentialAction\":[{\"@type\":\"ReadAction\",\"target\":[\"https:\\\/\\\/repliquemangacine.fr\\\/denix\\\/luger-p08-parabellum\\\/\"]}]},{\"@type\":\"ImageObject\",\"inLanguage\":\"en-US\",\"@id\":\"https:\\\/\\\/repliquemangacine.fr\\\/denix\\\/luger-p08-parabellum\\\/#primaryimage\",\"url\":\"https:\\\/\\\/repliquemangacine.fr\\\/wp-content\\\/uploads\\\/2023\\\/10\\\/1044-Replique-Pistolet-Luger-P08-Parabellum.jpg\",\"contentUrl\":\"https:\\\/\\\/repliquemangacine.fr\\\/wp-content\\\/uploads\\\/2023\\\/10\\\/1044-Replique-Pistolet-Luger-P08-Parabellum.jpg\",\"width\":800,\"height\":800,\"caption\":\"R\u00e9plique Pistolet Luger P08 Parabellum\"},{\"@type\":\"BreadcrumbList\",\"@id\":\"https:\\\/\\\/repliquemangacine.fr\\\/denix\\\/luger-p08-parabellum\\\/#breadcrumb\",\"itemListElement\":[{\"@type\":\"ListItem\",\"position\":1,\"name\":\"Accueil\",\"item\":\"https:\\\/\\\/repliquemangacine.fr\\\/\"},{\"@type\":\"ListItem\",\"position\":2,\"name\":\"Produits\",\"item\":\"https:\\\/\\\/repliquemangacine.fr\\\/boutique\\\/\"},{\"@type\":\"ListItem\",\"position\":3,\"name\":\"Luger P08 Parabellum\"}]},{\"@type\":\"WebSite\",\"@id\":\"https:\\\/\\\/repliquemangacine.fr\\\/#website\",\"url\":\"https:\\\/\\\/repliquemangacine.fr\\\/\",\"name\":\"R\u00e9plique Manga Cin\u00e9\",\"description\":\"\",\"publisher\":{\"@id\":\"https:\\\/\\\/repliquemangacine.fr\\\/#organization\"},\"potentialAction\":[{\"@type\":\"SearchAction\",\"target\":{\"@type\":\"EntryPoint\",\"urlTemplate\":\"https:\\\/\\\/repliquemangacine.fr\\\/?s={search_term_string}\"},\"query-input\":{\"@type\":\"PropertyValueSpecification\",\"valueRequired\":true,\"valueName\":\"search_term_string\"}}],\"inLanguage\":\"en-US\"},{\"@type\":\"Organization\",\"@id\":\"https:\\\/\\\/repliquemangacine.fr\\\/#organization\",\"name\":\"R\u00e9plique Manga Cin\u00e9\",\"url\":\"https:\\\/\\\/repliquemangacine.fr\\\/\",\"logo\":{\"@type\":\"ImageObject\",\"inLanguage\":\"en-US\",\"@id\":\"https:\\\/\\\/repliquemangacine.fr\\\/#\\\/schema\\\/logo\\\/image\\\/\",\"url\":\"https:\\\/\\\/repliquemangacine.fr\\\/wp-content\\\/uploads\\\/2023\\\/10\\\/RMC-500250.png\",\"contentUrl\":\"https:\\\/\\\/repliquemangacine.fr\\\/wp-content\\\/uploads\\\/2023\\\/10\\\/RMC-500250.png\",\"width\":500,\"height\":250,\"caption\":\"R\u00e9plique Manga Cin\u00e9\"},\"image\":{\"@id\":\"https:\\\/\\\/repliquemangacine.fr\\\/#\\\/schema\\\/logo\\\/image\\\/\"},\"sameAs\":[\"https:\\\/\\\/www.facebook.com\\\/RepliqueMangaCine\",\"https:\\\/\\\/www.instagram.com\\\/repliquemangacine.fr\\\/\"]}]}<\/script>\n<!-- \/ Yoast SEO plugin. -->","yoast_head_json":{"title":"Luger P08 Parabellum - Online Shop | R\u00e9plique Manga Cin\u00e9","description":"Give it away! The Luger P08 Parabellum pistol at the best price - All Zamac - Functional mechanism - Non-shooting - Removable magazine - 25.5 cm","robots":{"index":"index","follow":"follow","max-snippet":"max-snippet:-1","max-image-preview":"max-image-preview:large","max-video-preview":"max-video-preview:-1"},"canonical":"https:\/\/repliquemangacine.fr\/en\/denix\/luger-p08-parabellum\/","og_locale":"en_US","og_type":"article","og_title":"Luger P08 Parabellum - Boutique en ligne | R\u00e9plique Manga Cin\u00e9","og_description":"Offre-lui ! Le pistolet Luger P08 Parabellum au meilleur prix - Tout en Zamac - M\u00e9canisme fonctionnel - Inapte au tir - Chargeur amovible - 25.5 cm","og_url":"https:\/\/repliquemangacine.fr\/en\/denix\/luger-p08-parabellum\/","og_site_name":"R\u00e9plique Manga Cin\u00e9","article_publisher":"https:\/\/www.facebook.com\/RepliqueMangaCine","article_modified_time":"2025-12-18T14:57:49+00:00","og_image":[{"width":800,"height":800,"url":"https:\/\/repliquemangacine.fr\/wp-content\/uploads\/2023\/10\/1044-Replique-Pistolet-Luger-P08-Parabellum.jpg","type":"image\/jpeg"}],"twitter_card":"summary_large_image","twitter_misc":{"Est. reading time":"1 minute"},"schema":{"@context":"https:\/\/schema.org","@graph":[{"@type":"WebPage","@id":"https:\/\/repliquemangacine.fr\/denix\/luger-p08-parabellum\/","url":"https:\/\/repliquemangacine.fr\/denix\/luger-p08-parabellum\/","name":"Luger P08 Parabellum - Online Shop | R\u00e9plique Manga Cin\u00e9","isPartOf":{"@id":"https:\/\/repliquemangacine.fr\/#website"},"primaryImageOfPage":{"@id":"https:\/\/repliquemangacine.fr\/denix\/luger-p08-parabellum\/#primaryimage"},"image":{"@id":"https:\/\/repliquemangacine.fr\/denix\/luger-p08-parabellum\/#primaryimage"},"thumbnailUrl":"https:\/\/repliquemangacine.fr\/wp-content\/uploads\/2023\/10\/1044-Replique-Pistolet-Luger-P08-Parabellum.jpg","datePublished":"2016-11-18T18:28:06+00:00","dateModified":"2025-12-18T14:57:49+00:00","description":"Give it away! The Luger P08 Parabellum pistol at the best price - All Zamac - Functional mechanism - Non-shooting - Removable magazine - 25.5 cm","breadcrumb":{"@id":"https:\/\/repliquemangacine.fr\/denix\/luger-p08-parabellum\/#breadcrumb"},"inLanguage":"en-US","potentialAction":[{"@type":"ReadAction","target":["https:\/\/repliquemangacine.fr\/denix\/luger-p08-parabellum\/"]}]},{"@type":"ImageObject","inLanguage":"en-US","@id":"https:\/\/repliquemangacine.fr\/denix\/luger-p08-parabellum\/#primaryimage","url":"https:\/\/repliquemangacine.fr\/wp-content\/uploads\/2023\/10\/1044-Replique-Pistolet-Luger-P08-Parabellum.jpg","contentUrl":"https:\/\/repliquemangacine.fr\/wp-content\/uploads\/2023\/10\/1044-Replique-Pistolet-Luger-P08-Parabellum.jpg","width":800,"height":800,"caption":"R\u00e9plique Pistolet Luger P08 Parabellum"},{"@type":"BreadcrumbList","@id":"https:\/\/repliquemangacine.fr\/denix\/luger-p08-parabellum\/#breadcrumb","itemListElement":[{"@type":"ListItem","position":1,"name":"Accueil","item":"https:\/\/repliquemangacine.fr\/"},{"@type":"ListItem","position":2,"name":"Produits","item":"https:\/\/repliquemangacine.fr\/boutique\/"},{"@type":"ListItem","position":3,"name":"Luger P08 Parabellum"}]},{"@type":"WebSite","@id":"https:\/\/repliquemangacine.fr\/#website","url":"https:\/\/repliquemangacine.fr\/","name":"R\u00e9plique Manga Cin\u00e9","description":"","publisher":{"@id":"https:\/\/repliquemangacine.fr\/#organization"},"potentialAction":[{"@type":"SearchAction","target":{"@type":"EntryPoint","urlTemplate":"https:\/\/repliquemangacine.fr\/?s={search_term_string}"},"query-input":{"@type":"PropertyValueSpecification","valueRequired":true,"valueName":"search_term_string"}}],"inLanguage":"en-US"},{"@type":"Organization","@id":"https:\/\/repliquemangacine.fr\/#organization","name":"R\u00e9plique Manga Cin\u00e9","url":"https:\/\/repliquemangacine.fr\/","logo":{"@type":"ImageObject","inLanguage":"en-US","@id":"https:\/\/repliquemangacine.fr\/#\/schema\/logo\/image\/","url":"https:\/\/repliquemangacine.fr\/wp-content\/uploads\/2023\/10\/RMC-500250.png","contentUrl":"https:\/\/repliquemangacine.fr\/wp-content\/uploads\/2023\/10\/RMC-500250.png","width":500,"height":250,"caption":"R\u00e9plique Manga Cin\u00e9"},"image":{"@id":"https:\/\/repliquemangacine.fr\/#\/schema\/logo\/image\/"},"sameAs":["https:\/\/www.facebook.com\/RepliqueMangaCine","https:\/\/www.instagram.com\/repliquemangacine.fr\/"]}]}},"_links":{"self":[{"href":"https:\/\/repliquemangacine.fr\/en\/wp-json\/wp\/v2\/product\/26364","targetHints":{"allow":["GET"]}}],"collection":[{"href":"https:\/\/repliquemangacine.fr\/en\/wp-json\/wp\/v2\/product"}],"about":[{"href":"https:\/\/repliquemangacine.fr\/en\/wp-json\/wp\/v2\/types\/product"}],"wp:featuredmedia":[{"embeddable":true,"href":"https:\/\/repliquemangacine.fr\/en\/wp-json\/wp\/v2\/media\/26365"}],"wp:attachment":[{"href":"https:\/\/repliquemangacine.fr\/en\/wp-json\/wp\/v2\/media?parent=26364"}],"wp:term":[{"taxonomy":"product_brand","embeddable":true,"href":"https:\/\/repliquemangacine.fr\/en\/wp-json\/wp\/v2\/product_brand?post=26364"},{"taxonomy":"product_cat","embeddable":true,"href":"https:\/\/repliquemangacine.fr\/en\/wp-json\/wp\/v2\/product_cat?post=26364"},{"taxonomy":"product_tag","embeddable":true,"href":"https:\/\/repliquemangacine.fr\/en\/wp-json\/wp\/v2\/product_tag?post=26364"}],"curies":[{"name":"wp","href":"https:\/\/api.w.org\/{rel}","templated":true}]}}