





{"id":26324,"date":"2016-11-17T12:40:37","date_gmt":"2016-11-17T11:40:37","guid":{"rendered":"https:\/\/repliquemangacine.fr\/?post_type=product&#038;p=26324"},"modified":"2026-04-01T05:58:00","modified_gmt":"2026-04-01T03:58:00","slug":"pistol-beretta-92f-parabellum-italy-1975","status":"publish","type":"product","link":"https:\/\/repliquemangacine.fr\/en\/pistolet-moderne\/pistolet-beretta-92f-parabellum-italy-1975\/","title":{"rendered":"Beretta 92F pistol"},"content":{"rendered":"<h2>Beretta 92F 9 mm pistol 1975 - Denix<\/h2>\n<p>To begin with, the <strong>Beretta 92F pistol<\/strong> 9 mm Parabellum, semi-automatic weapon manufactured by Beretta in Italy. Designed in 1975, production began in 1976.  The US Army replaced the .45 ACP M1911A1 pistol in 1985 with the Beretta 92FS, designated the \"M9\".<\/p>\n<p>Adopted by the American, Italian and French armies, it enjoyed considerable commercial success.<\/p>\n<p>It's a gun with a proven design, a 15-round magazine in 9 mm Parabellum and great reliability.<\/p>\n<p>What's more, this weapon is one of the most widely used in many American and European films. Take, for example, Martin Riggs (Mel Gibson) in L'Arme fatale and John Mc Lane (Bruce Willis) in Pi\u00e8ge de cristal, to name but a few.<\/p>\n<h2>Your Beretta 92F pistol at the best price.<\/h2>\n<p>We offer a wide choice of Denix weapons reproductions<\/p>\n<p>First and foremost,<\/p>\n<ul>\n<li>The replica of the <a href=\"https:\/\/repliquemangacine.fr\/en\/the-walking-dead\/colt-python-rick-grimes\/\">revolver python Rick<\/a> in The Walking Dead.<\/li>\n<li>There is also a reproduction of the revolver <a href=\"https:\/\/repliquemangacine.fr\/en\/modern-pistol\/colt-python-magnum6\/\">Colt Python 357 Magnum 6\u2033<\/a> barrel, USA 1955.<\/li>\n<li>As well as the <a href=\"https:\/\/repliquemangacine.fr\/en\/modern-pistol\/desert-eagle-black-1982-denix-pistol\/\">Desert Eagle pistol<\/a> Black version used in the Matrix films.<\/li>\n<li>And many more to discover in our online store!<\/li>\n<\/ul>\n<p>A great gift idea for collectors and enthusiasts.<\/p>\n<p>In conclusion, you can use the <strong>Beretta 92F pistol<\/strong> for your Cosplay parades or theme parties.<\/p>\n<p>Above all, it's a collector's item and a decorative object.<\/p>\n<p>R\u00e9plique Manga Cin\u00e9 is a French family business and official distributor of the brand <a href=\"https:\/\/www.denix.fr\/fr\/catalogue\/armes-modernes-1945-1982\/pistolets\/1254\/\" target=\"_blank\" rel=\"noopener noreferrer\">Denix<\/a>.<\/p>\n<h2>How are Denix replica weapons made?<\/h2>\n<p>Used in historical re-enactments, films, TV series and by collectors. Denix gun reproductions, made from high-quality materials. Carefully crafted and assembled to create realistic collector's weapons.<\/p>\n<ul>\n<li>The metals are in a metal alloy known as Zamac, whose basic composition is zinc in 95%.<\/li>\n<li>The plastic parts of the replicas are made of molded ABS, offering high resistance.<\/li>\n<li>Wood chosen for its beauty and durability, such as mahogany, olive or walnut, will give your butts and barrels an elegant, authentic appearance.<\/li>\n<\/ul>\n<p>Please note that all Denix reproductions are identical to the originals, like your <strong>Beretta 92F pistol<\/strong>.<\/p>","protected":false},"excerpt":{"rendered":"<p>1975 Beretta 92F parabellum pistol.<\/p>\n<ul>\n<li>Zamac frame.<\/li>\n<li>Molded ABS stock plates.<\/li>\n<li>Removable charger.<\/li>\n<li>Guns and strikes.<\/li>\n<li>Unfit for shooting.<\/li>\n<li>No authorization required. Free sale and possession.<\/li>\n<li>Dimensions: 25 cm - Weight: 1290 grams<\/li>\n<\/ul>","protected":false},"featured_media":26325,"template":"","meta":[],"product_brand":[896],"product_cat":[102,40,28],"product_tag":[],"class_list":{"0":"post-26324","1":"product","2":"type-product","3":"status-publish","4":"has-post-thumbnail","6":"product_brand-replique-manga-cine","7":"product_cat-denix","8":"product_cat-pistolet-moderne","9":"product_cat-repliques-darmes","11":"first","12":"instock","13":"sale","14":"taxable","15":"shipping-taxable","16":"purchasable","17":"product-type-simple"},"yoast_head":"<!-- This site is optimized with the Yoast SEO plugin v27.4 - https:\/\/yoast.com\/product\/yoast-seo-wordpress\/ -->\n<title>Pistolet Beretta 92F - Boutique en ligne - Vente armes Denix | RMC<\/title>\n<meta name=\"description\" content=\"D\u00e9couvrez le Pistolet Beretta 92F parabellum au meilleur prix - Tout en m\u00e9tal - Chargeur amovible - M\u00e9canisme fonctionnel avec simulation de tir - 25 cm\" \/>\n<meta name=\"robots\" content=\"index, follow, max-snippet:-1, max-image-preview:large, max-video-preview:-1\" \/>\n<link rel=\"canonical\" href=\"https:\/\/repliquemangacine.fr\/en\/denix\/pistol-beretta-92f-parabellum-italy-1975\/\" \/>\n<meta property=\"og:locale\" content=\"en_US\" \/>\n<meta property=\"og:type\" content=\"article\" \/>\n<meta property=\"og:title\" content=\"Pistolet Beretta 92F - Boutique en ligne - Vente armes Denix | RMC\" \/>\n<meta property=\"og:description\" content=\"D\u00e9couvrez le Pistolet Beretta 92F parabellum au meilleur prix - Tout en m\u00e9tal - Chargeur amovible - M\u00e9canisme fonctionnel avec simulation de tir - 25 cm\" \/>\n<meta property=\"og:url\" content=\"https:\/\/repliquemangacine.fr\/en\/denix\/pistol-beretta-92f-parabellum-italy-1975\/\" \/>\n<meta property=\"og:site_name\" content=\"R\u00e9plique Manga Cin\u00e9\" \/>\n<meta property=\"article:publisher\" content=\"https:\/\/www.facebook.com\/RepliqueMangaCine\" \/>\n<meta property=\"article:modified_time\" content=\"2026-04-01T03:58:00+00:00\" \/>\n<meta property=\"og:image\" content=\"https:\/\/repliquemangacine.fr\/wp-content\/uploads\/2023\/10\/1008-Replique-Pistolet-Beretta-92F-Parabellum-Italy-1975.jpg\" \/>\n\t<meta property=\"og:image:width\" content=\"800\" \/>\n\t<meta property=\"og:image:height\" content=\"800\" \/>\n\t<meta property=\"og:image:type\" content=\"image\/jpeg\" \/>\n<meta name=\"twitter:card\" content=\"summary_large_image\" \/>\n<meta name=\"twitter:label1\" content=\"Est. reading time\" \/>\n\t<meta name=\"twitter:data1\" content=\"2 minutes\" \/>\n<script type=\"application\/ld+json\" class=\"yoast-schema-graph\">{\"@context\":\"https:\\\/\\\/schema.org\",\"@graph\":[{\"@type\":\"WebPage\",\"@id\":\"https:\\\/\\\/repliquemangacine.fr\\\/denix\\\/pistolet-beretta-92f-parabellum-italy-1975\\\/\",\"url\":\"https:\\\/\\\/repliquemangacine.fr\\\/denix\\\/pistolet-beretta-92f-parabellum-italy-1975\\\/\",\"name\":\"Pistolet Beretta 92F - Boutique en ligne - Vente armes Denix | RMC\",\"isPartOf\":{\"@id\":\"https:\\\/\\\/repliquemangacine.fr\\\/#website\"},\"primaryImageOfPage\":{\"@id\":\"https:\\\/\\\/repliquemangacine.fr\\\/denix\\\/pistolet-beretta-92f-parabellum-italy-1975\\\/#primaryimage\"},\"image\":{\"@id\":\"https:\\\/\\\/repliquemangacine.fr\\\/denix\\\/pistolet-beretta-92f-parabellum-italy-1975\\\/#primaryimage\"},\"thumbnailUrl\":\"https:\\\/\\\/repliquemangacine.fr\\\/wp-content\\\/uploads\\\/2023\\\/10\\\/1008-Replique-Pistolet-Beretta-92F-Parabellum-Italy-1975.jpg\",\"datePublished\":\"2016-11-17T11:40:37+00:00\",\"dateModified\":\"2026-04-01T03:58:00+00:00\",\"description\":\"D\u00e9couvrez le Pistolet Beretta 92F parabellum au meilleur prix - Tout en m\u00e9tal - Chargeur amovible - M\u00e9canisme fonctionnel avec simulation de tir - 25 cm\",\"breadcrumb\":{\"@id\":\"https:\\\/\\\/repliquemangacine.fr\\\/denix\\\/pistolet-beretta-92f-parabellum-italy-1975\\\/#breadcrumb\"},\"inLanguage\":\"en-US\",\"potentialAction\":[{\"@type\":\"ReadAction\",\"target\":[\"https:\\\/\\\/repliquemangacine.fr\\\/denix\\\/pistolet-beretta-92f-parabellum-italy-1975\\\/\"]}]},{\"@type\":\"ImageObject\",\"inLanguage\":\"en-US\",\"@id\":\"https:\\\/\\\/repliquemangacine.fr\\\/denix\\\/pistolet-beretta-92f-parabellum-italy-1975\\\/#primaryimage\",\"url\":\"https:\\\/\\\/repliquemangacine.fr\\\/wp-content\\\/uploads\\\/2023\\\/10\\\/1008-Replique-Pistolet-Beretta-92F-Parabellum-Italy-1975.jpg\",\"contentUrl\":\"https:\\\/\\\/repliquemangacine.fr\\\/wp-content\\\/uploads\\\/2023\\\/10\\\/1008-Replique-Pistolet-Beretta-92F-Parabellum-Italy-1975.jpg\",\"width\":800,\"height\":800,\"caption\":\"R\u00e9plique Pistolet Beretta 92F Parabellum - Italy 1975\"},{\"@type\":\"BreadcrumbList\",\"@id\":\"https:\\\/\\\/repliquemangacine.fr\\\/denix\\\/pistolet-beretta-92f-parabellum-italy-1975\\\/#breadcrumb\",\"itemListElement\":[{\"@type\":\"ListItem\",\"position\":1,\"name\":\"Accueil\",\"item\":\"https:\\\/\\\/repliquemangacine.fr\\\/\"},{\"@type\":\"ListItem\",\"position\":2,\"name\":\"Produits\",\"item\":\"https:\\\/\\\/repliquemangacine.fr\\\/boutique\\\/\"},{\"@type\":\"ListItem\",\"position\":3,\"name\":\"Pistolet Beretta 92F\"}]},{\"@type\":\"WebSite\",\"@id\":\"https:\\\/\\\/repliquemangacine.fr\\\/#website\",\"url\":\"https:\\\/\\\/repliquemangacine.fr\\\/\",\"name\":\"R\u00e9plique Manga Cin\u00e9\",\"description\":\"\",\"publisher\":{\"@id\":\"https:\\\/\\\/repliquemangacine.fr\\\/#organization\"},\"potentialAction\":[{\"@type\":\"SearchAction\",\"target\":{\"@type\":\"EntryPoint\",\"urlTemplate\":\"https:\\\/\\\/repliquemangacine.fr\\\/?s={search_term_string}\"},\"query-input\":{\"@type\":\"PropertyValueSpecification\",\"valueRequired\":true,\"valueName\":\"search_term_string\"}}],\"inLanguage\":\"en-US\"},{\"@type\":\"Organization\",\"@id\":\"https:\\\/\\\/repliquemangacine.fr\\\/#organization\",\"name\":\"R\u00e9plique Manga Cin\u00e9\",\"url\":\"https:\\\/\\\/repliquemangacine.fr\\\/\",\"logo\":{\"@type\":\"ImageObject\",\"inLanguage\":\"en-US\",\"@id\":\"https:\\\/\\\/repliquemangacine.fr\\\/#\\\/schema\\\/logo\\\/image\\\/\",\"url\":\"https:\\\/\\\/repliquemangacine.fr\\\/wp-content\\\/uploads\\\/2023\\\/10\\\/RMC-500250.png\",\"contentUrl\":\"https:\\\/\\\/repliquemangacine.fr\\\/wp-content\\\/uploads\\\/2023\\\/10\\\/RMC-500250.png\",\"width\":500,\"height\":250,\"caption\":\"R\u00e9plique Manga Cin\u00e9\"},\"image\":{\"@id\":\"https:\\\/\\\/repliquemangacine.fr\\\/#\\\/schema\\\/logo\\\/image\\\/\"},\"sameAs\":[\"https:\\\/\\\/www.facebook.com\\\/RepliqueMangaCine\",\"https:\\\/\\\/www.instagram.com\\\/repliquemangacine.fr\\\/\"]}]}<\/script>\n<!-- \/ Yoast SEO plugin. -->","yoast_head_json":{"title":"Beretta 92F pistol - Online Shop - Weapons Sales Denix | RMC","description":"Discover the Beretta 92F parabellum pistol at the best price - All metal - Removable magazine - Functional mechanism with shooting simulation - 25 cm","robots":{"index":"index","follow":"follow","max-snippet":"max-snippet:-1","max-image-preview":"max-image-preview:large","max-video-preview":"max-video-preview:-1"},"canonical":"https:\/\/repliquemangacine.fr\/en\/denix\/pistol-beretta-92f-parabellum-italy-1975\/","og_locale":"en_US","og_type":"article","og_title":"Pistolet Beretta 92F - Boutique en ligne - Vente armes Denix | RMC","og_description":"D\u00e9couvrez le Pistolet Beretta 92F parabellum au meilleur prix - Tout en m\u00e9tal - Chargeur amovible - M\u00e9canisme fonctionnel avec simulation de tir - 25 cm","og_url":"https:\/\/repliquemangacine.fr\/en\/denix\/pistol-beretta-92f-parabellum-italy-1975\/","og_site_name":"R\u00e9plique Manga Cin\u00e9","article_publisher":"https:\/\/www.facebook.com\/RepliqueMangaCine","article_modified_time":"2026-04-01T03:58:00+00:00","og_image":[{"width":800,"height":800,"url":"https:\/\/repliquemangacine.fr\/wp-content\/uploads\/2023\/10\/1008-Replique-Pistolet-Beretta-92F-Parabellum-Italy-1975.jpg","type":"image\/jpeg"}],"twitter_card":"summary_large_image","twitter_misc":{"Est. reading time":"2 minutes"},"schema":{"@context":"https:\/\/schema.org","@graph":[{"@type":"WebPage","@id":"https:\/\/repliquemangacine.fr\/denix\/pistolet-beretta-92f-parabellum-italy-1975\/","url":"https:\/\/repliquemangacine.fr\/denix\/pistolet-beretta-92f-parabellum-italy-1975\/","name":"Beretta 92F pistol - Online Shop - Weapons Sales Denix | RMC","isPartOf":{"@id":"https:\/\/repliquemangacine.fr\/#website"},"primaryImageOfPage":{"@id":"https:\/\/repliquemangacine.fr\/denix\/pistolet-beretta-92f-parabellum-italy-1975\/#primaryimage"},"image":{"@id":"https:\/\/repliquemangacine.fr\/denix\/pistolet-beretta-92f-parabellum-italy-1975\/#primaryimage"},"thumbnailUrl":"https:\/\/repliquemangacine.fr\/wp-content\/uploads\/2023\/10\/1008-Replique-Pistolet-Beretta-92F-Parabellum-Italy-1975.jpg","datePublished":"2016-11-17T11:40:37+00:00","dateModified":"2026-04-01T03:58:00+00:00","description":"Discover the Beretta 92F parabellum pistol at the best price - All metal - Removable magazine - Functional mechanism with shooting simulation - 25 cm","breadcrumb":{"@id":"https:\/\/repliquemangacine.fr\/denix\/pistolet-beretta-92f-parabellum-italy-1975\/#breadcrumb"},"inLanguage":"en-US","potentialAction":[{"@type":"ReadAction","target":["https:\/\/repliquemangacine.fr\/denix\/pistolet-beretta-92f-parabellum-italy-1975\/"]}]},{"@type":"ImageObject","inLanguage":"en-US","@id":"https:\/\/repliquemangacine.fr\/denix\/pistolet-beretta-92f-parabellum-italy-1975\/#primaryimage","url":"https:\/\/repliquemangacine.fr\/wp-content\/uploads\/2023\/10\/1008-Replique-Pistolet-Beretta-92F-Parabellum-Italy-1975.jpg","contentUrl":"https:\/\/repliquemangacine.fr\/wp-content\/uploads\/2023\/10\/1008-Replique-Pistolet-Beretta-92F-Parabellum-Italy-1975.jpg","width":800,"height":800,"caption":"R\u00e9plique Pistolet Beretta 92F Parabellum - Italy 1975"},{"@type":"BreadcrumbList","@id":"https:\/\/repliquemangacine.fr\/denix\/pistolet-beretta-92f-parabellum-italy-1975\/#breadcrumb","itemListElement":[{"@type":"ListItem","position":1,"name":"Accueil","item":"https:\/\/repliquemangacine.fr\/"},{"@type":"ListItem","position":2,"name":"Produits","item":"https:\/\/repliquemangacine.fr\/boutique\/"},{"@type":"ListItem","position":3,"name":"Pistolet Beretta 92F"}]},{"@type":"WebSite","@id":"https:\/\/repliquemangacine.fr\/#website","url":"https:\/\/repliquemangacine.fr\/","name":"R\u00e9plique Manga Cin\u00e9","description":"","publisher":{"@id":"https:\/\/repliquemangacine.fr\/#organization"},"potentialAction":[{"@type":"SearchAction","target":{"@type":"EntryPoint","urlTemplate":"https:\/\/repliquemangacine.fr\/?s={search_term_string}"},"query-input":{"@type":"PropertyValueSpecification","valueRequired":true,"valueName":"search_term_string"}}],"inLanguage":"en-US"},{"@type":"Organization","@id":"https:\/\/repliquemangacine.fr\/#organization","name":"R\u00e9plique Manga Cin\u00e9","url":"https:\/\/repliquemangacine.fr\/","logo":{"@type":"ImageObject","inLanguage":"en-US","@id":"https:\/\/repliquemangacine.fr\/#\/schema\/logo\/image\/","url":"https:\/\/repliquemangacine.fr\/wp-content\/uploads\/2023\/10\/RMC-500250.png","contentUrl":"https:\/\/repliquemangacine.fr\/wp-content\/uploads\/2023\/10\/RMC-500250.png","width":500,"height":250,"caption":"R\u00e9plique Manga Cin\u00e9"},"image":{"@id":"https:\/\/repliquemangacine.fr\/#\/schema\/logo\/image\/"},"sameAs":["https:\/\/www.facebook.com\/RepliqueMangaCine","https:\/\/www.instagram.com\/repliquemangacine.fr\/"]}]}},"_links":{"self":[{"href":"https:\/\/repliquemangacine.fr\/en\/wp-json\/wp\/v2\/product\/26324","targetHints":{"allow":["GET"]}}],"collection":[{"href":"https:\/\/repliquemangacine.fr\/en\/wp-json\/wp\/v2\/product"}],"about":[{"href":"https:\/\/repliquemangacine.fr\/en\/wp-json\/wp\/v2\/types\/product"}],"wp:featuredmedia":[{"embeddable":true,"href":"https:\/\/repliquemangacine.fr\/en\/wp-json\/wp\/v2\/media\/26325"}],"wp:attachment":[{"href":"https:\/\/repliquemangacine.fr\/en\/wp-json\/wp\/v2\/media?parent=26324"}],"wp:term":[{"taxonomy":"product_brand","embeddable":true,"href":"https:\/\/repliquemangacine.fr\/en\/wp-json\/wp\/v2\/product_brand?post=26324"},{"taxonomy":"product_cat","embeddable":true,"href":"https:\/\/repliquemangacine.fr\/en\/wp-json\/wp\/v2\/product_cat?post=26324"},{"taxonomy":"product_tag","embeddable":true,"href":"https:\/\/repliquemangacine.fr\/en\/wp-json\/wp\/v2\/product_tag?post=26324"}],"curies":[{"name":"wp","href":"https:\/\/api.w.org\/{rel}","templated":true}]}}