





{"id":26307,"date":"2016-11-16T19:08:08","date_gmt":"2016-11-16T18:08:08","guid":{"rendered":"https:\/\/repliquemangacine.fr\/?post_type=product&#038;p=26307"},"modified":"2026-01-02T22:54:17","modified_gmt":"2026-01-02T21:54:17","slug":"colt-m1911a1-from-1911","status":"publish","type":"product","link":"https:\/\/repliquemangacine.fr\/en\/reproductions-armes-seconde-guerre-mondiale-denix\/colt-m1911a1-de-1911\/","title":{"rendered":"1911 Colt M1911A1"},"content":{"rendered":"<h2>1911 Colt M1911A1 Automatic Pistol.<\/h2>\n<p>To begin with, the Automatic Pistol <strong>1911 Colt M1911A1<\/strong> Denix, a reliable, single-action, direct-recoil-operated gun fed by a .45-caliber cartridge stacker. It was designed for military use by John M. Browning, who also designed the appropriate cartridge for the weapon, the .45 ACP.<\/p>\n<p>Adopted on March 29, 1911 by the US Secretary of State. The first official order for 31,344 pistols was placed on May 5, 1911.<\/p>\n<p>Widely used in WWI, WWII, Korea and Vietnam. Remained in continuous service with the US Army until 1985, when it was replaced by the Beretta. Some variants are still in production, given their popularity, still active in some special forces, naval and marine units.<\/p>\n<h2>Your 1911 Colt M1911A1 at the best price.<\/h2>\n<p>We offer you a wide choice of Denix reproductions of historical weapons.<\/p>\n<p>First and foremost,<\/p>\n<ul>\n<li>Shoulder Holster <a href=\"https:\/\/repliquemangacine.fr\/en\/holster-accessories\/m7-shoulder-holster\/\">M7 US ARMY<\/a> for Colt M1911A1 cal. 45.<\/li>\n<li>As well as the reproduction of the rifle <a href=\"https:\/\/repliquemangacine.fr\/en\/historical-weapons\/fusil-garand-m1\/\">Garand M1<\/a>.<\/li>\n<li>And many more to discover in our online store!<\/li>\n<\/ul>\n<p>That's why we've come up with some great gift ideas for all history buffs, and especially for those who don't want to forget our heroes.<\/p>\n<p>In conclusion, you can use the Automatic Gun <strong>1911 Colt M1911A1<\/strong> Denix for your historical re-enactments. But above all, this reproduction is a collector's item.<\/p>\n<p>R\u00e9plique Manga Cin\u00e9 is a French family business and official distributor of the brand <a href=\"https:\/\/www.denix.fr\/fr\/catalogue\/guerres-mondiales-1914-1945\/pistolets\/8316\/\" target=\"_blank\" rel=\"noopener noreferrer\">Denix<\/a>.<\/p>\n<h2>How are Denix replica weapons made?<\/h2>\n<p>Used in historical re-enactments, films, TV series and by collectors. Denix gun reproductions, made from high-quality materials. Carefully crafted and assembled to create realistic collector's weapons.<\/p>\n<ul>\n<li>The metals are in a metal alloy known as Zamac, whose basic composition is zinc in 95%.<\/li>\n<li>The plastic parts of the replicas are made of molded ABS, offering high resistance.<\/li>\n<li>Wood chosen for its beauty and durability, such as mahogany, olive or walnut, will give your butts and barrels an elegant, authentic appearance.<\/li>\n<\/ul>\n<p>Please note that all Denix reproductions are identical to the originals, like your <strong>1911 Colt M1911A1<\/strong>.<\/p>","protected":false},"excerpt":{"rendered":"<p>Identical to the original. This reproduction of the 1911 Colt M1911A1.<\/p>\n<ul>\n<li>Zamac frame.<\/li>\n<li>ABS stock plates.<\/li>\n<li>Non-removable charger.<\/li>\n<li>Caliber 45.<\/li>\n<li>Guns and strikes, but <strong>totally unfit for shooting<\/strong>.<\/li>\n<li>No authorization required. Free sale and possession.<\/li>\n<li>Dimensions: 24 cm - Weight: 920 grams<\/li>\n<\/ul>","protected":false},"featured_media":26308,"template":"","meta":[],"product_brand":[896],"product_cat":[25,102,54,40,28,76],"product_tag":[],"class_list":{"0":"post-26307","1":"product","2":"type-product","3":"status-publish","4":"has-post-thumbnail","6":"product_brand-replique-manga-cine","7":"product_cat-armes-historiques","8":"product_cat-denix","9":"product_cat-armes-accessoires-guerre-mondiale","10":"product_cat-pistolet-moderne","11":"product_cat-repliques-darmes","12":"product_cat-reproductions-armes-seconde-guerre-mondiale-denix","14":"first","15":"outofstock","16":"sale","17":"taxable","18":"shipping-taxable","19":"purchasable","20":"product-type-simple"},"yoast_head":"<!-- This site is optimized with the Yoast SEO plugin v27.5 - https:\/\/yoast.com\/product\/yoast-seo-wordpress\/ -->\n<title>Colt M1911A1 de 1911 - Boutique en ligne | R\u00e9plique Manga Cin\u00e9<\/title>\n<meta name=\"description\" content=\"Offre-lui ! Ce Colt M1911A1 de 1911 au meilleur prix - Tout en zamac - M\u00e9canisme fonctionnel - Inapte au tir - Longueur totale : 24 cm - Poids 920 grs\" \/>\n<meta name=\"robots\" content=\"index, follow, max-snippet:-1, max-image-preview:large, max-video-preview:-1\" \/>\n<link rel=\"canonical\" href=\"https:\/\/repliquemangacine.fr\/en\/denix\/colt-m1911a1-from-1911\/\" \/>\n<meta property=\"og:locale\" content=\"en_US\" \/>\n<meta property=\"og:type\" content=\"article\" \/>\n<meta property=\"og:title\" content=\"Colt M1911A1 de 1911 - Boutique en ligne | R\u00e9plique Manga Cin\u00e9\" \/>\n<meta property=\"og:description\" content=\"Offre-lui ! Ce Colt M1911A1 de 1911 au meilleur prix - Tout en zamac - M\u00e9canisme fonctionnel - Inapte au tir - Longueur totale : 24 cm - Poids 920 grs\" \/>\n<meta property=\"og:url\" content=\"https:\/\/repliquemangacine.fr\/en\/denix\/colt-m1911a1-from-1911\/\" \/>\n<meta property=\"og:site_name\" content=\"R\u00e9plique Manga Cin\u00e9\" \/>\n<meta property=\"article:publisher\" content=\"https:\/\/www.facebook.com\/RepliqueMangaCine\" \/>\n<meta property=\"article:modified_time\" content=\"2026-01-02T21:54:17+00:00\" \/>\n<meta property=\"og:image\" content=\"https:\/\/repliquemangacine.fr\/wp-content\/uploads\/2023\/10\/993-Pistolet-Colt-M1911A1-de-1911.jpg\" \/>\n\t<meta property=\"og:image:width\" content=\"800\" \/>\n\t<meta property=\"og:image:height\" content=\"800\" \/>\n\t<meta property=\"og:image:type\" content=\"image\/jpeg\" \/>\n<meta name=\"twitter:card\" content=\"summary_large_image\" \/>\n<meta name=\"twitter:label1\" content=\"Est. reading time\" \/>\n\t<meta name=\"twitter:data1\" content=\"1 minute\" \/>\n<script type=\"application\/ld+json\" class=\"yoast-schema-graph\">{\"@context\":\"https:\\\/\\\/schema.org\",\"@graph\":[{\"@type\":\"WebPage\",\"@id\":\"https:\\\/\\\/repliquemangacine.fr\\\/denix\\\/colt-m1911a1-de-1911\\\/\",\"url\":\"https:\\\/\\\/repliquemangacine.fr\\\/denix\\\/colt-m1911a1-de-1911\\\/\",\"name\":\"Colt M1911A1 de 1911 - Boutique en ligne | R\u00e9plique Manga Cin\u00e9\",\"isPartOf\":{\"@id\":\"https:\\\/\\\/repliquemangacine.fr\\\/#website\"},\"primaryImageOfPage\":{\"@id\":\"https:\\\/\\\/repliquemangacine.fr\\\/denix\\\/colt-m1911a1-de-1911\\\/#primaryimage\"},\"image\":{\"@id\":\"https:\\\/\\\/repliquemangacine.fr\\\/denix\\\/colt-m1911a1-de-1911\\\/#primaryimage\"},\"thumbnailUrl\":\"https:\\\/\\\/repliquemangacine.fr\\\/wp-content\\\/uploads\\\/2023\\\/10\\\/993-Pistolet-Colt-M1911A1-de-1911.jpg\",\"datePublished\":\"2016-11-16T18:08:08+00:00\",\"dateModified\":\"2026-01-02T21:54:17+00:00\",\"description\":\"Offre-lui ! Ce Colt M1911A1 de 1911 au meilleur prix - Tout en zamac - M\u00e9canisme fonctionnel - Inapte au tir - Longueur totale : 24 cm - Poids 920 grs\",\"breadcrumb\":{\"@id\":\"https:\\\/\\\/repliquemangacine.fr\\\/denix\\\/colt-m1911a1-de-1911\\\/#breadcrumb\"},\"inLanguage\":\"en-US\",\"potentialAction\":[{\"@type\":\"ReadAction\",\"target\":[\"https:\\\/\\\/repliquemangacine.fr\\\/denix\\\/colt-m1911a1-de-1911\\\/\"]}]},{\"@type\":\"ImageObject\",\"inLanguage\":\"en-US\",\"@id\":\"https:\\\/\\\/repliquemangacine.fr\\\/denix\\\/colt-m1911a1-de-1911\\\/#primaryimage\",\"url\":\"https:\\\/\\\/repliquemangacine.fr\\\/wp-content\\\/uploads\\\/2023\\\/10\\\/993-Pistolet-Colt-M1911A1-de-1911.jpg\",\"contentUrl\":\"https:\\\/\\\/repliquemangacine.fr\\\/wp-content\\\/uploads\\\/2023\\\/10\\\/993-Pistolet-Colt-M1911A1-de-1911.jpg\",\"width\":800,\"height\":800,\"caption\":\"Pistolet Colt M1911A1 de 1911\"},{\"@type\":\"BreadcrumbList\",\"@id\":\"https:\\\/\\\/repliquemangacine.fr\\\/denix\\\/colt-m1911a1-de-1911\\\/#breadcrumb\",\"itemListElement\":[{\"@type\":\"ListItem\",\"position\":1,\"name\":\"Accueil\",\"item\":\"https:\\\/\\\/repliquemangacine.fr\\\/\"},{\"@type\":\"ListItem\",\"position\":2,\"name\":\"Produits\",\"item\":\"https:\\\/\\\/repliquemangacine.fr\\\/boutique\\\/\"},{\"@type\":\"ListItem\",\"position\":3,\"name\":\"Colt M1911A1 de 1911\"}]},{\"@type\":\"WebSite\",\"@id\":\"https:\\\/\\\/repliquemangacine.fr\\\/#website\",\"url\":\"https:\\\/\\\/repliquemangacine.fr\\\/\",\"name\":\"R\u00e9plique Manga Cin\u00e9\",\"description\":\"\",\"publisher\":{\"@id\":\"https:\\\/\\\/repliquemangacine.fr\\\/#organization\"},\"potentialAction\":[{\"@type\":\"SearchAction\",\"target\":{\"@type\":\"EntryPoint\",\"urlTemplate\":\"https:\\\/\\\/repliquemangacine.fr\\\/?s={search_term_string}\"},\"query-input\":{\"@type\":\"PropertyValueSpecification\",\"valueRequired\":true,\"valueName\":\"search_term_string\"}}],\"inLanguage\":\"en-US\"},{\"@type\":\"Organization\",\"@id\":\"https:\\\/\\\/repliquemangacine.fr\\\/#organization\",\"name\":\"R\u00e9plique Manga Cin\u00e9\",\"url\":\"https:\\\/\\\/repliquemangacine.fr\\\/\",\"logo\":{\"@type\":\"ImageObject\",\"inLanguage\":\"en-US\",\"@id\":\"https:\\\/\\\/repliquemangacine.fr\\\/#\\\/schema\\\/logo\\\/image\\\/\",\"url\":\"https:\\\/\\\/repliquemangacine.fr\\\/wp-content\\\/uploads\\\/2023\\\/10\\\/RMC-500250.png\",\"contentUrl\":\"https:\\\/\\\/repliquemangacine.fr\\\/wp-content\\\/uploads\\\/2023\\\/10\\\/RMC-500250.png\",\"width\":500,\"height\":250,\"caption\":\"R\u00e9plique Manga Cin\u00e9\"},\"image\":{\"@id\":\"https:\\\/\\\/repliquemangacine.fr\\\/#\\\/schema\\\/logo\\\/image\\\/\"},\"sameAs\":[\"https:\\\/\\\/www.facebook.com\\\/RepliqueMangaCine\",\"https:\\\/\\\/www.instagram.com\\\/repliquemangacine.fr\\\/\"]}]}<\/script>\n<!-- \/ Yoast SEO plugin. -->","yoast_head_json":{"title":"Colt M1911A1 from 1911 - Online Shop | R\u00e9plique Manga Cin\u00e9","description":"Give it away! This Colt M1911A1 from 1911 at the best price - All in zamac - Functional mechanism - Non-shooting - Total length: 24 cm - Weight 920 grs","robots":{"index":"index","follow":"follow","max-snippet":"max-snippet:-1","max-image-preview":"max-image-preview:large","max-video-preview":"max-video-preview:-1"},"canonical":"https:\/\/repliquemangacine.fr\/en\/denix\/colt-m1911a1-from-1911\/","og_locale":"en_US","og_type":"article","og_title":"Colt M1911A1 de 1911 - Boutique en ligne | R\u00e9plique Manga Cin\u00e9","og_description":"Offre-lui ! Ce Colt M1911A1 de 1911 au meilleur prix - Tout en zamac - M\u00e9canisme fonctionnel - Inapte au tir - Longueur totale : 24 cm - Poids 920 grs","og_url":"https:\/\/repliquemangacine.fr\/en\/denix\/colt-m1911a1-from-1911\/","og_site_name":"R\u00e9plique Manga Cin\u00e9","article_publisher":"https:\/\/www.facebook.com\/RepliqueMangaCine","article_modified_time":"2026-01-02T21:54:17+00:00","og_image":[{"width":800,"height":800,"url":"https:\/\/repliquemangacine.fr\/wp-content\/uploads\/2023\/10\/993-Pistolet-Colt-M1911A1-de-1911.jpg","type":"image\/jpeg"}],"twitter_card":"summary_large_image","twitter_misc":{"Est. reading time":"1 minute"},"schema":{"@context":"https:\/\/schema.org","@graph":[{"@type":"WebPage","@id":"https:\/\/repliquemangacine.fr\/denix\/colt-m1911a1-de-1911\/","url":"https:\/\/repliquemangacine.fr\/denix\/colt-m1911a1-de-1911\/","name":"Colt M1911A1 from 1911 - Online Shop | R\u00e9plique Manga Cin\u00e9","isPartOf":{"@id":"https:\/\/repliquemangacine.fr\/#website"},"primaryImageOfPage":{"@id":"https:\/\/repliquemangacine.fr\/denix\/colt-m1911a1-de-1911\/#primaryimage"},"image":{"@id":"https:\/\/repliquemangacine.fr\/denix\/colt-m1911a1-de-1911\/#primaryimage"},"thumbnailUrl":"https:\/\/repliquemangacine.fr\/wp-content\/uploads\/2023\/10\/993-Pistolet-Colt-M1911A1-de-1911.jpg","datePublished":"2016-11-16T18:08:08+00:00","dateModified":"2026-01-02T21:54:17+00:00","description":"Give it away! This Colt M1911A1 from 1911 at the best price - All in zamac - Functional mechanism - Non-shooting - Total length: 24 cm - Weight 920 grs","breadcrumb":{"@id":"https:\/\/repliquemangacine.fr\/denix\/colt-m1911a1-de-1911\/#breadcrumb"},"inLanguage":"en-US","potentialAction":[{"@type":"ReadAction","target":["https:\/\/repliquemangacine.fr\/denix\/colt-m1911a1-de-1911\/"]}]},{"@type":"ImageObject","inLanguage":"en-US","@id":"https:\/\/repliquemangacine.fr\/denix\/colt-m1911a1-de-1911\/#primaryimage","url":"https:\/\/repliquemangacine.fr\/wp-content\/uploads\/2023\/10\/993-Pistolet-Colt-M1911A1-de-1911.jpg","contentUrl":"https:\/\/repliquemangacine.fr\/wp-content\/uploads\/2023\/10\/993-Pistolet-Colt-M1911A1-de-1911.jpg","width":800,"height":800,"caption":"Pistolet Colt M1911A1 de 1911"},{"@type":"BreadcrumbList","@id":"https:\/\/repliquemangacine.fr\/denix\/colt-m1911a1-de-1911\/#breadcrumb","itemListElement":[{"@type":"ListItem","position":1,"name":"Accueil","item":"https:\/\/repliquemangacine.fr\/"},{"@type":"ListItem","position":2,"name":"Produits","item":"https:\/\/repliquemangacine.fr\/boutique\/"},{"@type":"ListItem","position":3,"name":"Colt M1911A1 de 1911"}]},{"@type":"WebSite","@id":"https:\/\/repliquemangacine.fr\/#website","url":"https:\/\/repliquemangacine.fr\/","name":"R\u00e9plique Manga Cin\u00e9","description":"","publisher":{"@id":"https:\/\/repliquemangacine.fr\/#organization"},"potentialAction":[{"@type":"SearchAction","target":{"@type":"EntryPoint","urlTemplate":"https:\/\/repliquemangacine.fr\/?s={search_term_string}"},"query-input":{"@type":"PropertyValueSpecification","valueRequired":true,"valueName":"search_term_string"}}],"inLanguage":"en-US"},{"@type":"Organization","@id":"https:\/\/repliquemangacine.fr\/#organization","name":"R\u00e9plique Manga Cin\u00e9","url":"https:\/\/repliquemangacine.fr\/","logo":{"@type":"ImageObject","inLanguage":"en-US","@id":"https:\/\/repliquemangacine.fr\/#\/schema\/logo\/image\/","url":"https:\/\/repliquemangacine.fr\/wp-content\/uploads\/2023\/10\/RMC-500250.png","contentUrl":"https:\/\/repliquemangacine.fr\/wp-content\/uploads\/2023\/10\/RMC-500250.png","width":500,"height":250,"caption":"R\u00e9plique Manga Cin\u00e9"},"image":{"@id":"https:\/\/repliquemangacine.fr\/#\/schema\/logo\/image\/"},"sameAs":["https:\/\/www.facebook.com\/RepliqueMangaCine","https:\/\/www.instagram.com\/repliquemangacine.fr\/"]}]}},"_links":{"self":[{"href":"https:\/\/repliquemangacine.fr\/en\/wp-json\/wp\/v2\/product\/26307","targetHints":{"allow":["GET"]}}],"collection":[{"href":"https:\/\/repliquemangacine.fr\/en\/wp-json\/wp\/v2\/product"}],"about":[{"href":"https:\/\/repliquemangacine.fr\/en\/wp-json\/wp\/v2\/types\/product"}],"wp:featuredmedia":[{"embeddable":true,"href":"https:\/\/repliquemangacine.fr\/en\/wp-json\/wp\/v2\/media\/26308"}],"wp:attachment":[{"href":"https:\/\/repliquemangacine.fr\/en\/wp-json\/wp\/v2\/media?parent=26307"}],"wp:term":[{"taxonomy":"product_brand","embeddable":true,"href":"https:\/\/repliquemangacine.fr\/en\/wp-json\/wp\/v2\/product_brand?post=26307"},{"taxonomy":"product_cat","embeddable":true,"href":"https:\/\/repliquemangacine.fr\/en\/wp-json\/wp\/v2\/product_cat?post=26307"},{"taxonomy":"product_tag","embeddable":true,"href":"https:\/\/repliquemangacine.fr\/en\/wp-json\/wp\/v2\/product_tag?post=26307"}],"curies":[{"name":"wp","href":"https:\/\/api.w.org\/{rel}","templated":true}]}}