





{"id":26269,"date":"2016-11-14T16:51:50","date_gmt":"2016-11-14T15:51:50","guid":{"rendered":"https:\/\/repliquemangacine.fr\/?post_type=product&#038;p=26269"},"modified":"2026-04-07T19:04:52","modified_gmt":"2026-04-07T17:04:52","slug":"revolver-webley-mk4-1923","status":"publish","type":"product","link":"https:\/\/repliquemangacine.fr\/en\/reproductions-armes-seconde-guerre-mondiale-denix\/revolver-webley-mk4-1923\/","title":{"rendered":"Revolver Webley MK4 1923"},"content":{"rendered":"<h2>Revolver Webley MK4 1923 - Denix.<\/h2>\n<p>To begin with, the <strong>Revolver Webley MK4<\/strong> 1923 caliber 38 was created by Webley &amp; Scott to arm the police in Great Britain.<\/p>\n<p>Used by the British Army from 1942, only recognized as regulation in 1945. Used by many Commonwealth officers and policemen after 1945.<br \/>\nBut also distributed to the FFI and FFL. Several versions in .32 and .22 LR calibers.<\/p>\n<p>Immortalized on the silver screen by Harrison Ford in Indiana Jones and the Kingdom of the Crystal Skull. But also in various films and TV series. And in the video game Call of Duty...<\/p>\n<p>The company finally produces a Mk 4 Pocket with a short barrel. Production ceased in the 1970s.<\/p>\n<h2>Your Webley MK4 1923 Revolver at the best price.<\/h2>\n<p>We offer you a wide choice of Denix reproductions of historical weapons.<\/p>\n<p>First and foremost,<\/p>\n<ul>\n<li>The replica of the <a href=\"https:\/\/repliquemangacine.fr\/en\/world-war\/replica-mg34-machine-gun-with-denix-tripods\/\">MG34 machine gun<\/a> considered the best machine gun of its time.<\/li>\n<li>There is also the <a href=\"https:\/\/repliquemangacine.fr\/en\/darmes-reproductions\/colt-m1911a1-from-1911\/\">Colt M1911A1<\/a> still active in some special forces, naval and marine units.<\/li>\n<li>As well as the identical reproduction of the <a href=\"https:\/\/repliquemangacine.fr\/en\/world-war\/machine-pistol-thompson-rifle-m1928a1-tommy-gun\/\">Thompson M1928 machine pistol<\/a> nicknamed \"Tommy Gun\".<\/li>\n<li>And many more besides!<\/li>\n<\/ul>\n<p>That's why we've come up with some great gift ideas for all history buffs, and especially for those who don't want to forget our heroes.<\/p>\n<p>In conclusion, you can use the <strong>Revolver<\/strong> <strong>Webley MK4 1923<\/strong> Denix for your historical re-enactments. But above all, this reproduction is a collector's item.<\/p>\n<p>R\u00e9plique Manga Cin\u00e9 is a French family business and official distributor of the brand <a href=\"https:\/\/www.denix.fr\/fr\/catalogue\/guerres-mondiales-1914-1945\/revolvers\/1119\/\" target=\"_blank\" rel=\"noopener noreferrer\">Denix<\/a>.<\/p>\n<h2>How are Denix replica weapons made?<\/h2>\n<p>Used in historical re-enactments, films, TV series and by collectors. Denix gun reproductions, made from high-quality materials. Carefully crafted and assembled to create realistic collector's weapons.<\/p>\n<p>The metals are in a metal alloy known as Zamac, whose basic composition is zinc in 95%.<br \/>\nThe plastic parts of the replicas are made of molded ABS, offering high resistance.<br \/>\nWood chosen for its beauty and durability, such as mahogany, olive or walnut, will give your butts and barrels an elegant, authentic appearance.<\/p>\n<p>Please note that all Denix reproductions are identical to the originals, like your <strong>Revolver<\/strong> <strong>Webley MK4<\/strong>.<\/p>","protected":false},"excerpt":{"rendered":"<p>English Weblry MK4 revolver, 1923.<\/p>\n<ul>\n<li style=\"list-style-type: none;\">\n<ul>\n<li>Zamac frame.<\/li>\n<li>Molded ABS stock plates.<\/li>\n<li>Guns and collisions, but is <strong>totally unfit for shooting<\/strong>.<\/li>\n<li>Drum opening mechanism is specifically blocked.<\/li>\n<li>No authorization required. Free sale and possession<\/li>\n<li>Dimensions: 28.5 cm - Weight: 700 grams<\/li>\n<\/ul>\n<\/li>\n<\/ul>\n<p><iframe title=\"YouTube video player\" src=\"https:\/\/www.youtube.com\/embed\/xK-RuIDBjD0\" width=\"560\" height=\"315\" frameborder=\"0\" allowfullscreen=\"allowfullscreen\"><\/iframe><\/p>","protected":false},"featured_media":26270,"template":"","meta":[],"product_brand":[896],"product_cat":[25,102,54,40,28,76],"product_tag":[],"class_list":{"0":"post-26269","1":"product","2":"type-product","3":"status-publish","4":"has-post-thumbnail","6":"product_brand-replique-manga-cine","7":"product_cat-armes-historiques","8":"product_cat-denix","9":"product_cat-armes-accessoires-guerre-mondiale","10":"product_cat-pistolet-moderne","11":"product_cat-repliques-darmes","12":"product_cat-reproductions-armes-seconde-guerre-mondiale-denix","14":"first","15":"instock","16":"sale","17":"taxable","18":"shipping-taxable","19":"purchasable","20":"product-type-simple"},"yoast_head":"<!-- This site is optimized with the Yoast SEO plugin v27.4 - https:\/\/yoast.com\/product\/yoast-seo-wordpress\/ -->\n<title>Revolver Webley MK4 - Vente en ligne | R\u00e9plique Manga Cin\u00e9<\/title>\n<meta name=\"description\" content=\"Achetez vite ! Ce Revolver Webley MK4 1923 au meilleur prix - En m\u00e9tal (zamac) - M\u00e9canisme Fonctionnel - Inapte au tir - Longueur : 28.5 cm - Poids : 700 g\" \/>\n<meta name=\"robots\" content=\"index, follow, max-snippet:-1, max-image-preview:large, max-video-preview:-1\" \/>\n<link rel=\"canonical\" href=\"https:\/\/repliquemangacine.fr\/en\/denix\/revolver-webley-mk4-1923\/\" \/>\n<meta property=\"og:locale\" content=\"en_US\" \/>\n<meta property=\"og:type\" content=\"article\" \/>\n<meta property=\"og:title\" content=\"Revolver Webley MK4 - Vente en ligne | R\u00e9plique Manga Cin\u00e9\" \/>\n<meta property=\"og:description\" content=\"Achetez vite ! Ce Revolver Webley MK4 1923 au meilleur prix - En m\u00e9tal (zamac) - M\u00e9canisme Fonctionnel - Inapte au tir - Longueur : 28.5 cm - Poids : 700 g\" \/>\n<meta property=\"og:url\" content=\"https:\/\/repliquemangacine.fr\/en\/denix\/revolver-webley-mk4-1923\/\" \/>\n<meta property=\"og:site_name\" content=\"R\u00e9plique Manga Cin\u00e9\" \/>\n<meta property=\"article:publisher\" content=\"https:\/\/www.facebook.com\/RepliqueMangaCine\" \/>\n<meta property=\"article:modified_time\" content=\"2026-04-07T17:04:52+00:00\" \/>\n<meta property=\"og:image\" content=\"https:\/\/repliquemangacine.fr\/wp-content\/uploads\/2023\/10\/958-Replique-Revolver-MK4-Webley-1923.jpg\" \/>\n\t<meta property=\"og:image:width\" content=\"800\" \/>\n\t<meta property=\"og:image:height\" content=\"800\" \/>\n\t<meta property=\"og:image:type\" content=\"image\/jpeg\" \/>\n<meta name=\"twitter:card\" content=\"summary_large_image\" \/>\n<meta name=\"twitter:label1\" content=\"Est. reading time\" \/>\n\t<meta name=\"twitter:data1\" content=\"1 minute\" \/>\n<script type=\"application\/ld+json\" class=\"yoast-schema-graph\">{\"@context\":\"https:\\\/\\\/schema.org\",\"@graph\":[{\"@type\":\"WebPage\",\"@id\":\"https:\\\/\\\/repliquemangacine.fr\\\/denix\\\/revolver-webley-mk4-1923\\\/\",\"url\":\"https:\\\/\\\/repliquemangacine.fr\\\/denix\\\/revolver-webley-mk4-1923\\\/\",\"name\":\"Revolver Webley MK4 - Vente en ligne | R\u00e9plique Manga Cin\u00e9\",\"isPartOf\":{\"@id\":\"https:\\\/\\\/repliquemangacine.fr\\\/#website\"},\"primaryImageOfPage\":{\"@id\":\"https:\\\/\\\/repliquemangacine.fr\\\/denix\\\/revolver-webley-mk4-1923\\\/#primaryimage\"},\"image\":{\"@id\":\"https:\\\/\\\/repliquemangacine.fr\\\/denix\\\/revolver-webley-mk4-1923\\\/#primaryimage\"},\"thumbnailUrl\":\"https:\\\/\\\/repliquemangacine.fr\\\/wp-content\\\/uploads\\\/2023\\\/10\\\/958-Replique-Revolver-MK4-Webley-1923.jpg\",\"datePublished\":\"2016-11-14T15:51:50+00:00\",\"dateModified\":\"2026-04-07T17:04:52+00:00\",\"description\":\"Achetez vite ! Ce Revolver Webley MK4 1923 au meilleur prix - En m\u00e9tal (zamac) - M\u00e9canisme Fonctionnel - Inapte au tir - Longueur : 28.5 cm - Poids : 700 g\",\"breadcrumb\":{\"@id\":\"https:\\\/\\\/repliquemangacine.fr\\\/denix\\\/revolver-webley-mk4-1923\\\/#breadcrumb\"},\"inLanguage\":\"en-US\",\"potentialAction\":[{\"@type\":\"ReadAction\",\"target\":[\"https:\\\/\\\/repliquemangacine.fr\\\/denix\\\/revolver-webley-mk4-1923\\\/\"]}]},{\"@type\":\"ImageObject\",\"inLanguage\":\"en-US\",\"@id\":\"https:\\\/\\\/repliquemangacine.fr\\\/denix\\\/revolver-webley-mk4-1923\\\/#primaryimage\",\"url\":\"https:\\\/\\\/repliquemangacine.fr\\\/wp-content\\\/uploads\\\/2023\\\/10\\\/958-Replique-Revolver-MK4-Webley-1923.jpg\",\"contentUrl\":\"https:\\\/\\\/repliquemangacine.fr\\\/wp-content\\\/uploads\\\/2023\\\/10\\\/958-Replique-Revolver-MK4-Webley-1923.jpg\",\"width\":800,\"height\":800,\"caption\":\"Replique Revolver MK4 Webley 1923\"},{\"@type\":\"BreadcrumbList\",\"@id\":\"https:\\\/\\\/repliquemangacine.fr\\\/denix\\\/revolver-webley-mk4-1923\\\/#breadcrumb\",\"itemListElement\":[{\"@type\":\"ListItem\",\"position\":1,\"name\":\"Accueil\",\"item\":\"https:\\\/\\\/repliquemangacine.fr\\\/\"},{\"@type\":\"ListItem\",\"position\":2,\"name\":\"Produits\",\"item\":\"https:\\\/\\\/repliquemangacine.fr\\\/boutique\\\/\"},{\"@type\":\"ListItem\",\"position\":3,\"name\":\"Revolver Webley MK4 1923\"}]},{\"@type\":\"WebSite\",\"@id\":\"https:\\\/\\\/repliquemangacine.fr\\\/#website\",\"url\":\"https:\\\/\\\/repliquemangacine.fr\\\/\",\"name\":\"R\u00e9plique Manga Cin\u00e9\",\"description\":\"\",\"publisher\":{\"@id\":\"https:\\\/\\\/repliquemangacine.fr\\\/#organization\"},\"potentialAction\":[{\"@type\":\"SearchAction\",\"target\":{\"@type\":\"EntryPoint\",\"urlTemplate\":\"https:\\\/\\\/repliquemangacine.fr\\\/?s={search_term_string}\"},\"query-input\":{\"@type\":\"PropertyValueSpecification\",\"valueRequired\":true,\"valueName\":\"search_term_string\"}}],\"inLanguage\":\"en-US\"},{\"@type\":\"Organization\",\"@id\":\"https:\\\/\\\/repliquemangacine.fr\\\/#organization\",\"name\":\"R\u00e9plique Manga Cin\u00e9\",\"url\":\"https:\\\/\\\/repliquemangacine.fr\\\/\",\"logo\":{\"@type\":\"ImageObject\",\"inLanguage\":\"en-US\",\"@id\":\"https:\\\/\\\/repliquemangacine.fr\\\/#\\\/schema\\\/logo\\\/image\\\/\",\"url\":\"https:\\\/\\\/repliquemangacine.fr\\\/wp-content\\\/uploads\\\/2023\\\/10\\\/RMC-500250.png\",\"contentUrl\":\"https:\\\/\\\/repliquemangacine.fr\\\/wp-content\\\/uploads\\\/2023\\\/10\\\/RMC-500250.png\",\"width\":500,\"height\":250,\"caption\":\"R\u00e9plique Manga Cin\u00e9\"},\"image\":{\"@id\":\"https:\\\/\\\/repliquemangacine.fr\\\/#\\\/schema\\\/logo\\\/image\\\/\"},\"sameAs\":[\"https:\\\/\\\/www.facebook.com\\\/RepliqueMangaCine\",\"https:\\\/\\\/www.instagram.com\\\/repliquemangacine.fr\\\/\"]}]}<\/script>\n<!-- \/ Yoast SEO plugin. -->","yoast_head_json":{"title":"Revolver Webley MK4 - Online sale | R\u00e9plique Manga Cin\u00e9","description":"Buy now! This Revolver Webley MK4 1923 at the best price - In metal (zamac) - Functional mechanism - Non-shooting - Length: 28.5 cm - Weight: 700 g","robots":{"index":"index","follow":"follow","max-snippet":"max-snippet:-1","max-image-preview":"max-image-preview:large","max-video-preview":"max-video-preview:-1"},"canonical":"https:\/\/repliquemangacine.fr\/en\/denix\/revolver-webley-mk4-1923\/","og_locale":"en_US","og_type":"article","og_title":"Revolver Webley MK4 - Vente en ligne | R\u00e9plique Manga Cin\u00e9","og_description":"Achetez vite ! Ce Revolver Webley MK4 1923 au meilleur prix - En m\u00e9tal (zamac) - M\u00e9canisme Fonctionnel - Inapte au tir - Longueur : 28.5 cm - Poids : 700 g","og_url":"https:\/\/repliquemangacine.fr\/en\/denix\/revolver-webley-mk4-1923\/","og_site_name":"R\u00e9plique Manga Cin\u00e9","article_publisher":"https:\/\/www.facebook.com\/RepliqueMangaCine","article_modified_time":"2026-04-07T17:04:52+00:00","og_image":[{"width":800,"height":800,"url":"https:\/\/repliquemangacine.fr\/wp-content\/uploads\/2023\/10\/958-Replique-Revolver-MK4-Webley-1923.jpg","type":"image\/jpeg"}],"twitter_card":"summary_large_image","twitter_misc":{"Est. reading time":"1 minute"},"schema":{"@context":"https:\/\/schema.org","@graph":[{"@type":"WebPage","@id":"https:\/\/repliquemangacine.fr\/denix\/revolver-webley-mk4-1923\/","url":"https:\/\/repliquemangacine.fr\/denix\/revolver-webley-mk4-1923\/","name":"Revolver Webley MK4 - Online sale | R\u00e9plique Manga Cin\u00e9","isPartOf":{"@id":"https:\/\/repliquemangacine.fr\/#website"},"primaryImageOfPage":{"@id":"https:\/\/repliquemangacine.fr\/denix\/revolver-webley-mk4-1923\/#primaryimage"},"image":{"@id":"https:\/\/repliquemangacine.fr\/denix\/revolver-webley-mk4-1923\/#primaryimage"},"thumbnailUrl":"https:\/\/repliquemangacine.fr\/wp-content\/uploads\/2023\/10\/958-Replique-Revolver-MK4-Webley-1923.jpg","datePublished":"2016-11-14T15:51:50+00:00","dateModified":"2026-04-07T17:04:52+00:00","description":"Buy now! This Revolver Webley MK4 1923 at the best price - In metal (zamac) - Functional mechanism - Non-shooting - Length: 28.5 cm - Weight: 700 g","breadcrumb":{"@id":"https:\/\/repliquemangacine.fr\/denix\/revolver-webley-mk4-1923\/#breadcrumb"},"inLanguage":"en-US","potentialAction":[{"@type":"ReadAction","target":["https:\/\/repliquemangacine.fr\/denix\/revolver-webley-mk4-1923\/"]}]},{"@type":"ImageObject","inLanguage":"en-US","@id":"https:\/\/repliquemangacine.fr\/denix\/revolver-webley-mk4-1923\/#primaryimage","url":"https:\/\/repliquemangacine.fr\/wp-content\/uploads\/2023\/10\/958-Replique-Revolver-MK4-Webley-1923.jpg","contentUrl":"https:\/\/repliquemangacine.fr\/wp-content\/uploads\/2023\/10\/958-Replique-Revolver-MK4-Webley-1923.jpg","width":800,"height":800,"caption":"Replique Revolver MK4 Webley 1923"},{"@type":"BreadcrumbList","@id":"https:\/\/repliquemangacine.fr\/denix\/revolver-webley-mk4-1923\/#breadcrumb","itemListElement":[{"@type":"ListItem","position":1,"name":"Accueil","item":"https:\/\/repliquemangacine.fr\/"},{"@type":"ListItem","position":2,"name":"Produits","item":"https:\/\/repliquemangacine.fr\/boutique\/"},{"@type":"ListItem","position":3,"name":"Revolver Webley MK4 1923"}]},{"@type":"WebSite","@id":"https:\/\/repliquemangacine.fr\/#website","url":"https:\/\/repliquemangacine.fr\/","name":"R\u00e9plique Manga Cin\u00e9","description":"","publisher":{"@id":"https:\/\/repliquemangacine.fr\/#organization"},"potentialAction":[{"@type":"SearchAction","target":{"@type":"EntryPoint","urlTemplate":"https:\/\/repliquemangacine.fr\/?s={search_term_string}"},"query-input":{"@type":"PropertyValueSpecification","valueRequired":true,"valueName":"search_term_string"}}],"inLanguage":"en-US"},{"@type":"Organization","@id":"https:\/\/repliquemangacine.fr\/#organization","name":"R\u00e9plique Manga Cin\u00e9","url":"https:\/\/repliquemangacine.fr\/","logo":{"@type":"ImageObject","inLanguage":"en-US","@id":"https:\/\/repliquemangacine.fr\/#\/schema\/logo\/image\/","url":"https:\/\/repliquemangacine.fr\/wp-content\/uploads\/2023\/10\/RMC-500250.png","contentUrl":"https:\/\/repliquemangacine.fr\/wp-content\/uploads\/2023\/10\/RMC-500250.png","width":500,"height":250,"caption":"R\u00e9plique Manga Cin\u00e9"},"image":{"@id":"https:\/\/repliquemangacine.fr\/#\/schema\/logo\/image\/"},"sameAs":["https:\/\/www.facebook.com\/RepliqueMangaCine","https:\/\/www.instagram.com\/repliquemangacine.fr\/"]}]}},"_links":{"self":[{"href":"https:\/\/repliquemangacine.fr\/en\/wp-json\/wp\/v2\/product\/26269","targetHints":{"allow":["GET"]}}],"collection":[{"href":"https:\/\/repliquemangacine.fr\/en\/wp-json\/wp\/v2\/product"}],"about":[{"href":"https:\/\/repliquemangacine.fr\/en\/wp-json\/wp\/v2\/types\/product"}],"wp:featuredmedia":[{"embeddable":true,"href":"https:\/\/repliquemangacine.fr\/en\/wp-json\/wp\/v2\/media\/26270"}],"wp:attachment":[{"href":"https:\/\/repliquemangacine.fr\/en\/wp-json\/wp\/v2\/media?parent=26269"}],"wp:term":[{"taxonomy":"product_brand","embeddable":true,"href":"https:\/\/repliquemangacine.fr\/en\/wp-json\/wp\/v2\/product_brand?post=26269"},{"taxonomy":"product_cat","embeddable":true,"href":"https:\/\/repliquemangacine.fr\/en\/wp-json\/wp\/v2\/product_cat?post=26269"},{"taxonomy":"product_tag","embeddable":true,"href":"https:\/\/repliquemangacine.fr\/en\/wp-json\/wp\/v2\/product_tag?post=26269"}],"curies":[{"name":"wp","href":"https:\/\/api.w.org\/{rel}","templated":true}]}}