





{"id":26247,"date":"2016-11-13T19:42:52","date_gmt":"2016-11-13T18:42:52","guid":{"rendered":"https:\/\/repliquemangacine.fr\/?post_type=product&#038;p=26247"},"modified":"2026-04-17T18:57:53","modified_gmt":"2026-04-17T16:57:53","slug":"brown-bess-1722-land-pattern-denix-rifle","status":"publish","type":"product","link":"https:\/\/repliquemangacine.fr\/en\/replique-d-armes-1er-empire\/fusil-brown-bess-1722-land-pattern-denix\/","title":{"rendered":"Brown Bess 1722 rifle"},"content":{"rendered":"<h2>Brown Bess 1722 rifle England.<\/h2>\n<p>To begin with, the <strong>Brown Bess 1722 rifle<\/strong> is the nickname given to the British Army's Land Pattern rifle. Used during the wars of expansion of the British Empire, it has since acquired symbolic importance. Its design has undergone progressive changes, as demonstrated by the appearance of the Long Land and Short Land models.<\/p>\n<p>The Long Land Pattern rifle and its derivatives share the common characteristic of being all .75-caliber flintlock rifles, and of each having been the standard long gun of the British Empire's land and sea forces from 1722 to 1838.<\/p>\n<p>This long, heavy, large-caliber snap hook was distinguished by its robust construction and reliable ignition mechanism.<\/p>\n<h2>Your Brown Bress 1722 rifle at the best price.<\/h2>\n<p>We offer a wide range of reproductions of historic weapons.<\/p>\n<p>First and foremost,<\/p>\n<ul>\n<li>Visit <a href=\"https:\/\/repliquemangacine.fr\/en\/replica-weapons-1st-empire\/fusil-a-etincelles-napoleon-1807\/\">Napoleon 1807 rifle<\/a> with its crown emblem on the stock.<\/li>\n<li>There is also the long <a href=\"https:\/\/repliquemangacine.fr\/en\/replica-weapons-1st-empire\/fusil-francais-napoleonien-1806-avec-baionnette\/\">Fusil Fran\u00e7ais Charleville<\/a> with his bayonet.<\/li>\n<li>As well as the <a href=\"https:\/\/repliquemangacine.fr\/en\/replica-weapons-1st-empire\/fusil-francais-napoleonien-1806-avec-baionnette\/\">Rifle Pattern P61<\/a>English Enfield rifle, short version.<\/li>\n<li>And many more to discover in our online store!<\/li>\n<\/ul>\n<p>A great gift idea for all lovers of historic weapons.<\/p>\n<p>In conclusion, you can use this <strong>Brown Bess 1722 rifle<\/strong> for your historical re-enactments. But above all, this weapon is a collector's item and a decoration.<\/p>\n<p>R\u00e9plique Manga Cin\u00e9 is a French company, official distributor of the brand <a href=\"https:\/\/www.denix.fr\/fr\/catalogue\/armes-historiques-s-xvi-xix\/carabines-carabines-et-fusils\/1054\/\" target=\"_blank\" rel=\"noopener noreferrer\">Denix<\/a>.<\/p>\n<h2>How are Denix replica weapons made?<\/h2>\n<p>Used in historical re-enactments, films, TV series and by collectors. Denix reproductions are made from high-quality materials. Carefully crafted and assembled to create realistic collector's weapons.<\/p>\n<ul>\n<li>The metals are in a metal alloy known as Zamac, whose basic composition is zinc in 95%.<\/li>\n<li>The plastic parts of the replicas are made of molded ABS, offering great resistance.<\/li>\n<li>Wood chosen for its beauty and durability, such as mahogany, olive or walnut, will give your butts and barrels an elegant, authentic appearance.<\/li>\n<\/ul>\n<p>Please note that all Denix reproductions are identical to the originals, like your <strong>Brown Bess 1722 rifle<\/strong>.<\/p>","protected":false},"excerpt":{"rendered":"<p>Reproduction of the Land Pattern Musket \"Brown Bess 1722.<\/p>\n<ul>\n<li>Solid wood stock and barrel.<\/li>\n<li>Zamac mechanism and barrel.<\/li>\n<li>Removable metal bayonet.<\/li>\n<li>Guns and strikes<\/li>\n<li>Unfit for shooting.<\/li>\n<li>No authorization required. Free sale and possession<\/li>\n<li>Dimensions: 190 cm - Weight: 3470 grams<\/li>\n<\/ul>","protected":false},"featured_media":26248,"template":"","meta":[],"product_brand":[896],"product_cat":[25,102,55,37,83,28],"product_tag":[],"class_list":{"0":"post-26247","1":"product","2":"type-product","3":"status-publish","4":"has-post-thumbnail","6":"product_brand-replique-manga-cine","7":"product_cat-armes-historiques","8":"product_cat-denix","9":"product_cat-fusil-ancien","10":"product_cat-premier-empire","11":"product_cat-replique-d-armes-1er-empire","12":"product_cat-repliques-darmes","14":"first","15":"instock","16":"sale","17":"taxable","18":"shipping-taxable","19":"purchasable","20":"product-type-simple"},"yoast_head":"<!-- This site is optimized with the Yoast SEO plugin v27.4 - https:\/\/yoast.com\/product\/yoast-seo-wordpress\/ -->\n<title>Fusil Brown Bess 1722 - R\u00e9plique fusil Land Pattern Denix | RMC<\/title>\n<meta name=\"description\" content=\"D\u00e9couvrez le Fusil Brown Bess 1722 Denix au meilleur prix - Canon et f\u00fbt en bois massif - M\u00e9canisme, canon en zamac. Ba\u00efonnette. Longueur : 190 cm\" \/>\n<meta name=\"robots\" content=\"index, follow, max-snippet:-1, max-image-preview:large, max-video-preview:-1\" \/>\n<link rel=\"canonical\" href=\"https:\/\/repliquemangacine.fr\/en\/denix\/brown-bess-1722-land-pattern-denix-rifle\/\" \/>\n<meta property=\"og:locale\" content=\"en_US\" \/>\n<meta property=\"og:type\" content=\"article\" \/>\n<meta property=\"og:title\" content=\"Fusil Brown Bess 1722 - R\u00e9plique fusil Land Pattern Denix | RMC\" \/>\n<meta property=\"og:description\" content=\"D\u00e9couvrez le Fusil Brown Bess 1722 Denix au meilleur prix - Canon et f\u00fbt en bois massif - M\u00e9canisme, canon en zamac. Ba\u00efonnette. Longueur : 190 cm\" \/>\n<meta property=\"og:url\" content=\"https:\/\/repliquemangacine.fr\/en\/denix\/brown-bess-1722-land-pattern-denix-rifle\/\" \/>\n<meta property=\"og:site_name\" content=\"R\u00e9plique Manga Cin\u00e9\" \/>\n<meta property=\"article:publisher\" content=\"https:\/\/www.facebook.com\/RepliqueMangaCine\" \/>\n<meta property=\"article:modified_time\" content=\"2026-04-17T16:57:53+00:00\" \/>\n<meta property=\"og:image\" content=\"https:\/\/repliquemangacine.fr\/wp-content\/uploads\/2023\/10\/939-Replique-Fusil-Mousqueton-a-baionnette-Brown-Bess-Anglais-1722.jpg\" \/>\n\t<meta property=\"og:image:width\" content=\"800\" \/>\n\t<meta property=\"og:image:height\" content=\"800\" \/>\n\t<meta property=\"og:image:type\" content=\"image\/jpeg\" \/>\n<meta name=\"twitter:card\" content=\"summary_large_image\" \/>\n<meta name=\"twitter:label1\" content=\"Est. reading time\" \/>\n\t<meta name=\"twitter:data1\" content=\"2 minutes\" \/>\n<script type=\"application\/ld+json\" class=\"yoast-schema-graph\">{\"@context\":\"https:\\\/\\\/schema.org\",\"@graph\":[{\"@type\":\"WebPage\",\"@id\":\"https:\\\/\\\/repliquemangacine.fr\\\/denix\\\/fusil-brown-bess-1722-land-pattern-denix\\\/\",\"url\":\"https:\\\/\\\/repliquemangacine.fr\\\/denix\\\/fusil-brown-bess-1722-land-pattern-denix\\\/\",\"name\":\"Fusil Brown Bess 1722 - R\u00e9plique fusil Land Pattern Denix | RMC\",\"isPartOf\":{\"@id\":\"https:\\\/\\\/repliquemangacine.fr\\\/#website\"},\"primaryImageOfPage\":{\"@id\":\"https:\\\/\\\/repliquemangacine.fr\\\/denix\\\/fusil-brown-bess-1722-land-pattern-denix\\\/#primaryimage\"},\"image\":{\"@id\":\"https:\\\/\\\/repliquemangacine.fr\\\/denix\\\/fusil-brown-bess-1722-land-pattern-denix\\\/#primaryimage\"},\"thumbnailUrl\":\"https:\\\/\\\/repliquemangacine.fr\\\/wp-content\\\/uploads\\\/2023\\\/10\\\/939-Replique-Fusil-Mousqueton-a-baionnette-Brown-Bess-Anglais-1722.jpg\",\"datePublished\":\"2016-11-13T18:42:52+00:00\",\"dateModified\":\"2026-04-17T16:57:53+00:00\",\"description\":\"D\u00e9couvrez le Fusil Brown Bess 1722 Denix au meilleur prix - Canon et f\u00fbt en bois massif - M\u00e9canisme, canon en zamac. Ba\u00efonnette. Longueur : 190 cm\",\"breadcrumb\":{\"@id\":\"https:\\\/\\\/repliquemangacine.fr\\\/denix\\\/fusil-brown-bess-1722-land-pattern-denix\\\/#breadcrumb\"},\"inLanguage\":\"en-US\",\"potentialAction\":[{\"@type\":\"ReadAction\",\"target\":[\"https:\\\/\\\/repliquemangacine.fr\\\/denix\\\/fusil-brown-bess-1722-land-pattern-denix\\\/\"]}]},{\"@type\":\"ImageObject\",\"inLanguage\":\"en-US\",\"@id\":\"https:\\\/\\\/repliquemangacine.fr\\\/denix\\\/fusil-brown-bess-1722-land-pattern-denix\\\/#primaryimage\",\"url\":\"https:\\\/\\\/repliquemangacine.fr\\\/wp-content\\\/uploads\\\/2023\\\/10\\\/939-Replique-Fusil-Mousqueton-a-baionnette-Brown-Bess-Anglais-1722.jpg\",\"contentUrl\":\"https:\\\/\\\/repliquemangacine.fr\\\/wp-content\\\/uploads\\\/2023\\\/10\\\/939-Replique-Fusil-Mousqueton-a-baionnette-Brown-Bess-Anglais-1722.jpg\",\"width\":800,\"height\":800,\"caption\":\"R\u00e9plique Fusil Mousqueton \u00e0 ba\u00efonnette Brown Bess - Anglais 1722\"},{\"@type\":\"BreadcrumbList\",\"@id\":\"https:\\\/\\\/repliquemangacine.fr\\\/denix\\\/fusil-brown-bess-1722-land-pattern-denix\\\/#breadcrumb\",\"itemListElement\":[{\"@type\":\"ListItem\",\"position\":1,\"name\":\"Accueil\",\"item\":\"https:\\\/\\\/repliquemangacine.fr\\\/\"},{\"@type\":\"ListItem\",\"position\":2,\"name\":\"Produits\",\"item\":\"https:\\\/\\\/repliquemangacine.fr\\\/boutique\\\/\"},{\"@type\":\"ListItem\",\"position\":3,\"name\":\"Fusil Brown Bess 1722\"}]},{\"@type\":\"WebSite\",\"@id\":\"https:\\\/\\\/repliquemangacine.fr\\\/#website\",\"url\":\"https:\\\/\\\/repliquemangacine.fr\\\/\",\"name\":\"R\u00e9plique Manga Cin\u00e9\",\"description\":\"\",\"publisher\":{\"@id\":\"https:\\\/\\\/repliquemangacine.fr\\\/#organization\"},\"potentialAction\":[{\"@type\":\"SearchAction\",\"target\":{\"@type\":\"EntryPoint\",\"urlTemplate\":\"https:\\\/\\\/repliquemangacine.fr\\\/?s={search_term_string}\"},\"query-input\":{\"@type\":\"PropertyValueSpecification\",\"valueRequired\":true,\"valueName\":\"search_term_string\"}}],\"inLanguage\":\"en-US\"},{\"@type\":\"Organization\",\"@id\":\"https:\\\/\\\/repliquemangacine.fr\\\/#organization\",\"name\":\"R\u00e9plique Manga Cin\u00e9\",\"url\":\"https:\\\/\\\/repliquemangacine.fr\\\/\",\"logo\":{\"@type\":\"ImageObject\",\"inLanguage\":\"en-US\",\"@id\":\"https:\\\/\\\/repliquemangacine.fr\\\/#\\\/schema\\\/logo\\\/image\\\/\",\"url\":\"https:\\\/\\\/repliquemangacine.fr\\\/wp-content\\\/uploads\\\/2023\\\/10\\\/RMC-500250.png\",\"contentUrl\":\"https:\\\/\\\/repliquemangacine.fr\\\/wp-content\\\/uploads\\\/2023\\\/10\\\/RMC-500250.png\",\"width\":500,\"height\":250,\"caption\":\"R\u00e9plique Manga Cin\u00e9\"},\"image\":{\"@id\":\"https:\\\/\\\/repliquemangacine.fr\\\/#\\\/schema\\\/logo\\\/image\\\/\"},\"sameAs\":[\"https:\\\/\\\/www.facebook.com\\\/RepliqueMangaCine\",\"https:\\\/\\\/www.instagram.com\\\/repliquemangacine.fr\\\/\"]}]}<\/script>\n<!-- \/ Yoast SEO plugin. -->","yoast_head_json":{"title":"Brown Bess 1722 rifle - Replica rifle Land Pattern Denix | RMC","description":"Discover the Brown Bess 1722 Denix rifle at the best price - Solid wood barrel and butt - Zamac mechanism and barrel. Bayonet. Length : 190 cm","robots":{"index":"index","follow":"follow","max-snippet":"max-snippet:-1","max-image-preview":"max-image-preview:large","max-video-preview":"max-video-preview:-1"},"canonical":"https:\/\/repliquemangacine.fr\/en\/denix\/brown-bess-1722-land-pattern-denix-rifle\/","og_locale":"en_US","og_type":"article","og_title":"Fusil Brown Bess 1722 - R\u00e9plique fusil Land Pattern Denix | RMC","og_description":"D\u00e9couvrez le Fusil Brown Bess 1722 Denix au meilleur prix - Canon et f\u00fbt en bois massif - M\u00e9canisme, canon en zamac. Ba\u00efonnette. Longueur : 190 cm","og_url":"https:\/\/repliquemangacine.fr\/en\/denix\/brown-bess-1722-land-pattern-denix-rifle\/","og_site_name":"R\u00e9plique Manga Cin\u00e9","article_publisher":"https:\/\/www.facebook.com\/RepliqueMangaCine","article_modified_time":"2026-04-17T16:57:53+00:00","og_image":[{"width":800,"height":800,"url":"https:\/\/repliquemangacine.fr\/wp-content\/uploads\/2023\/10\/939-Replique-Fusil-Mousqueton-a-baionnette-Brown-Bess-Anglais-1722.jpg","type":"image\/jpeg"}],"twitter_card":"summary_large_image","twitter_misc":{"Est. reading time":"2 minutes"},"schema":{"@context":"https:\/\/schema.org","@graph":[{"@type":"WebPage","@id":"https:\/\/repliquemangacine.fr\/denix\/fusil-brown-bess-1722-land-pattern-denix\/","url":"https:\/\/repliquemangacine.fr\/denix\/fusil-brown-bess-1722-land-pattern-denix\/","name":"Brown Bess 1722 rifle - Replica rifle Land Pattern Denix | RMC","isPartOf":{"@id":"https:\/\/repliquemangacine.fr\/#website"},"primaryImageOfPage":{"@id":"https:\/\/repliquemangacine.fr\/denix\/fusil-brown-bess-1722-land-pattern-denix\/#primaryimage"},"image":{"@id":"https:\/\/repliquemangacine.fr\/denix\/fusil-brown-bess-1722-land-pattern-denix\/#primaryimage"},"thumbnailUrl":"https:\/\/repliquemangacine.fr\/wp-content\/uploads\/2023\/10\/939-Replique-Fusil-Mousqueton-a-baionnette-Brown-Bess-Anglais-1722.jpg","datePublished":"2016-11-13T18:42:52+00:00","dateModified":"2026-04-17T16:57:53+00:00","description":"Discover the Brown Bess 1722 Denix rifle at the best price - Solid wood barrel and butt - Zamac mechanism and barrel. Bayonet. Length : 190 cm","breadcrumb":{"@id":"https:\/\/repliquemangacine.fr\/denix\/fusil-brown-bess-1722-land-pattern-denix\/#breadcrumb"},"inLanguage":"en-US","potentialAction":[{"@type":"ReadAction","target":["https:\/\/repliquemangacine.fr\/denix\/fusil-brown-bess-1722-land-pattern-denix\/"]}]},{"@type":"ImageObject","inLanguage":"en-US","@id":"https:\/\/repliquemangacine.fr\/denix\/fusil-brown-bess-1722-land-pattern-denix\/#primaryimage","url":"https:\/\/repliquemangacine.fr\/wp-content\/uploads\/2023\/10\/939-Replique-Fusil-Mousqueton-a-baionnette-Brown-Bess-Anglais-1722.jpg","contentUrl":"https:\/\/repliquemangacine.fr\/wp-content\/uploads\/2023\/10\/939-Replique-Fusil-Mousqueton-a-baionnette-Brown-Bess-Anglais-1722.jpg","width":800,"height":800,"caption":"R\u00e9plique Fusil Mousqueton \u00e0 ba\u00efonnette Brown Bess - Anglais 1722"},{"@type":"BreadcrumbList","@id":"https:\/\/repliquemangacine.fr\/denix\/fusil-brown-bess-1722-land-pattern-denix\/#breadcrumb","itemListElement":[{"@type":"ListItem","position":1,"name":"Accueil","item":"https:\/\/repliquemangacine.fr\/"},{"@type":"ListItem","position":2,"name":"Produits","item":"https:\/\/repliquemangacine.fr\/boutique\/"},{"@type":"ListItem","position":3,"name":"Fusil Brown Bess 1722"}]},{"@type":"WebSite","@id":"https:\/\/repliquemangacine.fr\/#website","url":"https:\/\/repliquemangacine.fr\/","name":"R\u00e9plique Manga Cin\u00e9","description":"","publisher":{"@id":"https:\/\/repliquemangacine.fr\/#organization"},"potentialAction":[{"@type":"SearchAction","target":{"@type":"EntryPoint","urlTemplate":"https:\/\/repliquemangacine.fr\/?s={search_term_string}"},"query-input":{"@type":"PropertyValueSpecification","valueRequired":true,"valueName":"search_term_string"}}],"inLanguage":"en-US"},{"@type":"Organization","@id":"https:\/\/repliquemangacine.fr\/#organization","name":"R\u00e9plique Manga Cin\u00e9","url":"https:\/\/repliquemangacine.fr\/","logo":{"@type":"ImageObject","inLanguage":"en-US","@id":"https:\/\/repliquemangacine.fr\/#\/schema\/logo\/image\/","url":"https:\/\/repliquemangacine.fr\/wp-content\/uploads\/2023\/10\/RMC-500250.png","contentUrl":"https:\/\/repliquemangacine.fr\/wp-content\/uploads\/2023\/10\/RMC-500250.png","width":500,"height":250,"caption":"R\u00e9plique Manga Cin\u00e9"},"image":{"@id":"https:\/\/repliquemangacine.fr\/#\/schema\/logo\/image\/"},"sameAs":["https:\/\/www.facebook.com\/RepliqueMangaCine","https:\/\/www.instagram.com\/repliquemangacine.fr\/"]}]}},"_links":{"self":[{"href":"https:\/\/repliquemangacine.fr\/en\/wp-json\/wp\/v2\/product\/26247","targetHints":{"allow":["GET"]}}],"collection":[{"href":"https:\/\/repliquemangacine.fr\/en\/wp-json\/wp\/v2\/product"}],"about":[{"href":"https:\/\/repliquemangacine.fr\/en\/wp-json\/wp\/v2\/types\/product"}],"wp:featuredmedia":[{"embeddable":true,"href":"https:\/\/repliquemangacine.fr\/en\/wp-json\/wp\/v2\/media\/26248"}],"wp:attachment":[{"href":"https:\/\/repliquemangacine.fr\/en\/wp-json\/wp\/v2\/media?parent=26247"}],"wp:term":[{"taxonomy":"product_brand","embeddable":true,"href":"https:\/\/repliquemangacine.fr\/en\/wp-json\/wp\/v2\/product_brand?post=26247"},{"taxonomy":"product_cat","embeddable":true,"href":"https:\/\/repliquemangacine.fr\/en\/wp-json\/wp\/v2\/product_cat?post=26247"},{"taxonomy":"product_tag","embeddable":true,"href":"https:\/\/repliquemangacine.fr\/en\/wp-json\/wp\/v2\/product_tag?post=26247"}],"curies":[{"name":"wp","href":"https:\/\/api.w.org\/{rel}","templated":true}]}}