





{"id":26240,"date":"2016-11-13T19:25:19","date_gmt":"2016-11-13T18:25:19","guid":{"rendered":"https:\/\/repliquemangacine.fr\/?post_type=product&#038;p=26240"},"modified":"2026-04-27T19:00:44","modified_gmt":"2026-04-27T17:00:44","slug":"charleville-rifle-model-1806-with-bayonet","status":"publish","type":"product","link":"https:\/\/repliquemangacine.fr\/en\/replique-d-armes-1er-empire\/fusil-charleville-modele-1806-avec-baionnette\/","title":{"rendered":"Charleville model 1806 rifle"},"content":{"rendered":"<h2>Charleville model 1806 rifle with bayonet.<\/h2>\n<p>To begin with, the <strong>Charleville model 1806 rifle<\/strong> is a weapon designed during the reign of Louis XVI by the engineer Gribeauval. Known for its massive use in European military theaters (French Revolution, Napoleonic Wars). The longevity of this weapon speaks volumes about its qualities.<\/p>\n<p>Produced in numbers of 2 million, it equipped all the infantrymen of the 1st Empire who fought on all the battlefields of Europe and overseas.<\/p>\n<p>Designed as rationally as possible to achieve greater standardization, the Model 1777 rifle was modified in 1801.<\/p>\n<p>In fact, this version is used in several films in infantry battle scenes.<\/p>\n<h2>Your Charleville Model 1806 rifle at the best price.<\/h2>\n<p>We offer a wide range of reproductions of historic weapons.<\/p>\n<p>First and foremost,<\/p>\n<ul>\n<li>The full-size reproduction of the <a href=\"https:\/\/repliquemangacine.fr\/en\/replica-weapons-1st-empire\/brown-bess-1722-land-pattern-denix-rifle\/\">Land Pattern Musket<\/a> \"Brown Bess 1722 with bayonet.<\/li>\n<li>As well as a life-size reproduction of the<a href=\"https:\/\/repliquemangacine.fr\/en\/replica-weapons-1st-empire\/carabine-francaise-a-silex-napoleon-1806\/\"> French rifle<\/a> Napoleonic period 1806.<\/li>\n<li>And many more to discover in our online store!<\/li>\n<\/ul>\n<p>A great gift idea for all lovers of historic weapons.<\/p>\n<p>In conclusion, you can use this <strong>Charleville model 1806 rifle<\/strong> for your historical re-enactments. But above all, this weapon is a collector's item and a decoration.<\/p>\n<p>R\u00e9plique Manga Cin\u00e9 is a French company, official distributor of the brand <a href=\"https:\/\/www.denix.fr\/fr\/catalogue\/armes-historiques-s-xvi-xix\/carabines-carabines-et-fusils\/1036\/\" target=\"_blank\" rel=\"noopener noreferrer\">Denix<\/a>.<\/p>\n<h2>How are Denix replica weapons made?<\/h2>\n<p>Used in historical re-enactments, films, TV series and by collectors. Denix gun reproductions, made from high-quality materials. Carefully crafted and assembled to create realistic collector's weapons.<\/p>\n<ul>\n<li>The metals are in a metal alloy known as Zamac, whose basic composition is zinc in 95%.<\/li>\n<li>The plastic parts of the replicas are made of molded ABS, offering high resistance.<\/li>\n<li>Wood chosen for its beauty and durability, such as mahogany, olive or walnut, will give your butts and barrels an elegant, authentic appearance.<\/li>\n<\/ul>\n<p>Please note that all Denix reproductions are identical to the originals, like your <strong>Charleville model 1806 rifle<\/strong>.<\/p>","protected":false},"excerpt":{"rendered":"<p>Reproduction of the 1806 Charleville French rifle.<\/p>\n<ul>\n<li>Solid wood stock and barrel.<\/li>\n<li>Zamac mechanism and barrel.<\/li>\n<li>Removable metal bayonet.<\/li>\n<li>Guns and strikes.<\/li>\n<li>Unfit for shooting.<\/li>\n<li>Barrel length: 100 cm - Overall length: 139 cm, with bayonet: 183 cm<\/li>\n<li>Bayonet length: 43 cm - Weight: 2.800 Kg<\/li>\n<li><strong>No authorization required. Free sale and possession<\/strong><\/li>\n<\/ul>","protected":false},"featured_media":26241,"template":"","meta":[],"product_brand":[896],"product_cat":[25,102,55,37,83,28,833],"product_tag":[],"class_list":{"0":"post-26240","1":"product","2":"type-product","3":"status-publish","4":"has-post-thumbnail","6":"product_brand-replique-manga-cine","7":"product_cat-armes-historiques","8":"product_cat-denix","9":"product_cat-fusil-ancien","10":"product_cat-premier-empire","11":"product_cat-replique-d-armes-1er-empire","12":"product_cat-repliques-darmes","13":"product_cat-repliques-darmes-napoleon","15":"first","16":"outofstock","17":"sale","18":"taxable","19":"shipping-taxable","20":"purchasable","21":"product-type-simple"},"yoast_head":"<!-- This site is optimized with the Yoast SEO plugin v27.5 - https:\/\/yoast.com\/product\/yoast-seo-wordpress\/ -->\n<title>Fusil Charleville mod\u00e8le 1806 - R\u00e9pliques armes Denix | RMC<\/title>\n<meta name=\"description\" content=\"D\u00e9couvrez en taille r\u00e9elle du Fusil Charleville mod\u00e8le 1806 au meilleur prix - Tout en bois massif et zamac - Avec Ba\u00efonnette - Longueur : 183 cm\" \/>\n<meta name=\"robots\" content=\"index, follow, max-snippet:-1, max-image-preview:large, max-video-preview:-1\" \/>\n<link rel=\"canonical\" href=\"https:\/\/repliquemangacine.fr\/en\/replica-weapons-1st-empire\/charleville-rifle-model-1806-with-bayonet\/\" \/>\n<meta property=\"og:locale\" content=\"en_US\" \/>\n<meta property=\"og:type\" content=\"article\" \/>\n<meta property=\"og:title\" content=\"Fusil Charleville mod\u00e8le 1806 - R\u00e9pliques armes Denix | RMC\" \/>\n<meta property=\"og:description\" content=\"D\u00e9couvrez en taille r\u00e9elle du Fusil Charleville mod\u00e8le 1806 au meilleur prix - Tout en bois massif et zamac - Avec Ba\u00efonnette - Longueur : 183 cm\" \/>\n<meta property=\"og:url\" content=\"https:\/\/repliquemangacine.fr\/en\/replica-weapons-1st-empire\/charleville-rifle-model-1806-with-bayonet\/\" \/>\n<meta property=\"og:site_name\" content=\"R\u00e9plique Manga Cin\u00e9\" \/>\n<meta property=\"article:publisher\" content=\"https:\/\/www.facebook.com\/RepliqueMangaCine\" \/>\n<meta property=\"article:modified_time\" content=\"2026-04-27T17:00:44+00:00\" \/>\n<meta property=\"og:image\" content=\"https:\/\/repliquemangacine.fr\/wp-content\/uploads\/2023\/10\/933-Replique-Fusil-francais-Napoleonien-1806-avec-baionnette.jpg\" \/>\n\t<meta property=\"og:image:width\" content=\"800\" \/>\n\t<meta property=\"og:image:height\" content=\"800\" \/>\n\t<meta property=\"og:image:type\" content=\"image\/jpeg\" \/>\n<meta name=\"twitter:card\" content=\"summary_large_image\" \/>\n<meta name=\"twitter:label1\" content=\"Est. reading time\" \/>\n\t<meta name=\"twitter:data1\" content=\"2 minutes\" \/>\n<script type=\"application\/ld+json\" class=\"yoast-schema-graph\">{\"@context\":\"https:\\\/\\\/schema.org\",\"@graph\":[{\"@type\":\"WebPage\",\"@id\":\"https:\\\/\\\/repliquemangacine.fr\\\/replique-d-armes-1er-empire\\\/fusil-charleville-modele-1806-avec-baionnette\\\/\",\"url\":\"https:\\\/\\\/repliquemangacine.fr\\\/replique-d-armes-1er-empire\\\/fusil-charleville-modele-1806-avec-baionnette\\\/\",\"name\":\"Fusil Charleville mod\u00e8le 1806 - R\u00e9pliques armes Denix | RMC\",\"isPartOf\":{\"@id\":\"https:\\\/\\\/repliquemangacine.fr\\\/#website\"},\"primaryImageOfPage\":{\"@id\":\"https:\\\/\\\/repliquemangacine.fr\\\/replique-d-armes-1er-empire\\\/fusil-charleville-modele-1806-avec-baionnette\\\/#primaryimage\"},\"image\":{\"@id\":\"https:\\\/\\\/repliquemangacine.fr\\\/replique-d-armes-1er-empire\\\/fusil-charleville-modele-1806-avec-baionnette\\\/#primaryimage\"},\"thumbnailUrl\":\"https:\\\/\\\/repliquemangacine.fr\\\/wp-content\\\/uploads\\\/2023\\\/10\\\/933-Replique-Fusil-francais-Napoleonien-1806-avec-baionnette.jpg\",\"datePublished\":\"2016-11-13T18:25:19+00:00\",\"dateModified\":\"2026-04-27T17:00:44+00:00\",\"description\":\"D\u00e9couvrez en taille r\u00e9elle du Fusil Charleville mod\u00e8le 1806 au meilleur prix - Tout en bois massif et zamac - Avec Ba\u00efonnette - Longueur : 183 cm\",\"breadcrumb\":{\"@id\":\"https:\\\/\\\/repliquemangacine.fr\\\/replique-d-armes-1er-empire\\\/fusil-charleville-modele-1806-avec-baionnette\\\/#breadcrumb\"},\"inLanguage\":\"en-US\",\"potentialAction\":[{\"@type\":\"ReadAction\",\"target\":[\"https:\\\/\\\/repliquemangacine.fr\\\/replique-d-armes-1er-empire\\\/fusil-charleville-modele-1806-avec-baionnette\\\/\"]}]},{\"@type\":\"ImageObject\",\"inLanguage\":\"en-US\",\"@id\":\"https:\\\/\\\/repliquemangacine.fr\\\/replique-d-armes-1er-empire\\\/fusil-charleville-modele-1806-avec-baionnette\\\/#primaryimage\",\"url\":\"https:\\\/\\\/repliquemangacine.fr\\\/wp-content\\\/uploads\\\/2023\\\/10\\\/933-Replique-Fusil-francais-Napoleonien-1806-avec-baionnette.jpg\",\"contentUrl\":\"https:\\\/\\\/repliquemangacine.fr\\\/wp-content\\\/uploads\\\/2023\\\/10\\\/933-Replique-Fusil-francais-Napoleonien-1806-avec-baionnette.jpg\",\"width\":800,\"height\":800,\"caption\":\"R\u00e9plique Fusil fran\u00e7ais Napol\u00e9onien 1806 avec ba\u00efonnette\"},{\"@type\":\"BreadcrumbList\",\"@id\":\"https:\\\/\\\/repliquemangacine.fr\\\/replique-d-armes-1er-empire\\\/fusil-charleville-modele-1806-avec-baionnette\\\/#breadcrumb\",\"itemListElement\":[{\"@type\":\"ListItem\",\"position\":1,\"name\":\"Accueil\",\"item\":\"https:\\\/\\\/repliquemangacine.fr\\\/\"},{\"@type\":\"ListItem\",\"position\":2,\"name\":\"Produits\",\"item\":\"https:\\\/\\\/repliquemangacine.fr\\\/boutique\\\/\"},{\"@type\":\"ListItem\",\"position\":3,\"name\":\"Fusil Charleville mod\u00e8le 1806\"}]},{\"@type\":\"WebSite\",\"@id\":\"https:\\\/\\\/repliquemangacine.fr\\\/#website\",\"url\":\"https:\\\/\\\/repliquemangacine.fr\\\/\",\"name\":\"R\u00e9plique Manga Cin\u00e9\",\"description\":\"\",\"publisher\":{\"@id\":\"https:\\\/\\\/repliquemangacine.fr\\\/#organization\"},\"potentialAction\":[{\"@type\":\"SearchAction\",\"target\":{\"@type\":\"EntryPoint\",\"urlTemplate\":\"https:\\\/\\\/repliquemangacine.fr\\\/?s={search_term_string}\"},\"query-input\":{\"@type\":\"PropertyValueSpecification\",\"valueRequired\":true,\"valueName\":\"search_term_string\"}}],\"inLanguage\":\"en-US\"},{\"@type\":\"Organization\",\"@id\":\"https:\\\/\\\/repliquemangacine.fr\\\/#organization\",\"name\":\"R\u00e9plique Manga Cin\u00e9\",\"url\":\"https:\\\/\\\/repliquemangacine.fr\\\/\",\"logo\":{\"@type\":\"ImageObject\",\"inLanguage\":\"en-US\",\"@id\":\"https:\\\/\\\/repliquemangacine.fr\\\/#\\\/schema\\\/logo\\\/image\\\/\",\"url\":\"https:\\\/\\\/repliquemangacine.fr\\\/wp-content\\\/uploads\\\/2023\\\/10\\\/RMC-500250.png\",\"contentUrl\":\"https:\\\/\\\/repliquemangacine.fr\\\/wp-content\\\/uploads\\\/2023\\\/10\\\/RMC-500250.png\",\"width\":500,\"height\":250,\"caption\":\"R\u00e9plique Manga Cin\u00e9\"},\"image\":{\"@id\":\"https:\\\/\\\/repliquemangacine.fr\\\/#\\\/schema\\\/logo\\\/image\\\/\"},\"sameAs\":[\"https:\\\/\\\/www.facebook.com\\\/RepliqueMangaCine\",\"https:\\\/\\\/www.instagram.com\\\/repliquemangacine.fr\\\/\"]}]}<\/script>\n<!-- \/ Yoast SEO plugin. -->","yoast_head_json":{"title":"Charleville rifle model 1806 - Replica guns Denix | RMC","description":"Discover the Charleville model 1806 rifle in real size at the best price - All solid wood and zamac - With bayonet - Length: 183 cm","robots":{"index":"index","follow":"follow","max-snippet":"max-snippet:-1","max-image-preview":"max-image-preview:large","max-video-preview":"max-video-preview:-1"},"canonical":"https:\/\/repliquemangacine.fr\/en\/replica-weapons-1st-empire\/charleville-rifle-model-1806-with-bayonet\/","og_locale":"en_US","og_type":"article","og_title":"Fusil Charleville mod\u00e8le 1806 - R\u00e9pliques armes Denix | RMC","og_description":"D\u00e9couvrez en taille r\u00e9elle du Fusil Charleville mod\u00e8le 1806 au meilleur prix - Tout en bois massif et zamac - Avec Ba\u00efonnette - Longueur : 183 cm","og_url":"https:\/\/repliquemangacine.fr\/en\/replica-weapons-1st-empire\/charleville-rifle-model-1806-with-bayonet\/","og_site_name":"R\u00e9plique Manga Cin\u00e9","article_publisher":"https:\/\/www.facebook.com\/RepliqueMangaCine","article_modified_time":"2026-04-27T17:00:44+00:00","og_image":[{"width":800,"height":800,"url":"https:\/\/repliquemangacine.fr\/wp-content\/uploads\/2023\/10\/933-Replique-Fusil-francais-Napoleonien-1806-avec-baionnette.jpg","type":"image\/jpeg"}],"twitter_card":"summary_large_image","twitter_misc":{"Est. reading time":"2 minutes"},"schema":{"@context":"https:\/\/schema.org","@graph":[{"@type":"WebPage","@id":"https:\/\/repliquemangacine.fr\/replique-d-armes-1er-empire\/fusil-charleville-modele-1806-avec-baionnette\/","url":"https:\/\/repliquemangacine.fr\/replique-d-armes-1er-empire\/fusil-charleville-modele-1806-avec-baionnette\/","name":"Charleville rifle model 1806 - Replica guns Denix | RMC","isPartOf":{"@id":"https:\/\/repliquemangacine.fr\/#website"},"primaryImageOfPage":{"@id":"https:\/\/repliquemangacine.fr\/replique-d-armes-1er-empire\/fusil-charleville-modele-1806-avec-baionnette\/#primaryimage"},"image":{"@id":"https:\/\/repliquemangacine.fr\/replique-d-armes-1er-empire\/fusil-charleville-modele-1806-avec-baionnette\/#primaryimage"},"thumbnailUrl":"https:\/\/repliquemangacine.fr\/wp-content\/uploads\/2023\/10\/933-Replique-Fusil-francais-Napoleonien-1806-avec-baionnette.jpg","datePublished":"2016-11-13T18:25:19+00:00","dateModified":"2026-04-27T17:00:44+00:00","description":"Discover the Charleville model 1806 rifle in real size at the best price - All solid wood and zamac - With bayonet - Length: 183 cm","breadcrumb":{"@id":"https:\/\/repliquemangacine.fr\/replique-d-armes-1er-empire\/fusil-charleville-modele-1806-avec-baionnette\/#breadcrumb"},"inLanguage":"en-US","potentialAction":[{"@type":"ReadAction","target":["https:\/\/repliquemangacine.fr\/replique-d-armes-1er-empire\/fusil-charleville-modele-1806-avec-baionnette\/"]}]},{"@type":"ImageObject","inLanguage":"en-US","@id":"https:\/\/repliquemangacine.fr\/replique-d-armes-1er-empire\/fusil-charleville-modele-1806-avec-baionnette\/#primaryimage","url":"https:\/\/repliquemangacine.fr\/wp-content\/uploads\/2023\/10\/933-Replique-Fusil-francais-Napoleonien-1806-avec-baionnette.jpg","contentUrl":"https:\/\/repliquemangacine.fr\/wp-content\/uploads\/2023\/10\/933-Replique-Fusil-francais-Napoleonien-1806-avec-baionnette.jpg","width":800,"height":800,"caption":"R\u00e9plique Fusil fran\u00e7ais Napol\u00e9onien 1806 avec ba\u00efonnette"},{"@type":"BreadcrumbList","@id":"https:\/\/repliquemangacine.fr\/replique-d-armes-1er-empire\/fusil-charleville-modele-1806-avec-baionnette\/#breadcrumb","itemListElement":[{"@type":"ListItem","position":1,"name":"Accueil","item":"https:\/\/repliquemangacine.fr\/"},{"@type":"ListItem","position":2,"name":"Produits","item":"https:\/\/repliquemangacine.fr\/boutique\/"},{"@type":"ListItem","position":3,"name":"Fusil Charleville mod\u00e8le 1806"}]},{"@type":"WebSite","@id":"https:\/\/repliquemangacine.fr\/#website","url":"https:\/\/repliquemangacine.fr\/","name":"R\u00e9plique Manga Cin\u00e9","description":"","publisher":{"@id":"https:\/\/repliquemangacine.fr\/#organization"},"potentialAction":[{"@type":"SearchAction","target":{"@type":"EntryPoint","urlTemplate":"https:\/\/repliquemangacine.fr\/?s={search_term_string}"},"query-input":{"@type":"PropertyValueSpecification","valueRequired":true,"valueName":"search_term_string"}}],"inLanguage":"en-US"},{"@type":"Organization","@id":"https:\/\/repliquemangacine.fr\/#organization","name":"R\u00e9plique Manga Cin\u00e9","url":"https:\/\/repliquemangacine.fr\/","logo":{"@type":"ImageObject","inLanguage":"en-US","@id":"https:\/\/repliquemangacine.fr\/#\/schema\/logo\/image\/","url":"https:\/\/repliquemangacine.fr\/wp-content\/uploads\/2023\/10\/RMC-500250.png","contentUrl":"https:\/\/repliquemangacine.fr\/wp-content\/uploads\/2023\/10\/RMC-500250.png","width":500,"height":250,"caption":"R\u00e9plique Manga Cin\u00e9"},"image":{"@id":"https:\/\/repliquemangacine.fr\/#\/schema\/logo\/image\/"},"sameAs":["https:\/\/www.facebook.com\/RepliqueMangaCine","https:\/\/www.instagram.com\/repliquemangacine.fr\/"]}]}},"_links":{"self":[{"href":"https:\/\/repliquemangacine.fr\/en\/wp-json\/wp\/v2\/product\/26240","targetHints":{"allow":["GET"]}}],"collection":[{"href":"https:\/\/repliquemangacine.fr\/en\/wp-json\/wp\/v2\/product"}],"about":[{"href":"https:\/\/repliquemangacine.fr\/en\/wp-json\/wp\/v2\/types\/product"}],"wp:featuredmedia":[{"embeddable":true,"href":"https:\/\/repliquemangacine.fr\/en\/wp-json\/wp\/v2\/media\/26241"}],"wp:attachment":[{"href":"https:\/\/repliquemangacine.fr\/en\/wp-json\/wp\/v2\/media?parent=26240"}],"wp:term":[{"taxonomy":"product_brand","embeddable":true,"href":"https:\/\/repliquemangacine.fr\/en\/wp-json\/wp\/v2\/product_brand?post=26240"},{"taxonomy":"product_cat","embeddable":true,"href":"https:\/\/repliquemangacine.fr\/en\/wp-json\/wp\/v2\/product_cat?post=26240"},{"taxonomy":"product_tag","embeddable":true,"href":"https:\/\/repliquemangacine.fr\/en\/wp-json\/wp\/v2\/product_tag?post=26240"}],"curies":[{"name":"wp","href":"https:\/\/api.w.org\/{rel}","templated":true}]}}