





{"id":26186,"date":"2016-11-11T16:48:53","date_gmt":"2016-11-11T15:48:53","guid":{"rendered":"https:\/\/repliquemangacine.fr\/?post_type=product&#038;p=26186"},"modified":"2026-04-13T23:45:06","modified_gmt":"2026-04-13T21:45:06","slug":"italian-percussion-pistol-1825","status":"publish","type":"product","link":"https:\/\/repliquemangacine.fr\/en\/pistolet-ancien\/pistolet-a-percussion-italien-1825\/","title":{"rendered":"Italian percussion pistol 1825"},"content":{"rendered":"<h2>Italian percussion pistol 1825 - Denix<\/h2>\n<p>To start with, the 1825 Italian Percussion Pistol, the original of which is in Brescia, Italy. Italy seems to have been the main source of arms. Superbly detailed, this version of the Brescia 1825 shows typical Italian craftsmanship.<\/p>\n<p>The appreciable advantages of the percussion system were quickly exploited to develop multi-shot weapons.<\/p>\n<p>This new principle seemed to become widespread around 1820, under the impetus of Joseph-Marin G\u00e9velot, who industrialized the process and definitively supplanted flint in Europe around 1840.<\/p>\n<p>Much more reliable and less dependent on atmospheric conditions than previous turntables, which were modified to accommodate this new system, which lasted until around 1865.<\/p>\n<h2>Your Italian percussion pistol at the best price.<\/h2>\n<p>We offer a wide selection of Denix replica antique weapons.<\/p>\n<p>First and foremost,<\/p>\n<ul>\n<li>The 18\u1d49 century pistol from <a href=\"https:\/\/repliquemangacine.fr\/en\/historical-weapons\/george-washington-pistol-18th-century\/\">George Washington<\/a>first president of the United States of America<\/li>\n<li>There is also the <a href=\"https:\/\/repliquemangacine.fr\/en\/antique-pistol\/pistol-kentucky-19th-usa\/\">Kentucky spark gun,<\/a> the classic weapon of the early explorers of the American West.<\/li>\n<li>As well as the <a href=\"https:\/\/repliquemangacine.fr\/en\/antique-pistol\/18th-century-austrian-flintlock-blunderbuss\/\">Tromblon Flintlock<\/a> Austrian from the 18\u1d49 century<\/li>\n<li>And many more to discover in our online store!<\/li>\n<\/ul>\n<p>That's why we've come up with some great gift ideas for all antique gun enthusiasts.<\/p>\n<p>In conclusion, you can use the <strong>Italian percussion pistol<\/strong> 1825 for your historical re-enactments. But above all, it's a decorative collector's item.<\/p>\n<p>R\u00e9plique Manga Cin\u00e9 is a French family business and official distributor of <a href=\"https:\/\/www.denix.fr\/fr\/catalogue\/armes-historiques-s-xvi-xix\/pistolets\/1013-l\/\" target=\"_blank\" rel=\"noopener noreferrer\">Denix<\/a>.<\/p>\n<h2>How are Denix replica weapons made?<\/h2>\n<p>Used in historical re-enactments, films, TV series and by collectors. Denix gun reproductions, made from high-quality materials. Carefully crafted and assembled to create realistic collector's weapons.<\/p>\n<ul>\n<li>The metals are in a metal alloy known as Zamac, whose basic composition is zinc in 95%.<\/li>\n<li>The plastic parts of the replicas are made of molded ABS, offering high resistance.<\/li>\n<li>Wood chosen for its beauty and durability, such as mahogany, olive or walnut, will give your butts and barrels an elegant, authentic appearance.<\/li>\n<\/ul>\n<p>Please note that all Denix reproductions are identical to the originals, like your <strong>Italian percussion pistol<\/strong>.<\/p>","protected":false},"excerpt":{"rendered":"<p>Italian percussion pistol from 1825.<\/p>\n<ul>\n<li>Solid wood stock and barrel.<\/li>\n<li>Engraved metal cap.<\/li>\n<li>Zamac mechanism and barrel with engraving.<\/li>\n<li>Guns and strikes.<\/li>\n<li>Unfit for shooting.<\/li>\n<li>No authorization required. Free sale and possession<\/li>\n<li>Length: 38 cm - Weight: 555g<\/li>\n<\/ul>\n<p><iframe title=\"YouTube video player\" src=\"https:\/\/www.youtube.com\/embed\/6BwHa0YfY2g\" width=\"560\" height=\"315\" frameborder=\"0\" allowfullscreen=\"allowfullscreen\"><\/iframe><\/p>","protected":false},"featured_media":26187,"template":"","meta":[],"product_brand":[896],"product_cat":[52,28],"product_tag":[],"class_list":{"0":"post-26186","1":"product","2":"type-product","3":"status-publish","4":"has-post-thumbnail","6":"product_brand-replique-manga-cine","7":"product_cat-pistolet-ancien","8":"product_cat-repliques-darmes","10":"first","11":"outofstock","12":"taxable","13":"shipping-taxable","14":"purchasable","15":"product-type-simple"},"yoast_head":"<!-- This site is optimized with the Yoast SEO plugin v27.5 - https:\/\/yoast.com\/product\/yoast-seo-wordpress\/ -->\n<title>Pistolet \u00e0 percussion italien - Vente armes anciennes Denix | RMC<\/title>\n<meta name=\"description\" content=\"Offrez-vous ! Ce Pistolet \u00e0 percussion italien de 1825 au meilleur prix - Crosse et f\u00fbt en bois - M\u00e9canisme fonctionnel en m\u00e9tal - S&#039;arme et percute - 38 cm\" \/>\n<meta name=\"robots\" content=\"index, follow, max-snippet:-1, max-image-preview:large, max-video-preview:-1\" \/>\n<link rel=\"canonical\" href=\"https:\/\/repliquemangacine.fr\/en\/antique-pistol\/italian-percussion-pistol-1825\/\" \/>\n<meta property=\"og:locale\" content=\"en_US\" \/>\n<meta property=\"og:type\" content=\"article\" \/>\n<meta property=\"og:title\" content=\"Pistolet \u00e0 percussion italien - Vente armes anciennes Denix | RMC\" \/>\n<meta property=\"og:description\" content=\"Offrez-vous ! Ce Pistolet \u00e0 percussion italien de 1825 au meilleur prix - Crosse et f\u00fbt en bois - M\u00e9canisme fonctionnel en m\u00e9tal - S&#039;arme et percute - 38 cm\" \/>\n<meta property=\"og:url\" content=\"https:\/\/repliquemangacine.fr\/en\/antique-pistol\/italian-percussion-pistol-1825\/\" \/>\n<meta property=\"og:site_name\" content=\"R\u00e9plique Manga Cin\u00e9\" \/>\n<meta property=\"article:publisher\" content=\"https:\/\/www.facebook.com\/RepliqueMangaCine\" \/>\n<meta property=\"article:modified_time\" content=\"2026-04-13T21:45:06+00:00\" \/>\n<meta property=\"og:image\" content=\"https:\/\/repliquemangacine.fr\/wp-content\/uploads\/2023\/10\/888-Replique-Denix-Pistolet-Italien-a-percussion-1825.jpg\" \/>\n\t<meta property=\"og:image:width\" content=\"800\" \/>\n\t<meta property=\"og:image:height\" content=\"800\" \/>\n\t<meta property=\"og:image:type\" content=\"image\/jpeg\" \/>\n<meta name=\"twitter:card\" content=\"summary_large_image\" \/>\n<meta name=\"twitter:label1\" content=\"Est. reading time\" \/>\n\t<meta name=\"twitter:data1\" content=\"2 minutes\" \/>\n<script type=\"application\/ld+json\" class=\"yoast-schema-graph\">{\"@context\":\"https:\\\/\\\/schema.org\",\"@graph\":[{\"@type\":\"WebPage\",\"@id\":\"https:\\\/\\\/repliquemangacine.fr\\\/pistolet-ancien\\\/pistolet-a-percussion-italien-1825\\\/\",\"url\":\"https:\\\/\\\/repliquemangacine.fr\\\/pistolet-ancien\\\/pistolet-a-percussion-italien-1825\\\/\",\"name\":\"Pistolet \u00e0 percussion italien - Vente armes anciennes Denix | RMC\",\"isPartOf\":{\"@id\":\"https:\\\/\\\/repliquemangacine.fr\\\/#website\"},\"primaryImageOfPage\":{\"@id\":\"https:\\\/\\\/repliquemangacine.fr\\\/pistolet-ancien\\\/pistolet-a-percussion-italien-1825\\\/#primaryimage\"},\"image\":{\"@id\":\"https:\\\/\\\/repliquemangacine.fr\\\/pistolet-ancien\\\/pistolet-a-percussion-italien-1825\\\/#primaryimage\"},\"thumbnailUrl\":\"https:\\\/\\\/repliquemangacine.fr\\\/wp-content\\\/uploads\\\/2023\\\/10\\\/888-Replique-Denix-Pistolet-Italien-a-percussion-1825.jpg\",\"datePublished\":\"2016-11-11T15:48:53+00:00\",\"dateModified\":\"2026-04-13T21:45:06+00:00\",\"description\":\"Offrez-vous ! Ce Pistolet \u00e0 percussion italien de 1825 au meilleur prix - Crosse et f\u00fbt en bois - M\u00e9canisme fonctionnel en m\u00e9tal - S'arme et percute - 38 cm\",\"breadcrumb\":{\"@id\":\"https:\\\/\\\/repliquemangacine.fr\\\/pistolet-ancien\\\/pistolet-a-percussion-italien-1825\\\/#breadcrumb\"},\"inLanguage\":\"en-US\",\"potentialAction\":[{\"@type\":\"ReadAction\",\"target\":[\"https:\\\/\\\/repliquemangacine.fr\\\/pistolet-ancien\\\/pistolet-a-percussion-italien-1825\\\/\"]}]},{\"@type\":\"ImageObject\",\"inLanguage\":\"en-US\",\"@id\":\"https:\\\/\\\/repliquemangacine.fr\\\/pistolet-ancien\\\/pistolet-a-percussion-italien-1825\\\/#primaryimage\",\"url\":\"https:\\\/\\\/repliquemangacine.fr\\\/wp-content\\\/uploads\\\/2023\\\/10\\\/888-Replique-Denix-Pistolet-Italien-a-percussion-1825.jpg\",\"contentUrl\":\"https:\\\/\\\/repliquemangacine.fr\\\/wp-content\\\/uploads\\\/2023\\\/10\\\/888-Replique-Denix-Pistolet-Italien-a-percussion-1825.jpg\",\"width\":800,\"height\":800,\"caption\":\"R\u00e9plique Denix -Pistolet Italien \u00e0 percussion 1825\"},{\"@type\":\"BreadcrumbList\",\"@id\":\"https:\\\/\\\/repliquemangacine.fr\\\/pistolet-ancien\\\/pistolet-a-percussion-italien-1825\\\/#breadcrumb\",\"itemListElement\":[{\"@type\":\"ListItem\",\"position\":1,\"name\":\"Accueil\",\"item\":\"https:\\\/\\\/repliquemangacine.fr\\\/\"},{\"@type\":\"ListItem\",\"position\":2,\"name\":\"Produits\",\"item\":\"https:\\\/\\\/repliquemangacine.fr\\\/boutique\\\/\"},{\"@type\":\"ListItem\",\"position\":3,\"name\":\"Pistolet italien \u00e0 percussion 1825\"}]},{\"@type\":\"WebSite\",\"@id\":\"https:\\\/\\\/repliquemangacine.fr\\\/#website\",\"url\":\"https:\\\/\\\/repliquemangacine.fr\\\/\",\"name\":\"R\u00e9plique Manga Cin\u00e9\",\"description\":\"\",\"publisher\":{\"@id\":\"https:\\\/\\\/repliquemangacine.fr\\\/#organization\"},\"potentialAction\":[{\"@type\":\"SearchAction\",\"target\":{\"@type\":\"EntryPoint\",\"urlTemplate\":\"https:\\\/\\\/repliquemangacine.fr\\\/?s={search_term_string}\"},\"query-input\":{\"@type\":\"PropertyValueSpecification\",\"valueRequired\":true,\"valueName\":\"search_term_string\"}}],\"inLanguage\":\"en-US\"},{\"@type\":\"Organization\",\"@id\":\"https:\\\/\\\/repliquemangacine.fr\\\/#organization\",\"name\":\"R\u00e9plique Manga Cin\u00e9\",\"url\":\"https:\\\/\\\/repliquemangacine.fr\\\/\",\"logo\":{\"@type\":\"ImageObject\",\"inLanguage\":\"en-US\",\"@id\":\"https:\\\/\\\/repliquemangacine.fr\\\/#\\\/schema\\\/logo\\\/image\\\/\",\"url\":\"https:\\\/\\\/repliquemangacine.fr\\\/wp-content\\\/uploads\\\/2023\\\/10\\\/RMC-500250.png\",\"contentUrl\":\"https:\\\/\\\/repliquemangacine.fr\\\/wp-content\\\/uploads\\\/2023\\\/10\\\/RMC-500250.png\",\"width\":500,\"height\":250,\"caption\":\"R\u00e9plique Manga Cin\u00e9\"},\"image\":{\"@id\":\"https:\\\/\\\/repliquemangacine.fr\\\/#\\\/schema\\\/logo\\\/image\\\/\"},\"sameAs\":[\"https:\\\/\\\/www.facebook.com\\\/RepliqueMangaCine\",\"https:\\\/\\\/www.instagram.com\\\/repliquemangacine.fr\\\/\"]}]}<\/script>\n<!-- \/ Yoast SEO plugin. -->","yoast_head_json":{"title":"Italian percussion pistol - Antique guns for sale Denix | RMC","description":"Treat yourself! This 1825 Italian Percussion Pistol at the best price - Wooden stock and barrel - Functional metal mechanism - Fires and hits - 38 cm","robots":{"index":"index","follow":"follow","max-snippet":"max-snippet:-1","max-image-preview":"max-image-preview:large","max-video-preview":"max-video-preview:-1"},"canonical":"https:\/\/repliquemangacine.fr\/en\/antique-pistol\/italian-percussion-pistol-1825\/","og_locale":"en_US","og_type":"article","og_title":"Pistolet \u00e0 percussion italien - Vente armes anciennes Denix | RMC","og_description":"Offrez-vous ! Ce Pistolet \u00e0 percussion italien de 1825 au meilleur prix - Crosse et f\u00fbt en bois - M\u00e9canisme fonctionnel en m\u00e9tal - S'arme et percute - 38 cm","og_url":"https:\/\/repliquemangacine.fr\/en\/antique-pistol\/italian-percussion-pistol-1825\/","og_site_name":"R\u00e9plique Manga Cin\u00e9","article_publisher":"https:\/\/www.facebook.com\/RepliqueMangaCine","article_modified_time":"2026-04-13T21:45:06+00:00","og_image":[{"width":800,"height":800,"url":"https:\/\/repliquemangacine.fr\/wp-content\/uploads\/2023\/10\/888-Replique-Denix-Pistolet-Italien-a-percussion-1825.jpg","type":"image\/jpeg"}],"twitter_card":"summary_large_image","twitter_misc":{"Est. reading time":"2 minutes"},"schema":{"@context":"https:\/\/schema.org","@graph":[{"@type":"WebPage","@id":"https:\/\/repliquemangacine.fr\/pistolet-ancien\/pistolet-a-percussion-italien-1825\/","url":"https:\/\/repliquemangacine.fr\/pistolet-ancien\/pistolet-a-percussion-italien-1825\/","name":"Italian percussion pistol - Antique guns for sale Denix | RMC","isPartOf":{"@id":"https:\/\/repliquemangacine.fr\/#website"},"primaryImageOfPage":{"@id":"https:\/\/repliquemangacine.fr\/pistolet-ancien\/pistolet-a-percussion-italien-1825\/#primaryimage"},"image":{"@id":"https:\/\/repliquemangacine.fr\/pistolet-ancien\/pistolet-a-percussion-italien-1825\/#primaryimage"},"thumbnailUrl":"https:\/\/repliquemangacine.fr\/wp-content\/uploads\/2023\/10\/888-Replique-Denix-Pistolet-Italien-a-percussion-1825.jpg","datePublished":"2016-11-11T15:48:53+00:00","dateModified":"2026-04-13T21:45:06+00:00","description":"Treat yourself! This 1825 Italian Percussion Pistol at the best price - Wooden stock and barrel - Functional metal mechanism - Fires and hits - 38 cm","breadcrumb":{"@id":"https:\/\/repliquemangacine.fr\/pistolet-ancien\/pistolet-a-percussion-italien-1825\/#breadcrumb"},"inLanguage":"en-US","potentialAction":[{"@type":"ReadAction","target":["https:\/\/repliquemangacine.fr\/pistolet-ancien\/pistolet-a-percussion-italien-1825\/"]}]},{"@type":"ImageObject","inLanguage":"en-US","@id":"https:\/\/repliquemangacine.fr\/pistolet-ancien\/pistolet-a-percussion-italien-1825\/#primaryimage","url":"https:\/\/repliquemangacine.fr\/wp-content\/uploads\/2023\/10\/888-Replique-Denix-Pistolet-Italien-a-percussion-1825.jpg","contentUrl":"https:\/\/repliquemangacine.fr\/wp-content\/uploads\/2023\/10\/888-Replique-Denix-Pistolet-Italien-a-percussion-1825.jpg","width":800,"height":800,"caption":"R\u00e9plique Denix -Pistolet Italien \u00e0 percussion 1825"},{"@type":"BreadcrumbList","@id":"https:\/\/repliquemangacine.fr\/pistolet-ancien\/pistolet-a-percussion-italien-1825\/#breadcrumb","itemListElement":[{"@type":"ListItem","position":1,"name":"Accueil","item":"https:\/\/repliquemangacine.fr\/"},{"@type":"ListItem","position":2,"name":"Produits","item":"https:\/\/repliquemangacine.fr\/boutique\/"},{"@type":"ListItem","position":3,"name":"Pistolet italien \u00e0 percussion 1825"}]},{"@type":"WebSite","@id":"https:\/\/repliquemangacine.fr\/#website","url":"https:\/\/repliquemangacine.fr\/","name":"R\u00e9plique Manga Cin\u00e9","description":"","publisher":{"@id":"https:\/\/repliquemangacine.fr\/#organization"},"potentialAction":[{"@type":"SearchAction","target":{"@type":"EntryPoint","urlTemplate":"https:\/\/repliquemangacine.fr\/?s={search_term_string}"},"query-input":{"@type":"PropertyValueSpecification","valueRequired":true,"valueName":"search_term_string"}}],"inLanguage":"en-US"},{"@type":"Organization","@id":"https:\/\/repliquemangacine.fr\/#organization","name":"R\u00e9plique Manga Cin\u00e9","url":"https:\/\/repliquemangacine.fr\/","logo":{"@type":"ImageObject","inLanguage":"en-US","@id":"https:\/\/repliquemangacine.fr\/#\/schema\/logo\/image\/","url":"https:\/\/repliquemangacine.fr\/wp-content\/uploads\/2023\/10\/RMC-500250.png","contentUrl":"https:\/\/repliquemangacine.fr\/wp-content\/uploads\/2023\/10\/RMC-500250.png","width":500,"height":250,"caption":"R\u00e9plique Manga Cin\u00e9"},"image":{"@id":"https:\/\/repliquemangacine.fr\/#\/schema\/logo\/image\/"},"sameAs":["https:\/\/www.facebook.com\/RepliqueMangaCine","https:\/\/www.instagram.com\/repliquemangacine.fr\/"]}]}},"_links":{"self":[{"href":"https:\/\/repliquemangacine.fr\/en\/wp-json\/wp\/v2\/product\/26186","targetHints":{"allow":["GET"]}}],"collection":[{"href":"https:\/\/repliquemangacine.fr\/en\/wp-json\/wp\/v2\/product"}],"about":[{"href":"https:\/\/repliquemangacine.fr\/en\/wp-json\/wp\/v2\/types\/product"}],"wp:featuredmedia":[{"embeddable":true,"href":"https:\/\/repliquemangacine.fr\/en\/wp-json\/wp\/v2\/media\/26187"}],"wp:attachment":[{"href":"https:\/\/repliquemangacine.fr\/en\/wp-json\/wp\/v2\/media?parent=26186"}],"wp:term":[{"taxonomy":"product_brand","embeddable":true,"href":"https:\/\/repliquemangacine.fr\/en\/wp-json\/wp\/v2\/product_brand?post=26186"},{"taxonomy":"product_cat","embeddable":true,"href":"https:\/\/repliquemangacine.fr\/en\/wp-json\/wp\/v2\/product_cat?post=26186"},{"taxonomy":"product_tag","embeddable":true,"href":"https:\/\/repliquemangacine.fr\/en\/wp-json\/wp\/v2\/product_tag?post=26186"}],"curies":[{"name":"wp","href":"https:\/\/api.w.org\/{rel}","templated":true}]}}