





{"id":26158,"date":"2016-11-10T15:05:42","date_gmt":"2016-11-10T14:05:42","guid":{"rendered":"https:\/\/repliquemangacine.fr\/?post_type=product&#038;p=26158"},"modified":"2026-04-20T22:58:05","modified_gmt":"2026-04-20T20:58:05","slug":"18th-century-austrian-flintlock-blunderbuss","status":"publish","type":"product","link":"https:\/\/repliquemangacine.fr\/en\/replique-d-armes-1er-empire\/tromblon-flintlock-autrichien-18eme-siecle\/","title":{"rendered":"18th Century Austrian Flintlock trombone"},"content":{"rendered":"<h2>Austrian Tromblon 18\u1d49 - Denix.<\/h2>\n<p>To begin with, the <strong>Austrian Tromblon 18\u1d49<\/strong> based on an 18\u1d49 century piece. Superb engravings depict a finely detailed floral motif. This indicates that the original was once owned by an Austrian nobleman.<\/p>\n<p>Spark-action blunderbusses were generally very short, with barrels less than 60 cm long, at a time when musket barrels measured over 90 cm. Based on a flint or flint stone, the firing mechanism triggers the hammer, which produces the spark that ignites the powder.<\/p>\n<p>The funnel-shaped barrel limits the weapon's accuracy and range, but allows multiple projectiles to be fired at short range. This shape also makes it easier to load ammunition into the barrel.<\/p>\n<h2>Your <strong>Austrian Tromblon 18\u1d49<\/strong> at the best price.<\/h2>\n<p>We offer a wide selection of Denix replica antique weapons.<\/p>\n<p>First and foremost,<\/p>\n<ul>\n<li>Visit <a href=\"https:\/\/repliquemangacine.fr\/en\/pirate-weapons\/18th-century-pirate-blunderbuss\/\">Pirate trombone<\/a> with its skull and crossbones on the stock.<\/li>\n<li>There is also Le <a href=\"https:\/\/repliquemangacine.fr\/en\/antique-pistol\/napoleon-gribeauval-1806-pistol\/\">Napoleon flintlock pistol<\/a> Gribeauval 1806.<\/li>\n<li>And many more to discover in our online store!<\/li>\n<\/ul>\n<p>That's why we've come up with some great gift ideas for all antique gun enthusiasts.<\/p>\n<p>In conclusion, you can use the <strong>Austrian Tromblon 18\u1d49<\/strong> for your historical re-enactments.<\/p>\n<p>But above all, it's a collector's item and a decoration.<\/p>\n<p>R\u00e9plique Manga Cin\u00e9 is a French family business and official distributor of <a href=\"https:\/\/www.denix.fr\/fr\/catalogue\/armes-historiques-s-xvi-xix\/tromblons\/1231-l\/\" target=\"_blank\" rel=\"noopener noreferrer\">Denix<\/a>.<\/p>\n<h2>How are Denix replica weapons made?<\/h2>\n<p>Used in historical re-enactments, films, TV series and by collectors. Denix gun reproductions, made from high-quality materials. Carefully crafted and assembled to create realistic collector's weapons.<\/p>\n<ul>\n<li>The metals are in a metal alloy known as Zamac, whose basic composition is zinc in 95%.<\/li>\n<li>The plastic parts of the replicas are made of molded ABS, offering high resistance.<\/li>\n<li>Wood chosen for its beauty and durability, such as mahogany, olive or walnut, will give your butts and barrels an elegant, authentic appearance.<\/li>\n<\/ul>\n<p>Please note that all Denix reproductions are identical to the originals, like your <strong>Austrian Tromblon 18\u1d49<\/strong>.<\/p>","protected":false},"excerpt":{"rendered":"<p>Austrian trombone 18\u1d49 century.<\/p>\n<ul>\n<li>Solid wood stock and barrel with floral decoration plate.<\/li>\n<li>Engraved Zamac mechanism and barrel.<\/li>\n<li>Guns and strikes.<\/li>\n<li>Unfit for shooting.<\/li>\n<li>No authorization required. Free sale and possession<\/li>\n<li>Length: 39 cm - Weight: 690 g<\/li>\n<\/ul>","protected":false},"featured_media":26159,"template":"","meta":[],"product_brand":[896],"product_cat":[25,52,37,83,28],"product_tag":[],"class_list":{"0":"post-26158","1":"product","2":"type-product","3":"status-publish","4":"has-post-thumbnail","6":"product_brand-replique-manga-cine","7":"product_cat-armes-historiques","8":"product_cat-pistolet-ancien","9":"product_cat-premier-empire","10":"product_cat-replique-d-armes-1er-empire","11":"product_cat-repliques-darmes","13":"first","14":"outofstock","15":"taxable","16":"shipping-taxable","17":"purchasable","18":"product-type-simple"},"yoast_head":"<!-- This site is optimized with the Yoast SEO plugin v27.5 - https:\/\/yoast.com\/product\/yoast-seo-wordpress\/ -->\n<title>Tromblon Autrichien 18\u1d49 - Blunderbuss - R\u00e9plique Manga Cin\u00e9<\/title>\n<meta name=\"description\" content=\"D\u00e9couvrez ce Tromblon Autrichien 18\u1d49 au meilleur prix - Tout en bois massif - M\u00e9canisme fonctionnel en m\u00e9tal avec gravures - Simulation de tirs - 39 cm\" \/>\n<meta name=\"robots\" content=\"index, follow, max-snippet:-1, max-image-preview:large, max-video-preview:-1\" \/>\n<link rel=\"canonical\" href=\"https:\/\/repliquemangacine.fr\/en\/replica-weapons-1st-empire\/18th-century-austrian-flintlock-blunderbuss\/\" \/>\n<meta property=\"og:locale\" content=\"en_US\" \/>\n<meta property=\"og:type\" content=\"article\" \/>\n<meta property=\"og:title\" content=\"Tromblon Autrichien 18\u1d49 - Blunderbuss - R\u00e9plique Manga Cin\u00e9\" \/>\n<meta property=\"og:description\" content=\"D\u00e9couvrez ce Tromblon Autrichien 18\u1d49 au meilleur prix - Tout en bois massif - M\u00e9canisme fonctionnel en m\u00e9tal avec gravures - Simulation de tirs - 39 cm\" \/>\n<meta property=\"og:url\" content=\"https:\/\/repliquemangacine.fr\/en\/replica-weapons-1st-empire\/18th-century-austrian-flintlock-blunderbuss\/\" \/>\n<meta property=\"og:site_name\" content=\"R\u00e9plique Manga Cin\u00e9\" \/>\n<meta property=\"article:publisher\" content=\"https:\/\/www.facebook.com\/RepliqueMangaCine\" \/>\n<meta property=\"article:modified_time\" content=\"2026-04-20T20:58:05+00:00\" \/>\n<meta property=\"og:image\" content=\"https:\/\/repliquemangacine.fr\/wp-content\/uploads\/2023\/10\/868-Tromblon-Flintlock-Autrichien-18eme-Siecle.jpg\" \/>\n\t<meta property=\"og:image:width\" content=\"800\" \/>\n\t<meta property=\"og:image:height\" content=\"800\" \/>\n\t<meta property=\"og:image:type\" content=\"image\/jpeg\" \/>\n<meta name=\"twitter:card\" content=\"summary_large_image\" \/>\n<meta name=\"twitter:label1\" content=\"Est. reading time\" \/>\n\t<meta name=\"twitter:data1\" content=\"2 minutes\" \/>\n<script type=\"application\/ld+json\" class=\"yoast-schema-graph\">{\"@context\":\"https:\\\/\\\/schema.org\",\"@graph\":[{\"@type\":\"WebPage\",\"@id\":\"https:\\\/\\\/repliquemangacine.fr\\\/replique-d-armes-1er-empire\\\/tromblon-flintlock-autrichien-18eme-siecle\\\/\",\"url\":\"https:\\\/\\\/repliquemangacine.fr\\\/replique-d-armes-1er-empire\\\/tromblon-flintlock-autrichien-18eme-siecle\\\/\",\"name\":\"Tromblon Autrichien 18\u1d49 - Blunderbuss - R\u00e9plique Manga Cin\u00e9\",\"isPartOf\":{\"@id\":\"https:\\\/\\\/repliquemangacine.fr\\\/#website\"},\"primaryImageOfPage\":{\"@id\":\"https:\\\/\\\/repliquemangacine.fr\\\/replique-d-armes-1er-empire\\\/tromblon-flintlock-autrichien-18eme-siecle\\\/#primaryimage\"},\"image\":{\"@id\":\"https:\\\/\\\/repliquemangacine.fr\\\/replique-d-armes-1er-empire\\\/tromblon-flintlock-autrichien-18eme-siecle\\\/#primaryimage\"},\"thumbnailUrl\":\"https:\\\/\\\/repliquemangacine.fr\\\/wp-content\\\/uploads\\\/2023\\\/10\\\/868-Tromblon-Flintlock-Autrichien-18eme-Siecle.jpg\",\"datePublished\":\"2016-11-10T14:05:42+00:00\",\"dateModified\":\"2026-04-20T20:58:05+00:00\",\"description\":\"D\u00e9couvrez ce Tromblon Autrichien 18\u1d49 au meilleur prix - Tout en bois massif - M\u00e9canisme fonctionnel en m\u00e9tal avec gravures - Simulation de tirs - 39 cm\",\"breadcrumb\":{\"@id\":\"https:\\\/\\\/repliquemangacine.fr\\\/replique-d-armes-1er-empire\\\/tromblon-flintlock-autrichien-18eme-siecle\\\/#breadcrumb\"},\"inLanguage\":\"en-US\",\"potentialAction\":[{\"@type\":\"ReadAction\",\"target\":[\"https:\\\/\\\/repliquemangacine.fr\\\/replique-d-armes-1er-empire\\\/tromblon-flintlock-autrichien-18eme-siecle\\\/\"]}]},{\"@type\":\"ImageObject\",\"inLanguage\":\"en-US\",\"@id\":\"https:\\\/\\\/repliquemangacine.fr\\\/replique-d-armes-1er-empire\\\/tromblon-flintlock-autrichien-18eme-siecle\\\/#primaryimage\",\"url\":\"https:\\\/\\\/repliquemangacine.fr\\\/wp-content\\\/uploads\\\/2023\\\/10\\\/868-Tromblon-Flintlock-Autrichien-18eme-Siecle.jpg\",\"contentUrl\":\"https:\\\/\\\/repliquemangacine.fr\\\/wp-content\\\/uploads\\\/2023\\\/10\\\/868-Tromblon-Flintlock-Autrichien-18eme-Siecle.jpg\",\"width\":800,\"height\":800,\"caption\":\"Tromblon Flintlock Autrichien 18\u00e8me Si\u00e8cle\"},{\"@type\":\"BreadcrumbList\",\"@id\":\"https:\\\/\\\/repliquemangacine.fr\\\/replique-d-armes-1er-empire\\\/tromblon-flintlock-autrichien-18eme-siecle\\\/#breadcrumb\",\"itemListElement\":[{\"@type\":\"ListItem\",\"position\":1,\"name\":\"Accueil\",\"item\":\"https:\\\/\\\/repliquemangacine.fr\\\/\"},{\"@type\":\"ListItem\",\"position\":2,\"name\":\"Produits\",\"item\":\"https:\\\/\\\/repliquemangacine.fr\\\/boutique\\\/\"},{\"@type\":\"ListItem\",\"position\":3,\"name\":\"Tromblon Flintlock Autrichien 18\u00e8me Si\u00e8cle\"}]},{\"@type\":\"WebSite\",\"@id\":\"https:\\\/\\\/repliquemangacine.fr\\\/#website\",\"url\":\"https:\\\/\\\/repliquemangacine.fr\\\/\",\"name\":\"R\u00e9plique Manga Cin\u00e9\",\"description\":\"\",\"publisher\":{\"@id\":\"https:\\\/\\\/repliquemangacine.fr\\\/#organization\"},\"potentialAction\":[{\"@type\":\"SearchAction\",\"target\":{\"@type\":\"EntryPoint\",\"urlTemplate\":\"https:\\\/\\\/repliquemangacine.fr\\\/?s={search_term_string}\"},\"query-input\":{\"@type\":\"PropertyValueSpecification\",\"valueRequired\":true,\"valueName\":\"search_term_string\"}}],\"inLanguage\":\"en-US\"},{\"@type\":\"Organization\",\"@id\":\"https:\\\/\\\/repliquemangacine.fr\\\/#organization\",\"name\":\"R\u00e9plique Manga Cin\u00e9\",\"url\":\"https:\\\/\\\/repliquemangacine.fr\\\/\",\"logo\":{\"@type\":\"ImageObject\",\"inLanguage\":\"en-US\",\"@id\":\"https:\\\/\\\/repliquemangacine.fr\\\/#\\\/schema\\\/logo\\\/image\\\/\",\"url\":\"https:\\\/\\\/repliquemangacine.fr\\\/wp-content\\\/uploads\\\/2023\\\/10\\\/RMC-500250.png\",\"contentUrl\":\"https:\\\/\\\/repliquemangacine.fr\\\/wp-content\\\/uploads\\\/2023\\\/10\\\/RMC-500250.png\",\"width\":500,\"height\":250,\"caption\":\"R\u00e9plique Manga Cin\u00e9\"},\"image\":{\"@id\":\"https:\\\/\\\/repliquemangacine.fr\\\/#\\\/schema\\\/logo\\\/image\\\/\"},\"sameAs\":[\"https:\\\/\\\/www.facebook.com\\\/RepliqueMangaCine\",\"https:\\\/\\\/www.instagram.com\\\/repliquemangacine.fr\\\/\"]}]}<\/script>\n<!-- \/ Yoast SEO plugin. -->","yoast_head_json":{"title":"Austrian Tromblon 18\u1d49 - Blunderbuss - R\u00e9plique Manga Cin\u00e9","description":"Discover this Austrian 18\u1d49 Tromblon at the best price - All solid wood - Functional metal mechanism with engravings - Shooting simulation - 39 cm","robots":{"index":"index","follow":"follow","max-snippet":"max-snippet:-1","max-image-preview":"max-image-preview:large","max-video-preview":"max-video-preview:-1"},"canonical":"https:\/\/repliquemangacine.fr\/en\/replica-weapons-1st-empire\/18th-century-austrian-flintlock-blunderbuss\/","og_locale":"en_US","og_type":"article","og_title":"Tromblon Autrichien 18\u1d49 - Blunderbuss - R\u00e9plique Manga Cin\u00e9","og_description":"D\u00e9couvrez ce Tromblon Autrichien 18\u1d49 au meilleur prix - Tout en bois massif - M\u00e9canisme fonctionnel en m\u00e9tal avec gravures - Simulation de tirs - 39 cm","og_url":"https:\/\/repliquemangacine.fr\/en\/replica-weapons-1st-empire\/18th-century-austrian-flintlock-blunderbuss\/","og_site_name":"R\u00e9plique Manga Cin\u00e9","article_publisher":"https:\/\/www.facebook.com\/RepliqueMangaCine","article_modified_time":"2026-04-20T20:58:05+00:00","og_image":[{"width":800,"height":800,"url":"https:\/\/repliquemangacine.fr\/wp-content\/uploads\/2023\/10\/868-Tromblon-Flintlock-Autrichien-18eme-Siecle.jpg","type":"image\/jpeg"}],"twitter_card":"summary_large_image","twitter_misc":{"Est. reading time":"2 minutes"},"schema":{"@context":"https:\/\/schema.org","@graph":[{"@type":"WebPage","@id":"https:\/\/repliquemangacine.fr\/replique-d-armes-1er-empire\/tromblon-flintlock-autrichien-18eme-siecle\/","url":"https:\/\/repliquemangacine.fr\/replique-d-armes-1er-empire\/tromblon-flintlock-autrichien-18eme-siecle\/","name":"Austrian Tromblon 18\u1d49 - Blunderbuss - R\u00e9plique Manga Cin\u00e9","isPartOf":{"@id":"https:\/\/repliquemangacine.fr\/#website"},"primaryImageOfPage":{"@id":"https:\/\/repliquemangacine.fr\/replique-d-armes-1er-empire\/tromblon-flintlock-autrichien-18eme-siecle\/#primaryimage"},"image":{"@id":"https:\/\/repliquemangacine.fr\/replique-d-armes-1er-empire\/tromblon-flintlock-autrichien-18eme-siecle\/#primaryimage"},"thumbnailUrl":"https:\/\/repliquemangacine.fr\/wp-content\/uploads\/2023\/10\/868-Tromblon-Flintlock-Autrichien-18eme-Siecle.jpg","datePublished":"2016-11-10T14:05:42+00:00","dateModified":"2026-04-20T20:58:05+00:00","description":"Discover this Austrian 18\u1d49 Tromblon at the best price - All solid wood - Functional metal mechanism with engravings - Shooting simulation - 39 cm","breadcrumb":{"@id":"https:\/\/repliquemangacine.fr\/replique-d-armes-1er-empire\/tromblon-flintlock-autrichien-18eme-siecle\/#breadcrumb"},"inLanguage":"en-US","potentialAction":[{"@type":"ReadAction","target":["https:\/\/repliquemangacine.fr\/replique-d-armes-1er-empire\/tromblon-flintlock-autrichien-18eme-siecle\/"]}]},{"@type":"ImageObject","inLanguage":"en-US","@id":"https:\/\/repliquemangacine.fr\/replique-d-armes-1er-empire\/tromblon-flintlock-autrichien-18eme-siecle\/#primaryimage","url":"https:\/\/repliquemangacine.fr\/wp-content\/uploads\/2023\/10\/868-Tromblon-Flintlock-Autrichien-18eme-Siecle.jpg","contentUrl":"https:\/\/repliquemangacine.fr\/wp-content\/uploads\/2023\/10\/868-Tromblon-Flintlock-Autrichien-18eme-Siecle.jpg","width":800,"height":800,"caption":"Tromblon Flintlock Autrichien 18\u00e8me Si\u00e8cle"},{"@type":"BreadcrumbList","@id":"https:\/\/repliquemangacine.fr\/replique-d-armes-1er-empire\/tromblon-flintlock-autrichien-18eme-siecle\/#breadcrumb","itemListElement":[{"@type":"ListItem","position":1,"name":"Accueil","item":"https:\/\/repliquemangacine.fr\/"},{"@type":"ListItem","position":2,"name":"Produits","item":"https:\/\/repliquemangacine.fr\/boutique\/"},{"@type":"ListItem","position":3,"name":"Tromblon Flintlock Autrichien 18\u00e8me Si\u00e8cle"}]},{"@type":"WebSite","@id":"https:\/\/repliquemangacine.fr\/#website","url":"https:\/\/repliquemangacine.fr\/","name":"R\u00e9plique Manga Cin\u00e9","description":"","publisher":{"@id":"https:\/\/repliquemangacine.fr\/#organization"},"potentialAction":[{"@type":"SearchAction","target":{"@type":"EntryPoint","urlTemplate":"https:\/\/repliquemangacine.fr\/?s={search_term_string}"},"query-input":{"@type":"PropertyValueSpecification","valueRequired":true,"valueName":"search_term_string"}}],"inLanguage":"en-US"},{"@type":"Organization","@id":"https:\/\/repliquemangacine.fr\/#organization","name":"R\u00e9plique Manga Cin\u00e9","url":"https:\/\/repliquemangacine.fr\/","logo":{"@type":"ImageObject","inLanguage":"en-US","@id":"https:\/\/repliquemangacine.fr\/#\/schema\/logo\/image\/","url":"https:\/\/repliquemangacine.fr\/wp-content\/uploads\/2023\/10\/RMC-500250.png","contentUrl":"https:\/\/repliquemangacine.fr\/wp-content\/uploads\/2023\/10\/RMC-500250.png","width":500,"height":250,"caption":"R\u00e9plique Manga Cin\u00e9"},"image":{"@id":"https:\/\/repliquemangacine.fr\/#\/schema\/logo\/image\/"},"sameAs":["https:\/\/www.facebook.com\/RepliqueMangaCine","https:\/\/www.instagram.com\/repliquemangacine.fr\/"]}]}},"_links":{"self":[{"href":"https:\/\/repliquemangacine.fr\/en\/wp-json\/wp\/v2\/product\/26158","targetHints":{"allow":["GET"]}}],"collection":[{"href":"https:\/\/repliquemangacine.fr\/en\/wp-json\/wp\/v2\/product"}],"about":[{"href":"https:\/\/repliquemangacine.fr\/en\/wp-json\/wp\/v2\/types\/product"}],"wp:featuredmedia":[{"embeddable":true,"href":"https:\/\/repliquemangacine.fr\/en\/wp-json\/wp\/v2\/media\/26159"}],"wp:attachment":[{"href":"https:\/\/repliquemangacine.fr\/en\/wp-json\/wp\/v2\/media?parent=26158"}],"wp:term":[{"taxonomy":"product_brand","embeddable":true,"href":"https:\/\/repliquemangacine.fr\/en\/wp-json\/wp\/v2\/product_brand?post=26158"},{"taxonomy":"product_cat","embeddable":true,"href":"https:\/\/repliquemangacine.fr\/en\/wp-json\/wp\/v2\/product_cat?post=26158"},{"taxonomy":"product_tag","embeddable":true,"href":"https:\/\/repliquemangacine.fr\/en\/wp-json\/wp\/v2\/product_tag?post=26158"}],"curies":[{"name":"wp","href":"https:\/\/api.w.org\/{rel}","templated":true}]}}